{"id":10602,"date":"2025-07-02T07:35:29","date_gmt":"2025-07-02T07:35:29","guid":{"rendered":"https:\/\/shopvapor.de\/?post_type=product&#038;p=10602"},"modified":"2025-07-15T03:55:13","modified_gmt":"2025-07-15T03:55:13","slug":"waspe-12000-12k-%e3%83%91%e3%83%95-20ml-%e4%bd%bf%e3%81%84%e6%8d%a8%e3%81%a6-e-%e3%82%bf%e3%83%90%e3%82%b3-%e3%82%aa%e3%83%aa%e3%82%b8%e3%83%8a%e3%83%ab","status":"publish","type":"product","link":"https:\/\/shopvapor.de\/ja\/product\/waspe-12000-12k-%e3%83%91%e3%83%95-20ml-%e4%bd%bf%e3%81%84%e6%8d%a8%e3%81%a6-e-%e3%82%bf%e3%83%90%e3%82%b3-%e3%82%aa%e3%83%aa%e3%82%b8%e3%83%8a%e3%83%ab\/","title":{"rendered":"WASPE 12000 12K \u30d1\u30d5 20ml \u4f7f\u3044\u6368\u3066\u96fb\u5b50\u30bf\u30d0\u30b3 \u30aa\u30ea\u30b8\u30ca\u30eb"},"content":{"rendered":"<h2>WASPE 12000 \u4f7f\u3044\u6368\u3066\u96fb\u5b50\u30bf\u30d0\u30b3\u306e\u3054\u7d39\u4ecb<\/h2>\n<p>WASPE 12000 \u4f7f\u3044\u6368\u3066\u96fb\u5b50\u30bf\u30d0\u30b3\u306f\u3001\u4fe1\u983c\u6027\u304c\u9ad8\u304f\u4e0a\u54c1\u306a\u55ab\u7159\u4f53\u9a13\u3092\u6c42\u3081\u308b\u3059\u3079\u3066\u306e\u4eba\u306b\u5411\u3051\u3066\u3001\u54c1\u8cea\u3068\u4f7f\u3044\u3084\u3059\u3055\u3092\u8868\u3057\u3066\u3044\u307e\u3059\u3002 \u6700\u5927 12,000 \u5217\u306e\u5217\u8eca\u306e\u9a5a\u7570\u7684\u306a\u5bb9\u91cf\u3092\u6301\u3064\u3053\u306e\u30c7\u30d0\u30a4\u30b9\u306f\u3001\u6700\u65b0\u306e\u30c7\u30b6\u30a4\u30f3\u3068\u9ad8\u5ea6\u306a\u30c6\u30af\u30ce\u30ed\u30b8\u30fc\u3092\u7d44\u307f\u5408\u308f\u305b\u3066\u3001\u521d\u5fc3\u8005\u3084\u7d4c\u9a13\u8c4a\u5bcc\u306a\u30e6\u30fc\u30b6\u30fc\u306e\u4e21\u65b9\u306b\u5bfe\u5fdc\u3057\u307e\u3059\u3002 WASPE \u30d6\u30e9\u30f3\u30c9\u306f\u3001\u305d\u306e\u7cbe\u5bc6\u306a\u6280\u91cf\u3068\u9ad8\u54c1\u8cea\u306e\u7d20\u6750\u306e\u4f7f\u7528\u3067\u77e5\u3089\u308c\u3066\u304a\u308a\u3001\u3053\u306e\u88fd\u54c1\u306f\u4f7f\u3044\u6368\u3066\u96fb\u5b50\u30bf\u30d0\u30b3\u306e\u5206\u91ce\u3067\u4e00\u6d41\u306e\u9078\u629e\u80a2\u3068\u306a\u3063\u3066\u3044\u307e\u3059\u3002 \u6bce\u65e5\u306e\u4f7f\u7528\u3067\u3082\u7279\u5225\u306a\u77ac\u9593\u3067\u3082\u3001Waspe 12000 \u306f\u5f37\u70c8\u306a\u5473\u308f\u3044\u3067\u6700\u9ad8\u306e\u5feb\u9069\u3055\u3092\u63d0\u4f9b\u3057\u307e\u3059\u3002<\/p>\n<h2>WAPE 12000 \u306e\u88fd\u54c1\u30d1\u30e9\u30e1\u30fc\u30bf<\/h2>\n<p>WASPE 12000 \u306b\u306f\u3001\u9577\u6301\u3061\u3059\u308b\u5341\u5206\u306a\u55ab\u7159\u4f53\u9a13\u3092\u4fdd\u8a3c\u3059\u308b\u6280\u8853\u7684\u7279\u6027\u304c\u88c5\u5099\u3055\u308c\u3066\u3044\u307e\u3059\u3002 \u3053\u306e\u88fd\u54c1\u306e\u9577\u6240\u3068\u5229\u70b9\u3092\u8aac\u660e\u3059\u308b\u305f\u3081\u306e\u91cd\u8981\u306a\u30d1\u30e9\u30e1\u30fc\u30bf\u306f\u6b21\u306e\u3068\u304a\u308a\u3067\u3059\u3002<\/p>\n<h3>\u96fb\u5b50\u6db2\u4f53\u5bb9\u91cf: 20ml<\/h3>\n<p>WASPE 12000 \u306b\u306f\u300120 mL \u306e\u5927\u91cf\u306e\u96fb\u5b50\u6db2\u4f53\u30bf\u30f3\u30af\u304c\u3042\u308a\u307e\u3059\u3002 \u3053\u306e\u5927\u5bb9\u91cf\u306b\u3088\u308a\u3001\u88dc\u5145\u3092\u5fc5\u8981\u3068\u305b\u305a\u306b\u4f55\u5343\u3082\u306e\u5217\u8eca\u3092\u697d\u3057\u3080\u3053\u3068\u304c\u3067\u304d\u307e\u3059\u3002 \u5229\u70b9\u306f\u3001\u9577\u5bff\u547d\u3067\u3042\u308a\u3001\u983b\u7e41\u306b\u4f7f\u7528\u3059\u308b\u30e6\u30fc\u30b6\u30fc\u306b\u3068\u3063\u3066\u306f\u7279\u306b\u5b9f\u7528\u7684\u3067\u3042\u308a\u3001\u4e2d\u65ad\u3059\u308b\u3053\u3068\u306a\u304f\u7d99\u7d9a\u7684\u306a\u4f53\u9a13\u3092\u63d0\u4f9b\u3057\u307e\u3059\u3002<\/p>\n<h3>\u5217\u8eca\u306e\u5b9a\u54e1: \u6700\u5927 12,000 \u5217\u306e\u5217\u8eca<\/h3>\n<p>\u6700\u5927 12,000 \u5217\u306e\u5217\u8eca\u306e\u5bb9\u91cf\u3092\u6301\u3064 WASPE 12000 \u306f\u3001\u4f7f\u3044\u6368\u3066\u96fb\u5b50\u30bf\u30d0\u30b3\u306e\u30ab\u30c6\u30b4\u30ea\u30fc\u306b\u57fa\u6e96\u3092\u8a2d\u5b9a\u3057\u307e\u3059\u3002 \u3053\u306e\u6570\u306e\u5217\u8eca\u306f\u3001\u9577\u671f\u9593\u306e\u4f7f\u7528\u3092\u4fdd\u8a3c\u3057\u3001\u30c7\u30d0\u30a4\u30b9\u306e\u4ea4\u63db\u983b\u5ea6\u3092\u6e1b\u3089\u3057\u3001\u5b9f\u7528\u7684\u304b\u3064\u8cbb\u7528\u5bfe\u52b9\u679c\u304c\u9ad8\u304f\u306a\u308a\u307e\u3059\u3002<\/p>\n<h3>\u30d0\u30c3\u30c6\u30ea\u30fc\u5bb9\u91cf: Type-C \u5145\u96fb\u6a5f\u80fd\u4ed8\u304d 650 mAh<\/h3>\n<p>\u5f37\u529b\u306a 650 mAh \u30d0\u30c3\u30c6\u30ea\u30fc\u304c WASPE 12000 \u306b\u78ba\u5b9f\u306b\u30a8\u30cd\u30eb\u30ae\u30fc\u3092\u4f9b\u7d66\u3057\u307e\u3059\u3002 Type-C \u306e\u7d71\u5408\u6a5f\u80fd\u306b\u3088\u308a\u3001\u30d0\u30c3\u30c6\u30ea\u30fc\u306f\u8fc5\u901f\u304b\u3064\u52b9\u7387\u7684\u306b\u5145\u96fb\u3067\u304d\u308b\u305f\u3081\u3001\u5bff\u547d\u304c\u5ef6\u3073\u307e\u3059\u3002 \u6700\u65b0\u306e Type-C \u63a5\u7d9a\u306f\u5e83\u304f\u4f7f\u7528\u3055\u308c\u3066\u304a\u308a\u3001\u5916\u51fa\u5148\u3067\u3082\u7c21\u5358\u306b\u5145\u96fb\u3067\u304d\u307e\u3059\u3002<\/p>\n<h3>\u30cb\u30b3\u30c1\u30f3\u5f37\u5ea6: 0 %\u30012 %\u30013 %\u30015 %<\/h3>\n<p>WASPE 12000 \u306f\u3001\u30e6\u30fc\u30b6\u30fc\u306e\u500b\u3005\u306e\u30cb\u30fc\u30ba\u3092\u6e80\u305f\u3059\u305f\u3081\u306b\u3001\u3055\u307e\u3056\u307e\u306a\u30cb\u30b3\u30c1\u30f3\u5f37\u5ea6 (0 %\u30012 %\u30013 %\u30015 %) \u3067\u5229\u7528\u3067\u304d\u307e\u3059\u3002 \u3053\u306e\u67d4\u8edf\u6027\u306b\u3088\u308a\u3001\u30ab\u30b8\u30e5\u30a2\u30eb \u30e6\u30fc\u30b6\u30fc\u5411\u3051\u306e\u30cb\u30b3\u30c1\u30f3\u30d5\u30ea\u30fc \u30aa\u30d7\u30b7\u30e7\u30f3\u3068\u3001\u7d4c\u9a13\u8c4a\u5bcc\u306a\u55ab\u7159\u8005\u5411\u3051\u306e\u3088\u308a\u5f37\u529b\u306a\u30d0\u30ea\u30a8\u30fc\u30b7\u30e7\u30f3\u306e\u4e21\u65b9\u304c\u53ef\u80fd\u306b\u306a\u308a\u3001\u500b\u4eba\u306e\u597d\u307f\u306b\u7c21\u5358\u306b\u9069\u5fdc\u3067\u304d\u307e\u3059\u3002<\/p>\n<h3>\u30e1\u30c3\u30b7\u30e5\u30b3\u30a4\u30eb\u6280\u8853: 0.8 \u30aa\u30fc\u30e0<\/h3>\n<p>\u9ad8\u5ea6\u306a 0.8 \u30aa\u30fc\u30e0 \u30e1\u30c3\u30b7\u30e5 \u30b3\u30a4\u30eb\u6280\u8853\u306b\u3088\u308a\u3001\u96fb\u5b50\u6db2\u4f53\u304c\u5747\u7b49\u306b\u52a0\u71b1\u3055\u308c\u3001\u5f37\u70c8\u306a\u30d5\u30ec\u30fc\u30d0\u30fc\u3068\u9ad8\u5bc6\u5ea6\u306e\u84b8\u6c17\u751f\u6210\u304c\u5b9f\u73fe\u3057\u307e\u3059\u3002 \u3053\u306e\u6280\u8853\u306b\u3088\u308a\u3001\u52b9\u7387\u304c\u5411\u4e0a\u3057\u3001\u3059\u3079\u3066\u306e\u5217\u8eca\u3067\u4e00\u8cab\u3057\u305f\u55ab\u7159\u4f53\u9a13\u304c\u4fdd\u8a3c\u3055\u308c\u307e\u3059\u3002<\/p>\n<h3>RGB\u30e9\u30a4\u30c8\u30c7\u30b6\u30a4\u30f3<\/h3>\n<p>\u30e6\u30cb\u30fc\u30af\u306a RGB \u30e9\u30a4\u30c8 \u30c7\u30b6\u30a4\u30f3\u306f\u3001WASPE 12000 \u306b\u30e2\u30c0\u30f3\u3067\u9b45\u529b\u7684\u306a\u5916\u89b3\u3092\u4e0e\u3048\u307e\u3059\u3002 \u8272\u4ed8\u304d\u306e\u5149\u306e\u52b9\u679c\u306f\u3001\u30d5\u30ec\u30fc\u30d0\u30fc\u306b\u3088\u3063\u3066\u7570\u306a\u308a\u3001\u30c7\u30d0\u30a4\u30b9\u306e\u7f8e\u7684\u4fa1\u5024\u3092\u9ad8\u3081\u307e\u3059\u3002 \u3053\u306e\u6a5f\u80fd\u306b\u3088\u308a\u3001\u6a5f\u80fd\u3060\u3051\u3067\u306a\u304f\u3001\u8996\u899a\u7684\u306b\u3082\u9b45\u529b\u7684\u306b\u306a\u308a\u307e\u3059\u3002<\/p>\n<h3>\u5217\u8eca\u306e\u30a2\u30af\u30c6\u30a3\u30d9\u30fc\u30b7\u30e7\u30f3\u3068 MTL \u30b9\u30bf\u30a4\u30eb<\/h3>\n<p>WASPE 12000 \u306b\u306f\u3001\u30dc\u30bf\u30f3\u306a\u3057\u3067\u7c21\u5358\u304b\u3064\u76f4\u611f\u7684\u306b\u64cd\u4f5c\u3067\u304d\u308b\u3001\u5217\u8eca\u3067\u4f5c\u52d5\u3059\u308b\u6280\u8853\u304c\u88c5\u5099\u3055\u308c\u3066\u3044\u307e\u3059\u3002 \u53e3\u304b\u3089\u80ba (MTL) \u30b9\u30bf\u30a4\u30eb\u306f\u3001\u5f93\u6765\u306e\u30bf\u30d0\u30b3\u3092\u5438\u3046\u611f\u899a\u3092\u30b7\u30df\u30e5\u30ec\u30fc\u30c8\u3057\u307e\u3059\u3002\u3053\u308c\u306f\u3001\u305f\u3070\u3053\u88fd\u54c1\u306b\u5207\u308a\u66ff\u3048\u308b\u30bf\u30d0\u30b3\u88fd\u54c1\u306b\u6700\u9069\u3067\u3059\u3002<\/p>\n<h2>\u30ef\u30b9\u30d7 12000 \u306e\u3055\u307e\u3056\u307e\u306a\u30d5\u30ec\u30fc\u30d0\u30fc<\/h2>\n<p>WASPE 12000 \u306f\u3001\u3042\u3089\u3086\u308b\u5473\u306b\u5408\u3046\u5e45\u5e83\u3044\u30d5\u30ec\u30fc\u30d0\u30fc\u3092\u63d0\u4f9b\u3057\u307e\u3059\u3002 \u5404\u30dc\u30c3\u30af\u30b9\u306b\u306f\u3001\u5473\u304c\u5747\u4e00\u306a 10 \u53f0\u306e\u30c7\u30d0\u30a4\u30b9\u304c\u542b\u307e\u308c\u3066\u304a\u308a\u3001\u8fc5\u901f\u304b\u3064\u7c21\u5358\u306a\u914d\u9001\u304c\u53ef\u80fd\u3067\u3059\u3002 \u5229\u7528\u53ef\u80fd\u306a\u30d5\u30ec\u30fc\u30d0\u30fc\u306f\u6b21\u306e\u3068\u304a\u308a\u3067\u3059\u3002<\/p>\n<ul>\n<li>\u30e9\u30f3\u30c0\u30e0\u306a\u30d5\u30ec\u30fc\u30d0\u30fc (\u30e9\u30f3\u30c0\u30e0\u9078\u629e)<\/li>\n<li>\u30d6\u30eb\u30fc\u30d9\u30ea\u30fc\u30fb\u30e9\u30ba\u30d9\u30ea\u30fc<\/li>\n<li>\u30d6\u30eb\u30fc\u30d9\u30ea\u30fc\u306e\u6c37<\/li>\n<li>\u30de\u30f3\u30b4\u30fc\u30a2\u30a4\u30b9<\/li>\n<li>\u30b9\u30a4\u30ab\u306e\u6c37<\/li>\n<li>\u30b0\u30ec\u30fc\u30d7\u30a2\u30a4\u30b9<\/li>\n<li>\u30b9\u30c8\u30ed\u30d9\u30ea\u30fc\u30fb\u30ad\u30a6\u30a4<\/li>\n<li>\u30b9\u30c8\u30ed\u30d9\u30ea\u30fc\u30de\u30f3\u30b4\u30fc<\/li>\n<li>\u30b9\u30c8\u30ed\u30d9\u30ea\u30fc\u30fb\u30b9\u30a4\u30ab<\/li>\n<li>\u30b8\u30e5\u30fc\u30b7\u30fc\u30d4\u30fc\u30c1\u30d1\u30a4\u30ca\u30c3\u30d7\u30eb<\/li>\n<li>\u30b9\u30c8\u30ed\u30d9\u30ea\u30fc\u30d4\u30bf\u30e4 \u30ec\u30e2\u30cd\u30fc\u30c9<\/li>\n<li>\u30b9\u30c8\u30ed\u30d9\u30ea\u30fc\u30e9\u30ba\u30d9\u30ea\u30fc\u30c1\u30a7\u30ea\u30fc<\/li>\n<li>\u30ad\u30a6\u30a4\u30e9\u30a4\u30e0<\/li>\n<\/ul>\n<p>\u3053\u306e\u54c1\u7a2e\u306b\u3088\u308a\u3001\u30e6\u30fc\u30b6\u30fc\u306f\u65b0\u3057\u3044\u30d5\u30ec\u30fc\u30d0\u30fc\u3092\u767a\u898b\u3057\u305f\u308a\u3001\u304a\u6c17\u306b\u5165\u308a\u306e\u30d5\u30ec\u30fc\u30d0\u30fc\u3092\u697d\u3057\u3093\u3060\u308a\u3059\u308b\u3053\u3068\u304c\u3067\u304d\u3001WASPE 12000 \u306f\u7279\u306b\u7528\u9014\u304c\u5e83\u3044\u3067\u3059\u3002<\/p>\n<div id=\"attachment_11809\" style=\"width: 810px\" class=\"wp-caption alignnone\"><img fetchpriority=\"high\" decoding=\"async\" aria-describedby=\"caption-attachment-11809\" class=\"wp-image-11809 size-full\" title=\"WASPE 12000 12K \u30d1\u30d5\" src=\"https:\/\/shopvapor.de\/wp-content\/uploads\/2025\/07\/WASPE-12000-12K-Puffs.jpg\" alt=\"WASPE 12000 12K \u30d1\u30d5\" width=\"800\" height=\"800\" srcset=\"https:\/\/shopvapor.de\/wp-content\/uploads\/2025\/07\/WASPE-12000-12K-Puffs.jpg 800w, https:\/\/shopvapor.de\/wp-content\/uploads\/2025\/07\/WASPE-12000-12K-Puffs-300x300.jpg 300w, https:\/\/shopvapor.de\/wp-content\/uploads\/2025\/07\/WASPE-12000-12K-Puffs-150x150.jpg 150w, https:\/\/shopvapor.de\/wp-content\/uploads\/2025\/07\/WASPE-12000-12K-Puffs-768x768.jpg 768w, https:\/\/shopvapor.de\/wp-content\/uploads\/2025\/07\/WASPE-12000-12K-Puffs-430x430.jpg 430w, https:\/\/shopvapor.de\/wp-content\/uploads\/2025\/07\/WASPE-12000-12K-Puffs-700x700.jpg 700w, https:\/\/shopvapor.de\/wp-content\/uploads\/2025\/07\/WASPE-12000-12K-Puffs-180x180.jpg 180w\" sizes=\"(max-width: 800px) 100vw, 800px\" \/><p id=\"caption-attachment-11809\" class=\"wp-caption-text\">\u00a0<\/p><\/div>\n<h2>\u3088\u304f\u3042\u308b\u8cea\u554f (FAQ) WASPE 12000\u306b\u3064\u3044\u3066<\/h2>\n<p>\u3053\u3053\u3067\u306f\u3001\u304a\u5ba2\u69d8\u304c WASPE 12000 \u4f7f\u3044\u6368\u3066\u96fb\u5b50\u30bf\u30d0\u30b3\u306b\u5bfe\u3057\u3066\u7279\u306b\u3088\u304f\u3042\u308b\u8cea\u554f\u306b\u7b54\u3048\u3001\u88fd\u54c1\u306e\u660e\u77ad\u3055\u3068\u4fe1\u983c\u3092\u751f\u307f\u51fa\u3057\u307e\u3059\u3002<\/p>\n<p><strong>WASPE 12000 \u30d0\u30c3\u30c6\u30ea\u30fc\u306e\u5bff\u547d\u306f?<\/strong><br \/>\nWASPE 12000 \u306e 650 mAh \u30d0\u30c3\u30c6\u30ea\u30fc\u306f\u300120 mL \u306e\u96fb\u5b50\u6db2\u4f53\u5bb9\u91cf\u3068\u7d44\u307f\u5408\u308f\u305b\u3066\u3001\u6700\u5927 12,000 \u5217\u306e\u5217\u8eca\u306e\u5168\u5bff\u547d\u3092\u30b5\u30dd\u30fc\u30c8\u3059\u308b\u3088\u3046\u306b\u8a2d\u8a08\u3055\u308c\u3066\u3044\u307e\u3059\u3002 \u96c6\u4e2d\u7684\u306b\u4f7f\u7528\u3059\u308b\u3068\u3001Type-C \u30dd\u30fc\u30c8\u306b\u3088\u308b\u6642\u6298\u306e\u5145\u96fb\u304c\u5fc5\u8981\u306b\u306a\u308b\u5834\u5408\u304c\u3042\u308a\u307e\u3059\u3002\u3053\u308c\u306f\u3001\u8fc5\u901f\u304b\u3064\u8907\u96d1\u3067\u3059\u3002<\/p>\n<p><strong>\u30d5\u30ec\u30fc\u30d0\u30fc\u3092\u7bb1\u306e\u4e2d\u3067\u6df7\u305c\u3066\u3082\u3044\u3044\u3067\u3059\u304b?<\/strong><br \/>\n\u3044\u3044\u3048\u3001WASPE 12000 \u306e\u5404\u30dc\u30c3\u30af\u30b9\u306b\u306f\u3001\u540c\u3058\u30d5\u30ec\u30fc\u30d0\u30fc\u306e\u30c7\u30d0\u30a4\u30b9\u304c 10 \u500b\u5165\u3063\u3066\u3044\u307e\u3059\u3002 \u3053\u308c\u306b\u3088\u308a\u3001\u4e00\u8cab\u3057\u305f\u54c1\u8cea\u304c\u78ba\u4fdd\u3055\u308c\u3001\u9806\u5e8f\u304c\u7c21\u7d20\u5316\u3055\u308c\u307e\u3059\u3002 \u3055\u307e\u3056\u307e\u306a\u30d5\u30ec\u30fc\u30d0\u30fc\u3092\u8a66\u3057\u3066\u307f\u305f\u3044\u5834\u5408\u306f\u3001\u7570\u306a\u308b\u30d5\u30ec\u30fc\u30d0\u30fc\u306e\u8907\u6570\u306e\u30dc\u30c3\u30af\u30b9\u3092\u6ce8\u6587\u3067\u304d\u307e\u3059\u3002<\/p>\n<p><strong>WASPE 12000 \u306f\u521d\u5fc3\u8005\u306b\u9069\u3057\u3066\u3044\u307e\u3059\u304b?<\/strong><br \/>\n\u306f\u3044\u3001WASPE 12000 \u306f\u3001\u5217\u8eca\u3067\u4f5c\u52d5\u3059\u308b\u305f\u3081\u3001\u8907\u96d1\u306a\u64cd\u4f5c\u3092\u5fc5\u8981\u3068\u3057\u306a\u3044\u305f\u3081\u3001\u521d\u5fc3\u8005\u306b\u6700\u9069\u3067\u3059\u3002 MTL \u30b9\u30bf\u30a4\u30eb\u3068\u30010 % \u3092\u542b\u3080\u30cb\u30b3\u30c1\u30f3\u306e\u5f37\u307f\u306e\u9078\u629e\u306b\u3088\u308a\u3001\u521d\u5fc3\u8005\u3084\u7d4c\u9a13\u8c4a\u5bcc\u306a\u30e6\u30fc\u30b6\u30fc\u306e\u4e21\u65b9\u306b\u3068\u3063\u3066\u9b45\u529b\u7684\u3067\u3059\u3002<\/p>\n<p><strong>\u4f7f\u7528\u5f8c\u3001WASP 12000 \u3092\u51e6\u5206\u3059\u308b\u306b\u306f\u3069\u3046\u3059\u308c\u3070\u3088\u3044\u3067\u3059\u304b?<\/strong><br \/>\nWAPE 12000 \u306f\u3001\u96fb\u6c60\u3092\u542b\u3080\u5730\u5143\u306e\u96fb\u5b50\u5ec3\u68c4\u7269\u306e\u898f\u5236\u306b\u5f93\u3063\u3066\u51e6\u5206\u3059\u308b\u5fc5\u8981\u304c\u3042\u308a\u307e\u3059\u3002 \u591a\u304f\u306e\u30a2\u30a6\u30c8\u30ec\u30c3\u30c8\u3084\u30ea\u30b5\u30a4\u30af\u30eb \u30bb\u30f3\u30bf\u30fc\u3067\u306f\u3001\u4f7f\u3044\u6368\u3066\u96fb\u5b50\u30bf\u30d0\u30b3\u306e\u56de\u53ce\u30dd\u30a4\u30f3\u30c8\u3092\u63d0\u4f9b\u3057\u3066\u3044\u307e\u3059\u3002 \u5bb6\u5ead\u306e\u30b4\u30df\u306b\u30c7\u30d0\u30a4\u30b9\u3092\u6295\u3052\u8fbc\u307e\u306a\u3044\u3067\u304f\u3060\u3055\u3044\u3002<\/p>\n<p><strong>RGB \u30e9\u30a4\u30c8\u304c\u70b9\u706f\u3057\u306a\u3044\u306e\u306f\u306a\u305c\u3067\u3059\u304b?<\/strong><br \/>\nRGB \u30e9\u30a4\u30c8\u304c\u6a5f\u80fd\u3057\u3066\u3044\u306a\u3044\u5834\u5408\u306f\u3001\u307e\u305a\u30d0\u30c3\u30c6\u30ea\u30fc\u304c\u5145\u96fb\u3055\u308c\u3066\u3044\u308b\u304b\u3069\u3046\u304b\u3092\u78ba\u8a8d\u3057\u3066\u304f\u3060\u3055\u3044\u3002 \u30d0\u30c3\u30c6\u30ea\u30fc\u6b8b\u91cf\u304c\u5c11\u306a\u3044\u3068\u3001\u30e9\u30a4\u30c8\u6a5f\u80fd\u306b\u5f71\u97ff\u3092\u4e0e\u3048\u308b\u53ef\u80fd\u6027\u304c\u3042\u308a\u307e\u3059\u3002 \u554f\u984c\u304c\u89e3\u6c7a\u3057\u306a\u3044\u5834\u5408\u306f\u3001[\u30ab\u30b9\u30bf\u30de\u30fc \u30b5\u30fc\u30d3\u30b9] \u306b\u9023\u7d61\u3057\u3066\u304f\u3060\u3055\u3044\u3002 \u30e1\u30fc\u30eb\u3067\u4fdd\u8b77\u3055\u308c\u3066\u3044\u307e\u3059] \u30b5\u30dd\u30fc\u30c8\u7528\u3002<\/p>\n<p><strong>\u30ef\u30b9\u30d7 12000 \u3092\u6a5f\u5185\u306b\u6301\u3061\u8fbc\u3081\u307e\u3059\u304b?<\/strong><br \/>\nWASP 12000 \u306a\u3069\u306e\u4f7f\u3044\u6368\u3066\u96fb\u5b50\u30bf\u30d0\u30b3\u306f\u3001\u901a\u5e38\u3001\u624b\u8377\u7269\u3067\u904b\u3070\u308c\u307e\u3059\u304c\u3001\u53d7\u8a17\u624b\u8377\u7269\u3067\u306f\u904b\u3070\u308c\u307e\u305b\u3093\u3002 \u8a72\u5f53\u3059\u308b\u898f\u5247\u306b\u6e96\u62e0\u3057\u3066\u3044\u308b\u3053\u3068\u3092\u78ba\u8a8d\u3059\u308b\u305f\u3081\u306b\u3001\u822a\u7a7a\u4f1a\u793e\u3068\u76ee\u7684\u5730\u306e\u56fd\u306e\u7279\u5b9a\u306e\u898f\u5236\u3092\u78ba\u8a8d\u3057\u3066\u304f\u3060\u3055\u3044\u3002<\/p>\n<p><strong>\u96fb\u5b50\u6db2\u4f53\u304c\u4e88\u60f3\u3088\u308a\u3082\u901f\u304f\u4f7f\u3044\u5207\u308b\u3068\u3069\u3046\u306a\u308a\u307e\u3059\u304b?<\/strong><br \/>\n12,000 \u5217\u306e\u5217\u8eca\u306e\u5217\u8eca\u306e\u5b9a\u54e1\u306f\u3001\u4f7f\u7528\u72b6\u6cc1\u306b\u3088\u3063\u3066\u7570\u306a\u308b\u53ef\u80fd\u6027\u304c\u3042\u308b\u63a8\u5b9a\u5024\u3067\u3059\u3002 \u983b\u7e41\u307e\u305f\u306f\u9577\u6642\u9593\u306e\u5217\u8eca\u306f\u3001\u3088\u308a\u901f\u304f\u30ea\u30ad\u30c3\u30c9\u3092\u6d88\u8cbb\u3059\u308b\u53ef\u80fd\u6027\u304c\u3042\u308a\u307e\u3059\u3002 \u5bff\u547d\u3092\u6700\u5927\u5316\u3059\u308b\u306b\u306f\u3001\u5747\u4e00\u3067\u4e2d\u7a0b\u5ea6\u306e\u52d5\u304d\u3092\u3059\u308b\u3053\u3068\u3092\u304a\u52e7\u3081\u3057\u307e\u3059\u3002<\/p>","protected":false},"excerpt":{"rendered":"<div>\n<p dir=\"auto\">WASP 12000 \u4f7f\u3044\u6368\u3066\u96fb\u5b50\u30bf\u30d0\u30b3\u300120 ml \u306e\u96fb\u5b50\u6db2\u4f53\u3001\u6700\u5927 12,000 \u5217\u8eca\u3001\u30bf\u30a4\u30d7 C \u5145\u96fb\u3092\u5099\u3048\u305f 650 mAh \u30d0\u30c3\u30c6\u30ea\u30fc\u3001\u30e1\u30c3\u30b7\u30e5 \u30b3\u30a4\u30eb\u6280\u8853\u3001RGB \u30e9\u30a4\u30c8 \u30c7\u30b6\u30a4\u30f3\u3002 \u30d6\u30eb\u30fc\u30d9\u30ea\u30fc \u30e9\u30ba\u30d9\u30ea\u30fc\u3001\u30de\u30f3\u30b4\u30fc \u30a2\u30a4\u30b9\u3001\u30b9\u30c8\u30ed\u30d9\u30ea\u30fc \u30ad\u30a6\u30a4\u306a\u3069\u3001\u3055\u307e\u3056\u307e\u306a\u30cb\u30b3\u30c1\u30f3\u306e\u5f37\u307f\u3068\u30d5\u30ec\u30fc\u30d0\u30fc\u304c\u7528\u610f\u3055\u308c\u3066\u3044\u307e\u3059\u3002<\/p>\n<\/div>\n<section><\/section>\n<section><\/section>","protected":false},"featured_media":10612,"comment_status":"open","ping_status":"closed","template":"","meta":[],"product_brand":[1158],"product_cat":[1179],"product_tag":[962,959],"class_list":{"0":"post-10602","1":"product","2":"type-product","3":"status-publish","4":"has-post-thumbnail","6":"product_brand-waspe","7":"product_cat-12000-puffs","8":"product_tag-12k-puffs","9":"product_tag-more-than-10kpuffs","11":"first","12":"instock","13":"sale","14":"shipping-taxable","15":"purchasable","16":"product-type-variable"},"yoast_head":"<!-- This site is optimized with the Yoast SEO plugin v25.8 - https:\/\/yoast.com\/wordpress\/plugins\/seo\/ -->\n<title>WASPE 12000 12K Puffs 20ml Einweg-E-Zigarette Original - ShopVapor<\/title>\n<meta name=\"description\" content=\"WASPE 12000 Einweg-E-Zigarette mit 20 ml E-Liquid, bis zu 12.000 Z\u00fcgen, 650 mAh Akku mit Typ-C-Ladung, Mesh-Coil-Technologie und RGB-Lichtdesign. Erh\u00e4ltlich in verschiedenen Nikotinst\u00e4rken und Geschmacksrichtungen wie Blueberry Raspberry, Mango Ice und Strawberry Kiwi.\" \/>\n<meta name=\"robots\" content=\"index, follow, max-snippet:-1, max-image-preview:large, max-video-preview:-1\" \/>\n<link rel=\"canonical\" href=\"https:\/\/shopvapor.de\/ja\/product\/waspe-12000-12k-\u30d1\u30d5-20ml-\u4f7f\u3044\u6368\u3066-e-\u30bf\u30d0\u30b3-\u30aa\u30ea\u30b8\u30ca\u30eb\/\" \/>\n<meta property=\"og:locale\" content=\"ja_JP\" \/>\n<meta property=\"og:type\" content=\"article\" \/>\n<meta property=\"og:title\" content=\"WASPE 12000 12K Puffs 20ml Einweg-E-Zigarette Original - ShopVapor\" \/>\n<meta property=\"og:description\" content=\"WASPE 12000 Einweg-E-Zigarette mit 20 ml E-Liquid, bis zu 12.000 Z\u00fcgen, 650 mAh Akku mit Typ-C-Ladung, Mesh-Coil-Technologie und RGB-Lichtdesign. Erh\u00e4ltlich in verschiedenen Nikotinst\u00e4rken und Geschmacksrichtungen wie Blueberry Raspberry, Mango Ice und Strawberry Kiwi.\" \/>\n<meta property=\"og:url\" content=\"https:\/\/shopvapor.de\/ja\/product\/waspe-12000-12k-\u30d1\u30d5-20ml-\u4f7f\u3044\u6368\u3066-e-\u30bf\u30d0\u30b3-\u30aa\u30ea\u30b8\u30ca\u30eb\/\" \/>\n<meta property=\"og:site_name\" content=\"ShopVapor\" \/>\n<meta property=\"article:modified_time\" content=\"2025-07-15T03:55:13+00:00\" \/>\n<meta property=\"og:image\" content=\"https:\/\/shopvapor.de\/wp-content\/uploads\/2025\/07\/waspe-12000-12k-puffs-20ml-einweg-e-zigarette-original-10.jpg\" \/>\n\t<meta property=\"og:image:width\" content=\"980\" \/>\n\t<meta property=\"og:image:height\" content=\"980\" \/>\n\t<meta property=\"og:image:type\" content=\"image\/jpeg\" \/>\n<meta name=\"twitter:card\" content=\"summary_large_image\" \/>\n<meta name=\"twitter:label1\" content=\"\u63a8\u5b9a\u8aad\u307f\u53d6\u308a\u6642\u9593\" \/>\n\t<meta name=\"twitter:data1\" content=\"5\u5206\" \/>\n<!-- \/ Yoast SEO plugin. -->","yoast_head_json":{"title":"WASPE 12000 12K \u30d1\u30d5 20ml \u4f7f\u3044\u6368\u3066\u96fb\u5b50\u30bf\u30d0\u30b3 \u30aa\u30ea\u30b8\u30ca\u30eb - ShopVapor","description":"WASP 12000 \u4f7f\u3044\u6368\u3066\u96fb\u5b50\u30bf\u30d0\u30b3\u300120 ml \u306e\u96fb\u5b50\u6db2\u4f53\u3001\u6700\u5927 12,000 \u5217\u8eca\u3001\u30bf\u30a4\u30d7 C \u5145\u96fb\u3092\u5099\u3048\u305f 650 mAh \u30d0\u30c3\u30c6\u30ea\u30fc\u3001\u30e1\u30c3\u30b7\u30e5 \u30b3\u30a4\u30eb\u6280\u8853\u3001RGB \u30e9\u30a4\u30c8 \u30c7\u30b6\u30a4\u30f3\u3002 \u30d6\u30eb\u30fc\u30d9\u30ea\u30fc \u30e9\u30ba\u30d9\u30ea\u30fc\u3001\u30de\u30f3\u30b4\u30fc \u30a2\u30a4\u30b9\u3001\u30b9\u30c8\u30ed\u30d9\u30ea\u30fc \u30ad\u30a6\u30a4\u306a\u3069\u3001\u3055\u307e\u3056\u307e\u306a\u30cb\u30b3\u30c1\u30f3\u306e\u5f37\u307f\u3068\u30d5\u30ec\u30fc\u30d0\u30fc\u304c\u7528\u610f\u3055\u308c\u3066\u3044\u307e\u3059\u3002","robots":{"index":"index","follow":"follow","max-snippet":"max-snippet:-1","max-image-preview":"max-image-preview:large","max-video-preview":"max-video-preview:-1"},"canonical":"https:\/\/shopvapor.de\/ja\/product\/waspe-12000-12k-\u30d1\u30d5-20ml-\u4f7f\u3044\u6368\u3066-e-\u30bf\u30d0\u30b3-\u30aa\u30ea\u30b8\u30ca\u30eb\/","og_locale":"ja_JP","og_type":"article","og_title":"WASPE 12000 12K Puffs 20ml Einweg-E-Zigarette Original - ShopVapor","og_description":"WASPE 12000 Einweg-E-Zigarette mit 20 ml E-Liquid, bis zu 12.000 Z\u00fcgen, 650 mAh Akku mit Typ-C-Ladung, Mesh-Coil-Technologie und RGB-Lichtdesign. Erh\u00e4ltlich in verschiedenen Nikotinst\u00e4rken und Geschmacksrichtungen wie Blueberry Raspberry, Mango Ice und Strawberry Kiwi.","og_url":"https:\/\/shopvapor.de\/ja\/product\/waspe-12000-12k-\u30d1\u30d5-20ml-\u4f7f\u3044\u6368\u3066-e-\u30bf\u30d0\u30b3-\u30aa\u30ea\u30b8\u30ca\u30eb\/","og_site_name":"ShopVapor","article_modified_time":"2025-07-15T03:55:13+00:00","og_image":[{"width":980,"height":980,"url":"https:\/\/shopvapor.de\/wp-content\/uploads\/2025\/07\/waspe-12000-12k-puffs-20ml-einweg-e-zigarette-original-10.jpg","type":"image\/jpeg"}],"twitter_card":"summary_large_image","twitter_misc":{"\u63a8\u5b9a\u8aad\u307f\u53d6\u308a\u6642\u9593":"5\u5206"},"schema":{"@context":"https:\/\/schema.org","@graph":[{"@type":"WebPage","@id":"https:\/\/shopvapor.de\/produkt\/waspe-12000-12k-puffs-20ml-einweg-e-zigarette-original\/","url":"https:\/\/shopvapor.de\/produkt\/waspe-12000-12k-puffs-20ml-einweg-e-zigarette-original\/","name":"WASPE 12000 12K \u30d1\u30d5 20ml \u4f7f\u3044\u6368\u3066\u96fb\u5b50\u30bf\u30d0\u30b3 \u30aa\u30ea\u30b8\u30ca\u30eb - ShopVapor","isPartOf":{"@id":"https:\/\/shopvapor.de\/#website"},"primaryImageOfPage":{"@id":"https:\/\/shopvapor.de\/produkt\/waspe-12000-12k-puffs-20ml-einweg-e-zigarette-original\/#primaryimage"},"image":{"@id":"https:\/\/shopvapor.de\/produkt\/waspe-12000-12k-puffs-20ml-einweg-e-zigarette-original\/#primaryimage"},"thumbnailUrl":"https:\/\/shopvapor.de\/wp-content\/uploads\/2025\/07\/waspe-12000-12k-puffs-20ml-einweg-e-zigarette-original-10.jpg","datePublished":"2025-07-02T07:35:29+00:00","dateModified":"2025-07-15T03:55:13+00:00","description":"WASP 12000 \u4f7f\u3044\u6368\u3066\u96fb\u5b50\u30bf\u30d0\u30b3\u300120 ml \u306e\u96fb\u5b50\u6db2\u4f53\u3001\u6700\u5927 12,000 \u5217\u8eca\u3001\u30bf\u30a4\u30d7 C \u5145\u96fb\u3092\u5099\u3048\u305f 650 mAh \u30d0\u30c3\u30c6\u30ea\u30fc\u3001\u30e1\u30c3\u30b7\u30e5 \u30b3\u30a4\u30eb\u6280\u8853\u3001RGB \u30e9\u30a4\u30c8 \u30c7\u30b6\u30a4\u30f3\u3002 \u30d6\u30eb\u30fc\u30d9\u30ea\u30fc \u30e9\u30ba\u30d9\u30ea\u30fc\u3001\u30de\u30f3\u30b4\u30fc \u30a2\u30a4\u30b9\u3001\u30b9\u30c8\u30ed\u30d9\u30ea\u30fc \u30ad\u30a6\u30a4\u306a\u3069\u3001\u3055\u307e\u3056\u307e\u306a\u30cb\u30b3\u30c1\u30f3\u306e\u5f37\u307f\u3068\u30d5\u30ec\u30fc\u30d0\u30fc\u304c\u7528\u610f\u3055\u308c\u3066\u3044\u307e\u3059\u3002","breadcrumb":{"@id":"https:\/\/shopvapor.de\/produkt\/waspe-12000-12k-puffs-20ml-einweg-e-zigarette-original\/#breadcrumb"},"inLanguage":"ja","potentialAction":[{"@type":"ReadAction","target":["https:\/\/shopvapor.de\/produkt\/waspe-12000-12k-puffs-20ml-einweg-e-zigarette-original\/"]}]},{"@type":"ImageObject","inLanguage":"ja","@id":"https:\/\/shopvapor.de\/produkt\/waspe-12000-12k-puffs-20ml-einweg-e-zigarette-original\/#primaryimage","url":"https:\/\/shopvapor.de\/wp-content\/uploads\/2025\/07\/waspe-12000-12k-puffs-20ml-einweg-e-zigarette-original-10.jpg","contentUrl":"https:\/\/shopvapor.de\/wp-content\/uploads\/2025\/07\/waspe-12000-12k-puffs-20ml-einweg-e-zigarette-original-10.jpg","width":980,"height":980},{"@type":"BreadcrumbList","@id":"https:\/\/shopvapor.de\/produkt\/waspe-12000-12k-puffs-20ml-einweg-e-zigarette-original\/#breadcrumb","itemListElement":[{"@type":"ListItem","position":1,"name":"Startseite","item":"https:\/\/shopvapor.de\/"},{"@type":"ListItem","position":2,"name":"Shop","item":"https:\/\/shopvapor.de\/shop\/"},{"@type":"ListItem","position":3,"name":"WASPE 12000 12K Puffs 20ml Einweg-E-Zigarette Original"}]},{"@type":"WebSite","@id":"https:\/\/shopvapor.de\/#website","url":"https:\/\/shopvapor.de\/","name":"\u30b7\u30e7\u30c3\u30d7\u30d9\u30fc\u30d1\u30fc","description":"","potentialAction":[{"@type":"SearchAction","target":{"@type":"EntryPoint","urlTemplate":"https:\/\/shopvapor.de\/?s={search_term_string}"},"query-input":{"@type":"PropertyValueSpecification","valueRequired":true,"valueName":"search_term_string"}}],"inLanguage":"ja"}]}},"_links":{"self":[{"href":"https:\/\/shopvapor.de\/ja\/wp-json\/wp\/v2\/product\/10602","targetHints":{"allow":["GET"]}}],"collection":[{"href":"https:\/\/shopvapor.de\/ja\/wp-json\/wp\/v2\/product"}],"about":[{"href":"https:\/\/shopvapor.de\/ja\/wp-json\/wp\/v2\/types\/product"}],"replies":[{"embeddable":true,"href":"https:\/\/shopvapor.de\/ja\/wp-json\/wp\/v2\/comments?post=10602"}],"version-history":[{"count":1,"href":"https:\/\/shopvapor.de\/ja\/wp-json\/wp\/v2\/product\/10602\/revisions"}],"predecessor-version":[{"id":11810,"href":"https:\/\/shopvapor.de\/ja\/wp-json\/wp\/v2\/product\/10602\/revisions\/11810"}],"wp:featuredmedia":[{"embeddable":true,"href":"https:\/\/shopvapor.de\/ja\/wp-json\/wp\/v2\/media\/10612"}],"wp:attachment":[{"href":"https:\/\/shopvapor.de\/ja\/wp-json\/wp\/v2\/media?parent=10602"}],"wp:term":[{"taxonomy":"product_brand","embeddable":true,"href":"https:\/\/shopvapor.de\/ja\/wp-json\/wp\/v2\/product_brand?post=10602"},{"taxonomy":"product_cat","embeddable":true,"href":"https:\/\/shopvapor.de\/ja\/wp-json\/wp\/v2\/product_cat?post=10602"},{"taxonomy":"product_tag","embeddable":true,"href":"https:\/\/shopvapor.de\/ja\/wp-json\/wp\/v2\/product_tag?post=10602"}],"curies":[{"name":"wp","href":"https:\/\/api.w.org\/{rel}","templated":true}]}}