{"id":10681,"date":"2025-07-02T07:37:42","date_gmt":"2025-07-02T07:37:42","guid":{"rendered":"https:\/\/shopvapor.de\/?post_type=product&#038;p=10681"},"modified":"2025-07-15T03:33:14","modified_gmt":"2025-07-15T03:33:14","slug":"wga-crystal-pro-max2-6000-%e3%83%91%e3%83%95-%e3%82%aa%e3%83%aa%e3%82%b8%e3%83%8a%e3%83%ab%e4%bd%bf%e3%81%84%e6%8d%a8%e3%81%a6-e-%e3%82%bf%e3%83%90%e3%82%b3","status":"publish","type":"product","link":"https:\/\/shopvapor.de\/ja\/product\/wga-crystal-pro-max2-6000-%e3%83%91%e3%83%95-%e3%82%aa%e3%83%aa%e3%82%b8%e3%83%8a%e3%83%ab%e4%bd%bf%e3%81%84%e6%8d%a8%e3%81%a6-e-%e3%82%bf%e3%83%90%e3%82%b3\/","title":{"rendered":"WGA Crystal Pro MAX2 6000 \u30d1\u30d5 \u30aa\u30ea\u30b8\u30ca\u30eb\u4f7f\u3044\u6368\u3066\u96fb\u5b50\u30bf\u30d0\u30b3"},"content":{"rendered":"<h2>WGA Crystal Pro MAX2 6000 \u306e\u6982\u8981<\/h2>\n<p>WGA Crystal Pro MAX2 6000 \u306f\u3001\u30b7\u30f3\u30d7\u30eb\u3067\u4fe1\u983c\u6027\u306e\u9ad8\u3044\u4e0a\u54c1\u306a\u4f53\u9a13\u3092\u6c42\u3081\u308b\u30e6\u30fc\u30b6\u30fc\u5411\u3051\u306b\u8a2d\u8a08\u3055\u308c\u305f\u9ad8\u54c1\u8cea\u306e SA \u88fd\u54c1\u3067\u3059\u3002 \u6700\u5927 6000 \u5217\u306e\u5217\u8eca\u306e\u5bb9\u91cf\u3092\u5099\u3048\u305f\u3053\u306e\u30c7\u30d0\u30a4\u30b9\u306f\u3001\u30e1\u30f3\u30c6\u30ca\u30f3\u30b9\u3084\u88dc\u5145\u3092\u5fc5\u8981\u3068\u305b\u305a\u306b\u9577\u6642\u9593\u4f7f\u7528\u3067\u304d\u307e\u3059\u3002 WGA \u30d6\u30e9\u30f3\u30c9\u306f\u54c1\u8cea\u3068\u4f7f\u3044\u3084\u3059\u3055\u3092\u8868\u3057\u3001Crystal Pro MAX2 6000 \u306f\u521d\u5fc3\u8005\u3084\u7d4c\u9a13\u8c4a\u5bcc\u306a\u30e6\u30fc\u30b6\u30fc\u306b\u3068\u3063\u3066\u7406\u60f3\u7684\u306a\u9078\u629e\u80a2\u3067\u3059\u3002 \u6d17\u7df4\u3055\u308c\u305f\u30c7\u30b6\u30a4\u30f3\u3068\u9ad8\u5ea6\u306a\u6280\u8853\u306e\u304a\u304b\u3052\u3067\u3001\u3053\u306e\u88fd\u54c1\u306f\u3042\u3089\u3086\u308b\u52d5\u304d\u3067\u4e00\u8cab\u3057\u305f\u30d1\u30d5\u30a9\u30fc\u30de\u30f3\u30b9\u3068\u5f37\u70c8\u306a\u98a8\u5473\u3092\u63d0\u4f9b\u3057\u307e\u3059\u3002<\/p>\n<h2>WGA Crystal Pro MAX2 6000 \u306e\u88fd\u54c1\u30d1\u30e9\u30e1\u30fc\u30bf<\/h2>\n<p>WGA Crystal Pro MAX2 6000 \u306b\u306f\u3001\u6700\u9069\u306a\u30a8\u30af\u30b9\u30da\u30ea\u30a8\u30f3\u30b9\u3092\u4fdd\u8a3c\u3059\u308b\u6b63\u78ba\u306b\u8abf\u6574\u3055\u308c\u305f\u6280\u8853\u4ed5\u69d8\u304c\u88c5\u5099\u3055\u308c\u3066\u3044\u307e\u3059\u3002 \u4ee5\u4e0b\u306e\u8a73\u7d30\u306f\u3001\u30c7\u30d0\u30a4\u30b9\u306e\u9577\u6240\u3068\u5229\u70b9\u3092\u5f37\u8abf\u3059\u308b\u305f\u3081\u306b\u8a73\u7d30\u306b\u8aac\u660e\u3055\u308c\u3066\u3044\u307e\u3059\u3002<\/p>\n<h3>\u30d1\u30d5\u306e\u5bb9\u91cf: \u6700\u5927 6000 \u5217\u306e\u5217\u8eca<\/h3>\n<p>\u6700\u5927 6000 \u5217\u306e\u5217\u8eca\u306e\u9a5a\u7570\u7684\u306a\u5bb9\u91cf\u3092\u6301\u3064 WGA Crystal Pro MAX2 6000 \u306f\u3001\u9577\u6642\u9593\u306e\u4f7f\u7528\u3092\u63d0\u4f9b\u3057\u307e\u3059\u3002 \u3053\u306e\u30d1\u30e9\u30e1\u30fc\u30bf\u306b\u3088\u308a\u3001\u30e6\u30fc\u30b6\u30fc\u306f\u30c7\u30d0\u30a4\u30b9\u3092\u4ea4\u63db\u3059\u308b\u3053\u3068\u306a\u304f\u3001\u9577\u6642\u9593\u30c7\u30d0\u30a4\u30b9\u3092\u4f7f\u7528\u3067\u304d\u307e\u3059\u3002 \u30d1\u30d5\u6570\u304c\u591a\u3044\u306e\u306f\u3001\u65b0\u3057\u3044\u30c7\u30d0\u30a4\u30b9\u3092\u5fc5\u8981\u3068\u3057\u306a\u3044\u305f\u3081\u3001\u5e38\u9023\u306e\u30e6\u30fc\u30b6\u30fc\u306b\u3068\u3063\u3066\u7279\u306b\u6709\u5229\u3067\u3059\u3002<\/p>\n<h3>\u96fb\u5b50\u6db2\u4f53\u5bb9\u91cf: 14ml<\/h3>\n<p>\u30c7\u30d0\u30a4\u30b9\u306b\u306f\u300114 ml \u306e\u9ad8\u54c1\u8cea\u306e\u30ea\u30ad\u30c3\u30c9\u304c\u3042\u3089\u304b\u3058\u3081\u5145\u586b\u3055\u308c\u3066\u3044\u308b\u305f\u3081\u3001\u88fd\u54c1\u5168\u4f53\u306e\u5473\u308f\u3044\u3092\u5747\u4e00\u306b\u3057\u307e\u3059\u3002 \u5bb9\u91cf\u304c\u5927\u304d\u3044\u305f\u3081\u3001\u5473\u899a\u306e\u55aa\u5931\u306e\u983b\u5ea6\u304c\u6e1b\u308a\u3001\u6700\u521d\u304b\u3089\u6700\u5f8c\u307e\u3067\u4e00\u8cab\u3057\u305f\u4f53\u9a13\u304c\u3067\u304d\u307e\u3059\u3002<\/p>\n<h3>\u30d0\u30c3\u30c6\u30ea\u30fc: 1600 mAh<\/h3>\n<p>\u5185\u8535\u306e 1600 mAh \u30d0\u30c3\u30c6\u30ea\u30fc\u306f\u5145\u96fb\u5f0f\u3067\u306f\u3042\u308a\u307e\u305b\u3093\u304c\u3001\u96fb\u5b50\u6db2\u4f53\u306e\u5168\u91cf\u3092\u52b9\u7387\u7684\u306b\u4f7f\u7528\u3059\u308b\u3088\u3046\u306b\u8a2d\u8a08\u3055\u308c\u3066\u3044\u307e\u3059\u3002 \u3053\u306e\u30d0\u30c3\u30c6\u30ea\u30fc \u30b5\u30a4\u30ba\u306b\u3088\u308a\u3001\u30c7\u30d0\u30a4\u30b9\u304c\u6700\u5f8c\u306e\u52d5\u304d\u307e\u3067\u78ba\u5b9f\u306b\u52d5\u4f5c\u3057\u3001\u30d1\u30d5\u30a9\u30fc\u30de\u30f3\u30b9\u304c\u4f4e\u4e0b\u3059\u308b\u3053\u3068\u306f\u3042\u308a\u307e\u305b\u3093\u3002 \u30d0\u30c3\u30c6\u30ea\u30fc\u306e\u5927\u5bb9\u91cf\u306f\u3001\u4f7f\u3044\u6368\u3066\u88fd\u54c1\u306b\u3068\u3063\u3066\u6c7a\u5b9a\u7684\u306a\u5229\u70b9\u3067\u3059\u3002<\/p>\n<h3>\u30cb\u30b3\u30c1\u30f3\u5f37\u5ea6: 2% (20 mg\/ml)<\/h3>\n<p>\u30cb\u30b3\u30c1\u30f3\u5f37\u5ea6\u304c 2% (20 mg\/mL) \u3067\u3001WGA Crystal Pro MAX2 6000 \u306f\u3001\u5143\u55ab\u7159\u8005\u3084\u6642\u6298\u306e\u30e6\u30fc\u30b6\u30fc\u306e\u4e21\u65b9\u306b\u9069\u3057\u305f\u30d0\u30e9\u30f3\u30b9\u306e\u53d6\u308c\u305f\u30cb\u30b3\u30c1\u30f3\u653e\u51fa\u3092\u63d0\u4f9b\u3057\u307e\u3059\u3002 \u3053\u306e\u6fc3\u5ea6\u306f\u3001\u5f37\u3059\u304e\u305a\u306b\u5fc3\u5730\u3088\u3044\u6e80\u8db3\u3092\u4fdd\u8a3c\u3057\u3001\u88fd\u54c1\u306e\u6c4e\u7528\u6027\u3092\u9ad8\u3081\u307e\u3059\u3002<\/p>\n<h3>\u30e1\u30c3\u30b7\u30e5\u30b3\u30a4\u30eb\u6280\u8853<\/h3>\n<p>\u9ad8\u54c1\u8cea\u306e\u30e1\u30c3\u30b7\u30e5 \u30b3\u30a4\u30eb\u6280\u8853\u3092\u4f7f\u7528\u3059\u308b\u3068\u3001\u30d5\u30ec\u30fc\u30d0\u30fc\u306e\u4f1d\u9054\u304c\u6539\u5584\u3055\u308c\u3001\u6db2\u6e29\u3082\u78ba\u5b9f\u306b\u5411\u4e0a\u3057\u307e\u3059\u3002 \u3053\u308c\u306b\u3088\u308a\u3001WGA Crystal Pro MAX2 6000 \u306f\u3001\u4ed6\u306e\u4f7f\u3044\u6368\u3066\u96fb\u5b50\u30bf\u30d0\u30b3\u3068\u306f\u4e00\u7dda\u3092\u753b\u3059\u3001\u5f15\u3063\u5f35\u308b\u305f\u3073\u306b\u3088\u308a\u5f37\u70c8\u3067\u30af\u30ea\u30a2\u306a\u5473\u3092\u3082\u305f\u3089\u3057\u307e\u3059\u3002<\/p>\n<h3>\u5217\u8eca\u306e\u30a2\u30af\u30c6\u30a3<\/h3>\n<p>\u30c7\u30d0\u30a4\u30b9\u306f\u30d7\u30eb\u30a2\u30af\u30c6\u30a3\u30d6\u5316\u3055\u308c\u3066\u3044\u308b\u305f\u3081\u3001\u30dc\u30bf\u30f3\u3084\u30b9\u30a4\u30c3\u30c1\u306f\u5fc5\u8981\u3042\u308a\u307e\u305b\u3093\u3002 \u3053\u306e\u30b7\u30f3\u30d7\u30eb\u306a\u64cd\u4f5c\u306b\u3088\u308a\u3001\u7279\u306b\u8907\u96d1\u306a\u4f53\u9a13\u3092\u6c42\u3081\u308b\u521d\u5fc3\u8005\u306b\u3068\u3063\u3066\u306f\u3001\u7279\u306b\u30e6\u30fc\u30b6\u30fc \u30d5\u30ec\u30f3\u30c9\u30ea\u30fc\u306b\u306a\u308a\u307e\u3059\u3002 \u5217\u8eca\u306e\u8d77\u52d5\u306b\u3088\u308a\u3001\u81ea\u7136\u3067\u76f4\u611f\u7684\u306a\u4f7f\u7528\u3082\u4fdd\u8a3c\u3055\u308c\u307e\u3059\u3002<\/p>\n<h3>\u30c7\u30b6\u30a4\u30f3: \u30b9\u30ea\u30e0\u3067\u30dd\u30fc\u30bf\u30d6\u30eb<\/h3>\n<p>WGA Crystal Pro MAX2 6000 \u306e\u30b9\u30ea\u30e0\u3067\u30b3\u30f3\u30d1\u30af\u30c8\u306a\u30c7\u30b6\u30a4\u30f3\u306b\u3088\u308a\u3001\u53d6\u308a\u6271\u3044\u304c\u7c21\u5358\u3067\u5feb\u9069\u306a\u30c6\u30a4\u30af\u30a2\u30c3\u30d7\u304c\u53ef\u80fd\u306b\u306a\u308a\u307e\u3059\u3002 \u30dd\u30b1\u30c3\u30c8\u3084\u8ca1\u5e03\u306b\u7c21\u5358\u306b\u53ce\u307e\u308a\u3001\u65e5\u5e38\u306e\u4f7f\u7528\u306b\u6700\u9069\u3067\u3059\u3002 \u7f8e\u7684\u5916\u89b3\u306f\u3001WGA \u30d6\u30e9\u30f3\u30c9\u306e\u9ad8\u54c1\u8cea\u3092\u5f37\u8abf\u3057\u3066\u3044\u307e\u3059\u3002<\/p>\n<h2>WGA Crystal Pro MAX2 6000 \u306e\u3055\u307e\u3056\u307e\u306a\u30d5\u30ec\u30fc\u30d0\u30fc<\/h2>\n<p>WGA Crystal Pro MAX2 6000 \u306f\u3001\u3055\u307e\u3056\u307e\u306a\u597d\u307f\u306b\u5408\u308f\u305b\u3066\u614e\u91cd\u306b\u8a2d\u8a08\u3055\u308c\u305f\u3055\u307e\u3056\u307e\u306a\u30d5\u30ec\u30fc\u30d0\u30fc\u3067\u5229\u7528\u3067\u304d\u307e\u3059\u3002 \u5229\u7528\u53ef\u80fd\u306a\u30d5\u30ec\u30fc\u30d0\u30fc\u306b\u306f\u6b21\u306e\u3082\u306e\u304c\u3042\u308a\u307e\u3059<\/p>\n<ul>\n<li>\u30d6\u30eb\u30fc\u30d9\u30ea\u30fc\u30b5\u30ef\u30fc\u30e9\u30ba\u30d9\u30ea\u30fc<\/li>\n<li>\u30b9\u30a4\u30ab\u306e\u6c37<\/li>\n<li>\u30b9\u30c8\u30ed\u30d9\u30ea\u30fc\u30fb\u30a2\u30a4\u30b9<\/li>\n<li>\u30c1\u30a7\u30ea\u30fc\u30a2\u30a4\u30b9<\/li>\n<li>\u30ec\u30e2\u30f3\u30fb\u30e9\u30a4\u30e0<\/li>\n<li>\u30d6\u30eb\u30fc\u30e9\u30ba\u30ec\u30e2\u30cd\u30fc\u30c9<\/li>\n<li>\u30b0\u30df\u30fb\u30d9\u30a2<\/li>\n<li>\u30d5\u30a3\u30b8\u30fc\u30fb\u30c1\u30a7\u30ea\u30fc<\/li>\n<li>\u30c8\u30ea\u30d7\u30eb\u30de\u30f3\u30b4\u30fc<\/li>\n<li>\u6843\u306e\u308a\u3093\u3054<\/li>\n<\/ul>\n<p>\u3059\u3079\u3066\u306e\u5473\u306f\u3001\u3042\u3089\u3086\u308b\u52d5\u304d\u3067\u30e6\u30fc\u30b6\u30fc\u3092\u559c\u3070\u305b\u308b\u5f37\u70c8\u3067\u672c\u683c\u7684\u306a\u9999\u308a\u3092\u63d0\u4f9b\u3059\u308b\u3088\u3046\u306b\u8abf\u548c\u3055\u308c\u307e\u3057\u305f\u3002 \u3055\u307e\u3056\u307e\u306a\u30d5\u30ec\u30fc\u30d0\u30fc\u304c\u88fd\u54c1\u306e\u67d4\u8edf\u6027\u3092\u5f37\u8abf\u3057\u3001\u30e6\u30fc\u30b6\u30fc\u304c\u304a\u6c17\u306b\u5165\u308a\u3092\u898b\u3064\u3051\u308b\u3053\u3068\u304c\u3067\u304d\u307e\u3059\u3002<\/p>\n<p><img fetchpriority=\"high\" decoding=\"async\" class=\"wp-image-11800 size-large\" title=\"WGA Crystal Pro MAX2 6000 \u30d1\u30d5\" src=\"https:\/\/shopvapor.de\/wp-content\/uploads\/2025\/07\/WGA-Crystal-Pro-Max2-6000-Puffs-633x800.webp\" alt=\"WGA Crystal Pro MAX2 6000 \u30d1\u30d5\" width=\"633\" height=\"800\" srcset=\"https:\/\/shopvapor.de\/wp-content\/uploads\/2025\/07\/WGA-Crystal-Pro-Max2-6000-Puffs-633x800.webp 633w, https:\/\/shopvapor.de\/wp-content\/uploads\/2025\/07\/WGA-Crystal-Pro-Max2-6000-Puffs-237x300.webp 237w, https:\/\/shopvapor.de\/wp-content\/uploads\/2025\/07\/WGA-Crystal-Pro-Max2-6000-Puffs-768x971.webp 768w, https:\/\/shopvapor.de\/wp-content\/uploads\/2025\/07\/WGA-Crystal-Pro-Max2-6000-Puffs-1214x1536.webp 1214w, https:\/\/shopvapor.de\/wp-content\/uploads\/2025\/07\/WGA-Crystal-Pro-Max2-6000-Puffs-430x544.webp 430w, https:\/\/shopvapor.de\/wp-content\/uploads\/2025\/07\/WGA-Crystal-Pro-Max2-6000-Puffs-700x885.webp 700w, https:\/\/shopvapor.de\/wp-content\/uploads\/2025\/07\/WGA-Crystal-Pro-Max2-6000-Puffs-180x228.webp 180w, https:\/\/shopvapor.de\/wp-content\/uploads\/2025\/07\/WGA-Crystal-Pro-Max2-6000-Puffs.webp 1265w\" sizes=\"(max-width: 633px) 100vw, 633px\" \/><\/p>\n<h2>\u3088\u304f\u3042\u308b\u8cea\u554f (FAQ) WGA Crystal Pro MAX2 6000 \u306b\u3064\u3044\u3066<\/h2>\n<p>\u3053\u3053\u3067\u306f\u3001\u88fd\u54c1\u306e\u660e\u77ad\u3055\u3068\u4fe1\u983c\u6027\u3092\u751f\u307f\u51fa\u3059\u305f\u3081\u306b\u3001\u304a\u5ba2\u69d8\u304c WGA Crystal Pro MAX2 6000 \u306b\u3064\u3044\u3066\u3088\u304f\u3042\u308b\u8cea\u554f\u306e\u3044\u304f\u3064\u304b\u306b\u7b54\u3048\u307e\u3059\u3002<\/p>\n<p><strong>WGA Crystal Pro MAX2 6000 \u306f\u518d\u5145\u586b\u53ef\u80fd\u3067\u3059\u304b?<\/strong><br \/>\n\u3044\u3044\u3048\u3001WGA Crystal Pro MAX2 6000 \u306f\u4f7f\u3044\u6368\u3066\u88fd\u54c1\u3067\u3042\u308a\u3001\u518d\u5145\u586b\u3067\u304d\u307e\u305b\u3093\u3002 \u96fb\u5b50\u6db2\u4f53\u304c\u4f7f\u3044\u5207\u3089\u308c\u305f\u304b\u3001\u30d0\u30c3\u30c6\u30ea\u30fc\u304c\u7a7a\u306b\u306a\u3063\u305f\u3089\u3001\u30c7\u30d0\u30a4\u30b9\u3092\u9069\u5207\u306b\u5ec3\u68c4\u3059\u308b\u5fc5\u8981\u304c\u3042\u308a\u307e\u3059\u3002<\/p>\n<p><strong>\u30c7\u30d0\u30a4\u30b9\u306e\u30d0\u30c3\u30c6\u30ea\u30fc\u3092\u5145\u96fb\u3067\u304d\u307e\u3059\u304b?<\/strong><br \/>\n\u3044\u3044\u3048\u30011600mAh \u306e\u30d0\u30c3\u30c6\u30ea\u30fc\u306f\u518d\u5145\u96fb\u3067\u304d\u307e\u305b\u3093\u3002 \u305f\u3060\u3057\u3001\u6700\u5927\u306e\u8010\u7528\u5e74\u6570\u3092\u78ba\u4fdd\u3059\u308b\u305f\u3081\u306b\u300114 mL \u306e\u7dcf\u96fb\u5b50\u6db2\u4f53\u5bb9\u91cf\u3092\u52b9\u7387\u7684\u306b\u4f7f\u7528\u3059\u308b\u3088\u3046\u306b\u8a2d\u8a08\u3055\u308c\u3066\u3044\u307e\u3059\u3002<\/p>\n<p><strong>\u30cb\u30b3\u30c1\u30f3\u306e\u5f37\u3055\u306f\u521d\u5fc3\u8005\u306b\u9069\u3057\u3066\u3044\u307e\u3059\u304b?<\/strong><br \/>\n\u306f\u3044\u30012% \u30cb\u30b3\u30c1\u30f3\u5f37\u5ea6 (20 mg\/ml) \u306f\u30d0\u30e9\u30f3\u30b9\u304c\u53d6\u308c\u3066\u304a\u308a\u3001\u521d\u5fc3\u8005\u3084\u7d4c\u9a13\u8c4a\u5bcc\u306a\u30e6\u30fc\u30b6\u30fc\u306e\u4e21\u65b9\u306b\u9069\u3057\u3066\u3044\u307e\u3059\u3002 \u5727\u5012\u7684\u306a\u52b9\u679c\u3092\u3082\u305f\u306a\u3044\u512a\u3057\u3044\u30cb\u30b3\u30c1\u30f3\u653e\u51fa\u3092\u63d0\u4f9b\u3057\u307e\u3059\u3002<\/p>\n<p><strong>WGA Crystal Pro MAX2 6000 \u306f\u3069\u306e\u304f\u3089\u3044\u6301\u3061\u307e\u3059\u304b?<\/strong><br \/>\n\u5bff\u547d\u306f\u4f7f\u7528\u983b\u5ea6\u306b\u3088\u3063\u3066\u7570\u306a\u308a\u307e\u3059\u304c\u3001\u6700\u5927 6000 \u5217\u306e\u5217\u8eca\u3092\u4f7f\u7528\u3059\u308b\u3068\u3001\u30c7\u30d0\u30a4\u30b9\u306f\u9069\u5ea6\u306a\u4f7f\u7528\u3067\u6570\u9031\u9593\u6301\u7d9a\u3057\u307e\u3059\u3002 \u4f7f\u7528\u3092\u591a\u7528\u3059\u308b\u3068\u3001\u5bff\u547d\u304c\u77ed\u304f\u306a\u308b\u53ef\u80fd\u6027\u304c\u3042\u308a\u307e\u3059\u3002<\/p>\n<p><strong>\u30c7\u30d0\u30a4\u30b9\u304c\u6f0f\u308c\u307e\u3059\u304b?<\/strong><br \/>\nWGA Crystal Pro MAX2 6000 \u306b\u306f\u3001\u6f0f\u308c\u306e\u30ea\u30b9\u30af\u3092\u6700\u5c0f\u9650\u306b\u6291\u3048\u308b\u6f0f\u308c\u9632\u6b62\u8a2d\u8a08\u304c\u65bd\u3055\u308c\u3066\u3044\u307e\u3059\u3002 \u6b63\u3057\u304f\u4fdd\u7ba1\u3055\u308c\u3066\u3044\u308c\u3070 (\u76f4\u7acb\u3057\u3066\u5e38\u6e29\u3067)\u3001\u6f0f\u308c\u306f\u767a\u751f\u3057\u306a\u3044\u3067\u304f\u3060\u3055\u3044\u3002<\/p>\n<p><strong>\u3059\u3079\u3066\u306e\u30d5\u30ec\u30fc\u30d0\u30fc\u306f\u3069\u3053\u3067\u3082\u5165\u624b\u3067\u304d\u307e\u3059\u304b?<\/strong><br \/>\n\u5730\u57df\u3084\u8ca9\u58f2\u5e97\u306b\u3088\u3063\u3066\u3001\u5473\u306e\u5165\u624b\u53ef\u80fd\u6027\u304c\u7570\u306a\u308b\u5834\u5408\u304c\u3042\u308a\u307e\u3059\u3002 \u8cfc\u5165\u6642\u306b\u306f\u3001\u597d\u307f\u306e\u30d5\u30ec\u30fc\u30d0\u30fc\u3092\u76f4\u63a5\u78ba\u8a8d\u3059\u308b\u3053\u3068\u3092\u304a\u52e7\u3081\u3057\u307e\u3059\u3002<\/p>\n<p><strong>\u4f7f\u7528\u5f8c\u306e\u30c7\u30d0\u30a4\u30b9\u306e\u5ec3\u68c4\u65b9\u6cd5\u3092\u6559\u3048\u3066\u304f\u3060\u3055\u3044\u3002<\/strong><br \/>\nWGA Crystal Pro MAX2 6000 \u306f\u3001\u96fb\u6c17\u304a\u3088\u3073\u30d0\u30c3\u30c6\u30ea\u30fc\u306e\u5ec3\u68c4\u306b\u95a2\u3059\u308b\u73fe\u5730\u306e\u898f\u5236\u306b\u5f93\u3063\u3066\u51e6\u5206\u3059\u308b\u5fc5\u8981\u304c\u3042\u308a\u307e\u3059\u3002 \u88c5\u7f6e\u3092\u5bb6\u5ead\u306e\u5ec3\u68c4\u7269\u306b\u6368\u3066\u305a\u3001\u3053\u306e\u76ee\u7684\u306e\u305f\u3081\u306b\u63d0\u4f9b\u3055\u308c\u305f\u53ce\u96c6\u30dd\u30a4\u30f3\u30c8\u3092\u4f7f\u7528\u3057\u3066\u304f\u3060\u3055\u3044\u3002<\/p>","protected":false},"excerpt":{"rendered":"<p>WGA Crystal Pro MAX2 6000 \u306f\u3001\u6700\u5927 6000 \u30d1\u30d5\u300114 ml \u306e\u96fb\u5b50\u6db2\u4f53\u30012% \u30cb\u30b3\u30c1\u30f3\u5f37\u5ea6\u3092\u5099\u3048\u305f\u9ad8\u54c1\u8cea\u306e\u4f7f\u3044\u6368\u3066\u96fb\u5b50\u30bf\u30d0\u30b3\u3067\u3059\u3002 \u30d7\u30ec\u30df\u30a2\u30e0 \u30d6\u30e9\u30f3\u30c9 WGA \u306e\u5f37\u70c8\u306a\u5473\u3068\u4f7f\u3044\u3084\u3059\u3044\u30c7\u30b6\u30a4\u30f3\u3092\u304a\u697d\u3057\u307f\u304f\u3060\u3055\u3044\u3002<\/p>","protected":false},"featured_media":10685,"comment_status":"open","ping_status":"closed","template":"","meta":[],"product_brand":[1155],"product_cat":[1156],"product_tag":[964],"class_list":{"0":"post-10681","1":"product","2":"type-product","3":"status-publish","4":"has-post-thumbnail","6":"product_brand-wga","7":"product_cat-6000-puffs","8":"product_tag-5k9kpuffs","10":"first","11":"instock","12":"sale","13":"shipping-taxable","14":"purchasable","15":"product-type-variable"},"yoast_head":"<!-- This site is optimized with the Yoast SEO plugin v25.8 - https:\/\/yoast.com\/wordpress\/plugins\/seo\/ -->\n<title>WGA Crystal Pro Max2 6000 Puffs Original Einweg-E-Zigaretten - ShopVapor<\/title>\n<meta name=\"description\" content=\"Der WGA Crystal Pro Max2 6000 ist eine hochwertige Einweg-E-Zigarette mit bis zu 6000 Z\u00fcgen, 14 ml E-Liquid und 2% Nikotinst\u00e4rke. Genie\u00dfen Sie intensiven Geschmack und benutzerfreundliches Design von der Premium-Marke WGA.\" \/>\n<meta name=\"robots\" content=\"index, follow, max-snippet:-1, max-image-preview:large, max-video-preview:-1\" \/>\n<link rel=\"canonical\" href=\"https:\/\/shopvapor.de\/ja\/product\/wga-crystal-pro-max2-6000-\u30d1\u30d5-\u30aa\u30ea\u30b8\u30ca\u30eb\u4f7f\u3044\u6368\u3066-e-\u30bf\u30d0\u30b3\/\" \/>\n<meta property=\"og:locale\" content=\"ja_JP\" \/>\n<meta property=\"og:type\" content=\"article\" \/>\n<meta property=\"og:title\" content=\"WGA Crystal Pro Max2 6000 Puffs Original Einweg-E-Zigaretten - ShopVapor\" \/>\n<meta property=\"og:description\" content=\"Der WGA Crystal Pro Max2 6000 ist eine hochwertige Einweg-E-Zigarette mit bis zu 6000 Z\u00fcgen, 14 ml E-Liquid und 2% Nikotinst\u00e4rke. Genie\u00dfen Sie intensiven Geschmack und benutzerfreundliches Design von der Premium-Marke WGA.\" \/>\n<meta property=\"og:url\" content=\"https:\/\/shopvapor.de\/ja\/product\/wga-crystal-pro-max2-6000-\u30d1\u30d5-\u30aa\u30ea\u30b8\u30ca\u30eb\u4f7f\u3044\u6368\u3066-e-\u30bf\u30d0\u30b3\/\" \/>\n<meta property=\"og:site_name\" content=\"ShopVapor\" \/>\n<meta property=\"article:modified_time\" content=\"2025-07-15T03:33:14+00:00\" \/>\n<meta property=\"og:image\" content=\"https:\/\/shopvapor.de\/wp-content\/uploads\/2025\/07\/wga-crystal-pro-max2-6000-puffs-original-einweg-e-zigaretten-4.jpg\" \/>\n\t<meta property=\"og:image:width\" content=\"1280\" \/>\n\t<meta property=\"og:image:height\" content=\"1773\" \/>\n\t<meta property=\"og:image:type\" content=\"image\/jpeg\" \/>\n<meta name=\"twitter:card\" content=\"summary_large_image\" \/>\n<meta name=\"twitter:label1\" content=\"\u63a8\u5b9a\u8aad\u307f\u53d6\u308a\u6642\u9593\" \/>\n\t<meta name=\"twitter:data1\" content=\"5\u5206\" \/>\n<!-- \/ Yoast SEO plugin. -->","yoast_head_json":{"title":"WGA Crystal Pro MAX2 6000 \u30d1\u30d5 \u30aa\u30ea\u30b8\u30ca\u30eb\u4f7f\u3044\u6368\u3066\u96fb\u5b50\u30bf\u30d0\u30b3 - ShopVapor","description":"WGA Crystal Pro MAX2 6000 \u306f\u3001\u6700\u5927 6000 \u30d1\u30d5\u300114 ml \u306e\u96fb\u5b50\u6db2\u4f53\u30012% \u30cb\u30b3\u30c1\u30f3\u5f37\u5ea6\u3092\u5099\u3048\u305f\u9ad8\u54c1\u8cea\u306e\u4f7f\u3044\u6368\u3066\u96fb\u5b50\u30bf\u30d0\u30b3\u3067\u3059\u3002 \u30d7\u30ec\u30df\u30a2\u30e0 \u30d6\u30e9\u30f3\u30c9 WGA \u306e\u5f37\u70c8\u306a\u5473\u3068\u4f7f\u3044\u3084\u3059\u3044\u30c7\u30b6\u30a4\u30f3\u3092\u304a\u697d\u3057\u307f\u304f\u3060\u3055\u3044\u3002","robots":{"index":"index","follow":"follow","max-snippet":"max-snippet:-1","max-image-preview":"max-image-preview:large","max-video-preview":"max-video-preview:-1"},"canonical":"https:\/\/shopvapor.de\/ja\/product\/wga-crystal-pro-max2-6000-\u30d1\u30d5-\u30aa\u30ea\u30b8\u30ca\u30eb\u4f7f\u3044\u6368\u3066-e-\u30bf\u30d0\u30b3\/","og_locale":"ja_JP","og_type":"article","og_title":"WGA Crystal Pro Max2 6000 Puffs Original Einweg-E-Zigaretten - ShopVapor","og_description":"Der WGA Crystal Pro Max2 6000 ist eine hochwertige Einweg-E-Zigarette mit bis zu 6000 Z\u00fcgen, 14 ml E-Liquid und 2% Nikotinst\u00e4rke. Genie\u00dfen Sie intensiven Geschmack und benutzerfreundliches Design von der Premium-Marke WGA.","og_url":"https:\/\/shopvapor.de\/ja\/product\/wga-crystal-pro-max2-6000-\u30d1\u30d5-\u30aa\u30ea\u30b8\u30ca\u30eb\u4f7f\u3044\u6368\u3066-e-\u30bf\u30d0\u30b3\/","og_site_name":"ShopVapor","article_modified_time":"2025-07-15T03:33:14+00:00","og_image":[{"width":1280,"height":1773,"url":"https:\/\/shopvapor.de\/wp-content\/uploads\/2025\/07\/wga-crystal-pro-max2-6000-puffs-original-einweg-e-zigaretten-4.jpg","type":"image\/jpeg"}],"twitter_card":"summary_large_image","twitter_misc":{"\u63a8\u5b9a\u8aad\u307f\u53d6\u308a\u6642\u9593":"5\u5206"},"schema":{"@context":"https:\/\/schema.org","@graph":[{"@type":"WebPage","@id":"https:\/\/shopvapor.de\/produkt\/wga-crystal-pro-max2-6000-puffs-original-einweg-e-zigaretten\/","url":"https:\/\/shopvapor.de\/produkt\/wga-crystal-pro-max2-6000-puffs-original-einweg-e-zigaretten\/","name":"WGA Crystal Pro MAX2 6000 \u30d1\u30d5 \u30aa\u30ea\u30b8\u30ca\u30eb\u4f7f\u3044\u6368\u3066\u96fb\u5b50\u30bf\u30d0\u30b3 - ShopVapor","isPartOf":{"@id":"https:\/\/shopvapor.de\/#website"},"primaryImageOfPage":{"@id":"https:\/\/shopvapor.de\/produkt\/wga-crystal-pro-max2-6000-puffs-original-einweg-e-zigaretten\/#primaryimage"},"image":{"@id":"https:\/\/shopvapor.de\/produkt\/wga-crystal-pro-max2-6000-puffs-original-einweg-e-zigaretten\/#primaryimage"},"thumbnailUrl":"https:\/\/shopvapor.de\/wp-content\/uploads\/2025\/07\/wga-crystal-pro-max2-6000-puffs-original-einweg-e-zigaretten-4.jpg","datePublished":"2025-07-02T07:37:42+00:00","dateModified":"2025-07-15T03:33:14+00:00","description":"WGA Crystal Pro MAX2 6000 \u306f\u3001\u6700\u5927 6000 \u30d1\u30d5\u300114 ml \u306e\u96fb\u5b50\u6db2\u4f53\u30012% \u30cb\u30b3\u30c1\u30f3\u5f37\u5ea6\u3092\u5099\u3048\u305f\u9ad8\u54c1\u8cea\u306e\u4f7f\u3044\u6368\u3066\u96fb\u5b50\u30bf\u30d0\u30b3\u3067\u3059\u3002 \u30d7\u30ec\u30df\u30a2\u30e0 \u30d6\u30e9\u30f3\u30c9 WGA \u306e\u5f37\u70c8\u306a\u5473\u3068\u4f7f\u3044\u3084\u3059\u3044\u30c7\u30b6\u30a4\u30f3\u3092\u304a\u697d\u3057\u307f\u304f\u3060\u3055\u3044\u3002","breadcrumb":{"@id":"https:\/\/shopvapor.de\/produkt\/wga-crystal-pro-max2-6000-puffs-original-einweg-e-zigaretten\/#breadcrumb"},"inLanguage":"ja","potentialAction":[{"@type":"ReadAction","target":["https:\/\/shopvapor.de\/produkt\/wga-crystal-pro-max2-6000-puffs-original-einweg-e-zigaretten\/"]}]},{"@type":"ImageObject","inLanguage":"ja","@id":"https:\/\/shopvapor.de\/produkt\/wga-crystal-pro-max2-6000-puffs-original-einweg-e-zigaretten\/#primaryimage","url":"https:\/\/shopvapor.de\/wp-content\/uploads\/2025\/07\/wga-crystal-pro-max2-6000-puffs-original-einweg-e-zigaretten-4.jpg","contentUrl":"https:\/\/shopvapor.de\/wp-content\/uploads\/2025\/07\/wga-crystal-pro-max2-6000-puffs-original-einweg-e-zigaretten-4.jpg","width":1280,"height":1773},{"@type":"BreadcrumbList","@id":"https:\/\/shopvapor.de\/produkt\/wga-crystal-pro-max2-6000-puffs-original-einweg-e-zigaretten\/#breadcrumb","itemListElement":[{"@type":"ListItem","position":1,"name":"Startseite","item":"https:\/\/shopvapor.de\/"},{"@type":"ListItem","position":2,"name":"Shop","item":"https:\/\/shopvapor.de\/shop\/"},{"@type":"ListItem","position":3,"name":"WGA Crystal Pro Max2 6000 Puffs Original Einweg-E-Zigaretten"}]},{"@type":"WebSite","@id":"https:\/\/shopvapor.de\/#website","url":"https:\/\/shopvapor.de\/","name":"\u30b7\u30e7\u30c3\u30d7\u30d9\u30fc\u30d1\u30fc","description":"","potentialAction":[{"@type":"SearchAction","target":{"@type":"EntryPoint","urlTemplate":"https:\/\/shopvapor.de\/?s={search_term_string}"},"query-input":{"@type":"PropertyValueSpecification","valueRequired":true,"valueName":"search_term_string"}}],"inLanguage":"ja"}]}},"_links":{"self":[{"href":"https:\/\/shopvapor.de\/ja\/wp-json\/wp\/v2\/product\/10681","targetHints":{"allow":["GET"]}}],"collection":[{"href":"https:\/\/shopvapor.de\/ja\/wp-json\/wp\/v2\/product"}],"about":[{"href":"https:\/\/shopvapor.de\/ja\/wp-json\/wp\/v2\/types\/product"}],"replies":[{"embeddable":true,"href":"https:\/\/shopvapor.de\/ja\/wp-json\/wp\/v2\/comments?post=10681"}],"version-history":[{"count":1,"href":"https:\/\/shopvapor.de\/ja\/wp-json\/wp\/v2\/product\/10681\/revisions"}],"predecessor-version":[{"id":11801,"href":"https:\/\/shopvapor.de\/ja\/wp-json\/wp\/v2\/product\/10681\/revisions\/11801"}],"wp:featuredmedia":[{"embeddable":true,"href":"https:\/\/shopvapor.de\/ja\/wp-json\/wp\/v2\/media\/10685"}],"wp:attachment":[{"href":"https:\/\/shopvapor.de\/ja\/wp-json\/wp\/v2\/media?parent=10681"}],"wp:term":[{"taxonomy":"product_brand","embeddable":true,"href":"https:\/\/shopvapor.de\/ja\/wp-json\/wp\/v2\/product_brand?post=10681"},{"taxonomy":"product_cat","embeddable":true,"href":"https:\/\/shopvapor.de\/ja\/wp-json\/wp\/v2\/product_cat?post=10681"},{"taxonomy":"product_tag","embeddable":true,"href":"https:\/\/shopvapor.de\/ja\/wp-json\/wp\/v2\/product_tag?post=10681"}],"curies":[{"name":"wp","href":"https:\/\/api.w.org\/{rel}","templated":true}]}}