{"id":10841,"date":"2025-07-02T08:15:27","date_gmt":"2025-07-02T08:15:27","guid":{"rendered":"https:\/\/shopvapor.de\/?post_type=product&#038;p=10841"},"modified":"2025-10-07T08:03:49","modified_gmt":"2025-10-07T08:03:49","slug":"vapsolo-twins-20000-%e3%83%91%e3%83%95-%e3%83%87%e3%83%a5%e3%82%a2%e3%83%ab-%e3%83%95%e3%83%ac%e3%83%bc%e3%83%90%e3%83%bc-25ml-%e4%bd%bf%e3%81%84%e6%8d%a8%e3%81%a6-e-%e3%82%bf%e3%83%90%e3%82%b3","status":"publish","type":"product","link":"https:\/\/shopvapor.de\/ja\/product\/vapsolo-twins-20000-%e3%83%91%e3%83%95-%e3%83%87%e3%83%a5%e3%82%a2%e3%83%ab-%e3%83%95%e3%83%ac%e3%83%bc%e3%83%90%e3%83%bc-25ml-%e4%bd%bf%e3%81%84%e6%8d%a8%e3%81%a6-e-%e3%82%bf%e3%83%90%e3%82%b3\/","title":{"rendered":"Vapsolo Twins 20000 \u30d1\u30d5 \u30c7\u30e5\u30a2\u30eb \u30d5\u30ec\u30fc\u30d0\u30fc 25ml \u4f7f\u3044\u6368\u3066\u96fb\u5b50\u30bf\u30d0\u30b3"},"content":{"rendered":"<h2>\u30f4\u30a1\u30d7\u30bd\u30ed \u30c4\u30a4\u30f3\u30ba 20000 \u306e\u7d39\u4ecb<\/h2>\n<p>Vapsolo Twins 20000 \u306f\u3001\u30c7\u30e5\u30a2\u30eb \u30bf\u30f3\u30af \u30b7\u30b9\u30c6\u30e0\u3068\u5370\u8c61\u7684\u306a 20,000 \u5217\u306e\u5217\u8eca\u3092\u5370\u8c61\u3065\u3051\u308b\u3001\u9769\u65b0\u7684\u306a\u4f7f\u3044\u6368\u3066\u96fb\u5b50\u30bf\u30d0\u30b3\u3067\u3059\u3002 25 mL \u306e\u96fb\u5b50\u6db2\u4f53\u5bb9\u91cf\u3001650 mAh \u306e\u518d\u5145\u96fb\u53ef\u80fd\u306a\u30d0\u30c3\u30c6\u30ea\u30fc\u3001\u30a4\u30f3\u30c6\u30ea\u30b8\u30a7\u30f3\u30c8\u306a\u30c7\u30a3\u30b9\u30d7\u30ec\u30a4\u306b\u3088\u308a\u3001\u6bd4\u985e\u306e\u306a\u3044\u96fb\u5b50\u30bf\u30d0\u30b3\u4f53\u9a13\u3092\u63d0\u4f9b\u3057\u307e\u3059\u3002 \u3053\u306e\u96fb\u5b50\u30bf\u30d0\u30b3\u306f\u3001\u54c1\u8cea\u3001\u591a\u7528\u9014\u6027\u3001\u5feb\u9069\u6027\u3092\u91cd\u8996\u3059\u308b\u8981\u6c42\u306e\u9ad8\u3044\u30e6\u30fc\u30b6\u30fc\u306b\u6700\u9069\u3067\u3059\u3002<\/p>\n<h2>\u88fd\u54c1\u306e\u30d1\u30e9\u30e1\u30fc\u30bf\u3068\u6280\u8853\u7684\u306a\u8a73\u7d30<\/h2>\n<p>Vapsolo Twins 20000 \u306f\u3001\u9ad8\u5ea6\u306a\u30c6\u30af\u30ce\u30ed\u30b8\u30fc\u3068\u30e6\u30fc\u30b6\u30fc \u30d5\u30ec\u30f3\u30c9\u30ea\u30fc\u306a\u30c7\u30b6\u30a4\u30f3\u3092\u7d44\u307f\u5408\u308f\u305b\u3066\u3044\u307e\u3059\u3002 \u5b8c\u5168\u306a\u6280\u8853\u4ed5\u69d8\u306f\u6b21\u306e\u3068\u304a\u308a\u3067\u3059\u3002<\/p>\n<ol>\n<li>\u96fb\u5b50\u6db2\u4f53\u5bb9\u91cf: 25ml<\/li>\n<li>\u30cb\u30b3\u30c1\u30f3\u306e\u5f37\u307f: 2 % \u3068 5 %<\/li>\n<li>\u6700\u5927\u5217\u8eca: 20,000<\/li>\n<li>\u30d0\u30c3\u30c6\u30ea\u30fc\uff1a650 mAh\u3001Type-C\u3067\u5145\u96fb\u53ef\u80fd<\/li>\n<li>\u30e1\u30c3\u30b7\u30e5\u30b3\u30a4\u30eb: 1.0\u03a9 \u62b5\u6297<\/li>\n<li>2 \u3064\u306e\u30d5\u30ec\u30fc\u30d0\u30fc\u7528\u306e\u30c7\u30e5\u30a2\u30eb \u30bf\u30f3\u30af \u30b7\u30b9\u30c6\u30e0<\/li>\n<li>\u30a4\u30f3\u30c6\u30ea\u30b8\u30a7\u30f3\u30c8\u306a LED<\/li>\n<li>\u8abf\u6574\u53ef\u80fd\u306a\u30a8\u30a2\u30d5\u30ed\u30fc<\/li>\n<\/ol>\n<h2>\u5473<\/h2>\n<p>Vapolo Twins 20000 \u306f\u3001\u614e\u91cd\u306b\u958b\u767a\u3055\u308c\u305f\u5e45\u5e83\u3044\u30c0\u30d6\u30eb \u30d5\u30ec\u30fc\u30d0\u30fc\u3092\u63d0\u4f9b\u3057\u3001\u5f37\u70c8\u3067\u591a\u69d8\u306a\u96fb\u5b50\u30bf\u30d0\u30b3\u4f53\u9a13\u3092\u53ef\u80fd\u306b\u3057\u307e\u3059\u3002 \u5229\u7528\u53ef\u80fd\u306a\u3059\u3079\u3066\u306e\u7d44\u307f\u5408\u308f\u305b\u306f\u6b21\u306e\u3068\u304a\u308a\u3067\u3059\u3002<\/p>\n<ul>\n<li>\u30d1\u30a4\u30ca\u30c3\u30d7\u30eb \u30b3\u30b3\u30ca\u30c3\u30c4\u3068\u30b9\u30a4\u30ab\u306e\u30a2\u30a4\u30b9<\/li>\n<li>\u30d6\u30eb\u30fc \u30e9\u30ba \u30ec\u30e2\u30cd\u30fc\u30c9 &amp; \u30ec\u30e2\u30f3 \u30e9\u30a4\u30e0<\/li>\n<li>\u30d6\u30eb\u30fc\u30d9\u30ea\u30fc\u30a2\u30a4\u30b9\uff06\u30d5\u30a3\u30b8\u30fc\u30c1\u30a7\u30ea\u30fc<\/li>\n<li>\u30b9\u30c8\u30ed\u30d9\u30ea\u30fc \u30ad\u30a6\u30a4\u3068\u30b9\u30c8\u30ed\u30d9\u30ea\u30fc \u30e9\u30ba\u30d9\u30ea\u30fc \u30c1\u30a7\u30ea\u30fc \u30a2\u30a4\u30b9<\/li>\n<li>\u30c8\u30ea\u30d7\u30eb\u30e1\u30ed\u30f3\u3068\u30e9\u30ba\u30d9\u30ea\u30fc\u306e\u30b9\u30a4\u30ab<\/li>\n<li>\u30b0\u30ec\u30fc\u30d7\u30a2\u30a4\u30b9\u3068\u30b9\u30c8\u30ed\u30d9\u30ea\u30fc\u30ad\u30a6\u30a4<\/li>\n<li>\u30ec\u30e2\u30f3\u30e9\u30a4\u30e0\u3068\u30b9\u30a4\u30ab\u30a2\u30a4\u30b9<\/li>\n<li>\u30aa\u30ec\u30f3\u30b8\u30de\u30f3\u30b4\u30fc \u30b9\u30a4\u30ab\u3068\u30ec\u30c3\u30c9\u30d6\u30eb<\/li>\n<li>\u30d1\u30a4\u30ca\u30c3\u30d7\u30eb \u30b3\u30b3\u30ca\u30c3\u30c4\u3068\u30b9\u30c8\u30ed\u30d9\u30ea\u30fc \u30d0\u30ca\u30ca<\/li>\n<li>\u30d6\u30e9\u30c3\u30af \u30a2\u30a4\u30b9 \u30c9\u30e9\u30b4\u30f3 \u30d5\u30eb\u30fc\u30c4 \u30b9\u30c8\u30ed\u30d9\u30ea\u30fc &amp; \u30e9\u30ba\u30d9\u30ea\u30fc \u30b9\u30a4\u30ab<\/li>\n<li>\u30b9\u30a4\u30ab\u30a2\u30a4\u30b9\u3068\u30df\u30c3\u30af\u30b9\u30d9\u30ea\u30fc<\/li>\n<li>\u30c8\u30ea\u30d7\u30eb\u30e1\u30ed\u30f3\u3068\u30d1\u30a4\u30ca\u30c3\u30d7\u30eb\u30b3\u30b3\u30ca\u30c3\u30c4<\/li>\n<li>\u30b9\u30c8\u30ed\u30d9\u30ea\u30fc\u30a2\u30a4\u30b9\uff06\u30de\u30f3\u30b4\u30fc\u30d4\u30fc\u30c1\u30b9\u30a4\u30ab<\/li>\n<li>\u30b9\u30c8\u30ed\u30d9\u30ea\u30fc\u30d0\u30ca\u30ca\u3068\u30d5\u30a3\u30b8\u30fc\u30c1\u30a7\u30ea\u30fc<\/li>\n<li>\u30b9\u30c8\u30ed\u30d9\u30ea\u30fc \u30e9\u30ba\u30d9\u30ea\u30fc \u30c1\u30a7\u30ea\u30fc \u30a2\u30a4\u30b9 &amp; \u30b0\u30ec\u30fc\u30d7 \u30a2\u30a4\u30b9<\/li>\n<li>\u30b9\u30a4\u30ab\u30a2\u30a4\u30b9\uff06\u30b9\u30c8\u30ed\u30d9\u30ea\u30fc\u30de\u30f3\u30b4\u30fc<\/li>\n<\/ul>\n<h2>\u7279\u5225\u306a\u30d7\u30ed\u30d1\u30c6\u30a3<\/h2>\n<h3>\u96fb\u5b50\u6db2\u4f53\u5bb9\u91cf: 25ml<\/h3>\n<p>25 ml \u306e\u5bb9\u91cf\u304c\u5927\u304d\u3044\u305f\u3081\u3001\u88dc\u5145\u3057\u306a\u304f\u3066\u3082\u9577\u671f\u9593\u306e\u4f7f\u7528\u304c\u4fdd\u8a3c\u3055\u308c\u307e\u3059\u3002 \u30c7\u30e5\u30a2\u30eb \u30bf\u30f3\u30af \u30b7\u30b9\u30c6\u30e0\u3092\u4f7f\u7528\u3059\u308b\u3068\u30012 \u3064\u306e\u30d5\u30ec\u30fc\u30d0\u30fc\u3092\u540c\u6642\u306b\u697d\u3057\u3080\u3053\u3068\u304c\u3067\u304d\u307e\u3059\u3002<\/p>\n<h3>\u5145\u96fb\u5f0f\u30d0\u30c3\u30c6\u30ea\u30fc<\/h3>\n<p>650 mAh \u306e\u30d0\u30c3\u30c6\u30ea\u30fc\u306f Type-C \u3067\u5145\u96fb\u53ef\u80fd\u3067\u3001\u8fc5\u901f\u304b\u3064\u52b9\u7387\u7684\u306a\u5145\u96fb\u6642\u9593\u3092\u63d0\u4f9b\u3057\u307e\u3059\u3002 \u3053\u308c\u306b\u3088\u308a\u3001\u30d0\u30c3\u30c6\u30ea\u30fc\u304c\u3059\u3079\u3066\u306e\u30ea\u30ad\u30c3\u30c9\u91cf\u3092\u30b5\u30dd\u30fc\u30c8\u3059\u308b\u3053\u3068\u304c\u4fdd\u8a3c\u3055\u308c\u307e\u3059\u3002<\/p>\n<h3>\u30a4\u30f3\u30c6\u30ea\u30b8\u30a7\u30f3\u30c8\u306a LED<\/h3>\n<p>LED \u30c7\u30a3\u30b9\u30d7\u30ec\u30a4\u306b\u306f\u3001\u96fb\u5b50\u6db2\u4f53\u306e\u72b6\u614b\u3068\u30d0\u30c3\u30c6\u30ea\u30fc\u5bff\u547d\u306b\u95a2\u3059\u308b\u30ea\u30a2\u30eb\u30bf\u30a4\u30e0\u306e\u60c5\u5831\u304c\u8868\u793a\u3055\u308c\u3001\u6b63\u78ba\u306a\u4f7f\u7528\u304c\u53ef\u80fd\u306b\u306a\u308a\u307e\u3059\u3002<\/p>\n<h3>\u30e1\u30c3\u30b7\u30e5\u30b3\u30a4\u30eb<\/h3>\n<p>1.0 \u03a9 \u30e1\u30c3\u30b7\u30e5 \u30b3\u30a4\u30eb\u306f\u3001\u30ea\u30ad\u30c3\u30c9\u306e\u5747\u4e00\u306a\u52a0\u71b1\u3092\u4fdd\u8a3c\u3057\u3001\u5f37\u70c8\u306a\u5473\u899a\u4f53\u9a13\u3092\u4fdd\u8a3c\u3057\u307e\u3059\u3002<\/p>\n<h3>\u8abf\u6574\u53ef\u80fd\u306a\u30a8\u30a2\u30d5\u30ed\u30fc<\/h3>\n<p>\u8abf\u6574\u53ef\u80fd\u306a\u30a8\u30a2\u30d5\u30ed\u30fc\u306b\u3088\u308a\u3001\u30e6\u30fc\u30b6\u30fc\u306f\u5217\u8eca\u306e\u5f37\u5ea6\u3092\u30ab\u30b9\u30bf\u30de\u30a4\u30ba\u3067\u304d\u307e\u3059\u3002\u3053\u308c\u306f\u3001\u521d\u5fc3\u8005\u3068\u7d4c\u9a13\u8c4a\u5bcc\u306a\u30e6\u30fc\u30b6\u30fc\u306e\u4e21\u65b9\u306b\u6700\u9069\u3067\u3059\u3002<\/p>\n<h2>\u3088\u304f\u3042\u308b\u8cea\u554f<\/h2>\n<p><strong>Vapsolo Twins 20000 \u306f\u3069\u306e\u304f\u3089\u3044\u6301\u7d9a\u3057\u307e\u3059\u304b?<\/strong><br \/>\n\u5bff\u547d\u306f\u4f7f\u3044\u65b9\u306b\u3088\u3063\u3066\u7570\u306a\u308a\u307e\u3059\u3002 \u9069\u5ea6\u306a\u4f7f\u7528\u3067\u3001\u30c7\u30d0\u30a4\u30b9\u306f\u6700\u5927 2 \u304b\u6708\u9593\u4f7f\u7528\u3067\u304d\u307e\u3059\u3002<\/p>\n<p><strong>\u30d5\u30ec\u30fc\u30d0\u30fc\u3092\u5207\u308a\u66ff\u3048\u308b\u3053\u3068\u306f\u3067\u304d\u307e\u3059\u304b?<\/strong><br \/>\n\u306f\u3044\u3001\u56de\u8ee2\u3059\u308b\u30de\u30a6\u30b9\u30d4\u30fc\u30b9\u306b\u3088\u308a\u30012 \u3064\u306e\u30d5\u30ec\u30fc\u30d0\u30fc\u3092\u7c21\u5358\u306b\u5207\u308a\u66ff\u3048\u308b\u3053\u3068\u304c\u3067\u304d\u307e\u3059\u3002<\/p>\n<p><strong>\u30d0\u30c3\u30c6\u30ea\u30fc\u3092\u5145\u96fb\u3059\u308b\u306b\u306f\u3069\u3046\u3059\u308c\u3070\u3088\u3044\u3067\u3059\u304b?<\/strong><br \/>\n\u30d0\u30c3\u30c6\u30ea\u30fc\u306f Type-C \u30b1\u30fc\u30d6\u30eb\u3067\u5145\u96fb\u3067\u304d\u307e\u3059\u3002 \u30d5\u30eb\u5145\u96fb\u306b\u306f\u7d04 30 \uff5e 45 \u5206\u304b\u304b\u308a\u307e\u3059\u3002<\/p>\n<p><img fetchpriority=\"high\" decoding=\"async\" src=\"https:\/\/shopvapor.de\/wp-content\/uploads\/2025\/07\/VapSolo-Twins-20000-Puffs-scaled.webp\" alt=\"\u30f4\u30a1\u30d7\u30bd\u30ed \u30c4\u30a4\u30f3\u30ba 20000 \u30d1\u30d5\" width=\"2560\" height=\"1440\" \/><\/p>","protected":false},"excerpt":{"rendered":"<p>Vapsolo Twins 20000 - 25 mL \u306e\u96fb\u5b50\u6db2\u4f53\u300120,000 \u5217\u8eca\u30012 \u30bf\u30f3\u30af \u30b7\u30b9\u30c6\u30e0\u3092\u5099\u3048\u305f\u9ad8\u54c1\u8cea\u306e\u4f7f\u3044\u6368\u3066\u96fb\u5b50\u30bf\u30d0\u30b3\u3092\u3054\u89a7\u304f\u3060\u3055\u3044\u3002 \u518d\u5145\u96fb\u53ef\u80fd\u306a 650 mAh \u30d0\u30c3\u30c6\u30ea\u30fc\u3001\u30a4\u30f3\u30c6\u30ea\u30b8\u30a7\u30f3\u30c8\u306a\u30c7\u30a3\u30b9\u30d7\u30ec\u30a4\u3001\u30c0\u30d6\u30eb \u30c6\u30a4\u30b9\u30c8\u306e\u65b9\u5411\u6027\u306b\u3088\u308a\u3001\u5f37\u70c8\u3067\u7528\u9014\u306e\u5e83\u3044\u4f53\u9a13\u3092\u63d0\u4f9b\u3057\u307e\u3059\u3002 \u54c1\u8cea\u3068\u5feb\u9069\u3055\u3092\u9ad8\u304f\u8a55\u4fa1\u3059\u308b\u8981\u6c42\u306e\u53b3\u3057\u3044\u30e6\u30fc\u30b6\u30fc\u306b\u6700\u9069\u3067\u3059\u3002<\/p>","protected":false},"featured_media":10844,"comment_status":"open","ping_status":"closed","template":"","meta":[],"product_brand":[1152],"product_cat":[1164],"product_tag":[1013,1014,1015,1016,1017,1018],"class_list":{"0":"post-10841","1":"product","2":"type-product","3":"status-publish","4":"has-post-thumbnail","6":"product_brand-vapsolo","7":"product_cat-20000-puffs","8":"product_tag-all-product","9":"product_tag-brand","10":"product_tag-disposable","11":"product_tag-eu-warehouse-vape","12":"product_tag-new-arrival","13":"product_tag-vapsolo","15":"first","16":"instock","17":"sale","18":"shipping-taxable","19":"purchasable","20":"product-type-variable"},"yoast_head":"<!-- This site is optimized with the Yoast SEO plugin v25.8 - https:\/\/yoast.com\/wordpress\/plugins\/seo\/ -->\n<title>VapSolo Twins 20000 Puffs Dual Flavors 25ml Einweg-E-Zigarette - ShopVapor<\/title>\n<meta name=\"description\" content=\"Entdecken Sie die VapSolo Twins 20000 \u2013 eine hochwertige Einweg-E-Zigarette mit 25 ml E-Liquid, 20.000 Z\u00fcgen und Dual-Tank-System. Mit wiederaufladbarem 650-mAh-Akku, intelligentem Display und Doppel-Geschmacksrichtungen bietet sie ein intensives und vielseitiges Erlebnis. Perfekt f\u00fcr anspruchsvolle Nutzer, die Qualit\u00e4t und Komfort sch\u00e4tzen.\" \/>\n<meta name=\"robots\" content=\"index, follow, max-snippet:-1, max-image-preview:large, max-video-preview:-1\" \/>\n<link rel=\"canonical\" href=\"https:\/\/shopvapor.de\/ja\/product\/vapsolo-twins-20000-\u30d1\u30d5-\u30c7\u30e5\u30a2\u30eb-\u30d5\u30ec\u30fc\u30d0\u30fc-25ml-\u4f7f\u3044\u6368\u3066-e-\u30bf\u30d0\u30b3\/\" \/>\n<meta property=\"og:locale\" content=\"ja_JP\" \/>\n<meta property=\"og:type\" content=\"article\" \/>\n<meta property=\"og:title\" content=\"VapSolo Twins 20000 Puffs Dual Flavors 25ml Einweg-E-Zigarette - ShopVapor\" \/>\n<meta property=\"og:description\" content=\"Entdecken Sie die VapSolo Twins 20000 \u2013 eine hochwertige Einweg-E-Zigarette mit 25 ml E-Liquid, 20.000 Z\u00fcgen und Dual-Tank-System. Mit wiederaufladbarem 650-mAh-Akku, intelligentem Display und Doppel-Geschmacksrichtungen bietet sie ein intensives und vielseitiges Erlebnis. Perfekt f\u00fcr anspruchsvolle Nutzer, die Qualit\u00e4t und Komfort sch\u00e4tzen.\" \/>\n<meta property=\"og:url\" content=\"https:\/\/shopvapor.de\/ja\/product\/vapsolo-twins-20000-\u30d1\u30d5-\u30c7\u30e5\u30a2\u30eb-\u30d5\u30ec\u30fc\u30d0\u30fc-25ml-\u4f7f\u3044\u6368\u3066-e-\u30bf\u30d0\u30b3\/\" \/>\n<meta property=\"og:site_name\" content=\"ShopVapor\" \/>\n<meta property=\"article:modified_time\" content=\"2025-10-07T08:03:49+00:00\" \/>\n<meta property=\"og:image\" content=\"https:\/\/shopvapor.de\/wp-content\/uploads\/2025\/07\/vapsolo-twins-20000-puffs-dual-flavors-25ml-einweg-e-zigarette-3.jpg\" \/>\n\t<meta property=\"og:image:width\" content=\"800\" \/>\n\t<meta property=\"og:image:height\" content=\"800\" \/>\n\t<meta property=\"og:image:type\" content=\"image\/jpeg\" \/>\n<meta name=\"twitter:card\" content=\"summary_large_image\" \/>\n<meta name=\"twitter:label1\" content=\"\u63a8\u5b9a\u8aad\u307f\u53d6\u308a\u6642\u9593\" \/>\n\t<meta name=\"twitter:data1\" content=\"3\u5206\" \/>\n<!-- \/ Yoast SEO plugin. -->","yoast_head_json":{"title":"Vapsolo Twins 20000 \u30d1\u30d5 \u30c7\u30e5\u30a2\u30eb \u30d5\u30ec\u30fc\u30d0\u30fc 25ml \u4f7f\u3044\u6368\u3066\u96fb\u5b50\u30bf\u30d0\u30b3 - ShopVapor","description":"Vapsolo Twins 20000 - 25 mL \u306e\u96fb\u5b50\u6db2\u4f53\u300120,000 \u5217\u8eca\u30012 \u30bf\u30f3\u30af \u30b7\u30b9\u30c6\u30e0\u3092\u5099\u3048\u305f\u9ad8\u54c1\u8cea\u306e\u4f7f\u3044\u6368\u3066\u96fb\u5b50\u30bf\u30d0\u30b3\u3092\u3054\u89a7\u304f\u3060\u3055\u3044\u3002 \u518d\u5145\u96fb\u53ef\u80fd\u306a 650 mAh \u30d0\u30c3\u30c6\u30ea\u30fc\u3001\u30a4\u30f3\u30c6\u30ea\u30b8\u30a7\u30f3\u30c8\u306a\u30c7\u30a3\u30b9\u30d7\u30ec\u30a4\u3001\u30c0\u30d6\u30eb \u30c6\u30a4\u30b9\u30c8\u306e\u65b9\u5411\u6027\u306b\u3088\u308a\u3001\u5f37\u70c8\u3067\u7528\u9014\u306e\u5e83\u3044\u4f53\u9a13\u3092\u63d0\u4f9b\u3057\u307e\u3059\u3002 \u54c1\u8cea\u3068\u5feb\u9069\u3055\u3092\u9ad8\u304f\u8a55\u4fa1\u3059\u308b\u8981\u6c42\u306e\u53b3\u3057\u3044\u30e6\u30fc\u30b6\u30fc\u306b\u6700\u9069\u3067\u3059\u3002","robots":{"index":"index","follow":"follow","max-snippet":"max-snippet:-1","max-image-preview":"max-image-preview:large","max-video-preview":"max-video-preview:-1"},"canonical":"https:\/\/shopvapor.de\/ja\/product\/vapsolo-twins-20000-\u30d1\u30d5-\u30c7\u30e5\u30a2\u30eb-\u30d5\u30ec\u30fc\u30d0\u30fc-25ml-\u4f7f\u3044\u6368\u3066-e-\u30bf\u30d0\u30b3\/","og_locale":"ja_JP","og_type":"article","og_title":"VapSolo Twins 20000 Puffs Dual Flavors 25ml Einweg-E-Zigarette - ShopVapor","og_description":"Entdecken Sie die VapSolo Twins 20000 \u2013 eine hochwertige Einweg-E-Zigarette mit 25 ml E-Liquid, 20.000 Z\u00fcgen und Dual-Tank-System. Mit wiederaufladbarem 650-mAh-Akku, intelligentem Display und Doppel-Geschmacksrichtungen bietet sie ein intensives und vielseitiges Erlebnis. Perfekt f\u00fcr anspruchsvolle Nutzer, die Qualit\u00e4t und Komfort sch\u00e4tzen.","og_url":"https:\/\/shopvapor.de\/ja\/product\/vapsolo-twins-20000-\u30d1\u30d5-\u30c7\u30e5\u30a2\u30eb-\u30d5\u30ec\u30fc\u30d0\u30fc-25ml-\u4f7f\u3044\u6368\u3066-e-\u30bf\u30d0\u30b3\/","og_site_name":"ShopVapor","article_modified_time":"2025-10-07T08:03:49+00:00","og_image":[{"width":800,"height":800,"url":"https:\/\/shopvapor.de\/wp-content\/uploads\/2025\/07\/vapsolo-twins-20000-puffs-dual-flavors-25ml-einweg-e-zigarette-3.jpg","type":"image\/jpeg"}],"twitter_card":"summary_large_image","twitter_misc":{"\u63a8\u5b9a\u8aad\u307f\u53d6\u308a\u6642\u9593":"3\u5206"},"schema":{"@context":"https:\/\/schema.org","@graph":[{"@type":"WebPage","@id":"https:\/\/shopvapor.de\/produkt\/vapsolo-twins-20000-puffs-dual-flavors-25ml-einweg-e-zigarette\/","url":"https:\/\/shopvapor.de\/produkt\/vapsolo-twins-20000-puffs-dual-flavors-25ml-einweg-e-zigarette\/","name":"Vapsolo Twins 20000 \u30d1\u30d5 \u30c7\u30e5\u30a2\u30eb \u30d5\u30ec\u30fc\u30d0\u30fc 25ml \u4f7f\u3044\u6368\u3066\u96fb\u5b50\u30bf\u30d0\u30b3 - ShopVapor","isPartOf":{"@id":"https:\/\/shopvapor.de\/#website"},"primaryImageOfPage":{"@id":"https:\/\/shopvapor.de\/produkt\/vapsolo-twins-20000-puffs-dual-flavors-25ml-einweg-e-zigarette\/#primaryimage"},"image":{"@id":"https:\/\/shopvapor.de\/produkt\/vapsolo-twins-20000-puffs-dual-flavors-25ml-einweg-e-zigarette\/#primaryimage"},"thumbnailUrl":"https:\/\/shopvapor.de\/wp-content\/uploads\/2025\/07\/vapsolo-twins-20000-puffs-dual-flavors-25ml-einweg-e-zigarette-3.jpg","datePublished":"2025-07-02T08:15:27+00:00","dateModified":"2025-10-07T08:03:49+00:00","description":"Vapsolo Twins 20000 - 25 mL \u306e\u96fb\u5b50\u6db2\u4f53\u300120,000 \u5217\u8eca\u30012 \u30bf\u30f3\u30af \u30b7\u30b9\u30c6\u30e0\u3092\u5099\u3048\u305f\u9ad8\u54c1\u8cea\u306e\u4f7f\u3044\u6368\u3066\u96fb\u5b50\u30bf\u30d0\u30b3\u3092\u3054\u89a7\u304f\u3060\u3055\u3044\u3002 \u518d\u5145\u96fb\u53ef\u80fd\u306a 650 mAh \u30d0\u30c3\u30c6\u30ea\u30fc\u3001\u30a4\u30f3\u30c6\u30ea\u30b8\u30a7\u30f3\u30c8\u306a\u30c7\u30a3\u30b9\u30d7\u30ec\u30a4\u3001\u30c0\u30d6\u30eb \u30c6\u30a4\u30b9\u30c8\u306e\u65b9\u5411\u6027\u306b\u3088\u308a\u3001\u5f37\u70c8\u3067\u7528\u9014\u306e\u5e83\u3044\u4f53\u9a13\u3092\u63d0\u4f9b\u3057\u307e\u3059\u3002 \u54c1\u8cea\u3068\u5feb\u9069\u3055\u3092\u9ad8\u304f\u8a55\u4fa1\u3059\u308b\u8981\u6c42\u306e\u53b3\u3057\u3044\u30e6\u30fc\u30b6\u30fc\u306b\u6700\u9069\u3067\u3059\u3002","breadcrumb":{"@id":"https:\/\/shopvapor.de\/produkt\/vapsolo-twins-20000-puffs-dual-flavors-25ml-einweg-e-zigarette\/#breadcrumb"},"inLanguage":"ja","potentialAction":[{"@type":"ReadAction","target":["https:\/\/shopvapor.de\/produkt\/vapsolo-twins-20000-puffs-dual-flavors-25ml-einweg-e-zigarette\/"]}]},{"@type":"ImageObject","inLanguage":"ja","@id":"https:\/\/shopvapor.de\/produkt\/vapsolo-twins-20000-puffs-dual-flavors-25ml-einweg-e-zigarette\/#primaryimage","url":"https:\/\/shopvapor.de\/wp-content\/uploads\/2025\/07\/vapsolo-twins-20000-puffs-dual-flavors-25ml-einweg-e-zigarette-3.jpg","contentUrl":"https:\/\/shopvapor.de\/wp-content\/uploads\/2025\/07\/vapsolo-twins-20000-puffs-dual-flavors-25ml-einweg-e-zigarette-3.jpg","width":800,"height":800},{"@type":"BreadcrumbList","@id":"https:\/\/shopvapor.de\/produkt\/vapsolo-twins-20000-puffs-dual-flavors-25ml-einweg-e-zigarette\/#breadcrumb","itemListElement":[{"@type":"ListItem","position":1,"name":"Startseite","item":"https:\/\/shopvapor.de\/"},{"@type":"ListItem","position":2,"name":"Shop","item":"https:\/\/shopvapor.de\/shop\/"},{"@type":"ListItem","position":3,"name":"VapSolo Twins 20000 Puffs Dual Flavors 25ml Einweg-E-Zigarette"}]},{"@type":"WebSite","@id":"https:\/\/shopvapor.de\/#website","url":"https:\/\/shopvapor.de\/","name":"\u30b7\u30e7\u30c3\u30d7\u30d9\u30fc\u30d1\u30fc","description":"","potentialAction":[{"@type":"SearchAction","target":{"@type":"EntryPoint","urlTemplate":"https:\/\/shopvapor.de\/?s={search_term_string}"},"query-input":{"@type":"PropertyValueSpecification","valueRequired":true,"valueName":"search_term_string"}}],"inLanguage":"ja"}]}},"_links":{"self":[{"href":"https:\/\/shopvapor.de\/ja\/wp-json\/wp\/v2\/product\/10841","targetHints":{"allow":["GET"]}}],"collection":[{"href":"https:\/\/shopvapor.de\/ja\/wp-json\/wp\/v2\/product"}],"about":[{"href":"https:\/\/shopvapor.de\/ja\/wp-json\/wp\/v2\/types\/product"}],"replies":[{"embeddable":true,"href":"https:\/\/shopvapor.de\/ja\/wp-json\/wp\/v2\/comments?post=10841"}],"version-history":[{"count":3,"href":"https:\/\/shopvapor.de\/ja\/wp-json\/wp\/v2\/product\/10841\/revisions"}],"predecessor-version":[{"id":12169,"href":"https:\/\/shopvapor.de\/ja\/wp-json\/wp\/v2\/product\/10841\/revisions\/12169"}],"wp:featuredmedia":[{"embeddable":true,"href":"https:\/\/shopvapor.de\/ja\/wp-json\/wp\/v2\/media\/10844"}],"wp:attachment":[{"href":"https:\/\/shopvapor.de\/ja\/wp-json\/wp\/v2\/media?parent=10841"}],"wp:term":[{"taxonomy":"product_brand","embeddable":true,"href":"https:\/\/shopvapor.de\/ja\/wp-json\/wp\/v2\/product_brand?post=10841"},{"taxonomy":"product_cat","embeddable":true,"href":"https:\/\/shopvapor.de\/ja\/wp-json\/wp\/v2\/product_cat?post=10841"},{"taxonomy":"product_tag","embeddable":true,"href":"https:\/\/shopvapor.de\/ja\/wp-json\/wp\/v2\/product_tag?post=10841"}],"curies":[{"name":"wp","href":"https:\/\/api.w.org\/{rel}","templated":true}]}}