{"id":10842,"date":"2025-07-02T08:15:27","date_gmt":"2025-07-02T08:15:27","guid":{"rendered":"https:\/\/shopvapor.de\/?post_type=product&#038;p=10842"},"modified":"2025-07-30T01:54:45","modified_gmt":"2025-07-30T01:54:45","slug":"vapsolo-%e3%83%88%e3%83%aa%e3%83%97%e3%83%ab-30k-30000-%e3%83%91%e3%83%95-45ml-%e4%bd%bf%e3%81%84%e6%8d%a8%e3%81%a6-e-%e3%82%bf%e3%83%90%e3%82%b3-%e3%83%88%e3%83%aa%e3%83%97%e3%83%ab%e3%83%95%e3%83%ac","status":"publish","type":"product","link":"https:\/\/shopvapor.de\/ja\/product\/vapsolo-%e3%83%88%e3%83%aa%e3%83%97%e3%83%ab-30k-30000-%e3%83%91%e3%83%95-45ml-%e4%bd%bf%e3%81%84%e6%8d%a8%e3%81%a6-e-%e3%82%bf%e3%83%90%e3%82%b3-%e3%83%88%e3%83%aa%e3%83%97%e3%83%ab%e3%83%95%e3%83%ac\/","title":{"rendered":"Vapsolo \u30c8\u30ea\u30d7\u30eb 30K 30000 \u30d1\u30d5 45ml \u4f7f\u3044\u6368\u3066\u96fb\u5b50\u30bf\u30d0\u30b3 \u30c8\u30ea\u30d7\u30eb\u30d5\u30ec\u30fc\u30d0\u30fc"},"content":{"rendered":"<h2>\u30f4\u30a1\u30d7\u30bd\u30ed \u30c8\u30ea\u30d7\u30eb 30000 \u306e\u7d39\u4ecb<\/h2>\n<p>Vapsolo Triple 30000 \u306f\u3001\u9769\u65b0\u7684\u306a\u4f7f\u3044\u6368\u3066\u96fb\u5b50\u30bf\u30d0\u30b3\u3067\u3001\u305d\u306e\u5927\u5bb9\u91cf\u3067\u7528\u9014\u306e\u5e83\u3044\u30d5\u30ec\u30fc\u30d0\u30fc \u30aa\u30d7\u30b7\u30e7\u30f3\u3068\u30e6\u30fc\u30b6\u30fc \u30d5\u30ec\u30f3\u30c9\u30ea\u30fc\u306a\u30c6\u30af\u30ce\u30ed\u30b8\u30fc\u304c\u5370\u8c61\u7684\u3067\u3059\u3002 \u6700\u5927 30,000 \u306e\u5217\u8eca\u3068\u72ec\u81ea\u306e 3 \u3064\u306e\u30c6\u30a4\u30b9\u30c6\u30a3\u30f3\u30b0 \u30b7\u30b9\u30c6\u30e0\u3092\u5099\u3048\u305f\u3053\u306e\u30c7\u30d0\u30a4\u30b9\u306f\u3001\u54c1\u8cea\u3068\u591a\u69d8\u6027\u3092\u91cd\u8996\u3059\u308b\u30e6\u30fc\u30b6\u30fc\u306b\u67d4\u8edf\u3067\u8010\u4e45\u6027\u306e\u3042\u308b\u30bd\u30ea\u30e5\u30fc\u30b7\u30e7\u30f3\u3092\u63d0\u4f9b\u3057\u307e\u3059\u3002 Vapsolo \u30d6\u30e9\u30f3\u30c9\u306f\u3001\u7cbe\u5bc6\u306a\u6280\u91cf\u3068\u4fe1\u983c\u6027\u306e\u9ad8\u3044\u6027\u80fd\u3092\u8a87\u308b\u3001\u3053\u306e\u88fd\u54c1\u306f\u4f7f\u3044\u6368\u3066\u96fb\u5b50\u30bf\u30d0\u30b3\u306e\u7b2c\u4e00\u7d1a\u306e\u9078\u629e\u80a2\u3068\u306a\u308a\u307e\u3059\u3002<\/p>\n<h2>\u88fd\u54c1\u306e\u30d1\u30e9\u30e1\u30fc\u30bf\u3092\u4e00\u76ee\u3067\u628a\u63e1<\/h2>\n<p>Vapsolo Triple 30000 \u306f\u3001\u9ad8\u5ea6\u306a\u6280\u8853\u3068\u5b9f\u7528\u7684\u306a\u30c7\u30b6\u30a4\u30f3\u3092\u7d44\u307f\u5408\u308f\u305b\u3066\u3044\u307e\u3059\u3002 \u30c7\u30d0\u30a4\u30b9\u306e\u6a5f\u80fd\u3068\u5229\u70b9\u3092\u8aac\u660e\u3059\u308b\u305f\u3081\u306b\u3001\u4e3b\u8981\u306a\u30d1\u30e9\u30e1\u30fc\u30bf\u3092\u4ee5\u4e0b\u306b\u8a73\u3057\u304f\u8aac\u660e\u3057\u307e\u3059\u3002<\/p>\n<h3>\u30cb\u30b3\u30c1\u30f3\u306e\u542b\u6709\u91cf: \u500b\u3005\u306e\u30cb\u30fc\u30ba\u306b\u5bfe\u5fdc\u3067\u304d\u308b\u67d4\u8edf\u6027<\/h3>\n<p>Vapsolo Triple 30000 \u306f\u3001\u30cb\u30b3\u30c1\u30f3\u5f37\u5ea6 0 %\u30012 %\u30013 % \u304a\u3088\u3073 5 % \u3067\u5229\u7528\u3067\u304d\u307e\u3059\u3002\u3053\u306e\u9078\u629e\u306b\u3088\u308a\u3001\u30cb\u30b3\u30c1\u30f3\u3092\u542b\u307e\u306a\u3044\u4f53\u9a13\u3084\u5f93\u6765\u306e\u30bf\u30d0\u30b3\u306e\u4ee3\u308f\u308a\u306b\u3001\u30e6\u30fc\u30b6\u30fc\u306f\u81ea\u5206\u306e\u597d\u307f\u306b\u5408\u308f\u305b\u3066\u5f37\u5ea6\u3092\u8abf\u6574\u3067\u304d\u307e\u3059\u3002 \u5229\u70b9\u306f\u3001\u521d\u5fc3\u8005\u3068\u7d4c\u9a13\u8c4a\u5bcc\u306a\u30e6\u30fc\u30b6\u30fc\u306e\u4e21\u65b9\u304c\u5bfe\u5fdc\u3067\u304d\u308b\u9069\u5fdc\u6027\u306b\u3042\u308a\u307e\u3059\u3002<\/p>\n<h3>\u96fb\u5b50\u6db2\u4f53\u5bb9\u91cf: 45ml \u9577\u671f\u4f7f\u7528<\/h3>\n<p>3 \u3064\u306e 15 mL \u30c1\u30e3\u30f3\u30d0\u30fc\u306b\u5206\u5272\u3055\u308c\u305f 45 mL \u306e\u96fb\u5b50\u6db2\u4f53\u5bb9\u91cf\u3067\u3001Vapsolo Triple 30000 \u306f\u3001\u975e\u5e38\u306b\u9577\u3044\u5bff\u547d\u3092\u63d0\u4f9b\u3057\u307e\u3059\u3002 \u5404\u30c1\u30e3\u30f3\u30d0\u30fc\u306b\u306f\u72ec\u81ea\u306e\u30d5\u30ec\u30fc\u30d0\u30fc\u304c\u542b\u307e\u308c\u3066\u304a\u308a\u3001\u8a70\u3081\u66ff\u3048\u3092\u305b\u305a\u306b\u591a\u69d8\u6027\u3092\u9ad8\u3081\u307e\u3059\u3002 \u3053\u308c\u306b\u3088\u308a\u3001\u3053\u306e\u30c7\u30d0\u30a4\u30b9\u306f\u65e5\u5e38\u7684\u306b\u4f7f\u7528\u3059\u308b\u306e\u306b\u7279\u306b\u4fbf\u5229\u3067\u3059\u3002<\/p>\n<h3>\u30d0\u30c3\u30c6\u30ea\u30fc: Type-C \u6025\u901f\u5145\u96fb\u3067 650 mAh<\/h3>\n<p>\u7d71\u5408\u3055\u308c\u305f 650 mAh \u30d0\u30c3\u30c6\u30ea\u30fc\u306f\u3001\u4fe1\u983c\u3067\u304d\u308b\u96fb\u6e90\u3092\u63d0\u4f9b\u3057\u3001\u591a\u6570\u306e\u5217\u8eca\u3092\u30b5\u30dd\u30fc\u30c8\u3057\u307e\u3059\u3002 Type-C \u306e\u6025\u901f\u5145\u96fb\u6a5f\u80fd\u306b\u3088\u308a\u3001\u30c7\u30d0\u30a4\u30b9\u306f\u3059\u3050\u306b\u4f7f\u7528\u3067\u304d\u308b\u3088\u3046\u306b\u306a\u308a\u3001\u4e2d\u65ad\u3092\u6700\u5c0f\u9650\u306b\u6291\u3048\u307e\u3059\u3002 \u5bb9\u91cf\u3068\u5145\u96fb\u52b9\u7387\u306e\u7d44\u307f\u5408\u308f\u305b\u306b\u3088\u308a\u3001\u4e00\u5b9a\u306e\u6027\u80fd\u304c\u4fdd\u8a3c\u3055\u308c\u307e\u3059\u3002<\/p>\n<h3>\u30e1\u30c3\u30b7\u30e5 \u30b3\u30a4\u30eb \u30c6\u30af\u30ce\u30ed\u30b8\u30fc: 3 \u3064\u306e\u30b3\u30a4\u30eb\u3067\u5f37\u70c8\u306a\u98a8\u5473\u3092\u5b9f\u73fe<\/h3>\n<p>Vapsolo Triple 30000 \u306f\u3001\u62b5\u6297 1.0 \u03a9 \u306e 3 \u3064\u306e\u30e1\u30c3\u30b7\u30e5 \u30b3\u30a4\u30eb\u3092\u4f7f\u7528\u3057\u3066\u304a\u308a\u3001\u52a0\u71b1\u3068\u5f37\u70c8\u306a\u30d5\u30ec\u30fc\u30d0\u30fc\u306e\u958b\u767a\u3092\u4fdd\u8a3c\u3057\u307e\u3059\u3002 \u3053\u306e\u6280\u8853\u306f\u3001\u96fb\u5b50\u6db2\u4f53\u306e\u4f7f\u7528\u52b9\u7387\u3092\u6700\u5927\u5316\u3057\u3001\u5f15\u3063\u5f35\u308b\u305f\u3073\u306b\u8c4a\u304b\u306a\u9999\u308a\u3092\u3082\u305f\u3089\u3057\u307e\u3059\u3002 \u5229\u70b9\u306f\u3001\u5473\u899a\u306e\u518d\u73fe\u6027\u3068\u54c1\u8cea\u3067\u3059\u3002<\/p>\n<h3>LCD \u30c7\u30a3\u30b9\u30d7\u30ec\u30a4: \u30ea\u30a2\u30eb\u30bf\u30a4\u30e0\u60c5\u5831<\/h3>\n<p>\u7d71\u5408 LCD \u30c7\u30a3\u30b9\u30d7\u30ec\u30a4\u306b\u306f\u3001\u5217\u8eca\u306e\u6570\u3001\u30d0\u30c3\u30c6\u30ea\u30fc \u30ec\u30d9\u30eb\u3001\u9078\u629e\u3057\u305f\u30d5\u30ec\u30fc\u30d0\u30fc\u304c\u30ea\u30a2\u30eb\u30bf\u30a4\u30e0\u3067\u8868\u793a\u3055\u308c\u307e\u3059\u3002 \u30e6\u30fc\u30b6\u30fc\u306f\u5e38\u306b\u8ffd\u8de1\u3059\u308b\u305f\u3081\u3001\u3053\u306e\u6a5f\u80fd\u306b\u3088\u308a\u4f7f\u3044\u3084\u3059\u3055\u304c\u5411\u4e0a\u3057\u307e\u3059\u3002 \u30af\u30ea\u30a2\u306a\u30c7\u30a3\u30b9\u30d7\u30ec\u30a4\u306f\u3001\u30c7\u30d0\u30a4\u30b9\u306e\u6700\u65b0\u306e\u5411\u304d\u3092\u5f37\u8abf\u3057\u3066\u3044\u307e\u3059\u3002<\/p>\n<h3>3 \u5473\u306e\u30b7\u30b9\u30c6\u30e0: \u30b7\u30fc\u30e0\u30ec\u30b9\u306a\u5909\u66f4<\/h3>\n<p>\u9769\u65b0\u7684\u306a 3 \u30c1\u30e3\u30f3\u30d0\u30fc\u306e\u30c7\u30b6\u30a4\u30f3\u306b\u3088\u308a\u3001\u30de\u30a6\u30b9\u30d4\u30fc\u30b9\u3092\u56de\u3059\u3060\u3051\u3067 3 \u3064\u306e\u30d5\u30ec\u30fc\u30d0\u30fc\u3092\u5207\u308a\u66ff\u3048\u308b\u3053\u3068\u304c\u3067\u304d\u307e\u3059\u3002 \u5404\u30c1\u30e3\u30f3\u30d0\u30fc\u306f\u72ec\u7acb\u3057\u3066\u3044\u308b\u305f\u3081\u3001\u30d5\u30ec\u30fc\u30d0\u30fc\u306e\u30d6\u30ec\u30f3\u30c9\u306f\u3042\u308a\u307e\u305b\u3093\u3002 \u3053\u308c\u306b\u3088\u308a\u3001\u5358\u4e00\u306e\u30c7\u30d0\u30a4\u30b9\u3067\u6bd4\u985e\u306e\u306a\u3044\u67d4\u8edf\u6027\u3068\u591a\u69d8\u6027\u304c\u5f97\u3089\u308c\u307e\u3059\u3002<\/p>\n<h2>\u30f4\u30a1\u30d7\u30bd\u30ed \u30c8\u30ea\u30d7\u30eb 30000 \u306e\u3055\u307e\u3056\u307e\u306a\u30d5\u30ec\u30fc\u30d0\u30fc<\/h2>\n<p>Vapsolo Triple 30000 \u306f\u3001\u5e45\u5e83\u3044\u597d\u307f\u306b\u5bfe\u5fdc\u3059\u308b\u3088\u3046\u306b\u614e\u91cd\u306b\u8a2d\u8a08\u3055\u308c\u305f 10 \u306e\u30e6\u30cb\u30fc\u30af\u306a\u30d5\u30ec\u30fc\u30d0\u30fc\u306e\u7d44\u307f\u5408\u308f\u305b\u3092\u63d0\u4f9b\u3057\u307e\u3059\u3002 \u5404\u7d44\u307f\u5408\u308f\u305b\u306f\u3001\u30de\u30a6\u30b9\u30d4\u30fc\u30b9\u3092\u56de\u3059\u3053\u3068\u3067\u5909\u66f4\u3067\u304d\u308b 3 \u3064\u306e\u30d5\u30ec\u30fc\u30d0\u30fc\u3067\u69cb\u6210\u3055\u308c\u3066\u3044\u307e\u3059\u3002 \u4f7f\u7528\u53ef\u80fd\u306a\u7d44\u307f\u5408\u308f\u305b\u306f\u6b21\u306e\u3068\u304a\u308a\u3067\u3059\u3002<\/p>\n<p>1.\u30b9\u30a4\u30ab\u30a2\u30a4\u30b9 &amp; \u30ec\u30c3\u30c9\u30d6\u30eb &amp; \u30b9\u30c8\u30ed\u30d9\u30ea\u30fc \u30ad\u30a6\u30a4<br \/>\n2.\u30ec\u30e2\u30f3\u30e9\u30a4\u30e0\u3001\u30b9\u30c8\u30ed\u30d9\u30ea\u30fc\u30b9\u30a4\u30ab\u3001\u30d6\u30eb\u30fc\u30d9\u30ea\u30fc\u30a2\u30a4\u30b9<br \/>\n3.\u30b9\u30c8\u30ed\u30d9\u30ea\u30fc\u30d0\u30ca\u30ca\u3068\u30e9\u30ba\u30d9\u30ea\u30fc\u306e\u30b9\u30a4\u30ab\u3068\u30ec\u30e2\u30f3\u30e9\u30a4\u30e0<br \/>\n4.\u30b9\u30c8\u30ed\u30d9\u30ea\u30fc \u30ad\u30a6\u30a4 &amp; \u30e9\u30d6 66 &amp; \u30c1\u30a7\u30ea\u30fc \u30b3\u30fc\u30e9<br \/>\n5. \u30c8\u30ed\u30d4\u30ab\u30eb \u30d5\u30eb\u30fc\u30c4 &amp; \u30b9\u30c8\u30ed\u30d9\u30ea\u30fc \u30b9\u30a4\u30ab &amp; \u30ec\u30e2\u30f3 \u30d4\u30fc\u30c1<br \/>\n6.\u30d1\u30a4\u30ca\u30c3\u30d7\u30eb\u30b3\u30b3\u30ca\u30c3\u30c4\uff06\u30b9\u30c8\u30ed\u30d9\u30ea\u30fc\u30d0\u30ca\u30ca\uff06\u30d6\u30eb\u30fc\u30e9\u30ba<br \/>\n7.\u30b9\u30c8\u30ed\u30d9\u30ea\u30fc \u30e9\u30ba\u30d9\u30ea\u30fc &amp; \u30c1\u30a7\u30ea\u30fc \u30d9\u30ea\u30fc &amp; \u30b0\u30ec\u30fc\u30d7 \u30df\u30f3\u30c8<br \/>\n8.\u30e9\u30ba\u30d9\u30ea\u30fc \u30b9\u30a4\u30ab &amp; \u30de\u30f3\u30b4\u30fc \u30d4\u30fc\u30c1 &amp; \u30b9\u30c8\u30ed\u30d9\u30ea\u30fc \u30ad\u30a6\u30a4<br \/>\n9.\u30b9\u30c8\u30ed\u30d9\u30ea\u30fc \u30d0\u30cb\u30e9 \u30b3\u30fc\u30af &amp; \u30d6\u30eb\u30fc\u30d9\u30ea\u30fc \u30e9\u30ba\u30d9\u30ea\u30fc &amp; \u30ec\u30e2\u30f3 \u30e9\u30a4\u30e0<br \/>\n10.\u30b9\u30a4\u30ab\u30a2\u30a4\u30b9\uff06\u30b9\u30c8\u30ed\u30d9\u30ea\u30fc\u30a2\u30a4\u30b9\u30af\u30ea\u30fc\u30e0\uff06\u30c8\u30ea\u30d7\u30eb\u30e1\u30ed\u30f3<br \/>\n11.\u30ad\u30a6\u30a4 \u30d1\u30c3\u30b7\u30e7\u30f3 \u30d5\u30eb\u30fc\u30c4 &amp; \u30e9\u30d6 66 &amp; \u30d0\u30cb\u30e9<br \/>\n12.\u30d4\u30fc\u30c1\u30a2\u30a4\u30b9\uff06\u30c9\u30e9\u30b4\u30f3\u30d5\u30eb\u30fc\u30c4\u30a2\u30a4\u30b9\uff06\u30df\u30c3\u30af\u30b9\u30d5\u30eb\u30fc\u30c4<br \/>\n13.\u30d4\u30fc\u30c1\u30d9\u30ea\u30fc\uff06\u30d6\u30e9\u30c3\u30af\u30a2\u30a4\u30b9\uff06\u30b9\u30bf\u30fc\u30d9\u30ea\u30fc\u30d0\u30cb\u30e9\u30b3\u30fc\u30e9<br \/>\n14.\u30d6\u30eb\u30fc\u30d9\u30ea\u30fc\u30fb\u30b9\u30fc\u30fb\u30e9\u30ba\u30d9\u30ea\u30fc\u30fb\u30b9\u30c8\u30ed\u30d9\u30ea\u30fc\u30fb\u30de\u30f3\u30b4\u30fc\uff06\u30ec\u30e2\u30f3\u30b3\u30fc\u30e9<br \/>\n15.\u30d6\u30e9\u30c3\u30af\u30ab\u30e9\u30f3\u30c8\u30a2\u30a4\u30b9 &amp; \u30d4\u30f3\u30af\u30ec\u30e2\u30cd\u30fc\u30c9 &amp; \u30ad\u30a6\u30a4 \u30d1\u30c3\u30b7\u30e7\u30f3 \u30d5\u30eb\u30fc\u30c4 \u30b0\u30a2\u30d0<\/p>\n<p>\u3053\u308c\u3089\u306e\u7d44\u307f\u5408\u308f\u305b\u306f\u3001\u30d5\u30eb\u30fc\u30c6\u30a3\u30fc\u3067\u3055\u308f\u3084\u304b\u3067\u7518\u3044\u30ce\u30fc\u30c8\u306e\u30d0\u30e9\u30f3\u30b9\u3092\u63d0\u4f9b\u3057\u3001\u591a\u69d8\u6027\u3092\u63d0\u4f9b\u3057\u3001\u9769\u65b0\u7684\u306a\u30b5\u30d7\u30e9\u30a4\u30e4\u30fc\u3068\u3057\u3066\u306e Vapsolo \u30d6\u30e9\u30f3\u30c9\u3092\u5f37\u8abf\u3057\u307e\u3059\u3002<\/p>\n<p><img fetchpriority=\"high\" decoding=\"async\" class=\"wp-image-11788 size-full\" title=\"\u30f4\u30a1\u30d7\u30bd\u30ed \u30c8\u30ea\u30d7\u30eb 30K 30000 \u30d1\u30d5\" src=\"https:\/\/shopvapor.de\/wp-content\/uploads\/2025\/07\/Vapsolo-Triple-30k-30000-Puffs.png\" alt=\"\u30f4\u30a1\u30d7\u30bd\u30ed \u30c8\u30ea\u30d7\u30eb 30K 30000 \u30d1\u30d5\" width=\"1394\" height=\"930\" srcset=\"https:\/\/shopvapor.de\/wp-content\/uploads\/2025\/07\/Vapsolo-Triple-30k-30000-Puffs.png 1394w, https:\/\/shopvapor.de\/wp-content\/uploads\/2025\/07\/Vapsolo-Triple-30k-30000-Puffs-400x267.png 400w, https:\/\/shopvapor.de\/wp-content\/uploads\/2025\/07\/Vapsolo-Triple-30k-30000-Puffs-1199x800.png 1199w, https:\/\/shopvapor.de\/wp-content\/uploads\/2025\/07\/Vapsolo-Triple-30k-30000-Puffs-768x512.png 768w, https:\/\/shopvapor.de\/wp-content\/uploads\/2025\/07\/Vapsolo-Triple-30k-30000-Puffs-430x287.png 430w, https:\/\/shopvapor.de\/wp-content\/uploads\/2025\/07\/Vapsolo-Triple-30k-30000-Puffs-700x467.png 700w, https:\/\/shopvapor.de\/wp-content\/uploads\/2025\/07\/Vapsolo-Triple-30k-30000-Puffs-180x120.png 180w\" sizes=\"(max-width: 1394px) 100vw, 1394px\" \/><\/p>\n<h2>\u30f4\u30a1\u30d7\u30bd\u30ed \u30c8\u30ea\u30d7\u30eb 30000 \u306b\u3064\u3044\u3066\u3088\u304f\u3042\u308b\u8cea\u554f<\/h2>\n<h4>\u30f4\u30a1\u30d7\u30bd\u30ed \u30c8\u30ea\u30d7\u30eb 30000 \u306f\u3069\u306e\u304f\u3089\u3044\u6301\u3061\u307e\u3059\u304b?<\/h4>\n<p>\u8010\u7528\u5e74\u6570\u306f\u4f7f\u7528\u983b\u5ea6\u306b\u3088\u3063\u3066\u7570\u306a\u308a\u307e\u3059\u304c\u3001\u6700\u5927 30,000 \u5217\u306e\u5217\u8eca\u3068 45 ml \u306e\u96fb\u5b50\u6db2\u4f53\u3067\u3001\u3053\u306e\u88c5\u7f6e\u306f\u9577\u671f\u4f7f\u7528\u306e\u305f\u3081\u306b\u8a2d\u8a08\u3055\u308c\u3066\u3044\u307e\u3059\u3002 \u5e73\u5747\u7684\u306a\u4f7f\u7528\u3067\u3001\u6570\u9031\u9593\u6301\u7d9a\u3059\u308b\u3053\u3068\u304c\u3042\u308a\u307e\u3059\u3002<\/p>\n<h4>\u4f7f\u7528\u4e2d\u306b\u5473\u3092\u6df7\u305c\u3066\u3082\u3044\u3044\u3067\u3059\u304b\uff1f<\/h4>\n<p>\u3044\u3044\u3048\u30013 \u30c1\u30e3\u30f3\u30d0\u30fc\u306e\u30c7\u30b6\u30a4\u30f3\u306b\u3088\u308a\u3001\u30d5\u30ec\u30fc\u30d0\u30fc\u304c\u5206\u96e2\u3057\u305f\u307e\u307e\u306b\u306a\u308a\u307e\u3059\u3002 \u5404\u30c1\u30e3\u30f3\u30d0\u30fc\u306f\u72ec\u7acb\u3057\u3066\u304a\u308a\u3001\u5909\u66f4\u306f\u91cd\u8907\u3059\u308b\u3053\u3068\u306a\u304f\u30af\u30ea\u30fc\u30f3\u3067\u3059\u3002<\/p>\n<h4>Vapsolo Triple 30000 \u306f\u521d\u5fc3\u8005\u306b\u9069\u3057\u3066\u3044\u307e\u3059\u304b?<\/h4>\n<p>\u306f\u3044\u3001\u8907\u96d1\u306a\u8a2d\u5b9a\u306f\u5fc5\u8981\u306a\u3044\u305f\u3081\u3001\u3053\u306e\u30c7\u30d0\u30a4\u30b9\u306f\u30e6\u30fc\u30b6\u30fc \u30d5\u30ec\u30f3\u30c9\u30ea\u30fc\u3067\u3059\u3002 \u6db2\u6676\u30c7\u30a3\u30b9\u30d7\u30ec\u30a4\u3068\u30b7\u30f3\u30d7\u30eb\u306a\u5473\u306e\u5909\u66f4\u306b\u3088\u308a\u3001\u521d\u5fc3\u8005\u3084\u7d4c\u9a13\u8c4a\u5bcc\u306a\u30e6\u30fc\u30b6\u30fc\u306b\u6700\u9069\u3067\u3059\u3002<\/p>\n<h4>\u30d0\u30c3\u30c6\u30ea\u30fc\u306f\u3069\u306e\u304f\u3089\u3044\u306e\u983b\u5ea6\u3067\u5145\u96fb\u3059\u308b\u5fc5\u8981\u304c\u3042\u308a\u307e\u3059\u304b?<\/h4>\n<p>650 mAh \u306e\u30d0\u30c3\u30c6\u30ea\u30fc\u306f\u3001\u305d\u306e\u4f7f\u7528\u6cd5\u306b\u5fdc\u3058\u3066\u6570\u65e5\u9593\u6301\u7d9a\u3057\u307e\u3059\u3002 Type-C \u306e\u6025\u901f\u5145\u96fb\u306b\u3088\u308a\u3001\u5145\u96fb\u306f\u3059\u3070\u3084\u304f\u7c21\u5358\u306b\u884c\u308f\u308c\u308b\u305f\u3081\u3001\u9577\u6642\u9593\u306e\u5272\u8fbc\u307f\u306f\u56de\u907f\u3055\u308c\u307e\u3059\u3002<\/p>\n<h4>\u30d5\u30ec\u30fc\u30d0\u30fc\u3092\u4f7f\u3044\u5207\u308b\u3068\u3069\u3046\u306a\u308b\uff1f<\/h4>\n<p>\u5404\u30c1\u30e3\u30f3\u30d0\u30fc\u306b\u306f 15 mL \u306e\u96fb\u5b50\u6db2\u4f53\u304c\u542b\u307e\u308c\u3066\u304a\u308a\u3001\u5217\u8eca\u306f\u5747\u7b49\u306b\u5206\u5e03\u3057\u3066\u3044\u307e\u3059\u3002 \u30c1\u30e3\u30f3\u30d0\u30fc\u304c\u3088\u308a\u901f\u304f\u7a7a\u306b\u306a\u308c\u3070\u3001\u30c7\u30d0\u30a4\u30b9\u5168\u4f53\u304c\u4f7f\u3044\u679c\u305f\u3055\u308c\u308b\u307e\u3067\u3001\u4ed6\u306e\u30d5\u30ec\u30fc\u30d0\u30fc\u3092\u4f7f\u7528\u3067\u304d\u307e\u3059\u3002<\/p>\n<h4>\u30c7\u30d0\u30a4\u30b9\u306f\u65e5\u5e38\u4f7f\u7528\u306b\u9069\u3057\u3066\u3044\u307e\u3059\u304b?<\/h4>\n<p>\u7d76\u5bfe\u306b\u3001\u5927\u5bb9\u91cf\u3001\u9577\u6301\u3061\u3059\u308b\u30d0\u30c3\u30c6\u30ea\u30fc\u3001\u30d5\u30ec\u30fc\u30d0\u30fc\u3092\u5207\u308a\u66ff\u3048\u308b\u53ef\u80fd\u6027\u304c\u3042\u308b\u305f\u3081\u3001Vapsolo Triple 30000 \u306f\u65e5\u5e38\u7684\u306a\u4f7f\u7528\u306b\u6700\u9069\u3067\u3059\u3002<\/p>","protected":false},"excerpt":{"rendered":"<div>\n<p dir=\"auto\">Vapsolo Triple 30000 \u4f7f\u3044\u6368\u3066 30,000 \u30d1\u30a4\u30b8\u306e\u30bf\u30d0\u30b3\u300145 ml \u306e\u96fb\u5b50\u6db2\u4f53\u30013 \u30bf\u30c3\u30b7\u30fc \u30b7\u30b9\u30c6\u30e0\u3001LCD \u30c7\u30a3\u30b9\u30d7\u30ec\u30a4\u3002 \u67d4\u8edf\u306a\u30cb\u30b3\u30c1\u30f3\u306e\u5f37\u307f\u3001\u30e1\u30c3\u30b7\u30e5 \u30b3\u30a4\u30eb \u30c6\u30af\u30ce\u30ed\u30b8\u30fc\u3001\u305d\u3057\u3066\u9577\u6301\u3061\u3059\u308b\u591a\u5f69\u306a\u30d5\u30ec\u30fc\u30d0\u30fc\u3092\u767a\u898b\u3057\u3066\u304f\u3060\u3055\u3044\u3002<\/p>\n<\/div>","protected":false},"featured_media":10866,"comment_status":"open","ping_status":"closed","template":"","meta":[],"product_brand":[1152],"product_cat":[1167],"product_tag":[1013,1014,1015,1016,1017,1018],"class_list":{"0":"post-10842","1":"product","2":"type-product","3":"status-publish","4":"has-post-thumbnail","6":"product_brand-vapsolo","7":"product_cat-30000-puffs","8":"product_tag-all-product","9":"product_tag-brand","10":"product_tag-disposable","11":"product_tag-eu-warehouse-vape","12":"product_tag-new-arrival","13":"product_tag-vapsolo","15":"first","16":"instock","17":"sale","18":"shipping-taxable","19":"purchasable","20":"product-type-variable"},"yoast_head":"<!-- This site is optimized with the Yoast SEO plugin v25.8 - https:\/\/yoast.com\/wordpress\/plugins\/seo\/ -->\n<title>Vapsolo Triple 30k 30000 Puffs 45ml Einweg-E-Zigarette Triple Flavor - ShopVapor<\/title>\n<meta name=\"description\" content=\"Vapsolo Triple 30000 Einweg-E-Zigarette mit 30.000 Z\u00fcgen, 45 ml E-Liquid, Drei-Geschmacks-System und LCD-Display. Entdecken Sie flexible Nikotinst\u00e4rken, Mesh-Coil-Technologie und vielseitige Aromen f\u00fcr langanhaltenden Genuss.\" \/>\n<meta name=\"robots\" content=\"index, follow, max-snippet:-1, max-image-preview:large, max-video-preview:-1\" \/>\n<link rel=\"canonical\" href=\"https:\/\/shopvapor.de\/ja\/product\/vapsolo-\u30c8\u30ea\u30d7\u30eb-30k-30000-\u30d1\u30d5-45ml-\u4f7f\u3044\u6368\u3066-e-\u30bf\u30d0\u30b3-\u30c8\u30ea\u30d7\u30eb\u30d5\u30ec\/\" \/>\n<meta property=\"og:locale\" content=\"ja_JP\" \/>\n<meta property=\"og:type\" content=\"article\" \/>\n<meta property=\"og:title\" content=\"Vapsolo Triple 30k 30000 Puffs 45ml Einweg-E-Zigarette Triple Flavor - ShopVapor\" \/>\n<meta property=\"og:description\" content=\"Vapsolo Triple 30000 Einweg-E-Zigarette mit 30.000 Z\u00fcgen, 45 ml E-Liquid, Drei-Geschmacks-System und LCD-Display. Entdecken Sie flexible Nikotinst\u00e4rken, Mesh-Coil-Technologie und vielseitige Aromen f\u00fcr langanhaltenden Genuss.\" \/>\n<meta property=\"og:url\" content=\"https:\/\/shopvapor.de\/ja\/product\/vapsolo-\u30c8\u30ea\u30d7\u30eb-30k-30000-\u30d1\u30d5-45ml-\u4f7f\u3044\u6368\u3066-e-\u30bf\u30d0\u30b3-\u30c8\u30ea\u30d7\u30eb\u30d5\u30ec\/\" \/>\n<meta property=\"og:site_name\" content=\"ShopVapor\" \/>\n<meta property=\"article:modified_time\" content=\"2025-07-30T01:54:45+00:00\" \/>\n<meta property=\"og:image\" content=\"https:\/\/shopvapor.de\/wp-content\/uploads\/2025\/07\/vapsolo-triple-30k-30000-puffs-45ml-einweg-e-zigarette-triple-flavor-4.jpg\" \/>\n\t<meta property=\"og:image:width\" content=\"800\" \/>\n\t<meta property=\"og:image:height\" content=\"800\" \/>\n\t<meta property=\"og:image:type\" content=\"image\/jpeg\" \/>\n<meta name=\"twitter:card\" content=\"summary_large_image\" \/>\n<meta name=\"twitter:label1\" content=\"\u63a8\u5b9a\u8aad\u307f\u53d6\u308a\u6642\u9593\" \/>\n\t<meta name=\"twitter:data1\" content=\"4\u5206\" \/>\n<!-- \/ Yoast SEO plugin. -->","yoast_head_json":{"title":"Vapsolo Triple 30K 30000 \u30d1\u30d5 45ml \u4f7f\u3044\u6368\u3066\u96fb\u5b50\u30bf\u30d0\u30b3 \u30c8\u30ea\u30d7\u30eb\u30d5\u30ec\u30fc\u30d0\u30fc - ShopVapor","description":"Vapsolo Triple 30000 \u4f7f\u3044\u6368\u3066 30,000 \u30d1\u30a4\u30b8\u306e\u30bf\u30d0\u30b3\u300145 ml \u306e\u96fb\u5b50\u6db2\u4f53\u30013 \u30bf\u30c3\u30b7\u30fc \u30b7\u30b9\u30c6\u30e0\u3001LCD \u30c7\u30a3\u30b9\u30d7\u30ec\u30a4\u3002 \u67d4\u8edf\u306a\u30cb\u30b3\u30c1\u30f3\u306e\u5f37\u307f\u3001\u30e1\u30c3\u30b7\u30e5 \u30b3\u30a4\u30eb \u30c6\u30af\u30ce\u30ed\u30b8\u30fc\u3001\u305d\u3057\u3066\u9577\u6301\u3061\u3059\u308b\u591a\u5f69\u306a\u30d5\u30ec\u30fc\u30d0\u30fc\u3092\u767a\u898b\u3057\u3066\u304f\u3060\u3055\u3044\u3002","robots":{"index":"index","follow":"follow","max-snippet":"max-snippet:-1","max-image-preview":"max-image-preview:large","max-video-preview":"max-video-preview:-1"},"canonical":"https:\/\/shopvapor.de\/ja\/product\/vapsolo-\u30c8\u30ea\u30d7\u30eb-30k-30000-\u30d1\u30d5-45ml-\u4f7f\u3044\u6368\u3066-e-\u30bf\u30d0\u30b3-\u30c8\u30ea\u30d7\u30eb\u30d5\u30ec\/","og_locale":"ja_JP","og_type":"article","og_title":"Vapsolo Triple 30k 30000 Puffs 45ml Einweg-E-Zigarette Triple Flavor - ShopVapor","og_description":"Vapsolo Triple 30000 Einweg-E-Zigarette mit 30.000 Z\u00fcgen, 45 ml E-Liquid, Drei-Geschmacks-System und LCD-Display. Entdecken Sie flexible Nikotinst\u00e4rken, Mesh-Coil-Technologie und vielseitige Aromen f\u00fcr langanhaltenden Genuss.","og_url":"https:\/\/shopvapor.de\/ja\/product\/vapsolo-\u30c8\u30ea\u30d7\u30eb-30k-30000-\u30d1\u30d5-45ml-\u4f7f\u3044\u6368\u3066-e-\u30bf\u30d0\u30b3-\u30c8\u30ea\u30d7\u30eb\u30d5\u30ec\/","og_site_name":"ShopVapor","article_modified_time":"2025-07-30T01:54:45+00:00","og_image":[{"width":800,"height":800,"url":"https:\/\/shopvapor.de\/wp-content\/uploads\/2025\/07\/vapsolo-triple-30k-30000-puffs-45ml-einweg-e-zigarette-triple-flavor-4.jpg","type":"image\/jpeg"}],"twitter_card":"summary_large_image","twitter_misc":{"\u63a8\u5b9a\u8aad\u307f\u53d6\u308a\u6642\u9593":"4\u5206"},"schema":{"@context":"https:\/\/schema.org","@graph":[{"@type":"WebPage","@id":"https:\/\/shopvapor.de\/produkt\/vapsolo-triple-30k-30000-puffs-45ml-einweg-e-zigarette-triple-flavor\/","url":"https:\/\/shopvapor.de\/produkt\/vapsolo-triple-30k-30000-puffs-45ml-einweg-e-zigarette-triple-flavor\/","name":"Vapsolo Triple 30K 30000 \u30d1\u30d5 45ml \u4f7f\u3044\u6368\u3066\u96fb\u5b50\u30bf\u30d0\u30b3 \u30c8\u30ea\u30d7\u30eb\u30d5\u30ec\u30fc\u30d0\u30fc - ShopVapor","isPartOf":{"@id":"https:\/\/shopvapor.de\/#website"},"primaryImageOfPage":{"@id":"https:\/\/shopvapor.de\/produkt\/vapsolo-triple-30k-30000-puffs-45ml-einweg-e-zigarette-triple-flavor\/#primaryimage"},"image":{"@id":"https:\/\/shopvapor.de\/produkt\/vapsolo-triple-30k-30000-puffs-45ml-einweg-e-zigarette-triple-flavor\/#primaryimage"},"thumbnailUrl":"https:\/\/shopvapor.de\/wp-content\/uploads\/2025\/07\/vapsolo-triple-30k-30000-puffs-45ml-einweg-e-zigarette-triple-flavor-4.jpg","datePublished":"2025-07-02T08:15:27+00:00","dateModified":"2025-07-30T01:54:45+00:00","description":"Vapsolo Triple 30000 \u4f7f\u3044\u6368\u3066 30,000 \u30d1\u30a4\u30b8\u306e\u30bf\u30d0\u30b3\u300145 ml \u306e\u96fb\u5b50\u6db2\u4f53\u30013 \u30bf\u30c3\u30b7\u30fc \u30b7\u30b9\u30c6\u30e0\u3001LCD \u30c7\u30a3\u30b9\u30d7\u30ec\u30a4\u3002 \u67d4\u8edf\u306a\u30cb\u30b3\u30c1\u30f3\u306e\u5f37\u307f\u3001\u30e1\u30c3\u30b7\u30e5 \u30b3\u30a4\u30eb \u30c6\u30af\u30ce\u30ed\u30b8\u30fc\u3001\u305d\u3057\u3066\u9577\u6301\u3061\u3059\u308b\u591a\u5f69\u306a\u30d5\u30ec\u30fc\u30d0\u30fc\u3092\u767a\u898b\u3057\u3066\u304f\u3060\u3055\u3044\u3002","breadcrumb":{"@id":"https:\/\/shopvapor.de\/produkt\/vapsolo-triple-30k-30000-puffs-45ml-einweg-e-zigarette-triple-flavor\/#breadcrumb"},"inLanguage":"ja","potentialAction":[{"@type":"ReadAction","target":["https:\/\/shopvapor.de\/produkt\/vapsolo-triple-30k-30000-puffs-45ml-einweg-e-zigarette-triple-flavor\/"]}]},{"@type":"ImageObject","inLanguage":"ja","@id":"https:\/\/shopvapor.de\/produkt\/vapsolo-triple-30k-30000-puffs-45ml-einweg-e-zigarette-triple-flavor\/#primaryimage","url":"https:\/\/shopvapor.de\/wp-content\/uploads\/2025\/07\/vapsolo-triple-30k-30000-puffs-45ml-einweg-e-zigarette-triple-flavor-4.jpg","contentUrl":"https:\/\/shopvapor.de\/wp-content\/uploads\/2025\/07\/vapsolo-triple-30k-30000-puffs-45ml-einweg-e-zigarette-triple-flavor-4.jpg","width":800,"height":800},{"@type":"BreadcrumbList","@id":"https:\/\/shopvapor.de\/produkt\/vapsolo-triple-30k-30000-puffs-45ml-einweg-e-zigarette-triple-flavor\/#breadcrumb","itemListElement":[{"@type":"ListItem","position":1,"name":"Startseite","item":"https:\/\/shopvapor.de\/"},{"@type":"ListItem","position":2,"name":"Shop","item":"https:\/\/shopvapor.de\/shop\/"},{"@type":"ListItem","position":3,"name":"Vapsolo Triple 30k 30000 Puffs 45ml Einweg-E-Zigarette Triple Flavor"}]},{"@type":"WebSite","@id":"https:\/\/shopvapor.de\/#website","url":"https:\/\/shopvapor.de\/","name":"\u30b7\u30e7\u30c3\u30d7\u30d9\u30fc\u30d1\u30fc","description":"","potentialAction":[{"@type":"SearchAction","target":{"@type":"EntryPoint","urlTemplate":"https:\/\/shopvapor.de\/?s={search_term_string}"},"query-input":{"@type":"PropertyValueSpecification","valueRequired":true,"valueName":"search_term_string"}}],"inLanguage":"ja"}]}},"_links":{"self":[{"href":"https:\/\/shopvapor.de\/ja\/wp-json\/wp\/v2\/product\/10842","targetHints":{"allow":["GET"]}}],"collection":[{"href":"https:\/\/shopvapor.de\/ja\/wp-json\/wp\/v2\/product"}],"about":[{"href":"https:\/\/shopvapor.de\/ja\/wp-json\/wp\/v2\/types\/product"}],"replies":[{"embeddable":true,"href":"https:\/\/shopvapor.de\/ja\/wp-json\/wp\/v2\/comments?post=10842"}],"version-history":[{"count":1,"href":"https:\/\/shopvapor.de\/ja\/wp-json\/wp\/v2\/product\/10842\/revisions"}],"predecessor-version":[{"id":11789,"href":"https:\/\/shopvapor.de\/ja\/wp-json\/wp\/v2\/product\/10842\/revisions\/11789"}],"wp:featuredmedia":[{"embeddable":true,"href":"https:\/\/shopvapor.de\/ja\/wp-json\/wp\/v2\/media\/10866"}],"wp:attachment":[{"href":"https:\/\/shopvapor.de\/ja\/wp-json\/wp\/v2\/media?parent=10842"}],"wp:term":[{"taxonomy":"product_brand","embeddable":true,"href":"https:\/\/shopvapor.de\/ja\/wp-json\/wp\/v2\/product_brand?post=10842"},{"taxonomy":"product_cat","embeddable":true,"href":"https:\/\/shopvapor.de\/ja\/wp-json\/wp\/v2\/product_cat?post=10842"},{"taxonomy":"product_tag","embeddable":true,"href":"https:\/\/shopvapor.de\/ja\/wp-json\/wp\/v2\/product_tag?post=10842"}],"curies":[{"name":"wp","href":"https:\/\/api.w.org\/{rel}","templated":true}]}}