{"id":10884,"date":"2025-07-02T08:15:40","date_gmt":"2025-07-02T08:15:40","guid":{"rendered":"https:\/\/shopvapor.de\/?post_type=product&#038;p=10884"},"modified":"2025-07-15T02:45:28","modified_gmt":"2025-07-15T02:45:28","slug":"zooy-%e3%81%ae-firzen-35000-35k-%e3%81%af%e5%80%8b%e3%80%85%e3%81%ae%e5%88%b6%e5%be%a1%e3%82%92%e7%94%a8%e3%81%84%e3%82%8b%e4%bd%bf%e3%81%84%e6%8d%a8%e3%81%a6%e5%8f%af%e8%83%bd%e3%81%aa-e-%e3%81%ae","status":"publish","type":"product","link":"https:\/\/shopvapor.de\/ja\/product\/zooy-%e3%81%ae-firzen-35000-35k-%e3%81%af%e5%80%8b%e3%80%85%e3%81%ae%e5%88%b6%e5%be%a1%e3%82%92%e7%94%a8%e3%81%84%e3%82%8b%e4%bd%bf%e3%81%84%e6%8d%a8%e3%81%a6%e5%8f%af%e8%83%bd%e3%81%aa-e-%e3%81%ae\/","title":{"rendered":"Zooy Firzen 35000 35K \u30d1\u30d5 \u4f7f\u3044\u6368\u3066\u96fb\u5b50\u30bf\u30d0\u30b3 30ml \u500b\u5225\u5236\u5fa1"},"content":{"rendered":"<div class=\"woocommerce-Tabs-panel woocommerce-Tabs-panel--description panel entry-content wc-tab\" role=\"tabpanel\" aria-labelledby=\"tab-title-description\">\n<div class=\"woocommerce-Tabs-panel woocommerce-Tabs-panel--description panel entry-content wc-tab\" role=\"tabpanel\" aria-labelledby=\"tab-title-description\">\n<h2 dir=\"ltr\" data-pm-slice=\"1 1 []\">Zooy Firzen 35000 - \u4f7f\u3044\u6368\u3066\u96fb\u5b50\u30bf\u30d0\u30b3\u306e\u5091\u4f5c<\/h2>\n<p dir=\"ltr\">Zooy Firzen 35000 \u306f\u3001\u305d\u306e\u5370\u8c61\u7684\u306a\u30d1\u30d5\u30a9\u30fc\u30de\u30f3\u30b9\u3068\u500b\u3005\u306e\u9069\u5fdc\u6027\u306b\u611f\u9298\u3092\u53d7\u3051\u308b\u3001\u6700\u5148\u7aef\u306e\u4f7f\u3044\u6368\u3066\u96fb\u5b50\u30bf\u30d0\u30b3\u3067\u3059\u3002 \u6700\u5927 35,000 \u306e\u5217\u8eca\u306e\u5bb9\u91cf\u3068\u3001NIC&amp;ICE \u30b3\u30f3\u30c8\u30ed\u30fc\u30eb\u306a\u3069\u306e\u9769\u65b0\u7684\u306a\u6a5f\u80fd\u3092\u5099\u3048\u305f\u3053\u306e\u30c7\u30d0\u30a4\u30b9\u306f\u3001\u3059\u3079\u3066\u306e\u30e6\u30fc\u30b6\u30fc\u306b\u5408\u308f\u305b\u305f\u4f53\u9a13\u3092\u63d0\u4f9b\u3057\u307e\u3059\u3002 Zooy \u30d6\u30e9\u30f3\u30c9\u306f\u54c1\u8cea\u3068\u7cbe\u5ea6\u3092\u8868\u3057\u3001Firzen 35000 \u306f\u9ad8\u5ea6\u306a\u6280\u8853\u3068\u30b3\u30f3\u30d1\u30af\u30c8\u3067\u30b9\u30bf\u30a4\u30ea\u30c3\u30b7\u30e5\u306a\u30c7\u30b6\u30a4\u30f3\u3092\u7d44\u307f\u5408\u308f\u305b\u3066\u3044\u307e\u3059\u3002 \u305f\u307e\u306b\u30e6\u30fc\u30b6\u30fc\u3067\u3082\u3001\u8981\u6c42\u306e\u53b3\u3057\u3044\u30c6\u30a4\u30b9\u30c8 \u30cf\u30f3\u30bf\u30fc\u3067\u3082\u3001\u3053\u306e\u30c7\u30d0\u30a4\u30b9\u306f\u5e38\u306b\u6e80\u8db3\u611f\u3068\u5f37\u70c8\u306a\u5473\u3092\u63d0\u4f9b\u3057\u307e\u3059\u3002<\/p>\n<h2 dir=\"ltr\">\u88fd\u54c1\u306e\u30d1\u30e9\u30e1\u30fc\u30bf\u3092\u4e00\u76ee\u3067\u628a\u63e1<\/h2>\n<p dir=\"ltr\">Zooy Firzen 35000 \u306f\u3001\u8010\u4e45\u6027\u3068\u4f7f\u3044\u3084\u3059\u3055\u3092\u8003\u616e\u3057\u305f\u6280\u8853\u4ed5\u69d8\u304c\u7279\u5fb4\u3067\u3059\u3002 \u4ee5\u4e0b\u306f\u3001\u3053\u306e\u30c7\u30d0\u30a4\u30b9\u3092\u4e00\u6d41\u306e\u9078\u629e\u80a2\u306b\u3059\u308b\u30d1\u30e9\u30e1\u30fc\u30bf\u30fc\u306e\u8a73\u7d30\u306a\u5185\u8a33\u3067\u3059\u3002<\/p>\n<h3 dir=\"ltr\">\u5217\u8eca\u306e\u5b9a\u54e1: \u6700\u5927 35,000 \u5217\u306e\u5217\u8eca<\/h3>\n<p dir=\"ltr\">\u6700\u5927 35,000 \u5217\u306e\u5217\u8eca\u306e\u53ce\u5bb9\u80fd\u529b\u3092\u6301\u3064 Zooy \u306f\u3001Firzen 35000 \u306b\u975e\u5e38\u306b\u9577\u3044\u8010\u7528\u5e74\u6570\u3092\u63d0\u4f9b\u3057\u307e\u3059\u3002 \u3053\u308c\u306b\u3088\u308a\u3001\u983b\u7e41\u306b\u4ea4\u63db\u3059\u308b\u3053\u3068\u306a\u304f\u3001\u4fe1\u983c\u3067\u304d\u308b\u30c7\u30d0\u30a4\u30b9\u3092\u63a2\u3057\u3066\u3044\u308b\u30e6\u30fc\u30b6\u30fc\u306b\u6700\u9069\u3067\u3059\u3002 \u5217\u8eca\u306e\u6570\u304c\u591a\u3044\u305f\u3081\u3001\u6700\u521d\u306e\u5217\u8eca\u304b\u3089\u6700\u7d42\u5217\u8eca\u307e\u3067\u4e00\u5b9a\u306e\u30d1\u30d5\u30a9\u30fc\u30de\u30f3\u30b9\u304c\u4fdd\u8a3c\u3055\u308c\u307e\u3059\u3002<\/p>\n<h3 dir=\"ltr\">\u96fb\u5b50\u6db2\u4f53\u5bb9\u91cf: 30ml<\/h3>\n<p dir=\"ltr\">\u30c7\u30d0\u30a4\u30b9\u306b\u306f\u3001\u9577\u671f\u9593\u4f7f\u7528\u3067\u304d\u308b\u3088\u3046\u306b\u8a2d\u8a08\u3055\u308c\u305f 30 ml \u306e\u9ad8\u54c1\u8cea\u306e\u30ea\u30ad\u30c3\u30c9\u304c\u3042\u3089\u304b\u3058\u3081\u5145\u586b\u3055\u308c\u3066\u3044\u307e\u3059\u3002 \u5927\u5bb9\u91cf\u306f\u3001\u8a70\u3081\u66ff\u3048\u306e\u5fc5\u8981\u6027\u3092\u6e1b\u3089\u3057\u3001\u4e00\u8cab\u3057\u3066\u5f37\u70c8\u306a\u5473\u899a\u4f53\u9a13\u3092\u4fdd\u8a3c\u3057\u307e\u3059\u3002<\/p>\n<h3 dir=\"ltr\">\u30cb\u30b3\u30c1\u30f3\u5f37\u5ea6: 2 % \u304a\u3088\u3073 5 %<\/h3>\n<p dir=\"ltr\">Zooy Firzen 35000 \u306f\u30012 % (20 mg\/ml) \u3068 5 % (50 mg\/ml) \u306e\u30ab\u30b9\u30bf\u30de\u30a4\u30ba\u53ef\u80fd\u306a\u30cb\u30b3\u30c1\u30f3\u5f37\u5ea6\u3092\u63d0\u4f9b\u3057\u307e\u3059\u3002 \u3053\u306e\u67d4\u8edf\u6027\u306b\u3088\u308a\u3001\u30e6\u30fc\u30b6\u30fc\u306f\u3001\u8efd\u5ea6\u307e\u305f\u306f\u3088\u308a\u5f37\u529b\u306a\u30a8\u30af\u30b9\u30da\u30ea\u30a8\u30f3\u30b9\u306e\u5834\u5408\u306b\u3001\u597d\u307f\u306b\u5fdc\u3058\u3066\u5f37\u5ea6\u3092\u9078\u629e\u3067\u304d\u307e\u3059\u3002<\/p>\n<h3 dir=\"ltr\">NIC&amp;ICE \u30b3\u30f3\u30c8\u30ed\u30fc\u30eb: \u30ab\u30b9\u30bf\u30de\u30a4\u30ba\u53ef\u80fd\u306a\u30cb\u30b3\u30c1\u30f3\u3068\u51b7\u5374\u30ec\u30d9\u30eb<\/h3>\n<p dir=\"ltr\">\u9769\u65b0\u7684\u306a NIC&amp;ICE \u30b3\u30f3\u30c8\u30ed\u30fc\u30eb\u306b\u3088\u308a\u3001\u30cb\u30b3\u30c1\u30f3\u5f37\u5ea6\u3068\u51b7\u5374\u5f37\u5ea6\u306e\u4e21\u65b9\u3092 3 \u6bb5\u968e\u3067\u8abf\u6574\u3067\u304d\u307e\u3059\u3002 \u30c0\u30d6\u30eb\u30af\u30ea\u30c3\u30af\u3067\u3001\u4f4e (\u8d64\u8272)\u3001\u4e2d (\u7dd1\u8272)\u3001\u9ad8 (\u9752\u8272) \u306e\u9593\u3067\u5207\u308a\u66ff\u3048\u3089\u308c\u307e\u3059\u3002 \u3053\u306e\u6a5f\u80fd\u306b\u3088\u308a\u3001\u6700\u5927\u9650\u306e\u5236\u5fa1\u3068\u30ab\u30b9\u30bf\u30de\u30a4\u30ba\u304c\u53ef\u80fd\u306b\u306a\u308a\u307e\u3059\u3002<\/p>\n<h3 dir=\"ltr\">\u30c7\u30e5\u30a2\u30eb \u30e1\u30c3\u30b7\u30e5 \u30b3\u30a4\u30eb: 1.0\u03a9 + 1.0\u03a9<\/h3>\n<p dir=\"ltr\">Zooy Firzen 35000 \u306b\u306f\u3001\u9ad8\u5ea6\u306a\u30c7\u30e5\u30a2\u30eb \u30e1\u30c3\u30b7\u30e5 \u30b3\u30a4\u30eb (1.0 \u03a9 + 1.0 \u03a9) \u304c\u88c5\u5099\u3055\u308c\u3066\u3044\u307e\u3059\u3002 \u3053\u306e\u6280\u8853\u306b\u3088\u308a\u3001\u9577\u6642\u9593\u306e\u4f7f\u7528\u3067\u3082\u3001\u6e29\u304b\u304f\u3001\u5f37\u70c8\u306a\u98a8\u5473\u3068\u7a4f\u3084\u304b\u306a\u5438\u5165\u304c\u4fdd\u8a3c\u3055\u308c\u307e\u3059\u3002<\/p>\n<h3 dir=\"ltr\">\u30d0\u30c3\u30c6\u30ea\u30fc\u5bb9\u91cf: 650 mAh\u3001\u5145\u96fb\u5f0f<\/h3>\n<p dir=\"ltr\">\u5f37\u529b\u306a 650mAh \u30d0\u30c3\u30c6\u30ea\u30fc\u306f\u3001\u4f55\u5343\u3082\u306e\u5217\u8eca\u306b\u5341\u5206\u306a\u30a8\u30cd\u30eb\u30ae\u30fc\u3092\u30c7\u30d0\u30a4\u30b9\u306b\u4f9b\u7d66\u3057\u307e\u3059\u3002 USB Type-C \u30dd\u30fc\u30c8\u306e\u304a\u304b\u3052\u3067\u3001\u5145\u96fb\u304c\u3059\u3070\u3084\u304f\u7c21\u5358\u306b\u3067\u304d\u308b\u306e\u3067\u3001\u9577\u6642\u9593\u306e\u5272\u308a\u8fbc\u307f\u306f\u3042\u308a\u307e\u305b\u3093\u3002<\/p>\n<h3 dir=\"ltr\">\u6c17\u6d41: \u8abf\u6574\u53ef\u80fd<\/h3>\n<p dir=\"ltr\">\u8abf\u6574\u53ef\u80fd\u306a\u30a8\u30a2\u30d5\u30ed\u30fc\u6a5f\u80fd\u306b\u3088\u308a\u3001\u30e6\u30fc\u30b6\u30fc\u306f\u5217\u8eca\u306e\u5f37\u5ea6\u3092\u30ab\u30b9\u30bf\u30de\u30a4\u30ba\u3067\u304d\u307e\u3059\u3002 \u3053\u308c\u306f\u3001\u6b63\u78ba\u3067\u5feb\u9069\u306a\u4f53\u9a13\u3092\u597d\u3080\u53e3\u304b\u3089\u80ba (MTL) \u30e6\u30fc\u30b6\u30fc\u306b\u3068\u3063\u3066\u7279\u306b\u4fbf\u5229\u3067\u3059\u3002<\/p>\n<h3 dir=\"ltr\">LGB \u30e9\u30a4\u30c8: \u30c8\u30ea\u30b3\u30ed\u30fc\u30eb \u30c7\u30a3\u30b9\u30d7\u30ec\u30a4<\/h3>\n<p dir=\"ltr\">3 \u8272 (\u8d64\u3001\u7dd1\u3001\u9752) \u306e\u30b9\u30bf\u30a4\u30ea\u30c3\u30b7\u30e5\u306a LGB \u30e9\u30a4\u30c8\u306f\u3001\u30cb\u30b3\u30c1\u30f3\u3068\u51b7\u5374\u306b\u9078\u629e\u3057\u305f\u8a2d\u5b9a\u3092\u793a\u3057\u3066\u3044\u307e\u3059\u3002 \u3053\u308c\u306b\u3088\u308a\u3001\u30c7\u30d0\u30a4\u30b9\u306b\u30e2\u30c0\u30f3\u306a\u7f8e\u5b66\u304c\u4e0e\u3048\u3089\u308c\u3001\u4f7f\u3044\u3084\u3059\u304f\u306a\u308a\u307e\u3059\u3002<\/p>\n<h3 dir=\"ltr\">\u7d20\u6750\u3068\u30c7\u30b6\u30a4\u30f3: \u30e1\u30bf\u30eb\u30b1\u30fc\u30b9<\/h3>\n<p dir=\"ltr\">Zooy Firzen 35000 \u306e\u30d5\u30e9\u30c3\u30c8 \u30e1\u30bf\u30eb\u88fd\u30b1\u30fc\u30b9\u306f\u3001\u4e08\u592b\u3067\u624b\u306b\u3082\u305f\u3063\u3077\u308a\u3068\u5feb\u9069\u306b\u611f\u3058\u307e\u3059\u3002 \u30b3\u30f3\u30d1\u30af\u30c8\u306a\u30c7\u30b6\u30a4\u30f3\u306f\u3001\u9577\u5bff\u3092\u640d\u306a\u3046\u3053\u3068\u306a\u304f\u65e5\u5e38\u306e\u4f7f\u7528\u306b\u6700\u9069\u3067\u3059\u3002<\/p>\n<h2 dir=\"ltr\">\u3042\u3089\u3086\u308b\u5473\u306b\u5408\u308f\u305b\u3066\u3001\u3055\u307e\u3056\u307e\u306a\u5473\u308f\u3044<\/h2>\n<p dir=\"ltr\">Zooy Firzen 35000 \u306f\u3001\u53b3\u9078\u3055\u308c\u305f 10 \u7a2e\u985e\u306e\u30d5\u30ec\u30fc\u30d0\u30fc\u3067\u3001\u591a\u69d8\u6027\u3068\u697d\u3057\u307f\u3092\u63d0\u4f9b\u3057\u307e\u3059\u3002 \u305d\u308c\u305e\u308c\u306e\u30d5\u30ec\u30fc\u30d0\u30fc\u306f\u3001\u30af\u30ea\u30a2\u3067\u5f37\u70c8\u306a\u9999\u308a\u3092\u5c4a\u3051\u308b\u3088\u3046\u306b\u8a2d\u8a08\u3055\u308c\u3066\u3044\u307e\u3059\u3002<\/p>\n<ol class=\"tight\" dir=\"ltr\" data-tight=\"true\">\n<li>\n<p dir=\"ltr\"><strong>\u30b9\u30a4\u30ab\u30a2\u30a4\u30b9<\/strong> \u2013 \u65b0\u9bae\u306a\u30b9\u30a4\u30ab\u3067\u3001\u30af\u30fc\u30eb\u306a\u30bf\u30c3\u30c1\u3002<\/p>\n<\/li>\n<li>\n<p dir=\"ltr\"><strong>\u30a2\u30ed\u30a8\u30b0\u30ec\u30fc\u30d7<\/strong> \u2013 \u7518\u3044\u30d6\u30c9\u30a6\u3068\u7d44\u307f\u5408\u308f\u305b\u305f\u30a8\u30ad\u30be\u30c1\u30c3\u30af\u306a\u30a2\u30ed\u30a8\u3002<\/p>\n<\/li>\n<li>\n<p dir=\"ltr\"><strong>\u3044\u3061\u3054\u30d0\u30ca\u30ca<\/strong> \u2013 \u30af\u30ea\u30fc\u30df\u30fc\u306a\u30d0\u30ca\u30ca\u3068\u30b8\u30e5\u30fc\u30b7\u30fc\u306a\u30b9\u30c8\u30ed\u30d9\u30ea\u30fc\u304c\u51fa\u4f1a\u3046\u3002<\/p>\n<\/li>\n<li>\n<p dir=\"ltr\"><strong>\u30b9\u30c8\u30ed\u30d9\u30ea\u30fc \u30e9\u30ba\u30d9\u30ea\u30fc \u30ad\u30a6\u30a4<\/strong> \u2013 \u30b9\u30c8\u30ed\u30d9\u30ea\u30fc\u3001\u30e9\u30ba\u30d9\u30ea\u30fc\u3001\u30ad\u30a6\u30a4\u306e\u30d5\u30eb\u30fc\u30c6\u30a3\u30fc\u306a\u6df7\u5408\u7269\u3002<\/p>\n<\/li>\n<li>\n<p dir=\"ltr\"><strong>\u30d6\u30eb\u30fc\u30d9\u30ea\u30fc \u30e9\u30ba\u30d9\u30ea\u30fc \u30ec\u30e2\u30cd\u30fc\u30c9<\/strong> \u2013 \u30d9\u30ea\u30fc\u306e\u30ce\u30fc\u30c8\u306e\u3042\u308b\u30b9\u30d1\u30fc\u30af\u30ea\u30f3\u30b0 \u30ec\u30e2\u30cd\u30fc\u30c9\u3002<\/p>\n<\/li>\n<li>\n<p dir=\"ltr\"><strong>\u30e1\u30f3\u30c8\u30fc\u30eb<\/strong> \u2013 \u3059\u3063\u304d\u308a\u3068\u3057\u305f\u30df\u30f3\u30c8\u306e\u30d5\u30ec\u30fc\u30d0\u30fc\u3067\u3001\u7d14\u7c8b\u306a\u900f\u660e\u5ea6\u3092\u5b9f\u73fe\u3057\u307e\u3059\u3002<\/p>\n<\/li>\n<li>\n<p dir=\"ltr\"><strong>\u3044\u3061\u3054\u30b9\u30a4\u30ab<\/strong> \u2013 \u30b9\u30c8\u30ed\u30d9\u30ea\u30fc\u3068\u30b9\u30a4\u30ab\u306e\u8abf\u548c\u306e\u3068\u308c\u305f\u7d44\u307f\u5408\u308f\u305b\u3002<\/p>\n<\/li>\n<li>\n<p dir=\"ltr\"><strong>\u30d9\u30ea\u30fc<\/strong> - \u3055\u307e\u3056\u307e\u306a\u30d9\u30ea\u30fc\u306e\u591a\u5f69\u306a\u30df\u30c3\u30af\u30b9\u3002<\/p>\n<\/li>\n<li>\n<p dir=\"ltr\"><strong>\u30ec\u30e2\u30f3\u30e9\u30a4\u30e0<\/strong> \u2013 \u723d\u3084\u304b\u306a\u697d\u3057\u307f\u306e\u305f\u3081\u306e\u304d\u3089\u3081\u304f\u67d1\u6a58\u985e\u306e\u30ce\u30fc\u30c8\u3002<\/p>\n<\/li>\n<li>\n<p dir=\"ltr\"><strong>\u30d6\u30e9\u30c3\u30af\u30d9\u30ea\u30fc \u30af\u30e9\u30f3\u30d9\u30ea\u30fc<\/strong> \u2013 \u30af\u30e9\u30f3\u30d9\u30ea\u30fc\u306e\u30bf\u30c3\u30c1\u3067\u5f37\u70c8\u306a\u30d9\u30ea\u30fc\u306e\u7d44\u307f\u5408\u308f\u305b\u3002<\/p>\n<\/li>\n<\/ol>\n<div id=\"attachment_11779\" style=\"width: 520px\" class=\"wp-caption alignnone\"><img fetchpriority=\"high\" decoding=\"async\" aria-describedby=\"caption-attachment-11779\" class=\"wp-image-11779 size-full\" title=\"\u30ba\u30fc\u30a4 \u30d5\u30a1\u30fc\u30b9\u30c8 35000 35k \u30d1\u30d5\" src=\"https:\/\/shopvapor.de\/wp-content\/uploads\/2025\/07\/ZOOY-FIRZEN-35000-35K-Puffs.webp\" alt=\"\u30ba\u30fc\u30a4 \u30fb \u30d5\u30a1\u30fc\u30bc\u30f3 35000 35K \u30d1\u30d5\" width=\"510\" height=\"510\" srcset=\"https:\/\/shopvapor.de\/wp-content\/uploads\/2025\/07\/ZOOY-FIRZEN-35000-35K-Puffs.webp 510w, https:\/\/shopvapor.de\/wp-content\/uploads\/2025\/07\/ZOOY-FIRZEN-35000-35K-Puffs-300x300.webp 300w, https:\/\/shopvapor.de\/wp-content\/uploads\/2025\/07\/ZOOY-FIRZEN-35000-35K-Puffs-150x150.webp 150w, https:\/\/shopvapor.de\/wp-content\/uploads\/2025\/07\/ZOOY-FIRZEN-35000-35K-Puffs-430x430.webp 430w, https:\/\/shopvapor.de\/wp-content\/uploads\/2025\/07\/ZOOY-FIRZEN-35000-35K-Puffs-180x180.webp 180w\" sizes=\"(max-width: 510px) 100vw, 510px\" \/><p id=\"caption-attachment-11779\" class=\"wp-caption-text\">\u00a0<\/p><\/div>\n<h2 dir=\"ltr\">\u3088\u304f\u3042\u308b\u8cea\u554f (FAQ)<\/h2>\n<p dir=\"ltr\"><strong>\u30be\u30a4\u306f\u6700\u521d\u306e 35000 \u3067\u3069\u306e\u304f\u3089\u3044\u7d9a\u304d\u307e\u3059\u304b?<\/strong><br \/>\nZooy Firzen 35000 \u306f\u3001\u4f7f\u7528\u983b\u5ea6\u3068\u30cb\u30b3\u30c1\u30f3\u3068\u6c17\u6d41\u306e\u8a2d\u5b9a\u306b\u5fdc\u3058\u3066\u3001\u6700\u5927 35,000 \u5217\u306e\u5217\u8eca\u3092\u63d0\u4f9b\u3057\u307e\u3059\u3002 \u5e73\u5747\u7684\u306a\u4f7f\u7528\u3067\u3001\u30c7\u30d0\u30a4\u30b9\u306f\u6570\u9031\u9593\u6301\u3061\u307e\u3059\u3002<\/p>\n<p dir=\"ltr\"><strong>\u30cb\u30b3\u30c1\u30f3\u3068\u51b7\u5374\u30ec\u30d9\u30eb\u3092\u8a2d\u5b9a\u3059\u308b\u306b\u306f\u3069\u3046\u3059\u308c\u3070\u3088\u3044\u3067\u3059\u304b?<\/strong><br \/>\n\u30c7\u30d0\u30a4\u30b9\u306e\u4e0b\u90e8\u3092 2 \u56de\u62bc\u3059\u3060\u3051\u3067\u30013 \u3064\u306e\u30ec\u30d9\u30eb (\u4f4e\u3001\u4e2d\u3001\u9ad8) \u3092\u5207\u308a\u66ff\u3048\u307e\u3059\u3002 LGB \u30e9\u30a4\u30c8\u306e\u8272\u306f\u3001\u73fe\u5728\u306e\u8a2d\u5b9a\u3092\u793a\u3057\u307e\u3059: \u8d64 (\u4f4e)\u3001\u7dd1 (\u4e2d)\u3001\u9752 (\u9ad8)\u3002<\/p>\n<p dir=\"ltr\"><strong>\u5145\u96fb\u30b1\u30fc\u30d6\u30eb\u306f\u4ed8\u3044\u3066\u3044\u307e\u3059\u304b\uff1f<\/strong><br \/>\n\u3044\u3044\u3048\u3001USB Type-C \u30b1\u30fc\u30d6\u30eb\u306f\u4ed8\u5c5e\u3057\u3066\u3044\u307e\u305b\u3093\u3002 \u305f\u3060\u3057\u3001\u6a19\u6e96\u306e USB Type-C \u30b1\u30fc\u30d6\u30eb\u3092\u4f7f\u7528\u3057\u3066\u30c7\u30d0\u30a4\u30b9\u3092\u5145\u96fb\u3067\u304d\u307e\u3059\u3002<\/p>\n<p dir=\"ltr\"><strong>\u30c7\u30d0\u30a4\u30b9\u3092\u958b\u3044\u305f\u5f8c\u3001\u5473\u3092\u5909\u66f4\u3067\u304d\u307e\u3059\u304b?<\/strong><br \/>\nZooy Firzen 35000 \u306f\u3001\u3042\u3089\u304b\u3058\u3081\u5857\u308a\u3064\u3076\u3055\u308c\u305f\u5473\u306e\u3042\u308b\u4f7f\u3044\u6368\u3066\u96fb\u5b50\u30bf\u30d0\u30b3\u3067\u3059\u3002 \u5473\u306e\u5909\u66f4\u306f\u3067\u304d\u307e\u305b\u3093\u304c\u300110 \u7a2e\u985e\u306e\u30aa\u30d7\u30b7\u30e7\u30f3\u304c\u3042\u308c\u3070\u3001\u304d\u3063\u3068\u304a\u6c17\u306b\u5165\u308a\u304c\u898b\u3064\u304b\u308a\u307e\u3059\u3002<\/p>\n<p dir=\"ltr\"><strong>Zooy Firzen 35000 \u306f\u521d\u5fc3\u8005\u306b\u9069\u3057\u3066\u3044\u307e\u3059\u304b?<\/strong><br \/>\n\u306f\u3044\u3001\u64cd\u4f5c\u304c\u7c21\u5358\u3067\u5438\u5165\u304c\u4f5c\u52d5\u3059\u308b\u305f\u3081\u3001\u3053\u306e\u30c7\u30d0\u30a4\u30b9\u306f\u521d\u5fc3\u8005\u306b\u6700\u9069\u3067\u3059\u3002 \u8907\u96d1\u306a\u8a2d\u5b9a\u306f\u5fc5\u8981\u306a\u304f\u3001\u3059\u3050\u306b\u4f7f\u7528\u3067\u304d\u307e\u3059\u3002<\/p>\n<p dir=\"ltr\"><strong>\u4f7f\u7528\u5f8c\u3001\u6700\u521d\u306e 35000 \u306e\u30ba\u30fc\u30b8\u30fc\u3092\u51e6\u5206\u3059\u308b\u306b\u306f\u3069\u3046\u3059\u308c\u3070\u3088\u3044\u3067\u3059\u304b?<\/strong><br \/>\n\u96fb\u5b50\u6a5f\u5668\u3084\u30d0\u30c3\u30c6\u30ea\u30fc\u306b\u95a2\u3059\u308b\u73fe\u5730\u306e\u898f\u5236\u306b\u5f93\u3063\u3066\u3001\u30c7\u30d0\u30a4\u30b9\u3092\u5ec3\u68c4\u3057\u3066\u304f\u3060\u3055\u3044\u3002 \u9069\u5207\u306a\u53ce\u96c6\u5834\u6240\u306b\u63d0\u51fa\u3057\u3066\u3001\u74b0\u5883\u306b\u512a\u3057\u3044\u5ec3\u68c4\u3092\u78ba\u4fdd\u3057\u3066\u304f\u3060\u3055\u3044\u3002<\/p>\n<p dir=\"ltr\"><strong>LGB \u30e9\u30a4\u30c8\u304c\u901f\u304f\u70b9\u6ec5\u3059\u308b\u306e\u306f\u306a\u305c\u3067\u3059\u304b?<\/strong><br \/>\nLGB \u30e9\u30a4\u30c8\u304c\u3059\u3070\u3084\u304f\u70b9\u6ec5\u3059\u308b\u3068\u3001\u30d0\u30c3\u30c6\u30ea\u30fc\u304c\u307b\u3068\u3093\u3069\u7a7a\u3063\u307d\u306b\u306a\u3063\u3066\u3044\u308b\u3053\u3068\u304c\u308f\u304b\u308a\u307e\u3059\u3002 USB Type-C \u30dd\u30fc\u30c8\u304b\u3089\u30c7\u30d0\u30a4\u30b9\u3092\u5145\u96fb\u3057\u3066\u3001\u5f15\u304d\u7d9a\u304d\u4f7f\u7528\u3057\u307e\u3059\u3002<\/p>\n<\/div>\n<\/div>","protected":false},"excerpt":{"rendered":"<p>Zooy Firzen 35000: \u4f7f\u3044\u6368\u3066 35,000 \u30d1\u30a4\u30b8\u306e\u96fb\u5b50\u30bf\u30d0\u30b3\u3001NIC&amp;ICE \u30b3\u30f3\u30c8\u30ed\u30fc\u30eb\u300130 ml \u306e\u96fb\u5b50\u6db2\u4f53\u300110 \u7a2e\u985e\u306e\u30d5\u30ec\u30fc\u30d0\u30fc\u3092\u767a\u898b\u3057\u3066\u304f\u3060\u3055\u3044\u3002 \u30ab\u30b9\u30bf\u30de\u30a4\u30ba\u53ef\u80fd\u306a\u30cb\u30b3\u30c1\u30f3\u3068\u51b7\u5374\u30ec\u30d9\u30eb\u3067\u3001\u6fc0\u3057\u3044\u4f53\u9a13\u3092\u5b9f\u73fe\u3057\u307e\u3059\u3002<\/p>","protected":false},"featured_media":10898,"comment_status":"open","ping_status":"closed","template":"","meta":[],"product_brand":[1149],"product_cat":[1151],"product_tag":[1013,1014,1015,1016,1017,1108],"class_list":{"0":"post-10884","1":"product","2":"type-product","3":"status-publish","4":"has-post-thumbnail","6":"product_brand-zooy","7":"product_cat-35000-puffs","8":"product_tag-all-product","9":"product_tag-brand","10":"product_tag-disposable","11":"product_tag-eu-warehouse-vape","12":"product_tag-new-arrival","13":"product_tag-zooy","15":"first","16":"instock","17":"sale","18":"shipping-taxable","19":"purchasable","20":"product-type-variable"},"yoast_head":"<!-- This site is optimized with the Yoast SEO plugin v25.8 - https:\/\/yoast.com\/wordpress\/plugins\/seo\/ -->\n<title>ZOOY FIRZEN 35000 35K Puffs Einweg-E-Zigarette 30ml mit individueller Steuerung - ShopVapor<\/title>\n<meta name=\"description\" content=\"Entdecken Sie die ZOOY FIRZEN 35000: Einweg-E-Zigarette mit 35.000 Z\u00fcgen, NIC&amp;ICE-Steuerung, 30 ml E-Liquid und 10 Geschmacksrichtungen. Anpassbarer Nikotin- und K\u00fchlniveau f\u00fcr ein intensives Erlebnis.\" \/>\n<meta name=\"robots\" content=\"index, follow, max-snippet:-1, max-image-preview:large, max-video-preview:-1\" \/>\n<link rel=\"canonical\" href=\"https:\/\/shopvapor.de\/ja\/product\/zooy-\u306e-firzen-35000-35k-\u306f\u500b\u3005\u306e\u5236\u5fa1\u3092\u7528\u3044\u308b\u4f7f\u3044\u6368\u3066\u53ef\u80fd\u306a-e-\u306e\/\" \/>\n<meta property=\"og:locale\" content=\"ja_JP\" \/>\n<meta property=\"og:type\" content=\"article\" \/>\n<meta property=\"og:title\" content=\"ZOOY FIRZEN 35000 35K Puffs Einweg-E-Zigarette 30ml mit individueller Steuerung - ShopVapor\" \/>\n<meta property=\"og:description\" content=\"Entdecken Sie die ZOOY FIRZEN 35000: Einweg-E-Zigarette mit 35.000 Z\u00fcgen, NIC&amp;ICE-Steuerung, 30 ml E-Liquid und 10 Geschmacksrichtungen. Anpassbarer Nikotin- und K\u00fchlniveau f\u00fcr ein intensives Erlebnis.\" \/>\n<meta property=\"og:url\" content=\"https:\/\/shopvapor.de\/ja\/product\/zooy-\u306e-firzen-35000-35k-\u306f\u500b\u3005\u306e\u5236\u5fa1\u3092\u7528\u3044\u308b\u4f7f\u3044\u6368\u3066\u53ef\u80fd\u306a-e-\u306e\/\" \/>\n<meta property=\"og:site_name\" content=\"ShopVapor\" \/>\n<meta property=\"article:modified_time\" content=\"2025-07-15T02:45:28+00:00\" \/>\n<meta property=\"og:image\" content=\"https:\/\/shopvapor.de\/wp-content\/uploads\/2025\/07\/zooy-firzen-35000-35k-puffs-einweg-e-zigarette-30ml-mit-individueller-steuerung-18.jpg\" \/>\n\t<meta property=\"og:image:width\" content=\"750\" \/>\n\t<meta property=\"og:image:height\" content=\"750\" \/>\n\t<meta property=\"og:image:type\" content=\"image\/jpeg\" \/>\n<meta name=\"twitter:card\" content=\"summary_large_image\" \/>\n<meta name=\"twitter:label1\" content=\"\u63a8\u5b9a\u8aad\u307f\u53d6\u308a\u6642\u9593\" \/>\n\t<meta name=\"twitter:data1\" content=\"4\u5206\" \/>\n<!-- \/ Yoast SEO plugin. -->","yoast_head_json":{"title":"Zooy Firzen 35000 35K \u30d1\u30d5 \u4f7f\u3044\u6368\u3066\u96fb\u5b50\u30bf\u30d0\u30b3 30ml \u500b\u5225\u5236\u5fa1 - ShopVapor","description":"Zooy Firzen 35000: \u4f7f\u3044\u6368\u3066 35,000 \u30d1\u30a4\u30b8\u306e\u96fb\u5b50\u30bf\u30d0\u30b3\u3001NIC&amp;ICE \u30b3\u30f3\u30c8\u30ed\u30fc\u30eb\u300130 ml \u306e\u96fb\u5b50\u6db2\u4f53\u300110 \u7a2e\u985e\u306e\u30d5\u30ec\u30fc\u30d0\u30fc\u3092\u767a\u898b\u3057\u3066\u304f\u3060\u3055\u3044\u3002 \u30ab\u30b9\u30bf\u30de\u30a4\u30ba\u53ef\u80fd\u306a\u30cb\u30b3\u30c1\u30f3\u3068\u51b7\u5374\u30ec\u30d9\u30eb\u3067\u3001\u6fc0\u3057\u3044\u4f53\u9a13\u3092\u5b9f\u73fe\u3057\u307e\u3059\u3002","robots":{"index":"index","follow":"follow","max-snippet":"max-snippet:-1","max-image-preview":"max-image-preview:large","max-video-preview":"max-video-preview:-1"},"canonical":"https:\/\/shopvapor.de\/ja\/product\/zooy-\u306e-firzen-35000-35k-\u306f\u500b\u3005\u306e\u5236\u5fa1\u3092\u7528\u3044\u308b\u4f7f\u3044\u6368\u3066\u53ef\u80fd\u306a-e-\u306e\/","og_locale":"ja_JP","og_type":"article","og_title":"ZOOY FIRZEN 35000 35K Puffs Einweg-E-Zigarette 30ml mit individueller Steuerung - ShopVapor","og_description":"Entdecken Sie die ZOOY FIRZEN 35000: Einweg-E-Zigarette mit 35.000 Z\u00fcgen, NIC&amp;ICE-Steuerung, 30 ml E-Liquid und 10 Geschmacksrichtungen. Anpassbarer Nikotin- und K\u00fchlniveau f\u00fcr ein intensives Erlebnis.","og_url":"https:\/\/shopvapor.de\/ja\/product\/zooy-\u306e-firzen-35000-35k-\u306f\u500b\u3005\u306e\u5236\u5fa1\u3092\u7528\u3044\u308b\u4f7f\u3044\u6368\u3066\u53ef\u80fd\u306a-e-\u306e\/","og_site_name":"ShopVapor","article_modified_time":"2025-07-15T02:45:28+00:00","og_image":[{"width":750,"height":750,"url":"https:\/\/shopvapor.de\/wp-content\/uploads\/2025\/07\/zooy-firzen-35000-35k-puffs-einweg-e-zigarette-30ml-mit-individueller-steuerung-18.jpg","type":"image\/jpeg"}],"twitter_card":"summary_large_image","twitter_misc":{"\u63a8\u5b9a\u8aad\u307f\u53d6\u308a\u6642\u9593":"4\u5206"},"schema":{"@context":"https:\/\/schema.org","@graph":[{"@type":"WebPage","@id":"https:\/\/shopvapor.de\/produkt\/zooy-firzen-35000-35k-puffs-einweg-e-zigarette-30ml-mit-individueller-steuerung\/","url":"https:\/\/shopvapor.de\/produkt\/zooy-firzen-35000-35k-puffs-einweg-e-zigarette-30ml-mit-individueller-steuerung\/","name":"Zooy Firzen 35000 35K \u30d1\u30d5 \u4f7f\u3044\u6368\u3066\u96fb\u5b50\u30bf\u30d0\u30b3 30ml \u500b\u5225\u5236\u5fa1 - ShopVapor","isPartOf":{"@id":"https:\/\/shopvapor.de\/#website"},"primaryImageOfPage":{"@id":"https:\/\/shopvapor.de\/produkt\/zooy-firzen-35000-35k-puffs-einweg-e-zigarette-30ml-mit-individueller-steuerung\/#primaryimage"},"image":{"@id":"https:\/\/shopvapor.de\/produkt\/zooy-firzen-35000-35k-puffs-einweg-e-zigarette-30ml-mit-individueller-steuerung\/#primaryimage"},"thumbnailUrl":"https:\/\/shopvapor.de\/wp-content\/uploads\/2025\/07\/zooy-firzen-35000-35k-puffs-einweg-e-zigarette-30ml-mit-individueller-steuerung-18.jpg","datePublished":"2025-07-02T08:15:40+00:00","dateModified":"2025-07-15T02:45:28+00:00","description":"Zooy Firzen 35000: \u4f7f\u3044\u6368\u3066 35,000 \u30d1\u30a4\u30b8\u306e\u96fb\u5b50\u30bf\u30d0\u30b3\u3001NIC&amp;ICE \u30b3\u30f3\u30c8\u30ed\u30fc\u30eb\u300130 ml \u306e\u96fb\u5b50\u6db2\u4f53\u300110 \u7a2e\u985e\u306e\u30d5\u30ec\u30fc\u30d0\u30fc\u3092\u767a\u898b\u3057\u3066\u304f\u3060\u3055\u3044\u3002 \u30ab\u30b9\u30bf\u30de\u30a4\u30ba\u53ef\u80fd\u306a\u30cb\u30b3\u30c1\u30f3\u3068\u51b7\u5374\u30ec\u30d9\u30eb\u3067\u3001\u6fc0\u3057\u3044\u4f53\u9a13\u3092\u5b9f\u73fe\u3057\u307e\u3059\u3002","breadcrumb":{"@id":"https:\/\/shopvapor.de\/produkt\/zooy-firzen-35000-35k-puffs-einweg-e-zigarette-30ml-mit-individueller-steuerung\/#breadcrumb"},"inLanguage":"ja","potentialAction":[{"@type":"ReadAction","target":["https:\/\/shopvapor.de\/produkt\/zooy-firzen-35000-35k-puffs-einweg-e-zigarette-30ml-mit-individueller-steuerung\/"]}]},{"@type":"ImageObject","inLanguage":"ja","@id":"https:\/\/shopvapor.de\/produkt\/zooy-firzen-35000-35k-puffs-einweg-e-zigarette-30ml-mit-individueller-steuerung\/#primaryimage","url":"https:\/\/shopvapor.de\/wp-content\/uploads\/2025\/07\/zooy-firzen-35000-35k-puffs-einweg-e-zigarette-30ml-mit-individueller-steuerung-18.jpg","contentUrl":"https:\/\/shopvapor.de\/wp-content\/uploads\/2025\/07\/zooy-firzen-35000-35k-puffs-einweg-e-zigarette-30ml-mit-individueller-steuerung-18.jpg","width":750,"height":750},{"@type":"BreadcrumbList","@id":"https:\/\/shopvapor.de\/produkt\/zooy-firzen-35000-35k-puffs-einweg-e-zigarette-30ml-mit-individueller-steuerung\/#breadcrumb","itemListElement":[{"@type":"ListItem","position":1,"name":"Startseite","item":"https:\/\/shopvapor.de\/"},{"@type":"ListItem","position":2,"name":"Shop","item":"https:\/\/shopvapor.de\/shop\/"},{"@type":"ListItem","position":3,"name":"ZOOY FIRZEN 35000 35K Puffs Einweg-E-Zigarette 30ml mit individueller Steuerung"}]},{"@type":"WebSite","@id":"https:\/\/shopvapor.de\/#website","url":"https:\/\/shopvapor.de\/","name":"\u30b7\u30e7\u30c3\u30d7\u30d9\u30fc\u30d1\u30fc","description":"","potentialAction":[{"@type":"SearchAction","target":{"@type":"EntryPoint","urlTemplate":"https:\/\/shopvapor.de\/?s={search_term_string}"},"query-input":{"@type":"PropertyValueSpecification","valueRequired":true,"valueName":"search_term_string"}}],"inLanguage":"ja"}]}},"_links":{"self":[{"href":"https:\/\/shopvapor.de\/ja\/wp-json\/wp\/v2\/product\/10884","targetHints":{"allow":["GET"]}}],"collection":[{"href":"https:\/\/shopvapor.de\/ja\/wp-json\/wp\/v2\/product"}],"about":[{"href":"https:\/\/shopvapor.de\/ja\/wp-json\/wp\/v2\/types\/product"}],"replies":[{"embeddable":true,"href":"https:\/\/shopvapor.de\/ja\/wp-json\/wp\/v2\/comments?post=10884"}],"version-history":[{"count":3,"href":"https:\/\/shopvapor.de\/ja\/wp-json\/wp\/v2\/product\/10884\/revisions"}],"predecessor-version":[{"id":11780,"href":"https:\/\/shopvapor.de\/ja\/wp-json\/wp\/v2\/product\/10884\/revisions\/11780"}],"wp:featuredmedia":[{"embeddable":true,"href":"https:\/\/shopvapor.de\/ja\/wp-json\/wp\/v2\/media\/10898"}],"wp:attachment":[{"href":"https:\/\/shopvapor.de\/ja\/wp-json\/wp\/v2\/media?parent=10884"}],"wp:term":[{"taxonomy":"product_brand","embeddable":true,"href":"https:\/\/shopvapor.de\/ja\/wp-json\/wp\/v2\/product_brand?post=10884"},{"taxonomy":"product_cat","embeddable":true,"href":"https:\/\/shopvapor.de\/ja\/wp-json\/wp\/v2\/product_cat?post=10884"},{"taxonomy":"product_tag","embeddable":true,"href":"https:\/\/shopvapor.de\/ja\/wp-json\/wp\/v2\/product_tag?post=10884"}],"curies":[{"name":"wp","href":"https:\/\/api.w.org\/{rel}","templated":true}]}}