{"id":5264,"date":"2025-07-02T03:53:21","date_gmt":"2025-07-02T03:53:21","guid":{"rendered":"https:\/\/shopvapor.de\/?post_type=product&#038;p=5264"},"modified":"2025-07-16T18:33:38","modified_gmt":"2025-07-16T18:33:38","slug":"fumot-tornado-max-20000-20k-%e3%83%91%e3%83%95-%e4%bd%bf%e3%81%84%e6%8d%a8%e3%81%a6-e-%e3%82%bf%e3%83%90%e3%82%b3-%e3%82%aa%e3%83%aa%e3%82%b8%e3%83%8a%e3%83%ab","status":"publish","type":"product","link":"https:\/\/shopvapor.de\/ja\/product\/fumot-tornado-max-20000-20k-%e3%83%91%e3%83%95-%e4%bd%bf%e3%81%84%e6%8d%a8%e3%81%a6-e-%e3%82%bf%e3%83%90%e3%82%b3-%e3%82%aa%e3%83%aa%e3%82%b8%e3%83%8a%e3%83%ab\/","title":{"rendered":"Fumot Tornado Max 20000 20K \u30d1\u30d5 \u4f7f\u3044\u6368\u3066\u96fb\u5b50\u30bf\u30d0\u30b3 \u30aa\u30ea\u30b8\u30ca\u30eb"},"content":{"rendered":"<h2>FUMOT \u30c8\u30eb\u30cd\u30fc\u30c9 \u30de\u30c3\u30af\u30b9 20000 \u306e\u7d39\u4ecb<\/h2>\n<p>Fumot Tornado Max 20000 \u306f\u3001\u591a\u6570\u306e\u5217\u8eca\u3068\u9769\u65b0\u7684\u306a\u6280\u8853\u3067\u5370\u8c61\u306b\u6b8b\u308b\u3001\u6700\u65b0\u306e\u4f7f\u3044\u6368\u3066\u96fb\u5b50\u30bf\u30d0\u30b3\u88fd\u54c1\u3067\u3059\u3002 20,000 \u306e\u5217\u8eca\u306e\u5bb9\u91cf\u304c\u975e\u5e38\u306b\u5927\u304d\u3044\u3053\u306e\u30c7\u30d0\u30a4\u30b9\u306f\u3001\u54c1\u8cea\u3068\u5feb\u9069\u3055\u3092\u91cd\u8996\u3059\u308b\u30e6\u30fc\u30b6\u30fc\u306b\u3001\u8010\u4e45\u6027\u3068\u4fe1\u983c\u6027\u306e\u9ad8\u3044\u30aa\u30d7\u30b7\u30e7\u30f3\u3092\u63d0\u4f9b\u3057\u307e\u3059\u3002 FUMOT \u30d6\u30e9\u30f3\u30c9\u306f\u3001\u7cbe\u5bc6\u3067\u9ad8\u5ea6\u306a\u30c7\u30b6\u30a4\u30f3\u3092\u8868\u3057\u3001Tornado Max 20000 \u306f\u512a\u308c\u305f\u9078\u629e\u80a2\u3068\u306a\u3063\u3066\u3044\u307e\u3059\u3002<\/p>\n<h2>\u88fd\u54c1\u4ed5\u69d8<\/h2>\n<p>Fumot Tornado Max 20000 \u306f\u3001\u9ad8\u5ea6\u306a\u30c6\u30af\u30ce\u30ed\u30b8\u30fc\u3068\u30e6\u30fc\u30b6\u30fc \u30d5\u30ec\u30f3\u30c9\u30ea\u30fc\u306a\u30c7\u30b6\u30a4\u30f3\u3092\u7d44\u307f\u5408\u308f\u305b\u3066\u3044\u307e\u3059\u3002 \u4ee5\u4e0b\u306b\u3001\u6280\u8853\u7684\u30d1\u30e9\u30e1\u30fc\u30bf\u30fc\u3068\u305d\u306e\u5229\u70b9\u306e\u8a73\u7d30\u306a\u6982\u8981\u3092\u793a\u3057\u307e\u3059\u3002<\/p>\n<h3>\u5217\u8eca\u756a\u53f7: 20,000 \u5217\u8eca<\/h3>\n<p>\u6700\u5927 20,000 \u5217\u306e\u5217\u8eca\u306e\u53ce\u5bb9\u80fd\u529b\u3092\u6301\u3064 Tornado Max 20000 \u306f\u3001\u975e\u5e38\u306b\u9577\u3044\u8010\u7528\u5e74\u6570\u3092\u63d0\u4f9b\u3057\u307e\u3059\u3002 \u3053\u306e\u6570\u306e\u5217\u8eca\u306b\u3088\u308a\u3001\u4ea4\u63db\u3092\u5fc5\u8981\u3068\u305b\u305a\u306b\u9577\u671f\u9593\u306b\u308f\u305f\u3063\u3066\u30c7\u30d0\u30a4\u30b9\u3092\u4f7f\u7528\u3067\u304d\u308b\u3088\u3046\u306b\u306a\u308a\u307e\u3059\u3002 \u3053\u308c\u306f\u3001\u65e5\u5e38\u7684\u306b\u4f7f\u7528\u3059\u308b\u305f\u3081\u306e\u4fe1\u983c\u3067\u304d\u308b\u88fd\u54c1\u3092\u63a2\u3057\u3066\u3044\u308b\u30e6\u30fc\u30b6\u30fc\u306b\u3068\u3063\u3066\u7279\u306b\u4fbf\u5229\u3067\u3059\u3002<\/p>\n<h3>\u30cb\u30b3\u30c1\u30f3\u5f37\u5ea6\uff1a2 %\u307e\u305f\u306f5 %<\/h3>\n<p>Tornado Max 20000 \u306f\u30012 \u3064\u306e\u30cb\u30b3\u30c1\u30f3\u5f37\u5ea6\u3067\u5229\u7528\u3067\u304d\u307e\u3059 - 2 % \u3068 5 % \u3067\u3059\u3002\u3053\u308c\u3089\u306e\u30aa\u30d7\u30b7\u30e7\u30f3\u306f\u3001\u30e6\u30fc\u30b6\u30fc\u304c\u500b\u3005\u306e\u597d\u307f\u306b\u5408\u308f\u305b\u3066\u5f37\u5ea6\u3092\u8abf\u6574\u3067\u304d\u307e\u3059\u3002 \u6b63\u78ba\u306a\u6295\u4e0e\u306b\u3088\u308a\u3001\u3055\u307e\u3056\u307e\u306a\u30e6\u30fc\u30b6\u30fc\u306e\u30cb\u30fc\u30ba\u3092\u6e80\u305f\u3059\u3001\u5747\u4e00\u3067\u5236\u5fa1\u3055\u308c\u305f\u30cb\u30b3\u30c1\u30f3\u6442\u53d6\u304c\u4fdd\u8a3c\u3055\u308c\u307e\u3059\u3002<\/p>\n<h3>\u30c0\u30d6\u30eb\u30e1\u30c3\u30b7\u30e5\u30b3\u30a4\u30eb\u6280\u8853<\/h3>\n<p>\u9769\u65b0\u7684\u306a\u30c0\u30d6\u30eb \u30e1\u30c3\u30b7\u30e5 \u30b3\u30a4\u30eb\u6280\u8853\u306b\u3088\u308a\u3001\u5747\u4e00\u306a\u52a0\u71b1\u3068\u6700\u9069\u306a\u30d5\u30ec\u30fc\u30d0\u30fc\u306e\u958b\u767a\u304c\u4fdd\u8a3c\u3055\u308c\u307e\u3059\u3002 \u3053\u306e\u9ad8\u5ea6\u306a\u30c6\u30af\u30ce\u30ed\u30b8\u30fc\u306b\u3088\u308a\u3001\u30c7\u30d0\u30a4\u30b9\u306e\u5168\u5bff\u547d\u306b\u308f\u305f\u3063\u3066\u4e00\u8cab\u3057\u305f\u30d1\u30d5\u30a9\u30fc\u30de\u30f3\u30b9\u304c\u4fdd\u8a3c\u3055\u308c\u3001\u3059\u3079\u3066\u306e\u5217\u8eca\u306e\u52b9\u7387\u304c\u6700\u5927\u5316\u3055\u308c\u307e\u3059\u3002<\/p>\n<h3>\u96fb\u5b50\u6db2\u4f53\u5bb9\u91cf: 20ml<\/h3>\n<p>20 ml \u306e\u5927\u91cf\u306e\u96fb\u5b50\u6db2\u4f53\u5bb9\u91cf\u3067\u3001\u30c8\u30eb\u30cd\u30fc\u30c9 \u30de\u30c3\u30af\u30b9 20000 \u306f\u3001\u8a70\u3081\u66ff\u3048\u306a\u3057\u3067\u5e83\u7bc4\u56f2\u306b\u4f7f\u7528\u3067\u304d\u307e\u3059\u3002 \u3053\u306e\u5927\u5bb9\u91cf\u306f\u3001\u30e1\u30f3\u30c6\u30ca\u30f3\u30b9\u3092\u6e1b\u3089\u3057\u3001\u9577\u671f\u9593\u306e\u30b1\u30a2\u3092\u53ef\u80fd\u306b\u3057\u307e\u3059\u3002<\/p>\n<h3>\u30d0\u30c3\u30c6\u30ea\u30fc: 900 mAh\u3001\u5145\u96fb\u5f0f<\/h3>\n<p>\u5185\u8535\u306e 900mAh \u30d0\u30c3\u30c6\u30ea\u30fc\u306f\u5145\u96fb\u5f0f\u3067\u3001\u30c7\u30d0\u30a4\u30b9\u306e\u5bff\u547d\u306b\u4fe1\u983c\u3067\u304d\u308b\u96fb\u6e90\u3092\u63d0\u4f9b\u3057\u307e\u3059\u3002 \u30d0\u30c3\u30c6\u30ea\u30fc\u5bb9\u91cf\u304c\u5927\u304d\u3044\u305f\u3081\u3001Tornado Max 20000 \u306f\u3001\u96c6\u4e2d\u7684\u306b\u4f7f\u7528\u3057\u3066\u3082\u4e00\u5b9a\u306e\u30d1\u30d5\u30a9\u30fc\u30de\u30f3\u30b9\u3092\u5b9f\u73fe\u3057\u307e\u3059\u3002<\/p>\n<h3>USB Type-C \u306b\u3088\u308b\u6025\u901f\u5145\u96fb<\/h3>\n<p>USB Type-C \u30af\u30a4\u30c3\u30af\u5145\u96fb\u6a5f\u80fd\u306b\u3088\u308a\u3001\u30c7\u30d0\u30a4\u30b9\u306e\u8fc5\u901f\u304b\u3064\u52b9\u7387\u7684\u306a\u5145\u96fb\u304c\u53ef\u80fd\u306b\u306a\u308a\u307e\u3059\u3002 \u3053\u306e\u6700\u65b0\u306e\u5145\u96fb\u30a4\u30f3\u30bf\u30fc\u30d5\u30a7\u30a4\u30b9\u306b\u3088\u308a\u3001\u30d0\u30c3\u30c6\u30ea\u30fc\u3092\u77ed\u6642\u9593\u3067\u518d\u3073\u4f7f\u7528\u3067\u304d\u308b\u3088\u3046\u306b\u306a\u308a\u3001\u30e6\u30fc\u30b6\u30fc\u306e\u5feb\u9069\u6027\u304c\u5927\u5e45\u306b\u5411\u4e0a\u3057\u307e\u3059\u3002<\/p>\n<h3>\u96fb\u5b50\u6db2\u4f53\u3068\u30d0\u30c3\u30c6\u30ea\u30fc \u30ec\u30d9\u30eb \u30a4\u30f3\u30b8\u30b1\u30fc\u30bf\u4ed8\u304d\u306e\u30a4\u30f3\u30c6\u30ea\u30b8\u30a7\u30f3\u30c8 \u30c7\u30a3\u30b9\u30d7\u30ec\u30a4<\/h3>\n<p>\u7d71\u5408\u3055\u308c\u305f\u30a4\u30f3\u30c6\u30ea\u30b8\u30a7\u30f3\u30c8 \u30c7\u30a3\u30b9\u30d7\u30ec\u30a4\u306b\u306f\u3001\u73fe\u5728\u306e\u96fb\u5b50\u6db2\u4f53\u3068\u30d0\u30c3\u30c6\u30ea\u30fc \u30ec\u30d9\u30eb\u304c\u8868\u793a\u3055\u308c\u307e\u3059\u3002 \u3053\u306e\u6a5f\u80fd\u306b\u3088\u308a\u3001\u30e6\u30fc\u30b6\u30fc\u306f\u5e38\u306b\u30ec\u30d9\u30eb\u3068\u30d0\u30c3\u30c6\u30ea\u30fc\u306e\u5bff\u547d\u3092\u76e3\u8996\u3057\u3001\u6700\u9069\u306a\u4f7f\u7528\u3092\u4fdd\u8a3c\u3067\u304d\u307e\u3059\u3002<\/p>\n<h2>\u5473<\/h2>\n<p>Fumot Tornado Max 20000 \u306f\u3001\u3042\u3089\u3086\u308b\u5473\u306b\u5408\u304629\u7a2e\u985e\u306e\u30d5\u30ec\u30fc\u30d0\u30fc\u3092\u63d0\u4f9b\u3057\u307e\u3059\u3002 \u30d5\u30eb\u30fc\u30c6\u30a3\u30fc\u306a\u3082\u306e\u304b\u3089\u723d\u3084\u304b\u306a\u30ce\u30fc\u30c8\u307e\u3067\u3001\u3055\u307e\u3056\u307e\u306a\u4f53\u9a13\u3092\u304a\u5c4a\u3051\u3057\u307e\u3059\u3002 \u5229\u7528\u53ef\u80fd\u306a\u30d5\u30ec\u30fc\u30d0\u30fc\u306f\u6b21\u306e\u3068\u304a\u308a\u3067\u3059\u3002<\/p>\n<ul>\n<li>\u30d6\u30eb\u30fc\u30e9\u30ba\u30a2\u30a4\u30b9<\/li>\n<li>\u9752\u3044\u9178\u5473\u306e\u30e9\u30ba\u30d9\u30ea\u30fc<\/li>\n<li>\u30d6\u30eb\u30fc\u30d9\u30ea\u30fc\u30d0\u30d6\u30eb\u30ac\u30e0<\/li>\n<li>\u30d6\u30eb\u30fc\u30d9\u30ea\u30fc\u306e\u6c37<\/li>\n<li>\u30d6\u30eb\u30fc\u30d9\u30ea\u30fc\u30fb\u30e9\u30ba\u30d9\u30ea\u30fc<\/li>\n<li>\u30c1\u30a7\u30ea\u30fc<\/li>\n<li>\u30af\u30fc\u30eb\u30df\u30f3\u30c8<\/li>\n<li>\u30d6\u30eb\u30fc\u535a\u58eb<\/li>\n<li>\u30c8\u30f3\u30dc<\/li>\n<li>\u30b0\u30ec\u30fc\u30d7\u30a2\u30a4\u30b9<\/li>\n<li>\u30b0\u30df\u30fb\u30d9\u30a2<\/li>\n<li>\u30a2\u30a4\u30b9\u30c6\u30a3\u30fc\u30ec\u30e2\u30f3<\/li>\n<li>\u30a2\u30a4\u30b9\u30c6\u30a3\u30fc\u30d4\u30fc\u30c1<\/li>\n<li>\u30ad\u30a6\u30a4 \u30d1\u30c3\u30b7\u30e7\u30f3 \u30d5\u30eb\u30fc\u30c4 \u30b0\u30a2\u30d0<\/li>\n<li>\u611b 66<\/li>\n<li>\u9752\u3005\u3068\u3057\u305f\u6c37<\/li>\n<li>\u30df\u30c3\u30af\u30b9\u30d9\u30ea\u30fc<\/li>\n<li>\u30d4\u30fc\u30c1\u30d9\u30ea\u30fc<\/li>\n<li>\u30d4\u30fc\u30c1\u30fb\u30a2\u30a4\u30b9<\/li>\n<li>\u30d4\u30fc\u30c1\u30fb\u30de\u30f3\u30b4\u30fc<\/li>\n<li>\u30d1\u30a4\u30ca\u30c3\u30d7\u30eb\u30a2\u30a4\u30b9<\/li>\n<li>\u30d4\u30f3\u30af\u30fb\u30ec\u30e2\u30cd\u30fc\u30c9<\/li>\n<li>\u30e9\u30ba\u30d9\u30ea\u30fc\u30b9\u30a4\u30ab<\/li>\n<li>\u8d64\u3093\u3054\u3093\u30ec\u30e2\u30f3<\/li>\n<li>\u30b5\u30ef\u30fc\u30a2\u30c3\u30d7\u30eb<\/li>\n<li>\u30b9\u30c8\u30ed\u30d9\u30ea\u30fc\u30fb\u30a2\u30a4\u30b9<\/li>\n<li>\u30b9\u30c8\u30ed\u30d9\u30ea\u30fc\u30fb\u30ad\u30a6\u30a4<\/li>\n<li>\u30b9\u30c8\u30ed\u30d9\u30ea\u30fc\u30fb\u30b9\u30a4\u30ab<\/li>\n<li>\u30f4\u30a3\u30e0\u30c8<\/li>\n<\/ul>\n<h2>\u3088\u304f\u3042\u308b\u8cea\u554f (FAQ)<\/h2>\n<p><strong>Fumot Tornado Max 20000 \u30d0\u30c3\u30c6\u30ea\u30fc\u306e\u5bff\u547d\u306f\u3069\u308c\u304f\u3089\u3044\u3067\u3059\u304b?<\/strong><br \/>\n900 mAh \u306e\u30d0\u30c3\u30c6\u30ea\u30fc\u306f\u300120 mL \u306e\u7dcf\u96fb\u5b50\u6db2\u4f53\u5bb9\u91cf\u3092\u30b5\u30dd\u30fc\u30c8\u3059\u308b\u3088\u3046\u306b\u8a2d\u8a08\u3055\u308c\u3066\u3044\u307e\u3059\u3002 \u5b9f\u969b\u306e\u30d0\u30c3\u30c6\u30ea\u30fc\u5bff\u547d\u306f\u4f7f\u7528\u983b\u5ea6\u306b\u3088\u3063\u3066\u7570\u306a\u308a\u307e\u3059\u304c\u3001USB Type-C \u30af\u30a4\u30c3\u30af\u30c1\u30e3\u30fc\u30b8\u6a5f\u80fd\u3067\u7d20\u65e9\u304f\u518d\u5145\u96fb\u3067\u304d\u307e\u3059\u3002<\/p>\n<p><strong>\u8cfc\u5165\u5f8c\u306b\u30cb\u30b3\u30c1\u30f3\u30c7\u30f3\u30d7\u30f3\u3092\u4ea4\u63db\u3067\u304d\u307e\u3059\u304b?<\/strong><br \/>\n\u3044\u3044\u3048\u3001\u30cb\u30b3\u30c1\u30f3\u5f37\u5ea6 (2 % \u307e\u305f\u306f 5 %) \u306f\u751f\u7523\u306e\u305f\u3081\u306b\u56fa\u5b9a\u3055\u308c\u3066\u3044\u307e\u3059\u3002 \u8cfc\u5165\u6642\u306b\u5fc5\u8981\u306a\u5f37\u3055\u3092\u9078\u629e\u3057\u3066\u3001\u30cb\u30fc\u30ba\u306b\u5408\u308f\u305b\u307e\u3059\u3002<\/p>\n<p><strong>\u96fb\u5b50\u6db2\u4f53\u3092\u4f7f\u3044\u5207\u308b\u3068\u3069\u3046\u306a\u308b\u306e?<\/strong><br \/>\nFumot Tornado Max 20000 \u306f\u4f7f\u3044\u6368\u3066\u30c7\u30d0\u30a4\u30b9\u3067\u3042\u308a\u3001\u518d\u5145\u586b\u3067\u304d\u307e\u305b\u3093\u3002 \u96fb\u5b50\u6db2\u4f53\u304c\u4f7f\u3044\u5207\u3089\u308c\u305f\u3089\u3001\u30c7\u30d0\u30a4\u30b9\u3092\u9069\u5207\u306b\u51e6\u5206\u3059\u308b\u5fc5\u8981\u304c\u3042\u308a\u307e\u3059\u3002<\/p>\n<p><strong>\u30a4\u30f3\u30c6\u30ea\u30b8\u30a7\u30f3\u30c8 \u30c7\u30a3\u30b9\u30d7\u30ec\u30a4\u306f\u5e38\u306b\u30a2\u30af\u30c6\u30a3\u30d6\u3067\u3059\u304b?<\/strong><br \/>\n\u30c7\u30a3\u30b9\u30d7\u30ec\u30a4\u306f\u3001\u30c7\u30d0\u30a4\u30b9\u3092\u4f7f\u7528\u3059\u308b\u3068\u30a2\u30af\u30c6\u30a3\u30d6\u306b\u306a\u308a\u3001e-Liquid \u3068\u30d0\u30c3\u30c6\u30ea\u30fc\u306e\u72b6\u614b\u3092\u8868\u793a\u3057\u307e\u3059\u3002 \u30a8\u30cd\u30eb\u30ae\u30fc\u6d88\u8cbb\u3092\u6700\u5c0f\u9650\u306b\u6291\u3048\u308b\u3088\u3046\u306b\u8a2d\u8a08\u3055\u308c\u3066\u3044\u307e\u3059\u3002<\/p>\n<p><strong>Fumot Tornado Max 20000 \u3092\u3069\u306e\u3088\u3046\u306b\u51e6\u5206\u3059\u308c\u3070\u3088\u3044\u3067\u3059\u304b?<\/strong><br \/>\n\u96fb\u5b50\u6a5f\u5668\u3068\u30d0\u30c3\u30c6\u30ea\u30fc\u306e\u5ec3\u68c4\u306b\u95a2\u3059\u308b\u73fe\u5730\u306e\u898f\u5236\u306b\u5f93\u3063\u3066\u3001\u30c7\u30d0\u30a4\u30b9\u3092\u51e6\u5206\u3059\u308b\u5fc5\u8981\u304c\u3042\u308a\u307e\u3059\u3002 \u5bb6\u5ead\u306e\u5ec3\u68c4\u7269\u306b\u30c7\u30d0\u30a4\u30b9\u3092\u5ec3\u68c4\u3057\u3001\u96fb\u6c17\u6a5f\u5668\u306e\u53ce\u96c6\u30dd\u30a4\u30f3\u30c8\u3092\u4f7f\u7528\u3057\u306a\u3044\u3067\u304f\u3060\u3055\u3044\u3002<\/p>\n<p><strong>Tornado Max 20000 \u306f\u65e5\u5e38\u4f7f\u7528\u306b\u9069\u3057\u3066\u3044\u307e\u3059\u304b?<\/strong><br \/>\n\u306f\u3044\u3001\u591a\u6570\u306e\u5217\u8eca\u3001\u5927\u5bb9\u91cf\u306e\u30ea\u30ad\u30c3\u30c9\u5bb9\u91cf\u3001\u304a\u3088\u3073\u5145\u96fb\u5f0f\u30d0\u30c3\u30c6\u30ea\u30fc\u306e\u304a\u304b\u3052\u3067\u3001\u3053\u306e\u30c7\u30d0\u30a4\u30b9\u306f\u65e5\u5e38\u306e\u4f7f\u7528\u306b\u6700\u9069\u3067\u3059\u3002<\/p>\n<p><strong>\u30c0\u30d6\u30eb \u30e1\u30c3\u30b7\u30e5 \u30b3\u30a4\u30eb \u30c6\u30af\u30ce\u30ed\u30b8\u30fc\u306f\u3001\u3059\u3079\u3066\u306e\u30d5\u30ec\u30fc\u30d0\u30fc\u3067\u540c\u3058\u3088\u3046\u306b\u6a5f\u80fd\u3057\u307e\u3059\u304b?<\/strong><br \/>\n\u306f\u3044\u3001\u30c0\u30d6\u30eb \u30e1\u30c3\u30b7\u30e5 \u30b3\u30a4\u30eb \u30c6\u30af\u30ce\u30ed\u30b8\u30fc\u306f\u300129 \u7a2e\u985e\u3059\u3079\u3066\u306e\u30d5\u30ec\u30fc\u30d0\u30fc\u3067\u30b9\u30e0\u30fc\u30ba\u3067\u5f37\u70c8\u306a\u30d5\u30ec\u30fc\u30d0\u30fc\u3092\u958b\u767a\u3059\u308b\u3088\u3046\u306b\u6700\u9069\u5316\u3055\u308c\u3066\u3044\u307e\u3059\u3002<\/p>","protected":false},"excerpt":{"rendered":"<p dir=\"auto\">Fumot Tornado Max 20000 \u4f7f\u3044\u6368\u3066 20,000 \u30d4\u30fc\u30b9\u306e E-Liquid\u300120 ml \u306e\u96fb\u5b50\u6db2\u4f53\u3001900 mAh \u30d0\u30c3\u30c6\u30ea\u30fc\u3001USB Type-C \u6025\u901f\u5145\u96fb\u3001\u30c0\u30d6\u30eb \u30e1\u30c3\u30b7\u30e5 \u30b3\u30a4\u30eb\u3001\u96fb\u5b50\u6db2\u4f53\u304a\u3088\u3073\u30d0\u30c3\u30c6\u30ea\u30fc \u30ec\u30d9\u30eb\u7528\u306e\u30a4\u30f3\u30c6\u30ea\u30b8\u30a7\u30f3\u30c8 \u30c7\u30a3\u30b9\u30d7\u30ec\u30a4\u3002 2 % \u307e\u305f\u306f 5 % \u30cb\u30b3\u30c1\u30f3\u3068 29 \u30d5\u30ec\u30fc\u30d0\u30fc\u3067\u5229\u7528\u53ef\u80fd<\/p>","protected":false},"featured_media":3065,"comment_status":"open","ping_status":"closed","template":"","meta":[],"product_brand":[1188],"product_cat":[1164],"product_tag":[961,957,959],"class_list":{"0":"post-5264","1":"product","2":"type-product","3":"status-publish","4":"has-post-thumbnail","6":"product_brand-randm","7":"product_cat-20000-puffs","8":"product_tag-1020kpuffs","9":"product_tag-20k-puffs","10":"product_tag-more-than-10kpuffs","12":"first","13":"instock","14":"shipping-taxable","15":"purchasable","16":"product-type-variable"},"yoast_head":"<!-- This site is optimized with the Yoast SEO plugin v25.8 - https:\/\/yoast.com\/wordpress\/plugins\/seo\/ -->\n<title>Fumot Tornado Max 20000 20K Puffs Einweg-E-Zigaretten Original - ShopVapor<\/title>\n<meta name=\"description\" content=\"Fumot Tornado Max 20000 Einweg-E-Zigarette mit 20.000 Z\u00fcgen, 20 ml E-Liquid, 900 mAh Akku, USB-Typ-C-Schnellladung, Doppel-Mesh-Coil und intelligentem Display f\u00fcr E-Liquid- und Akkustand. Erh\u00e4ltlich in 2 % oder 5 % Nikotin und 29 Geschmacksrichtungen\" \/>\n<meta name=\"robots\" content=\"index, follow, max-snippet:-1, max-image-preview:large, max-video-preview:-1\" \/>\n<link rel=\"canonical\" href=\"https:\/\/shopvapor.de\/ja\/product\/fumot-tornado-max-20000-20k-\u30d1\u30d5-\u4f7f\u3044\u6368\u3066-e-\u30bf\u30d0\u30b3-\u30aa\u30ea\u30b8\u30ca\u30eb\/\" \/>\n<meta property=\"og:locale\" content=\"ja_JP\" \/>\n<meta property=\"og:type\" content=\"article\" \/>\n<meta property=\"og:title\" content=\"Fumot Tornado Max 20000 20K Puffs Einweg-E-Zigaretten Original - ShopVapor\" \/>\n<meta property=\"og:description\" content=\"Fumot Tornado Max 20000 Einweg-E-Zigarette mit 20.000 Z\u00fcgen, 20 ml E-Liquid, 900 mAh Akku, USB-Typ-C-Schnellladung, Doppel-Mesh-Coil und intelligentem Display f\u00fcr E-Liquid- und Akkustand. Erh\u00e4ltlich in 2 % oder 5 % Nikotin und 29 Geschmacksrichtungen\" \/>\n<meta property=\"og:url\" content=\"https:\/\/shopvapor.de\/ja\/product\/fumot-tornado-max-20000-20k-\u30d1\u30d5-\u4f7f\u3044\u6368\u3066-e-\u30bf\u30d0\u30b3-\u30aa\u30ea\u30b8\u30ca\u30eb\/\" \/>\n<meta property=\"og:site_name\" content=\"ShopVapor\" \/>\n<meta property=\"article:modified_time\" content=\"2025-07-16T18:33:38+00:00\" \/>\n<meta property=\"og:image\" content=\"https:\/\/shopvapor.de\/wp-content\/uploads\/2025\/07\/fumot-tornado-max-20000-puffs-vape-original-e-cigarette.webp\" \/>\n\t<meta property=\"og:image:width\" content=\"1000\" \/>\n\t<meta property=\"og:image:height\" content=\"1000\" \/>\n\t<meta property=\"og:image:type\" content=\"image\/webp\" \/>\n<meta name=\"twitter:card\" content=\"summary_large_image\" \/>\n<meta name=\"twitter:label1\" content=\"\u63a8\u5b9a\u8aad\u307f\u53d6\u308a\u6642\u9593\" \/>\n\t<meta name=\"twitter:data1\" content=\"4\u5206\" \/>\n<!-- \/ Yoast SEO plugin. -->","yoast_head_json":{"title":"Fumot Tornado Max 20000 20K \u30d1\u30d5 \u4f7f\u3044\u6368\u3066\u96fb\u5b50\u30bf\u30d0\u30b3 \u30aa\u30ea\u30b8\u30ca\u30eb - ShopVapor","description":"Fumot Tornado Max 20000 \u4f7f\u3044\u6368\u3066 20,000 \u30d4\u30fc\u30b9\u306e E-Liquid\u300120 ml \u306e\u96fb\u5b50\u6db2\u4f53\u3001900 mAh \u30d0\u30c3\u30c6\u30ea\u30fc\u3001USB Type-C \u6025\u901f\u5145\u96fb\u3001\u30c0\u30d6\u30eb \u30e1\u30c3\u30b7\u30e5 \u30b3\u30a4\u30eb\u3001\u96fb\u5b50\u6db2\u4f53\u304a\u3088\u3073\u30d0\u30c3\u30c6\u30ea\u30fc \u30ec\u30d9\u30eb\u7528\u306e\u30a4\u30f3\u30c6\u30ea\u30b8\u30a7\u30f3\u30c8 \u30c7\u30a3\u30b9\u30d7\u30ec\u30a4\u3002 2 % \u307e\u305f\u306f 5 % \u30cb\u30b3\u30c1\u30f3\u3068 29 \u30d5\u30ec\u30fc\u30d0\u30fc\u3067\u5229\u7528\u53ef\u80fd","robots":{"index":"index","follow":"follow","max-snippet":"max-snippet:-1","max-image-preview":"max-image-preview:large","max-video-preview":"max-video-preview:-1"},"canonical":"https:\/\/shopvapor.de\/ja\/product\/fumot-tornado-max-20000-20k-\u30d1\u30d5-\u4f7f\u3044\u6368\u3066-e-\u30bf\u30d0\u30b3-\u30aa\u30ea\u30b8\u30ca\u30eb\/","og_locale":"ja_JP","og_type":"article","og_title":"Fumot Tornado Max 20000 20K Puffs Einweg-E-Zigaretten Original - ShopVapor","og_description":"Fumot Tornado Max 20000 Einweg-E-Zigarette mit 20.000 Z\u00fcgen, 20 ml E-Liquid, 900 mAh Akku, USB-Typ-C-Schnellladung, Doppel-Mesh-Coil und intelligentem Display f\u00fcr E-Liquid- und Akkustand. Erh\u00e4ltlich in 2 % oder 5 % Nikotin und 29 Geschmacksrichtungen","og_url":"https:\/\/shopvapor.de\/ja\/product\/fumot-tornado-max-20000-20k-\u30d1\u30d5-\u4f7f\u3044\u6368\u3066-e-\u30bf\u30d0\u30b3-\u30aa\u30ea\u30b8\u30ca\u30eb\/","og_site_name":"ShopVapor","article_modified_time":"2025-07-16T18:33:38+00:00","og_image":[{"width":1000,"height":1000,"url":"https:\/\/shopvapor.de\/wp-content\/uploads\/2025\/07\/fumot-tornado-max-20000-puffs-vape-original-e-cigarette.webp","type":"image\/webp"}],"twitter_card":"summary_large_image","twitter_misc":{"\u63a8\u5b9a\u8aad\u307f\u53d6\u308a\u6642\u9593":"4\u5206"},"schema":{"@context":"https:\/\/schema.org","@graph":[{"@type":"WebPage","@id":"https:\/\/shopvapor.de\/produkt\/fumot-tornado-max-20000-20k-puffs-einweg-e-zigaretten-original\/","url":"https:\/\/shopvapor.de\/produkt\/fumot-tornado-max-20000-20k-puffs-einweg-e-zigaretten-original\/","name":"Fumot Tornado Max 20000 20K \u30d1\u30d5 \u4f7f\u3044\u6368\u3066\u96fb\u5b50\u30bf\u30d0\u30b3 \u30aa\u30ea\u30b8\u30ca\u30eb - ShopVapor","isPartOf":{"@id":"https:\/\/shopvapor.de\/#website"},"primaryImageOfPage":{"@id":"https:\/\/shopvapor.de\/produkt\/fumot-tornado-max-20000-20k-puffs-einweg-e-zigaretten-original\/#primaryimage"},"image":{"@id":"https:\/\/shopvapor.de\/produkt\/fumot-tornado-max-20000-20k-puffs-einweg-e-zigaretten-original\/#primaryimage"},"thumbnailUrl":"https:\/\/shopvapor.de\/wp-content\/uploads\/2025\/07\/fumot-tornado-max-20000-puffs-vape-original-e-cigarette.webp","datePublished":"2025-07-02T03:53:21+00:00","dateModified":"2025-07-16T18:33:38+00:00","description":"Fumot Tornado Max 20000 \u4f7f\u3044\u6368\u3066 20,000 \u30d4\u30fc\u30b9\u306e E-Liquid\u300120 ml \u306e\u96fb\u5b50\u6db2\u4f53\u3001900 mAh \u30d0\u30c3\u30c6\u30ea\u30fc\u3001USB Type-C \u6025\u901f\u5145\u96fb\u3001\u30c0\u30d6\u30eb \u30e1\u30c3\u30b7\u30e5 \u30b3\u30a4\u30eb\u3001\u96fb\u5b50\u6db2\u4f53\u304a\u3088\u3073\u30d0\u30c3\u30c6\u30ea\u30fc \u30ec\u30d9\u30eb\u7528\u306e\u30a4\u30f3\u30c6\u30ea\u30b8\u30a7\u30f3\u30c8 \u30c7\u30a3\u30b9\u30d7\u30ec\u30a4\u3002 2 % \u307e\u305f\u306f 5 % \u30cb\u30b3\u30c1\u30f3\u3068 29 \u30d5\u30ec\u30fc\u30d0\u30fc\u3067\u5229\u7528\u53ef\u80fd","breadcrumb":{"@id":"https:\/\/shopvapor.de\/produkt\/fumot-tornado-max-20000-20k-puffs-einweg-e-zigaretten-original\/#breadcrumb"},"inLanguage":"ja","potentialAction":[{"@type":"ReadAction","target":["https:\/\/shopvapor.de\/produkt\/fumot-tornado-max-20000-20k-puffs-einweg-e-zigaretten-original\/"]}]},{"@type":"ImageObject","inLanguage":"ja","@id":"https:\/\/shopvapor.de\/produkt\/fumot-tornado-max-20000-20k-puffs-einweg-e-zigaretten-original\/#primaryimage","url":"https:\/\/shopvapor.de\/wp-content\/uploads\/2025\/07\/fumot-tornado-max-20000-puffs-vape-original-e-cigarette.webp","contentUrl":"https:\/\/shopvapor.de\/wp-content\/uploads\/2025\/07\/fumot-tornado-max-20000-puffs-vape-original-e-cigarette.webp","width":1000,"height":1000},{"@type":"BreadcrumbList","@id":"https:\/\/shopvapor.de\/produkt\/fumot-tornado-max-20000-20k-puffs-einweg-e-zigaretten-original\/#breadcrumb","itemListElement":[{"@type":"ListItem","position":1,"name":"Startseite","item":"https:\/\/shopvapor.de\/"},{"@type":"ListItem","position":2,"name":"Shop","item":"https:\/\/shopvapor.de\/shop\/"},{"@type":"ListItem","position":3,"name":"Fumot Tornado Max 20000 20K Puffs Einweg-E-Zigaretten Original"}]},{"@type":"WebSite","@id":"https:\/\/shopvapor.de\/#website","url":"https:\/\/shopvapor.de\/","name":"\u30b7\u30e7\u30c3\u30d7\u30d9\u30fc\u30d1\u30fc","description":"","potentialAction":[{"@type":"SearchAction","target":{"@type":"EntryPoint","urlTemplate":"https:\/\/shopvapor.de\/?s={search_term_string}"},"query-input":{"@type":"PropertyValueSpecification","valueRequired":true,"valueName":"search_term_string"}}],"inLanguage":"ja"}]}},"_links":{"self":[{"href":"https:\/\/shopvapor.de\/ja\/wp-json\/wp\/v2\/product\/5264","targetHints":{"allow":["GET"]}}],"collection":[{"href":"https:\/\/shopvapor.de\/ja\/wp-json\/wp\/v2\/product"}],"about":[{"href":"https:\/\/shopvapor.de\/ja\/wp-json\/wp\/v2\/types\/product"}],"replies":[{"embeddable":true,"href":"https:\/\/shopvapor.de\/ja\/wp-json\/wp\/v2\/comments?post=5264"}],"version-history":[{"count":3,"href":"https:\/\/shopvapor.de\/ja\/wp-json\/wp\/v2\/product\/5264\/revisions"}],"predecessor-version":[{"id":11722,"href":"https:\/\/shopvapor.de\/ja\/wp-json\/wp\/v2\/product\/5264\/revisions\/11722"}],"wp:featuredmedia":[{"embeddable":true,"href":"https:\/\/shopvapor.de\/ja\/wp-json\/wp\/v2\/media\/3065"}],"wp:attachment":[{"href":"https:\/\/shopvapor.de\/ja\/wp-json\/wp\/v2\/media?parent=5264"}],"wp:term":[{"taxonomy":"product_brand","embeddable":true,"href":"https:\/\/shopvapor.de\/ja\/wp-json\/wp\/v2\/product_brand?post=5264"},{"taxonomy":"product_cat","embeddable":true,"href":"https:\/\/shopvapor.de\/ja\/wp-json\/wp\/v2\/product_cat?post=5264"},{"taxonomy":"product_tag","embeddable":true,"href":"https:\/\/shopvapor.de\/ja\/wp-json\/wp\/v2\/product_tag?post=5264"}],"curies":[{"name":"wp","href":"https:\/\/api.w.org\/{rel}","templated":true}]}}