{"id":5566,"date":"2025-07-02T03:53:38","date_gmt":"2025-07-02T03:53:38","guid":{"rendered":"https:\/\/shopvapor.de\/?post_type=product&#038;p=5566"},"modified":"2025-07-16T18:33:38","modified_gmt":"2025-07-16T18:33:38","slug":"randm-tornado-7000-7k-%e3%83%91%e3%83%95-%e4%bd%bf%e3%81%84%e6%8d%a8%e3%81%a6-e-%e3%82%bf%e3%83%90%e3%82%b3-%e3%82%aa%e3%83%aa%e3%82%b8%e3%83%8a%e3%83%ab","status":"publish","type":"product","link":"https:\/\/shopvapor.de\/ja\/product\/randm-tornado-7000-7k-%e3%83%91%e3%83%95-%e4%bd%bf%e3%81%84%e6%8d%a8%e3%81%a6-e-%e3%82%bf%e3%83%90%e3%82%b3-%e3%82%aa%e3%83%aa%e3%82%b8%e3%83%8a%e3%83%ab\/","title":{"rendered":"\u30d5\u30ea\u30f3\u30b8 \u30c8\u30eb\u30cd\u30fc\u30c9 7000 7K \u30d1\u30d5 \u4f7f\u3044\u6368\u3066\u96fb\u5b50\u30bf\u30d0\u30b3 \u30aa\u30ea\u30b8\u30ca\u30eb"},"content":{"rendered":"<h2>\u30d5\u30ea\u30f3\u30b8 \u30c8\u30eb\u30cd\u30fc\u30c9 7000 \u9ad8\u54c1\u8cea\u4f7f\u3044\u6368\u3066\u96fb\u5b50\u30bf\u30d0\u30b3\u4f53\u9a13<\/h2>\n<p>RADMT \u30c8\u30eb\u30cd\u30fc\u30c9 7000 \u306f\u3001\u54c1\u8cea\u3068\u591a\u7528\u9014\u6027\u3092\u91cd\u8996\u3059\u308b\u8981\u6c42\u306e\u9ad8\u3044\u30e6\u30fc\u30b6\u30fc\u5411\u3051\u306b\u8a2d\u8a08\u3055\u308c\u305f\u5f37\u529b\u306a\u4f7f\u3044\u6368\u3066\u96fb\u5b50\u30bf\u30d0\u30b3\u3067\u3059\u3002 \u6700\u5927 7000 \u5217\u306e\u5217\u8eca\u306e\u5370\u8c61\u7684\u306a\u5bb9\u91cf\u3001\u5145\u96fb\u5f0f\u30d0\u30c3\u30c6\u30ea\u30fc\u3001\u3055\u307e\u3056\u307e\u306a\u30d5\u30ec\u30fc\u30d0\u30fc\u3092\u5099\u3048\u305f\u3053\u306e\u30c7\u30d0\u30a4\u30b9\u306f\u3001\u5f37\u70c8\u3067\u9577\u6301\u3061\u3059\u308b\u96fb\u5b50\u30bf\u30d0\u30b3\u4f53\u9a13\u3092\u63d0\u4f9b\u3057\u307e\u3059\u3002 RADMM \u30d6\u30e9\u30f3\u30c9\u306f\u9769\u65b0\u7684\u306a\u30c6\u30af\u30ce\u30ed\u30b8\u30fc\u3068\u7d30\u5fc3\u306e\u6ce8\u610f\u3092\u6255\u3063\u3066\u304a\u308a\u3001Tornado 7000 \u306f\u9ad8\u54c1\u8cea\u306e\u96fb\u5b50\u30bf\u30d0\u30b3\u3092\u5927\u5207\u306b\u3059\u308b\u3059\u3079\u3066\u306e\u4eba\u306b\u3068\u3063\u3066\u4fe1\u983c\u3067\u304d\u308b\u9078\u629e\u80a2\u3068\u306a\u308a\u307e\u3059\u3002<\/p>\n<h2>\u88fd\u54c1\u30d1\u30e9\u30e1\u30fc\u30bf\u30fc\u8a73\u7d30<\/h2>\n<p>RADMM Tornado 7000 \u306f\u3001\u9ad8\u5ea6\u306a\u6280\u8853\u3068\u30e6\u30fc\u30b6\u30fc\u30d5\u30ec\u30f3\u30c9\u30ea\u30fc\u306a\u30c7\u30b6\u30a4\u30f3\u3092\u7d44\u307f\u5408\u308f\u305b\u3066\u3044\u307e\u3059\u3002 \u4ee5\u4e0b\u306f\u3001\u3053\u306e\u30c7\u30d0\u30a4\u30b9\u306e\u7279\u5fb4\u3067\u3042\u308b\u6280\u8853\u4ed5\u69d8\u3068\u305d\u306e\u5229\u70b9\u306e\u8a73\u7d30\u306a\u6982\u8981\u3067\u3059\u3002<\/p>\n<h3>850 mAh \u5185\u8535\u30d0\u30c3\u30c6\u30ea\u30fc<\/h3>\n<p>850 mAh \u306e\u5185\u8535\u30d0\u30c3\u30c6\u30ea\u30fc\u306f\u5927\u5bb9\u91cf\u3067\u3001\u9577\u6301\u3061\u3057\u307e\u3059\u3002 \u3053\u306e\u30d0\u30c3\u30c6\u30ea\u30fc\u30b5\u30a4\u30ba\u306b\u3088\u308a\u3001\u983b\u7e41\u306a\u5145\u96fb\u3092\u305b\u305a\u306b\u96c6\u4e2d\u7684\u306b\u4f7f\u7528\u3057\u3066\u3082\u3001RADMM Tornado 7000 \u306e\u4fe1\u983c\u6027\u3092\u7dad\u6301\u3067\u304d\u307e\u3059\u3002 \u5229\u70b9\u306f\u3001\u30e6\u30fc\u30b6\u30fc\u304c\u6700\u5927 7000 \u5217\u306e\u5217\u8eca\u306e\u5168\u5bb9\u91cf\u3092\u5229\u7528\u3067\u304d\u308b\u3088\u3046\u306b\u3059\u308b\u9577\u5bff\u3067\u3059\u3002<\/p>\n<h3>\u5145\u96fb\u5f0f\u6a5f\u80fd<\/h3>\n<p>\u4ed6\u306e\u591a\u304f\u306e\u4f7f\u3044\u6368\u3066\u96fb\u5b50\u30bf\u30d0\u30b3\u3068\u306f\u7570\u306a\u308a\u3001RADMM Tornado 7000 \u306f\u5145\u96fb\u5f0f\u3067\u3059\u3002 \u3053\u308c\u306b\u3088\u308a\u3001\u30d0\u30c3\u30c6\u30ea\u30fc\u304c\u6642\u671f\u5c1a\u65e9\u306b\u7a7a\u306b\u306a\u308b\u3053\u3068\u306a\u304f\u3001\u5b8c\u5168\u306a\u30ea\u30ad\u30c3\u30c9\u5bb9\u91cf\u3092\u5341\u5206\u306b\u6d3b\u7528\u3067\u304d\u307e\u3059\u3002 \u30d0\u30c3\u30c6\u30ea\u30fc\u306f\u30c7\u30d0\u30a4\u30b9\u306e\u5bff\u547d\u5168\u4f53\u3067\u4f7f\u7528\u3067\u304d\u308b\u305f\u3081\u3001\u518d\u5145\u96fb\u53ef\u80fd\u6027\u306b\u3088\u308a\u52b9\u7387\u304c\u5411\u4e0a\u3057\u3001\u3088\u308a\u6301\u7d9a\u53ef\u80fd\u306a\u96fb\u5b50\u30bf\u30d0\u30b3\u3092\u4fdd\u8a3c\u3057\u307e\u3059\u3002<\/p>\n<h3>\u52b9\u7387\u7684\u3067\u4e00\u5b9a\u306e\u96fb\u529b\u51fa\u529b<\/h3>\n<p>\u9ad8\u5ea6\u306a RADM \u30c8\u30eb\u30cd\u30fc\u30c9 7000 \u30c6\u30af\u30ce\u30ed\u30b8\u30fc\u306b\u3088\u308a\u3001\u4e00\u8cab\u3057\u305f\u96fb\u529b\u51fa\u529b\u304c\u4fdd\u8a3c\u3055\u308c\u3001\u4e00\u8cab\u3057\u305f\u96fb\u5b50\u30bf\u30d0\u30b3\u4f53\u9a13\u304c\u4fdd\u8a3c\u3055\u308c\u307e\u3059\u3002 \u5404\u5217\u8eca\u306f\u540c\u3058\u5f37\u3055\u3068\u5473\u306e\u8cea\u3092\u63d0\u4f9b\u3057\u3001\u30e6\u30fc\u30b6\u30fc\u306e\u6e80\u8db3\u5ea6\u3092\u9ad8\u3081\u307e\u3059\u3002 \u3053\u306e\u4e00\u8cab\u6027\u306b\u3088\u308a\u3001\u4fe1\u983c\u3067\u304d\u308b\u30d1\u30d5\u30a9\u30fc\u30de\u30f3\u30b9\u304c\u4fdd\u8a3c\u3055\u308c\u308b\u305f\u3081\u3001RADM \u30d6\u30e9\u30f3\u30c9\u306f\u4ed6\u3068\u306f\u4e00\u7dda\u3092\u753b\u3057\u3066\u3044\u307e\u3059\u3002<\/p>\n<h3>14 ml \u306e\u30d7\u30ec\u30d5\u30a3\u30eb\u30c9\u96fb\u5b50\u6db2\u4f53<\/h3>\n<p>14 ml \u306e\u5927\u91cf\u306e\u96fb\u5b50\u6db2\u4f53\u5145\u586b\u306b\u3088\u308a\u3001Tornado 7000 \u306f\u4f7f\u3044\u6368\u3066\u96fb\u5b50\u30bf\u30d0\u30b3\u3092\u63d0\u4f9b\u3059\u308b\u4e26\u5916\u308c\u305f\u5bb9\u91cf\u3092\u63d0\u4f9b\u3057\u307e\u3059\u3002 \u3053\u306e\u91cf\u3067\u6700\u5927 7000 \u306e\u79fb\u52d5\u304c\u53ef\u80fd\u3067\u3001\u8010\u4e45\u6027\u306e\u3042\u308b\u88fd\u54c1\u3092\u6c42\u3081\u308b\u30e6\u30fc\u30b6\u30fc\u306b\u6700\u9069\u3067\u3059\u3002 \u5927\u91cf\u306e\u5145\u586b\u306b\u3088\u308a\u3001\u65b0\u3057\u3044\u8cfc\u5165\u306e\u5fc5\u8981\u6027\u304c\u6e1b\u308a\u3001\u304a\u91d1\u306b\u898b\u5408\u3046\u4fa1\u5024\u304c\u3042\u308a\u307e\u3059\u3002<\/p>\n<h3>2 % \u304a\u3088\u3073 5 % \u30cb\u30b3\u30c1\u30f3 \u30ec\u30d9\u30eb<\/h3>\n<p>RADMM Tornado 7000 \u306f\u30012 \u3064\u306e\u30cb\u30b3\u30c1\u30f3\u5f37\u5ea6\u3067\u5229\u7528\u3067\u304d\u307e\u3059: 2 % \u3068 5 % \u3067\u3059\u3002\u3053\u306e\u9078\u629e\u306b\u3088\u308a\u3001\u30e6\u30fc\u30b6\u30fc\u306f\u3001\u500b\u3005\u306e\u597d\u307f\u306b\u5fdc\u3058\u3066\u3001\u81ea\u5206\u306b\u5408\u3063\u305f\u5f37\u5ea6\u3092\u9078\u629e\u3067\u304d\u307e\u3059\u3002 \u4e21\u65b9\u306e\u30aa\u30d7\u30b7\u30e7\u30f3\u304c\u5229\u7528\u53ef\u80fd\u3067\u3042\u308b\u3053\u3068\u306f\u3001\u3055\u307e\u3056\u307e\u306a\u30cb\u30fc\u30ba\u3092\u6e80\u305f\u3059 RADM \u30d6\u30e9\u30f3\u30c9\u306e\u67d4\u8edf\u6027\u3092\u5f37\u8abf\u3057\u3066\u3044\u307e\u3059\u3002<\/p>\n<h3>\u6700\u59277000\u5217\u306e\u5217\u8eca<\/h3>\n<p>\u7d04 7000 \u5217\u306e\u5217\u8eca\u306e\u5bb9\u91cf\u306b\u3088\u308a\u3001Tornado 7000 \u306f\u5e02\u5834\u3067\u6700\u3082\u8010\u4e45\u6027\u306e\u3042\u308b\u4f7f\u3044\u6368\u3066\u96fb\u5b50\u30bf\u30d0\u30b3\u306e 1 \u3064\u306b\u306a\u3063\u3066\u3044\u307e\u3059\u3002 \u3053\u306e\u6570\u306e\u5217\u8eca\u306f\u3001\u9577\u671f\u7684\u306a\u4f7f\u7528\u3092\u4fdd\u8a3c\u3057\u3001\u5b9f\u7528\u7684\u3067\u8cbb\u7528\u5bfe\u52b9\u679c\u306e\u9ad8\u3044\u4ea4\u63db\u306e\u983b\u5ea6\u3092\u6e1b\u3089\u3057\u307e\u3059\u3002<\/p>\n<h3>\u8abf\u6574\u53ef\u80fd\u306a\u6c17\u6d41\u8abf\u6574<\/h3>\n<p>\u8abf\u6574\u53ef\u80fd\u306a\u30a8\u30a2\u30d5\u30ed\u30fc\u898f\u5236\u306b\u3088\u308a\u3001\u30e6\u30fc\u30b6\u30fc\u306f\u30d7\u30eb\u62b5\u6297\u3092\u30ab\u30b9\u30bf\u30de\u30a4\u30ba\u3067\u304d\u307e\u3059\u3002 \u7de9\u3044\u5217\u8eca\u3067\u3082\u304d\u3064\u3044\u5217\u8eca\u3067\u3082\u3088\u3044\u3068\u3001\u3053\u306e\u6a5f\u80fd\u306f\u6700\u5927\u9650\u306e\u67d4\u8edf\u6027\u3068\u500b\u4eba\u5316\u3055\u308c\u305f\u96fb\u5b50\u30bf\u30d0\u30b3\u4f53\u9a13\u3092\u63d0\u4f9b\u3057\u307e\u3059\u3002 \u9069\u5fdc\u6027\u306b\u3088\u308a\u3001RADMT \u30c8\u30eb\u30cd\u30fc\u30c9 7000 \u306f\u3001\u6a19\u6e96\u306e\u4f7f\u3044\u6368\u3066\u30c7\u30d0\u30a4\u30b9\u3068\u306f\u4e00\u7dda\u3092\u753b\u3057\u3066\u3044\u307e\u3059\u3002<\/p>\n<h3>RGB\u30e9\u30a4\u30c8<\/h3>\n<p>RGB \u30e9\u30a4\u30c8\u304c\u7d71\u5408\u3055\u308c\u3066\u3044\u308b\u305f\u3081\u3001RADM \u30c8\u30eb\u30cd\u30fc\u30c9 7000 \u306f\u3001\u30e2\u30c0\u30f3\u3067\u9b45\u529b\u7684\u306a\u30c7\u30b6\u30a4\u30f3\u306b\u306a\u3063\u3066\u3044\u307e\u3059\u3002 \u8272\u306e\u5909\u66f4\u306b\u3088\u308a\u3001\u8996\u899a\u7684\u306a\u5f37\u5316\u304c\u4fdd\u8a3c\u3055\u308c\u3001\u30c7\u30d0\u30a4\u30b9\u304c\u7279\u306b\u9b45\u529b\u7684\u306b\u306a\u308a\u307e\u3059\u3002 \u3053\u306e\u6a5f\u80fd\u306f\u3001RADM \u30d6\u30e9\u30f3\u30c9\u306e\u9769\u65b0\u7684\u306a\u65b9\u5411\u6027\u3092\u5f37\u8abf\u3057\u3001\u4ed6\u306e\u4f7f\u3044\u6368\u3066\u96fb\u5b50\u30bf\u30d0\u30b3\u304b\u3089\u88fd\u54c1\u3092\u6301\u3061\u4e0a\u3052\u307e\u3059\u3002<\/p>\n<h2>RADMM \u30c8\u30eb\u30cd\u30fc\u30c9 7000 \u306e\u30d5\u30ec\u30fc\u30d0\u30fc<\/h2>\n<p>RADMM Tornado 7000 \u306f\u3001\u3042\u3089\u3086\u308b\u5473\u306b\u5408\u3046\u5e45\u5e83\u3044\u30d5\u30ec\u30fc\u30d0\u30fc\u3092\u63d0\u4f9b\u3057\u307e\u3059\u3002 \u30d5\u30eb\u30fc\u30c6\u30a3\u30fc\u306a\u3082\u306e\u304b\u3089\u723d\u3084\u304b\u306a\u30ce\u30fc\u30c8\u307e\u3067\u3001\u305d\u308c\u305e\u308c\u306e\u30d0\u30ea\u30a8\u30fc\u30b7\u30e7\u30f3\u306f\u3001\u5f37\u70c8\u306a\u5473\u3092\u4f53\u9a13\u3067\u304d\u308b\u3088\u3046\u306b\u614e\u91cd\u306b\u8a2d\u8a08\u3055\u308c\u3066\u3044\u307e\u3059\u3002 \u5229\u7528\u53ef\u80fd\u306a\u30d5\u30ec\u30fc\u30d0\u30fc\u306e\u30ea\u30b9\u30c8\u306f\u6b21\u306e\u3068\u304a\u308a\u3067\u3059\u3002<\/p>\n<ul>\n<li>\u30af\u30fc\u30eb\u30df\u30f3\u30c8<\/li>\n<li>\u9752\u3005\u3068\u3057\u305f\u6c37<\/li>\n<li>\u30bf\u30f3\u30b8\u30a7\u30ea\u30f3\u30a2\u30a4\u30b9<\/li>\n<li>\u3044\u3061\u3054\u30c9\u30fc\u30ca\u30c4<\/li>\n<li>\u30b0\u30df\u30fb\u30d9\u30a2<\/li>\n<li>\u30d6\u30eb\u30fc\u30d9\u30ea\u30fc\u306e\u6c37<\/li>\n<li>\u30de\u30f3\u30b4\u30fc\u30fb\u30aa\u30f3\u30fb\u30a2\u30a4\u30b9<\/li>\n<li>\u30d4\u30fc\u30c1\u30fb\u30a2\u30a4\u30b9<\/li>\n<li>\u30d0\u30ca\u30ca\u30a2\u30a4\u30b9<\/li>\n<li>\u30b0\u30ec\u30fc\u30d7\u30a2\u30a4\u30b9<\/li>\n<li>\u30d4\u30f3\u30af\u30fb\u30ec\u30e2\u30cd\u30fc\u30c9<\/li>\n<li>\u30d4\u30ca\u30fb\u30b3\u30e9\u30c0\u30e9\u30e0<\/li>\n<li>\u30df\u30c3\u30af\u30b9\u30d9\u30ea\u30fc<\/li>\n<li>\u30d0\u30ca\u30ca\u30df\u30eb\u30af\u30bb\u30fc\u30ad<\/li>\n<li>\u30b9\u30c8\u30ed\u30d9\u30ea\u30fc\u30fb\u30b9\u30a4\u30ab<\/li>\n<li>\u8d64\u3093\u3054\u3093\u30ec\u30e2\u30f3<\/li>\n<li>\u30d1\u30a4\u30ca\u30c3\u30d7\u30eb\u30a2\u30a4\u30b9<\/li>\n<li>\u308f\u305f\u3042\u3081<\/li>\n<li>\u30b9\u30c8\u30ed\u30d9\u30ea\u30fc\u30fb\u30d0\u30ca\u30ca<\/li>\n<li>\u30b9\u30c8\u30ed\u30d9\u30ea\u30fc\u30fb\u30a2\u30a4\u30b9<\/li>\n<li>\u30b9\u30c8\u30ed\u30d9\u30ea\u30fc\u30fb\u30ad\u30a6\u30a4<\/li>\n<li>\u8d64\u30a8\u30cd\u30eb\u30ae\u30fc\u6c37<\/li>\n<li>\u30d6\u30eb\u30fc\u30e9\u30ba\u30ec\u30e2\u30cd\u30fc\u30c9<\/li>\n<li>\u30ec\u30c3\u30c9\u30fb\u30a2\u30c3\u30d7\u30eb\u30fb\u30a2\u30a4\u30b9<\/li>\n<li>\u30d9\u30ea\u30fc\u30ec\u30e2\u30cd\u30fc\u30c9<\/li>\n<li>\u30d6\u30eb\u30fc\u30d9\u30ea\u30fc\u30d0\u30d6\u30eb\u30ac\u30e0<\/li>\n<li>\u9752\u3044\u9178\u5473\u306e\u30e9\u30ba\u30d9\u30ea\u30fc<\/li>\n<li>\u30d6\u30eb\u30fc\u3055\u3093<\/li>\n<li>\u308a\u3093\u3054\u306e\u68a8<\/li>\n<li>\u30d6\u30eb\u30fc\u30d9\u30ea\u30fc\u306e\u30b6\u30af\u30ed<\/li>\n<li>\u30f4\u30a3\u30e0\u30c8<\/li>\n<li>\u30ad\u30a6\u30a4 \u30d1\u30c3\u30b7\u30e7\u30f3 \u30d5\u30eb\u30fc\u30c4 \u30b0\u30a2\u30d0<\/li>\n<li>\u30b3\u30fc\u30e9<\/li>\n<li>\u30b5\u30ef\u30fc\u30a2\u30c3\u30d7\u30eb<\/li>\n<li>\u30d6\u30e9\u30c3\u30af\u30ab\u30e9\u30f3\u30c8\u30e1\u30f3\u30bd\u30fc\u30eb<\/li>\n<li>\u864e\u8840<\/li>\n<li>\u30d4\u30fc\u30c1\u30d6\u30eb\u30fc\u30d9\u30ea\u30fc\u30ad\u30e3\u30f3\u30c7\u30a3\u30fc<\/li>\n<li>\u30d4\u30fc\u30c1\u30fb\u30de\u30f3\u30b4\u30fc<\/li>\n<li>\u30b9\u30c8\u30ed\u30d9\u30ea\u30fc\u30ec\u30c3\u30c9\u30d6\u30eb<\/li>\n<li>\u30d6\u30e9\u30c3\u30af\u30ab\u30e9\u30f3\u30c8\u30a2\u30a4\u30b9<\/li>\n<li>\u30b9\u30c8\u30ed\u30d9\u30ea\u30fc\u30b9\u30a4\u30ab \u30ec\u30e2\u30cd\u30fc\u30c9<\/li>\n<li>\u30c1\u30a7\u30ea\u30fc<\/li>\n<li>\u30d6\u30eb\u30fc\u30e9\u30ba\u30c1\u30a7\u30ea\u30fc<\/li>\n<li>\u30b9\u30ad\u30c3\u30c8\u30eb\u30ba<\/li>\n<li>\u30d6\u30eb\u30fc\u30d9\u30ea\u30fc\u30fb\u30e9\u30ba\u30d9\u30ea\u30fc<\/li>\n<li>\u30b9\u30c8\u30ed\u30d9\u30ea\u30fc\u30b0\u30ec\u30fc\u30d7<\/li>\n<li>\u30d6\u30eb\u30fc\u30d9\u30ea\u30fc\u30fb\u30c1\u30a7\u30ea\u30fc\u30fb\u30af\u30e9\u30f3\u30d9\u30ea\u30fc<\/li>\n<li>\u30a2\u30c3\u30d7\u30eb\u30d9\u30ea\u30fc\u30d6\u30e9\u30b9\u30c8<\/li>\n<li>\u30c1\u30a7\u30ea\u30fc\u30b3\u30fc\u30af<\/li>\n<li>\u30ec\u30e2\u30f3\u3068\u30e9\u30a4\u30e0<\/li>\n<\/ul>\n<h2>\u3088\u304f\u3042\u308b\u8cea\u554f (FAQ) RADMM \u30c8\u30eb\u30cd\u30fc\u30c9 7000 \u306b\u3064\u3044\u3066<\/h2>\n<p>\u3053\u3053\u3067\u306f\u3001RADMT \u30c8\u30eb\u30cd\u30fc\u30c9 7000 \u306b\u95a2\u3059\u308b\u6700\u3082\u3088\u304f\u5bc4\u305b\u3089\u308c\u308b\u8cea\u554f\u306b\u7b54\u3048\u3066\u3001\u88fd\u54c1\u3092\u660e\u78ba\u306b\u7406\u89e3\u3067\u304d\u308b\u3088\u3046\u306b\u3057\u307e\u3059\u3002<\/p>\n<p><strong>RADMT \u30c8\u30eb\u30cd\u30fc\u30c9 7000 \u30d0\u30c3\u30c6\u30ea\u30fc\u306e\u5bff\u547d\u306f\u3069\u308c\u304f\u3089\u3044\u3067\u3059\u304b?<\/strong><br \/>\n850mAh \u306e\u30d0\u30c3\u30c6\u30ea\u30fc\u306f\u300114 mL \u306e\u7dcf\u96fb\u5b50\u6db2\u4f53\u5bb9\u91cf\u3092\u30b5\u30dd\u30fc\u30c8\u3059\u308b\u3088\u3046\u306b\u8a2d\u8a08\u3055\u308c\u3066\u304a\u308a\u3001\u6700\u5927 7000 \u5217\u306e\u5217\u8eca\u3092\u53ef\u80fd\u306b\u3057\u307e\u3059\u3002 \u5b9f\u969b\u306e\u5bff\u547d\u306f\u3001\u4f7f\u7528\u983b\u5ea6\u3068\u8a2d\u5b9a\u3055\u308c\u305f\u6c17\u6d41\u898f\u5236\u306b\u3088\u3063\u3066\u7570\u306a\u308a\u307e\u3059\u3002<\/p>\n<p><strong>\u5145\u96fb\u53ef\u80fd\u6027\u306f\u3069\u306e\u3088\u3046\u306b\u6a5f\u80fd\u3057\u307e\u3059\u304b?<\/strong><br \/>\nRADMM Tornado 7000 \u306b\u306f\u3001\u30d0\u30c3\u30c6\u30ea\u30fc\u3092\u5145\u96fb\u3059\u308b\u305f\u3081\u306e USB \u30dd\u30fc\u30c8\u304c\u3042\u308a\u307e\u3059\u3002 \u30d0\u30c3\u30c6\u30ea\u30fc\u304c\u7a7a\u306e\u3068\u304d\u306f\u3001\u6a19\u6e96\u306e USB \u30b1\u30fc\u30d6\u30eb\u3092\u4f7f\u7528\u3057\u3066\u30d0\u30c3\u30c6\u30ea\u30fc\u3092\u5145\u96fb\u3057\u3066\u304f\u3060\u3055\u3044\u3002 \u3053\u308c\u306b\u3088\u308a\u3001\u96fb\u5b50\u6db2\u4f53\u306e\u5168\u5bb9\u91cf\u3092\u4f7f\u7528\u3067\u304d\u307e\u3059\u3002<\/p>\n<p><strong>\u30cb\u30b3\u30c1\u30f3\u306e\u542b\u6709\u91cf\u3092\u5909\u66f4\u3067\u304d\u307e\u3059\u304b?<\/strong><br \/>\nRADMM Tornado 7000 \u306f\u3001\u30cb\u30b3\u30c1\u30f3\u306e\u5f37\u3055 2 \u500b\u3001% \u3068 5 % \u306e 2 \u3064\u3067\u5229\u7528\u3067\u304d\u307e\u3059\u3002\u30cb\u30b3\u30c1\u30f3\u542b\u6709\u91cf\u306f\u56fa\u5b9a\u3055\u308c\u3066\u304a\u308a\u3001\u5909\u66f4\u3067\u304d\u307e\u305b\u3093\u3002 \u30cb\u30fc\u30ba\u306b\u5408\u3063\u305f\u30d0\u30ea\u30a8\u30fc\u30b7\u30e7\u30f3\u3092\u9078\u629e\u3057\u3066\u304f\u3060\u3055\u3044\u3002<\/p>\n<p><strong>\u96fb\u5b50\u6db2\u4f53\u304c\u7a7a\u306b\u306a\u308b\u3068\u3069\u3046\u306a\u308a\u307e\u3059\u304b?<\/strong><br \/>\n\u4f7f\u3044\u6368\u3066\u96fb\u5b50\u30bf\u30d0\u30b3\u306a\u306e\u3067\u3001\u30ea\u30ad\u30c3\u30c9\u306f\u518d\u5145\u586b\u3067\u304d\u307e\u305b\u3093\u3002 \u96fb\u5b50\u6db2\u4f53\u3092\u4f7f\u3044\u5207\u3063\u305f\u3089\u3001\u88c5\u7f6e\u3092\u5ec3\u68c4\u3059\u308b\u5fc5\u8981\u304c\u3042\u308a\u307e\u3059\u3002<\/p>\n<p><strong>\u6c17\u6d41\u3092\u8abf\u6574\u3059\u308b\u306b\u306f\u3069\u3046\u3059\u308c\u3070\u3088\u3044\u3067\u3059\u304b?<\/strong><br \/>\n\u6c17\u6d41\u8abf\u6574\u306f\u30c7\u30d0\u30a4\u30b9\u306b\u3042\u308a\u3001\u56de\u8ee2\u307e\u305f\u306f\u30b9\u30e9\u30a4\u30c9\u3057\u3066\u8abf\u6574\u3057\u3066\u3001\u5fc5\u8981\u306b\u5fdc\u3058\u3066\u30d7\u30eb\u62b5\u6297\u3092\u5909\u66f4\u3067\u304d\u307e\u3059\u3002 \u8a73\u7d30\u306a\u624b\u9806\u306f\u3001\u30d1\u30c3\u30b1\u30fc\u30b8\u306b\u8a18\u8f09\u3055\u308c\u3066\u3044\u307e\u3059\u3002<\/p>\n<p><strong>RGB \u7167\u660e\u3092\u30aa\u30d5\u306b\u3059\u308b\u3053\u3068\u306f\u3067\u304d\u307e\u3059\u304b?<\/strong><br \/>\nRGB \u7167\u660e\u306f RADMM Tornado 7000 \u306e\u56fa\u5b9a\u6a5f\u80fd\u3067\u3042\u308a\u3001\u7121\u52b9\u306b\u3059\u308b\u3053\u3068\u306f\u3067\u304d\u307e\u305b\u3093\u3002 \u30c9\u30e9\u30c3\u30b0\u3059\u308b\u3068\u81ea\u52d5\u7684\u306b\u30a2\u30af\u30c6\u30a3\u30d6\u306b\u306a\u308a\u3001\u30c7\u30d0\u30a4\u30b9\u306b\u30e2\u30c0\u30f3\u306a\u5916\u89b3\u3092\u4e0e\u3048\u307e\u3059\u3002<\/p>\n<p><strong>\u30d5\u30ec\u30fc\u30d0\u30fc\u306f\u3059\u3079\u3066\u306e\u5730\u57df\u3067\u5229\u7528\u3067\u304d\u307e\u3059\u304b?<\/strong><br \/>\n\u7279\u5b9a\u306e\u30d5\u30ec\u30fc\u30d0\u30fc\u306e\u5165\u624b\u53ef\u80fd\u6027\u306f\u3001\u5730\u57df\u306b\u3088\u3063\u3066\u7570\u306a\u308b\u5834\u5408\u304c\u3042\u308a\u307e\u3059\u3002 \u8ca9\u58f2\u5e97\u306b\u3054\u76f8\u8ac7\u304f\u3060\u3055\u3044\u3002<\/p>\n<p><strong>Randm Tornado 7000 \u3092\u51e6\u5206\u3059\u308b\u306b\u306f\u3069\u3046\u3059\u308c\u3070\u3088\u3044\u3067\u3059\u304b?<\/strong><br \/>\nRADM \u30c8\u30eb\u30cd\u30fc\u30c9 7000 \u306f\u3001\u30d0\u30c3\u30c6\u30ea\u30fc\u3092\u542b\u3080\u5730\u5143\u306e\u96fb\u5b50\u5ec3\u68c4\u7269\u306e\u898f\u5236\u306b\u5f93\u3063\u3066\u51e6\u5206\u3059\u308b\u5fc5\u8981\u304c\u3042\u308a\u307e\u3059\u3002 \u5bb6\u5ead\u3054\u307f\u306b\u5165\u308c\u306a\u3044\u3067\u304f\u3060\u3055\u3044\u3002<\/p>","protected":false},"excerpt":{"rendered":"<p dir=\"auto\">\u30d5\u30ea\u30f3\u30b8 \u30c8\u30eb\u30cd\u30fc\u30c9 7000 \u4f7f\u3044\u6368\u3066\u96fb\u5b50\u30bf\u30d0\u30b3\u3001850mAh \u5145\u96fb\u5f0f\u30d0\u30c3\u30c6\u30ea\u30fc\u300114ml \u96fb\u5b50\u6db2\u4f53\u3001\u6700\u5927 7000 \u5217\u8eca\u30012% \u307e\u305f\u306f 5% \u30cb\u30b3\u30c1\u30f3\u3001\u8abf\u7bc0\u53ef\u80fd\u306a\u30a8\u30a2\u30d5\u30ed\u30fc\u3068 RGB \u30e9\u30a4\u30c8\u3002 \u5f37\u70c8\u306a\u84b8\u6c17\u3092\u5438\u3046\u4f53\u9a13\u306e\u305f\u3081\u306e\u591a\u69d8\u306a\u30d5\u30ec\u30fc\u30d0\u30fc\u3002<\/p>","protected":false},"featured_media":3165,"comment_status":"open","ping_status":"closed","template":"","meta":[],"product_brand":[1188],"product_cat":[1187],"product_tag":[964,968],"class_list":{"0":"post-5566","1":"product","2":"type-product","3":"status-publish","4":"has-post-thumbnail","6":"product_brand-randm","7":"product_cat-7000-puffs","8":"product_tag-5k9kpuffs","9":"product_tag-7000-puffs","11":"first","12":"instock","13":"shipping-taxable","14":"purchasable","15":"product-type-variable"},"yoast_head":"<!-- This site is optimized with the Yoast SEO plugin v25.8 - https:\/\/yoast.com\/wordpress\/plugins\/seo\/ -->\n<title>RandM Tornado 7000 7K Puffs Einweg-E-Zigarette Original - ShopVapor<\/title>\n<meta name=\"description\" content=\"RandM Tornado 7000 Einweg-E-Zigarette mit 850mAh wiederaufladbarer Batterie, 14ml E-Liquid, bis zu 7000 Z\u00fcgen, 2% oder 5% Nikotin, einstellbarem Luftstrom und RGB-Licht. Vielf\u00e4ltige Geschmacksrichtungen f\u00fcr ein intensives Dampferlebnis.\" \/>\n<meta name=\"robots\" content=\"index, follow, max-snippet:-1, max-image-preview:large, max-video-preview:-1\" \/>\n<link rel=\"canonical\" href=\"https:\/\/shopvapor.de\/ja\/product\/randm-tornado-7000-7k-\u30d1\u30d5-\u4f7f\u3044\u6368\u3066-e-\u30bf\u30d0\u30b3-\u30aa\u30ea\u30b8\u30ca\u30eb\/\" \/>\n<meta property=\"og:locale\" content=\"ja_JP\" \/>\n<meta property=\"og:type\" content=\"article\" \/>\n<meta property=\"og:title\" content=\"RandM Tornado 7000 7K Puffs Einweg-E-Zigarette Original - ShopVapor\" \/>\n<meta property=\"og:description\" content=\"RandM Tornado 7000 Einweg-E-Zigarette mit 850mAh wiederaufladbarer Batterie, 14ml E-Liquid, bis zu 7000 Z\u00fcgen, 2% oder 5% Nikotin, einstellbarem Luftstrom und RGB-Licht. Vielf\u00e4ltige Geschmacksrichtungen f\u00fcr ein intensives Dampferlebnis.\" \/>\n<meta property=\"og:url\" content=\"https:\/\/shopvapor.de\/ja\/product\/randm-tornado-7000-7k-\u30d1\u30d5-\u4f7f\u3044\u6368\u3066-e-\u30bf\u30d0\u30b3-\u30aa\u30ea\u30b8\u30ca\u30eb\/\" \/>\n<meta property=\"og:site_name\" content=\"ShopVapor\" \/>\n<meta property=\"article:modified_time\" content=\"2025-07-16T18:33:38+00:00\" \/>\n<meta property=\"og:image\" content=\"https:\/\/shopvapor.de\/wp-content\/uploads\/2025\/07\/randm-tornado-7000-puffs-vape-original-e-cigarette.webp\" \/>\n\t<meta property=\"og:image:width\" content=\"800\" \/>\n\t<meta property=\"og:image:height\" content=\"731\" \/>\n\t<meta property=\"og:image:type\" content=\"image\/webp\" \/>\n<meta name=\"twitter:card\" content=\"summary_large_image\" \/>\n<meta name=\"twitter:label1\" content=\"\u63a8\u5b9a\u8aad\u307f\u53d6\u308a\u6642\u9593\" \/>\n\t<meta name=\"twitter:data1\" content=\"5\u5206\" \/>\n<!-- \/ Yoast SEO plugin. -->","yoast_head_json":{"title":"\u30d5\u30ea\u30f3\u30b8 \u30c8\u30eb\u30cd\u30fc\u30c9 7000 7K \u30d1\u30d5 \u4f7f\u3044\u6368\u3066\u96fb\u5b50\u30bf\u30d0\u30b3 \u30aa\u30ea\u30b8\u30ca\u30eb - ShopVapor","description":"\u30d5\u30ea\u30f3\u30b8 \u30c8\u30eb\u30cd\u30fc\u30c9 7000 \u4f7f\u3044\u6368\u3066\u96fb\u5b50\u30bf\u30d0\u30b3\u3001850mAh \u5145\u96fb\u5f0f\u30d0\u30c3\u30c6\u30ea\u30fc\u300114ml \u96fb\u5b50\u6db2\u4f53\u3001\u6700\u5927 7000 \u5217\u8eca\u30012% \u307e\u305f\u306f 5% \u30cb\u30b3\u30c1\u30f3\u3001\u8abf\u7bc0\u53ef\u80fd\u306a\u30a8\u30a2\u30d5\u30ed\u30fc\u3068 RGB \u30e9\u30a4\u30c8\u3002 \u5f37\u70c8\u306a\u84b8\u6c17\u3092\u5438\u3046\u4f53\u9a13\u306e\u305f\u3081\u306e\u591a\u69d8\u306a\u30d5\u30ec\u30fc\u30d0\u30fc\u3002","robots":{"index":"index","follow":"follow","max-snippet":"max-snippet:-1","max-image-preview":"max-image-preview:large","max-video-preview":"max-video-preview:-1"},"canonical":"https:\/\/shopvapor.de\/ja\/product\/randm-tornado-7000-7k-\u30d1\u30d5-\u4f7f\u3044\u6368\u3066-e-\u30bf\u30d0\u30b3-\u30aa\u30ea\u30b8\u30ca\u30eb\/","og_locale":"ja_JP","og_type":"article","og_title":"RandM Tornado 7000 7K Puffs Einweg-E-Zigarette Original - ShopVapor","og_description":"RandM Tornado 7000 Einweg-E-Zigarette mit 850mAh wiederaufladbarer Batterie, 14ml E-Liquid, bis zu 7000 Z\u00fcgen, 2% oder 5% Nikotin, einstellbarem Luftstrom und RGB-Licht. Vielf\u00e4ltige Geschmacksrichtungen f\u00fcr ein intensives Dampferlebnis.","og_url":"https:\/\/shopvapor.de\/ja\/product\/randm-tornado-7000-7k-\u30d1\u30d5-\u4f7f\u3044\u6368\u3066-e-\u30bf\u30d0\u30b3-\u30aa\u30ea\u30b8\u30ca\u30eb\/","og_site_name":"ShopVapor","article_modified_time":"2025-07-16T18:33:38+00:00","og_image":[{"width":800,"height":731,"url":"https:\/\/shopvapor.de\/wp-content\/uploads\/2025\/07\/randm-tornado-7000-puffs-vape-original-e-cigarette.webp","type":"image\/webp"}],"twitter_card":"summary_large_image","twitter_misc":{"\u63a8\u5b9a\u8aad\u307f\u53d6\u308a\u6642\u9593":"5\u5206"},"schema":{"@context":"https:\/\/schema.org","@graph":[{"@type":"WebPage","@id":"https:\/\/shopvapor.de\/produkt\/randm-tornado-7000-7k-puffs-einweg-e-zigarette-original\/","url":"https:\/\/shopvapor.de\/produkt\/randm-tornado-7000-7k-puffs-einweg-e-zigarette-original\/","name":"\u30d5\u30ea\u30f3\u30b8 \u30c8\u30eb\u30cd\u30fc\u30c9 7000 7K \u30d1\u30d5 \u4f7f\u3044\u6368\u3066\u96fb\u5b50\u30bf\u30d0\u30b3 \u30aa\u30ea\u30b8\u30ca\u30eb - ShopVapor","isPartOf":{"@id":"https:\/\/shopvapor.de\/#website"},"primaryImageOfPage":{"@id":"https:\/\/shopvapor.de\/produkt\/randm-tornado-7000-7k-puffs-einweg-e-zigarette-original\/#primaryimage"},"image":{"@id":"https:\/\/shopvapor.de\/produkt\/randm-tornado-7000-7k-puffs-einweg-e-zigarette-original\/#primaryimage"},"thumbnailUrl":"https:\/\/shopvapor.de\/wp-content\/uploads\/2025\/07\/randm-tornado-7000-puffs-vape-original-e-cigarette.webp","datePublished":"2025-07-02T03:53:38+00:00","dateModified":"2025-07-16T18:33:38+00:00","description":"\u30d5\u30ea\u30f3\u30b8 \u30c8\u30eb\u30cd\u30fc\u30c9 7000 \u4f7f\u3044\u6368\u3066\u96fb\u5b50\u30bf\u30d0\u30b3\u3001850mAh \u5145\u96fb\u5f0f\u30d0\u30c3\u30c6\u30ea\u30fc\u300114ml \u96fb\u5b50\u6db2\u4f53\u3001\u6700\u5927 7000 \u5217\u8eca\u30012% \u307e\u305f\u306f 5% \u30cb\u30b3\u30c1\u30f3\u3001\u8abf\u7bc0\u53ef\u80fd\u306a\u30a8\u30a2\u30d5\u30ed\u30fc\u3068 RGB \u30e9\u30a4\u30c8\u3002 \u5f37\u70c8\u306a\u84b8\u6c17\u3092\u5438\u3046\u4f53\u9a13\u306e\u305f\u3081\u306e\u591a\u69d8\u306a\u30d5\u30ec\u30fc\u30d0\u30fc\u3002","breadcrumb":{"@id":"https:\/\/shopvapor.de\/produkt\/randm-tornado-7000-7k-puffs-einweg-e-zigarette-original\/#breadcrumb"},"inLanguage":"ja","potentialAction":[{"@type":"ReadAction","target":["https:\/\/shopvapor.de\/produkt\/randm-tornado-7000-7k-puffs-einweg-e-zigarette-original\/"]}]},{"@type":"ImageObject","inLanguage":"ja","@id":"https:\/\/shopvapor.de\/produkt\/randm-tornado-7000-7k-puffs-einweg-e-zigarette-original\/#primaryimage","url":"https:\/\/shopvapor.de\/wp-content\/uploads\/2025\/07\/randm-tornado-7000-puffs-vape-original-e-cigarette.webp","contentUrl":"https:\/\/shopvapor.de\/wp-content\/uploads\/2025\/07\/randm-tornado-7000-puffs-vape-original-e-cigarette.webp","width":800,"height":731},{"@type":"BreadcrumbList","@id":"https:\/\/shopvapor.de\/produkt\/randm-tornado-7000-7k-puffs-einweg-e-zigarette-original\/#breadcrumb","itemListElement":[{"@type":"ListItem","position":1,"name":"Startseite","item":"https:\/\/shopvapor.de\/"},{"@type":"ListItem","position":2,"name":"Shop","item":"https:\/\/shopvapor.de\/shop\/"},{"@type":"ListItem","position":3,"name":"RandM Tornado 7000 7K Puffs Einweg-E-Zigarette Original"}]},{"@type":"WebSite","@id":"https:\/\/shopvapor.de\/#website","url":"https:\/\/shopvapor.de\/","name":"\u30b7\u30e7\u30c3\u30d7\u30d9\u30fc\u30d1\u30fc","description":"","potentialAction":[{"@type":"SearchAction","target":{"@type":"EntryPoint","urlTemplate":"https:\/\/shopvapor.de\/?s={search_term_string}"},"query-input":{"@type":"PropertyValueSpecification","valueRequired":true,"valueName":"search_term_string"}}],"inLanguage":"ja"}]}},"_links":{"self":[{"href":"https:\/\/shopvapor.de\/ja\/wp-json\/wp\/v2\/product\/5566","targetHints":{"allow":["GET"]}}],"collection":[{"href":"https:\/\/shopvapor.de\/ja\/wp-json\/wp\/v2\/product"}],"about":[{"href":"https:\/\/shopvapor.de\/ja\/wp-json\/wp\/v2\/types\/product"}],"replies":[{"embeddable":true,"href":"https:\/\/shopvapor.de\/ja\/wp-json\/wp\/v2\/comments?post=5566"}],"version-history":[{"count":1,"href":"https:\/\/shopvapor.de\/ja\/wp-json\/wp\/v2\/product\/5566\/revisions"}],"predecessor-version":[{"id":11716,"href":"https:\/\/shopvapor.de\/ja\/wp-json\/wp\/v2\/product\/5566\/revisions\/11716"}],"wp:featuredmedia":[{"embeddable":true,"href":"https:\/\/shopvapor.de\/ja\/wp-json\/wp\/v2\/media\/3165"}],"wp:attachment":[{"href":"https:\/\/shopvapor.de\/ja\/wp-json\/wp\/v2\/media?parent=5566"}],"wp:term":[{"taxonomy":"product_brand","embeddable":true,"href":"https:\/\/shopvapor.de\/ja\/wp-json\/wp\/v2\/product_brand?post=5566"},{"taxonomy":"product_cat","embeddable":true,"href":"https:\/\/shopvapor.de\/ja\/wp-json\/wp\/v2\/product_cat?post=5566"},{"taxonomy":"product_tag","embeddable":true,"href":"https:\/\/shopvapor.de\/ja\/wp-json\/wp\/v2\/product_tag?post=5566"}],"curies":[{"name":"wp","href":"https:\/\/api.w.org\/{rel}","templated":true}]}}