{"id":6104,"date":"2025-07-02T04:00:21","date_gmt":"2025-07-02T04:00:21","guid":{"rendered":"https:\/\/shopvapor.de\/?post_type=product&#038;p=6104"},"modified":"2025-07-15T09:35:21","modified_gmt":"2025-07-15T09:35:21","slug":"bang-blaze-40000-40k-%e3%83%91%e3%83%95-%e3%83%87%e3%83%a5%e3%82%a2%e3%83%ab-%e3%83%95%e3%83%ac%e3%83%bc%e3%83%90%e3%83%bc-40ml-%e4%bd%bf%e3%81%84%e6%8d%a8%e3%81%a6-e-%e3%82%bf%e3%83%90%e3%82%b3","status":"publish","type":"product","link":"https:\/\/shopvapor.de\/ja\/product\/bang-blaze-40000-40k-%e3%83%91%e3%83%95-%e3%83%87%e3%83%a5%e3%82%a2%e3%83%ab-%e3%83%95%e3%83%ac%e3%83%bc%e3%83%90%e3%83%bc-40ml-%e4%bd%bf%e3%81%84%e6%8d%a8%e3%81%a6-e-%e3%82%bf%e3%83%90%e3%82%b3\/","title":{"rendered":"\u30d0\u30f3\u30b0\u30d6\u30ec\u30a4\u30ba40000 40K\u30d1\u30d5\u30c7\u30e5\u30a2\u30eb\u30d5\u30ec\u30fc\u30d0\u30fc40ml\u4f7f\u3044\u6368\u3066\u96fb\u5b50\u30bf\u30d0\u30b3\u30aa\u30ea\u30b8\u30ca\u30eb"},"content":{"rendered":"<h2>\u30d0\u30f3\u30b0 40000 \u306e\u7d39\u4ecb<\/h2>\n<p>Bang 40000 \u306f\u3001\u54c1\u8cea\u3068\u9577\u6301\u3061\u3092\u5927\u5207\u306b\u3059\u308b\u8981\u6c42\u306e\u9ad8\u3044\u30e6\u30fc\u30b6\u30fc\u5411\u3051\u306b\u8a2d\u8a08\u3055\u308c\u305f\u3001\u6700\u5148\u7aef\u306e\u4f7f\u3044\u6368\u3066\u96fb\u5b50\u30bf\u30d0\u30b3\u88fd\u54c1\u3067\u3059\u3002 \u6700\u5927 40,000 \u5217\u306e\u5217\u8eca\u306e\u5370\u8c61\u7684\u306a\u5bb9\u91cf\u3068\u9769\u65b0\u7684\u306a\u30c7\u30e5\u30a2\u30eb\u30d5\u30ec\u30fc\u30d0\u30fc\u6280\u8853\u306b\u3088\u308a\u3001\u3053\u306e\u30c7\u30d0\u30a4\u30b9\u306f\u5f37\u70c8\u3067\u7528\u9014\u306e\u5e83\u3044\u96fb\u5b50\u30bf\u30d0\u30b3\u4f53\u9a13\u3092\u63d0\u4f9b\u3057\u307e\u3059\u3002 Bang \u30d6\u30e9\u30f3\u30c9\u306f\u4fe1\u983c\u6027\u3068\u7cbe\u5ea6\u3092\u8868\u3057\u3066\u304a\u308a\u3001Bang 40000 \u306f\u3001\u305d\u306e\u9ad8\u5ea6\u306a\u6280\u8853\u3068\u3088\u304f\u8003\u3048\u3089\u308c\u305f\u69cb\u9020\u306b\u3088\u308a\u3001\u3053\u308c\u3089\u306e\u4fa1\u5024\u3092\u4f53\u73fe\u3057\u3066\u3044\u307e\u3059\u3002 \u3053\u306e\u88fd\u54c1\u306f\u3001\u5f37\u529b\u3067\u30dd\u30fc\u30bf\u30d6\u30eb\u3067\u4f7f\u3044\u3084\u3059\u3044\u30c7\u30d0\u30a4\u30b9\u3092\u63a2\u3057\u3066\u3044\u308b\u30e6\u30fc\u30b6\u30fc\u306b\u6700\u9069\u3067\u3059\u3002<\/p>\n<h2>\u88fd\u54c1\u30d1\u30e9\u30e1\u30fc\u30bf\u30fc\u8a73\u7d30<\/h2>\n<p>Bang 40000 \u306f\u3001\u9769\u65b0\u7684\u306a\u30c6\u30af\u30ce\u30ed\u30b8\u30fc\u3068\u5b9f\u7528\u7684\u306a\u30c7\u30b6\u30a4\u30f3\u3092\u7d44\u307f\u5408\u308f\u305b\u3066\u3044\u307e\u3059\u3002 \u3053\u306e\u88fd\u54c1\u306e\u5229\u70b9\u3068\u6027\u80fd\u3092\u8aac\u660e\u3059\u308b\u305f\u3081\u306b\u3001\u6280\u8853\u4ed5\u69d8\u3092\u4ee5\u4e0b\u306b\u8a73\u3057\u304f\u8aac\u660e\u3057\u307e\u3059\u3002<\/p>\n<h3>\u5217\u8eca\u306e\u6570: \u6700\u5927 40,000 \u5217\u306e\u5217\u8eca<\/h3>\n<p>\u6700\u5927 40,000 \u5217\u306e\u5217\u8eca\u306e\u5bb9\u91cf\u3092\u5099\u3048\u305f Bang 40000 \u306f\u3001\u4e26\u5916\u308c\u305f\u8010\u4e45\u6027\u3092\u5099\u3048\u3066\u3044\u307e\u3059\u3002 \u3053\u306e\u6570\u306e\u5217\u8eca\u306b\u3088\u308a\u3001\u983b\u7e41\u306b\u4ea4\u63db\u3059\u308b\u5fc5\u8981\u306a\u304f\u3001\u9577\u671f\u9593\u306b\u308f\u305f\u3063\u3066\u30c7\u30d0\u30a4\u30b9\u3092\u4f7f\u7528\u3067\u304d\u308b\u3088\u3046\u306b\u306a\u308a\u307e\u3059\u3002 \u30c7\u30e5\u30a2\u30eb \u30e1\u30c3\u30b7\u30e5 \u30b3\u30a4\u30eb\u306e\u6b63\u78ba\u306a\u51e6\u7406\u306b\u3088\u308a\u3001\u6700\u7d42\u5217\u8eca\u307e\u3067\u306e\u84b8\u6c17\u306e\u751f\u7523\u304c\u78ba\u5b9f\u306b\u884c\u308f\u308c\u307e\u3059\u3002<\/p>\n<h3>\u96fb\u5b50\u6db2\u4f53\u5bb9\u91cf: 40ml<\/h3>\n<p>40 ml \u306e\u5927\u91cf\u306e\u96fb\u5b50\u6db2\u4f53\u5bb9\u91cf\u306b\u3088\u308a\u3001\u88dc\u5145\u3057\u306a\u304f\u3066\u3082\u9577\u6301\u3061\u3057\u307e\u3059\u3002 \u3053\u306e\u5bb9\u91cf\u306f\u3001\u591a\u6570\u306e\u5217\u8eca\u306b\u6700\u9069\u306b\u4e00\u81f4\u3057\u3001\u5473\u3068\u84b8\u6c17\u306e\u751f\u7523\u3068\u306e\u30d0\u30e9\u30f3\u30b9\u306e\u53d6\u308c\u305f\u95a2\u4fc2\u3092\u4fdd\u8a3c\u3057\u307e\u3059\u3002 \u9ad8\u54c1\u8cea\u306e\u30ea\u30ad\u30c3\u30c9\u306f\u3001\u4e00\u8cab\u3057\u3066\u5f37\u70c8\u306a\u9999\u308a\u3092\u4fdd\u8a3c\u3057\u307e\u3059\u3002<\/p>\n<h3>\u30cb\u30b3\u30c1\u30f3\u306e\u5f37\u3055\uff1a0 %\u30012 %\u30013 %\u30015 %<\/h3>\n<p>Bang 40000 \u306f\u3001\u30e6\u30fc\u30b6\u30fc\u306e\u500b\u3005\u306e\u597d\u307f\u306b\u5408\u308f\u305b\u3066\u3001\u30cb\u30b3\u30c1\u30f3\u5f37\u5ea6 (0 %\u30012 %\u30013 %\u30015 %) \u3092\u63d0\u4f9b\u3057\u307e\u3059\u3002 \u30cb\u30b3\u30c1\u30f3\u30d5\u30ea\u30fc\u304b\u3089\u3088\u308a\u5f37\u529b\u306a\u30aa\u30d7\u30b7\u30e7\u30f3\u307e\u3067\u3001\u3042\u3089\u3086\u308b\u30cb\u30fc\u30ba\u306b\u5bfe\u5fdc\u3067\u304d\u308b\u3082\u306e\u304c\u3042\u308a\u307e\u3059\u3002 \u6b63\u78ba\u306a\u6295\u4e0e\u91cf\u306b\u3088\u308a\u3001\u5f15\u3063\u5f35\u308b\u305f\u3073\u306b\u30cb\u30b3\u30c1\u30f3\u304c\u5747\u4e00\u306b\u653e\u51fa\u3055\u308c\u307e\u3059\u3002<\/p>\n<h3>\u30d0\u30c3\u30c6\u30ea\u30fc\u5bb9\u91cf: 650mAh (\u5145\u96fb\u5f0f)<\/h3>\n<p>\u5185\u8535\u306e 650mAh \u30d0\u30c3\u30c6\u30ea\u30fc\u306f\u5145\u96fb\u5f0f\u3067\u3001\u30c7\u30d0\u30a4\u30b9\u306e\u5bff\u547d\u306b\u4fe1\u983c\u3067\u304d\u308b\u96fb\u6e90\u3092\u63d0\u4f9b\u3057\u307e\u3059\u3002 \u30d0\u30c3\u30c6\u30ea\u30fc\u306f\u3001\u4f7f\u3044\u8fbc\u307f\u304c\u306a\u304f\u3066\u3082\u4e00\u8cab\u3057\u305f\u30d1\u30d5\u30a9\u30fc\u30de\u30f3\u30b9\u3092\u78ba\u4fdd\u3059\u308b\u305f\u3081\u306b\u52b9\u7387\u3092\u4e0a\u3052\u308b\u305f\u3081\u306b\u8a2d\u8a08\u3055\u308c\u3066\u3044\u307e\u3059\u3002<\/p>\n<h3>\u5145\u96fb\u30dd\u30fc\u30c8: USB Type-C<\/h3>\n<p>\u6700\u65b0\u306e USB Type-C \u30dd\u30fc\u30c8\u306b\u3088\u308a\u3001\u9ad8\u901f\u3067\u4fbf\u5229\u306a\u5145\u96fb\u304c\u53ef\u80fd\u3067\u3059\u3002 \u3053\u306e\u898f\u683c\u306f\u3001\u4e00\u822c\u7684\u306a\u5145\u96fb\u30b1\u30fc\u30d6\u30eb\u3068\u306e\u9ad8\u3044\u4e92\u63db\u6027\u3092\u4fdd\u8a3c\u3057\u3001\u5145\u96fb\u6642\u9593\u3092\u77ed\u7e2e\u3057\u3066\u3001\u30c7\u30d0\u30a4\u30b9\u3092\u3059\u3050\u306b\u4f7f\u7528\u3067\u304d\u308b\u3088\u3046\u306b\u3057\u307e\u3059\u3002<\/p>\n<h3>\u30b3\u30a4\u30eb\u30bf\u30a4\u30d7: \u30c7\u30e5\u30a2\u30eb\u30e1\u30c3\u30b7\u30e5\u30b3\u30a4\u30eb (1.2\u03a9)<\/h3>\n<p>1.2 \u03a9 \u306e\u62b5\u6297\u3092\u6301\u3064\u30c7\u30e5\u30a2\u30eb \u30e1\u30c3\u30b7\u30e5 \u30b3\u30a4\u30eb\u6280\u8853\u306b\u3088\u308a\u3001\u84b8\u6c17\u3068\u30d5\u30ec\u30fc\u30d0\u30fc\u306e\u751f\u6210\u3092\u6700\u9069\u5316\u3057\u307e\u3059\u3002 \u3053\u308c\u3089\u306e\u30b3\u30a4\u30eb\u306f\u3001\u5747\u4e00\u306a\u52a0\u71b1\u3068\u9ad8\u52b9\u7387\u3092\u63d0\u4f9b\u3057\u3001\u5f37\u70c8\u3067\u7d14\u7c8b\u306a\u5473\u3092\u4f53\u9a13\u3067\u304d\u307e\u3059\u3002<\/p>\n<h3>\u30d5\u30ec\u30fc\u30d0\u30fc \u30b7\u30b9\u30c6\u30e0: \u30c7\u30e5\u30a2\u30eb \u30d5\u30ec\u30fc\u30d0\u30fc \u30b9\u30e9\u30a4\u30c9<\/h3>\n<p>\u9769\u65b0\u7684\u306a\u30c7\u30e5\u30a2\u30eb \u30d5\u30ec\u30fc\u30d0\u30fc \u30b7\u30b9\u30c6\u30e0\u306b\u3088\u308a\u3001\u30e6\u30fc\u30b6\u30fc\u306f\u30b9\u30e9\u30a4\u30c9 \u30b9\u30a4\u30c3\u30c1\u3067 2 \u3064\u306e\u30d5\u30ec\u30fc\u30d0\u30fc\u3092\u5207\u308a\u66ff\u3048\u308b\u3053\u3068\u304c\u3067\u304d\u307e\u3059\u3002 \u3053\u306e\u6a5f\u80fd\u306f\u3001\u8907\u6570\u306e\u30c7\u30d0\u30a4\u30b9\u3092\u5fc5\u8981\u3068\u305b\u305a\u306b\u591a\u69d8\u6027\u3068\u67d4\u8edf\u6027\u3092\u63d0\u4f9b\u3057\u3001\u5f93\u6765\u306e\u4f7f\u3044\u6368\u3066\u96fb\u5b50\u30bf\u30d0\u30b3\u3068\u306f\u4e00\u7dda\u3092\u753b\u3057\u3066\u3044\u307e\u3059\u3002<\/p>\n<h3>\u30c7\u30d0\u30a4\u30b9\u306e\u91cd\u91cf: \u7d04\u3002 120g<\/h3>\n<p>\u91cd\u91cf\u306f\u7d04 120 g \u3067\u3001Bang 40000 \u306f\u8efd\u91cf\u3067\u6301\u3061\u904b\u3073\u3084\u3059\u3044\u3067\u3059\u3002 \u30b3\u30f3\u30d1\u30af\u30c8\u306a\u30c7\u30b6\u30a4\u30f3\u306f\u624b\u306b\u30d5\u30a3\u30c3\u30c8\u3057\u3001\u5805\u7262\u6027\u3092\u640d\u306a\u3046\u3053\u3068\u306a\u304f\u65e5\u5e38\u306e\u4f7f\u7528\u306b\u6700\u9069\u3067\u3059\u3002<\/p>\n<h2>\u5473<\/h2>\n<p>Bang 40000 \u306f\u3001\u30c7\u30e5\u30a2\u30eb \u30d5\u30ec\u30fc\u30d0\u30fc \u30b7\u30b9\u30c6\u30e0\u3067 2 \u56de\u4f7f\u7528\u3067\u304d\u308b\u5e45\u5e83\u3044\u30d5\u30ec\u30fc\u30d0\u30fc\u3092\u63d0\u4f9b\u3057\u307e\u3059\u3002 \u305d\u308c\u305e\u308c\u306e\u7d44\u307f\u5408\u308f\u305b\u306f\u3001\u5f37\u70c8\u3067\u30d0\u30e9\u30f3\u30b9\u306e\u53d6\u308c\u305f\u9999\u308a\u3092\u63d0\u4f9b\u3059\u308b\u3088\u3046\u306b\u614e\u91cd\u306b\u8a2d\u8a08\u3055\u308c\u3066\u3044\u307e\u3059\u3002 \u5229\u7528\u53ef\u80fd\u306a\u30d5\u30ec\u30fc\u30d0\u30fc\u306f\u6b21\u306e\u3068\u304a\u308a\u3067\u3059\u3002<\/p>\n<ul>\n<li>\u30b9\u30a4\u30ab\u3068\u30b9\u30c8\u30ed\u30d9\u30ea\u30fc \u30b9\u30a4\u30ab<\/li>\n<li>\u30d6\u30eb\u30fc\u30d9\u30ea\u30fc\u30a2\u30a4\u30b9 &amp; \u30d6\u30eb\u30fc\u30d9\u30ea\u30fc \u30e9\u30ba\u30d9\u30ea\u30fc<\/li>\n<li>\u30de\u30f3\u30b4\u30fc\u30a2\u30a4\u30b9\uff06\u30b9\u30c8\u30ed\u30d9\u30ea\u30fc\u30de\u30f3\u30b4\u30fc<\/li>\n<li>\u30b9\u30a4\u30ab\u3068\u30b9\u30a4\u30ab\u306e\u6ce1\u30ac\u30e0<\/li>\n<li>\u30d1\u30a4\u30ca\u30c3\u30d7\u30eb\u30a2\u30a4\u30b9\u3068\u30d1\u30a4\u30ca\u30c3\u30d7\u30eb\u30b3\u30b3\u30ca\u30c3\u30c4<\/li>\n<li>\u30df\u30c3\u30af\u30b9\u30d5\u30eb\u30fc\u30c4\u3068\u30c8\u30ea\u30d7\u30eb\u30d9\u30ea\u30fc<\/li>\n<li>\u30d4\u30fc\u30c1\u30a2\u30a4\u30b9\uff06\u30de\u30f3\u30b4\u30fc\u30d4\u30fc\u30c1<\/li>\n<li>\u30c1\u30a7\u30ea\u30fc\uff06\u30c1\u30a7\u30ea\u30fc\u30b3\u30fc\u30af<\/li>\n<li>\u30b0\u30ec\u30fc\u30d7\uff06\u30d6\u30eb\u30fc\u30d9\u30ea\u30fc \u30b0\u30ec\u30fc\u30d7<\/li>\n<li>\u30df\u30f3\u30c8\u3068\u30d6\u30eb\u30fc\u30d9\u30ea\u30fc\u306e\u30df\u30f3\u30c8<\/li>\n<li>\u30d6\u30e9\u30c3\u30af \u30c9\u30e9\u30b4\u30f3 \u30a2\u30a4\u30b9 &amp; \u30ec\u30c3\u30c9\u30d6\u30eb<\/li>\n<li>\u30b9\u30c8\u30ed\u30d9\u30ea\u30fc\u30a2\u30a4\u30b9\u3068\u30b9\u30c8\u30ed\u30d9\u30ea\u30fc\u30ad\u30a6\u30a4<\/li>\n<li>\u30c8\u30ed\u30d4\u30ab\u30eb\u30d5\u30eb\u30fc\u30c4\u3068\u30c8\u30ea\u30d7\u30eb\u30b9\u30a4\u30ab<\/li>\n<li>\u30b5\u30ef\u30fc\u30de\u30f3\u30b4\u30fc\u30d1\u30a4\u30ca\u30c3\u30d7\u30eb\u3068\u30ec\u30e2\u30f3\u30e9\u30a4\u30e0<\/li>\n<li>\u590f\u306e\u6642\u9593\u3068\u30a2\u30c3\u30d7\u30eb\u30a2\u30a4\u30b9<\/li>\n<li>\u30ec\u30a4\u30f3\u30dc\u30fc \u30ad\u30e3\u30f3\u30c7\u30a3\u30fc\u3068\u5317\u6975\u306e\u30d5\u30ea\u30fc\u30b8\u30f3\u30b0<\/li>\n<li>\u30e9\u30ba\u30d9\u30ea\u30fc \u30b9\u30a4\u30ab\u3068\u30b8\u30fc\u30b7\u30e5\u30a2\u30f3<\/li>\n<li>\u30ec\u30e2\u30f3 \u30ed\u30de\u30f3\u30b9 &amp; \u30ab\u30ea\u30d5\u30a9\u30eb\u30cb\u30a2 \u30c1\u30a7\u30ea\u30fc<\/li>\n<li>\u30de\u30f3\u30b4\u30fc\u30d4\u30fc\u30c1\u30a2\u30d7\u30ea\u30b3\u30c3\u30c8\uff06\u30db\u30ef\u30a4\u30c8\u30e9\u30d0\u30fc<\/li>\n<li>\u30e1\u30a2\u30ea\u30fc\u306e\u5922\u3068\u30a2\u30ed\u30a8\u30de\u30f3\u30b4\u30fc\u30e1\u30ed\u30f3\u30a2\u30a4\u30b9<\/li>\n<li>\u30ad\u30a6\u30a4 \u30d1\u30c3\u30b7\u30e7\u30f3 \u30d5\u30eb\u30fc\u30c4 \u30b0\u30a2\u30d0 &amp; \u30d6\u30eb\u30fc\u30d9\u30ea\u30fc \u30c1\u30a7\u30ea\u30fc<\/li>\n<li>\u30d1\u30a4\u30ca\u30c3\u30d7\u30eb\u30de\u30f3\u30b4\u30fc\u3068\u30d1\u30a4\u30ca\u30c3\u30d7\u30eb\u306e\u30b3\u30b3\u30ca\u30c3\u30c4\u30a2\u30a4\u30b9<\/li>\n<li>\u30e9\u30ba\u30d9\u30ea\u30fc \u30b9\u30a4\u30ab\u3068\u30a2\u30ed\u30a8\u30d9\u30e9 \u30b0\u30ec\u30fc\u30d7<\/li>\n<li>\u30e9\u30a4\u30c1\u30a2\u30a4\u30b9\u3068\u30b9\u30c8\u30ed\u30d9\u30ea\u30fc \u30e9\u30a4\u30c1<\/li>\n<li>\u30d3\u30fc\u30c1 \u30bb\u30c3\u30af\u30b9\u3068\u30e9\u30ba\u30d9\u30ea\u30fc \u30b9\u30a4\u30ab<\/li>\n<li>\u30b0\u30df\u30d9\u30a2\u3068\u30e9\u30ba\u30d9\u30ea\u30fc\u30d6\u30e9\u30c3\u30af\u30b0\u30ea\u30c3\u30bf\u30fc<\/li>\n<li>\u30d9\u30ea\u30fc \u51b7\u305f\u3044\u30b9\u30a4\u30ab\u3068\u30b5\u30ef\u30fc\u30d4\u30fc\u30c1<\/li>\n<li>\u30b9\u30c8\u30ed\u30d9\u30ea\u30fc \u30d0\u30ca\u30ca &amp; \u30d1\u30c3\u30b7\u30e7\u30f3 \u30d5\u30eb\u30fc\u30c4 \u30ad\u30a6<\/li>\n<li>\u30a2\u30b5\u30a4\u30fc \u30b9\u30c8\u30fc\u30e0 \u30a2\u30a4\u30b9 &amp; \u30e9\u30d6 66<\/li>\n<li>\u30d4\u30f3\u30af \u30ec\u30e2\u30cd\u30fc\u30c9\u3068\u30d6\u30eb\u30fc\u30d9\u30ea\u30fc \u30c1\u30a7\u30ea\u30fc \u30ec\u30e2\u30f3<\/li>\n<li>\u30b9\u30c8\u30ed\u30d9\u30ea\u30fc\u30a2\u30a4\u30b9\u30af\u30ea\u30fc\u30e0\u3068\u30b9\u30c8\u30ed\u30d9\u30ea\u30fc\u30d0\u30cb\u30e9<\/li>\n<li>\u30d6\u30eb\u30fc\u30d9\u30ea\u30fc \u30af\u30e9\u30f3\u30d9\u30ea\u30fc \u30c1\u30a7\u30ea\u30fc &amp; \u30b9\u30a4\u30ab \u30c1\u30a7\u30ea\u30fc<\/li>\n<\/ul>\n<h2>\u3088\u304f\u3042\u308b\u8cea\u554f (FAQ)<\/h2>\n<p>\u4ee5\u4e0b\u306b\u3001\u6700\u3082\u4e00\u822c\u7684\u306a 40000 \u306e\u8cea\u554f\u306b\u7b54\u3048\u3066\u3001\u30e6\u30fc\u30b6\u30fc\u306b\u6700\u5927\u9650\u306e\u660e\u77ad\u5ea6\u3092\u63d0\u4f9b\u3057\u307e\u3059\u3002<\/p>\n<p><strong>40000 \u30d0\u30c3\u30c6\u30ea\u30fc\u306e\u5bff\u547d\u306f\u3069\u306e\u304f\u3089\u3044\u3067\u3059\u304b?<\/strong><br \/>\n650 mAh \u306e\u30d0\u30c3\u30c6\u30ea\u30fc\u306f\u3001\u4f7f\u7528\u983b\u5ea6\u306b\u5fdc\u3058\u3066\u3001\u30c7\u30d0\u30a4\u30b9\u306e\u5168\u5bff\u547d\u3092\u30b5\u30dd\u30fc\u30c8\u3059\u308b\u3088\u3046\u306b\u8a2d\u8a08\u3055\u308c\u3066\u3044\u307e\u3059\u3002 \u5b9a\u671f\u7684\u306b\u4f7f\u7528\u3059\u308b\u3068\u3001\u30d0\u30c3\u30c6\u30ea\u30fc\u3092\u8907\u6570\u56de\u5145\u96fb\u3057\u3066\u300140,000 \u5217\u8eca\u306b\u5230\u9054\u3067\u304d\u307e\u3059\u3002<\/p>\n<p><strong>\u4f7f\u7528\u4e2d\u306b\u5473\u3092\u5909\u3048\u308b\u3053\u3068\u306f\u3067\u304d\u307e\u3059\u304b?<\/strong><br \/>\n\u306f\u3044\u3001\u30c7\u30e5\u30a2\u30eb \u30d5\u30ec\u30fc\u30d0\u30fc \u30b9\u30e9\u30a4\u30c9 \u30b9\u30a4\u30c3\u30c1\u3092\u4f7f\u7528\u3059\u308b\u3068\u3001\u30c7\u30d0\u30a4\u30b9\u3092\u958b\u9589\u3059\u308b\u3053\u3068\u306a\u304f\u3001\u3044\u3064\u3067\u3082 2 \u3064\u306e\u30d5\u30ec\u30fc\u30d0\u30fc\u3092\u5207\u308a\u66ff\u3048\u308b\u3053\u3068\u304c\u3067\u304d\u307e\u3059\u3002<\/p>\n<p><strong>Bang 40000 \u306f\u65e5\u5e38\u4f7f\u3044\u306b\u9069\u3057\u3066\u3044\u307e\u3059\u304b?<\/strong><br \/>\n\u7d76\u5bfe\u306b\u3002 \u8efd\u91cf\u3067 120 g \u306e\u8efd\u91cf\u3067\u30b3\u30f3\u30d1\u30af\u30c8\u306a\u30c7\u30b6\u30a4\u30f3\u3067\u3001\u65e5\u5e38\u306e\u4f7f\u7528\u306b\u6700\u9069\u3067\u3001\u30dd\u30b1\u30c3\u30c8\u306b\u5feb\u9069\u306b\u53ce\u307e\u308a\u307e\u3059\u3002<\/p>\n<p><strong>\u4f7f\u7528\u5f8c\u3001Bang 40000 \u3092\u51e6\u5206\u3059\u308b\u306b\u306f\u3069\u3046\u3059\u308c\u3070\u3088\u3044\u3067\u3059\u304b?<\/strong><br \/>\nBang 40000 \u306f\u3001\u5730\u5143\u306e\u96fb\u6c17\u6a5f\u5668\u3084\u30d0\u30c3\u30c6\u30ea\u30fc\u306b\u5f93\u3063\u3066\u51e6\u5206\u3059\u308b\u5fc5\u8981\u304c\u3042\u308a\u307e\u3059\u3002 \u9069\u5207\u306a\u30ea\u30b5\u30a4\u30af\u30eb \u30dd\u30a4\u30f3\u30c8\u306b\u30c7\u30d0\u30a4\u30b9\u3092\u304a\u6e21\u3057\u304f\u3060\u3055\u3044\u3002<\/p>\n<p><strong>40,000 \u5217\u8eca\u306e\u524d\u3067\u96fb\u5b50\u6db2\u4f53\u3092\u4f7f\u3044\u5207\u3063\u305f\u5834\u5408\u306f\u3069\u3046\u306a\u308a\u307e\u3059\u304b?<\/strong><br \/>\n40 mL \u306e\u96fb\u5b50\u6db2\u4f53\u5bb9\u91cf\u306f\u3001\u5217\u8eca\u306e\u6700\u5927\u6570\u3068\u8abf\u548c\u3059\u308b\u3088\u3046\u306b\u8a2d\u8a08\u3055\u308c\u3066\u3044\u307e\u3059\u3002 \u901a\u5e38\u306e\u4f7f\u7528\u3067\u306f\u3001\u5bff\u547d\u304c\u7d42\u308f\u308b\u307e\u3067\u96fb\u5b50\u6db2\u4f53\u3067\u5341\u5206\u3067\u3059\u3002 \u305f\u3060\u3057\u3001\u4f7f\u7528\u306e\u4e0d\u5747\u4e00\u306a\u4f7f\u7528\u306b\u3088\u308a\u3001\u6db2\u4f53\u304c\u4ee5\u524d\u306b\u4f7f\u3044\u679c\u305f\u3055\u308c\u308b\u53ef\u80fd\u6027\u304c\u3042\u308a\u307e\u3059\u3002<\/p>\n<p><strong>Bang 40000 \u306f\u3001Type-C \u30b1\u30fc\u30d6\u30eb\u3067\u52d5\u4f5c\u3057\u307e\u3059\u304b?<\/strong><br \/>\n\u306f\u3044\u3001Bang 40000 \u306f\u6a19\u6e96\u306e USB Type-C \u30b1\u30fc\u30d6\u30eb\u3068\u4e92\u63db\u6027\u304c\u3042\u308a\u307e\u3059\u3002 \u305f\u3060\u3057\u3001\u5145\u96fb\u52b9\u7387\u3092\u6700\u5927\u5316\u3059\u308b\u305f\u3081\u306b\u9ad8\u54c1\u8cea\u306e\u30b1\u30fc\u30d6\u30eb\u3092\u4f7f\u7528\u3059\u308b\u3053\u3068\u3092\u304a\u52e7\u3081\u3057\u307e\u3059\u3002<\/p>","protected":false},"excerpt":{"rendered":"<p>Bang Blaze 40000 PUFS \u4f7f\u3044\u6368\u3066 40,000 \u30d1\u30d5 \u4f7f\u3044\u6368\u3066\u96fb\u5b50\u30bf\u30d0\u30b3\u300140 ml \u96fb\u5b50\u6db2\u4f53\u30010-5 % \u30cb\u30b3\u30c1\u30f3\u5f37\u5ea6\u3001650mAh \u30bf\u30a4\u30d7 C \u30d0\u30c3\u30c6\u30ea\u30fc\u3001\u30c7\u30e5\u30a2\u30eb \u30e1\u30c3\u30b7\u30e5 \u30b3\u30a4\u30eb\u3001\u304a\u3088\u3073\u9577\u6301\u3061\u3059\u308b\u30c7\u30b8\u30bf\u30eb \u30c7\u30a3\u30b9\u30d7\u30ec\u30a4\u3002<\/p>","protected":false},"featured_media":6112,"comment_status":"open","ping_status":"closed","template":"","meta":[],"product_brand":[1180],"product_cat":[1159],"product_tag":[953,978,954,952],"class_list":{"0":"post-6104","1":"product","2":"type-product","3":"status-publish","4":"has-post-thumbnail","6":"product_brand-bang","7":"product_cat-40000-puffs","8":"product_tag-40k-puffs","9":"product_tag-dual-flavors","10":"product_tag-dual-mesh-coil","11":"product_tag-type-c","13":"first","14":"instock","15":"sale","16":"shipping-taxable","17":"purchasable","18":"product-type-variable"},"yoast_head":"<!-- This site is optimized with the Yoast SEO plugin v25.8 - https:\/\/yoast.com\/wordpress\/plugins\/seo\/ -->\n<title>Bang Blaze 40000 40K Puffs Dual Flavors 40ml Einweg-E-Zigarette Original - ShopVapor<\/title>\n<meta name=\"description\" content=\"Bang Blaze 40000 Puffs Einweg-E-Zigarette mit 40.000 Z\u00fcgen, 40 ml E-Liquid, 0-5 % Nikotinst\u00e4rken, 650mAh Typ-C-Akku, Dual-Mesh-Coil und digitalem Display f\u00fcr intensiven Geschmack und langanhaltende Nutzung.\" \/>\n<meta name=\"robots\" content=\"index, follow, max-snippet:-1, max-image-preview:large, max-video-preview:-1\" \/>\n<link rel=\"canonical\" href=\"https:\/\/shopvapor.de\/ja\/product\/bang-blaze-40000-40k-\u30d1\u30d5-\u30c7\u30e5\u30a2\u30eb-\u30d5\u30ec\u30fc\u30d0\u30fc-40ml-\u4f7f\u3044\u6368\u3066-e-\u30bf\u30d0\u30b3\/\" \/>\n<meta property=\"og:locale\" content=\"ja_JP\" \/>\n<meta property=\"og:type\" content=\"article\" \/>\n<meta property=\"og:title\" content=\"Bang Blaze 40000 40K Puffs Dual Flavors 40ml Einweg-E-Zigarette Original - ShopVapor\" \/>\n<meta property=\"og:description\" content=\"Bang Blaze 40000 Puffs Einweg-E-Zigarette mit 40.000 Z\u00fcgen, 40 ml E-Liquid, 0-5 % Nikotinst\u00e4rken, 650mAh Typ-C-Akku, Dual-Mesh-Coil und digitalem Display f\u00fcr intensiven Geschmack und langanhaltende Nutzung.\" \/>\n<meta property=\"og:url\" content=\"https:\/\/shopvapor.de\/ja\/product\/bang-blaze-40000-40k-\u30d1\u30d5-\u30c7\u30e5\u30a2\u30eb-\u30d5\u30ec\u30fc\u30d0\u30fc-40ml-\u4f7f\u3044\u6368\u3066-e-\u30bf\u30d0\u30b3\/\" \/>\n<meta property=\"og:site_name\" content=\"ShopVapor\" \/>\n<meta property=\"article:modified_time\" content=\"2025-07-15T09:35:21+00:00\" \/>\n<meta property=\"og:image\" content=\"https:\/\/shopvapor.de\/wp-content\/uploads\/2025\/07\/bang-blaze-40000-40k-puffs-dual-flavors-40ml-einweg-e-zigarette-original-7.webp\" \/>\n\t<meta property=\"og:image:width\" content=\"1920\" \/>\n\t<meta property=\"og:image:height\" content=\"1920\" \/>\n\t<meta property=\"og:image:type\" content=\"image\/webp\" \/>\n<meta name=\"twitter:card\" content=\"summary_large_image\" \/>\n<meta name=\"twitter:label1\" content=\"\u63a8\u5b9a\u8aad\u307f\u53d6\u308a\u6642\u9593\" \/>\n\t<meta name=\"twitter:data1\" content=\"5\u5206\" \/>\n<!-- \/ Yoast SEO plugin. -->","yoast_head_json":{"title":"Bang Blaze 40000 40K \u30d1\u30d5 \u30c7\u30e5\u30a2\u30eb \u30d5\u30ec\u30fc\u30d0\u30fc 40ml \u4f7f\u3044\u6368\u3066\u96fb\u5b50\u30bf\u30d0\u30b3 \u30aa\u30ea\u30b8\u30ca\u30eb - ShopVapor","description":"Bang Blaze 40000 PUFS \u4f7f\u3044\u6368\u3066 40,000 \u30d1\u30d5 \u4f7f\u3044\u6368\u3066\u96fb\u5b50\u30bf\u30d0\u30b3\u300140 ml \u96fb\u5b50\u6db2\u4f53\u30010-5 % \u30cb\u30b3\u30c1\u30f3\u5f37\u5ea6\u3001650mAh \u30bf\u30a4\u30d7 C \u30d0\u30c3\u30c6\u30ea\u30fc\u3001\u30c7\u30e5\u30a2\u30eb \u30e1\u30c3\u30b7\u30e5 \u30b3\u30a4\u30eb\u3001\u304a\u3088\u3073\u9577\u6301\u3061\u3059\u308b\u30c7\u30b8\u30bf\u30eb \u30c7\u30a3\u30b9\u30d7\u30ec\u30a4\u3002","robots":{"index":"index","follow":"follow","max-snippet":"max-snippet:-1","max-image-preview":"max-image-preview:large","max-video-preview":"max-video-preview:-1"},"canonical":"https:\/\/shopvapor.de\/ja\/product\/bang-blaze-40000-40k-\u30d1\u30d5-\u30c7\u30e5\u30a2\u30eb-\u30d5\u30ec\u30fc\u30d0\u30fc-40ml-\u4f7f\u3044\u6368\u3066-e-\u30bf\u30d0\u30b3\/","og_locale":"ja_JP","og_type":"article","og_title":"Bang Blaze 40000 40K Puffs Dual Flavors 40ml Einweg-E-Zigarette Original - ShopVapor","og_description":"Bang Blaze 40000 Puffs Einweg-E-Zigarette mit 40.000 Z\u00fcgen, 40 ml E-Liquid, 0-5 % Nikotinst\u00e4rken, 650mAh Typ-C-Akku, Dual-Mesh-Coil und digitalem Display f\u00fcr intensiven Geschmack und langanhaltende Nutzung.","og_url":"https:\/\/shopvapor.de\/ja\/product\/bang-blaze-40000-40k-\u30d1\u30d5-\u30c7\u30e5\u30a2\u30eb-\u30d5\u30ec\u30fc\u30d0\u30fc-40ml-\u4f7f\u3044\u6368\u3066-e-\u30bf\u30d0\u30b3\/","og_site_name":"ShopVapor","article_modified_time":"2025-07-15T09:35:21+00:00","og_image":[{"width":1920,"height":1920,"url":"https:\/\/shopvapor.de\/wp-content\/uploads\/2025\/07\/bang-blaze-40000-40k-puffs-dual-flavors-40ml-einweg-e-zigarette-original-7.webp","type":"image\/webp"}],"twitter_card":"summary_large_image","twitter_misc":{"\u63a8\u5b9a\u8aad\u307f\u53d6\u308a\u6642\u9593":"5\u5206"},"schema":{"@context":"https:\/\/schema.org","@graph":[{"@type":"WebPage","@id":"https:\/\/shopvapor.de\/produkt\/bang-blaze-40000-40k-puffs-dual-flavors-40ml-einweg-e-zigarette-original\/","url":"https:\/\/shopvapor.de\/produkt\/bang-blaze-40000-40k-puffs-dual-flavors-40ml-einweg-e-zigarette-original\/","name":"Bang Blaze 40000 40K \u30d1\u30d5 \u30c7\u30e5\u30a2\u30eb \u30d5\u30ec\u30fc\u30d0\u30fc 40ml \u4f7f\u3044\u6368\u3066\u96fb\u5b50\u30bf\u30d0\u30b3 \u30aa\u30ea\u30b8\u30ca\u30eb - ShopVapor","isPartOf":{"@id":"https:\/\/shopvapor.de\/#website"},"primaryImageOfPage":{"@id":"https:\/\/shopvapor.de\/produkt\/bang-blaze-40000-40k-puffs-dual-flavors-40ml-einweg-e-zigarette-original\/#primaryimage"},"image":{"@id":"https:\/\/shopvapor.de\/produkt\/bang-blaze-40000-40k-puffs-dual-flavors-40ml-einweg-e-zigarette-original\/#primaryimage"},"thumbnailUrl":"https:\/\/shopvapor.de\/wp-content\/uploads\/2025\/07\/bang-blaze-40000-40k-puffs-dual-flavors-40ml-einweg-e-zigarette-original-7.webp","datePublished":"2025-07-02T04:00:21+00:00","dateModified":"2025-07-15T09:35:21+00:00","description":"Bang Blaze 40000 PUFS \u4f7f\u3044\u6368\u3066 40,000 \u30d1\u30d5 \u4f7f\u3044\u6368\u3066\u96fb\u5b50\u30bf\u30d0\u30b3\u300140 ml \u96fb\u5b50\u6db2\u4f53\u30010-5 % \u30cb\u30b3\u30c1\u30f3\u5f37\u5ea6\u3001650mAh \u30bf\u30a4\u30d7 C \u30d0\u30c3\u30c6\u30ea\u30fc\u3001\u30c7\u30e5\u30a2\u30eb \u30e1\u30c3\u30b7\u30e5 \u30b3\u30a4\u30eb\u3001\u304a\u3088\u3073\u9577\u6301\u3061\u3059\u308b\u30c7\u30b8\u30bf\u30eb \u30c7\u30a3\u30b9\u30d7\u30ec\u30a4\u3002","breadcrumb":{"@id":"https:\/\/shopvapor.de\/produkt\/bang-blaze-40000-40k-puffs-dual-flavors-40ml-einweg-e-zigarette-original\/#breadcrumb"},"inLanguage":"ja","potentialAction":[{"@type":"ReadAction","target":["https:\/\/shopvapor.de\/produkt\/bang-blaze-40000-40k-puffs-dual-flavors-40ml-einweg-e-zigarette-original\/"]}]},{"@type":"ImageObject","inLanguage":"ja","@id":"https:\/\/shopvapor.de\/produkt\/bang-blaze-40000-40k-puffs-dual-flavors-40ml-einweg-e-zigarette-original\/#primaryimage","url":"https:\/\/shopvapor.de\/wp-content\/uploads\/2025\/07\/bang-blaze-40000-40k-puffs-dual-flavors-40ml-einweg-e-zigarette-original-7.webp","contentUrl":"https:\/\/shopvapor.de\/wp-content\/uploads\/2025\/07\/bang-blaze-40000-40k-puffs-dual-flavors-40ml-einweg-e-zigarette-original-7.webp","width":1920,"height":1920},{"@type":"BreadcrumbList","@id":"https:\/\/shopvapor.de\/produkt\/bang-blaze-40000-40k-puffs-dual-flavors-40ml-einweg-e-zigarette-original\/#breadcrumb","itemListElement":[{"@type":"ListItem","position":1,"name":"Startseite","item":"https:\/\/shopvapor.de\/"},{"@type":"ListItem","position":2,"name":"Shop","item":"https:\/\/shopvapor.de\/shop\/"},{"@type":"ListItem","position":3,"name":"Bang Blaze 40000 40K Puffs Dual Flavors 40ml Einweg-E-Zigarette Original"}]},{"@type":"WebSite","@id":"https:\/\/shopvapor.de\/#website","url":"https:\/\/shopvapor.de\/","name":"\u30b7\u30e7\u30c3\u30d7\u30d9\u30fc\u30d1\u30fc","description":"","potentialAction":[{"@type":"SearchAction","target":{"@type":"EntryPoint","urlTemplate":"https:\/\/shopvapor.de\/?s={search_term_string}"},"query-input":{"@type":"PropertyValueSpecification","valueRequired":true,"valueName":"search_term_string"}}],"inLanguage":"ja"}]}},"_links":{"self":[{"href":"https:\/\/shopvapor.de\/ja\/wp-json\/wp\/v2\/product\/6104","targetHints":{"allow":["GET"]}}],"collection":[{"href":"https:\/\/shopvapor.de\/ja\/wp-json\/wp\/v2\/product"}],"about":[{"href":"https:\/\/shopvapor.de\/ja\/wp-json\/wp\/v2\/types\/product"}],"replies":[{"embeddable":true,"href":"https:\/\/shopvapor.de\/ja\/wp-json\/wp\/v2\/comments?post=6104"}],"version-history":[{"count":2,"href":"https:\/\/shopvapor.de\/ja\/wp-json\/wp\/v2\/product\/6104\/revisions"}],"predecessor-version":[{"id":12059,"href":"https:\/\/shopvapor.de\/ja\/wp-json\/wp\/v2\/product\/6104\/revisions\/12059"}],"wp:featuredmedia":[{"embeddable":true,"href":"https:\/\/shopvapor.de\/ja\/wp-json\/wp\/v2\/media\/6112"}],"wp:attachment":[{"href":"https:\/\/shopvapor.de\/ja\/wp-json\/wp\/v2\/media?parent=6104"}],"wp:term":[{"taxonomy":"product_brand","embeddable":true,"href":"https:\/\/shopvapor.de\/ja\/wp-json\/wp\/v2\/product_brand?post=6104"},{"taxonomy":"product_cat","embeddable":true,"href":"https:\/\/shopvapor.de\/ja\/wp-json\/wp\/v2\/product_cat?post=6104"},{"taxonomy":"product_tag","embeddable":true,"href":"https:\/\/shopvapor.de\/ja\/wp-json\/wp\/v2\/product_tag?post=6104"}],"curies":[{"name":"wp","href":"https:\/\/api.w.org\/{rel}","templated":true}]}}