{"id":6302,"date":"2025-07-02T04:01:03","date_gmt":"2025-07-02T04:01:03","guid":{"rendered":"https:\/\/shopvapor.de\/?post_type=product&#038;p=6302"},"modified":"2025-07-15T09:33:34","modified_gmt":"2025-07-15T09:33:34","slug":"%e3%83%90%e3%83%b3%e3%82%b0-%e3%83%aa%e3%83%bc%e3%83%80%e3%83%bc-80000-80k-%e3%83%91%e3%83%95-78ml-%e4%bd%bf%e3%81%84%e6%8d%a8%e3%81%a6-e-%e3%82%bf%e3%83%90%e3%82%b3-%e3%82%aa%e3%83%aa%e3%82%b8","status":"publish","type":"product","link":"https:\/\/shopvapor.de\/ja\/product\/%e3%83%90%e3%83%b3%e3%82%b0-%e3%83%aa%e3%83%bc%e3%83%80%e3%83%bc-80000-80k-%e3%83%91%e3%83%95-78ml-%e4%bd%bf%e3%81%84%e6%8d%a8%e3%81%a6-e-%e3%82%bf%e3%83%90%e3%82%b3-%e3%82%aa%e3%83%aa%e3%82%b8\/","title":{"rendered":"\u30d0\u30f3\u30b0\u30ea\u30fc\u30c0\u30fc80000 80k\u30d1\u30d578ml\u4f7f\u3044\u6368\u3066\u96fb\u5b50\u30bf\u30d0\u30b3\u30aa\u30ea\u30b8\u30ca\u30eb"},"content":{"rendered":"<h2>Bang Leader 80000 \u30d1\u30d5 - \u5b8c\u74a7\u306a\u9769\u65b0\u3068\u5473<\/h2>\n<p>Bang Leader 80000 Puffs \u4f7f\u3044\u6368\u3066\u96fb\u5b50\u30bf\u30d0\u30b3\u306f\u3001\u54c1\u8cea\u3001\u9577\u5bff\u3001\u305d\u3057\u3066\u5f37\u70c8\u306a\u5473\u899a\u4f53\u9a13\u3092\u5927\u5207\u306b\u3059\u308b\u8981\u6c42\u306e\u53b3\u3057\u3044\u30e6\u30fc\u30b6\u30fc\u306b\u65b0\u3057\u3044\u57fa\u6e96\u3092\u8a2d\u5b9a\u3057\u307e\u3059\u3002 \u6700\u5927 80,000 \u5217\u306e\u5217\u8eca\u306e\u5370\u8c61\u7684\u306a\u5bb9\u91cf\u3068\u9769\u65b0\u7684\u306a\u30c8\u30ea\u30d7\u30eb \u30c6\u30a4\u30b9\u30c8 \u30b7\u30b9\u30c6\u30e0\u306b\u3088\u308a\u3001\u3053\u306e\u30c7\u30d0\u30a4\u30b9\u306f\u6bd4\u985e\u306e\u306a\u3044\u67d4\u8edf\u6027\u3092\u63d0\u4f9b\u3057\u307e\u3059\u3002 \u5f37\u529b\u306a\u30d0\u30c3\u30c6\u30ea\u30fc\u3001\u9ad8\u54c1\u8cea\u306e\u6280\u91cf\u3001\u305d\u3057\u3066\u719f\u7df4\u3057\u305f\u6280\u8853\u306b\u3088\u308a\u3001Bang Leader 80000 Puffs \u306f\u3001\u4fe1\u983c\u6027\u304c\u9ad8\u304f\u591a\u69d8\u306a\u88fd\u54c1\u3092\u63a2\u3057\u3066\u3044\u308b\u3059\u3079\u3066\u306e\u4eba\u306b\u3068\u3063\u3066\u7406\u60f3\u7684\u306a\u9078\u629e\u80a2\u3068\u306a\u308a\u307e\u3059\u3002 Bang Leader \u30d6\u30e9\u30f3\u30c9\u306e\u304a\u304b\u3052\u3067\u3001\u3053\u306e\u30c7\u30d0\u30a4\u30b9\u306f\u4fe1\u983c\u6027\u3001\u6b63\u78ba\u3055\u3001\u6700\u65b0\u306e\u30c6\u30af\u30ce\u30ed\u30b8\u30fc\u3092\u8868\u3057\u3066\u3044\u307e\u3059\u3002<\/p>\n<h2>\u88fd\u54c1\u30d1\u30e9\u30e1\u30fc\u30bf\u30fc\u8a73\u7d30<\/h2>\n<h3>\u6280\u8853\u4ed5\u69d8\u306e\u6982\u8981<\/h3>\n<p>Bang Leader 80000 Puffs \u306f\u3001\u9ad8\u5ea6\u306a\u30c6\u30af\u30ce\u30ed\u30b8\u30fc\u3068\u30e6\u30fc\u30b6\u30fc \u30d5\u30ec\u30f3\u30c9\u30ea\u30fc\u306a\u30c7\u30b6\u30a4\u30f3\u3092\u7d44\u307f\u5408\u308f\u305b\u3066\u3044\u307e\u3059\u3002 78 mL \u306e\u96fb\u5b50\u6db2\u4f53\u5bb9\u91cf\u3092 3 \u3064\u306e 26 mL \u30dd\u30c3\u30c9\u3001\u518d\u5145\u96fb\u53ef\u80fd\u306a 850 mAh \u30d0\u30c3\u30c6\u30ea\u30fc\u3001\u30c7\u30e5\u30a2\u30eb \u30e1\u30c3\u30b7\u30e5 \u30b3\u30a4\u30eb\u306b\u5206\u5272\u3059\u308b\u3053\u306e\u30c7\u30d0\u30a4\u30b9\u306f\u3001\u4e00\u8cab\u3057\u305f\u30d1\u30d5\u30a9\u30fc\u30de\u30f3\u30b9\u3068\u5f37\u70c8\u306a\u5473\u899a\u4f53\u9a13\u3092\u63d0\u4f9b\u3057\u307e\u3059\u3002 0 %\u30012 %\u30013 % \u304a\u3088\u3073 5 % \u306e\u30cb\u30b3\u30c1\u30f3\u5f37\u5ea6\u3068 Type-C \u5145\u96fb\u6a5f\u80fd\u306b\u3088\u308a\u3001\u6700\u5927\u9650\u306e\u9069\u5fdc\u6027\u3068\u5feb\u9069\u6027\u304c\u4fdd\u8a3c\u3055\u308c\u307e\u3059\u3002 \u30b9\u30de\u30fc\u30c8 \u30b9\u30af\u30ea\u30fc\u30f3\u306b\u306f\u3001\u30ea\u30a2\u30eb\u30bf\u30a4\u30e0\u306e\u30d0\u30c3\u30c6\u30ea\u30fc\u3068\u6db2\u9762\u306e\u60c5\u5831\u304c\u8868\u793a\u3055\u308c\u3001\u4f7f\u3044\u3084\u3059\u3044\u3082\u306e\u306b\u306a\u308a\u307e\u3059\u3002<\/p>\n<h3>\u5217\u8eca: \u6700\u5927 80,000<\/h3>\n<p>\u6700\u5927 80,000 \u5217\u306e\u5217\u8eca\u306e\u53ce\u5bb9\u80fd\u529b\u3092\u6301\u3064 Bang Leader 80000 \u30d1\u30d5\u306f\u3001\u975e\u5e38\u306b\u9577\u3044\u8010\u7528\u5e74\u6570\u3092\u63d0\u4f9b\u3057\u307e\u3059\u3002 \u3053\u306e\u7d20\u6674\u3089\u3057\u3044\u30d1\u30d5\u30a9\u30fc\u30de\u30f3\u30b9\u306b\u3088\u308a\u3001\u30e6\u30fc\u30b6\u30fc\u306f\u54c1\u8cea\u306b\u59a5\u5354\u3059\u308b\u3053\u3068\u306a\u304f\u9577\u6642\u9593\u30c7\u30d0\u30a4\u30b9\u3092\u4f7f\u7528\u3067\u304d\u307e\u3059\u3002 \u5217\u8eca\u306e\u6570\u304c\u591a\u3044\u306e\u306f\u3001\u9577\u6301\u3061\u3059\u308b\u88fd\u54c1\u3092\u9ad8\u304f\u8a55\u4fa1\u3059\u308b\u983b\u7e41\u306a\u30e6\u30fc\u30b6\u30fc\u306b\u6700\u9069\u3067\u3059\u3002<\/p>\n<h3>\u96fb\u5b50\u6db2\u4f53\u5bb9\u91cf: 78ml (3 x 26ml)<\/h3>\n<p>3 \u3064\u306e\u5225\u3005\u306e 26 mL \u3055\u3084\u306b\u5206\u5272\u3055\u308c\u305f\u300178 ml \u306e\u96fb\u5b50\u6db2\u4f53\u306e\u7dcf\u5bb9\u91cf\u3092\u6301\u3064\u30c8\u30ea\u30d7\u30eb \u30d5\u30ec\u30fc\u30d0\u30fc \u30b7\u30b9\u30c6\u30e0\u306b\u3088\u308a\u30013 \u3064\u306e\u30d5\u30ec\u30fc\u30d0\u30fc\u3092\u5207\u308a\u66ff\u3048\u308b\u3053\u3068\u304c\u3067\u304d\u307e\u3059\u3002 \u3053\u306e\u30b7\u30b9\u30c6\u30e0\u306f\u3001\u8907\u6570\u306e\u30c7\u30d0\u30a4\u30b9\u3092\u5fc5\u8981\u3068\u305b\u305a\u306b\u3001\u591a\u69d8\u6027\u3068\u67d4\u8edf\u6027\u3092\u63d0\u4f9b\u3057\u307e\u3059\u3002 \u5404\u30dd\u30c3\u30c9\u306f\u3001\u6700\u5f8c\u306e\u52d5\u304d\u307e\u3067\u5f37\u70c8\u3067\u7d14\u7c8b\u306a\u98a8\u5473\u3092\u63d0\u4f9b\u3059\u308b\u3088\u3046\u306b\u8a2d\u8a08\u3055\u308c\u3066\u3044\u307e\u3059\u3002<\/p>\n<h3>\u30d0\u30c3\u30c6\u30ea\u30fc: Type-C \u5145\u96fb\u6a5f\u80fd\u4ed8\u304d 850 mAh<\/h3>\n<p>850 mAh \u306e\u5185\u8535\u30d0\u30c3\u30c6\u30ea\u30fc\u306f\u5145\u96fb\u5f0f\u3067\u3001Type-C \u30dd\u30fc\u30c8\u306b\u3088\u308b\u6025\u901f\u5145\u96fb\u3092\u30b5\u30dd\u30fc\u30c8\u3057\u307e\u3059\u3002 \u3053\u308c\u306b\u3088\u308a\u3001\u4f7f\u7528\u91cf\u304c\u591a\u3051\u308c\u3070\u3001\u30c0\u30a6\u30f3\u30bf\u30a4\u30e0\u3068\u4fe1\u983c\u6027\u306e\u9ad8\u3044\u96fb\u6e90\u4f9b\u7d66\u304c\u53ef\u80fd\u306b\u306a\u308a\u307e\u3059\u3002 Type-C \u30c6\u30af\u30ce\u30ed\u30b8\u30fc\u306f\u3001\u65e5\u5e38\u751f\u6d3b\u3092\u3088\u308a\u7c21\u5358\u306b\u3059\u308b\u6700\u65b0\u306e\u30e6\u30cb\u30d0\u30fc\u30b5\u30eb\u5145\u96fb\u30bd\u30ea\u30e5\u30fc\u30b7\u30e7\u30f3\u3092\u63d0\u4f9b\u3057\u307e\u3059\u3002<\/p>\n<h3>\u30cb\u30b3\u30c1\u30f3\u306e\u5f37\u3055\uff1a0 %\u30012 %\u30013 %\u30015 %<\/h3>\n<p>Bang Leader 80000 Puffs \u306f\u3001\u500b\u3005\u306e\u30cb\u30fc\u30ba\u3092\u6e80\u305f\u3059\u305f\u3081\u306b 4 \u3064\u306e\u30cb\u30b3\u30c1\u30f3\u5f37\u5ea6\u3067\u5229\u7528\u3067\u304d\u307e\u3059\u3002 \u30cb\u30b3\u30c1\u30f3\u30d5\u30ea\u30fc (0 %) \u304b\u3089\u3088\u308a\u5f37\u529b\u306a\u30aa\u30d7\u30b7\u30e7\u30f3 (5 %) \u307e\u3067\u3001\u3053\u306e\u30c7\u30d0\u30a4\u30b9\u306f\u5473\u3084\u30d1\u30d5\u30a9\u30fc\u30de\u30f3\u30b9\u306b\u5f71\u97ff\u3092\u4e0e\u3048\u308b\u3053\u3068\u306a\u304f\u3001\u3055\u307e\u3056\u307e\u306a\u597d\u307f\u306b\u67d4\u8edf\u306b\u5bfe\u5fdc\u3057\u307e\u3059\u3002<\/p>\n<h3>\u30b3\u30a4\u30eb: 1.0 \u30aa\u30fc\u30e0\u306e\u30c7\u30e5\u30a2\u30eb \u30e1\u30c3\u30b7\u30e5<\/h3>\n<p>1.0 \u30aa\u30fc\u30e0\u306e\u62b5\u6297\u5668\u30c7\u30e5\u30a2\u30eb \u30e1\u30c3\u30b7\u30e5 \u30b3\u30a4\u30eb\u306f\u3001\u96fb\u5b50\u6db2\u4f53\u3092\u5747\u4e00\u306b\u52a0\u71b1\u3059\u308b\u3053\u3068\u3092\u4fdd\u8a3c\u3057\u3001\u5bc6\u96c6\u3057\u305f\u96f2\u3068\u5f37\u70c8\u306a\u98a8\u5473\u3092\u3082\u305f\u3089\u3057\u307e\u3059\u3002 \u3053\u306e\u30c6\u30af\u30ce\u30ed\u30b8\u30fc\u306f\u3001\u52b9\u7387\u3092\u6700\u5927\u5316\u3057\u3001\u6700\u5f8c\u306e\u52d5\u304d\u307e\u3067\u4e00\u8cab\u3057\u305f\u30d1\u30d5\u30a9\u30fc\u30de\u30f3\u30b9\u3092\u78ba\u4fdd\u3059\u308b\u3053\u3068\u3067\u3001\u30c7\u30d0\u30a4\u30b9\u306e\u5bff\u547d\u3092\u5ef6\u3070\u3057\u307e\u3059\u3002<\/p>\n<h3>\u30b9\u30de\u30fc\u30c8\u30b9\u30af\u30ea\u30fc\u30f3<\/h3>\n<p>\u7d71\u5408\u3055\u308c\u305f\u753b\u9762\u3067\u306f\u3001\u30d0\u30c3\u30c6\u30ea\u30fc \u30ec\u30d9\u30eb\u3068\u96fb\u5b50\u6db2\u4f53\u306e\u6d88\u8cbb\u91cf\u304c\u30ea\u30a2\u30eb\u30bf\u30a4\u30e0\u3067\u8868\u793a\u3055\u308c\u307e\u3059\u3002 \u3053\u306e\u6a5f\u80fd\u306b\u3088\u308a\u3001\u76e3\u8996\u304c\u5bb9\u6613\u306b\u306a\u308a\u3001\u4e88\u671f\u3057\u306a\u3044\u4e2d\u65ad\u304c\u767a\u751f\u3059\u308b\u306e\u3092\u9632\u304e\u307e\u3059\u3002 \u660e\u78ba\u3067\u76f4\u611f\u7684\u306a\u30c7\u30a3\u30b9\u30d7\u30ec\u30a4\u306f\u3001\u30c7\u30d0\u30a4\u30b9\u306e\u4f7f\u3044\u3084\u3059\u3044\u30c7\u30b6\u30a4\u30f3\u3092\u5f37\u8abf\u3057\u3066\u3044\u307e\u3059\u3002<\/p>\n<h2>\u3042\u3089\u3086\u308b\u5473\u306b\u5408\u308f\u305b\u3066\u3001\u3055\u307e\u3056\u307e\u306a\u5473\u308f\u3044<\/h2>\n<p>Bang Leader 80000 Puffs \u306f\u3001\u30c8\u30ea\u30d7\u30eb \u30d5\u30ec\u30fc\u30d0\u30fc \u30b7\u30b9\u30c6\u30e0\u3092\u7d44\u307f\u5408\u308f\u305b\u305f\u5e45\u5e83\u3044\u30d5\u30ec\u30fc\u30d0\u30fc\u3092\u63d0\u4f9b\u3057\u307e\u3059\u3002 \u305d\u308c\u305e\u308c\u306e\u7d44\u307f\u5408\u308f\u305b\u306f\u3001\u8abf\u548c\u306e\u3068\u308c\u305f\u591a\u69d8\u306a\u4f53\u9a13\u3092\u63d0\u4f9b\u3059\u308b\u305f\u3081\u306b\u614e\u91cd\u306b\u8abf\u6574\u3055\u308c\u3066\u3044\u307e\u3059\u3002 \u5229\u7528\u53ef\u80fd\u306a\u30d5\u30ec\u30fc\u30d0\u30fc\u306f\u6b21\u306e\u3068\u304a\u308a\u3067\u3059\u3002<\/p>\n<ul>\n<li>\u30b9\u30a4\u30ab\u30a2\u30a4\u30b9 + \u30b9\u30c8\u30ed\u30d9\u30ea\u30fc\u3068\u30de\u30f3\u30b4\u30fc + \u30d0\u30ca\u30ca<\/li>\n<li>\u30e9\u30ba\u30d9\u30ea\u30fc \u30e2\u30d2\u30fc\u30c8 \u30d4\u30fc\u30c1 \u30a2\u30a4\u30b9 + \u30a4\u30c1\u30b4\u3068\u30b9\u30a4\u30ab + \u30ad\u30a6\u30a4 \u30d1\u30c3\u30b7\u30e7\u30f3 \u30d5\u30eb\u30fc\u30c4 \u30b0\u30a2\u30d0<\/li>\n<li>\u30a4\u30c1\u30b4\u3068\u30b9\u30a4\u30ab + \u30b0\u30ec\u30fc\u30d7 \u30a2\u30a4\u30b9 + \u30ec\u30a4\u30f3\u30dc\u30fc \u30ad\u30e3\u30f3\u30c7\u30a3\u30fc<\/li>\n<li>\u30b3\u30fc\u30e9\u30a2\u30a4\u30b9 + \u30d6\u30eb\u30fc\u30d9\u30ea\u30fc \u30e9\u30ba\u30d9\u30ea\u30fc + \u30d4\u30fc\u30c1\u30de\u30f3\u30b4\u30fc \u30b9\u30a4\u30ab<\/li>\n<li>\u30d6\u30eb\u30fc\u30d9\u30ea\u30fc \u30b9\u30a4\u30ab + \u30b9\u30c8\u30ed\u30d9\u30ea\u30fc \u30de\u30f3\u30b4\u30fc + \u30d6\u30e9\u30c3\u30af\u30ab\u30e9\u30f3\u30c8<\/li>\n<li>\u30d6\u30eb\u30fc\u30d9\u30ea\u30fc\u30a2\u30a4\u30b9 + \u30d6\u30e9\u30c3\u30af\u30c9\u30e9\u30b4\u30f3\u30a2\u30a4\u30b9 + \u30de\u30f3\u30b4\u30fc\u30d4\u30fc\u30c1<\/li>\n<li>\u30d6\u30eb\u30fc\u30d9\u30ea\u30fc\u30a2\u30a4\u30b9 + \u30b9\u30c8\u30ed\u30d9\u30ea\u30fc\u3068\u30d0\u30ca\u30ca + \u30df\u30c3\u30af\u30b9\u30d9\u30ea\u30fc<\/li>\n<li>\u30ec\u30c3\u30c9\u30d6\u30eb + \u30d6\u30eb\u30fc\u30d9\u30ea\u30fc \u30b9\u30a4\u30ab + \u30a2\u30c3\u30d7\u30eb \u30d4\u30a2\u30fc<\/li>\n<li>\u30ec\u30c3\u30c9\u30d6\u30eb + \u30b9\u30a4\u30ab \u6ce1\u30ad\u30e3\u30f3\u30c7\u30a3\u30fc + \u30b9\u30c8\u30ed\u30d9\u30ea\u30fc \u30a2\u30a4\u30b9\u30af\u30ea\u30fc\u30e0<\/li>\n<li>\u30b9\u30c8\u30ed\u30d9\u30ea\u30fc \u30ad\u30a6\u30a4 + \u30d4\u30fc\u30c1 \u30a2\u30a4\u30b9 + \u30c1\u30a7\u30ea\u30fc \u30b3\u30fc\u30e9<\/li>\n<li>\u30ad\u30a6\u30a4 \u30d1\u30c3\u30b7\u30e7\u30f3 + \u30e9\u30a4\u30c1 \u30a2\u30a4\u30b9 + \u30de\u30f3\u30b4\u30fc \u30d4\u30fc\u30c1 \u30d1\u30a4\u30f3<\/li>\n<li>\u30a2\u30dc\u30ab\u30c9\u30a2\u30a4\u30b9 + \u30ec\u30e2\u30f3\u30e9\u30a4\u30e0 + \u30b9\u30a4\u30ab \u30e9\u30ba\u30d9\u30ea\u30fc<\/li>\n<\/ul>\n<p>\u30d5\u30eb\u30fc\u30c6\u30a3\u30fc\u3067\u723d\u3084\u304b\u306a\u9999\u308a\u304b\u3089\u7518\u304f\u8907\u96d1\u306a\u30d5\u30ec\u30fc\u30d0\u30fc\u307e\u3067\u3001\u305d\u308c\u305e\u308c\u306e\u30d5\u30ec\u30fc\u30d0\u30fc\u304c\u30e6\u30cb\u30fc\u30af\u306a\u30cb\u30e5\u30a2\u30f3\u30b9\u3092\u63d0\u4f9b\u3059\u308b\u3088\u3046\u306b\u8a2d\u8a08\u3055\u308c\u3066\u3044\u307e\u3059\u3002<\/p>\n<h2>\u3088\u304f\u3042\u308b\u8cea\u554f (FAQ)<\/h2>\n<p><strong>\u30d5\u30ec\u30fc\u30d0\u30fc\u306e\u5909\u66f4\u306f\u3069\u306e\u3088\u3046\u306b\u6a5f\u80fd\u3057\u307e\u3059\u304b?<\/strong><br \/>\n\u30c8\u30ea\u30d7\u30eb \u30c6\u30a4\u30b9\u30c8 \u30b7\u30b9\u30c6\u30e0\u3092\u4f7f\u7528\u3059\u308b\u3068\u300126 ml \u306e 3 \u3064\u306e\u3055\u3084\u3092\u5207\u308a\u66ff\u3048\u308b\u3060\u3051\u3067\u30d5\u30ec\u30fc\u30d0\u30fc\u3092\u5909\u3048\u308b\u3053\u3068\u304c\u3067\u304d\u307e\u3059\u3002 \u5909\u66f4\u3092\u76f4\u611f\u7684\u304b\u3064\u7c21\u5358\u306b\u3059\u308b\u305f\u3081\u306e\u660e\u78ba\u306a\u30ac\u30a4\u30c9\u304c\u88fd\u54c1\u306b\u542b\u307e\u308c\u3066\u3044\u307e\u3059\u3002<\/p>\n<p><strong>\u30d0\u30c3\u30c6\u30ea\u30fc\u306f\u3001\u96c6\u4e2d\u7684\u306b\u4f7f\u7528\u3059\u308b\u3068\u3069\u306e\u304f\u3089\u3044\u306e\u671f\u9593\u4f7f\u7528\u3067\u304d\u307e\u3059\u304b?<\/strong><br \/>\n850 mAh \u306e\u30d0\u30c3\u30c6\u30ea\u30fc\u306f\u3001\u9577\u5bff\u547d\u306b\u5bfe\u5fdc\u3057\u3066\u3044\u307e\u3059\u3002 \u983b\u7e41\u306b\u4f7f\u7528\u3059\u308b\u3068\u3001\u5217\u8eca\u306e\u983b\u5ea6\u306b\u3082\u3088\u308a\u307e\u3059\u304c\u3001\u901a\u5e38\u306f\u6570\u65e5\u9593\u7d9a\u304d\u307e\u3059\u3002 Type-C \u5145\u96fb\u6a5f\u80fd\u306e\u304a\u304b\u3052\u3067\u3001\u3059\u3050\u306b\u4f7f\u7528\u3067\u304d\u308b\u3088\u3046\u306b\u306a\u308a\u307e\u3057\u305f\u3002<\/p>\n<p><strong>\u30cb\u30b3\u30c1\u30f3\u306e\u5f37\u3055\u306f 3 \u3064\u306e\u3055\u3084\u3059\u3079\u3066\u3067\u540c\u3058\u3067\u3059\u304b?<\/strong><br \/>\n\u306f\u3044\u3001\u30c7\u30d0\u30a4\u30b9\u5185\u306e 3 \u3064\u306e\u30dd\u30c3\u30c9\u306f\u3059\u3079\u3066\u540c\u3058\u30cb\u30b3\u30c1\u30f3\u5f37\u5ea6 (0 %\u30012 %\u30013 % \u307e\u305f\u306f 5 %) \u3092\u5099\u3048\u3066\u304a\u308a\u3001\u4e00\u8cab\u3057\u305f\u30a8\u30af\u30b9\u30da\u30ea\u30a8\u30f3\u30b9\u3092\u78ba\u4fdd\u3057\u3066\u3044\u307e\u3059\u3002<\/p>\n<p><strong>1 \u3064\u306e Pod \u304c\u7a7a\u3067\u3001\u4ed6\u306e\u30dd\u30c3\u30c9\u306b\u6db2\u4f53\u304c\u6b8b\u3063\u3066\u3044\u308b\u5834\u5408\u306f\u3069\u3046\u306a\u308a\u307e\u3059\u304b?<\/strong><br \/>\n\u30c7\u30d0\u30a4\u30b9\u306f\u3001\u3059\u3079\u3066\u306e\u30dd\u30c3\u30c9\u3092\u500b\u5225\u306b\u4f7f\u7528\u3067\u304d\u308b\u3088\u3046\u306b\u8a2d\u8a08\u3055\u308c\u3066\u3044\u307e\u3059\u3002 \u30dd\u30c3\u30c9\u304c\u7a7a\u306e\u5834\u5408\u3001\u6b8b\u308a\u306e\u30dd\u30c3\u30c9\u306f\u3059\u3079\u3066\u306e\u30dd\u30c3\u30c9\u304c\u4f7f\u3044\u679c\u305f\u3055\u308c\u308b\u304b\u3001\u30d0\u30c3\u30c6\u30ea\u30fc\u304c\u4f7f\u3044\u679c\u305f\u3055\u308c\u308b\u307e\u3067\u4f7f\u7528\u3067\u304d\u307e\u3059\u3002<\/p>\n<p><strong>Bang Leader 80000 \u30d1\u30d5\u3092\u51e6\u5206\u3059\u308b\u306b\u306f\u3069\u3046\u3059\u308c\u3070\u3088\u3044\u3067\u3059\u304b?<\/strong><br \/>\nBang Leader 80000 \u30d1\u30d5\u306f\u3001\u96fb\u5b50\u30c7\u30d0\u30a4\u30b9\u3068\u30d0\u30c3\u30c6\u30ea\u30fc\u306b\u95a2\u3059\u308b\u73fe\u5730\u306e\u898f\u5236\u306b\u5f93\u3063\u3066\u51e6\u5206\u3059\u308b\u5fc5\u8981\u304c\u3042\u308a\u307e\u3059\u3002 \u9069\u5207\u306a\u53ce\u96c6\u5834\u6240\u306b\u30c7\u30d0\u30a4\u30b9\u3092\u304a\u6e21\u3057\u3057\u3066\u304f\u3060\u3055\u3044\u3002<\/p>\n<p><strong>\u30c7\u30d0\u30a4\u30b9\u304c\u843d\u4e0b\u3059\u308b\u3068\u3001\u753b\u9762\u304c\u7834\u640d\u3059\u308b\u53ef\u80fd\u6027\u304c\u3042\u308a\u307e\u3059\u304b?<\/strong><br \/>\n\u753b\u9762\u306f\u9811\u4e08\u3067\u3001\u901a\u5e38\u306e\u4f7f\u7528\u306e\u305f\u3081\u306b\u8a2d\u8a08\u3055\u308c\u3066\u3044\u307e\u3059\u3002 \u305f\u3060\u3057\u3001\u640d\u50b7\u306e\u53ef\u80fd\u6027\u3092\u907f\u3051\u308b\u305f\u3081\u306b\u3001\u30c7\u30d0\u30a4\u30b9\u3092\u614e\u91cd\u306b\u53d6\u308a\u6271\u3046\u3053\u3068\u3092\u304a\u52e7\u3081\u3057\u307e\u3059\u3002<\/p>","protected":false},"excerpt":{"rendered":"<p dir=\"auto\">Bang Leader 80000 \u30d1\u30d5 80,000 \u30d1\u30d5\u307e\u3067\u306e\u4f7f\u3044\u6368\u3066\u96fb\u5b50\u30bf\u30d0\u30b3\u300178 ml \u306e\u96fb\u5b50\u6db2\u4f53 (3 x 26 ml)\u3001\u30c8\u30ea\u30d7\u30eb\u30d5\u30ec\u30fc\u30d0\u30fc \u30b7\u30b9\u30c6\u30e0\u3001\u30bf\u30a4\u30d7 C \u5145\u96fb\u6a5f\u80fd\u4ed8\u304d 850 mAh \u30d0\u30c3\u30c6\u30ea\u30fc\u3001\u30cb\u30b3\u30c1\u30f3\u5f37\u5ea6 0-5 %\u3001\u5f37\u529b\u306a\u5473\u3068\u9577\u5bff\u547d\u306e\u30a4\u30f3\u30c6\u30ea\u30b8\u30a7\u30f3\u30c8 \u30b9\u30af\u30ea\u30fc\u30f3\u3002<\/p>","protected":false},"featured_media":6325,"comment_status":"open","ping_status":"closed","template":"","meta":[],"product_brand":[1180],"product_cat":[1185],"product_tag":[979,978,954,952],"class_list":{"0":"post-6302","1":"product","2":"type-product","3":"status-publish","4":"has-post-thumbnail","6":"product_brand-bang","7":"product_cat-80000-puffs","8":"product_tag-80k-puffs","9":"product_tag-dual-flavors","10":"product_tag-dual-mesh-coil","11":"product_tag-type-c","13":"first","14":"instock","15":"sale","16":"shipping-taxable","17":"purchasable","18":"product-type-variable"},"yoast_head":"<!-- This site is optimized with the Yoast SEO plugin v25.8 - https:\/\/yoast.com\/wordpress\/plugins\/seo\/ -->\n<title>Bang Leader 80000 80k Puffs 78ml Einweg-E-Zigarette Original - ShopVapor<\/title>\n<meta name=\"description\" content=\"Bang Leader 80000 Puffs Einweg-E-Zigarette mit bis zu 80.000 Z\u00fcgen, 78 ml E-Liquid (3 x 26 ml), Dreifach-Geschmackssystem, 850-mAh-Akku mit Typ-C-Ladefunktion, Nikotinst\u00e4rken 0-5 %, Dual-Mesh-Spule und intelligentem Bildschirm f\u00fcr intensiven Geschmack und lange Nutzungsdauer.\" \/>\n<meta name=\"robots\" content=\"index, follow, max-snippet:-1, max-image-preview:large, max-video-preview:-1\" \/>\n<link rel=\"canonical\" href=\"https:\/\/shopvapor.de\/ja\/product\/\u30d0\u30f3\u30b0-\u30ea\u30fc\u30c0\u30fc-80000-80k-\u30d1\u30d5-78ml-\u4f7f\u3044\u6368\u3066-e-\u30bf\u30d0\u30b3-\u30aa\u30ea\u30b8\/\" \/>\n<meta property=\"og:locale\" content=\"ja_JP\" \/>\n<meta property=\"og:type\" content=\"article\" \/>\n<meta property=\"og:title\" content=\"Bang Leader 80000 80k Puffs 78ml Einweg-E-Zigarette Original - ShopVapor\" \/>\n<meta property=\"og:description\" content=\"Bang Leader 80000 Puffs Einweg-E-Zigarette mit bis zu 80.000 Z\u00fcgen, 78 ml E-Liquid (3 x 26 ml), Dreifach-Geschmackssystem, 850-mAh-Akku mit Typ-C-Ladefunktion, Nikotinst\u00e4rken 0-5 %, Dual-Mesh-Spule und intelligentem Bildschirm f\u00fcr intensiven Geschmack und lange Nutzungsdauer.\" \/>\n<meta property=\"og:url\" content=\"https:\/\/shopvapor.de\/ja\/product\/\u30d0\u30f3\u30b0-\u30ea\u30fc\u30c0\u30fc-80000-80k-\u30d1\u30d5-78ml-\u4f7f\u3044\u6368\u3066-e-\u30bf\u30d0\u30b3-\u30aa\u30ea\u30b8\/\" \/>\n<meta property=\"og:site_name\" content=\"ShopVapor\" \/>\n<meta property=\"article:modified_time\" content=\"2025-07-15T09:33:34+00:00\" \/>\n<meta property=\"og:image\" content=\"https:\/\/shopvapor.de\/wp-content\/uploads\/2025\/07\/bang-leader-80000-80k-puffs-78ml-einweg-e-zigarette-original.png\" \/>\n\t<meta property=\"og:image:width\" content=\"1000\" \/>\n\t<meta property=\"og:image:height\" content=\"1000\" \/>\n\t<meta property=\"og:image:type\" content=\"image\/png\" \/>\n<meta name=\"twitter:card\" content=\"summary_large_image\" \/>\n<meta name=\"twitter:label1\" content=\"\u63a8\u5b9a\u8aad\u307f\u53d6\u308a\u6642\u9593\" \/>\n\t<meta name=\"twitter:data1\" content=\"4\u5206\" \/>\n<!-- \/ Yoast SEO plugin. -->","yoast_head_json":{"title":"Bang Leader 80000 80K \u30d1\u30d5 78ml \u4f7f\u3044\u6368\u3066\u96fb\u5b50\u30bf\u30d0\u30b3 \u30aa\u30ea\u30b8\u30ca\u30eb - ShopVapor","description":"Bang Leader 80000 \u30d1\u30d5 80,000 \u30d1\u30d5\u307e\u3067\u306e\u4f7f\u3044\u6368\u3066\u96fb\u5b50\u30bf\u30d0\u30b3\u300178 ml \u306e\u96fb\u5b50\u6db2\u4f53 (3 x 26 ml)\u3001\u30c8\u30ea\u30d7\u30eb\u30d5\u30ec\u30fc\u30d0\u30fc \u30b7\u30b9\u30c6\u30e0\u3001\u30bf\u30a4\u30d7 C \u5145\u96fb\u6a5f\u80fd\u4ed8\u304d 850 mAh \u30d0\u30c3\u30c6\u30ea\u30fc\u3001\u30cb\u30b3\u30c1\u30f3\u5f37\u5ea6 0-5 %\u3001\u5f37\u529b\u306a\u5473\u3068\u9577\u5bff\u547d\u306e\u30a4\u30f3\u30c6\u30ea\u30b8\u30a7\u30f3\u30c8 \u30b9\u30af\u30ea\u30fc\u30f3\u3002","robots":{"index":"index","follow":"follow","max-snippet":"max-snippet:-1","max-image-preview":"max-image-preview:large","max-video-preview":"max-video-preview:-1"},"canonical":"https:\/\/shopvapor.de\/ja\/product\/\u30d0\u30f3\u30b0-\u30ea\u30fc\u30c0\u30fc-80000-80k-\u30d1\u30d5-78ml-\u4f7f\u3044\u6368\u3066-e-\u30bf\u30d0\u30b3-\u30aa\u30ea\u30b8\/","og_locale":"ja_JP","og_type":"article","og_title":"Bang Leader 80000 80k Puffs 78ml Einweg-E-Zigarette Original - ShopVapor","og_description":"Bang Leader 80000 Puffs Einweg-E-Zigarette mit bis zu 80.000 Z\u00fcgen, 78 ml E-Liquid (3 x 26 ml), Dreifach-Geschmackssystem, 850-mAh-Akku mit Typ-C-Ladefunktion, Nikotinst\u00e4rken 0-5 %, Dual-Mesh-Spule und intelligentem Bildschirm f\u00fcr intensiven Geschmack und lange Nutzungsdauer.","og_url":"https:\/\/shopvapor.de\/ja\/product\/\u30d0\u30f3\u30b0-\u30ea\u30fc\u30c0\u30fc-80000-80k-\u30d1\u30d5-78ml-\u4f7f\u3044\u6368\u3066-e-\u30bf\u30d0\u30b3-\u30aa\u30ea\u30b8\/","og_site_name":"ShopVapor","article_modified_time":"2025-07-15T09:33:34+00:00","og_image":[{"width":1000,"height":1000,"url":"https:\/\/shopvapor.de\/wp-content\/uploads\/2025\/07\/bang-leader-80000-80k-puffs-78ml-einweg-e-zigarette-original.png","type":"image\/png"}],"twitter_card":"summary_large_image","twitter_misc":{"\u63a8\u5b9a\u8aad\u307f\u53d6\u308a\u6642\u9593":"4\u5206"},"schema":{"@context":"https:\/\/schema.org","@graph":[{"@type":"WebPage","@id":"https:\/\/shopvapor.de\/produkt\/bang-leader-80000-80k-puffs-78ml-einweg-e-zigarette-original\/","url":"https:\/\/shopvapor.de\/produkt\/bang-leader-80000-80k-puffs-78ml-einweg-e-zigarette-original\/","name":"Bang Leader 80000 80K \u30d1\u30d5 78ml \u4f7f\u3044\u6368\u3066\u96fb\u5b50\u30bf\u30d0\u30b3 \u30aa\u30ea\u30b8\u30ca\u30eb - ShopVapor","isPartOf":{"@id":"https:\/\/shopvapor.de\/#website"},"primaryImageOfPage":{"@id":"https:\/\/shopvapor.de\/produkt\/bang-leader-80000-80k-puffs-78ml-einweg-e-zigarette-original\/#primaryimage"},"image":{"@id":"https:\/\/shopvapor.de\/produkt\/bang-leader-80000-80k-puffs-78ml-einweg-e-zigarette-original\/#primaryimage"},"thumbnailUrl":"https:\/\/shopvapor.de\/wp-content\/uploads\/2025\/07\/bang-leader-80000-80k-puffs-78ml-einweg-e-zigarette-original.png","datePublished":"2025-07-02T04:01:03+00:00","dateModified":"2025-07-15T09:33:34+00:00","description":"Bang Leader 80000 \u30d1\u30d5 80,000 \u30d1\u30d5\u307e\u3067\u306e\u4f7f\u3044\u6368\u3066\u96fb\u5b50\u30bf\u30d0\u30b3\u300178 ml \u306e\u96fb\u5b50\u6db2\u4f53 (3 x 26 ml)\u3001\u30c8\u30ea\u30d7\u30eb\u30d5\u30ec\u30fc\u30d0\u30fc \u30b7\u30b9\u30c6\u30e0\u3001\u30bf\u30a4\u30d7 C \u5145\u96fb\u6a5f\u80fd\u4ed8\u304d 850 mAh \u30d0\u30c3\u30c6\u30ea\u30fc\u3001\u30cb\u30b3\u30c1\u30f3\u5f37\u5ea6 0-5 %\u3001\u5f37\u529b\u306a\u5473\u3068\u9577\u5bff\u547d\u306e\u30a4\u30f3\u30c6\u30ea\u30b8\u30a7\u30f3\u30c8 \u30b9\u30af\u30ea\u30fc\u30f3\u3002","breadcrumb":{"@id":"https:\/\/shopvapor.de\/produkt\/bang-leader-80000-80k-puffs-78ml-einweg-e-zigarette-original\/#breadcrumb"},"inLanguage":"ja","potentialAction":[{"@type":"ReadAction","target":["https:\/\/shopvapor.de\/produkt\/bang-leader-80000-80k-puffs-78ml-einweg-e-zigarette-original\/"]}]},{"@type":"ImageObject","inLanguage":"ja","@id":"https:\/\/shopvapor.de\/produkt\/bang-leader-80000-80k-puffs-78ml-einweg-e-zigarette-original\/#primaryimage","url":"https:\/\/shopvapor.de\/wp-content\/uploads\/2025\/07\/bang-leader-80000-80k-puffs-78ml-einweg-e-zigarette-original.png","contentUrl":"https:\/\/shopvapor.de\/wp-content\/uploads\/2025\/07\/bang-leader-80000-80k-puffs-78ml-einweg-e-zigarette-original.png","width":1000,"height":1000},{"@type":"BreadcrumbList","@id":"https:\/\/shopvapor.de\/produkt\/bang-leader-80000-80k-puffs-78ml-einweg-e-zigarette-original\/#breadcrumb","itemListElement":[{"@type":"ListItem","position":1,"name":"Startseite","item":"https:\/\/shopvapor.de\/"},{"@type":"ListItem","position":2,"name":"Shop","item":"https:\/\/shopvapor.de\/shop\/"},{"@type":"ListItem","position":3,"name":"Bang Leader 80000 80k Puffs 78ml Einweg-E-Zigarette Original"}]},{"@type":"WebSite","@id":"https:\/\/shopvapor.de\/#website","url":"https:\/\/shopvapor.de\/","name":"\u30b7\u30e7\u30c3\u30d7\u30d9\u30fc\u30d1\u30fc","description":"","potentialAction":[{"@type":"SearchAction","target":{"@type":"EntryPoint","urlTemplate":"https:\/\/shopvapor.de\/?s={search_term_string}"},"query-input":{"@type":"PropertyValueSpecification","valueRequired":true,"valueName":"search_term_string"}}],"inLanguage":"ja"}]}},"_links":{"self":[{"href":"https:\/\/shopvapor.de\/ja\/wp-json\/wp\/v2\/product\/6302","targetHints":{"allow":["GET"]}}],"collection":[{"href":"https:\/\/shopvapor.de\/ja\/wp-json\/wp\/v2\/product"}],"about":[{"href":"https:\/\/shopvapor.de\/ja\/wp-json\/wp\/v2\/types\/product"}],"replies":[{"embeddable":true,"href":"https:\/\/shopvapor.de\/ja\/wp-json\/wp\/v2\/comments?post=6302"}],"version-history":[{"count":1,"href":"https:\/\/shopvapor.de\/ja\/wp-json\/wp\/v2\/product\/6302\/revisions"}],"predecessor-version":[{"id":11438,"href":"https:\/\/shopvapor.de\/ja\/wp-json\/wp\/v2\/product\/6302\/revisions\/11438"}],"wp:featuredmedia":[{"embeddable":true,"href":"https:\/\/shopvapor.de\/ja\/wp-json\/wp\/v2\/media\/6325"}],"wp:attachment":[{"href":"https:\/\/shopvapor.de\/ja\/wp-json\/wp\/v2\/media?parent=6302"}],"wp:term":[{"taxonomy":"product_brand","embeddable":true,"href":"https:\/\/shopvapor.de\/ja\/wp-json\/wp\/v2\/product_brand?post=6302"},{"taxonomy":"product_cat","embeddable":true,"href":"https:\/\/shopvapor.de\/ja\/wp-json\/wp\/v2\/product_cat?post=6302"},{"taxonomy":"product_tag","embeddable":true,"href":"https:\/\/shopvapor.de\/ja\/wp-json\/wp\/v2\/product_tag?post=6302"}],"curies":[{"name":"wp","href":"https:\/\/api.w.org\/{rel}","templated":true}]}}