{"id":6542,"date":"2025-07-02T04:02:35","date_gmt":"2025-07-02T04:02:35","guid":{"rendered":"https:\/\/shopvapor.de\/?post_type=product&#038;p=6542"},"modified":"2025-07-15T09:29:42","modified_gmt":"2025-07-15T09:29:42","slug":"bang-blaze-42000-42k-%e3%83%91%e3%83%95%e3%82%b9%e6%b0%b4%e3%82%ae%e3%82%bb%e3%83%ab-%e3%83%98%e3%83%83%e3%83%89-30ml-%e4%bd%bf%e3%81%84%e6%8d%a8%e3%81%a6-e-%e3%82%bf%e3%83%90%e3%82%b3-%e3%82%aa","status":"publish","type":"product","link":"https:\/\/shopvapor.de\/ja\/product\/bang-blaze-42000-42k-%e3%83%91%e3%83%95%e3%82%b9%e6%b0%b4%e3%82%ae%e3%82%bb%e3%83%ab-%e3%83%98%e3%83%83%e3%83%89-30ml-%e4%bd%bf%e3%81%84%e6%8d%a8%e3%81%a6-e-%e3%82%bf%e3%83%90%e3%82%b3-%e3%82%aa\/","title":{"rendered":"Bang Blaze 42000 42K \u30d1\u30d5\u30b9\u6c34\u30ae\u30bb\u30eb \u30d8\u30c3\u30c9 30ml \u4f7f\u3044\u6368\u3066\u96fb\u5b50\u30bf\u30d0\u30b3 \u30aa\u30ea\u30b8\u30ca\u30eb"},"content":{"rendered":"<h2>\u30d0\u30f3\u30d6\u30ec\u30a4\u30ba 42000 \u5217\u8eca\u306e\u4f7f\u3044\u6368\u3066\u96fb\u5b50\u30bf\u30d0\u30b3\u306e\u7d39\u4ecb<\/h2>\n<p>Bang Blaze 42000 \u5217\u8eca BANG \u306e\u4f7f\u3044\u6368\u3066\u96fb\u5b50\u30bf\u30d0\u30b3\u306f\u3001\u5927\u5bb9\u91cf\u3067\u5f37\u70c8\u306a\u98a8\u5473\u3068\u5b9f\u7528\u7684\u306a\u30cf\u30f3\u30c9\u30ea\u30f3\u30b0\u306e\u5370\u8c61\u7684\u306a\u7d44\u307f\u5408\u308f\u305b\u3092\u63d0\u4f9b\u3057\u307e\u3059\u3002 \u6700\u5927 42,000 \u5217\u306e\u5217\u8eca\u306e\u5bb9\u91cf\u3092\u5099\u3048\u305f\u3053\u306e\u30c7\u30d0\u30a4\u30b9\u306f\u3001\u9577\u6642\u9593\u306e\u4f7f\u7528\u3068\u591a\u69d8\u306a\u30d5\u30ec\u30fc\u30d0\u30fc\u3092\u91cd\u8996\u3059\u308b\u3059\u3079\u3066\u306e\u4eba\u306b\u6700\u9069\u3067\u3059\u3002 \u30c7\u30e5\u30a2\u30eb \u30e1\u30c3\u30b7\u30e5 \u30b3\u30a4\u30eb\u3068\u5145\u96fb\u5f0f\u30d0\u30c3\u30c6\u30ea\u30fc\u306a\u3069\u306e\u6700\u65b0\u306e\u30c6\u30af\u30ce\u30ed\u30b8\u30fc\u306e\u304a\u304b\u3052\u3067\u3001Bang Blaze 42000 \u306f\u4e00\u8cab\u3057\u305f\u4e0a\u54c1\u306a\u4f53\u9a13\u3092\u63d0\u4f9b\u3057\u307e\u3059\u3002 Bang \u30d6\u30e9\u30f3\u30c9\u306f\u54c1\u8cea\u3068\u4fe1\u983c\u6027\u3092\u8868\u3057\u3066\u304a\u308a\u3001\u3053\u306e\u88fd\u54c1\u306f\u30e6\u30fc\u30b6\u30fc\u306b\u4e00\u6d41\u306e\u4f53\u9a13\u3092\u63d0\u4f9b\u3059\u308b\u3068\u3044\u3046\u30b3\u30df\u30c3\u30c8\u30e1\u30f3\u30c8\u306e\u8a3c\u62e0\u3067\u3059\u3002<\/p>\n<h2>Bang Blaze 42000 Trains \u88fd\u54c1\u30d1\u30e9\u30e1\u30fc\u30bf<\/h2>\n<p>Bang Blaze 42000 Trains \u4f7f\u3044\u6368\u3066\u96fb\u5b50\u30bf\u30d0\u30b3\u306b\u306f\u3001\u4ed6\u306e\u30c7\u30d0\u30a4\u30b9\u3088\u308a\u3082\u969b\u7acb\u3064\u9ad8\u5ea6\u306a\u6a5f\u80fd\u304c\u88c5\u5099\u3055\u308c\u3066\u3044\u307e\u3059\u3002 \u4ee5\u4e0b\u306b\u3001\u3053\u306e\u88fd\u54c1\u3092\u7279\u5225\u306a\u3082\u306e\u306b\u3059\u308b\u6280\u8853\u4ed5\u69d8\u306e\u8a73\u7d30\u306a\u6982\u8981\u3092\u793a\u3057\u307e\u3059\u3002<\/p>\n<h3>\u5217\u8eca\u306e\u5b9a\u54e1: \u6700\u5927 42,000 \u5217\u306e\u5217\u8eca<\/h3>\n<p>\u6700\u5927 42,000 \u5217\u306e\u5217\u8eca\u306e\u5370\u8c61\u7684\u306a\u5bb9\u91cf\u3092\u6301\u3064 Bang Blaze 42000 \u306f\u3001\u983b\u7e41\u306b\u4ea4\u63db\u3059\u308b\u3053\u3068\u306a\u304f\u3001\u9577\u6301\u3061\u3059\u308b\u3053\u3068\u304c\u3067\u304d\u307e\u3059\u3002 \u3053\u306e\u6570\u306e\u5217\u8eca\u306b\u3088\u308a\u3001\u30e6\u30fc\u30b6\u30fc\u306f\u3001\u6bce\u65e5\u306e\u4f7f\u7528\u306b\u7406\u60f3\u7684\u306a\u9577\u6642\u9593\u306e\u4e00\u8cab\u3057\u305f\u4f53\u9a13\u3092\u697d\u3057\u3080\u3053\u3068\u304c\u3067\u304d\u307e\u3059\u3002<\/p>\n<h3>\u96fb\u5b50\u6db2\u4f53\u5bb9\u91cf: 30ml<\/h3>\n<p>\u30c7\u30d0\u30a4\u30b9\u306b\u306f\u3001\u9ad8\u54c1\u8cea\u306e\u30ea\u30ad\u30c3\u30c9 30 ml \u304c\u3042\u3089\u304b\u3058\u3081\u5145\u586b\u3055\u308c\u3066\u304a\u308a\u3001\u591a\u91cf\u306e\u4f7f\u7528\u306b\u5341\u5206\u306a\u91cf\u3092\u63d0\u4f9b\u3057\u307e\u3059\u3002 \u6db2\u4f53\u306e\u5bb9\u91cf\u304c\u5927\u304d\u3044\u305f\u3081\u3001\u8a70\u3081\u66ff\u3048\u306e\u5fc5\u8981\u6027\u304c\u6e1b\u308a\u3001\u88fd\u54c1\u5168\u4f53\u306e\u5473\u3092\u5747\u4e00\u306b\u5c4a\u3051\u308b\u3053\u3068\u304c\u3067\u304d\u307e\u3059\u3002<\/p>\n<h3>\u30cb\u30b3\u30c1\u30f3\u5f37\u5ea6: 0 %\u30012 %\u30013 %\u30015 %<\/h3>\n<p>Bang Blaze 42000 \u306f\u3001\u3055\u307e\u3056\u307e\u306a\u30cb\u30b3\u30c1\u30f3\u5f37\u5ea6 (0 %\u30012 %\u30013 % \u304a\u3088\u3073 5 %) \u3067\u5229\u7528\u3067\u304d\u3001\u30e6\u30fc\u30b6\u30fc\u306e\u500b\u3005\u306e\u597d\u307f\u306b\u5408\u308f\u305b\u3066\u5229\u7528\u3067\u304d\u307e\u3059\u3002 \u30cb\u30b3\u30c1\u30f3\u30d5\u30ea\u30fc\u306e\u30a8\u30af\u30b9\u30da\u30ea\u30a8\u30f3\u30b9\u3067\u3042\u308d\u3046\u3068\u3001\u30cb\u30b3\u30c1\u30f3\u542b\u6709\u91cf\u306e\u9ad8\u3055\u3067\u3042\u308d\u3046\u3068\u3001\u3053\u306e\u30c7\u30d0\u30a4\u30b9\u306f\u3055\u307e\u3056\u307e\u306a\u30cb\u30fc\u30ba\u306b\u67d4\u8edf\u306b\u5bfe\u5fdc\u3057\u307e\u3059\u3002<\/p>\n<h3>\u30d0\u30c3\u30c6\u30ea\u30fc: 1000 mAh\u3001Type-C \u3067\u5145\u96fb\u53ef\u80fd<\/h3>\n<p>\u5f37\u529b\u306a 1000 mAh \u30d0\u30c3\u30c6\u30ea\u30fc\u306f\u3001\u4fe1\u983c\u6027\u306e\u9ad8\u3044\u96fb\u6e90\u3092\u63d0\u4f9b\u3057\u307e\u3059\u3002 Type-C \u306e\u5145\u96fb\u6a5f\u80fd\u306b\u3088\u308a\u3001\u30c7\u30d0\u30a4\u30b9\u3092\u8fc5\u901f\u304b\u3064\u52b9\u7387\u7684\u306b\u5145\u96fb\u3067\u304d\u308b\u305f\u3081\u3001\u4e2d\u65ad\u306a\u304f\u4f7f\u7528\u3067\u304d\u307e\u3059\u3002 \u5145\u96fb\u53ef\u80fd\u6027\u306f\u65e5\u5e38\u751f\u6d3b\u306e\u5b9f\u7528\u6027\u3092\u9ad8\u3081\u307e\u3059\u3002<\/p>\n<h3>\u30b3\u30a4\u30eb\u6280\u8853: 0.6\u03a9 \u30c7\u30e5\u30a2\u30eb \u30e1\u30c3\u30b7\u30e5 \u30b3\u30a4\u30eb<\/h3>\n<p>\u9ad8\u5ea6\u306a 0.6 \u03a9 \u30c7\u30e5\u30a2\u30eb \u30e1\u30c3\u30b7\u30e5 \u30b3\u30a4\u30eb\u306f\u3001\u6700\u9069\u306a\u30d5\u30ec\u30fc\u30d0\u30fc\u306e\u958b\u767a\u3068\u5747\u4e00\u306a\u84b8\u6c17\u751f\u6210\u3092\u4fdd\u8a3c\u3057\u307e\u3059\u3002 \u3053\u306e\u6280\u8853\u306b\u3088\u308a\u3001\u79fb\u52d5\u306e\u305f\u3073\u306b\u5f37\u70c8\u306a\u5473\u3068\u5bc6\u96c6\u3057\u305f\u96f2\u304c\u78ba\u4fdd\u3055\u308c\u3001Bang Blaze 42000 \u304c\u7279\u306b\u9b45\u529b\u7684\u3067\u3059\u3002<\/p>\n<h3>\u30bb\u30ad\u30e5\u30ea\u30c6\u30a3\u6a5f\u80fd: \u30c1\u30e3\u30a4\u30eb\u30c9\u30bb\u30fc\u30d5\u30c6\u30a3\u30ed\u30c3\u30af<\/h3>\n<p>Bang Blaze 42000 \u306b\u306f\u3001\u30c7\u30d0\u30a4\u30b9\u3092\u5b89\u5168\u306b\u4f7f\u7528\u3067\u304d\u308b\u3088\u3046\u306b\u3059\u308b\u5b50\u4f9b\u7528\u5b89\u5168\u88c5\u7f6e\u304c\u88c5\u5099\u3055\u308c\u3066\u3044\u307e\u3059\u3002 \u3053\u306e\u6a5f\u80fd\u306b\u3088\u308a\u3001\u4fdd\u8b77\u304c\u5f37\u5316\u3055\u308c\u3001\u88fd\u54c1\u304c\u3059\u3079\u3066\u306e\u30e6\u30fc\u30b6\u30fc\u306b\u3068\u3063\u3066\u8cac\u4efb\u3042\u308b\u9078\u629e\u80a2\u306b\u306a\u308a\u307e\u3059\u3002<\/p>\n<h3>\u30c7\u30b6\u30a4\u30f3: \u30b3\u30f3\u30d1\u30af\u30c8\u3067\u30dd\u30fc\u30bf\u30d6\u30eb<\/h3>\n<p>Bang Blaze 42000 \u306e\u30b9\u30ea\u30e0\u3067\u8efd\u91cf\u306a\u30c7\u30b6\u30a4\u30f3\u306f\u3001\u30e2\u30d0\u30a4\u30eb\u3067\u306e\u4f7f\u7528\u306b\u6700\u9069\u3067\u3059\u3002 \u30dd\u30b1\u30c3\u30c8\u3084\u8ca1\u5e03\u306b\u5feb\u9069\u306b\u53ce\u307e\u308a\u3001\u3069\u3053\u306b\u3044\u3066\u3082\u6271\u3044\u3084\u3059\u304f\u306a\u3063\u3066\u3044\u307e\u3059\u3002<\/p>\n<h2>\u30d0\u30f3\u30d6\u30ec\u30a4\u30ba 42000 \u5217\u8eca\u306e\u3055\u307e\u3056\u307e\u306a\u5473<\/h2>\n<p>Bang Blaze 42000 \u306f\u3001\u3042\u3089\u3086\u308b\u597d\u307f\u306b\u5408\u3046\u3055\u307e\u3056\u307e\u306a\u30d5\u30ec\u30fc\u30d0\u30fc\u3092\u63d0\u4f9b\u3057\u307e\u3059\u3002 \u30d5\u30eb\u30fc\u30c6\u30a3\u30fc\u306a\u3082\u306e\u304b\u3089\u723d\u3084\u304b\u306a\u30ce\u30fc\u30c8\u307e\u3067\u3001\u305d\u308c\u305e\u308c\u306e\u30d5\u30ec\u30fc\u30d0\u30fc\u306f\u3001\u5f37\u70c8\u3067\u697d\u3057\u3044\u4f53\u9a13\u3092\u63d0\u4f9b\u3059\u308b\u3088\u3046\u306b\u614e\u91cd\u306b\u8a2d\u8a08\u3055\u308c\u3066\u3044\u307e\u3059\u3002 \u5229\u7528\u53ef\u80fd\u306a\u30d5\u30ec\u30fc\u30d0\u30fc\u306f\u6b21\u306e\u3068\u304a\u308a\u3067\u3059\u3002<\/p>\n<ul>\n<li>\u30df\u30f3\u30c8<\/li>\n<li>\u30d6\u30eb\u30fc\u30d9\u30ea\u30fc\u30df\u30f3\u30c8<\/li>\n<li>\u30c0\u30d6\u30eb\u30a2\u30c3\u30d7\u30eb<\/li>\n<li>\u30d4\u30fc\u30c1\u30fb\u30a2\u30a4\u30b9<\/li>\n<li>\u30d6\u30eb\u30fc\u30d9\u30ea\u30fc\u30fb\u30e9\u30ba\u30d9\u30ea\u30fc<\/li>\n<li>\u30d6\u30eb\u30fc\u30d9\u30ea\u30fc\u30a2\u30a4\u30b9<\/li>\n<li>\u30d6\u30eb\u30fc\u30d9\u30ea\u30fc\u30d4\u30fc\u30c1<\/li>\n<li>\u30b9\u30a4\u30ab<\/li>\n<li>\u30b9\u30c8\u30ed\u30d9\u30ea\u30fc\u30fb\u30b9\u30a4\u30ab<\/li>\n<li>\u30b9\u30c8\u30ed\u30d9\u30ea\u30fc\u30e9\u30a4\u30c1<\/li>\n<li>\u30b0\u30ec\u30fc\u30d7\u30df\u30f3\u30c8<\/li>\n<li>\u30df\u30c3\u30af\u30b9\u30d5\u30eb\u30fc\u30c4<\/li>\n<\/ul>\n<h2>\u30d0\u30f3\u30d6\u30ec\u30a4\u30ba 42000 \u5217\u8eca\u306e\u4f7f\u3044\u6368\u3066\u96fb\u5b50\u30bf\u30d0\u30b3\u306b\u3064\u3044\u3066\u306e FAQ<\/h2>\n<p>\u4ee5\u4e0b\u306b\u3001\u304a\u5ba2\u69d8\u304c Bang Blaze 42000 \u5217\u8eca\u306e\u4f7f\u3044\u6368\u3066\u96fb\u5b50\u30bf\u30d0\u30b3\u306b\u3064\u3044\u3066\u3088\u304f\u3042\u308b\u8cea\u554f\u306b\u3064\u3044\u3066\u3001\u6700\u3082\u660e\u78ba\u306b\u3059\u308b\u305f\u3081\u306b\u3001\u6700\u3082\u3088\u304f\u3042\u308b\u8cea\u554f\u306b\u7b54\u3048\u307e\u3059\u3002<\/p>\n<p><strong>F: Bang Blaze 42000 \u306e\u5217\u8eca\u306f\u3069\u306e\u304f\u3089\u3044\u306e\u671f\u9593\u6301\u3061\u307e\u3059\u304b?<\/strong><br \/>\nA: \u5bff\u547d\u306f\u4f7f\u7528\u983b\u5ea6\u306b\u3088\u3063\u3066\u7570\u306a\u308a\u307e\u3059\u3002 \u5e73\u5747\u7684\u306a\u4f7f\u7528\u3067\u300142,000 \u5217\u306e\u5217\u8eca\u306e\u304a\u304b\u3052\u3067\u3001\u30c7\u30d0\u30a4\u30b9\u306f\u6570\u9031\u9593\u304b\u3089\u6570\u304b\u6708\u3082\u4f7f\u7528\u3067\u304d\u307e\u3059\u3002<\/p>\n<p><strong>Q: Bang Blaze 42000 \u5217\u8eca\u306f\u672c\u5f53\u306b\u5145\u96fb\u5f0f\u3067\u3059\u304b?<\/strong><br \/>\nA: \u306f\u3044\u3001\u30c7\u30d0\u30a4\u30b9\u306b\u306f 1000 mAh \u306e\u30d0\u30c3\u30c6\u30ea\u30fc\u304c\u3042\u308a\u3001Type-C \u30dd\u30fc\u30c8\u3092\u4ecb\u3057\u3066\u3059\u3070\u3084\u304f\u7c21\u5358\u306b\u5145\u96fb\u3067\u304d\u307e\u3059\u3002<\/p>\n<p><strong>F: \u30cb\u30b3\u30c1\u30f3\u3067\u3093\u3077\u3093\u3092\u8cfc\u5165\u3057\u305f\u5f8c\u3001\u4ea4\u63db\u3067\u304d\u307e\u3059\u304b?<\/strong><br \/>\nA: \u3044\u3044\u3048\u3001\u30cb\u30b3\u30c1\u30f3\u306e\u5f37\u5ea6\u306f\u56fa\u5b9a\u3055\u308c\u3066\u304a\u308a\u3001\u5909\u66f4\u3067\u304d\u307e\u305b\u3093\u3002 \u8cfc\u5165\u3059\u308b\u5834\u5408\u306f\u3001\u5e0c\u671b\u306e\u5f37\u5ea6\u3092\u9078\u629e\u3057\u3066\u304f\u3060\u3055\u3044 (0 %\u30012 %\u30013 % \u307e\u305f\u306f 5 %)\u3002<\/p>\n<p><strong>F: \u30da\u30a2\u30ec\u30f3\u30bf\u30eb \u30b3\u30f3\u30c8\u30ed\u30fc\u30eb\u306f\u3069\u306e\u3088\u3046\u306b\u6a5f\u80fd\u3057\u307e\u3059\u304b?<\/strong><br \/>\nA: \u5b50\u5b89\u5168\u88c5\u7f6e\u306f\u3001\u610f\u56f3\u305b\u305a\u306b\u30c7\u30d0\u30a4\u30b9\u304c\u8d77\u52d5\u3055\u308c\u308b\u306e\u3092\u9632\u304e\u307e\u3059\u3002 \u8a73\u7d30\u306a\u624b\u9806\u306b\u3064\u3044\u3066\u306f\u3001\u88fd\u54c1\u306b\u4ed8\u5c5e\u306e\u53d6\u6271\u8aac\u660e\u66f8\u3092\u53c2\u7167\u3057\u3066\u304f\u3060\u3055\u3044\u3002<\/p>\n<p><strong>Q: \u5404\u5730\u57df\u3067\u3059\u3079\u3066\u306e\u30d5\u30ec\u30fc\u30d0\u30fc\u3092\u5165\u624b\u3067\u304d\u307e\u3059\u304b?<\/strong><br \/>\nA: \u30d5\u30ec\u30fc\u30d0\u30fc\u306e\u5165\u624b\u53ef\u80fd\u6027\u306f\u5730\u57df\u306b\u3088\u3063\u3066\u7570\u306a\u308b\u5834\u5408\u304c\u3042\u308a\u307e\u3059\u3002 \u5229\u7528\u53ef\u80fd\u306a\u30aa\u30d7\u30b7\u30e7\u30f3\u3092\u78ba\u8a8d\u3059\u308b\u306b\u306f\u3001\u30c7\u30a3\u30fc\u30e9\u30fc\u306b\u9023\u7d61\u3057\u3066\u304f\u3060\u3055\u3044\u3002<\/p>\n<p><strong>Q: \u96fb\u5b50\u6db2\u4f53\u3092\u4f7f\u3044\u5207\u308b\u3068\u3069\u3046\u306a\u308a\u307e\u3059\u304b?<\/strong><br \/>\nA: Bang Blaze 42000 \u306f\u4f7f\u3044\u6368\u3066\u96fb\u5b50\u30bf\u30d0\u30b3\u3067\u3001\u518d\u5145\u586b\u3067\u304d\u307e\u305b\u3093\u3002 \u96fb\u5b50\u6db2\u4f53\u304c\u4f7f\u3044\u5207\u3089\u308c\u305f\u3089\u3001\u73fe\u5730\u306e\u898f\u5236\u306b\u5f93\u3063\u3066\u88c5\u7f6e\u3092\u5ec3\u68c4\u3059\u308b\u5fc5\u8981\u304c\u3042\u308a\u307e\u3059\u3002<\/p>\n<p><strong>Q: Type-C \u5145\u96fb\u30b1\u30fc\u30d6\u30eb\u306f\u4ed8\u5c5e\u3057\u3066\u3044\u307e\u3059\u304b?<\/strong><br \/>\nA: \u3044\u3044\u3048\u3001Type-C \u5145\u96fb\u30b1\u30fc\u30d6\u30eb\u306f\u4ed8\u5c5e\u3057\u3066\u3044\u307e\u305b\u3093\u3002 \u30c7\u30d0\u30a4\u30b9\u3068\u4e92\u63db\u6027\u306e\u3042\u308b\u6a19\u6e96\u306e Type-C \u30b1\u30fc\u30d6\u30eb\u3092\u4f7f\u7528\u3067\u304d\u307e\u3059\u3002<\/p>","protected":false},"excerpt":{"rendered":"<p>Bang Blaze 42000 \u5217\u8eca \u4f7f\u3044\u6368\u3066\u96fb\u5b50\u30bf\u30d0\u30b3: \u6700\u5927 42,000 \u5217\u306e\u5217\u8eca\u300130 ml \u306e\u96fb\u5b50\u6db2\u4f53\u30010-5 % \u30cb\u30b3\u30c1\u30f3\u5f37\u5ea6\u30011000 mAh \u30bf\u30a4\u30d7 C \u30d0\u30c3\u30c6\u30ea\u30fc\u30010.6 \u30c7\u30e5\u30a2\u30eb \u30e1\u30c3\u30b7\u30e5 \u30b3\u30a4\u30eb\u3001\u30c1\u30e3\u30a4\u30eb\u30c9 \u30ed\u30c3\u30af\u3002 \u591a\u5f69\u306a\u5473\u308f\u3044\u3067\u3001\u5f37\u70c8\u306a\u697d\u3057\u307f\u3092\u6e80\u55ab\u3067\u304d\u307e\u3059<\/p>","protected":false},"featured_media":6548,"comment_status":"open","ping_status":"closed","template":"","meta":[],"product_brand":[1180],"product_cat":[1184],"product_tag":[983,959,970],"class_list":{"0":"post-6542","1":"product","2":"type-product","3":"status-publish","4":"has-post-thumbnail","6":"product_brand-bang","7":"product_cat-42000-puffs","8":"product_tag-42k-puffs","9":"product_tag-more-than-10kpuffs","10":"product_tag-more-than-30kpuffs","12":"first","13":"instock","14":"sale","15":"shipping-taxable","16":"purchasable","17":"product-type-variable"},"yoast_head":"<!-- This site is optimized with the Yoast SEO plugin v25.8 - https:\/\/yoast.com\/wordpress\/plugins\/seo\/ -->\n<title>Bang Blaze 42000 42K Puffs Shisha Head 30ml Einweg-E-Zigarette Original - ShopVapor<\/title>\n<meta name=\"description\" content=\"Bang Blaze 42000 Z\u00fcge Einweg-E-Zigarette: Bis zu 42.000 Z\u00fcge, 30 ml E-Liquid, 0-5 % Nikotinst\u00e4rke, 1000 mAh Typ-C-Akku, 0,6-\u03a9-Dual-Mesh-Spule, Kindersicherung. Vielf\u00e4ltige Geschmacksrichtungen f\u00fcr intensiven Genuss.\" \/>\n<meta name=\"robots\" content=\"index, follow, max-snippet:-1, max-image-preview:large, max-video-preview:-1\" \/>\n<link rel=\"canonical\" href=\"https:\/\/shopvapor.de\/ja\/product\/bang-blaze-42000-42k-\u30d1\u30d5\u30b9\u6c34\u30ae\u30bb\u30eb-\u30d8\u30c3\u30c9-30ml-\u4f7f\u3044\u6368\u3066-e-\u30bf\u30d0\u30b3-\u30aa\/\" \/>\n<meta property=\"og:locale\" content=\"ja_JP\" \/>\n<meta property=\"og:type\" content=\"article\" \/>\n<meta property=\"og:title\" content=\"Bang Blaze 42000 42K Puffs Shisha Head 30ml Einweg-E-Zigarette Original - ShopVapor\" \/>\n<meta property=\"og:description\" content=\"Bang Blaze 42000 Z\u00fcge Einweg-E-Zigarette: Bis zu 42.000 Z\u00fcge, 30 ml E-Liquid, 0-5 % Nikotinst\u00e4rke, 1000 mAh Typ-C-Akku, 0,6-\u03a9-Dual-Mesh-Spule, Kindersicherung. Vielf\u00e4ltige Geschmacksrichtungen f\u00fcr intensiven Genuss.\" \/>\n<meta property=\"og:url\" content=\"https:\/\/shopvapor.de\/ja\/product\/bang-blaze-42000-42k-\u30d1\u30d5\u30b9\u6c34\u30ae\u30bb\u30eb-\u30d8\u30c3\u30c9-30ml-\u4f7f\u3044\u6368\u3066-e-\u30bf\u30d0\u30b3-\u30aa\/\" \/>\n<meta property=\"og:site_name\" content=\"ShopVapor\" \/>\n<meta property=\"article:modified_time\" content=\"2025-07-15T09:29:42+00:00\" \/>\n<meta property=\"og:image\" content=\"https:\/\/shopvapor.de\/wp-content\/uploads\/2025\/07\/bang-blaze-42000-42k-puffs-shisha-head-30ml-einweg-e-zigarette-original-1.webp\" \/>\n\t<meta property=\"og:image:width\" content=\"800\" \/>\n\t<meta property=\"og:image:height\" content=\"800\" \/>\n\t<meta property=\"og:image:type\" content=\"image\/webp\" \/>\n<meta name=\"twitter:card\" content=\"summary_large_image\" \/>\n<meta name=\"twitter:label1\" content=\"\u63a8\u5b9a\u8aad\u307f\u53d6\u308a\u6642\u9593\" \/>\n\t<meta name=\"twitter:data1\" content=\"4\u5206\" \/>\n<!-- \/ Yoast SEO plugin. -->","yoast_head_json":{"title":"Bang Blaze 42000 42K \u30d1\u30d5\u30b9\u6c34\u30ae\u30bb\u30eb \u30d8\u30c3\u30c9 30ml \u4f7f\u3044\u6368\u3066\u96fb\u5b50\u30bf\u30d0\u30b3 \u30aa\u30ea\u30b8\u30ca\u30eb - ShopVapor","description":"Bang Blaze 42000 \u5217\u8eca \u4f7f\u3044\u6368\u3066\u96fb\u5b50\u30bf\u30d0\u30b3: \u6700\u5927 42,000 \u5217\u306e\u5217\u8eca\u300130 ml \u306e\u96fb\u5b50\u6db2\u4f53\u30010-5 % \u30cb\u30b3\u30c1\u30f3\u5f37\u5ea6\u30011000 mAh \u30bf\u30a4\u30d7 C \u30d0\u30c3\u30c6\u30ea\u30fc\u30010.6 \u30c7\u30e5\u30a2\u30eb \u30e1\u30c3\u30b7\u30e5 \u30b3\u30a4\u30eb\u3001\u30c1\u30e3\u30a4\u30eb\u30c9 \u30ed\u30c3\u30af\u3002 \u591a\u5f69\u306a\u5473\u308f\u3044\u3067\u3001\u5f37\u70c8\u306a\u697d\u3057\u307f\u3092\u6e80\u55ab\u3067\u304d\u307e\u3059","robots":{"index":"index","follow":"follow","max-snippet":"max-snippet:-1","max-image-preview":"max-image-preview:large","max-video-preview":"max-video-preview:-1"},"canonical":"https:\/\/shopvapor.de\/ja\/product\/bang-blaze-42000-42k-\u30d1\u30d5\u30b9\u6c34\u30ae\u30bb\u30eb-\u30d8\u30c3\u30c9-30ml-\u4f7f\u3044\u6368\u3066-e-\u30bf\u30d0\u30b3-\u30aa\/","og_locale":"ja_JP","og_type":"article","og_title":"Bang Blaze 42000 42K Puffs Shisha Head 30ml Einweg-E-Zigarette Original - ShopVapor","og_description":"Bang Blaze 42000 Z\u00fcge Einweg-E-Zigarette: Bis zu 42.000 Z\u00fcge, 30 ml E-Liquid, 0-5 % Nikotinst\u00e4rke, 1000 mAh Typ-C-Akku, 0,6-\u03a9-Dual-Mesh-Spule, Kindersicherung. Vielf\u00e4ltige Geschmacksrichtungen f\u00fcr intensiven Genuss.","og_url":"https:\/\/shopvapor.de\/ja\/product\/bang-blaze-42000-42k-\u30d1\u30d5\u30b9\u6c34\u30ae\u30bb\u30eb-\u30d8\u30c3\u30c9-30ml-\u4f7f\u3044\u6368\u3066-e-\u30bf\u30d0\u30b3-\u30aa\/","og_site_name":"ShopVapor","article_modified_time":"2025-07-15T09:29:42+00:00","og_image":[{"width":800,"height":800,"url":"https:\/\/shopvapor.de\/wp-content\/uploads\/2025\/07\/bang-blaze-42000-42k-puffs-shisha-head-30ml-einweg-e-zigarette-original-1.webp","type":"image\/webp"}],"twitter_card":"summary_large_image","twitter_misc":{"\u63a8\u5b9a\u8aad\u307f\u53d6\u308a\u6642\u9593":"4\u5206"},"schema":{"@context":"https:\/\/schema.org","@graph":[{"@type":"WebPage","@id":"https:\/\/shopvapor.de\/produkt\/bang-blaze-42000-42k-puffs-shisha-head-30ml-einweg-e-zigarette-original\/","url":"https:\/\/shopvapor.de\/produkt\/bang-blaze-42000-42k-puffs-shisha-head-30ml-einweg-e-zigarette-original\/","name":"Bang Blaze 42000 42K \u30d1\u30d5\u30b9\u6c34\u30ae\u30bb\u30eb \u30d8\u30c3\u30c9 30ml \u4f7f\u3044\u6368\u3066\u96fb\u5b50\u30bf\u30d0\u30b3 \u30aa\u30ea\u30b8\u30ca\u30eb - ShopVapor","isPartOf":{"@id":"https:\/\/shopvapor.de\/#website"},"primaryImageOfPage":{"@id":"https:\/\/shopvapor.de\/produkt\/bang-blaze-42000-42k-puffs-shisha-head-30ml-einweg-e-zigarette-original\/#primaryimage"},"image":{"@id":"https:\/\/shopvapor.de\/produkt\/bang-blaze-42000-42k-puffs-shisha-head-30ml-einweg-e-zigarette-original\/#primaryimage"},"thumbnailUrl":"https:\/\/shopvapor.de\/wp-content\/uploads\/2025\/07\/bang-blaze-42000-42k-puffs-shisha-head-30ml-einweg-e-zigarette-original-1.webp","datePublished":"2025-07-02T04:02:35+00:00","dateModified":"2025-07-15T09:29:42+00:00","description":"Bang Blaze 42000 \u5217\u8eca \u4f7f\u3044\u6368\u3066\u96fb\u5b50\u30bf\u30d0\u30b3: \u6700\u5927 42,000 \u5217\u306e\u5217\u8eca\u300130 ml \u306e\u96fb\u5b50\u6db2\u4f53\u30010-5 % \u30cb\u30b3\u30c1\u30f3\u5f37\u5ea6\u30011000 mAh \u30bf\u30a4\u30d7 C \u30d0\u30c3\u30c6\u30ea\u30fc\u30010.6 \u30c7\u30e5\u30a2\u30eb \u30e1\u30c3\u30b7\u30e5 \u30b3\u30a4\u30eb\u3001\u30c1\u30e3\u30a4\u30eb\u30c9 \u30ed\u30c3\u30af\u3002 \u591a\u5f69\u306a\u5473\u308f\u3044\u3067\u3001\u5f37\u70c8\u306a\u697d\u3057\u307f\u3092\u6e80\u55ab\u3067\u304d\u307e\u3059","breadcrumb":{"@id":"https:\/\/shopvapor.de\/produkt\/bang-blaze-42000-42k-puffs-shisha-head-30ml-einweg-e-zigarette-original\/#breadcrumb"},"inLanguage":"ja","potentialAction":[{"@type":"ReadAction","target":["https:\/\/shopvapor.de\/produkt\/bang-blaze-42000-42k-puffs-shisha-head-30ml-einweg-e-zigarette-original\/"]}]},{"@type":"ImageObject","inLanguage":"ja","@id":"https:\/\/shopvapor.de\/produkt\/bang-blaze-42000-42k-puffs-shisha-head-30ml-einweg-e-zigarette-original\/#primaryimage","url":"https:\/\/shopvapor.de\/wp-content\/uploads\/2025\/07\/bang-blaze-42000-42k-puffs-shisha-head-30ml-einweg-e-zigarette-original-1.webp","contentUrl":"https:\/\/shopvapor.de\/wp-content\/uploads\/2025\/07\/bang-blaze-42000-42k-puffs-shisha-head-30ml-einweg-e-zigarette-original-1.webp","width":800,"height":800},{"@type":"BreadcrumbList","@id":"https:\/\/shopvapor.de\/produkt\/bang-blaze-42000-42k-puffs-shisha-head-30ml-einweg-e-zigarette-original\/#breadcrumb","itemListElement":[{"@type":"ListItem","position":1,"name":"Startseite","item":"https:\/\/shopvapor.de\/"},{"@type":"ListItem","position":2,"name":"Shop","item":"https:\/\/shopvapor.de\/shop\/"},{"@type":"ListItem","position":3,"name":"Bang Blaze 42000 42K Puffs Shisha Head 30ml Einweg-E-Zigarette Original"}]},{"@type":"WebSite","@id":"https:\/\/shopvapor.de\/#website","url":"https:\/\/shopvapor.de\/","name":"\u30b7\u30e7\u30c3\u30d7\u30d9\u30fc\u30d1\u30fc","description":"","potentialAction":[{"@type":"SearchAction","target":{"@type":"EntryPoint","urlTemplate":"https:\/\/shopvapor.de\/?s={search_term_string}"},"query-input":{"@type":"PropertyValueSpecification","valueRequired":true,"valueName":"search_term_string"}}],"inLanguage":"ja"}]}},"_links":{"self":[{"href":"https:\/\/shopvapor.de\/ja\/wp-json\/wp\/v2\/product\/6542","targetHints":{"allow":["GET"]}}],"collection":[{"href":"https:\/\/shopvapor.de\/ja\/wp-json\/wp\/v2\/product"}],"about":[{"href":"https:\/\/shopvapor.de\/ja\/wp-json\/wp\/v2\/types\/product"}],"replies":[{"embeddable":true,"href":"https:\/\/shopvapor.de\/ja\/wp-json\/wp\/v2\/comments?post=6542"}],"version-history":[{"count":2,"href":"https:\/\/shopvapor.de\/ja\/wp-json\/wp\/v2\/product\/6542\/revisions"}],"predecessor-version":[{"id":12047,"href":"https:\/\/shopvapor.de\/ja\/wp-json\/wp\/v2\/product\/6542\/revisions\/12047"}],"wp:featuredmedia":[{"embeddable":true,"href":"https:\/\/shopvapor.de\/ja\/wp-json\/wp\/v2\/media\/6548"}],"wp:attachment":[{"href":"https:\/\/shopvapor.de\/ja\/wp-json\/wp\/v2\/media?parent=6542"}],"wp:term":[{"taxonomy":"product_brand","embeddable":true,"href":"https:\/\/shopvapor.de\/ja\/wp-json\/wp\/v2\/product_brand?post=6542"},{"taxonomy":"product_cat","embeddable":true,"href":"https:\/\/shopvapor.de\/ja\/wp-json\/wp\/v2\/product_cat?post=6542"},{"taxonomy":"product_tag","embeddable":true,"href":"https:\/\/shopvapor.de\/ja\/wp-json\/wp\/v2\/product_tag?post=6542"}],"curies":[{"name":"wp","href":"https:\/\/api.w.org\/{rel}","templated":true}]}}