{"id":6722,"date":"2025-07-02T04:03:29","date_gmt":"2025-07-02T04:03:29","guid":{"rendered":"https:\/\/shopvapor.de\/?post_type=product&#038;p=6722"},"modified":"2025-07-15T09:27:32","modified_gmt":"2025-07-15T09:27:32","slug":"bang-king-36000-36k-%e3%83%91%e3%83%95-%e3%82%b3%e3%83%b3%e3%82%b9%e3%83%86%e3%83%ac%e3%83%bc%e3%82%b7%e3%83%a7%e3%83%b3-40ml-%e4%bd%bf%e3%81%84%e6%8d%a8%e3%81%a6-e-%e3%82%bf%e3%83%90%e3%82%b3","status":"publish","type":"product","link":"https:\/\/shopvapor.de\/ja\/product\/bang-king-36000-36k-%e3%83%91%e3%83%95-%e3%82%b3%e3%83%b3%e3%82%b9%e3%83%86%e3%83%ac%e3%83%bc%e3%82%b7%e3%83%a7%e3%83%b3-40ml-%e4%bd%bf%e3%81%84%e6%8d%a8%e3%81%a6-e-%e3%82%bf%e3%83%90%e3%82%b3\/","title":{"rendered":"Bang King 36000 36K \u30d1\u30d5 \u30b3\u30f3\u30b9\u30c6\u30ec\u30fc\u30b7\u30e7\u30f3 40ml \u4f7f\u3044\u6368\u3066\u96fb\u5b50\u30bf\u30d0\u30b3 \u30aa\u30ea\u30b8\u30ca\u30eb"},"content":{"rendered":"<h2>Bang King 36000 \u30d1\u30d5 - \u8981\u6c42\u306e\u53b3\u3057\u3044\u30e6\u30fc\u30b6\u30fc\u5411\u3051\u306e\u9ad8\u6027\u80fd<\/h2>\n<p>Bang King 36000 Puffs \u4f7f\u3044\u6368\u3066\u96fb\u5b50\u30bf\u30d0\u30b3\u306f\u3001\u76f4\u63a5\u80ba (DTL) \u611b\u597d\u5bb6\u5411\u3051\u306b\u8a2d\u8a08\u3055\u308c\u305f\u5f37\u529b\u306a\u30c7\u30d0\u30a4\u30b9\u3067\u3059\u3002 \u6700\u5927 36,000 \u5217\u306e\u5217\u8eca\u306e\u9a5a\u7570\u7684\u306a\u5bb9\u91cf\u3092\u6301\u3064\u3053\u306e\u88fd\u54c1\u306f\u3001\u9769\u65b0\u7684\u306a\u30c6\u30af\u30ce\u30ed\u30b8\u30fc\u3068\u4f7f\u3044\u3084\u3059\u3055\u3092\u517c\u306d\u5099\u3048\u3066\u3044\u307e\u3059\u3002 Bang King \u306f\u54c1\u8cea\u3068\u8010\u4e45\u6027\u3092\u8868\u3057\u3066\u304a\u308a\u3001\u3053\u306e\u30e2\u30c7\u30eb\u306f\u3042\u3089\u3086\u308b\u52d5\u304d\u3067\u5f37\u70c8\u306a\u5473\u899a\u4f53\u9a13\u3092\u63d0\u4f9b\u3057\u307e\u3059\u3002 \u30e2\u30c0\u30f3\u306a\u30c7\u30b6\u30a4\u30f3\u3068\u9ad8\u54c1\u8cea\u306e\u6280\u91cf\u306e\u304a\u304b\u3052\u3067\u3001Bang King 36000 \u306f\u4fe1\u983c\u6027\u3068\u30b9\u30bf\u30a4\u30eb\u3092\u91cd\u8996\u3059\u308b\u4eba\u306b\u6700\u9069\u3067\u3059\u3002<\/p>\n<h2>\u88fd\u54c1\u30d1\u30e9\u30e1\u30fc\u30bf\u30fc\u8a73\u7d30<\/h2>\n<p>Bang King 36000 Puffs \u4f7f\u3044\u6368\u3066\u96fb\u5b50\u30bf\u30d0\u30b3\u306b\u306f\u3001\u4e00\u8cab\u3057\u305f\u697d\u3057\u3044\u4f53\u9a13\u3092\u4fdd\u8a3c\u3059\u308b\u9ad8\u5ea6\u306a\u6a5f\u80fd\u304c\u88c5\u5099\u3055\u308c\u3066\u3044\u307e\u3059\u3002 \u3053\u306e\u88fd\u54c1\u306e\u512a\u308c\u305f\u7279\u6027\u3092\u8aac\u660e\u3059\u308b\u305f\u3081\u306b\u3001\u4e3b\u8981\u306a\u30d1\u30e9\u30e1\u30fc\u30bf\u30fc\u306b\u3064\u3044\u3066\u4ee5\u4e0b\u306b\u8a73\u3057\u304f\u8aac\u660e\u3057\u307e\u3059\u3002<\/p>\n<h3>\u30d0\u30c3\u30c6\u30ea\u30fc: 650 mAh \u306e\u5145\u96fb\u5f0f<\/h3>\n<p>650 mAh \u306e\u5185\u8535\u30d0\u30c3\u30c6\u30ea\u30fc\u306f\u3001\u5e45\u5e83\u3044\u4f7f\u7528\u306b\u4fe1\u983c\u3067\u304d\u308b\u96fb\u6e90\u3092\u63d0\u4f9b\u3057\u307e\u3059\u3002 Type-C \u63a5\u7d9a\u306b\u3088\u308b\u518d\u5145\u96fb\u53ef\u80fd\u6027\u306e\u304a\u304b\u3052\u3067\u3001\u30e6\u30fc\u30b6\u30fc\u306f Bang King 36000 \u3092\u8fc5\u901f\u304b\u3064\u52b9\u7387\u7684\u306b\u5145\u96fb\u3067\u304d\u308b\u305f\u3081\u3001\u307b\u3068\u3093\u3069\u4e2d\u65ad\u306e\u306a\u3044\u4f7f\u7528\u304c\u53ef\u80fd\u306b\u306a\u308a\u307e\u3059\u3002 \u3053\u306e\u5bb9\u91cf\u306b\u3088\u308a\u3001\u96c6\u4e2d\u7684\u306b\u4f7f\u7528\u3057\u3066\u3082\u30c7\u30d0\u30a4\u30b9\u304c\u9577\u6301\u3061\u3059\u308b\u30d1\u30d5\u30a9\u30fc\u30de\u30f3\u30b9\u3092\u5b9f\u73fe\u3057\u307e\u3059\u3002<\/p>\n<h3>\u96fb\u5b50\u6db2\u4f53\u5bb9\u91cf: 40ml (\u30c0\u30d6\u30eb\u30bf\u30f3\u30af\u30b7\u30b9\u30c6\u30e0)<\/h3>\n<p>\u30d0\u30f3\u30ad\u30f3\u30b0 36000 \u306f\u3001\u5408\u8a08 40 ml \u306e\u30d7\u30ec\u30d5\u30a3\u30eb\u30c9\u96fb\u5b50\u6db2\u4f53\u3092\u542b\u3080\u5bdb\u5927\u306a\u30c0\u30d6\u30eb \u30bf\u30f3\u30af \u30b7\u30b9\u30c6\u30e0\u3092\u5099\u3048\u305f\u65b0\u3057\u3044\u57fa\u6e96\u3092\u8a2d\u5b9a\u3057\u307e\u3059\u3002 \u3053\u306e\u30b7\u30b9\u30c6\u30e0\u306f\u8010\u7528\u5e74\u6570\u3092\u6700\u5927\u5316\u3057\u3001\u6700\u5f8c\u306e\u52d5\u304d\u306e\u5473\u3092\u5747\u4e00\u306b\u3057\u307e\u3059\u3002 \u5927\u5bb9\u91cf\u306f\u3001\u983b\u7e41\u306a\u30c7\u30d0\u30a4\u30b9\u4ea4\u63db\u306e\u5fc5\u8981\u6027\u3092\u6e1b\u3089\u3057\u3001\u9577\u6642\u9593\u306e\u30a8\u30af\u30b9\u30da\u30ea\u30a8\u30f3\u30b9\u3092\u63d0\u4f9b\u3057\u307e\u3059\u3002<\/p>\n<h3>\u30cb\u30b3\u30c1\u30f3\u306e\u5f37\u3055\uff1a0 %\u30012 %\u30013 %\u30015 %<\/h3>\n<p>Bang King 36000 \u306f\u3001\u3055\u307e\u3056\u307e\u306a\u30cb\u30b3\u30c1\u30f3\u5f37\u5ea6 (0 %\u30012 %\u30013 %\u30015 %) \u3067\u5229\u7528\u3067\u304d\u3001\u30e6\u30fc\u30b6\u30fc\u306e\u500b\u3005\u306e\u30cb\u30fc\u30ba\u306b\u5bfe\u5fdc\u3057\u307e\u3059\u3002 \u3053\u306e\u67d4\u8edf\u6027\u306b\u3088\u308a\u3001\u30cb\u30b3\u30c1\u30f3\u3092\u542b\u307e\u306a\u3044\u5834\u5408\u3067\u3082\u3001\u3088\u308a\u5f37\u5ea6\u306e\u9ad8\u3044\u3082\u306e\u306b\u3057\u3066\u3082\u3001\u30a8\u30af\u30b9\u30da\u30ea\u30a8\u30f3\u30b9\u3092\u500b\u4eba\u306e\u597d\u307f\u306b\u6b63\u78ba\u306b\u9069\u5fdc\u3055\u305b\u308b\u3053\u3068\u304c\u3067\u304d\u307e\u3059\u3002<\/p>\n<h3>\u30b3\u30a4\u30eb: 0.6\u30aa\u30fc\u30e0\u30b5\u30d6\u30aa\u30fc\u30e0<\/h3>\n<p>0.6 \u30aa\u30fc\u30e0\u306e\u30b5\u30d6\u30aa\u30fc\u30e0 \u30b3\u30a4\u30eb\u306f\u3001\u76f4\u63a5\u80ba (DTL) \u3067\u4f7f\u7528\u3059\u308b\u305f\u3081\u306b\u6700\u9069\u5316\u3055\u308c\u3066\u3044\u307e\u3059\u3002 \u3057\u3063\u304b\u308a\u3068\u3057\u305f\u84b8\u6c17\u751f\u6210\u3092\u63d0\u4f9b\u3057\u3001\u5473\u3092\u5f37\u3081\u3001\u3059\u3079\u3066\u306e\u5217\u8eca\u3092\u30d5\u30eb\u30dc\u30c7\u30a3\u306e\u4f53\u9a13\u306b\u3057\u307e\u3059\u3002 \u3053\u306e\u30b3\u30a4\u30eb\u306f\u3001\u30c7\u30d0\u30a4\u30b9\u306e\u5168\u5bff\u547d\u306b\u308f\u305f\u3063\u3066\u4e00\u8cab\u6027\u3068\u54c1\u8cea\u3092\u4fdd\u8a3c\u3057\u307e\u3059\u3002<\/p>\n<h3>\u5145\u96fb\u30dd\u30fc\u30c8: Type-C<\/h3>\n<p>Type-C \u306e\u5145\u96fb\u30dd\u30fc\u30c8\u306b\u3088\u308a\u3001\u9ad8\u901f\u304b\u3064\u52b9\u7387\u7684\u306a\u5145\u96fb\u304c\u53ef\u80fd\u306b\u306a\u308a\u3001Bang King 36000 \u304c\u7279\u306b\u5b9f\u7528\u7684\u306b\u306a\u308a\u307e\u3059\u3002 \u3053\u306e\u6700\u65b0\u306e\u30c6\u30af\u30ce\u30ed\u30b8\u30fc\u306b\u3088\u308a\u3001\u5f85\u3061\u6642\u9593\u3092\u6700\u5c0f\u9650\u306b\u6291\u3048\u3001\u983b\u7e41\u306b\u4f7f\u7528\u3057\u3066\u3082\u30c7\u30d0\u30a4\u30b9\u3092\u3059\u3050\u306b\u4f7f\u7528\u3067\u304d\u308b\u3088\u3046\u306b\u3057\u307e\u3059\u3002<\/p>\n<h3>LED \u30ab\u30e9\u30fc\u30e9\u30a4\u30c8<\/h3>\n<p>\u7d71\u5408\u3055\u308c\u305f LED \u30ab\u30e9\u30fc \u30e9\u30a4\u30c8\u306f\u3001Bang King 36000 \u306b\u30b9\u30bf\u30a4\u30ea\u30c3\u30b7\u30e5\u3067\u30e2\u30c0\u30f3\u306a\u5916\u89b3\u3092\u4e0e\u3048\u307e\u3059\u3002 \u3053\u306e\u6a5f\u80fd\u306f\u3001\u30c7\u30d0\u30a4\u30b9\u3092\u8996\u899a\u7684\u306b\u5f37\u8abf\u3057\u3001\u6a5f\u80fd\u306b\u5f71\u97ff\u3092\u4e0e\u3048\u308b\u3053\u3068\u306a\u304f\u76ee\u3092\u5f15\u304f\u3082\u306e\u306b\u3057\u307e\u3059\u3002 \u5149\u306f\u5fae\u5999\u3067\u3001\u88fd\u54c1\u306e\u9ad8\u54c1\u8cea\u306a\u7f8e\u5b66\u3092\u5f37\u8abf\u3057\u3066\u3044\u307e\u3059\u3002<\/p>\n<h2>\u5473<\/h2>\n<p>Bang King 36000 Puffs \u306f\u3001\u30d0\u30e9\u30a8\u30c6\u30a3\u30fc\u3068\u5f37\u5ea6\u3092\u63d0\u4f9b\u3059\u308b 12 \u7a2e\u985e\u306e\u614e\u91cd\u306b\u30c7\u30b6\u30a4\u30f3\u3055\u308c\u305f\u30d5\u30ec\u30fc\u30d0\u30fc\u3092\u63d0\u4f9b\u3057\u307e\u3059\u3002 \u305d\u308c\u305e\u308c\u306e\u30d5\u30ec\u30fc\u30d0\u30fc\u306f\u3001\u30e6\u30cb\u30fc\u30af\u306a\u4f53\u9a13\u3092\u63d0\u4f9b\u3059\u308b\u305f\u3081\u306b\u69cb\u6210\u3055\u308c\u3066\u3044\u307e\u3059\u3002<\/p>\n<ul>\n<li>\u30d6\u30eb\u30fc\u30e9\u30ba\u30a2\u30a4\u30b9<\/li>\n<li>\u30b9\u30c8\u30ed\u30d9\u30ea\u30fc\u30fb\u30b9\u30a4\u30ab<\/li>\n<li>\u30b9\u30a4\u30ab\u306e\u6c37<\/li>\n<li>\u30b9\u30c8\u30ed\u30d9\u30ea\u30fc\u30fb\u30d0\u30ca\u30ca<\/li>\n<li>\u30c8\u30ed\u30d4\u30ab\u30eb\u30d5\u30eb\u30fc<\/li>\n<li>\u30c8\u30ea\u30d7\u30eb\u30d9\u30ea\u30fc<\/li>\n<li>\u30b8\u30e5\u30fc\u30b9\u30d4\u30fc\u30c1\u30a2\u30a4\u30b9<\/li>\n<li>\u30b9\u30c8\u30ed\u30d9\u30ea\u30fc\u30fb\u30ad\u30a6\u30a4<\/li>\n<li>\u30d4\u30fc\u30c1\u30de\u30f3\u30b4\u30fc\u30b9\u30a4\u30ab<\/li>\n<li>\u30ad\u30a6\u30a4 \u30d1\u30c3\u30b7\u30e7\u30f3 \u30d5\u30eb\u30fc\u30c4 \u30b0\u30a2\u30d0<\/li>\n<li>\u30b0\u30ec\u30fc\u30d7 \u30a2\u30c3\u30d7\u30eb<\/li>\n<li>\u30d6\u30eb\u30fc\u3055\u3093<\/li>\n<\/ul>\n<h2>\u3088\u304f\u3042\u308b\u8cea\u554f (FAQ)<\/h2>\n<p>\u3053\u3053\u3067\u306f\u3001\u6700\u9ad8\u306e\u900f\u660e\u6027\u3068\u30bb\u30ad\u30e5\u30ea\u30c6\u30a3\u3092\u63d0\u4f9b\u3059\u308b\u305f\u3081\u306b\u3001Bang King 36000 Puffs \u4f7f\u3044\u6368\u3066\u96fb\u5b50\u30bf\u30d0\u30b3\u306b\u95a2\u3059\u308b\u6700\u3082\u3088\u304f\u5bc4\u305b\u3089\u308c\u308b\u8cea\u554f\u306b\u7b54\u3048\u307e\u3059\u3002<\/p>\n<p><strong>Bang King 36000 \u30d0\u30c3\u30c6\u30ea\u30fc\u306e\u5bff\u547d\u306f?<\/strong><br \/>\n650 mAh \u306e\u30d0\u30c3\u30c6\u30ea\u30fc\u306f\u3001\u9577\u6301\u3061\u3059\u308b\u3088\u3046\u306b\u8a2d\u8a08\u3055\u308c\u3066\u3044\u307e\u3059\u3002 \u5b9f\u969b\u306e\u6240\u8981\u6642\u9593\u306f\u4f7f\u7528\u983b\u5ea6\u306b\u3088\u3063\u3066\u7570\u306a\u308a\u307e\u3059\u304c\u3001Type-C \u306e\u5145\u96fb\u30dd\u30fc\u30c8\u306b\u3088\u308a\u3001\u30c7\u30d0\u30a4\u30b9\u306f\u3059\u3050\u306b\u518d\u5145\u96fb\u3067\u304d\u307e\u3059\u3002<\/p>\n<p><strong>\u8cfc\u5165\u5f8c\u306b\u30cb\u30b3\u30c1\u30f3\u30c7\u30f3\u30d7\u30f3\u3092\u4ea4\u63db\u3067\u304d\u307e\u3059\u304b?<\/strong><br \/>\n\u3044\u3044\u3048\u3001\u30cb\u30b3\u30c1\u30f3\u5f37\u5ea6\u306f\u30c7\u30d0\u30a4\u30b9\u3067\u6307\u5b9a\u3055\u308c\u3066\u304a\u308a\u3001\u5909\u66f4\u3067\u304d\u307e\u305b\u3093\u3002 \u8cfc\u5165\u3059\u308b\u5834\u5408\u306f\u3001\u5e0c\u671b\u306e\u5f37\u5ea6\u3092\u9078\u629e\u3057\u3066\u304f\u3060\u3055\u3044 (0 %\u30012 %\u30013 %\u30015 %)\u3002<\/p>\n<p><strong>\u30d0\u30f3\u30ad\u30f3\u30b0 36000 \u306f\u9632\u6c34\u3067\u3059\u304b?<\/strong><br \/>\n\u3044\u3044\u3048\u3001Bang King 36000 \u306f\u9632\u6c34\u3067\u306f\u3042\u308a\u307e\u305b\u3093\u3002 \u640d\u50b7\u3092\u9632\u3050\u305f\u3081\u3001\u6c34\u3084\u4ed6\u306e\u6db2\u4f53\u3068\u306e\u63a5\u89e6\u306f\u907f\u3051\u3066\u304f\u3060\u3055\u3044\u3002<\/p>\n<p><strong>\u4f7f\u7528\u5f8c\u306b Bang King 36000 \u3092\u51e6\u5206\u3059\u308b\u306b\u306f\u3069\u3046\u3059\u308c\u3070\u3088\u3044\u3067\u3059\u304b?<\/strong><br \/>\nBang King 36000 \u306f\u3001\u5730\u5143\u306e\u96fb\u5b50\u5ec3\u68c4\u7269\u306e\u898f\u5236\u306b\u5f93\u3063\u3066\u51e6\u5206\u3059\u308b\u5fc5\u8981\u304c\u3042\u308a\u307e\u3059\u3002 \u9069\u5207\u306a\u53ce\u96c6\u5834\u6240\u306b\u30c7\u30d0\u30a4\u30b9\u3092\u304a\u6e21\u3057\u3057\u3066\u304f\u3060\u3055\u3044\u3002<\/p>\n<p><strong>LED \u30e9\u30a4\u30c8\u304c\u70b9\u706f\u3057\u306a\u3044\u306e\u306f\u306a\u305c\u3067\u3059\u304b?<\/strong><br \/>\nLED \u30e9\u30a4\u30c8\u304c\u6a5f\u80fd\u3057\u3066\u3044\u306a\u3044\u5834\u5408\u306f\u3001\u30d0\u30c3\u30c6\u30ea\u30fc\u6b8b\u91cf\u3092\u78ba\u8a8d\u3057\u3066\u304f\u3060\u3055\u3044\u3002 \u30d0\u30c3\u30c6\u30ea\u30fc\u304c\u5f31\u3044\u3068\u6a5f\u80fd\u306b\u5f71\u97ff\u3092\u4e0e\u3048\u308b\u53ef\u80fd\u6027\u304c\u3042\u308a\u307e\u3059\u3002 \u30c7\u30d0\u30a4\u30b9\u3092\u5b8c\u5168\u306b\u5145\u96fb\u3057\u307e\u3059\u3002 \u554f\u984c\u304c\u767a\u751f\u3057\u305f\u5834\u5408\u306f\u3001\u30ab\u30b9\u30bf\u30de\u30fc \u30b5\u30fc\u30d3\u30b9\u306b\u9023\u7d61\u3057\u3066\u304f\u3060\u3055\u3044\u3002<\/p>\n<p><strong>\u96fb\u5b50\u6db2\u4f53\u3092\u88dc\u5145\u3067\u304d\u307e\u3059\u304b?<\/strong><br \/>\n\u3044\u3044\u3048\u3001Bang King 36000 \u306f\u4f7f\u3044\u6368\u3066\u30c7\u30d0\u30a4\u30b9\u3067\u3042\u308a\u3001\u518d\u5145\u586b\u3067\u304d\u307e\u305b\u3093\u3002 \u30c0\u30d6\u30eb \u30bf\u30f3\u30af \u30b7\u30b9\u30c6\u30e0\u306b\u306f\u3001\u6700\u5927 36,000 \u56de\u306e\u79fb\u52d5\u7528\u306b\u8a2d\u8a08\u3055\u308c\u305f 40 mL \u306e\u30d7\u30ec\u30d5\u30a3\u30eb\u30c9\u96fb\u5b50\u6db2\u4f53\u304c\u542b\u307e\u308c\u3066\u3044\u307e\u3059\u3002<\/p>","protected":false},"excerpt":{"rendered":"<p dir=\"auto\">Bang King 36000 Puffs \u4f7f\u3044\u6368\u3066\u96fb\u5b50\u30bf\u30d0\u30b3 40 mL \u96fb\u5b50\u6db2\u4f53\u3001650 mAh \u306e\u5145\u96fb\u5f0f\u30d0\u30c3\u30c6\u30ea\u30fc\u3001Type-C \u5145\u96fb\u30dd\u30fc\u30c8\u30010.6 \u30aa\u30fc\u30e0\u306e\u30b5\u30d6\u30aa\u30fc\u30e0 \u30b3\u30a4\u30eb\u3001LED \u30ab\u30e9\u30fc \u30e9\u30a4\u30c8\u3002 0 %\u30012 %\u30013 %\u30015 % \u30cb\u30b3\u30c1\u30f3\u5f37\u5ea6\u3067\u3001\u5f37\u70c8\u306a\u30d5\u30ec\u30fc\u30d0\u30fc\u3068\u9577\u6301\u3061\u3059\u308b\u4f7f\u7528\u304c\u53ef\u80fd\u3067\u3059\u3002<\/p>","protected":false},"featured_media":6727,"comment_status":"open","ping_status":"closed","template":"","meta":[],"product_brand":[1180],"product_cat":[1181],"product_tag":[985,984,959,970],"class_list":{"0":"post-6722","1":"product","2":"type-product","3":"status-publish","4":"has-post-thumbnail","6":"product_brand-bang","7":"product_cat-36000-puffs","8":"product_tag-31k40kpuffs","9":"product_tag-36k-puffs","10":"product_tag-more-than-10kpuffs","11":"product_tag-more-than-30kpuffs","13":"first","14":"instock","15":"sale","16":"shipping-taxable","17":"purchasable","18":"product-type-variable"},"yoast_head":"<!-- This site is optimized with the Yoast SEO plugin v25.8 - https:\/\/yoast.com\/wordpress\/plugins\/seo\/ -->\n<title>Bang King 36000 36K Puffs Constellation 40ml Einweg-E-Zigarette Original - ShopVapor<\/title>\n<meta name=\"description\" content=\"Bang King 36000 Puffs Einweg-E-Zigarette mit 40 ml E-Liquid, 650 mAh wiederaufladbarem Akku, Typ-C-Ladeanschluss, 0,6 Ohm Sub-Ohm-Spule und LED-Farblicht. Erh\u00e4ltlich in 0 %, 2 %, 3 %, 5 % Nikotinst\u00e4rken f\u00fcr intensiven Geschmack und langanhaltende Nutzung.\" \/>\n<meta name=\"robots\" content=\"index, follow, max-snippet:-1, max-image-preview:large, max-video-preview:-1\" \/>\n<link rel=\"canonical\" href=\"https:\/\/shopvapor.de\/ja\/product\/bang-king-36000-36k-\u30d1\u30d5-\u30b3\u30f3\u30b9\u30c6\u30ec\u30fc\u30b7\u30e7\u30f3-40ml-\u4f7f\u3044\u6368\u3066-e-\u30bf\u30d0\u30b3\/\" \/>\n<meta property=\"og:locale\" content=\"ja_JP\" \/>\n<meta property=\"og:type\" content=\"article\" \/>\n<meta property=\"og:title\" content=\"Bang King 36000 36K Puffs Constellation 40ml Einweg-E-Zigarette Original - ShopVapor\" \/>\n<meta property=\"og:description\" content=\"Bang King 36000 Puffs Einweg-E-Zigarette mit 40 ml E-Liquid, 650 mAh wiederaufladbarem Akku, Typ-C-Ladeanschluss, 0,6 Ohm Sub-Ohm-Spule und LED-Farblicht. Erh\u00e4ltlich in 0 %, 2 %, 3 %, 5 % Nikotinst\u00e4rken f\u00fcr intensiven Geschmack und langanhaltende Nutzung.\" \/>\n<meta property=\"og:url\" content=\"https:\/\/shopvapor.de\/ja\/product\/bang-king-36000-36k-\u30d1\u30d5-\u30b3\u30f3\u30b9\u30c6\u30ec\u30fc\u30b7\u30e7\u30f3-40ml-\u4f7f\u3044\u6368\u3066-e-\u30bf\u30d0\u30b3\/\" \/>\n<meta property=\"og:site_name\" content=\"ShopVapor\" \/>\n<meta property=\"article:modified_time\" content=\"2025-07-15T09:27:32+00:00\" \/>\n<meta property=\"og:image\" content=\"https:\/\/shopvapor.de\/wp-content\/uploads\/2025\/07\/bang-king-36000-36k-puffs-constellation-40ml-einweg-e-zigarette-original-6.jpg\" \/>\n\t<meta property=\"og:image:width\" content=\"1000\" \/>\n\t<meta property=\"og:image:height\" content=\"1000\" \/>\n\t<meta property=\"og:image:type\" content=\"image\/jpeg\" \/>\n<meta name=\"twitter:card\" content=\"summary_large_image\" \/>\n<meta name=\"twitter:label1\" content=\"\u63a8\u5b9a\u8aad\u307f\u53d6\u308a\u6642\u9593\" \/>\n\t<meta name=\"twitter:data1\" content=\"4\u5206\" \/>\n<!-- \/ Yoast SEO plugin. -->","yoast_head_json":{"title":"Bang King 36000 36K \u30d1\u30d5 \u30b3\u30f3\u30b9\u30c6\u30ec\u30fc\u30b7\u30e7\u30f3 40ml \u4f7f\u3044\u6368\u3066\u96fb\u5b50\u30bf\u30d0\u30b3 \u30aa\u30ea\u30b8\u30ca\u30eb - ShopVapor","description":"Bang King 36000 Puffs \u4f7f\u3044\u6368\u3066\u96fb\u5b50\u30bf\u30d0\u30b3 40 mL \u96fb\u5b50\u6db2\u4f53\u3001650 mAh \u306e\u5145\u96fb\u5f0f\u30d0\u30c3\u30c6\u30ea\u30fc\u3001Type-C \u5145\u96fb\u30dd\u30fc\u30c8\u30010.6 \u30aa\u30fc\u30e0\u306e\u30b5\u30d6\u30aa\u30fc\u30e0 \u30b3\u30a4\u30eb\u3001LED \u30ab\u30e9\u30fc \u30e9\u30a4\u30c8\u3002 0 %\u30012 %\u30013 %\u30015 % \u30cb\u30b3\u30c1\u30f3\u5f37\u5ea6\u3067\u3001\u5f37\u70c8\u306a\u30d5\u30ec\u30fc\u30d0\u30fc\u3068\u9577\u6301\u3061\u3059\u308b\u4f7f\u7528\u304c\u53ef\u80fd\u3067\u3059\u3002","robots":{"index":"index","follow":"follow","max-snippet":"max-snippet:-1","max-image-preview":"max-image-preview:large","max-video-preview":"max-video-preview:-1"},"canonical":"https:\/\/shopvapor.de\/ja\/product\/bang-king-36000-36k-\u30d1\u30d5-\u30b3\u30f3\u30b9\u30c6\u30ec\u30fc\u30b7\u30e7\u30f3-40ml-\u4f7f\u3044\u6368\u3066-e-\u30bf\u30d0\u30b3\/","og_locale":"ja_JP","og_type":"article","og_title":"Bang King 36000 36K Puffs Constellation 40ml Einweg-E-Zigarette Original - ShopVapor","og_description":"Bang King 36000 Puffs Einweg-E-Zigarette mit 40 ml E-Liquid, 650 mAh wiederaufladbarem Akku, Typ-C-Ladeanschluss, 0,6 Ohm Sub-Ohm-Spule und LED-Farblicht. Erh\u00e4ltlich in 0 %, 2 %, 3 %, 5 % Nikotinst\u00e4rken f\u00fcr intensiven Geschmack und langanhaltende Nutzung.","og_url":"https:\/\/shopvapor.de\/ja\/product\/bang-king-36000-36k-\u30d1\u30d5-\u30b3\u30f3\u30b9\u30c6\u30ec\u30fc\u30b7\u30e7\u30f3-40ml-\u4f7f\u3044\u6368\u3066-e-\u30bf\u30d0\u30b3\/","og_site_name":"ShopVapor","article_modified_time":"2025-07-15T09:27:32+00:00","og_image":[{"width":1000,"height":1000,"url":"https:\/\/shopvapor.de\/wp-content\/uploads\/2025\/07\/bang-king-36000-36k-puffs-constellation-40ml-einweg-e-zigarette-original-6.jpg","type":"image\/jpeg"}],"twitter_card":"summary_large_image","twitter_misc":{"\u63a8\u5b9a\u8aad\u307f\u53d6\u308a\u6642\u9593":"4\u5206"},"schema":{"@context":"https:\/\/schema.org","@graph":[{"@type":"WebPage","@id":"https:\/\/shopvapor.de\/produkt\/bang-king-36000-36k-puffs-constellation-40ml-einweg-e-zigarette-original\/","url":"https:\/\/shopvapor.de\/produkt\/bang-king-36000-36k-puffs-constellation-40ml-einweg-e-zigarette-original\/","name":"Bang King 36000 36K \u30d1\u30d5 \u30b3\u30f3\u30b9\u30c6\u30ec\u30fc\u30b7\u30e7\u30f3 40ml \u4f7f\u3044\u6368\u3066\u96fb\u5b50\u30bf\u30d0\u30b3 \u30aa\u30ea\u30b8\u30ca\u30eb - ShopVapor","isPartOf":{"@id":"https:\/\/shopvapor.de\/#website"},"primaryImageOfPage":{"@id":"https:\/\/shopvapor.de\/produkt\/bang-king-36000-36k-puffs-constellation-40ml-einweg-e-zigarette-original\/#primaryimage"},"image":{"@id":"https:\/\/shopvapor.de\/produkt\/bang-king-36000-36k-puffs-constellation-40ml-einweg-e-zigarette-original\/#primaryimage"},"thumbnailUrl":"https:\/\/shopvapor.de\/wp-content\/uploads\/2025\/07\/bang-king-36000-36k-puffs-constellation-40ml-einweg-e-zigarette-original-6.jpg","datePublished":"2025-07-02T04:03:29+00:00","dateModified":"2025-07-15T09:27:32+00:00","description":"Bang King 36000 Puffs \u4f7f\u3044\u6368\u3066\u96fb\u5b50\u30bf\u30d0\u30b3 40 mL \u96fb\u5b50\u6db2\u4f53\u3001650 mAh \u306e\u5145\u96fb\u5f0f\u30d0\u30c3\u30c6\u30ea\u30fc\u3001Type-C \u5145\u96fb\u30dd\u30fc\u30c8\u30010.6 \u30aa\u30fc\u30e0\u306e\u30b5\u30d6\u30aa\u30fc\u30e0 \u30b3\u30a4\u30eb\u3001LED \u30ab\u30e9\u30fc \u30e9\u30a4\u30c8\u3002 0 %\u30012 %\u30013 %\u30015 % \u30cb\u30b3\u30c1\u30f3\u5f37\u5ea6\u3067\u3001\u5f37\u70c8\u306a\u30d5\u30ec\u30fc\u30d0\u30fc\u3068\u9577\u6301\u3061\u3059\u308b\u4f7f\u7528\u304c\u53ef\u80fd\u3067\u3059\u3002","breadcrumb":{"@id":"https:\/\/shopvapor.de\/produkt\/bang-king-36000-36k-puffs-constellation-40ml-einweg-e-zigarette-original\/#breadcrumb"},"inLanguage":"ja","potentialAction":[{"@type":"ReadAction","target":["https:\/\/shopvapor.de\/produkt\/bang-king-36000-36k-puffs-constellation-40ml-einweg-e-zigarette-original\/"]}]},{"@type":"ImageObject","inLanguage":"ja","@id":"https:\/\/shopvapor.de\/produkt\/bang-king-36000-36k-puffs-constellation-40ml-einweg-e-zigarette-original\/#primaryimage","url":"https:\/\/shopvapor.de\/wp-content\/uploads\/2025\/07\/bang-king-36000-36k-puffs-constellation-40ml-einweg-e-zigarette-original-6.jpg","contentUrl":"https:\/\/shopvapor.de\/wp-content\/uploads\/2025\/07\/bang-king-36000-36k-puffs-constellation-40ml-einweg-e-zigarette-original-6.jpg","width":1000,"height":1000},{"@type":"BreadcrumbList","@id":"https:\/\/shopvapor.de\/produkt\/bang-king-36000-36k-puffs-constellation-40ml-einweg-e-zigarette-original\/#breadcrumb","itemListElement":[{"@type":"ListItem","position":1,"name":"Startseite","item":"https:\/\/shopvapor.de\/"},{"@type":"ListItem","position":2,"name":"Shop","item":"https:\/\/shopvapor.de\/shop\/"},{"@type":"ListItem","position":3,"name":"Bang King 36000 36K Puffs Constellation 40ml Einweg-E-Zigarette Original"}]},{"@type":"WebSite","@id":"https:\/\/shopvapor.de\/#website","url":"https:\/\/shopvapor.de\/","name":"\u30b7\u30e7\u30c3\u30d7\u30d9\u30fc\u30d1\u30fc","description":"","potentialAction":[{"@type":"SearchAction","target":{"@type":"EntryPoint","urlTemplate":"https:\/\/shopvapor.de\/?s={search_term_string}"},"query-input":{"@type":"PropertyValueSpecification","valueRequired":true,"valueName":"search_term_string"}}],"inLanguage":"ja"}]}},"_links":{"self":[{"href":"https:\/\/shopvapor.de\/ja\/wp-json\/wp\/v2\/product\/6722","targetHints":{"allow":["GET"]}}],"collection":[{"href":"https:\/\/shopvapor.de\/ja\/wp-json\/wp\/v2\/product"}],"about":[{"href":"https:\/\/shopvapor.de\/ja\/wp-json\/wp\/v2\/types\/product"}],"replies":[{"embeddable":true,"href":"https:\/\/shopvapor.de\/ja\/wp-json\/wp\/v2\/comments?post=6722"}],"version-history":[{"count":1,"href":"https:\/\/shopvapor.de\/ja\/wp-json\/wp\/v2\/product\/6722\/revisions"}],"predecessor-version":[{"id":11432,"href":"https:\/\/shopvapor.de\/ja\/wp-json\/wp\/v2\/product\/6722\/revisions\/11432"}],"wp:featuredmedia":[{"embeddable":true,"href":"https:\/\/shopvapor.de\/ja\/wp-json\/wp\/v2\/media\/6727"}],"wp:attachment":[{"href":"https:\/\/shopvapor.de\/ja\/wp-json\/wp\/v2\/media?parent=6722"}],"wp:term":[{"taxonomy":"product_brand","embeddable":true,"href":"https:\/\/shopvapor.de\/ja\/wp-json\/wp\/v2\/product_brand?post=6722"},{"taxonomy":"product_cat","embeddable":true,"href":"https:\/\/shopvapor.de\/ja\/wp-json\/wp\/v2\/product_cat?post=6722"},{"taxonomy":"product_tag","embeddable":true,"href":"https:\/\/shopvapor.de\/ja\/wp-json\/wp\/v2\/product_tag?post=6722"}],"curies":[{"name":"wp","href":"https:\/\/api.w.org\/{rel}","templated":true}]}}