{"id":7385,"date":"2025-07-02T04:06:49","date_gmt":"2025-07-02T04:06:49","guid":{"rendered":"https:\/\/shopvapor.de\/?post_type=product&#038;p=7385"},"modified":"2025-07-15T09:16:33","modified_gmt":"2025-07-15T09:16:33","slug":"bang-king-pro-30000-30k-%e3%83%91%e3%83%95-%e4%bd%bf%e3%81%84%e6%8d%a8%e3%81%a6-e-%e3%82%bf%e3%83%90%e3%82%b3-%e3%82%aa%e3%83%aa%e3%82%b8%e3%83%8a%e3%83%ab","status":"publish","type":"product","link":"https:\/\/shopvapor.de\/ja\/product\/bang-king-pro-30000-30k-%e3%83%91%e3%83%95-%e4%bd%bf%e3%81%84%e6%8d%a8%e3%81%a6-e-%e3%82%bf%e3%83%90%e3%82%b3-%e3%82%aa%e3%83%aa%e3%82%b8%e3%83%8a%e3%83%ab\/","title":{"rendered":"Bang King Pro 30000 30K \u30d1\u30d5 \u4f7f\u3044\u6368\u3066\u96fb\u5b50\u30bf\u30d0\u30b3 \u30aa\u30ea\u30b8\u30ca\u30eb"},"content":{"rendered":"<h2>\u30d0\u30f3\u30ad\u30f3\u30b030k\u30d7\u30ed\u306e\u7d39\u4ecb<\/h2>\n<p>30000 \u30c8\u30ec\u30a4\u30f3\u306e Bang King 30K Pro \u306f\u3001\u8010\u4e45\u6027\u3001\u5f37\u70c8\u306a\u5473\u308f\u3044\u3001\u5b9f\u7528\u7684\u306a\u30cf\u30f3\u30c9\u30ea\u30f3\u30b0\u3092\u91cd\u8996\u3059\u308b\u8981\u6c42\u306e\u9ad8\u3044\u30e6\u30fc\u30b6\u30fc\u5411\u3051\u306b\u8a2d\u8a08\u3055\u308c\u305f\u5f37\u529b\u306a\u4f7f\u3044\u6368\u3066\u96fb\u5b50\u30bf\u30d0\u30b3 \u30c7\u30d0\u30a4\u30b9\u3067\u3059\u3002 36 ml \u306e\u5927\u91cf\u306e\u96fb\u5b50\u6db2\u4f53\u5bb9\u91cf\u3068\u9ad8\u54c1\u8cea\u306e\u30e1\u30c3\u30b7\u30e5 \u30b3\u30a4\u30eb\u3092\u5099\u3048\u305f\u3053\u306e\u30c7\u30d0\u30a4\u30b9\u306f\u3001\u6700\u5f8c\u306e\u52d5\u304d\u307e\u3067\u4e00\u5b9a\u306e\u5473\u3092\u63d0\u4f9b\u3057\u307e\u3059\u3002 \u5145\u96fb\u5f0f 850 mAh \u306e\u30d0\u30c3\u30c6\u30ea\u30fc\u3068\u76f4\u611f\u7684\u306a LCD \u30c7\u30a3\u30b9\u30d7\u30ec\u30a4\u306b\u3088\u308a\u3001\u4fe1\u983c\u6027\u304c\u9ad8\u304f\u30e6\u30fc\u30b6\u30fc\u30d5\u30ec\u30f3\u30c9\u30ea\u30fc\u306a\u4f7f\u7528\u304c\u53ef\u80fd\u306b\u306a\u308a\u307e\u3059\u3002 Bang King \u306f\u54c1\u8cea\u3068\u9769\u65b0\u6027\u3092\u8868\u3057\u3066\u304a\u308a\u300130K Pro \u306f\u3001\u305d\u306e\u5805\u7262\u306a\u69cb\u9020\u3068\u3001\u614e\u91cd\u306b\u53b3\u9078\u3055\u308c\u305f 12 \u7a2e\u985e\u306e\u30d5\u30ec\u30fc\u30d0\u30fc\u3092\u9078\u629e\u3059\u308b\u3053\u3068\u3067\u3001\u3053\u308c\u3089\u306e\u4fa1\u5024\u89b3\u3092\u4f53\u73fe\u3057\u3066\u3044\u307e\u3059\u3002<\/p>\n<h2>\u88fd\u54c1\u30d1\u30e9\u30e1\u30fc\u30bf\u30fc\u8a73\u7d30<\/h2>\n<p>Bang King 30K Pro \u306f\u3001\u9ad8\u5ea6\u306a\u30c6\u30af\u30ce\u30ed\u30b8\u30fc\u3068\u601d\u616e\u6df1\u3044\u30c7\u30b6\u30a4\u30f3\u3092\u7d44\u307f\u5408\u308f\u305b\u3066\u3001\u9577\u6301\u3061\u3059\u308b\u4e0a\u54c1\u306a\u4f7f\u7528\u3092\u4fdd\u8a3c\u3057\u307e\u3059\u3002 \u4ee5\u4e0b\u306f\u3001\u6280\u8853\u4ed5\u69d8\u3068\u305d\u306e\u5229\u70b9\u306e\u8a73\u7d30\u306a\u6982\u8981\u3067\u3059\u3002<\/p>\n<h3>\u5217\u8eca\u306e\u6570: \u6700\u5927 30000 \u5217\u8eca<\/h3>\n<p>\u6700\u5927 30000 \u5217\u306e\u5217\u8eca\u306e\u5370\u8c61\u7684\u306a\u5bb9\u91cf\u3092\u6301\u3064 Bang King 30k Pro \u306f\u3001\u975e\u5e38\u306b\u9577\u3044\u8010\u7528\u5e74\u6570\u3092\u63d0\u4f9b\u3057\u307e\u3059\u3002 \u3053\u306e\u6570\u304c\u591a\u3044\u305f\u3081\u3001\u3053\u306e\u30c7\u30d0\u30a4\u30b9\u306f\u3001\u983b\u7e41\u306b\u4ea4\u63db\u3059\u308b\u3053\u3068\u306a\u304f\u8010\u4e45\u6027\u306e\u3042\u308b\u88fd\u54c1\u3092\u63a2\u3057\u3066\u3044\u308b\u30e6\u30fc\u30b6\u30fc\u306b\u3068\u3063\u3066\u7406\u60f3\u7684\u3067\u3059\u3002 \u6700\u7d42\u5217\u8eca\u307e\u3067\u306e\u4e00\u8cab\u3057\u305f\u30d1\u30d5\u30a9\u30fc\u30de\u30f3\u30b9\u306b\u3088\u308a\u3001Bang King 30k Pro \u306f\u4ed6\u306e\u4f7f\u3044\u6368\u3066\u96fb\u5b50\u30bf\u30d0\u30b3\u3068\u306f\u4e00\u7dda\u3092\u753b\u3057\u3066\u3044\u307e\u3059\u3002<\/p>\n<h3>E\u30ea\u30ad\u30c3\u30c9\u5bb9\u91cf\uff1a36ml<\/h3>\n<p>36 ml \u306e\u5927\u91cf\u306e\u96fb\u5b50\u6db2\u4f53\u5bb9\u91cf\u306b\u3088\u308a\u3001\u88dc\u5145\u3057\u306a\u304f\u3066\u3082\u9577\u6642\u9593\u4f7f\u7528\u3067\u304d\u307e\u3059\u3002 \u3053\u306e\u5bb9\u91cf\u306b\u3088\u308a\u3001\u30d5\u30ec\u30fc\u30d0\u30fc\u306e\u5f37\u5ea6\u304c\u30c7\u30d0\u30a4\u30b9\u306e\u5168\u5bff\u547d\u306b\u308f\u305f\u3063\u3066\u7dad\u6301\u3055\u308c\u308b\u3053\u3068\u304c\u4fdd\u8a3c\u3055\u308c\u3001\u30e6\u30fc\u30b6\u30fc\u306f\u304a\u6c17\u306b\u5165\u308a\u306e\u30d5\u30ec\u30fc\u30d0\u30fc\u3092\u9577\u671f\u9593\u306b\u308f\u305f\u3063\u3066\u697d\u3057\u3080\u3053\u3068\u304c\u3067\u304d\u307e\u3059\u3002<\/p>\n<h3>\u30cb\u30b3\u30c1\u30f3\u306e\u5f37\u3055\uff1a0 %\u30012 %\u30013 %\u30015 %<\/h3>\n<p>Bang King 30k Pro \u306f\u3001\u30e6\u30fc\u30b6\u30fc\u306e\u500b\u4eba\u306e\u597d\u307f\u306b\u5408\u308f\u305b\u3066\u30014 \u3064\u306e\u30cb\u30b3\u30c1\u30f3\u5f37\u5ea6 (0 %\u30012 %\u30013 %\u30015 %) \u3067\u5229\u7528\u3067\u304d\u307e\u3059\u3002 \u30cb\u30b3\u30c1\u30f3\u3092\u542b\u307e\u306a\u3044\u30aa\u30d7\u30b7\u30e7\u30f3\u304b\u3089\u3088\u308a\u5f37\u3044\u6fc3\u5ea6\u307e\u3067\u3001\u3053\u306e\u30c7\u30d0\u30a4\u30b9\u306f\u67d4\u8edf\u6027\u3092\u63d0\u4f9b\u3059\u308b\u305f\u3081\u3001\u3059\u3079\u3066\u306e\u30e6\u30fc\u30b6\u30fc\u304c\u9069\u5207\u306a\u5f37\u5ea6\u3092\u9078\u629e\u3067\u304d\u307e\u3059\u3002<\/p>\n<h3>\u30d0\u30c3\u30c6\u30ea\u30fc: 850 mAh\u3001Type-C \u7d4c\u7531\u3067\u5145\u96fb\u53ef\u80fd<\/h3>\n<p>\u5f37\u529b\u306a 850 mAh \u30d0\u30c3\u30c6\u30ea\u30fc\u306b\u3088\u308a\u3001\u8010\u7528\u5e74\u6570\u5168\u4f53\u306b\u308f\u305f\u3063\u3066\u4fe1\u983c\u6027\u306e\u9ad8\u3044\u96fb\u6e90\u304c\u4f9b\u7d66\u3055\u308c\u307e\u3059\u3002 Type-C \u306e\u5145\u96fb\u6a5f\u80fd\u306b\u3088\u308a\u3001\u8fc5\u901f\u304b\u3064\u52b9\u7387\u7684\u306a\u5145\u96fb\u304c\u53ef\u80fd\u306b\u306a\u308a\u3001\u30c0\u30a6\u30f3\u30bf\u30a4\u30e0\u304c\u6700\u5c0f\u9650\u306b\u6291\u3048\u3089\u308c\u307e\u3059\u3002 \u9ad8\u30d0\u30c3\u30c6\u30ea\u30fc\u5bb9\u91cf\u3068\u6700\u65b0\u306e\u5145\u96fb\u6280\u8853\u306e\u7d44\u307f\u5408\u308f\u305b\u306b\u3088\u308a\u3001Bang King 30K Pro \u306f\u7279\u306b\u5b9f\u7528\u7684\u3067\u3059\u3002<\/p>\n<h3>\u30b3\u30a4\u30eb: 1.0ohm \u30e1\u30c3\u30b7\u30e5 \u30b3\u30a4\u30eb<\/h3>\n<p>\u7d71\u5408\u3055\u308c\u305f 1.0 \u30aa\u30fc\u30e0 \u30e1\u30c3\u30b7\u30e5 \u30b3\u30a4\u30eb\u306f\u3001\u6e29\u6696\u5316\u3068\u6700\u9069\u306a\u30d5\u30ec\u30fc\u30d0\u30fc\u306e\u958b\u767a\u3092\u4fdd\u8a3c\u3057\u307e\u3059\u3002 \u3053\u306e\u6280\u8853\u306b\u3088\u308a\u3001\u9ad8\u5bc6\u5ea6\u3067\u82b3\u9999\u306e\u3042\u308b\u84b8\u6c17\u3068\u3001\u96c6\u4e2d\u7684\u306a\u4f7f\u7528\u3067\u3082\u3001\u3069\u3093\u306a\u97f3\u306e\u5473\u3092\u6b63\u78ba\u306b\u5f37\u8abf\u3059\u308b\u304b\u3092\u4fdd\u8a3c\u3057\u307e\u3059\u3002<\/p>\n<h3>LCD \u30c7\u30a3\u30b9\u30d7\u30ec\u30a4: \u30ea\u30a2\u30eb\u30bf\u30a4\u30e0\u60c5\u5831<\/h3>\n<p>\u9769\u65b0\u7684\u306a LCD \u30c7\u30a3\u30b9\u30d7\u30ec\u30a4\u306f\u3001\u30d0\u30c3\u30c6\u30ea\u30fc \u30ec\u30d9\u30eb\u3068\u96fb\u5b50\u6db2\u4f53\u30ec\u30d9\u30eb\u3092\u30ea\u30a2\u30eb\u30bf\u30a4\u30e0\u3067\u30e6\u30fc\u30b6\u30fc\u306b\u77e5\u3089\u305b\u307e\u3059\u3002 \u3053\u306e\u6a5f\u80fd\u306b\u3088\u308a\u3001\u30e6\u30fc\u30b6\u30fc\u306f\u3044\u3064\u3067\u3082\u30c7\u30d0\u30a4\u30b9\u306e\u30b9\u30c6\u30fc\u30bf\u30b9\u3092\u30c1\u30a7\u30c3\u30af\u3057\u3066\u3001\u4e2d\u65ad\u3055\u308c\u306a\u3044\u4f7f\u7528\u3092\u78ba\u8a8d\u3067\u304d\u308b\u305f\u3081\u3001\u4f7f\u3044\u3084\u3059\u3055\u304c\u5411\u4e0a\u3057\u307e\u3059\u3002<\/p>\n<h3>\u6c17\u6d41: \u8abf\u6574\u53ef\u80fd<\/h3>\n<p>\u8abf\u6574\u53ef\u80fd\u306a\u6c17\u6d41\u306b\u3088\u308a\u3001\u30e6\u30fc\u30b6\u30fc\u306f\u5217\u8eca\u306e\u5f37\u5ea6\u3092\u30ab\u30b9\u30bf\u30de\u30a4\u30ba\u3067\u304d\u307e\u3059\u3002 \u3053\u306e\u6a5f\u80fd\u306f\u3001\u3088\u308a\u5f37\u70c8\u306a\u5473\u3092\u5f97\u308b\u305f\u3081\u306b\u7de9\u3044\u5217\u8eca\u3067\u3042\u308d\u3046\u3068\u3001\u3088\u308a\u9ad8\u5bc6\u5ea6\u306e\u84b8\u6c17\u751f\u6210\u306e\u305f\u3081\u306e\u3088\u308a\u304d\u3064\u3044\u5f15\u529b\u3067\u3042\u308d\u3046\u3068\u3001\u3055\u307e\u3056\u307e\u306a\u597d\u307f\u306b\u67d4\u8edf\u306b\u5bfe\u5fdc\u3057\u307e\u3059\u3002<\/p>\n<h2>\u5473<\/h2>\n<p>Bang King 30k Pro \u306f\u3001\u3055\u307e\u3056\u307e\u306a\u597d\u307f\u306b\u5408\u308f\u305b\u3066\u30c7\u30b6\u30a4\u30f3\u3055\u308c\u305f 12 \u7a2e\u985e\u306e\u30e6\u30cb\u30fc\u30af\u306a\u30d5\u30ec\u30fc\u30d0\u30fc\u3092\u63d0\u4f9b\u3057\u307e\u3059\u3002 \u305d\u308c\u305e\u308c\u306e\u30d5\u30ec\u30fc\u30d0\u30fc\u306f\u3001\u30d0\u30e9\u30f3\u30b9\u306e\u53d6\u308c\u305f\u3001\u305d\u3057\u3066\u5f37\u70c8\u306a\u7a2e\u985e\u306e\u30d5\u30ec\u30fc\u30d0\u30fc\u3092\u63d0\u4f9b\u3059\u308b\u305f\u3081\u306b\u614e\u91cd\u306b\u69cb\u6210\u3055\u308c\u3066\u3044\u307e\u3059\u3002<\/p>\n<ul>\n<li><strong>\u30b9\u30c8\u30ed\u30d9\u30ea\u30fc\u30fb\u30b9\u30a4\u30ab<\/strong>\u30a4\u30c1\u30b4\u3068\u30b9\u30a4\u30ab\u306e\u723d\u3084\u304b\u306a\u30df\u30c3\u30af\u30b9\u3002<\/li>\n<li><strong>\u30d6\u30eb\u30fc\u30d9\u30ea\u30fc\u30a2\u30a4\u30b9<\/strong>: \u30b8\u30e5\u30fc\u30b7\u30fc\u306a\u30d6\u30eb\u30fc\u30d9\u30ea\u30fc\u3068\u51b7\u305f\u3044\u30e1\u30f3\u30c8\u30fc\u30eb\u3002<\/li>\n<li><strong>\u30d5\u30ec\u30c3\u30b7\u30e5\u30df\u30f3\u30c8<\/strong>: \u723d\u3084\u304b\u306a\u30df\u30f3\u30c8\u306e\u5473\u308f\u3044\u3067\u3001\u723d\u5feb\u306a\u4f53\u9a13\u3092\u63d0\u4f9b\u3057\u307e\u3059\u3002<\/li>\n<li><strong>\u30b9\u30c8\u30ed\u30d9\u30ea\u30fc\u30b0\u30ec\u30fc\u30d7<\/strong>: \u30d5\u30eb\u30fc\u30c6\u30a3\u30fc\u306a\u4f53\u9a13\u306e\u305f\u3081\u306e\u30a4\u30c1\u30b4\u3068\u7518\u3044\u30d6\u30c9\u30a6\u3002<\/li>\n<li><strong>\u30d6\u30eb\u30fc\u30d9\u30ea\u30fc\u30af\u30e9\u30f3\u30d9\u30ea\u30fc\u30c1\u30a7\u30ea\u30fc<\/strong>: \u8907\u96d1\u306a\u6df7\u5408\u7269\u306e\u30d6\u30eb\u30fc\u30d9\u30ea\u30fc\u3001\u30af\u30e9\u30f3\u30d9\u30ea\u30fc\u3001\u30c1\u30a7\u30ea\u30fc\u3002<\/li>\n<li><strong>\u30b9\u30a4\u30ab<\/strong>: \u7d14\u7c8b\u306a\u30b9\u30a4\u30ab\u306e\u98a8\u5473\u304c\u81ea\u7136\u306a\u7518\u3055\u3002<\/li>\n<li><strong>\u30b9\u30c8\u30ed\u30d9\u30ea\u30fc\u30fb\u30ad\u30a6\u30a4<\/strong>: \u30a4\u30c1\u30b4\u306e\u30b8\u30e5\u30fc\u30b7\u30fc\u306a\u30ad\u30a6\u30a4\u3092\u6dfb\u3048\u305f\u30a4\u30c1\u30b4\u3002<\/li>\n<li><strong>\u30df\u30f3\u30c8\u30d6\u30eb\u30fc\u306e\u30e9\u30ba<\/strong>: \u30df\u30f3\u30c8\u306b\u7518\u9178\u3063\u3071\u3044\u30e9\u30ba\u30d9\u30ea\u30fc\u3068\u30da\u30a2\u3002<\/li>\n<li><strong>\u30c8\u30ea\u30d7\u30eb\u30d9\u30ea\u30fc<\/strong>: 3 \u3064\u306e\u30d9\u30ea\u30fc\u3092\u30df\u30c3\u30af\u30b9\u3057\u3066\u3001\u5f37\u70c8\u306a\u5473\u308f\u3044\u306b\u3057\u307e\u3059\u3002<\/li>\n<li><strong>\u30b9\u30a4\u30ab\u30c1\u30a7\u30ea\u30fc<\/strong>: \u30b9\u30a4\u30ab\u3068\u30b8\u30e5\u30fc\u30b7\u30fc\u306a\u30c1\u30a7\u30ea\u30fc\u3002<\/li>\n<li><strong>\u30e9\u30ba\u30d9\u30ea\u30fc\u30c0\u30fc\u30af\u30b9\u30d1\u30fc\u30af\u30eb<\/strong>: \u30ad\u30e9\u30ad\u30e9\u3057\u305f\u30e9\u30ba\u30d9\u30ea\u30fc\u306b\u3001\u30c0\u30fc\u30af\u3067\u30d5\u30eb\u30fc\u30c6\u30a3\u30fc\u306a\u9999\u308a\u304c\u3057\u307e\u3059\u3002<\/li>\n<li><strong>\u30d6\u30eb\u30fc\u30d9\u30ea\u30fc\u30fb\u30e9\u30ba\u30d9\u30ea\u30fc<\/strong>: \u30d6\u30eb\u30fc\u30d9\u30ea\u30fc\u3068\u30b8\u30e5\u30fc\u30b7\u30fc\u306a\u30e9\u30ba\u30d9\u30ea\u30fc\u3092\u7d44\u307f\u5408\u308f\u305b\u305f\u3082\u306e\u3002<\/li>\n<\/ul>\n<h2>\u3088\u304f\u3042\u308b\u8cea\u554f (FAQ)<\/h2>\n<p>\u3053\u3053\u3067\u306f\u3001\u30c7\u30d0\u30a4\u30b9\u306e\u6700\u9069\u306a\u4f7f\u7528\u306b\u5f79\u7acb\u3064\u6700\u3082\u4e00\u822c\u7684\u306a Bang King 30k Pro \u306e\u8cea\u554f\u306b\u7b54\u3048\u307e\u3059\u3002<\/p>\n<p><strong>Bang King 30k Pro \u30d0\u30c3\u30c6\u30ea\u30fc\u306e\u5bff\u547d\u306f?<\/strong><br \/>\n850 mAh \u306e\u30d0\u30c3\u30c6\u30ea\u30fc\u306f\u9577\u5bff\u547d\u3067\u3001\u5217\u8eca\u306e\u983b\u5ea6\u306b\u5fdc\u3058\u3066\u6570\u65e5\u9593\u306e\u96c6\u4e2d\u7684\u306a\u4f7f\u7528\u3092\u30b5\u30dd\u30fc\u30c8\u3057\u307e\u3059\u3002 Type-C \u306e\u5145\u96fb\u6a5f\u80fd\u306b\u3088\u308a\u3001\u5145\u96fb\u306f\u9ad8\u901f\u304b\u3064\u52b9\u7387\u7684\u3067\u3059\u3002<\/p>\n<p><strong>\u4f7f\u7528\u4e2d\u306b\u5473\u3092\u5909\u3048\u308b\u3053\u3068\u306f\u3067\u304d\u307e\u3059\u304b\uff1f<\/strong><br \/>\nBang King 30K Pro \u306f\u3001\u30c7\u30d0\u30a4\u30b9\u3054\u3068\u306b 1 \u3064\u306e\u30d5\u30ec\u30fc\u30d0\u30fc\u3092\u60f3\u5b9a\u3057\u3066\u8a2d\u8a08\u3055\u308c\u3066\u304a\u308a\u3001\u4e00\u8cab\u3057\u305f\u5f37\u70c8\u306a\u30d5\u30ec\u30fc\u30d0\u30fc\u54c1\u8cea\u3092\u4fdd\u8a3c\u3057\u307e\u3059\u3002 \u30c7\u30e5\u30a2\u30eb\u30d5\u30ec\u30fc\u30d0\u30fc\u30b7\u30b9\u30c6\u30e0\u306f\u3042\u308a\u307e\u305b\u3093\u3002<\/p>\n<p><strong>\u96fb\u5b50\u6db2\u4f53\u3092\u4f7f\u3044\u5207\u308b\u3068\u3069\u3046\u306a\u308b\u306e?<\/strong><br \/>\n36 ml \u306e\u96fb\u5b50\u6db2\u4f53\u304c\u6d88\u8cbb\u3055\u308c\u308b\u3068\u3001\u30c7\u30d0\u30a4\u30b9\u3092\u88dc\u5145\u3067\u304d\u307e\u305b\u3093\u3002 \u4f7f\u3044\u6368\u3066\u96fb\u5b50\u30bf\u30d0\u30b3\u3068\u3057\u3066\u8a2d\u8a08\u3055\u308c\u3066\u304a\u308a\u3001\u4f7f\u7528\u5f8c\u306b\u5ec3\u68c4\u3059\u308b\u5fc5\u8981\u304c\u3042\u308a\u307e\u3059\u3002<\/p>\n<p><strong>LCD \u30c7\u30a3\u30b9\u30d7\u30ec\u30a4\u306f\u5e38\u306b\u30a2\u30af\u30c6\u30a3\u30d6\u3067\u3059\u304b?<\/strong><br \/>\n\u30c7\u30d0\u30a4\u30b9\u3092\u4f7f\u7528\u3059\u308b\u3068 LCD \u30c7\u30a3\u30b9\u30d7\u30ec\u30a4\u304c\u30a2\u30af\u30c6\u30a3\u30d6\u306b\u306a\u308a\u3001\u73fe\u5728\u306e\u30d0\u30c3\u30c6\u30ea\u30fc \u30ec\u30d9\u30eb\u3068\u30ea\u30ad\u30c3\u30c9 \u30ec\u30d9\u30eb\u304c\u8868\u793a\u3055\u308c\u307e\u3059\u3002 \u30d0\u30c3\u30c6\u30ea\u30fc\u306e\u5bff\u547d\u3092\u6700\u5927\u5316\u3059\u308b\u305f\u3081\u306b\u30a8\u30cd\u30eb\u30ae\u30fc\u3092\u7bc0\u7d04\u3059\u308b\u3088\u3046\u306b\u8a2d\u8a08\u3055\u308c\u3066\u3044\u307e\u3059\u3002<\/p>\n<p><strong>\u6c17\u6d41\u3092\u8abf\u6574\u3059\u308b\u306b\u306f\u3069\u3046\u3059\u308c\u3070\u3088\u3044\u3067\u3059\u304b?<\/strong><br \/>\n\u6c17\u6d41\u306f\u3001\u30c7\u30d0\u30a4\u30b9\u306e\u9069\u5207\u306a\u30b3\u30f3\u30c8\u30ed\u30fc\u30e9\u30fc\u3092\u56de\u3059\u3053\u3068\u3067\u8abf\u6574\u3067\u304d\u307e\u3059\u3002 \u3053\u308c\u306b\u3088\u308a\u3001\u6700\u9069\u306a\u4f53\u9a13\u3092\u5f97\u308b\u305f\u3081\u306b\u3001\u5f15\u3063\u5f35\u308a\u62b5\u6297\u3092\u500b\u5225\u306b\u8abf\u6574\u3067\u304d\u307e\u3059\u3002<\/p>\n<p><strong>\u3059\u3079\u3066\u306e\u30d5\u30ec\u30fc\u30d0\u30fc\u306f\u3001\u3059\u3079\u3066\u306e\u30cb\u30b3\u30c1\u30f3\u5f37\u5ea6\u3067\u5229\u7528\u3067\u304d\u307e\u3059\u304b?<\/strong><br \/>\n\u306f\u3044\u300112 \u7a2e\u985e\u306e\u30d5\u30ec\u30fc\u30d0\u30fc\u306f\u3059\u3079\u3066\u30cb\u30b3\u30c1\u30f3\u5f37\u5ea6 0 %\u30012 %\u30013 %\u30015 % \u3067\u3054\u5229\u7528\u3044\u305f\u3060\u3051\u307e\u3059\u3002\u304a\u597d\u307f\u306e\u7d44\u307f\u5408\u308f\u305b\u3092\u81ea\u7531\u306b\u9078\u629e\u3067\u304d\u307e\u3059\u3002<\/p>\n<p><strong>Bang King 30k Pro \u306e\u5ec3\u68c4\u65b9\u6cd5\u3092\u6559\u3048\u3066\u304f\u3060\u3055\u3044\u3002<\/strong><br \/>\n\u30c7\u30d0\u30a4\u30b9\u306b\u306f\u30d0\u30c3\u30c6\u30ea\u30fc\u304c\u542b\u307e\u308c\u3066\u3044\u308b\u305f\u3081\u3001\u5730\u5143\u306e\u96fb\u5b50\u5ec3\u68c4\u7269\u306e\u898f\u5236\u306b\u5f93\u3063\u3066\u5ec3\u68c4\u3059\u308b\u5fc5\u8981\u304c\u3042\u308a\u307e\u3059\u3002 \u5bb6\u5ead\u3054\u307f\u306b\u6368\u3066\u306a\u3044\u3067\u304f\u3060\u3055\u3044\u3002<\/p>","protected":false},"excerpt":{"rendered":"<p dir=\"auto\">Bang King 30k Pro: 30000 \u30dd\u30f3\u30c9\u306e\u4f7f\u3044\u6368\u3066\u96fb\u5b50\u30bf\u30d0\u30b3\u300136 ml \u96fb\u5b50\u6db2\u4f53\u3001850 mAh \u30d0\u30c3\u30c6\u30ea\u30fc (\u30bf\u30a4\u30d7 C)\u3001\u30e1\u30c3\u30b7\u30e5 \u30b3\u30a4\u30eb\u3001\u8abf\u6574\u53ef\u80fd\u306a\u30a8\u30a2\u30d5\u30ed\u30fc\u3001LCD \u30c7\u30a3\u30b9\u30d7\u30ec\u30a4\u3002 12 \u7a2e\u985e\u306e\u30d5\u30ec\u30fc\u30d0\u30fc\u3068 0-5% \u30cb\u30b3\u30c1\u30f3\u5f37\u5ea6\u304c\u3042\u308a\u307e\u3059\u3002<\/p>","protected":false},"featured_media":7394,"comment_status":"open","ping_status":"closed","template":"","meta":[],"product_brand":[1180],"product_cat":[1167],"product_tag":[958,960],"class_list":{"0":"post-7385","1":"product","2":"type-product","3":"status-publish","4":"has-post-thumbnail","6":"product_brand-bang","7":"product_cat-30000-puffs","8":"product_tag-21k30kpuffs","9":"product_tag-30k-puffs","11":"first","12":"instock","13":"sale","14":"shipping-taxable","15":"purchasable","16":"product-type-variable"},"yoast_head":"<!-- This site is optimized with the Yoast SEO plugin v25.8 - https:\/\/yoast.com\/wordpress\/plugins\/seo\/ -->\n<title>Bang King Pro 30000 30K Puffs Einweg-E-Zigarette Original - ShopVapor<\/title>\n<meta name=\"description\" content=\"Bang King 30K Pro: Einweg-E-Zigarette mit 30000 Z\u00fcgen, 36 ml E-Liquid, 850-mAh-Akku (Typ-C), Mesh-Spule, einstellbarem Luftstrom und LCD-Anzeige. Erh\u00e4ltlich in 12 Geschmacksrichtungen und 0-5% Nikotinst\u00e4rken.\" \/>\n<meta name=\"robots\" content=\"index, follow, max-snippet:-1, max-image-preview:large, max-video-preview:-1\" \/>\n<link rel=\"canonical\" href=\"https:\/\/shopvapor.de\/ja\/product\/bang-king-pro-30000-30k-\u30d1\u30d5-\u4f7f\u3044\u6368\u3066-e-\u30bf\u30d0\u30b3-\u30aa\u30ea\u30b8\u30ca\u30eb\/\" \/>\n<meta property=\"og:locale\" content=\"ja_JP\" \/>\n<meta property=\"og:type\" content=\"article\" \/>\n<meta property=\"og:title\" content=\"Bang King Pro 30000 30K Puffs Einweg-E-Zigarette Original - ShopVapor\" \/>\n<meta property=\"og:description\" content=\"Bang King 30K Pro: Einweg-E-Zigarette mit 30000 Z\u00fcgen, 36 ml E-Liquid, 850-mAh-Akku (Typ-C), Mesh-Spule, einstellbarem Luftstrom und LCD-Anzeige. Erh\u00e4ltlich in 12 Geschmacksrichtungen und 0-5% Nikotinst\u00e4rken.\" \/>\n<meta property=\"og:url\" content=\"https:\/\/shopvapor.de\/ja\/product\/bang-king-pro-30000-30k-\u30d1\u30d5-\u4f7f\u3044\u6368\u3066-e-\u30bf\u30d0\u30b3-\u30aa\u30ea\u30b8\u30ca\u30eb\/\" \/>\n<meta property=\"og:site_name\" content=\"ShopVapor\" \/>\n<meta property=\"article:modified_time\" content=\"2025-07-15T09:16:33+00:00\" \/>\n<meta property=\"og:image\" content=\"https:\/\/shopvapor.de\/wp-content\/uploads\/2025\/07\/bang-king-pro-30000-30k-puffs-einweg-e-zigarette-original-7.webp\" \/>\n\t<meta property=\"og:image:width\" content=\"1000\" \/>\n\t<meta property=\"og:image:height\" content=\"1000\" \/>\n\t<meta property=\"og:image:type\" content=\"image\/webp\" \/>\n<meta name=\"twitter:card\" content=\"summary_large_image\" \/>\n<meta name=\"twitter:label1\" content=\"\u63a8\u5b9a\u8aad\u307f\u53d6\u308a\u6642\u9593\" \/>\n\t<meta name=\"twitter:data1\" content=\"4\u5206\" \/>\n<!-- \/ Yoast SEO plugin. -->","yoast_head_json":{"title":"Bang King Pro 30000 30K \u30d1\u30d5 \u4f7f\u3044\u6368\u3066\u96fb\u5b50\u30bf\u30d0\u30b3 \u30aa\u30ea\u30b8\u30ca\u30eb - ShopVapor","description":"Bang King 30k Pro: 30000 \u30dd\u30f3\u30c9\u306e\u4f7f\u3044\u6368\u3066\u96fb\u5b50\u30bf\u30d0\u30b3\u300136 ml \u96fb\u5b50\u6db2\u4f53\u3001850 mAh \u30d0\u30c3\u30c6\u30ea\u30fc (\u30bf\u30a4\u30d7 C)\u3001\u30e1\u30c3\u30b7\u30e5 \u30b3\u30a4\u30eb\u3001\u8abf\u6574\u53ef\u80fd\u306a\u30a8\u30a2\u30d5\u30ed\u30fc\u3001LCD \u30c7\u30a3\u30b9\u30d7\u30ec\u30a4\u3002 12 \u7a2e\u985e\u306e\u30d5\u30ec\u30fc\u30d0\u30fc\u3068 0-5% \u30cb\u30b3\u30c1\u30f3\u5f37\u5ea6\u304c\u3042\u308a\u307e\u3059\u3002","robots":{"index":"index","follow":"follow","max-snippet":"max-snippet:-1","max-image-preview":"max-image-preview:large","max-video-preview":"max-video-preview:-1"},"canonical":"https:\/\/shopvapor.de\/ja\/product\/bang-king-pro-30000-30k-\u30d1\u30d5-\u4f7f\u3044\u6368\u3066-e-\u30bf\u30d0\u30b3-\u30aa\u30ea\u30b8\u30ca\u30eb\/","og_locale":"ja_JP","og_type":"article","og_title":"Bang King Pro 30000 30K Puffs Einweg-E-Zigarette Original - ShopVapor","og_description":"Bang King 30K Pro: Einweg-E-Zigarette mit 30000 Z\u00fcgen, 36 ml E-Liquid, 850-mAh-Akku (Typ-C), Mesh-Spule, einstellbarem Luftstrom und LCD-Anzeige. Erh\u00e4ltlich in 12 Geschmacksrichtungen und 0-5% Nikotinst\u00e4rken.","og_url":"https:\/\/shopvapor.de\/ja\/product\/bang-king-pro-30000-30k-\u30d1\u30d5-\u4f7f\u3044\u6368\u3066-e-\u30bf\u30d0\u30b3-\u30aa\u30ea\u30b8\u30ca\u30eb\/","og_site_name":"ShopVapor","article_modified_time":"2025-07-15T09:16:33+00:00","og_image":[{"width":1000,"height":1000,"url":"https:\/\/shopvapor.de\/wp-content\/uploads\/2025\/07\/bang-king-pro-30000-30k-puffs-einweg-e-zigarette-original-7.webp","type":"image\/webp"}],"twitter_card":"summary_large_image","twitter_misc":{"\u63a8\u5b9a\u8aad\u307f\u53d6\u308a\u6642\u9593":"4\u5206"},"schema":{"@context":"https:\/\/schema.org","@graph":[{"@type":"WebPage","@id":"https:\/\/shopvapor.de\/produkt\/bang-king-pro-30000-30k-puffs-einweg-e-zigarette-original\/","url":"https:\/\/shopvapor.de\/produkt\/bang-king-pro-30000-30k-puffs-einweg-e-zigarette-original\/","name":"Bang King Pro 30000 30K \u30d1\u30d5 \u4f7f\u3044\u6368\u3066\u96fb\u5b50\u30bf\u30d0\u30b3 \u30aa\u30ea\u30b8\u30ca\u30eb - ShopVapor","isPartOf":{"@id":"https:\/\/shopvapor.de\/#website"},"primaryImageOfPage":{"@id":"https:\/\/shopvapor.de\/produkt\/bang-king-pro-30000-30k-puffs-einweg-e-zigarette-original\/#primaryimage"},"image":{"@id":"https:\/\/shopvapor.de\/produkt\/bang-king-pro-30000-30k-puffs-einweg-e-zigarette-original\/#primaryimage"},"thumbnailUrl":"https:\/\/shopvapor.de\/wp-content\/uploads\/2025\/07\/bang-king-pro-30000-30k-puffs-einweg-e-zigarette-original-7.webp","datePublished":"2025-07-02T04:06:49+00:00","dateModified":"2025-07-15T09:16:33+00:00","description":"Bang King 30k Pro: 30000 \u30dd\u30f3\u30c9\u306e\u4f7f\u3044\u6368\u3066\u96fb\u5b50\u30bf\u30d0\u30b3\u300136 ml \u96fb\u5b50\u6db2\u4f53\u3001850 mAh \u30d0\u30c3\u30c6\u30ea\u30fc (\u30bf\u30a4\u30d7 C)\u3001\u30e1\u30c3\u30b7\u30e5 \u30b3\u30a4\u30eb\u3001\u8abf\u6574\u53ef\u80fd\u306a\u30a8\u30a2\u30d5\u30ed\u30fc\u3001LCD \u30c7\u30a3\u30b9\u30d7\u30ec\u30a4\u3002 12 \u7a2e\u985e\u306e\u30d5\u30ec\u30fc\u30d0\u30fc\u3068 0-5% \u30cb\u30b3\u30c1\u30f3\u5f37\u5ea6\u304c\u3042\u308a\u307e\u3059\u3002","breadcrumb":{"@id":"https:\/\/shopvapor.de\/produkt\/bang-king-pro-30000-30k-puffs-einweg-e-zigarette-original\/#breadcrumb"},"inLanguage":"ja","potentialAction":[{"@type":"ReadAction","target":["https:\/\/shopvapor.de\/produkt\/bang-king-pro-30000-30k-puffs-einweg-e-zigarette-original\/"]}]},{"@type":"ImageObject","inLanguage":"ja","@id":"https:\/\/shopvapor.de\/produkt\/bang-king-pro-30000-30k-puffs-einweg-e-zigarette-original\/#primaryimage","url":"https:\/\/shopvapor.de\/wp-content\/uploads\/2025\/07\/bang-king-pro-30000-30k-puffs-einweg-e-zigarette-original-7.webp","contentUrl":"https:\/\/shopvapor.de\/wp-content\/uploads\/2025\/07\/bang-king-pro-30000-30k-puffs-einweg-e-zigarette-original-7.webp","width":1000,"height":1000},{"@type":"BreadcrumbList","@id":"https:\/\/shopvapor.de\/produkt\/bang-king-pro-30000-30k-puffs-einweg-e-zigarette-original\/#breadcrumb","itemListElement":[{"@type":"ListItem","position":1,"name":"Startseite","item":"https:\/\/shopvapor.de\/"},{"@type":"ListItem","position":2,"name":"Shop","item":"https:\/\/shopvapor.de\/shop\/"},{"@type":"ListItem","position":3,"name":"Bang King Pro 30000 30K Puffs Einweg-E-Zigarette Original"}]},{"@type":"WebSite","@id":"https:\/\/shopvapor.de\/#website","url":"https:\/\/shopvapor.de\/","name":"\u30b7\u30e7\u30c3\u30d7\u30d9\u30fc\u30d1\u30fc","description":"","potentialAction":[{"@type":"SearchAction","target":{"@type":"EntryPoint","urlTemplate":"https:\/\/shopvapor.de\/?s={search_term_string}"},"query-input":{"@type":"PropertyValueSpecification","valueRequired":true,"valueName":"search_term_string"}}],"inLanguage":"ja"}]}},"_links":{"self":[{"href":"https:\/\/shopvapor.de\/ja\/wp-json\/wp\/v2\/product\/7385","targetHints":{"allow":["GET"]}}],"collection":[{"href":"https:\/\/shopvapor.de\/ja\/wp-json\/wp\/v2\/product"}],"about":[{"href":"https:\/\/shopvapor.de\/ja\/wp-json\/wp\/v2\/types\/product"}],"replies":[{"embeddable":true,"href":"https:\/\/shopvapor.de\/ja\/wp-json\/wp\/v2\/comments?post=7385"}],"version-history":[{"count":1,"href":"https:\/\/shopvapor.de\/ja\/wp-json\/wp\/v2\/product\/7385\/revisions"}],"predecessor-version":[{"id":11421,"href":"https:\/\/shopvapor.de\/ja\/wp-json\/wp\/v2\/product\/7385\/revisions\/11421"}],"wp:featuredmedia":[{"embeddable":true,"href":"https:\/\/shopvapor.de\/ja\/wp-json\/wp\/v2\/media\/7394"}],"wp:attachment":[{"href":"https:\/\/shopvapor.de\/ja\/wp-json\/wp\/v2\/media?parent=7385"}],"wp:term":[{"taxonomy":"product_brand","embeddable":true,"href":"https:\/\/shopvapor.de\/ja\/wp-json\/wp\/v2\/product_brand?post=7385"},{"taxonomy":"product_cat","embeddable":true,"href":"https:\/\/shopvapor.de\/ja\/wp-json\/wp\/v2\/product_cat?post=7385"},{"taxonomy":"product_tag","embeddable":true,"href":"https:\/\/shopvapor.de\/ja\/wp-json\/wp\/v2\/product_tag?post=7385"}],"curies":[{"name":"wp","href":"https:\/\/api.w.org\/{rel}","templated":true}]}}