{"id":7713,"date":"2025-07-02T04:09:41","date_gmt":"2025-07-02T04:09:41","guid":{"rendered":"https:\/\/shopvapor.de\/?post_type=product&#038;p=7713"},"modified":"2025-07-15T09:12:18","modified_gmt":"2025-07-15T09:12:18","slug":"bang-starry-25000-25k-%e3%83%91%e3%83%95-%e4%bd%bf%e3%81%84%e6%8d%a8%e3%81%a6-e-%e3%82%bf%e3%83%90%e3%82%b3-3d-%e6%9b%b2%e9%9d%a2%e3%82%b9%e3%82%af%e3%83%aa%e3%83%bc%e3%83%b3-%e3%82%aa%e3%83%aa","status":"publish","type":"product","link":"https:\/\/shopvapor.de\/ja\/product\/bang-starry-25000-25k-%e3%83%91%e3%83%95-%e4%bd%bf%e3%81%84%e6%8d%a8%e3%81%a6-e-%e3%82%bf%e3%83%90%e3%82%b3-3d-%e6%9b%b2%e9%9d%a2%e3%82%b9%e3%82%af%e3%83%aa%e3%83%bc%e3%83%b3-%e3%82%aa%e3%83%aa\/","title":{"rendered":"Bang Starry 25000 25K \u30d1\u30d5 \u4f7f\u3044\u6368\u3066\u96fb\u5b50\u30bf\u30d0\u30b3 3D \u66f2\u9762\u30b9\u30af\u30ea\u30fc\u30f3 \u30aa\u30ea\u30b8\u30ca\u30eb"},"content":{"rendered":"<h2>\u30b6\u30fb\u30d0\u30f3\u30fb\u30b9\u30bf\u30fc\u30ea\u30fc 25000 \u306e\u7d39\u4ecb<\/h2>\n<p>Bang Starry 25000 \u306f\u3001\u9ad8\u54c1\u8cea\u3067\u9577\u6301\u3061\u3059\u308b\u96fb\u5b50\u30bf\u30d0\u30b3\u3092\u4f7f\u7528\u3059\u308b\u305f\u3081\u306e\u9ad8\u54c1\u8cea\u306e\u4f7f\u3044\u6368\u3066\u96fb\u5b50\u30bf\u30d0\u30b3\u88fd\u54c1\u3067\u3059\u3002 \u6700\u5927 25,000 \u306e\u5217\u8eca\u306e\u5370\u8c61\u7684\u306a\u5bb9\u91cf\u3068\u3055\u307e\u3056\u307e\u306a\u30d5\u30ec\u30fc\u30d0\u30fc\u3092\u5099\u3048\u305f\u3053\u306e\u30c7\u30d0\u30a4\u30b9\u306f\u3001\u30b3\u30f3\u30d1\u30af\u30c8\u306a\u30c7\u30b6\u30a4\u30f3\u3067\u5feb\u9069\u3055\u3068\u54c1\u8cea\u3092\u63d0\u4f9b\u3057\u307e\u3059\u3002 Bang \u30d6\u30e9\u30f3\u30c9\u306f\u4fe1\u983c\u6027\u3068\u9769\u65b0\u6027\u3092\u8868\u3057\u3066\u304a\u308a\u3001Starry 25000 \u306f\u6700\u5148\u7aef\u306e\u30c6\u30af\u30ce\u30ed\u30b8\u30fc\u3068\u30013D \u66f2\u9762\u30b9\u30af\u30ea\u30fc\u30f3\u3084\u5145\u96fb\u5f0f Type-C \u30a4\u30f3\u30bf\u30fc\u30d5\u30a7\u30a4\u30b9\u306a\u3069\u306e\u4f7f\u3044\u3084\u3059\u3044\u6a5f\u80fd\u3092\u7d44\u307f\u5408\u308f\u305b\u3066\u3044\u307e\u3059\u3002<\/p>\n<h2>\u88fd\u54c1\u4ed5\u69d8<\/h2>\n<p>Bang Starry 25000 \u306f\u3001\u305d\u306e\u9ad8\u5ea6\u306a\u6280\u8853\u3068\u3001\u4e00\u8cab\u3057\u305f\u6e80\u8db3\u306e\u3044\u304f\u4f53\u9a13\u3092\u4fdd\u8a3c\u3059\u308b\u3001\u614e\u91cd\u306b\u30de\u30c3\u30c1\u3057\u305f\u4ed5\u69d8\u304c\u7279\u5fb4\u3067\u3059\u3002 \u4ee5\u4e0b\u306b\u3001\u6280\u8853\u7684\u30d1\u30e9\u30e1\u30fc\u30bf\u30fc\u3068\u305d\u306e\u5229\u70b9\u306e\u8a73\u7d30\u306a\u6982\u8981\u3092\u793a\u3057\u307e\u3059\u3002<\/p>\n<h3>\u30cb\u30b3\u30c1\u30f3\u5f37\u5ea6: 0 %\u30012 %\u30013 %\u30015 %<\/h3>\n<p>Bang Starry 25000 \u306b\u306f\u3001\u3055\u307e\u3056\u307e\u306a\u597d\u307f\u306b\u5bfe\u5fdc\u3059\u308b\u305f\u3081\u306e 4 \u3064\u306e\u30cb\u30b3\u30c1\u30f3\u306e\u5f37\u307f\u304c\u3042\u308a\u307e\u3059\u3002 \u30cb\u30b3\u30c1\u30f3\u30d5\u30ea\u30fc (0 %) \u304b\u3089\u3088\u308a\u5f37\u529b\u306a\u30aa\u30d7\u30b7\u30e7\u30f3 (5 %) \u307e\u3067\u3001\u30e6\u30fc\u30b6\u30fc\u306f\u81ea\u5206\u306b\u5408\u3063\u305f\u5f37\u5ea6\u3092\u9078\u629e\u3067\u304d\u307e\u3059\u3002 \u3053\u306e\u67d4\u8edf\u6027\u306b\u3088\u308a\u3001\u30d1\u30fc\u30bd\u30ca\u30e9\u30a4\u30ba\u3055\u308c\u305f\u30a8\u30af\u30b9\u30da\u30ea\u30a8\u30f3\u30b9\u304c\u53ef\u80fd\u306b\u306a\u308a\u3001\u6b63\u78ba\u306a\u6295\u4e0e\u91cf\u306b\u3088\u3063\u3066\u4e00\u8cab\u3057\u305f\u54c1\u8cea\u304c\u4fdd\u8a3c\u3055\u308c\u307e\u3059\u3002<\/p>\n<h3>\u5217\u8eca\u306e\u6570: 25,000 \u5217\u306e\u5217\u8eca\u307e\u3067<\/h3>\n<p>\u6700\u5927 25,000 \u5217\u306e\u5217\u8eca\u306e\u53ce\u5bb9\u80fd\u529b\u3092\u6301\u3064 Bang Starry 25000 \u306f\u3001\u5e02\u5834\u3067\u6700\u3082\u9577\u6301\u3061\u3059\u308b\u4f7f\u3044\u6368\u3066\u30c7\u30d0\u30a4\u30b9\u306e 1 \u3064\u3067\u3059\u3002 \u3053\u306e\u6570\u306e\u30c9\u30ed\u30fc\u30d0\u30fc\u306f\u3001\u30c7\u30d0\u30a4\u30b9\u306e\u5909\u66f4\u983b\u5ea6\u3092\u6e1b\u3089\u3057\u3001\u9577\u671f\u4f7f\u7528\u306b\u5411\u3051\u305f\u8cbb\u7528\u5bfe\u52b9\u679c\u306e\u9ad8\u3044\u30bd\u30ea\u30e5\u30fc\u30b7\u30e7\u30f3\u3092\u63d0\u4f9b\u3057\u307e\u3059\u3002<\/p>\n<h3>\u30d0\u30c3\u30c6\u30ea\u30fc: 800 mAh<\/h3>\n<p>\u5185\u8535\u306e 800 mAh \u30d0\u30c3\u30c6\u30ea\u30fc\u306f\u3001\u30c7\u30d0\u30a4\u30b9\u306e\u5bff\u547d\u3092\u901a\u3058\u3066\u4fe1\u983c\u3067\u304d\u308b\u96fb\u6e90\u3092\u63d0\u4f9b\u3057\u307e\u3059\u3002 \u591a\u6570\u306e\u5217\u8eca\u3092\u30b5\u30dd\u30fc\u30c8\u3059\u308b\u3088\u3046\u306b\u8a2d\u8a08\u3055\u308c\u3066\u304a\u308a\u3001Type-C \u30a4\u30f3\u30bf\u30fc\u30d5\u30a7\u30a4\u30b9\u3092\u4ecb\u3057\u3066\u3059\u3070\u3084\u304f\u518d\u5145\u96fb\u3067\u304d\u3001\u5bff\u547d\u3092\u5ef6\u3070\u3059\u3053\u3068\u304c\u3067\u304d\u307e\u3059\u3002<\/p>\n<h3>\u6db2\u91cf: 28ml<\/h3>\n<p>28 ml \u306e\u96fb\u5b50\u6db2\u4f53\u306e\u5bdb\u5927\u306a\u5bb9\u91cf\u306f\u3001\u518d\u5145\u586b\u306a\u3057\u3067\u9577\u6642\u9593\u306e\u4f7f\u7528\u3092\u4fdd\u8a3c\u3057\u307e\u3059\u3002 \u3053\u306e\u5927\u91cf\u306e\u6db2\u4f53\u306f\u300125,000 \u5217\u306e\u5217\u8eca\u306b\u5b8c\u5168\u306b\u30de\u30c3\u30c1\u3057\u3001\u6700\u5f8c\u306e\u52d5\u304d\u307e\u3067\u5747\u7b49\u306a\u5473\u3092\u4fdd\u8a3c\u3057\u307e\u3059\u3002<\/p>\n<h3>3D \u66f2\u9762\u30b9\u30af\u30ea\u30fc\u30f3<\/h3>\n<p>\u9769\u65b0\u7684\u306a 3D \u6e7e\u66f2\u753b\u9762\u306b\u306f\u3001\u30d0\u30c3\u30c6\u30ea\u30fc \u30ec\u30d9\u30eb\u3084\u5217\u8eca\u306e\u6570\u306a\u3069\u306e\u91cd\u8981\u306a\u60c5\u5831\u304c\u8868\u793a\u3055\u308c\u307e\u3059\u3002 \u3053\u306e\u6700\u65b0\u306e\u6a5f\u80fd\u306b\u3088\u308a\u3001\u4f7f\u3044\u3084\u3059\u3055\u304c\u5411\u4e0a\u3057\u3001\u30c7\u30d0\u30a4\u30b9\u306b\u672a\u6765\u7684\u306a\u30c7\u30b6\u30a4\u30f3\u304c\u63d0\u4f9b\u3055\u308c\u3001Bang Brand \u3092\u4ed6\u306e\u30d6\u30e9\u30f3\u30c9\u3068\u4e00\u7dda\u3092\u753b\u3059\u3082\u306e\u306b\u3057\u307e\u3059\u3002<\/p>\n<h3>\u62b5\u6297: 1.0\u03a9 \u30e1\u30c3\u30b7\u30e5\u30b3\u30a4\u30eb<\/h3>\n<p>1.0 \u03a9 \u30e1\u30c3\u30b7\u30e5 \u30b3\u30a4\u30eb\u6280\u8853\u306b\u3088\u308a\u3001\u5747\u4e00\u306a\u52a0\u71b1\u3068\u6700\u9069\u306a\u30d5\u30ec\u30fc\u30d0\u30fc\u306e\u958b\u767a\u304c\u4fdd\u8a3c\u3055\u308c\u307e\u3059\u3002 \u30e1\u30c3\u30b7\u30e5 \u30b3\u30a4\u30eb\u306f\u3088\u308a\u5927\u304d\u306a\u8868\u9762\u7a4d\u3092\u63d0\u4f9b\u3057\u3001\u3088\u308a\u5f37\u70c8\u306a\u30d5\u30ec\u30fc\u30d0\u30fc\u3068\u3055\u3089\u306b\u306f\u84b8\u6c17\u306e\u751f\u6210\u3092\u3082\u305f\u3089\u3057\u307e\u3059\u3002<\/p>\n<h3>\u5145\u96fb\u5f0f: Type-C<\/h3>\n<p>Type-C \u306e\u5145\u96fb\u30a4\u30f3\u30bf\u30fc\u30d5\u30a7\u30fc\u30b9\u306b\u3088\u308a\u3001\u30d0\u30c3\u30c6\u30ea\u30fc\u306e\u8fc5\u901f\u304b\u3064\u52b9\u7387\u7684\u306a\u5145\u96fb\u304c\u53ef\u80fd\u306b\u306a\u308a\u307e\u3059\u3002 \u3053\u306e\u6700\u65b0\u306e\u30c6\u30af\u30ce\u30ed\u30b8\u30fc\u306f\u5e83\u304f\u4f7f\u7528\u3055\u308c\u3066\u304a\u308a\u3001\u6a19\u6e96\u30b1\u30fc\u30d6\u30eb\u3067\u30c7\u30d0\u30a4\u30b9\u3092\u7c21\u5358\u306b\u5145\u96fb\u3067\u304d\u307e\u3059\u3002<\/p>\n<h3>\u4f7f\u3044\u6368\u3066\u30c7\u30d0\u30a4\u30b9<\/h3>\n<p>\u30ef\u30f3\u30a6\u30a7\u30a4 \u30c7\u30d0\u30a4\u30b9\u3068\u3057\u3066\u3001Bang Starry 25000 \u306f\u30e1\u30f3\u30c6\u30ca\u30f3\u30b9\u4e0d\u8981\u3067\u3001\u3059\u3050\u306b\u4f7f\u7528\u3067\u304d\u307e\u3059\u3002 \u6d88\u8cbb\u5f8c\u3001\u30c7\u30d0\u30a4\u30b9\u3092\u8cac\u4efb\u3092\u6301\u3063\u3066\u51e6\u5206\u3057\u3001\u30e6\u30fc\u30b6\u30fc\u306e\u5feb\u9069\u3055\u3092\u6700\u5927\u9650\u306b\u5f15\u304d\u51fa\u3059\u3053\u3068\u304c\u3067\u304d\u307e\u3059\u3002<\/p>\n<h2>\u5473<\/h2>\n<p>Bang Starry 25000 \u3067\u306f\u3001\u591a\u69d8\u6027\u3068\u697d\u3057\u307f\u3092\u63d0\u4f9b\u3059\u308b 16 \u7a2e\u985e\u306e\u30d5\u30ec\u30fc\u30d0\u30fc\u3092\u63d0\u4f9b\u3057\u3066\u3044\u307e\u3059\u3002 \u305d\u308c\u305e\u308c\u306e\u30d5\u30ec\u30fc\u30d0\u30fc\u306f\u3001\u5f37\u70c8\u3067\u672c\u683c\u7684\u306a\u9999\u308a\u3092\u5c4a\u3051\u308b\u305f\u3081\u306b\u614e\u91cd\u306b\u8a2d\u8a08\u3055\u308c\u3066\u3044\u307e\u3059\u3002 \u5229\u7528\u53ef\u80fd\u306a\u30d5\u30ec\u30fc\u30d0\u30fc\u306f\u6b21\u306e\u3068\u304a\u308a\u3067\u3059\u3002<\/p>\n<ul>\n<li>\u30b9\u30c8\u30ed\u30d9\u30ea\u30fc\u30fb\u30b9\u30a4\u30ab<\/li>\n<li>\u30c1\u30a7\u30ea\u30fc\u30bd\u30fc\u30c0<\/li>\n<li>\u30d4\u30fc\u30c1\u30fb\u30a2\u30a4\u30b9<\/li>\n<li>\u30ad\u30a6\u30a4\u306e\u30d1\u30c3\u30b7\u30e7\u30f3\u30d5\u30eb\u30fc<\/li>\n<li>\u30b9\u30a4\u30ab\u306e\u6c37<\/li>\n<li>\u30ec\u30c3\u30c9\u30d6\u30eb<\/li>\n<li>\u30b0\u30ec\u30fc\u30d7\u30a2\u30a4\u30b9<\/li>\n<li>\u30d6\u30eb\u30fc\u30e9\u30ba\u30a2\u30a4\u30b9<\/li>\n<li>\u30b9\u30c8\u30ed\u30d9\u30ea\u30fc\u30fb\u30d0\u30ca\u30ca<\/li>\n<li>\u30ec\u30e2\u30f3\u5206<\/li>\n<li>\u30c0\u30d6\u30eb\u30a2\u30c3\u30d7\u30eb<\/li>\n<li>\u30de\u30f3\u30b4\u30fc\u30a2\u30a4\u30b9<\/li>\n<li>\u30d1\u30a4\u30ca\u30c3\u30d7\u30eb\u30a2\u30a4\u30b9<\/li>\n<li>\u30b3\u30fc\u30e9\u30a2\u30a4\u30b9<\/li>\n<li>\u30b0\u30a2\u30d0<\/li>\n<li>\u30d6\u30eb\u30fc\u30d9\u30ea\u30fc\u30a2\u30a4\u30b9<\/li>\n<\/ul>\n<h2>\u3088\u304f\u3042\u308b\u8cea\u554f (FAQ)<\/h2>\n<p>\u4ee5\u4e0b\u306b\u3001Bang Starry 25000 \u306b\u95a2\u3059\u308b\u3088\u304f\u3042\u308b\u8cea\u554f\u3092\u3044\u304f\u3064\u304b\u304a\u7b54\u3048\u3057\u3001\u88fd\u54c1\u306e\u4f7f\u7528\u306b\u5f79\u7acb\u3066\u3066\u304f\u3060\u3055\u3044\u3002<\/p>\n<h3>Bang Starry 25000 \u30d0\u30c3\u30c6\u30ea\u30fc\u306f\u3069\u306e\u304f\u3089\u3044\u6301\u3061\u307e\u3059\u304b?<\/h3>\n<p>800mAh \u306e\u30d0\u30c3\u30c6\u30ea\u30fc\u306f\u300125,000 \u5217\u306e\u5217\u8eca\u306e\u7dcf\u5bb9\u91cf\u3092\u30b5\u30dd\u30fc\u30c8\u3059\u308b\u3088\u3046\u306b\u8a2d\u8a08\u3055\u308c\u3066\u3044\u307e\u3059\u3002 \u5b9f\u969b\u306e\u5bff\u547d\u306f\u4f7f\u7528\u983b\u5ea6\u306b\u3088\u3063\u3066\u7570\u306a\u308a\u307e\u3059\u304c\u3001Type-C \u30a4\u30f3\u30bf\u30fc\u30d5\u30a7\u30a4\u30b9\u3092\u4f7f\u7528\u3059\u308b\u3068\u3001\u9ad8\u901f\u5145\u96fb\u3067\u4e2d\u65ad\u3092\u6700\u5c0f\u9650\u306b\u6291\u3048\u308b\u3053\u3068\u304c\u3067\u304d\u307e\u3059\u3002<\/p>\n<h3>\u8cfc\u5165\u5f8c\u306b\u30cb\u30b3\u30c1\u30f3\u30c7\u30f3\u30d7\u30f3\u3092\u4ea4\u63db\u3067\u304d\u307e\u3059\u304b?<\/h3>\n<p>\u3044\u3044\u3048\u3001\u30cb\u30b3\u30c1\u30f3\u5f37\u5ea6\u306f\u30c7\u30d0\u30a4\u30b9\u3067\u56fa\u5b9a\u3055\u308c\u3066\u304a\u308a\u3001\u5909\u66f4\u3067\u304d\u307e\u305b\u3093\u3002 \u8cfc\u5165\u3059\u308b\u3068\u304d\u306f\u3001\u81ea\u5206\u306b\u5408\u3063\u305f\u5f37\u5ea6\u3092\u9078\u629e\u3057\u3066\u304f\u3060\u3055\u3044 (0 %\u30012 %\u30013 % \u307e\u305f\u306f 5 %)\u3002<\/p>\n<h3>\u96fb\u5b50\u6db2\u4f53\u3092\u4f7f\u3044\u5207\u308b\u3068\u3069\u3046\u306a\u308b\u306e?<\/h3>\n<p>Bang Starry 25000 \u306f\u4f7f\u3044\u6368\u3066\u30c7\u30d0\u30a4\u30b9\u3067\u3042\u308a\u3001\u518d\u5145\u586b\u3067\u304d\u307e\u305b\u3093\u3002 \u96fb\u5b50\u6db2\u4f53\u307e\u305f\u306f\u30d0\u30c3\u30c6\u30ea\u30fc\u304c\u4f7f\u3044\u5207\u3089\u308c\u305f\u3089\u3001\u73fe\u5730\u306e\u898f\u5236\u306b\u5f93\u3063\u3066\u88c5\u7f6e\u3092\u5ec3\u68c4\u3059\u308b\u5fc5\u8981\u304c\u3042\u308a\u307e\u3059\u3002<\/p>\n<h3>3D \u30b9\u30af\u30ea\u30fc\u30f3\u306f\u8010\u885d\u6483\u6027\u304c\u3042\u308a\u307e\u3059\u304b?<\/h3>\n<p>3D \u66f2\u9762\u30b9\u30af\u30ea\u30fc\u30f3\u306f\u9811\u4e08\u3067\u3059\u304c\u3001\u3059\u3079\u3066\u306e\u96fb\u5b50\u6a5f\u5668\u3068\u540c\u69d8\u306b\u3001\u640d\u50b7\u3092\u907f\u3051\u308b\u305f\u3081\u306b\u614e\u91cd\u306b\u53d6\u308a\u6271\u3046\u3053\u3068\u3092\u304a\u52e7\u3081\u3057\u307e\u3059\u3002<\/p>\n<h3>\u30c7\u30d0\u30a4\u30b9\u304c\u671f\u5f85\u3069\u304a\u308a\u306b\u5473\u304c\u51fa\u306a\u3044\u306e\u306f\u306a\u305c\u3067\u3059\u304b?<\/h3>\n<p>\u7570\u5e38\u306a\u5473\u306f\u3001\u4e0d\u9069\u5207\u306a\u4fdd\u7ba1 (\u9ad8\u6e29\u306a\u3069) \u307e\u305f\u306f\u30c7\u30d0\u30a4\u30b9\u306e\u5bff\u547d\u306b\u9054\u3057\u305f\u3053\u3068\u306b\u3088\u3063\u3066\u5f15\u304d\u8d77\u3053\u3055\u308c\u308b\u53ef\u80fd\u6027\u304c\u3042\u308a\u307e\u3059\u3002 \u6dbc\u3057\u304f\u4e7e\u71e5\u3057\u305f\u5834\u6240\u306b\u4fdd\u7ba1\u3057\u3001\u554f\u984c\u304c\u767a\u751f\u3057\u305f\u5834\u5408\u306f\u30ab\u30b9\u30bf\u30de\u30fc \u30b5\u30fc\u30d3\u30b9\u306b\u9023\u7d61\u3057\u3066\u304f\u3060\u3055\u3044\u3002<\/p>\n<h3>\u30d0\u30f3 \u30b9\u30bf\u30fc\u30ea\u30fc 25000 \u3092\u51e6\u5206\u3059\u308b\u306b\u306f\u3069\u3046\u3059\u308c\u3070\u3088\u3044\u3067\u3059\u304b?<\/h3>\n<p>\u96fb\u5b50\u6a5f\u5668\u3068\u30d0\u30c3\u30c6\u30ea\u30fc\u306e\u5ec3\u68c4\u306b\u95a2\u3059\u308b\u73fe\u5730\u306e\u898f\u5236\u306b\u5f93\u3063\u3066\u3001\u30c7\u30d0\u30a4\u30b9\u3092\u51e6\u5206\u3059\u308b\u5fc5\u8981\u304c\u3042\u308a\u307e\u3059\u3002 \u5bb6\u5ead\u3054\u307f\u306b\u6368\u3066\u305a\u3001\u96fb\u5316\u88fd\u54c1\u306e\u53ce\u96c6\u5834\u6240\u306b\u6301\u3061\u8fbc\u3093\u3067\u304f\u3060\u3055\u3044\u3002<\/p>","protected":false},"excerpt":{"rendered":"<p>Bang Starry 25000 \u4f7f\u3044\u6368\u3066\u96fb\u5b50\u30bf\u30d0\u30b3\u306f\u3001\u6700\u5927 25,000 \u30d1\u30d5\u300128 ml \u306e\u96fb\u5b50\u6db2\u4f53\u30010.2.3.5 % \u30cb\u30b3\u30c1\u30f3\u5f37\u5ea6\u3001800 mAh \u306e\u5145\u96fb\u5f0f\u30d0\u30c3\u30c6\u30ea\u30fc\u3001\u5f37\u70c8\u306a\u5473\u3092\u5b9f\u73fe\u3057\u307e\u3059\u3002 \u4eba\u9593\u5de5\u5b66\u306b\u57fa\u3065\u3044\u305f\u30c7\u30b6\u30a4\u30f3\u3001\u3055\u307e\u3056\u307e\u306a\u5473\u3002<\/p>","protected":false},"featured_media":7739,"comment_status":"open","ping_status":"closed","template":"","meta":[],"product_brand":[1180],"product_cat":[1154],"product_tag":[958,956,959],"class_list":{"0":"post-7713","1":"product","2":"type-product","3":"status-publish","4":"has-post-thumbnail","6":"product_brand-bang","7":"product_cat-25000-puffs","8":"product_tag-21k30kpuffs","9":"product_tag-25k-puffs","10":"product_tag-more-than-10kpuffs","12":"first","13":"instock","14":"sale","15":"shipping-taxable","16":"purchasable","17":"product-type-variable"},"yoast_head":"<!-- This site is optimized with the Yoast SEO plugin v25.8 - https:\/\/yoast.com\/wordpress\/plugins\/seo\/ -->\n<title>Bang Starry 25000 25K Puffs Einweg-E-Zigarette 3D Curved Screen Original - ShopVapor<\/title>\n<meta name=\"description\" content=\"Bang Starry 25000 Einweg-E-Zigarette mit bis zu 25.000 Z\u00fcgen, 28 ml E-Liquid, 0,2,3,5 % Nikotinst\u00e4rke, 800 mAh wiederaufladbarem Akku und Mesh-Coil-Technologie f\u00fcr intensiven Geschmack. Ergonomisches Design, vielf\u00e4ltige Aromen.\" \/>\n<meta name=\"robots\" content=\"index, follow, max-snippet:-1, max-image-preview:large, max-video-preview:-1\" \/>\n<link rel=\"canonical\" href=\"https:\/\/shopvapor.de\/ja\/product\/bang-starry-25000-25k-\u30d1\u30d5-\u4f7f\u3044\u6368\u3066-e-\u30bf\u30d0\u30b3-3d-\u66f2\u9762\u30b9\u30af\u30ea\u30fc\u30f3-\u30aa\u30ea\/\" \/>\n<meta property=\"og:locale\" content=\"ja_JP\" \/>\n<meta property=\"og:type\" content=\"article\" \/>\n<meta property=\"og:title\" content=\"Bang Starry 25000 25K Puffs Einweg-E-Zigarette 3D Curved Screen Original - ShopVapor\" \/>\n<meta property=\"og:description\" content=\"Bang Starry 25000 Einweg-E-Zigarette mit bis zu 25.000 Z\u00fcgen, 28 ml E-Liquid, 0,2,3,5 % Nikotinst\u00e4rke, 800 mAh wiederaufladbarem Akku und Mesh-Coil-Technologie f\u00fcr intensiven Geschmack. Ergonomisches Design, vielf\u00e4ltige Aromen.\" \/>\n<meta property=\"og:url\" content=\"https:\/\/shopvapor.de\/ja\/product\/bang-starry-25000-25k-\u30d1\u30d5-\u4f7f\u3044\u6368\u3066-e-\u30bf\u30d0\u30b3-3d-\u66f2\u9762\u30b9\u30af\u30ea\u30fc\u30f3-\u30aa\u30ea\/\" \/>\n<meta property=\"og:site_name\" content=\"ShopVapor\" \/>\n<meta property=\"article:modified_time\" content=\"2025-07-15T09:12:18+00:00\" \/>\n<meta property=\"og:image\" content=\"https:\/\/shopvapor.de\/wp-content\/uploads\/2025\/07\/bang-starry-25000-25k-puffs-einweg-e-zigarette-3d-curved-screen-original-4.jpg\" \/>\n\t<meta property=\"og:image:width\" content=\"1280\" \/>\n\t<meta property=\"og:image:height\" content=\"1287\" \/>\n\t<meta property=\"og:image:type\" content=\"image\/jpeg\" \/>\n<meta name=\"twitter:card\" content=\"summary_large_image\" \/>\n<meta name=\"twitter:label1\" content=\"\u63a8\u5b9a\u8aad\u307f\u53d6\u308a\u6642\u9593\" \/>\n\t<meta name=\"twitter:data1\" content=\"4\u5206\" \/>\n<!-- \/ Yoast SEO plugin. -->","yoast_head_json":{"title":"Bang Starry 25000 25K \u30d1\u30d5 \u4f7f\u3044\u6368\u3066\u96fb\u5b50\u30bf\u30d0\u30b3 3D \u66f2\u9762\u30b9\u30af\u30ea\u30fc\u30f3 \u30aa\u30ea\u30b8\u30ca\u30eb - ShopVapor","description":"Bang Starry 25000 \u4f7f\u3044\u6368\u3066\u96fb\u5b50\u30bf\u30d0\u30b3\u306f\u3001\u6700\u5927 25,000 \u30d1\u30d5\u300128 ml \u306e\u96fb\u5b50\u6db2\u4f53\u30010.2.3.5 % \u30cb\u30b3\u30c1\u30f3\u5f37\u5ea6\u3001800 mAh \u306e\u5145\u96fb\u5f0f\u30d0\u30c3\u30c6\u30ea\u30fc\u3001\u5f37\u70c8\u306a\u5473\u3092\u5b9f\u73fe\u3057\u307e\u3059\u3002 \u4eba\u9593\u5de5\u5b66\u306b\u57fa\u3065\u3044\u305f\u30c7\u30b6\u30a4\u30f3\u3001\u3055\u307e\u3056\u307e\u306a\u5473\u3002","robots":{"index":"index","follow":"follow","max-snippet":"max-snippet:-1","max-image-preview":"max-image-preview:large","max-video-preview":"max-video-preview:-1"},"canonical":"https:\/\/shopvapor.de\/ja\/product\/bang-starry-25000-25k-\u30d1\u30d5-\u4f7f\u3044\u6368\u3066-e-\u30bf\u30d0\u30b3-3d-\u66f2\u9762\u30b9\u30af\u30ea\u30fc\u30f3-\u30aa\u30ea\/","og_locale":"ja_JP","og_type":"article","og_title":"Bang Starry 25000 25K Puffs Einweg-E-Zigarette 3D Curved Screen Original - ShopVapor","og_description":"Bang Starry 25000 Einweg-E-Zigarette mit bis zu 25.000 Z\u00fcgen, 28 ml E-Liquid, 0,2,3,5 % Nikotinst\u00e4rke, 800 mAh wiederaufladbarem Akku und Mesh-Coil-Technologie f\u00fcr intensiven Geschmack. Ergonomisches Design, vielf\u00e4ltige Aromen.","og_url":"https:\/\/shopvapor.de\/ja\/product\/bang-starry-25000-25k-\u30d1\u30d5-\u4f7f\u3044\u6368\u3066-e-\u30bf\u30d0\u30b3-3d-\u66f2\u9762\u30b9\u30af\u30ea\u30fc\u30f3-\u30aa\u30ea\/","og_site_name":"ShopVapor","article_modified_time":"2025-07-15T09:12:18+00:00","og_image":[{"width":1280,"height":1287,"url":"https:\/\/shopvapor.de\/wp-content\/uploads\/2025\/07\/bang-starry-25000-25k-puffs-einweg-e-zigarette-3d-curved-screen-original-4.jpg","type":"image\/jpeg"}],"twitter_card":"summary_large_image","twitter_misc":{"\u63a8\u5b9a\u8aad\u307f\u53d6\u308a\u6642\u9593":"4\u5206"},"schema":{"@context":"https:\/\/schema.org","@graph":[{"@type":"WebPage","@id":"https:\/\/shopvapor.de\/produkt\/bang-starry-25000-25k-puffs-einweg-e-zigarette-3d-curved-screen-original\/","url":"https:\/\/shopvapor.de\/produkt\/bang-starry-25000-25k-puffs-einweg-e-zigarette-3d-curved-screen-original\/","name":"Bang Starry 25000 25K \u30d1\u30d5 \u4f7f\u3044\u6368\u3066\u96fb\u5b50\u30bf\u30d0\u30b3 3D \u66f2\u9762\u30b9\u30af\u30ea\u30fc\u30f3 \u30aa\u30ea\u30b8\u30ca\u30eb - ShopVapor","isPartOf":{"@id":"https:\/\/shopvapor.de\/#website"},"primaryImageOfPage":{"@id":"https:\/\/shopvapor.de\/produkt\/bang-starry-25000-25k-puffs-einweg-e-zigarette-3d-curved-screen-original\/#primaryimage"},"image":{"@id":"https:\/\/shopvapor.de\/produkt\/bang-starry-25000-25k-puffs-einweg-e-zigarette-3d-curved-screen-original\/#primaryimage"},"thumbnailUrl":"https:\/\/shopvapor.de\/wp-content\/uploads\/2025\/07\/bang-starry-25000-25k-puffs-einweg-e-zigarette-3d-curved-screen-original-4.jpg","datePublished":"2025-07-02T04:09:41+00:00","dateModified":"2025-07-15T09:12:18+00:00","description":"Bang Starry 25000 \u4f7f\u3044\u6368\u3066\u96fb\u5b50\u30bf\u30d0\u30b3\u306f\u3001\u6700\u5927 25,000 \u30d1\u30d5\u300128 ml \u306e\u96fb\u5b50\u6db2\u4f53\u30010.2.3.5 % \u30cb\u30b3\u30c1\u30f3\u5f37\u5ea6\u3001800 mAh \u306e\u5145\u96fb\u5f0f\u30d0\u30c3\u30c6\u30ea\u30fc\u3001\u5f37\u70c8\u306a\u5473\u3092\u5b9f\u73fe\u3057\u307e\u3059\u3002 \u4eba\u9593\u5de5\u5b66\u306b\u57fa\u3065\u3044\u305f\u30c7\u30b6\u30a4\u30f3\u3001\u3055\u307e\u3056\u307e\u306a\u5473\u3002","breadcrumb":{"@id":"https:\/\/shopvapor.de\/produkt\/bang-starry-25000-25k-puffs-einweg-e-zigarette-3d-curved-screen-original\/#breadcrumb"},"inLanguage":"ja","potentialAction":[{"@type":"ReadAction","target":["https:\/\/shopvapor.de\/produkt\/bang-starry-25000-25k-puffs-einweg-e-zigarette-3d-curved-screen-original\/"]}]},{"@type":"ImageObject","inLanguage":"ja","@id":"https:\/\/shopvapor.de\/produkt\/bang-starry-25000-25k-puffs-einweg-e-zigarette-3d-curved-screen-original\/#primaryimage","url":"https:\/\/shopvapor.de\/wp-content\/uploads\/2025\/07\/bang-starry-25000-25k-puffs-einweg-e-zigarette-3d-curved-screen-original-4.jpg","contentUrl":"https:\/\/shopvapor.de\/wp-content\/uploads\/2025\/07\/bang-starry-25000-25k-puffs-einweg-e-zigarette-3d-curved-screen-original-4.jpg","width":1280,"height":1287},{"@type":"BreadcrumbList","@id":"https:\/\/shopvapor.de\/produkt\/bang-starry-25000-25k-puffs-einweg-e-zigarette-3d-curved-screen-original\/#breadcrumb","itemListElement":[{"@type":"ListItem","position":1,"name":"Startseite","item":"https:\/\/shopvapor.de\/"},{"@type":"ListItem","position":2,"name":"Shop","item":"https:\/\/shopvapor.de\/shop\/"},{"@type":"ListItem","position":3,"name":"Bang Starry 25000 25K Puffs Einweg-E-Zigarette 3D Curved Screen Original"}]},{"@type":"WebSite","@id":"https:\/\/shopvapor.de\/#website","url":"https:\/\/shopvapor.de\/","name":"\u30b7\u30e7\u30c3\u30d7\u30d9\u30fc\u30d1\u30fc","description":"","potentialAction":[{"@type":"SearchAction","target":{"@type":"EntryPoint","urlTemplate":"https:\/\/shopvapor.de\/?s={search_term_string}"},"query-input":{"@type":"PropertyValueSpecification","valueRequired":true,"valueName":"search_term_string"}}],"inLanguage":"ja"}]}},"_links":{"self":[{"href":"https:\/\/shopvapor.de\/ja\/wp-json\/wp\/v2\/product\/7713","targetHints":{"allow":["GET"]}}],"collection":[{"href":"https:\/\/shopvapor.de\/ja\/wp-json\/wp\/v2\/product"}],"about":[{"href":"https:\/\/shopvapor.de\/ja\/wp-json\/wp\/v2\/types\/product"}],"replies":[{"embeddable":true,"href":"https:\/\/shopvapor.de\/ja\/wp-json\/wp\/v2\/comments?post=7713"}],"version-history":[{"count":1,"href":"https:\/\/shopvapor.de\/ja\/wp-json\/wp\/v2\/product\/7713\/revisions"}],"predecessor-version":[{"id":11416,"href":"https:\/\/shopvapor.de\/ja\/wp-json\/wp\/v2\/product\/7713\/revisions\/11416"}],"wp:featuredmedia":[{"embeddable":true,"href":"https:\/\/shopvapor.de\/ja\/wp-json\/wp\/v2\/media\/7739"}],"wp:attachment":[{"href":"https:\/\/shopvapor.de\/ja\/wp-json\/wp\/v2\/media?parent=7713"}],"wp:term":[{"taxonomy":"product_brand","embeddable":true,"href":"https:\/\/shopvapor.de\/ja\/wp-json\/wp\/v2\/product_brand?post=7713"},{"taxonomy":"product_cat","embeddable":true,"href":"https:\/\/shopvapor.de\/ja\/wp-json\/wp\/v2\/product_cat?post=7713"},{"taxonomy":"product_tag","embeddable":true,"href":"https:\/\/shopvapor.de\/ja\/wp-json\/wp\/v2\/product_tag?post=7713"}],"curies":[{"name":"wp","href":"https:\/\/api.w.org\/{rel}","templated":true}]}}