{"id":7750,"date":"2025-07-02T04:09:54","date_gmt":"2025-07-02T04:09:54","guid":{"rendered":"https:\/\/shopvapor.de\/?post_type=product&#038;p=7750"},"modified":"2025-07-15T09:11:18","modified_gmt":"2025-07-15T09:11:18","slug":"%e3%83%90%e3%83%b3%e3%82%ad%e3%83%b3%e3%82%b0%e3%82%b7%e3%83%bc%e3%82%b7%e3%83%a3-25000-25k-%e3%83%91%e3%83%95-30ml-%e4%bd%bf%e3%81%84%e6%8d%a8%e3%81%a6-e-%e3%82%bf%e3%83%90%e3%82%b3-%e3%82%aa","status":"publish","type":"product","link":"https:\/\/shopvapor.de\/ja\/product\/%e3%83%90%e3%83%b3%e3%82%ad%e3%83%b3%e3%82%b0%e3%82%b7%e3%83%bc%e3%82%b7%e3%83%a3-25000-25k-%e3%83%91%e3%83%95-30ml-%e4%bd%bf%e3%81%84%e6%8d%a8%e3%81%a6-e-%e3%82%bf%e3%83%90%e3%82%b3-%e3%82%aa\/","title":{"rendered":"\u30d0\u30f3\u30ad\u30f3\u30b0\u30b7\u30fc\u30b7\u30e3 25000 25K \u30d1\u30d5 30ml \u4f7f\u3044\u6368\u3066\u96fb\u5b50\u30bf\u30d0\u30b3 \u30aa\u30ea\u30b8\u30ca\u30eb"},"content":{"rendered":"<h2>\u30d0\u30f3\u30ad\u30f3\u30b0\u30b7\u30fc\u30b7\u30e3 25000 \u306e\u7d39\u4ecb<\/h2>\n<p>Bang King Shisha 25000 \u306f\u3001\u9577\u6642\u9593\u306e\u4f7f\u7528\u3068\u5f37\u70c8\u306a\u5473\u3092\u91cd\u8996\u3059\u308b\u30e6\u30fc\u30b6\u30fc\u5411\u3051\u306b\u8a2d\u8a08\u3055\u308c\u305f\u9ad8\u54c1\u8cea\u306e\u4f7f\u3044\u6368\u3066\u96fb\u5b50\u30bf\u30d0\u30b3\u88fd\u54c1\u3067\u3059\u3002 \u6700\u5927 25,000 \u5217\u306e\u5217\u8eca\u306e\u5bb9\u91cf\u3092\u6301\u3064\u3053\u306e\u30c7\u30d0\u30a4\u30b9\u306f\u3001\u9769\u65b0\u7684\u306a\u6280\u8853\u3068\u5b9f\u7528\u7684\u306a\u8a2d\u8a08\u3092\u7d44\u307f\u5408\u308f\u305b\u3066\u3044\u307e\u3059\u3002 Bang King \u30d6\u30e9\u30f3\u30c9\u306f\u54c1\u8cea\u3068\u4fe1\u983c\u6027\u3092\u8868\u3057\u3066\u304a\u308a\u3001\u3053\u306e\u30e2\u30c7\u30eb\u306f\u7d4c\u9a13\u8c4a\u5bcc\u306a\u30e6\u30fc\u30b6\u30fc\u306e\u30cb\u30fc\u30ba\u3092\u6e80\u305f\u3059\u5370\u8c61\u7684\u306a\u30d1\u30d5\u30a9\u30fc\u30de\u30f3\u30b9\u3092\u63d0\u4f9b\u3057\u307e\u3059\u3002 \u591a\u69d8\u306a\u30d5\u30ec\u30fc\u30d0\u30fc\u3068\u4f7f\u3044\u3084\u3059\u3044\u30cf\u30f3\u30c9\u30ea\u30f3\u30b0\u306e\u304a\u304b\u3052\u3067\u3001Bang King Shisha 25000 \u306f\u3001\u4fe1\u983c\u6027\u304c\u9ad8\u304f\u4e0a\u54c1\u306a\u88fd\u54c1\u3092\u63a2\u3057\u3066\u3044\u308b\u4eba\u306b\u6700\u9069\u3067\u3059\u3002<\/p>\n<h2>\u88fd\u54c1\u30d1\u30e9\u30e1\u30fc\u30bf\u30fc\u8a73\u7d30<\/h2>\n<p>Bang King Shisha 25000 \u306e\u6280\u8853\u4ed5\u69d8\u306f\u3001\u9577\u6301\u3061\u3057\u3001\u6e80\u8db3\u306e\u3044\u304f\u4f7f\u7528\u3092\u4fdd\u8a3c\u3059\u308b\u3088\u3046\u306b\u8a2d\u8a08\u3055\u308c\u3066\u3044\u307e\u3059\u3002 \u4ee5\u4e0b\u306b\u3001\u6700\u3082\u91cd\u8981\u306a\u30d1\u30e9\u30e1\u30fc\u30bf\u3068\u305d\u306e\u5229\u70b9\u306e\u8a73\u7d30\u306a\u6982\u8981\u3092\u793a\u3057\u307e\u3059\u3002<\/p>\n<h3>\u5217\u8eca\u306e\u5b9a\u54e1: 25,000 \u5217\u306e\u5217\u8eca<\/h3>\n<p>Bang King Shisha 25000 \u306f\u3001\u6700\u5927 25,000 \u5217\u306e\u5217\u8eca\u306e\u5370\u8c61\u7684\u306a\u5bb9\u91cf\u3092\u63d0\u4f9b\u3057\u3001\u983b\u7e41\u306b\u4ea4\u63db\u3059\u308b\u3053\u3068\u306a\u304f\u9577\u671f\u7684\u306b\u4f7f\u7528\u3067\u304d\u307e\u3059\u3002 \u3053\u306e\u6570\u306e\u5217\u8eca\u306e\u6570\u306f\u3001\u9577\u5bff\u547d\u306e\u88fd\u54c1\u3092\u63a2\u3057\u3066\u3044\u308b\u30e6\u30fc\u30b6\u30fc\u306b\u7279\u306b\u9069\u3057\u3066\u3044\u307e\u3059\u3002 \u4e00\u5b9a\u306e\u30d1\u30d5\u30a9\u30fc\u30de\u30f3\u30b9\u306b\u3088\u308a\u3001\u3059\u3079\u3066\u306e\u5217\u8eca\u304c\u4e00\u8cab\u3057\u3066\u5f37\u70c8\u3067\u4e0a\u54c1\u306a\u307e\u307e\u306b\u306a\u308a\u307e\u3059\u3002<\/p>\n<h3>\u96fb\u5b50\u6db2\u4f53\u5bb9\u91cf: 30ml \u30d7\u30ec\u30df\u30a2\u30e0 E-\u30ea\u30ad\u30c3\u30c9<\/h3>\n<p>30 ml \u306e\u96fb\u5b50\u6db2\u4f53\u5bb9\u91cf\u3067\u3001Bang King Sisha 25000 \u306f\u3001\u5e83\u7bc4\u56f2\u306b\u4f7f\u7528\u3059\u308b\u306e\u306b\u5341\u5206\u306a\u6db2\u4f53\u3092\u63d0\u4f9b\u3057\u307e\u3059\u3002 \u9ad8\u54c1\u8cea\u306e\u30ea\u30ad\u30c3\u30c9\u306f\u3001\u7d14\u7c8b\u3067\u5f37\u70c8\u306a\u98a8\u5473\u3092\u5b9f\u73fe\u3059\u308b\u305f\u3081\u306b\u7279\u5225\u306b\u914d\u5408\u3055\u308c\u3066\u3044\u307e\u3059\u3002 \u5927\u5bb9\u91cf\u306f\u3001\u983b\u7e41\u306a\u88dc\u5145\u306e\u5fc5\u8981\u6027\u3092\u6e1b\u3089\u3057\u3001\u3088\u308a\u9577\u3044\u6642\u9593\u3092\u306e\u3093\u304d\u306a\u4f7f\u7528\u306b\u3059\u308b\u3053\u3068\u304c\u3067\u304d\u307e\u3059\u3002<\/p>\n<h3>\u30d0\u30c3\u30c6\u30ea\u30fc: 650 mAh \u306e\u5145\u96fb\u5f0f<\/h3>\n<p>\u3053\u306e\u30c7\u30d0\u30a4\u30b9\u306b\u306f\u3001\u4fe1\u983c\u6027\u306e\u9ad8\u3044\u96fb\u6e90\u3092\u4fdd\u8a3c\u3059\u308b\u5f37\u529b\u306a 650 mAh \u30d0\u30c3\u30c6\u30ea\u30fc\u304c\u88c5\u5099\u3055\u308c\u3066\u3044\u307e\u3059\u3002 Type-C \u63a5\u7d9a\u306b\u3088\u308b\u30d0\u30c3\u30c6\u30ea\u30fc\u306e\u518d\u5145\u96fb\u6027\u306b\u3088\u308a\u3001\u8fc5\u901f\u304b\u3064\u52b9\u7387\u7684\u306a\u5145\u96fb\u304c\u53ef\u80fd\u306b\u306a\u308a\u3001\u30c7\u30d0\u30a4\u30b9\u3092\u3059\u3050\u306b\u4f7f\u7528\u3067\u304d\u308b\u3088\u3046\u306b\u306a\u308a\u307e\u3059\u3002 \u3053\u306e\u30d0\u30c3\u30c6\u30ea\u30fc\u306f\u3001\u4f7f\u7528\u983b\u5ea6\u304c\u9ad8\u304f\u3066\u3082\u5b89\u5b9a\u3057\u305f\u6027\u80fd\u3092\u767a\u63ee\u3057\u307e\u3059\u3002<\/p>\n<h3>\u30cb\u30b3\u30c1\u30f3\u306e\u5f37\u3055\uff1a0 %\u30012 %\u30013 %\u30015 %<\/h3>\n<p>Bang King Sisha 25000 \u306f\u30010 %\u30012 %\u30013 %\u30015 % \u306e 4 \u3064\u306e\u30cb\u30b3\u30c1\u30f3\u5f37\u5ea6\u3067\u5229\u7528\u3067\u304d\u308b\u305f\u3081\u3001\u5e45\u5e83\u3044\u30e6\u30fc\u30b6\u30fc \u30b0\u30eb\u30fc\u30d7\u306e\u30cb\u30fc\u30ba\u3092\u30ab\u30d0\u30fc\u3057\u3066\u3044\u307e\u3059\u3002 \u30cb\u30b3\u30c1\u30f3\u3092\u542b\u307e\u306a\u3044\u5834\u5408\u3067\u3082\u3001\u7570\u306a\u308b\u6fc3\u5ea6\u306e\u30cb\u30b3\u30c1\u30f3\u3092\u4f7f\u7528\u3057\u3066\u3082\u3001\u3053\u306e\u30c7\u30d0\u30a4\u30b9\u306f\u67d4\u8edf\u6027\u3092\u63d0\u4f9b\u3057\u3001\u5473\u3092\u640d\u306a\u3046\u3053\u3068\u306a\u304f\u500b\u3005\u306e\u597d\u307f\u306b\u9069\u5fdc\u3057\u307e\u3059\u3002<\/p>\n<h3>\u30b3\u30a4\u30eb\u6280\u8853: 0.6ohm \u30e1\u30c3\u30b7\u30e5\u30b3\u30a4\u30eb<\/h3>\n<p>0.6 \u30aa\u30fc\u30e0\u306e\u30e1\u30c3\u30b7\u30e5 \u30b3\u30a4\u30eb\u306b\u3088\u308a\u3001\u98a8\u5473\u4ed8\u3051\u3084\u84b8\u6c17\u306e\u751f\u6210\u304c\u6700\u9069\u5316\u3055\u308c\u307e\u3059\u3002 \u3053\u306e\u9ad8\u5ea6\u306a\u6280\u8853\u306b\u3088\u308a\u3001\u30d5\u30ec\u30fc\u30d0\u30fc\u306e\u5f37\u3055\u3092\u6700\u5927\u5316\u3057\u3001\u30b9\u30e0\u30fc\u30ba\u306a\u5438\u5165\u4f53\u9a13\u3092\u63d0\u4f9b\u3057\u307e\u3059\u3002 \u30e1\u30c3\u30b7\u30e5 \u30b3\u30a4\u30eb\u306f\u8010\u4e45\u6027\u304c\u3042\u308a\u3001\u30c7\u30d0\u30a4\u30b9\u5168\u4f53\u306e\u5bff\u547d\u306b\u308f\u305f\u3063\u3066\u4e00\u8cab\u3057\u305f\u30d1\u30d5\u30a9\u30fc\u30de\u30f3\u30b9\u3092\u4fdd\u8a3c\u3057\u307e\u3059\u3002<\/p>\n<h3>\u5145\u96fb\u30dd\u30fc\u30c8: Type-C<\/h3>\n<p>Type-C \u306e\u5145\u96fb\u30dd\u30fc\u30c8\u306b\u3088\u308a\u3001\u30c7\u30d0\u30a4\u30b9\u306e\u8fc5\u901f\u304b\u3064\u5b89\u5168\u306a\u5145\u96fb\u304c\u53ef\u80fd\u306b\u306a\u308a\u307e\u3059\u3002 \u3053\u306e\u6700\u65b0\u306e\u30c6\u30af\u30ce\u30ed\u30b8\u30fc\u306f\u3001\u5145\u96fb\u6642\u9593\u3092\u5927\u5e45\u306b\u77ed\u7e2e\u3057\u3001\u65e5\u5e38\u751f\u6d3b\u3092\u3088\u308a\u7c21\u5358\u306b\u3059\u308b\u4fe1\u983c\u3067\u304d\u308b\u63a5\u7d9a\u3092\u63d0\u4f9b\u3057\u307e\u3059\u3002 \u30e6\u30fc\u30b6\u30fc\u306f\u3001\u30c7\u30d0\u30a4\u30b9\u3092\u3059\u3070\u3084\u304f\u518d\u5145\u96fb\u3057\u3066\u3001\u9577\u3044\u5f85\u3061\u6642\u9593\u3092\u306a\u304f\u3057\u3066\u4f7f\u7528\u3057\u7d9a\u3051\u308b\u3053\u3068\u304c\u3067\u304d\u307e\u3059\u3002<\/p>\n<h3>\u5438\u5165\u306e\u6d3b\u6027\u5316: \u81ea\u52d5<\/h3>\n<p>\u81ea\u52d5\u5438\u5165\u30a2\u30af\u30c6\u30a3\u30d9\u30fc\u30b7\u30e7\u30f3\u306b\u3088\u308a\u3001Bang King Sisha 25000 \u306f\u7279\u306b\u4f7f\u3044\u3084\u3059\u304f\u306a\u308a\u307e\u3059\u3002 \u30dc\u30bf\u30f3\u3084\u8907\u96d1\u306a\u8a2d\u5b9a\u306f\u5fc5\u8981\u3042\u308a\u307e\u305b\u3093\u3002\u5438\u5165\u3059\u308b\u3060\u3051\u3067\u3001\u30c7\u30d0\u30a4\u30b9\u304c\u81ea\u52d5\u7684\u306b\u30a2\u30af\u30c6\u30a3\u30d6\u306b\u306a\u308a\u307e\u3059\u3002 \u3053\u306e\u6a5f\u80fd\u306b\u3088\u308a\u3001\u5feb\u9069\u3055\u304c\u5897\u3057\u3001\u30c7\u30d0\u30a4\u30b9\u304c\u65e5\u5e38\u7684\u306b\u4f7f\u7528\u3067\u304d\u308b\u3088\u3046\u306b\u306a\u308a\u307e\u3059\u3002<\/p>\n<h2>\u591a\u69d8\u306a\u5473<\/h2>\n<p>Bang King Shisha 25000 \u3067\u306f\u3001\u3059\u3079\u3066\u306e\u5473\u306b\u5408\u3046\u3088\u3046\u306b\u614e\u91cd\u306b\u958b\u767a\u3055\u308c\u305f 12 \u7a2e\u985e\u306e\u30d5\u30ec\u30fc\u30d0\u30fc\u3092\u63d0\u4f9b\u3057\u3066\u3044\u307e\u3059\u3002 \u305d\u308c\u305e\u308c\u306e\u30d5\u30ec\u30fc\u30d0\u30fc\u306f\u3001\u5f37\u70c8\u3067\u672c\u7269\u306e\u4f53\u9a13\u3092\u63d0\u4f9b\u3059\u308b\u305f\u3081\u306b\u69cb\u6210\u3055\u308c\u3066\u3044\u307e\u3059\u3002<\/p>\n<ul>\n<li><strong>\u30d6\u30eb\u30fc\u30e9\u30ba\u30a2\u30a4\u30b9<\/strong>: \u7518\u9178\u3063\u3071\u3044\u30d6\u30eb\u30fc\u306e\u30e9\u30ba\u30d9\u30ea\u30fc\u3067\u3001\u51b7\u3084\u3084\u304b\u306a\u4ed5\u4e0a\u304c\u308a\u3067\u3059\u3002<\/li>\n<li><strong>\u30b8\u30e5\u30fc\u30b7\u30fc\u30d4\u30fc\u30c1\u30a2\u30a4\u30b9<\/strong>\u30b8\u30e5\u30fc\u30b7\u30fc\u306a\u30d4\u30fc\u30c1\u306b\u30af\u30fc\u30eb\u306a\u30e1\u30f3\u30c8\u30fc\u30eb\u306e\u9999\u308a\u3002<\/li>\n<li><strong>\u30b9\u30c8\u30ed\u30d9\u30ea\u30fc\u30fb\u30b9\u30a4\u30ab<\/strong>\u30a4\u30c1\u30b4\u3068\u30b9\u30a4\u30ab\u306e\u723d\u3084\u304b\u306a\u30df\u30c3\u30af\u30b9\u3002<\/li>\n<li><strong>\u30b9\u30a4\u30ab\u306e\u6c37<\/strong>\u30d5\u30ec\u30c3\u30b7\u30e5\u306a\u30b9\u30a4\u30ab\u306b\u6c37\u306e\u3088\u3046\u306a\u5f8c\u5473\u3002<\/li>\n<li><strong>\u30b9\u30c8\u30ed\u30d9\u30ea\u30fc\u30fb\u30d0\u30ca\u30ca<\/strong>: \u30af\u30ea\u30fc\u30df\u30fc\u306a\u30d0\u30ca\u30ca\u3068\u7518\u3044\u30a4\u30c1\u30b4\u3002<\/li>\n<li><strong>\u9178\u3063\u3071\u3044\u308a\u3093\u3054\u30a2\u30a4\u30b9<\/strong>: \u30b9\u30d1\u30fc\u30af\u30ea\u30f3\u30b0 \u30b0\u30ea\u30fc\u30f3 \u30a2\u30c3\u30d7\u30eb\u3068\u51b7\u305f\u3044\u30e1\u30f3\u30bd\u30fc\u30eb\u3002<\/li>\n<li><strong>\u30c8\u30ea\u30d7\u30eb\u30d9\u30ea\u30fc\u30a2\u30a4\u30b9<\/strong>: 3 \u3064\u306e\u30d9\u30ea\u30fc\u3068\u6c37\u306e\u3088\u3046\u306a\u30ce\u30fc\u30c8\u3092\u6df7\u305c\u5408\u308f\u305b\u307e\u3059\u3002<\/li>\n<li><strong>\u30c8\u30ed\u30d4\u30ab\u30eb\u30d5\u30eb\u30fc<\/strong>: \u591a\u5f69\u306a\u30c8\u30ed\u30d4\u30ab\u30eb \u30d5\u30eb\u30fc\u30c4\u304c\u5f37\u70c8\u306a\u5473\u308f\u3044<\/li>\n<li><strong>\u30c1\u30a7\u30ea\u30fc\u30dc\u30e0<\/strong>: \u5f37\u70c8\u306a\u98a8\u5473\u306e\u5f37\u3044\u30c1\u30a7\u30ea\u30fc\u3002<\/li>\n<li><strong>\u30b0\u30ec\u30fc\u30d7\u30a2\u30a4\u30b9<\/strong>\u7518\u3044\u30d6\u30c9\u30a6\u306b\u30af\u30fc\u30eb\u306a\u30d5\u30a3\u30cb\u30c3\u30b7\u30e5\u3002<\/li>\n<li><strong>\u30d4\u30fc\u30c1\u30fb\u30de\u30f3\u30b4\u30fc<\/strong>\u30b8\u30e5\u30fc\u30b7\u30fc\u306a\u6843\u3068\u30c8\u30ed\u30d4\u30ab\u30eb\u306a\u30de\u30f3\u30b4\u30fc\u306e\u7d44\u307f\u5408\u308f\u305b\u3002<\/li>\n<li><strong>\u30b9\u30c8\u30ed\u30d9\u30ea\u30fc\u30de\u30f3\u30b4\u30fc<\/strong>: \u30b9\u30c8\u30ed\u30d9\u30ea\u30fc \u30c8\u30ed\u30d4\u30ab\u30eb \u30de\u30f3\u30b4\u30fc\u3002<\/li>\n<\/ul>\n<h2>\u3088\u304f\u3042\u308b\u8cea\u554f (FAQ)<\/h2>\n<p>\u4ee5\u4e0b\u306b\u3001\u304a\u5ba2\u69d8\u304c Bang King Sisha 25000 \u306b\u3064\u3044\u3066\u3088\u304f\u3042\u308b\u8cea\u554f\u306e\u3044\u304f\u3064\u304b\u306b\u3064\u3044\u3066\u3001\u4e0d\u78ba\u5b9f\u6027\u306e\u53ef\u80fd\u6027\u3092\u660e\u78ba\u306b\u3059\u308b\u305f\u3081\u306b\u3044\u304f\u3064\u304b\u304a\u7b54\u3048\u3057\u307e\u3059\u3002<\/p>\n<p><strong>\u5f37\u6253\u738b\u30b7\u30fc\u30b7\u30e3 25000 \u306f\u3069\u306e\u304f\u3089\u3044\u6301\u3061\u307e\u3059\u304b?<\/strong><br \/>\n\u5bff\u547d\u306f\u4f7f\u7528\u983b\u5ea6\u306b\u3088\u3063\u3066\u7570\u306a\u308a\u307e\u3059\u304c\u3001\u6700\u5927 25,000 \u5217\u306e\u5217\u8eca\u3092\u4f7f\u7528\u3059\u308b\u3068\u3001\u30c7\u30d0\u30a4\u30b9\u306f\u5e73\u5747\u7684\u306a\u4f7f\u7528\u3067\u6570\u9031\u9593\u6301\u7d9a\u3057\u307e\u3059\u3002 \u9ad8\u6db2\u91cf\u5bb9\u91cf\u3068\u5f37\u529b\u306a\u30d0\u30c3\u30c6\u30ea\u30fc\u306b\u3088\u308a\u3001\u9577\u5bff\u547d\u306b\u8ca2\u732e\u3057\u307e\u3059\u3002<\/p>\n<p><strong>\u4f7f\u7528\u4e2d\u306b\u5473\u3092\u5909\u3048\u308b\u3053\u3068\u306f\u3067\u304d\u307e\u3059\u304b?<\/strong><br \/>\n\u3044\u3044\u3048\u3001Bang King Sisha 25000 \u306f\u3001\u30c7\u30d0\u30a4\u30b9\u3054\u3068\u306b\u3057\u3063\u304b\u308a\u3068\u3057\u305f\u5473\u308f\u3044\u306e\u4f7f\u3044\u6368\u3066\u30c7\u30d0\u30a4\u30b9\u3067\u3059\u3002 \u305f\u3060\u3057\u300112 \u7a2e\u985e\u306e\u30d5\u30ec\u30fc\u30d0\u30fc\u304b\u3089\u9078\u629e\u3057\u3066\u3001\u597d\u307f\u306e\u30aa\u30d7\u30b7\u30e7\u30f3\u3092\u898b\u3064\u3051\u308b\u3053\u3068\u304c\u3067\u304d\u307e\u3059\u3002<\/p>\n<p><strong>\u30d0\u30c3\u30c6\u30ea\u30fc\u306f\u4f7f\u3044\u6368\u3066\u306e\u30c7\u30d0\u30a4\u30b9\u3067\u3042\u3063\u3066\u3082\u3001\u672c\u5f53\u306b\u5145\u96fb\u53ef\u80fd\u3067\u3059\u304b?<\/strong><br \/>\n\u306f\u3044\u3001650mAh \u306e\u30d0\u30c3\u30c6\u30ea\u30fc\u306f Type-C \u30dd\u30fc\u30c8\u3067\u5145\u96fb\u3067\u304d\u307e\u3059\u3002 \u3053\u308c\u306b\u3088\u308a\u3001\u30d0\u30c3\u30c6\u30ea\u30fc\u304c\u6642\u671f\u5c1a\u65e9\u306b\u6d88\u8017\u3059\u308b\u3053\u3068\u306a\u304f\u3001\u30ea\u30ad\u30c3\u30c9\u304c\u4f7f\u3044\u679c\u305f\u3055\u308c\u308b\u307e\u3067\u3001\u30c7\u30d0\u30a4\u30b9\u3092\u5b8c\u5168\u306b\u5229\u7528\u3067\u304d\u307e\u3059\u3002<\/p>\n<p><strong>\u96fb\u5b50\u6db2\u4f53\u3092\u4f7f\u3044\u5207\u308b\u3068\u3069\u3046\u306a\u308b\u306e?<\/strong><br \/>\n\u96fb\u5b50\u6db2\u4f53\u3092\u4f7f\u3044\u5207\u308b\u3068\u3001\u30c7\u30d0\u30a4\u30b9\u3092\u88dc\u5145\u3067\u304d\u307e\u305b\u3093\u3002 \u73fe\u5730\u306e\u898f\u5236\u306b\u5f93\u3063\u3066\u3001\u5ec3\u68c4\u3057\u3001\u65b0\u3057\u3044\u30c7\u30d0\u30a4\u30b9\u3068\u4ea4\u63db\u3059\u308b\u5fc5\u8981\u304c\u3042\u308a\u307e\u3059\u3002<\/p>\n<p><strong>\u30cb\u30b3\u30c1\u30f3\u306e\u5f37\u307f\u306f\u3059\u3079\u3066\u306e\u30d5\u30ec\u30fc\u30d0\u30fc\u306b\u5229\u7528\u3067\u304d\u307e\u3059\u304b?<\/strong><br \/>\n\u306f\u3044\u300112 \u7a2e\u985e\u306e\u30d5\u30ec\u30fc\u30d0\u30fc\u306f\u3059\u3079\u3066\u30cb\u30b3\u30c1\u30f3 \u30b9\u30c8\u30ec\u30f3\u30b0\u30b9 0 %\u30012 %\u30013 %\u30015 % \u3067\u5229\u7528\u3067\u304d\u308b\u306e\u3067\u3001\u5fc5\u8981\u306a\u30d5\u30ec\u30fc\u30d0\u30fc\u3068\u30cb\u30b3\u30c1\u30f3\u306e\u7d44\u307f\u5408\u308f\u305b\u3092\u9078\u629e\u3067\u304d\u307e\u3059\u3002<\/p>\n<p><strong>Type-C \u30dd\u30fc\u30c8\u306f\u30d0\u30c3\u30c6\u30ea\u30fc\u3092\u3069\u306e\u304f\u3089\u3044\u306e\u901f\u3055\u3067\u5145\u96fb\u3057\u307e\u3059\u304b?<\/strong><br \/>\n\u5145\u96fb\u6642\u9593\u306f\u5145\u96fb\u5668\u306b\u3088\u3063\u3066\u7570\u306a\u308a\u307e\u3059\u304c\u3001Type-C \u30dd\u30fc\u30c8\u3067\u306f\u3001\u96fb\u6e90\u306b\u3088\u3063\u3066\u306f\u3001\u901a\u5e38\u3001\u7d04 30 \uff5e 60 \u5206\u4ee5\u5185\u306b\u30d5\u30eb\u5145\u96fb\u3067\u304d\u307e\u3059\u3002<\/p>\n<p><strong>\u30c7\u30d0\u30a4\u30b9\u306f\u3001Direct-to-Lung (DTL) \u30b9\u30bf\u30a4\u30eb\u306b\u9069\u3057\u3066\u3044\u307e\u3059\u304b?<\/strong><br \/>\n\u306f\u3044\u3001Bang King Shisha 25000 \u306f\u30010.6 \u30aa\u30fc\u30e0\u306e\u30e1\u30c3\u30b7\u30e5 \u30b3\u30a4\u30eb\u3068\u6700\u9069\u5316\u3055\u308c\u305f\u30a8\u30a2\u30d5\u30ed\u30fc \u30c6\u30af\u30ce\u30ed\u30b8\u306b\u3088\u3063\u3066\u30b5\u30dd\u30fc\u30c8\u3055\u308c\u308b\u3001\u76f4\u63a5\u80ba (DTL) \u5438\u5165\u7528\u306b\u7279\u5225\u306b\u8a2d\u8a08\u3055\u308c\u3066\u3044\u307e\u3059\u3002<\/p>","protected":false},"excerpt":{"rendered":"<p dir=\"auto\">Bang King Shisha 25000 \u4f7f\u3044\u6368\u3066\u96fb\u5b50\u30bf\u30d0\u30b3\u306f\u3001\u6700\u5927 25,000 \u5217\u306e\u5217\u8eca\u300130 ml \u306e\u30d7\u30ec\u30df\u30a2\u30e0\u96fb\u5b50\u6db2\u4f53\u3001650 mAh \u306e\u5145\u96fb\u5f0f\u30d0\u30c3\u30c6\u30ea\u30fc\u30010.6 \u30aa\u30fc\u30e0\u306e\u30e1\u30c3\u30b7\u30e5 \u30b3\u30a4\u30eb\u3001Type-C \u5145\u96fb\u30dd\u30fc\u30c8\u3092\u5099\u3048\u3066\u3044\u307e\u3059\u3002 0 % \u304b\u3089 5 % \u307e\u3067\u306e 12 \u7a2e\u985e\u306e\u5f37\u529b\u306a\u30d5\u30ec\u30fc\u30d0\u30fc\u3068\u30cb\u30b3\u30c1\u30f3\u5f37\u5ea6\u304c\u3042\u308a\u307e\u3059\u3002<\/p>","protected":false},"featured_media":7751,"comment_status":"open","ping_status":"closed","template":"","meta":[],"product_brand":[1180],"product_cat":[1154],"product_tag":[958,956,959],"class_list":{"0":"post-7750","1":"product","2":"type-product","3":"status-publish","4":"has-post-thumbnail","6":"product_brand-bang","7":"product_cat-25000-puffs","8":"product_tag-21k30kpuffs","9":"product_tag-25k-puffs","10":"product_tag-more-than-10kpuffs","12":"first","13":"instock","14":"sale","15":"shipping-taxable","16":"purchasable","17":"product-type-variable"},"yoast_head":"<!-- This site is optimized with the Yoast SEO plugin v25.8 - https:\/\/yoast.com\/wordpress\/plugins\/seo\/ -->\n<title>Bang King Shisha 25000 25K Puffs 30ml Einweg-E-Zigarette Original - ShopVapor<\/title>\n<meta name=\"description\" content=\"Bang King Shisha 25000 Einweg-E-Zigarette mit bis zu 25.000 Z\u00fcgen, 30 ml Premium-E-Liquid, 650 mAh wiederaufladbarem Akku, 0,6-Ohm-Mesh-Spule und Typ-C-Ladeanschluss. Erh\u00e4ltlich in 12 intensiven Geschmacksrichtungen und Nikotinst\u00e4rken von 0 % bis 5 %.\" \/>\n<meta name=\"robots\" content=\"index, follow, max-snippet:-1, max-image-preview:large, max-video-preview:-1\" \/>\n<link rel=\"canonical\" href=\"https:\/\/shopvapor.de\/ja\/product\/\u30d0\u30f3\u30ad\u30f3\u30b0\u30b7\u30fc\u30b7\u30e3-25000-25k-\u30d1\u30d5-30ml-\u4f7f\u3044\u6368\u3066-e-\u30bf\u30d0\u30b3-\u30aa\/\" \/>\n<meta property=\"og:locale\" content=\"ja_JP\" \/>\n<meta property=\"og:type\" content=\"article\" \/>\n<meta property=\"og:title\" content=\"Bang King Shisha 25000 25K Puffs 30ml Einweg-E-Zigarette Original - ShopVapor\" \/>\n<meta property=\"og:description\" content=\"Bang King Shisha 25000 Einweg-E-Zigarette mit bis zu 25.000 Z\u00fcgen, 30 ml Premium-E-Liquid, 650 mAh wiederaufladbarem Akku, 0,6-Ohm-Mesh-Spule und Typ-C-Ladeanschluss. Erh\u00e4ltlich in 12 intensiven Geschmacksrichtungen und Nikotinst\u00e4rken von 0 % bis 5 %.\" \/>\n<meta property=\"og:url\" content=\"https:\/\/shopvapor.de\/ja\/product\/\u30d0\u30f3\u30ad\u30f3\u30b0\u30b7\u30fc\u30b7\u30e3-25000-25k-\u30d1\u30d5-30ml-\u4f7f\u3044\u6368\u3066-e-\u30bf\u30d0\u30b3-\u30aa\/\" \/>\n<meta property=\"og:site_name\" content=\"ShopVapor\" \/>\n<meta property=\"article:modified_time\" content=\"2025-07-15T09:11:18+00:00\" \/>\n<meta property=\"og:image\" content=\"https:\/\/shopvapor.de\/wp-content\/uploads\/2025\/07\/bang-king-shisha-25000-25k-puffs-30ml-einweg-e-zigarette-original-8.jpg\" \/>\n\t<meta property=\"og:image:width\" content=\"1884\" \/>\n\t<meta property=\"og:image:height\" content=\"1920\" \/>\n\t<meta property=\"og:image:type\" content=\"image\/jpeg\" \/>\n<meta name=\"twitter:card\" content=\"summary_large_image\" \/>\n<meta name=\"twitter:label1\" content=\"\u63a8\u5b9a\u8aad\u307f\u53d6\u308a\u6642\u9593\" \/>\n\t<meta name=\"twitter:data1\" content=\"5\u5206\" \/>\n<!-- \/ Yoast SEO plugin. -->","yoast_head_json":{"title":"Bang King Shisha 25000 25K \u30d1\u30d5 30ml \u4f7f\u3044\u6368\u3066\u96fb\u5b50\u30bf\u30d0\u30b3 \u30aa\u30ea\u30b8\u30ca\u30eb - ShopVapor","description":"Bang King Shisha 25000 \u4f7f\u3044\u6368\u3066\u96fb\u5b50\u30bf\u30d0\u30b3\u306f\u3001\u6700\u5927 25,000 \u5217\u306e\u5217\u8eca\u300130 ml \u306e\u30d7\u30ec\u30df\u30a2\u30e0\u96fb\u5b50\u6db2\u4f53\u3001650 mAh \u306e\u5145\u96fb\u5f0f\u30d0\u30c3\u30c6\u30ea\u30fc\u30010.6 \u30aa\u30fc\u30e0\u306e\u30e1\u30c3\u30b7\u30e5 \u30b3\u30a4\u30eb\u3001Type-C \u5145\u96fb\u30dd\u30fc\u30c8\u3092\u5099\u3048\u3066\u3044\u307e\u3059\u3002 0 % \u304b\u3089 5 % \u307e\u3067\u306e 12 \u7a2e\u985e\u306e\u5f37\u529b\u306a\u30d5\u30ec\u30fc\u30d0\u30fc\u3068\u30cb\u30b3\u30c1\u30f3\u5f37\u5ea6\u304c\u3042\u308a\u307e\u3059\u3002","robots":{"index":"index","follow":"follow","max-snippet":"max-snippet:-1","max-image-preview":"max-image-preview:large","max-video-preview":"max-video-preview:-1"},"canonical":"https:\/\/shopvapor.de\/ja\/product\/\u30d0\u30f3\u30ad\u30f3\u30b0\u30b7\u30fc\u30b7\u30e3-25000-25k-\u30d1\u30d5-30ml-\u4f7f\u3044\u6368\u3066-e-\u30bf\u30d0\u30b3-\u30aa\/","og_locale":"ja_JP","og_type":"article","og_title":"Bang King Shisha 25000 25K Puffs 30ml Einweg-E-Zigarette Original - ShopVapor","og_description":"Bang King Shisha 25000 Einweg-E-Zigarette mit bis zu 25.000 Z\u00fcgen, 30 ml Premium-E-Liquid, 650 mAh wiederaufladbarem Akku, 0,6-Ohm-Mesh-Spule und Typ-C-Ladeanschluss. Erh\u00e4ltlich in 12 intensiven Geschmacksrichtungen und Nikotinst\u00e4rken von 0 % bis 5 %.","og_url":"https:\/\/shopvapor.de\/ja\/product\/\u30d0\u30f3\u30ad\u30f3\u30b0\u30b7\u30fc\u30b7\u30e3-25000-25k-\u30d1\u30d5-30ml-\u4f7f\u3044\u6368\u3066-e-\u30bf\u30d0\u30b3-\u30aa\/","og_site_name":"ShopVapor","article_modified_time":"2025-07-15T09:11:18+00:00","og_image":[{"width":1884,"height":1920,"url":"https:\/\/shopvapor.de\/wp-content\/uploads\/2025\/07\/bang-king-shisha-25000-25k-puffs-30ml-einweg-e-zigarette-original-8.jpg","type":"image\/jpeg"}],"twitter_card":"summary_large_image","twitter_misc":{"\u63a8\u5b9a\u8aad\u307f\u53d6\u308a\u6642\u9593":"5\u5206"},"schema":{"@context":"https:\/\/schema.org","@graph":[{"@type":"WebPage","@id":"https:\/\/shopvapor.de\/produkt\/bang-king-shisha-25000-25k-puffs-30ml-einweg-e-zigarette-original\/","url":"https:\/\/shopvapor.de\/produkt\/bang-king-shisha-25000-25k-puffs-30ml-einweg-e-zigarette-original\/","name":"Bang King Shisha 25000 25K \u30d1\u30d5 30ml \u4f7f\u3044\u6368\u3066\u96fb\u5b50\u30bf\u30d0\u30b3 \u30aa\u30ea\u30b8\u30ca\u30eb - ShopVapor","isPartOf":{"@id":"https:\/\/shopvapor.de\/#website"},"primaryImageOfPage":{"@id":"https:\/\/shopvapor.de\/produkt\/bang-king-shisha-25000-25k-puffs-30ml-einweg-e-zigarette-original\/#primaryimage"},"image":{"@id":"https:\/\/shopvapor.de\/produkt\/bang-king-shisha-25000-25k-puffs-30ml-einweg-e-zigarette-original\/#primaryimage"},"thumbnailUrl":"https:\/\/shopvapor.de\/wp-content\/uploads\/2025\/07\/bang-king-shisha-25000-25k-puffs-30ml-einweg-e-zigarette-original-8.jpg","datePublished":"2025-07-02T04:09:54+00:00","dateModified":"2025-07-15T09:11:18+00:00","description":"Bang King Shisha 25000 \u4f7f\u3044\u6368\u3066\u96fb\u5b50\u30bf\u30d0\u30b3\u306f\u3001\u6700\u5927 25,000 \u5217\u306e\u5217\u8eca\u300130 ml \u306e\u30d7\u30ec\u30df\u30a2\u30e0\u96fb\u5b50\u6db2\u4f53\u3001650 mAh \u306e\u5145\u96fb\u5f0f\u30d0\u30c3\u30c6\u30ea\u30fc\u30010.6 \u30aa\u30fc\u30e0\u306e\u30e1\u30c3\u30b7\u30e5 \u30b3\u30a4\u30eb\u3001Type-C \u5145\u96fb\u30dd\u30fc\u30c8\u3092\u5099\u3048\u3066\u3044\u307e\u3059\u3002 0 % \u304b\u3089 5 % \u307e\u3067\u306e 12 \u7a2e\u985e\u306e\u5f37\u529b\u306a\u30d5\u30ec\u30fc\u30d0\u30fc\u3068\u30cb\u30b3\u30c1\u30f3\u5f37\u5ea6\u304c\u3042\u308a\u307e\u3059\u3002","breadcrumb":{"@id":"https:\/\/shopvapor.de\/produkt\/bang-king-shisha-25000-25k-puffs-30ml-einweg-e-zigarette-original\/#breadcrumb"},"inLanguage":"ja","potentialAction":[{"@type":"ReadAction","target":["https:\/\/shopvapor.de\/produkt\/bang-king-shisha-25000-25k-puffs-30ml-einweg-e-zigarette-original\/"]}]},{"@type":"ImageObject","inLanguage":"ja","@id":"https:\/\/shopvapor.de\/produkt\/bang-king-shisha-25000-25k-puffs-30ml-einweg-e-zigarette-original\/#primaryimage","url":"https:\/\/shopvapor.de\/wp-content\/uploads\/2025\/07\/bang-king-shisha-25000-25k-puffs-30ml-einweg-e-zigarette-original-8.jpg","contentUrl":"https:\/\/shopvapor.de\/wp-content\/uploads\/2025\/07\/bang-king-shisha-25000-25k-puffs-30ml-einweg-e-zigarette-original-8.jpg","width":1884,"height":1920},{"@type":"BreadcrumbList","@id":"https:\/\/shopvapor.de\/produkt\/bang-king-shisha-25000-25k-puffs-30ml-einweg-e-zigarette-original\/#breadcrumb","itemListElement":[{"@type":"ListItem","position":1,"name":"Startseite","item":"https:\/\/shopvapor.de\/"},{"@type":"ListItem","position":2,"name":"Shop","item":"https:\/\/shopvapor.de\/shop\/"},{"@type":"ListItem","position":3,"name":"Bang King Shisha 25000 25K Puffs 30ml Einweg-E-Zigarette Original"}]},{"@type":"WebSite","@id":"https:\/\/shopvapor.de\/#website","url":"https:\/\/shopvapor.de\/","name":"\u30b7\u30e7\u30c3\u30d7\u30d9\u30fc\u30d1\u30fc","description":"","potentialAction":[{"@type":"SearchAction","target":{"@type":"EntryPoint","urlTemplate":"https:\/\/shopvapor.de\/?s={search_term_string}"},"query-input":{"@type":"PropertyValueSpecification","valueRequired":true,"valueName":"search_term_string"}}],"inLanguage":"ja"}]}},"_links":{"self":[{"href":"https:\/\/shopvapor.de\/ja\/wp-json\/wp\/v2\/product\/7750","targetHints":{"allow":["GET"]}}],"collection":[{"href":"https:\/\/shopvapor.de\/ja\/wp-json\/wp\/v2\/product"}],"about":[{"href":"https:\/\/shopvapor.de\/ja\/wp-json\/wp\/v2\/types\/product"}],"replies":[{"embeddable":true,"href":"https:\/\/shopvapor.de\/ja\/wp-json\/wp\/v2\/comments?post=7750"}],"version-history":[{"count":2,"href":"https:\/\/shopvapor.de\/ja\/wp-json\/wp\/v2\/product\/7750\/revisions"}],"predecessor-version":[{"id":12001,"href":"https:\/\/shopvapor.de\/ja\/wp-json\/wp\/v2\/product\/7750\/revisions\/12001"}],"wp:featuredmedia":[{"embeddable":true,"href":"https:\/\/shopvapor.de\/ja\/wp-json\/wp\/v2\/media\/7751"}],"wp:attachment":[{"href":"https:\/\/shopvapor.de\/ja\/wp-json\/wp\/v2\/media?parent=7750"}],"wp:term":[{"taxonomy":"product_brand","embeddable":true,"href":"https:\/\/shopvapor.de\/ja\/wp-json\/wp\/v2\/product_brand?post=7750"},{"taxonomy":"product_cat","embeddable":true,"href":"https:\/\/shopvapor.de\/ja\/wp-json\/wp\/v2\/product_cat?post=7750"},{"taxonomy":"product_tag","embeddable":true,"href":"https:\/\/shopvapor.de\/ja\/wp-json\/wp\/v2\/product_tag?post=7750"}],"curies":[{"name":"wp","href":"https:\/\/api.w.org\/{rel}","templated":true}]}}