{"id":7791,"date":"2025-07-02T04:10:09","date_gmt":"2025-07-02T04:10:09","guid":{"rendered":"https:\/\/shopvapor.de\/?post_type=product&#038;p=7791"},"modified":"2025-07-15T09:10:04","modified_gmt":"2025-07-15T09:10:04","slug":"bang-king-30000-30k-%e3%83%91%e3%83%95-%e6%96%b0%e5%93%81-%e3%83%80%e3%83%96%e3%83%ab%e3%83%9c%e3%82%bf%e3%83%b3%e4%bd%bf%e3%81%84%e6%8d%a8%e3%81%a6-e-%e3%82%bf%e3%83%90%e3%82%b3-%e3%82%aa%e3%83%aa","status":"publish","type":"product","link":"https:\/\/shopvapor.de\/ja\/product\/bang-king-30000-30k-%e3%83%91%e3%83%95-%e6%96%b0%e5%93%81-%e3%83%80%e3%83%96%e3%83%ab%e3%83%9c%e3%82%bf%e3%83%b3%e4%bd%bf%e3%81%84%e6%8d%a8%e3%81%a6-e-%e3%82%bf%e3%83%90%e3%82%b3-%e3%82%aa%e3%83%aa\/","title":{"rendered":"Bang King 30000 30K \u30d1\u30d5 \u65b0\u54c1 \u30c0\u30d6\u30eb\u30dc\u30bf\u30f3\u4f7f\u3044\u6368\u3066\u96fb\u5b50\u30bf\u30d0\u30b3 \u30aa\u30ea\u30b8\u30ca\u30eb"},"content":{"rendered":"<h2>Bang King 30000 - \u5370\u8c61\u7684\u306a\u30d1\u30d5\u30a9\u30fc\u30de\u30f3\u30b9\u3092\u5099\u3048\u305f\u9ad8\u54c1\u8cea\u306e\u4f7f\u3044\u6368\u3066\u96fb\u5b50\u30bf\u30d0\u30b3<\/h2>\n<p>Bang King 30000 \u4f7f\u3044\u6368\u3066\u96fb\u5b50\u30bf\u30d0\u30b3\u306f\u3001\u305d\u306e\u5370\u8c61\u7684\u306a\u5bb9\u91cf\u3068\u9ad8\u5ea6\u306a\u6280\u8853\u306b\u3088\u308a\u3001\u4f7f\u3044\u6368\u3066\u306e\u96fb\u5b50\u30bf\u30d0\u30b3\u306e\u5206\u91ce\u306b\u65b0\u305f\u306a\u30d9\u30f3\u30c1\u30de\u30fc\u30af\u3092\u8a2d\u5b9a\u3057\u307e\u3059\u3002 \u6700\u5927 30,000 \u5217\u306e\u5217\u8eca\u3068 36 ml \u306e\u5927\u91cf\u306e\u96fb\u5b50\u6db2\u4f53\u5bb9\u91cf\u3092\u5099\u3048\u305f\u3053\u306e\u30c7\u30d0\u30a4\u30b9\u306f\u3001\u518d\u5145\u586b\u3084\u983b\u7e41\u306a\u5145\u96fb\u3092\u305b\u305a\u306b\u9577\u6642\u9593\u306e\u697d\u3057\u307f\u3092\u63d0\u4f9b\u3057\u307e\u3059\u3002 \u6709\u540d\u306a\u30d0\u30f3\u30ad\u30f3\u30b0\u30d6\u30e9\u30f3\u30c9\u306b\u3088\u3063\u3066\u958b\u767a\u3055\u308c\u305f\u3053\u306e\u88fd\u54c1\u306f\u3001\u54c1\u8cea\u3068\u4fe1\u983c\u6027\u3092\u8868\u3057\u3066\u3044\u307e\u3059\u3002 \u9769\u65b0\u7684\u306a\u30c7\u30e5\u30a2\u30eb\u30d5\u30ec\u30fc\u30d0\u30fc\u6280\u8853\u306b\u3088\u308a\u30012 \u3064\u306e\u30d5\u30ec\u30fc\u30d0\u30fc\u3092\u5207\u308a\u66ff\u3048\u308b\u3053\u3068\u304c\u3067\u304d\u3001\u30c7\u30b8\u30bf\u30eb LED \u30c7\u30a3\u30b9\u30d7\u30ec\u30a4\u306f\u5e38\u306b\u30d0\u30c3\u30c6\u30ea\u30fc\u3068\u30ea\u30ad\u30c3\u30c9\u306e\u72b6\u614b\u3092\u8ffd\u8de1\u3057\u307e\u3059\u3002 \u30cb\u30b3\u30c1\u30f3\u306e\u5f37\u307f\u3068\u3055\u307e\u3056\u307e\u306a\u30d5\u30ec\u30fc\u30d0\u30fc\u306e\u30bb\u30ec\u30af\u30b7\u30e7\u30f3\u306b\u3088\u308a\u3001\u5f37\u70c8\u306a\u5473\u3068\u5b9f\u7528\u7684\u306a\u30cf\u30f3\u30c9\u30ea\u30f3\u30b0\u3092\u91cd\u8996\u3059\u308b\u8981\u6c42\u306e\u53b3\u3057\u3044\u30e6\u30fc\u30b6\u30fc\u306b\u30a2\u30d4\u30fc\u30eb\u3057\u307e\u3059\u3002<\/p>\n<h2>\u88fd\u54c1\u30d1\u30e9\u30e1\u30fc\u30bf\u30fc\u8a73\u7d30<\/h2>\n<p>Bang King 30000 \u306f\u3001\u6700\u65b0\u306e\u30c6\u30af\u30ce\u30ed\u30b8\u30fc\u3068\u30e6\u30fc\u30b6\u30fc \u30d5\u30ec\u30f3\u30c9\u30ea\u30fc\u306a\u30c7\u30b6\u30a4\u30f3\u3092\u7d44\u307f\u5408\u308f\u305b\u3066\u3044\u307e\u3059\u3002 \u4ee5\u4e0b\u306f\u3001\u3053\u306e\u30c7\u30d0\u30a4\u30b9\u3092\u512a\u308c\u305f\u9078\u629e\u80a2\u306b\u3059\u308b\u6280\u8853\u4ed5\u69d8\u3068\u305d\u306e\u5229\u70b9\u306e\u8a73\u7d30\u306a\u6982\u8981\u3067\u3059\u3002<\/p>\n<h3>\u96fb\u8eca: 30,000 \u307e\u3067<\/h3>\n<p>\u6700\u5927 30,000 \u5217\u306e\u5217\u8eca\u306e\u53ce\u5bb9\u80fd\u529b\u3092\u6301\u3064 Bang King 30000 \u306f\u3001\u975e\u5e38\u306b\u9577\u3044\u8010\u7528\u5e74\u6570\u3092\u63d0\u4f9b\u3057\u307e\u3059\u3002 \u3053\u306e\u6570\u306e\u5217\u8eca\u306b\u3088\u308a\u3001\u4ea4\u63db\u3092\u5fc5\u8981\u3068\u305b\u305a\u306b\u30c7\u30d0\u30a4\u30b9\u3092\u6570\u9031\u9593\u4f7f\u7528\u3067\u304d\u308b\u3088\u3046\u306b\u306a\u308a\u307e\u3059\u3002 \u3053\u308c\u306f\u3001\u983b\u7e41\u306b\u4ea4\u63db\u3059\u308b\u3053\u3068\u306a\u304f\u3001\u8010\u4e45\u6027\u306e\u3042\u308b\u88fd\u54c1\u3092\u63a2\u3057\u3066\u3044\u308b\u30e6\u30fc\u30b6\u30fc\u306b\u3068\u3063\u3066\u7279\u306b\u4fbf\u5229\u3067\u3059\u3002<\/p>\n<h3>E\u30ea\u30ad\u30c3\u30c9\u5bb9\u91cf\uff1a36ml<\/h3>\n<p>36 ml \u306e\u5927\u91cf\u306e\u96fb\u5b50\u6db2\u4f53\u5bb9\u91cf\u306b\u3088\u308a\u3001\u88dc\u5145\u3057\u306a\u304f\u3066\u3082\u9577\u6301\u3061\u3057\u307e\u3059\u3002 \u3053\u306e\u5bb9\u91cf\u306b\u3088\u308a\u3001\u6700\u521d\u304b\u3089\u6700\u5f8c\u306e\u4f7f\u7528\u307e\u3067\u5473\u304c\u4e00\u8cab\u3057\u3066\u7dad\u6301\u3055\u308c\u3001\u30c7\u30d0\u30a4\u30b9\u306e\u4fdd\u5b88\u306b\u304b\u304b\u308b\u52b4\u529b\u304c\u5927\u5e45\u306b\u8efd\u6e1b\u3055\u308c\u307e\u3059\u3002<\/p>\n<h3>\u30cb\u30b3\u30c1\u30f3\u306e\u5f37\u3055\uff1a0 %\u30012 %\u30013 %\u30015 %<\/h3>\n<p>Bang King 30000 \u306f\u3001\u30e6\u30fc\u30b6\u30fc\u306e\u500b\u4eba\u306e\u597d\u307f\u306b\u5408\u308f\u305b\u3066\u30014 \u3064\u306e\u30cb\u30b3\u30c1\u30f3\u5f37\u5ea6 (0 %\u30012 %\u30013 %\u3001\u304a\u3088\u3073 5 %) \u3067\u5229\u7528\u3067\u304d\u307e\u3059\u3002 \u7d14\u7c8b\u306a\u5473\u306f\u30cb\u30b3\u30c1\u30f3\u3092\u542b\u307e\u306a\u3044\u5834\u5408\u3067\u3082\u3001\u3088\u308a\u5f37\u70c8\u306a\u4f53\u9a13\u3092\u3059\u308b\u305f\u3081\u306b\u30cb\u30b3\u30c1\u30f3\u3092\u4f7f\u7528\u3059\u308b\u5834\u5408\u3067\u3082\u3001\u9078\u629e\u306b\u3088\u308a\u3001\u500b\u4eba\u306e\u30cb\u30fc\u30ba\u306b\u67d4\u8edf\u306b\u9069\u5fdc\u3067\u304d\u307e\u3059\u3002<\/p>\n<h3>\u30d0\u30c3\u30c6\u30ea\u30fc: 550 mAh\u3001Type-C \u7d4c\u7531\u3067\u518d\u5145\u96fb\u53ef\u80fd<\/h3>\n<p>\u5185\u8535\u306e 550 mAh \u30d0\u30c3\u30c6\u30ea\u30fc\u306f\u5145\u96fb\u5f0f\u3067\u3001\u6700\u65b0\u306e Type-C \u30dd\u30fc\u30c8\u3092\u4f7f\u7528\u3057\u3066\u3001\u9ad8\u901f\u304b\u3064\u52b9\u7387\u7684\u306a\u5145\u96fb\u3092\u5b9f\u73fe\u3057\u307e\u3059\u3002 \u3053\u308c\u306b\u3088\u308a\u3001\u30c7\u30d0\u30a4\u30b9\u306f\u3044\u3064\u3067\u3082\u4f7f\u7528\u3067\u304d\u308b\u72b6\u614b\u306b\u306a\u308a\u3001\u9577\u6642\u9593\u306e\u5145\u96fb\u30b5\u30a4\u30af\u30eb\u306b\u3088\u308b\u30c0\u30a6\u30f3\u30bf\u30a4\u30e0\u304c\u6700\u5c0f\u9650\u306b\u6291\u3048\u3089\u308c\u307e\u3059\u3002<\/p>\n<h3>\u30b3\u30a2: 1.0 \u30aa\u30fc\u30e0\u306e\u30e1\u30c3\u30b7\u30e5 \u30b3\u30a4\u30eb<\/h3>\n<p>\u9ad8\u54c1\u8cea\u306e 1.0 \u30aa\u30fc\u30e0 \u30e1\u30c3\u30b7\u30e5 \u30b3\u30a4\u30eb\u306f\u3001\u96fb\u5b50\u6db2\u4f53\u306e\u5747\u4e00\u306a\u52a0\u71b1\u3092\u4fdd\u8a3c\u3057\u3001\u5f37\u70c8\u306a\u5473\u3068\u9ad8\u5bc6\u5ea6\u306e\u84b8\u6c17\u751f\u6210\u3092\u3082\u305f\u3089\u3057\u307e\u3059\u3002 \u3053\u306e\u6280\u8853\u306f\u5473\u306e\u8cea\u3092\u6700\u5927\u5316\u3057\u3001\u3059\u3079\u3066\u306e\u5217\u8eca\u3067\u4e00\u8cab\u3057\u305f\u4f53\u9a13\u3092\u4fdd\u8a3c\u3057\u307e\u3059\u3002<\/p>\n<h3>\u6c17\u6d41: \u8abf\u6574\u53ef\u80fd<\/h3>\n<p>\u8abf\u6574\u53ef\u80fd\u306a\u30a8\u30a2\u30d5\u30ed\u30fc\u6a5f\u80fd\u306b\u3088\u308a\u3001\u30e6\u30fc\u30b6\u30fc\u306f\u597d\u307f\u306b\u5fdc\u3058\u3066\u30d7\u30eb\u62b5\u6297\u3092\u8abf\u6574\u3067\u304d\u307e\u3059\u3002 \u30a8\u30a2\u30ea\u30fc\u307e\u305f\u306f\u30bf\u30a4\u30c8\u306a\u5217\u8eca\u306e\u3069\u3061\u3089\u304c\u597d\u3080\u304b\u306b\u95a2\u4fc2\u306a\u304f\u3001\u3053\u306e\u6a5f\u80fd\u306f\u6700\u5927\u9650\u306e\u67d4\u8edf\u6027\u3068\u5feb\u9069\u3055\u3092\u63d0\u4f9b\u3057\u307e\u3059\u3002<\/p>\n<h3>\u30c7\u30a3\u30b9\u30d7\u30ec\u30a4: \u30c7\u30b8\u30bf\u30eb LED \u30a4\u30f3\u30b8\u30b1\u30fc\u30bf<\/h3>\n<p>\u7d71\u5408\u3055\u308c\u305f\u30c7\u30b8\u30bf\u30eb LED \u30c7\u30a3\u30b9\u30d7\u30ec\u30a4\u306f\u3001\u30d0\u30c3\u30c6\u30ea\u30fc \u30ec\u30d9\u30eb\u3068\u96fb\u5b50\u6db2\u4f53\u30ec\u30d9\u30eb\u306b\u95a2\u3059\u308b\u30ea\u30a2\u30eb\u30bf\u30a4\u30e0\u306e\u60c5\u5831\u3092\u63d0\u4f9b\u3057\u307e\u3059\u3002 \u3053\u306e\u30e6\u30fc\u30b6\u30fc\u30d5\u30ec\u30f3\u30c9\u30ea\u30fc\u306a\u6a5f\u80fd\u306b\u3088\u308a\u3001\u900f\u660e\u6027\u304c\u78ba\u4fdd\u3055\u308c\u3001\u4e88\u671f\u3057\u306a\u3044\u4e2d\u65ad\u3092\u9632\u3050\u305f\u3081\u306b\u6700\u9069\u306a\u4f7f\u7528\u8a08\u753b\u304c\u5f97\u3089\u308c\u307e\u3059\u3002<\/p>\n<h3>\u30c7\u30e5\u30a2\u30eb\u30d5\u30ec\u30fc\u30d0\u30fc\u6280\u8853<\/h3>\n<p>\u9769\u65b0\u7684\u306a\u30c7\u30e5\u30a2\u30eb\u30d5\u30ec\u30fc\u30d0\u30fc\u6280\u8853\u306b\u3088\u308a\u30011 \u3064\u306e\u30c7\u30d0\u30a4\u30b9\u5185\u3067 2 \u3064\u306e\u7570\u306a\u308b\u30d5\u30ec\u30fc\u30d0\u30fc\u3092\u5207\u308a\u66ff\u3048\u308b\u3053\u3068\u304c\u3067\u304d\u307e\u3059\u3002 \u3053\u306e\u6a5f\u80fd\u306f\u3001\u30e6\u30fc\u30b6\u30fc\u306e\u6c17\u5206\u306b\u5fdc\u3058\u3066\u30d5\u30ec\u30fc\u30d0\u30fc\u3092\u5207\u308a\u66ff\u3048\u308b\u3053\u3068\u304c\u3067\u304d\u308b\u305f\u3081\u3001\u3055\u307e\u3056\u307e\u306a\u6a5f\u80fd\u3092\u63d0\u4f9b\u3057\u3001\u697d\u3057\u307f\u3092\u5897\u3084\u3057\u307e\u3059\u3002<\/p>\n<h2>\u3042\u3089\u3086\u308b\u5473\u306e\u5473<\/h2>\n<p>Bang King 30000 \u306f\u3001\u3055\u307e\u3056\u307e\u306a\u597d\u307f\u306b\u5408\u308f\u305b\u3066\u614e\u91cd\u306b\u8a2d\u8a08\u3055\u308c\u305f\u5e45\u5e83\u3044\u30d5\u30ec\u30fc\u30d0\u30fc\u3092\u63d0\u4f9b\u3057\u307e\u3059\u3002 \u305d\u308c\u305e\u308c\u306e\u30d5\u30ec\u30fc\u30d0\u30fc\u306f\u3001\u5f37\u70c8\u3067\u672c\u683c\u7684\u306a\u9999\u308a\u3092\u5c4a\u3051\u308b\u3088\u3046\u306b\u8a2d\u8a08\u3055\u308c\u3066\u3044\u307e\u3059\u3002 \u4ee5\u4e0b\u306f\u3001\u5229\u7528\u53ef\u80fd\u306a\u30aa\u30d7\u30b7\u30e7\u30f3\u3067\u3059\u3002<\/p>\n<ul>\n<li><strong>\u3044\u3061\u3054\u30b9\u30a4\u30ab:<\/strong> \u3044\u3061\u3054\u3068\u30b9\u30a4\u30ab\u3067\u723d\u3084\u304b\u306a\u30d6\u30ec\u30f3\u30c9\u306b\u3002<\/li>\n<li><strong>\u30d6\u30eb\u30fc\u30d9\u30ea\u30fc\u30a2\u30a4\u30b9:<\/strong> \u30b8\u30e5\u30fc\u30b7\u30fc\u306a\u30d6\u30eb\u30fc\u30d9\u30ea\u30fc\u3068\u51b7\u305f\u3044\u30e1\u30f3\u30c8\u30fc\u30eb\u3002<\/li>\n<li><strong>\u65b0\u9bae\u306a\u30df\u30f3\u30c8:<\/strong> \u723d\u3084\u304b\u306a\u30df\u30f3\u30c8\u306e\u5473\u308f\u3044\u304c\u3001\u723d\u5feb\u306a\u4f53\u9a13\u3092\u63d0\u4f9b\u3057\u307e\u3059\u3002<\/li>\n<li><strong>\u30b9\u30c8\u30ed\u30d9\u30ea\u30fc\u30b0\u30ec\u30fc\u30d7:<\/strong> \u30d5\u30eb\u30fc\u30c6\u30a3\u30fc\u306a\u4f53\u9a13\u306e\u305f\u3081\u306e\u30a4\u30c1\u30b4\u3068\u7518\u3044\u30d6\u30c9\u30a6\u3002<\/li>\n<li><strong>\u30d6\u30eb\u30fc\u30d9\u30ea\u30fc \u30af\u30e9\u30f3\u30d9\u30ea\u30fc \u30c1\u30a7\u30ea\u30fc:<\/strong> \u8907\u96d1\u306a\u6df7\u5408\u7269\u306e\u305f\u3081\u306e\u30d6\u30eb\u30fc\u30d9\u30ea\u30fc\u3001\u30af\u30e9\u30f3\u30d9\u30ea\u30fc\u3001\u30c1\u30a7\u30ea\u30fc\u3002<\/li>\n<li><strong>\u30b9\u30a4\u30ab:<\/strong> \u81ea\u7136\u306a\u7518\u3055\u306e\u7d14\u7c8b\u306a\u30b9\u30a4\u30ab\u306e\u98a8\u5473\u3002<\/li>\n<li><strong>\u30b9\u30c8\u30ed\u30d9\u30ea\u30fc\u30ad\u30a6\u30a4:<\/strong> \u30b8\u30e5\u30fc\u30b7\u30fc\u306a\u30ad\u30a6\u30a4\u306e\u30a4\u30c1\u30b4\u3002<\/li>\n<li><strong>\u30df\u30f3\u30c8\u30d6\u30eb\u30fc\u306e\u30e9\u30ba:<\/strong> \u30df\u30f3\u30c8\u306b\u7518\u9178\u3063\u3071\u3044\u30e9\u30ba\u30d9\u30ea\u30fc\u3092\u5408\u308f\u305b\u305f\u3082\u306e\u3002<\/li>\n<li><strong>\u30c8\u30ea\u30d7\u30eb\u30d9\u30ea\u30fc:<\/strong> 3\u3064\u306e\u30d9\u30ea\u30fc\u3092\u30df\u30c3\u30af\u30b9\u3057\u3066\u3001\u5f37\u70c8\u306a\u5473\u308f\u3044\u306b\u3002<\/li>\n<li><strong>\u30b9\u30a4\u30ab\u30c1\u30a7\u30ea\u30fc:<\/strong> \u30b8\u30e5\u30fc\u30b7\u30fc\u306a\u30c1\u30a7\u30ea\u30fc\u3092\u6dfb\u3048\u305f\u30b9\u30a4\u30ab\u3002<\/li>\n<li><strong>\u30e9\u30ba\u30d9\u30ea\u30fc\u30c0\u30fc\u30af\u30b9\u30d1\u30fc\u30af\u30eb:<\/strong> \u30c0\u30fc\u30af\u3067\u30d5\u30eb\u30fc\u30c6\u30a3\u30fc\u306a\u9999\u308a\u306e\u3042\u308b\u8f1d\u304f\u30e9\u30ba\u30d9\u30ea\u30fc\u3002<\/li>\n<li><strong>\u30d6\u30eb\u30fc\u30d9\u30ea\u30fc \u30e9\u30ba\u30d9\u30ea\u30fc:<\/strong> \u30d6\u30eb\u30fc\u30d9\u30ea\u30fc\u3068\u30b8\u30e5\u30fc\u30b7\u30fc\u306a\u30e9\u30ba\u30d9\u30ea\u30fc\u306e\u7d44\u307f\u5408\u308f\u305b\u3002<\/li>\n<\/ul>\n<h2>\u3088\u304f\u3042\u308b\u8cea\u554f (FAQ) \u30d0\u30f3\u30ad\u30f3\u30b030000\u306b\u3064\u3044\u3066<\/h2>\n<p>\u3053\u3053\u3067\u306f\u3001\u30c7\u30d0\u30a4\u30b9\u306e\u4f7f\u7528\u3068\u30e1\u30f3\u30c6\u30ca\u30f3\u30b9\u306b\u5f79\u7acb\u3064\u6700\u3082\u4e00\u822c\u7684\u306a Bang King 30000 \u4f7f\u3044\u6368\u3066\u96fb\u5b50\u30bf\u30d0\u30b3\u306b\u95a2\u3059\u308b\u8cea\u554f\u306b\u304a\u7b54\u3048\u3057\u307e\u3059\u3002<\/p>\n<p><strong>Bang King 30000 \u30d0\u30c3\u30c6\u30ea\u30fc\u306f\u3069\u306e\u304f\u3089\u3044\u6301\u3061\u307e\u3059\u304b?<\/strong><br \/>\n550 mAh \u306e\u30d0\u30c3\u30c6\u30ea\u30fc\u306f\u3001\u4f7f\u7528\u983b\u5ea6\u306b\u5fdc\u3058\u3066\u6570\u65e5\u9593\u306e\u4f7f\u7528\u306b\u8010\u3048\u308b\u3088\u3046\u306b\u8a2d\u8a08\u3055\u308c\u3066\u3044\u307e\u3059\u3002 Type-C \u30dd\u30fc\u30c8\u306e\u304a\u304b\u3052\u3067\u3001\u30d0\u30c3\u30c6\u30ea\u30fc\u3092\u3059\u3070\u3084\u304f\u518d\u5145\u96fb\u3067\u304d\u308b\u305f\u3081\u3001\u30c7\u30d0\u30a4\u30b9\u306f\u3059\u3050\u306b\u4f7f\u7528\u3067\u304d\u307e\u3059\u3002<\/p>\n<p><strong>\u30c7\u30e5\u30a2\u30eb \u30d5\u30ec\u30fc\u30d0\u30fc \u30e2\u30fc\u30c9\u3067\u81ea\u5206\u3067\u30d5\u30ec\u30fc\u30d0\u30fc\u3092\u9078\u629e\u3067\u304d\u307e\u3059\u304b?<\/strong><br \/>\n\u30c7\u30e5\u30a2\u30eb \u30d5\u30ec\u30fc\u30d0\u30fc \u30e2\u30fc\u30c9\u306e\u30d5\u30ec\u30fc\u30d0\u30fc\u306f\u4e8b\u524d\u306b\u8a2d\u5b9a\u3055\u308c\u3066\u3044\u308b\u305f\u3081\u3001\u30ab\u30b9\u30bf\u30de\u30a4\u30ba\u3067\u304d\u307e\u305b\u3093\u3002 \u305f\u3060\u3057\u3001\u8abf\u548c\u306e\u3068\u308c\u305f\u5473\u899a\u4f53\u9a13\u3092\u63d0\u4f9b\u3059\u308b\u305f\u3081\u306b\u3001\u7d44\u307f\u5408\u308f\u305b\u304c\u614e\u91cd\u306b\u9078\u629e\u3055\u308c\u307e\u3057\u305f\u3002<\/p>\n<p><strong>\u96fb\u5b50\u6db2\u4f53\u3092\u4f7f\u3044\u5207\u308b\u3068\u3069\u3046\u306a\u308b\u306e?<\/strong><br \/>\nBang King 30000 \u306f\u4f7f\u3044\u6368\u3066\u96fb\u5b50\u30bf\u30d0\u30b3\u3067\u3001\u518d\u5145\u586b\u3067\u304d\u307e\u305b\u3093\u3002 \u96fb\u5b50\u6db2\u4f53\u3092\u4f7f\u3044\u5207\u3063\u305f\u3089\u3001\u88c5\u7f6e\u3092\u5ec3\u68c4\u3057\u3066\u65b0\u3057\u3044\u3082\u306e\u306b\u7f6e\u304d\u63db\u3048\u308b\u5fc5\u8981\u304c\u3042\u308a\u307e\u3059\u3002<\/p>\n<p><strong>LED \u30c7\u30a3\u30b9\u30d7\u30ec\u30a4\u306e\u4fe1\u983c\u6027\u306f?<\/strong><br \/>\n\u30c7\u30b8\u30bf\u30eb LED \u30c7\u30a3\u30b9\u30d7\u30ec\u30a4\u306f\u9ad8\u7cbe\u5ea6\u3067\u3001\u73fe\u5728\u306e\u30d0\u30c3\u30c6\u30ea\u30fc\u3068\u96fb\u5b50\u6db2\u4f53\u306e\u72b6\u614b\u3092\u30ea\u30a2\u30eb\u30bf\u30a4\u30e0\u3067\u8868\u793a\u3057\u307e\u3059\u3002 \u3053\u308c\u306f\u3001\u30e6\u30fc\u30b6\u30fc\u304c\u30c7\u30d0\u30a4\u30b9\u306e\u30b9\u30c6\u30fc\u30bf\u30b9\u3092\u6b63\u78ba\u306b\u5236\u5fa1\u3067\u304d\u308b\u3088\u3046\u306b\u8a2d\u8a08\u3055\u308c\u3066\u3044\u307e\u3059\u3002<\/p>\n<p><strong>\u30d0\u30c3\u30c6\u30ea\u30fc\u306e\u4e0d\u826f\u306a\u3069\u3001\u54c1\u8cea\u306b\u554f\u984c\u304c\u3042\u308a\u307e\u3059\u304b?<\/strong><br \/>\nBang King \u88fd\u54c1\u306f\u53b3\u683c\u306a\u54c1\u8cea\u7ba1\u7406\u306e\u5bfe\u8c61\u3068\u306a\u308a\u307e\u3059\u3002 \u305d\u308c\u3067\u3082\u30d0\u30c3\u30c6\u30ea\u30fc\u306e\u4e0d\u826f\u306a\u3069\u306e\u554f\u984c\u304c\u767a\u751f\u3059\u308b\u5834\u5408\u306f\u3001\u30ab\u30b9\u30bf\u30de\u30fc \u30b5\u30fc\u30d3\u30b9\u306b\u9023\u7d61\u3059\u308b\u3053\u3068\u3092\u304a\u52e7\u3081\u3057\u307e\u3059\u3002 \u539f\u5247\u3068\u3057\u3066\u3001\u8a3c\u62e0\u304c\u63d0\u4f9b\u3055\u308c\u305f\u5834\u5408\u3001\u4ea4\u63db\u307e\u305f\u306f\u6255\u3044\u623b\u3057\u304c\u63d0\u4f9b\u3055\u308c\u307e\u3059\u3002<\/p>\n<p><strong>\u4f7f\u7528\u5f8c\u306b Bang King 30000 \u3092\u51e6\u5206\u3059\u308b\u306b\u306f\u3069\u3046\u3059\u308c\u3070\u3088\u3044\u3067\u3059\u304b?<\/strong><br \/>\nBang King 30000 \u306f\u3001\u5730\u5143\u306e\u96fb\u5b50\u5ec3\u68c4\u7269\u306e\u898f\u5236\u306b\u5f93\u3063\u3066\u51e6\u5206\u3059\u308b\u5fc5\u8981\u304c\u3042\u308a\u307e\u3059\u3002 \u30c7\u30d0\u30a4\u30b9\u3092\u5bb6\u5ead\u306e\u5ec3\u68c4\u7269\u306b\u6368\u3066\u306a\u3044\u3067\u304f\u3060\u3055\u3044\u3002\u9069\u5207\u306a\u53ce\u96c6\u5834\u6240\u306b\u6301\u3061\u8fbc\u3093\u3067\u304f\u3060\u3055\u3044\u3002<\/p>","protected":false},"excerpt":{"rendered":"<p dir=\"auto\">Bang King 30000 \u4f7f\u3044\u6368\u3066\u53ef\u80fd\u306a 30,000 \u30d4\u30b0\u306e\u96fb\u5b50\u30bf\u30d0\u30b3\u300136 ml \u96fb\u5b50\u6db2\u4f53\u3001550 mAh \u30d0\u30c3\u30c6\u30ea\u30fc\u3001\u30bf\u30a4\u30d7 C \u5145\u96fb\u30011.0 \u30aa\u30fc\u30e0 \u30e1\u30c3\u30b7\u30e5 \u30b3\u30a4\u30eb\u3001\u8abf\u6574\u53ef\u80fd\u306a\u30a8\u30a2\u30d5\u30ed\u30fc\u3001\u30c7\u30b8\u30bf\u30eb LED \u30c7\u30a3\u30b9\u30d7\u30ec\u30a4\u3001\u30c7\u30e5\u30a2\u30eb \u30d5\u30ec\u30fc\u30d0\u30fc \u30c6\u30af\u30ce\u30ed\u30b8\u30fc\u3002 \u30cb\u30b3\u30c1\u30f3\u306e\u5f37\u3055: 0 %\u30012 %\u30013 %\u30015 %. \u3055\u307e\u3056\u307e\u306a\u30d5\u30ec\u30fc\u30d0\u30fc\u3092\u4f7f\u7528\u3057\u3066\u3001\u5f37\u70c8\u306a\u697d\u3057\u307f\u3092\u63d0\u4f9b\u3057\u307e\u3059\u3002<\/p>","protected":false},"featured_media":7815,"comment_status":"open","ping_status":"closed","template":"","meta":[],"product_brand":[1180],"product_cat":[1167],"product_tag":[960,959],"class_list":{"0":"post-7791","1":"product","2":"type-product","3":"status-publish","4":"has-post-thumbnail","6":"product_brand-bang","7":"product_cat-30000-puffs","8":"product_tag-30k-puffs","9":"product_tag-more-than-10kpuffs","11":"first","12":"instock","13":"sale","14":"shipping-taxable","15":"purchasable","16":"product-type-variable"},"yoast_head":"<!-- This site is optimized with the Yoast SEO plugin v25.8 - https:\/\/yoast.com\/wordpress\/plugins\/seo\/ -->\n<title>Bang King 30000 30k Puffs New Double Taste Einweg-E-Zigarette Original - ShopVapor<\/title>\n<meta name=\"description\" content=\"Bang King 30000 Einweg-E-Zigarette mit 30.000 Z\u00fcgen, 36 ml E-Liquid, 550 mAh Akku, Typ-C-Ladung, 1,0-Ohm-Mesh-Spule, einstellbarem Luftstrom, digitaler LED-Anzeige und Dual-Flavor-Technologie. Nikotinst\u00e4rken: 0 %, 2 %, 3 %, 5 %. Vielf\u00e4ltige Geschmacksrichtungen f\u00fcr intensiven Genuss.\" \/>\n<meta name=\"robots\" content=\"index, follow, max-snippet:-1, max-image-preview:large, max-video-preview:-1\" \/>\n<link rel=\"canonical\" href=\"https:\/\/shopvapor.de\/ja\/product\/bang-king-30000-30k-\u30d1\u30d5-\u65b0\u54c1-\u30c0\u30d6\u30eb\u30dc\u30bf\u30f3\u4f7f\u3044\u6368\u3066-e-\u30bf\u30d0\u30b3-\u30aa\u30ea\/\" \/>\n<meta property=\"og:locale\" content=\"ja_JP\" \/>\n<meta property=\"og:type\" content=\"article\" \/>\n<meta property=\"og:title\" content=\"Bang King 30000 30k Puffs New Double Taste Einweg-E-Zigarette Original - ShopVapor\" \/>\n<meta property=\"og:description\" content=\"Bang King 30000 Einweg-E-Zigarette mit 30.000 Z\u00fcgen, 36 ml E-Liquid, 550 mAh Akku, Typ-C-Ladung, 1,0-Ohm-Mesh-Spule, einstellbarem Luftstrom, digitaler LED-Anzeige und Dual-Flavor-Technologie. Nikotinst\u00e4rken: 0 %, 2 %, 3 %, 5 %. Vielf\u00e4ltige Geschmacksrichtungen f\u00fcr intensiven Genuss.\" \/>\n<meta property=\"og:url\" content=\"https:\/\/shopvapor.de\/ja\/product\/bang-king-30000-30k-\u30d1\u30d5-\u65b0\u54c1-\u30c0\u30d6\u30eb\u30dc\u30bf\u30f3\u4f7f\u3044\u6368\u3066-e-\u30bf\u30d0\u30b3-\u30aa\u30ea\/\" \/>\n<meta property=\"og:site_name\" content=\"ShopVapor\" \/>\n<meta property=\"article:modified_time\" content=\"2025-07-15T09:10:04+00:00\" \/>\n<meta property=\"og:image\" content=\"https:\/\/shopvapor.de\/wp-content\/uploads\/2025\/07\/bang-king-30000-30k-puffs-new-double-taste-einweg-e-zigarette-original-5.webp\" \/>\n\t<meta property=\"og:image:width\" content=\"1000\" \/>\n\t<meta property=\"og:image:height\" content=\"1000\" \/>\n\t<meta property=\"og:image:type\" content=\"image\/webp\" \/>\n<meta name=\"twitter:card\" content=\"summary_large_image\" \/>\n<meta name=\"twitter:label1\" content=\"\u63a8\u5b9a\u8aad\u307f\u53d6\u308a\u6642\u9593\" \/>\n\t<meta name=\"twitter:data1\" content=\"5\u5206\" \/>\n<!-- \/ Yoast SEO plugin. -->","yoast_head_json":{"title":"Bang King 30000 30K \u30d1\u30d5 \u65b0\u54c1 \u30c0\u30d6\u30eb\u30dc\u30bf\u30f3\u4f7f\u3044\u6368\u3066\u96fb\u5b50\u30bf\u30d0\u30b3 \u30aa\u30ea\u30b8\u30ca\u30eb - ShopVapor","description":"Bang King 30000 \u4f7f\u3044\u6368\u3066\u53ef\u80fd\u306a 30,000 \u30d4\u30b0\u306e\u96fb\u5b50\u30bf\u30d0\u30b3\u300136 ml \u96fb\u5b50\u6db2\u4f53\u3001550 mAh \u30d0\u30c3\u30c6\u30ea\u30fc\u3001\u30bf\u30a4\u30d7 C \u5145\u96fb\u30011.0 \u30aa\u30fc\u30e0 \u30e1\u30c3\u30b7\u30e5 \u30b3\u30a4\u30eb\u3001\u8abf\u6574\u53ef\u80fd\u306a\u30a8\u30a2\u30d5\u30ed\u30fc\u3001\u30c7\u30b8\u30bf\u30eb LED \u30c7\u30a3\u30b9\u30d7\u30ec\u30a4\u3001\u30c7\u30e5\u30a2\u30eb \u30d5\u30ec\u30fc\u30d0\u30fc \u30c6\u30af\u30ce\u30ed\u30b8\u30fc\u3002 \u30cb\u30b3\u30c1\u30f3\u306e\u5f37\u3055: 0 %\u30012 %\u30013 %\u30015 %. \u3055\u307e\u3056\u307e\u306a\u30d5\u30ec\u30fc\u30d0\u30fc\u3092\u4f7f\u7528\u3057\u3066\u3001\u5f37\u70c8\u306a\u697d\u3057\u307f\u3092\u63d0\u4f9b\u3057\u307e\u3059\u3002","robots":{"index":"index","follow":"follow","max-snippet":"max-snippet:-1","max-image-preview":"max-image-preview:large","max-video-preview":"max-video-preview:-1"},"canonical":"https:\/\/shopvapor.de\/ja\/product\/bang-king-30000-30k-\u30d1\u30d5-\u65b0\u54c1-\u30c0\u30d6\u30eb\u30dc\u30bf\u30f3\u4f7f\u3044\u6368\u3066-e-\u30bf\u30d0\u30b3-\u30aa\u30ea\/","og_locale":"ja_JP","og_type":"article","og_title":"Bang King 30000 30k Puffs New Double Taste Einweg-E-Zigarette Original - ShopVapor","og_description":"Bang King 30000 Einweg-E-Zigarette mit 30.000 Z\u00fcgen, 36 ml E-Liquid, 550 mAh Akku, Typ-C-Ladung, 1,0-Ohm-Mesh-Spule, einstellbarem Luftstrom, digitaler LED-Anzeige und Dual-Flavor-Technologie. Nikotinst\u00e4rken: 0 %, 2 %, 3 %, 5 %. Vielf\u00e4ltige Geschmacksrichtungen f\u00fcr intensiven Genuss.","og_url":"https:\/\/shopvapor.de\/ja\/product\/bang-king-30000-30k-\u30d1\u30d5-\u65b0\u54c1-\u30c0\u30d6\u30eb\u30dc\u30bf\u30f3\u4f7f\u3044\u6368\u3066-e-\u30bf\u30d0\u30b3-\u30aa\u30ea\/","og_site_name":"ShopVapor","article_modified_time":"2025-07-15T09:10:04+00:00","og_image":[{"width":1000,"height":1000,"url":"https:\/\/shopvapor.de\/wp-content\/uploads\/2025\/07\/bang-king-30000-30k-puffs-new-double-taste-einweg-e-zigarette-original-5.webp","type":"image\/webp"}],"twitter_card":"summary_large_image","twitter_misc":{"\u63a8\u5b9a\u8aad\u307f\u53d6\u308a\u6642\u9593":"5\u5206"},"schema":{"@context":"https:\/\/schema.org","@graph":[{"@type":"WebPage","@id":"https:\/\/shopvapor.de\/produkt\/bang-king-30000-30k-puffs-new-double-taste-einweg-e-zigarette-original\/","url":"https:\/\/shopvapor.de\/produkt\/bang-king-30000-30k-puffs-new-double-taste-einweg-e-zigarette-original\/","name":"Bang King 30000 30K \u30d1\u30d5 \u65b0\u54c1 \u30c0\u30d6\u30eb\u30dc\u30bf\u30f3\u4f7f\u3044\u6368\u3066\u96fb\u5b50\u30bf\u30d0\u30b3 \u30aa\u30ea\u30b8\u30ca\u30eb - ShopVapor","isPartOf":{"@id":"https:\/\/shopvapor.de\/#website"},"primaryImageOfPage":{"@id":"https:\/\/shopvapor.de\/produkt\/bang-king-30000-30k-puffs-new-double-taste-einweg-e-zigarette-original\/#primaryimage"},"image":{"@id":"https:\/\/shopvapor.de\/produkt\/bang-king-30000-30k-puffs-new-double-taste-einweg-e-zigarette-original\/#primaryimage"},"thumbnailUrl":"https:\/\/shopvapor.de\/wp-content\/uploads\/2025\/07\/bang-king-30000-30k-puffs-new-double-taste-einweg-e-zigarette-original-5.webp","datePublished":"2025-07-02T04:10:09+00:00","dateModified":"2025-07-15T09:10:04+00:00","description":"Bang King 30000 \u4f7f\u3044\u6368\u3066\u53ef\u80fd\u306a 30,000 \u30d4\u30b0\u306e\u96fb\u5b50\u30bf\u30d0\u30b3\u300136 ml \u96fb\u5b50\u6db2\u4f53\u3001550 mAh \u30d0\u30c3\u30c6\u30ea\u30fc\u3001\u30bf\u30a4\u30d7 C \u5145\u96fb\u30011.0 \u30aa\u30fc\u30e0 \u30e1\u30c3\u30b7\u30e5 \u30b3\u30a4\u30eb\u3001\u8abf\u6574\u53ef\u80fd\u306a\u30a8\u30a2\u30d5\u30ed\u30fc\u3001\u30c7\u30b8\u30bf\u30eb LED \u30c7\u30a3\u30b9\u30d7\u30ec\u30a4\u3001\u30c7\u30e5\u30a2\u30eb \u30d5\u30ec\u30fc\u30d0\u30fc \u30c6\u30af\u30ce\u30ed\u30b8\u30fc\u3002 \u30cb\u30b3\u30c1\u30f3\u306e\u5f37\u3055: 0 %\u30012 %\u30013 %\u30015 %. \u3055\u307e\u3056\u307e\u306a\u30d5\u30ec\u30fc\u30d0\u30fc\u3092\u4f7f\u7528\u3057\u3066\u3001\u5f37\u70c8\u306a\u697d\u3057\u307f\u3092\u63d0\u4f9b\u3057\u307e\u3059\u3002","breadcrumb":{"@id":"https:\/\/shopvapor.de\/produkt\/bang-king-30000-30k-puffs-new-double-taste-einweg-e-zigarette-original\/#breadcrumb"},"inLanguage":"ja","potentialAction":[{"@type":"ReadAction","target":["https:\/\/shopvapor.de\/produkt\/bang-king-30000-30k-puffs-new-double-taste-einweg-e-zigarette-original\/"]}]},{"@type":"ImageObject","inLanguage":"ja","@id":"https:\/\/shopvapor.de\/produkt\/bang-king-30000-30k-puffs-new-double-taste-einweg-e-zigarette-original\/#primaryimage","url":"https:\/\/shopvapor.de\/wp-content\/uploads\/2025\/07\/bang-king-30000-30k-puffs-new-double-taste-einweg-e-zigarette-original-5.webp","contentUrl":"https:\/\/shopvapor.de\/wp-content\/uploads\/2025\/07\/bang-king-30000-30k-puffs-new-double-taste-einweg-e-zigarette-original-5.webp","width":1000,"height":1000},{"@type":"BreadcrumbList","@id":"https:\/\/shopvapor.de\/produkt\/bang-king-30000-30k-puffs-new-double-taste-einweg-e-zigarette-original\/#breadcrumb","itemListElement":[{"@type":"ListItem","position":1,"name":"Startseite","item":"https:\/\/shopvapor.de\/"},{"@type":"ListItem","position":2,"name":"Shop","item":"https:\/\/shopvapor.de\/shop\/"},{"@type":"ListItem","position":3,"name":"Bang King 30000 30k Puffs New Double Taste Einweg-E-Zigarette Original"}]},{"@type":"WebSite","@id":"https:\/\/shopvapor.de\/#website","url":"https:\/\/shopvapor.de\/","name":"\u30b7\u30e7\u30c3\u30d7\u30d9\u30fc\u30d1\u30fc","description":"","potentialAction":[{"@type":"SearchAction","target":{"@type":"EntryPoint","urlTemplate":"https:\/\/shopvapor.de\/?s={search_term_string}"},"query-input":{"@type":"PropertyValueSpecification","valueRequired":true,"valueName":"search_term_string"}}],"inLanguage":"ja"}]}},"_links":{"self":[{"href":"https:\/\/shopvapor.de\/ja\/wp-json\/wp\/v2\/product\/7791","targetHints":{"allow":["GET"]}}],"collection":[{"href":"https:\/\/shopvapor.de\/ja\/wp-json\/wp\/v2\/product"}],"about":[{"href":"https:\/\/shopvapor.de\/ja\/wp-json\/wp\/v2\/types\/product"}],"replies":[{"embeddable":true,"href":"https:\/\/shopvapor.de\/ja\/wp-json\/wp\/v2\/comments?post=7791"}],"version-history":[{"count":1,"href":"https:\/\/shopvapor.de\/ja\/wp-json\/wp\/v2\/product\/7791\/revisions"}],"predecessor-version":[{"id":11414,"href":"https:\/\/shopvapor.de\/ja\/wp-json\/wp\/v2\/product\/7791\/revisions\/11414"}],"wp:featuredmedia":[{"embeddable":true,"href":"https:\/\/shopvapor.de\/ja\/wp-json\/wp\/v2\/media\/7815"}],"wp:attachment":[{"href":"https:\/\/shopvapor.de\/ja\/wp-json\/wp\/v2\/media?parent=7791"}],"wp:term":[{"taxonomy":"product_brand","embeddable":true,"href":"https:\/\/shopvapor.de\/ja\/wp-json\/wp\/v2\/product_brand?post=7791"},{"taxonomy":"product_cat","embeddable":true,"href":"https:\/\/shopvapor.de\/ja\/wp-json\/wp\/v2\/product_cat?post=7791"},{"taxonomy":"product_tag","embeddable":true,"href":"https:\/\/shopvapor.de\/ja\/wp-json\/wp\/v2\/product_tag?post=7791"}],"curies":[{"name":"wp","href":"https:\/\/api.w.org\/{rel}","templated":true}]}}