{"id":8198,"date":"2025-07-02T04:13:45","date_gmt":"2025-07-02T04:13:45","guid":{"rendered":"https:\/\/shopvapor.de\/?post_type=product&#038;p=8198"},"modified":"2025-07-15T09:04:09","modified_gmt":"2025-07-15T09:04:09","slug":"bang-pi10000-10k-%e3%83%91%e3%83%95-%e4%bd%bf%e3%81%84%e6%8d%a8%e3%81%a6-e-%e3%82%bf%e3%83%90%e3%82%b3-%e3%82%aa%e3%83%aa%e3%82%b8%e3%83%8a%e3%83%ab","status":"publish","type":"product","link":"https:\/\/shopvapor.de\/ja\/product\/bang-pi10000-10k-%e3%83%91%e3%83%95-%e4%bd%bf%e3%81%84%e6%8d%a8%e3%81%a6-e-%e3%82%bf%e3%83%90%e3%82%b3-%e3%82%aa%e3%83%aa%e3%82%b8%e3%83%8a%e3%83%ab\/","title":{"rendered":"Bang PI10000 10K \u30d1\u30d5 \u4f7f\u3044\u6368\u3066\u96fb\u5b50\u30bf\u30d0\u30b3 \u30aa\u30ea\u30b8\u30ca\u30eb"},"content":{"rendered":"<h2>\u88fd\u54c1\u8aac\u660e: BANG PI10000 \u30d1\u30d5<\/h2>\n<p>Bang Pi10000 Puffs \u306f\u3001\u9577\u6301\u3061\u3068\u5f37\u70c8\u306a\u30d5\u30ec\u30fc\u30d0\u30fc \u30d7\u30ed\u30d5\u30a1\u30a4\u30eb\u3067\u77e5\u3089\u308c\u308b\u3001\u9ad8\u54c1\u8cea\u3067\u4f7f\u3044\u6368\u3066\u306e Bang \u30d6\u30e9\u30f3\u30c9\u306e\u96fb\u5b50\u30bf\u30d0\u30b3\u3067\u3059\u3002 \u6700\u5927 10,000 \u5217\u306e\u5217\u8eca\u306e\u9a5a\u7570\u7684\u306a\u5bb9\u91cf\u3092\u5099\u3048\u305f\u3053\u306e\u30c7\u30d0\u30a4\u30b9\u306f\u3001\u8981\u6c42\u306e\u53b3\u3057\u3044\u30e6\u30fc\u30b6\u30fc\u306b\u9577\u6642\u9593\u306e\u6e80\u8db3\u611f\u3092\u63d0\u4f9b\u3057\u307e\u3059\u3002 Bang PI10000 \u306f\u3001\u6700\u5148\u7aef\u306e\u30c6\u30af\u30ce\u30ed\u30b8\u30fc\u3068\u3001\u30e1\u30f3\u30c6\u30ca\u30f3\u30b9\u3084\u88dc\u5145\u3092\u5fc5\u8981\u3068\u3057\u306a\u3044\u30e6\u30fc\u30b6\u30fc \u30d5\u30ec\u30f3\u30c9\u30ea\u30fc\u306a\u30c7\u30b6\u30a4\u30f3\u3092\u7d44\u307f\u5408\u308f\u305b\u3066\u3044\u307e\u3059\u3002 \u30b3\u30f3\u30d1\u30af\u30c8\u306a\u30c7\u30b6\u30a4\u30f3\u3068\u5e45\u5e83\u3044\u30d5\u30ec\u30fc\u30d0\u30fc\u306e\u304a\u304b\u3052\u3067\u3001\u65e5\u5e38\u306e\u4f7f\u7528\u306b\u6700\u9069\u3067\u3059\u3002 Bang \u30d6\u30e9\u30f3\u30c9\u306f\u54c1\u8cea\u3068\u4fe1\u983c\u6027\u3092\u8868\u3057\u3066\u304a\u308a\u3001PI10000 \u306f\u611b\u597d\u5bb6\u306b\u3068\u3063\u3066\u4e00\u6d41\u306e\u9078\u629e\u80a2\u3068\u306a\u3063\u3066\u3044\u307e\u3059\u3002<\/p>\n<h2>\u88fd\u54c1\u30d1\u30e9\u30e1\u30fc\u30bf\u30fc\u8a73\u7d30<\/h2>\n<p>Bang Pi10000 Puffs \u306f\u3001\u8010\u4e45\u6027\u3068\u4f7f\u3044\u3084\u3059\u3055\u3092\u91cd\u8996\u3057\u305f\u6280\u8853\u4ed5\u69d8\u3092\u7d0d\u5f97\u3055\u305b\u3066\u3044\u307e\u3059\u3002 \u3053\u306e\u88fd\u54c1\u306e\u5229\u70b9\u3092\u8aac\u660e\u3059\u308b\u305f\u3081\u306e\u4e3b\u306a\u30d1\u30e9\u30e1\u30fc\u30bf\u306f\u6b21\u306e\u3068\u304a\u308a\u3067\u3059\u3002<\/p>\n<h3>\u5217\u8eca\u306e\u5b9a\u54e1: \u6700\u5927 10,000 \u5217\u306e\u5217\u8eca<\/h3>\n<p>Bang Pi10000 \u306f\u3001\u6700\u5927 10,000 \u5217\u306e\u5217\u8eca\u306e\u5370\u8c61\u7684\u306a\u5bb9\u91cf\u3092\u63d0\u4f9b\u3057\u3001\u5e02\u5834\u3067\u6700\u3082\u8010\u4e45\u6027\u306e\u3042\u308b\u4f7f\u3044\u6368\u3066\u96fb\u5b50\u30bf\u30d0\u30b3\u306e 1 \u3064\u3067\u3059\u3002 \u3053\u306e\u6570\u306e\u5217\u8eca\u306b\u3088\u308a\u3001\u30e6\u30fc\u30b6\u30fc\u306f\u30c7\u30d0\u30a4\u30b9\u3092\u4ea4\u63db\u3059\u308b\u3053\u3068\u306a\u304f\u9577\u6642\u9593\u4f7f\u7528\u3067\u304d\u307e\u3059\u3002 \u5747\u4e00\u306a\u5473\u306f\u6700\u5f8c\u306e\u52d5\u304d\u307e\u3067\u4fdd\u6301\u3055\u308c\u3001\u4e00\u8cab\u3057\u3066\u697d\u3057\u3044\u4f53\u9a13\u304c\u4fdd\u8a3c\u3055\u308c\u307e\u3059\u3002<\/p>\n<h3>\u96fb\u5b50\u6db2\u4f53\u5bb9\u91cf: 15ml<\/h3>\n<p>15 mL \u306e\u5145\u586b\u6e08\u307f\u306e\u30ea\u30ad\u30c3\u30c9\u3092\u8c4a\u5bcc\u306b\u542b\u3080\u3001Bang Pi10000 \u306f\u3001\u4f55\u5343\u3082\u306e\u5217\u8eca\u306b\u5341\u5206\u306a\u6db2\u4f53\u3092\u63d0\u4f9b\u3057\u307e\u3059\u3002 \u5927\u5bb9\u91cf\u306f\u3001\u30c7\u30d0\u30a4\u30b9\u304c\u3059\u3067\u306b\u6e80\u676f\u306b\u306a\u3063\u3066\u3044\u308b\u305f\u3081\u3001\u983b\u7e41\u306b\u88dc\u5145\u3059\u308b\u5fc5\u8981\u304c\u3042\u308a\u307e\u305b\u3093\u3002 \u3053\u308c\u306b\u3088\u308a\u3001BANG PI10000 \u304c\u7279\u306b\u5b9f\u7528\u7684\u306b\u306a\u308a\u3001\u9014\u5207\u308c\u308b\u3053\u3068\u306e\u306a\u3044\u4f53\u9a13\u304c\u4fdd\u8a3c\u3055\u308c\u307e\u3059\u3002<\/p>\n<h3>\u30d0\u30c3\u30c6\u30ea\u30fc: 500 mAh\u3001\u5145\u96fb\u5f0f<\/h3>\n<p>Bang PI10000 \u306b\u306f\u3001USB Type-C \u30dd\u30fc\u30c8\u3092\u4ecb\u3057\u3066\u5145\u96fb\u53ef\u80fd\u306a\u5f37\u529b\u306a 500mAh \u30d0\u30c3\u30c6\u30ea\u30fc\u304c\u88c5\u5099\u3055\u308c\u3066\u3044\u307e\u3059\u3002 \u3053\u306e\u30d0\u30c3\u30c6\u30ea\u30fc\u306f\u3001\u30ea\u30ad\u30c3\u30c9\u5168\u4f53\u3092\u4f7f\u7528\u3059\u308b\u306e\u306b\u5341\u5206\u306a\u30a8\u30cd\u30eb\u30ae\u30fc\u3092\u63d0\u4f9b\u3057\u3001\u4e2d\u65ad\u3092\u6700\u5c0f\u9650\u306b\u6291\u3048\u308b\u305f\u3081\u306b\u6025\u901f\u5145\u96fb\u3092\u53ef\u80fd\u306b\u3057\u307e\u3059\u3002 \u518d\u5145\u96fb\u6027\u306b\u3088\u308a\u3001\u8010\u7528\u5e74\u6570\u304c\u6700\u5927\u5316\u3055\u308c\u3001\u30c7\u30d0\u30a4\u30b9\u304c\u7279\u306b\u52b9\u7387\u7684\u306b\u306a\u308a\u307e\u3059\u3002<\/p>\n<h3>\u30cb\u30b3\u30c1\u30f3\u5f37\u5ea6: 0 %\u30012 %\u30013 %\u30015 %<\/h3>\n<p>Bang PI10000 \u306f\u3001\u3055\u307e\u3056\u307e\u306a\u30cb\u30b3\u30c1\u30f3\u5f37\u5ea6 (0 %\u30012 %\u30013 % \u304a\u3088\u3073 5 %) \u3067\u3001\u30e6\u30fc\u30b6\u30fc\u306e\u500b\u3005\u306e\u597d\u307f\u306b\u5408\u308f\u305b\u3066\u5229\u7528\u3067\u304d\u307e\u3059\u3002 \u30cb\u30b3\u30c1\u30f3\u3092\u542b\u307e\u306a\u3044\u5834\u5408\u3067\u3082\u3001\u30cb\u30b3\u30c1\u30f3\u6fc3\u5ea6\u304c\u7570\u306a\u308b\u5834\u5408\u3067\u3082\u3001\u9078\u629e\u306b\u3088\u308a\u3001\u500b\u4eba\u7684\u306a\u4f7f\u7528\u304c\u53ef\u80fd\u306b\u306a\u308a\u307e\u3059\u3002 \u6b63\u78ba\u306a\u6295\u4e0e\u91cf\u306b\u3088\u308a\u3001\u5f15\u3063\u5f35\u308b\u305f\u3073\u306b\u4e00\u8cab\u3057\u305f\u54c1\u8cea\u304c\u4fdd\u8a3c\u3055\u308c\u307e\u3059\u3002<\/p>\n<h3>\u30e1\u30c3\u30b7\u30e5\u30b3\u30a4\u30eb\u6280\u8853: 1.0\u03a9<\/h3>\n<p>Bang Pi10000 \u306f\u3001\u9ad8\u5ea6\u306a 1.0 \u03a9 \u30e1\u30c3\u30b7\u30e5 \u30b3\u30a4\u30eb\u6280\u8853\u3092\u4f7f\u7528\u3057\u3066\u3001\u6700\u9069\u306a\u6e29\u6696\u5316\u3068\u5f37\u70c8\u306a\u30d5\u30ec\u30fc\u30d0\u30fc\u306e\u958b\u767a\u3092\u4fdd\u8a3c\u3057\u307e\u3059\u3002 \u30e1\u30c3\u30b7\u30e5 \u30b3\u30a4\u30eb\u306f\u3001\u30ea\u30ad\u30c3\u30c9\u306e\u5747\u4e00\u306a\u52a0\u71b1\u3092\u4fdd\u8a3c\u3057\u3001\u5bc6\u306a\u96f2\u306e\u751f\u6210\u3068\u7d14\u7c8b\u306a\u5473\u3092\u3082\u305f\u3089\u3057\u307e\u3059\u3002 \u3053\u306e\u6280\u8853\u306f\u3001Bang Pi10000 \u3092\u4ed6\u306e\u591a\u304f\u306e\u4f7f\u3044\u6368\u3066\u96fb\u5b50\u30bf\u30d0\u30b3\u3068\u306f\u4e00\u7dda\u306b\u753b\u3057\u3066\u3044\u307e\u3059\u3002<\/p>\n<h3>\u6c17\u6d41: \u8abf\u6574\u4e0d\u53ef<\/h3>\n<p>Bang PI10000 \u306e\u30a8\u30a2\u30d5\u30ed\u30fc\u306f\u3001\u7c21\u5358\u304b\u3064\u76f4\u611f\u7684\u306b\u4f7f\u7528\u3067\u304d\u308b\u3088\u3046\u306b\u56fa\u5b9a\u3055\u308c\u3066\u3044\u307e\u3059\u3002 \u3053\u306e\u4e8b\u524d\u8a2d\u5b9a\u3055\u308c\u305f\u7a7a\u6c17\u4f9b\u7d66\u306f\u3001\u8abf\u6574\u306a\u3057\u3067\u8907\u96d1\u306a\u4f53\u9a13\u3092\u597d\u3080\u30e6\u30fc\u30b6\u30fc\u306b\u6700\u9069\u3067\u3059\u3002 \u30d7\u30eb\u62b5\u6297\u3068\u30af\u30e9\u30a6\u30c9\u306e\u751f\u7523\u306e\u30d0\u30e9\u30f3\u30b9\u304c\u5b8c\u5168\u306b\u30de\u30c3\u30c1\u3057\u3001\u5fc3\u5730\u3088\u3044\u611f\u899a\u3092\u63d0\u4f9b\u3057\u307e\u3059\u3002<\/p>\n<h2>\u30d0\u30f3\u30d1\u30a410000\u306e\u30d5\u30ec\u30fc\u30d0\u30fc<\/h2>\n<p>Bang Pi10000 \u306f\u3001\u591a\u69d8\u6027\u3068\u697d\u3057\u307f\u3092\u63d0\u4f9b\u3059\u308b\u5e45\u5e83\u3044\u30d5\u30ec\u30fc\u30d0\u30fc\u3092\u63d0\u4f9b\u3057\u307e\u3059\u3002 \u305d\u308c\u305e\u308c\u306e\u30d5\u30ec\u30fc\u30d0\u30fc\u306f\u3001\u5f37\u70c8\u3067\u672c\u683c\u7684\u306a\u9999\u308a\u3092\u5c4a\u3051\u308b\u305f\u3081\u306b\u614e\u91cd\u306b\u8a2d\u8a08\u3055\u308c\u3066\u3044\u307e\u3059\u3002 \u5229\u7528\u53ef\u80fd\u306a\u30aa\u30d7\u30b7\u30e7\u30f3\u306f\u6b21\u306e\u3068\u304a\u308a\u3067\u3059\u3002<\/p>\n<ul>\n<li><strong>\u30d4\u30fc\u30c1\u30de\u30f3\u30b4\u30fc\u30b9\u30a4\u30ab:<\/strong> \u6843\u3001\u30de\u30f3\u30b4\u30fc\u3001\u30b9\u30a4\u30ab\u306e\u30c8\u30ed\u30d4\u30ab\u30eb \u30d6\u30ec\u30f3\u30c9\u3002<\/li>\n<li><strong>\u30b9\u30c8\u30ed\u30d9\u30ea\u30fc\u30ad\u30a6\u30a4:<\/strong> \u30d5\u30eb\u30fc\u30c6\u30a3\u30fc\u306a\u304a\u3084\u3064\u306b\u30b8\u30e5\u30fc\u30b7\u30fc\u306a\u30ad\u30a6\u30a4\u3092\u6dfb\u3048\u305f\u30a4\u30c1\u30b4\u3002<\/li>\n<li><strong>\u30a2\u30e1\u30ea\u30ab\u30fc\u30ce:<\/strong> \u30af\u30ea\u30fc\u30df\u30fc\u306a\u9999\u308a\u306e\u3042\u308b\u30af\u30e9\u30b7\u30c3\u30af\u306a\u30b3\u30fc\u30d2\u30fc \u30c9\u30ea\u30f3\u30af\u306e\u5473\u3002<\/li>\n<li><strong>\u30de\u30f3\u30b4\u30fc\u30a2\u30a4\u30b9\u30af\u30ea\u30fc\u30e0:<\/strong> \u30af\u30ea\u30fc\u30df\u30fc\u306a\u30a2\u30a4\u30b9\u30af\u30ea\u30fc\u30e0\u306e\u98a8\u5473\u306e\u30c8\u30ed\u30d4\u30ab\u30eb \u30de\u30f3\u30b4\u30fc\u3002<\/li>\n<li><strong>\u30b9\u30a4\u30ab\u306e\u6c37:<\/strong> \u65b0\u9bae\u306a\u30b9\u30a4\u30ab\u3067\u3001\u6c37\u306e\u3088\u3046\u306a\u4ed5\u4e0a\u304c\u308a\u3067\u3059\u3002<\/li>\n<li><strong>\u9178\u3063\u3071\u3044\u30ea\u30f3\u30b4\u306e\u30e9\u30ba\u30d9\u30ea\u30fc:<\/strong> \u7518\u3044\u30e9\u30ba\u30d9\u30ea\u30fc\u3092\u6dfb\u3048\u305f\u304d\u3089\u3081\u304f\u9752\u30ea\u30f3\u30b4\u3002<\/li>\n<li><strong>\u30ad\u30a6\u30a4 \u30d1\u30c3\u30b7\u30e7\u30f3 \u30d5\u30eb\u30fc\u30c4 \u30b0\u30a2\u30d0:<\/strong> \u30ad\u30a6\u30a4\u3001\u30d1\u30c3\u30b7\u30e7\u30f3 \u30d5\u30eb\u30fc\u30c4\u3001\u30b0\u30a2\u30d0\u306e\u30a8\u30ad\u30be\u30c1\u30c3\u30af\u306a\u30d6\u30ec\u30f3\u30c9\u3002<\/li>\n<li><strong>\u3044\u3061\u3054\u30b9\u30a4\u30ab:<\/strong> \u3044\u3061\u3054\u3068\u30b9\u30a4\u30ab\u3067\u723d\u3084\u304b\u306a\u30d6\u30ec\u30f3\u30c9\u306b\u3002<\/li>\n<li><strong>\u30ed\u30a4\u30e4\u30eb \u30b0\u30ec\u30fc\u30d7 \u30a2\u30a4\u30b9:<\/strong> \u30af\u30fc\u30eb\u306a\u30e1\u30f3\u30bd\u30fc\u30eb\u4ed5\u4e0a\u3052\u306e\u7518\u5473\u30d6\u30c9\u30a6\u3002<\/li>\n<li><strong>\u30d6\u30eb\u30fc\u30d9\u30ea\u30fc\u30a2\u30a4\u30b9:<\/strong> \u30b8\u30e5\u30fc\u30b7\u30fc\u306a\u30d6\u30eb\u30fc\u30d9\u30ea\u30fc\u3068\u51b7\u305f\u3044\u30e1\u30f3\u30c8\u30fc\u30eb\u3002<\/li>\n<\/ul>\n<h2>\u3088\u304f\u3042\u308b\u8cea\u554f (FAQ) \u30d0\u30f3 \u30d4 10000 \u306b\u3064\u3044\u3066<\/h2>\n<p>Bang Pi10000 \u3092\u6700\u5927\u9650\u306b\u6d3b\u7528\u3067\u304d\u308b\u3088\u3046\u306b\u3001\u3053\u306e\u88fd\u54c1\u306b\u95a2\u3059\u308b\u6700\u3082\u3088\u304f\u5bc4\u305b\u3089\u308c\u308b\u8cea\u554f\u3068\u56de\u7b54\u3092\u307e\u3068\u3081\u307e\u3057\u305f\u3002<\/p>\n<p><strong>\u30d0\u30f3\u30b0\u30fb\u30d410000\u306f\u3069\u306e\u304f\u3089\u3044\u6301\u3061\u307e\u3059\u304b?<\/strong><br \/>\nBang Pi10000 \u306f\u3001\u4f7f\u7528\u5f37\u5ea6\u306b\u5fdc\u3058\u3066\u3001\u6700\u5927 10,000 \u5217\u306e\u5217\u8eca\u3092\u63d0\u4f9b\u3057\u307e\u3059\u3002 \u5e73\u5747\u7684\u306a\u4f7f\u7528\u3067\u3001\u30c7\u30d0\u30a4\u30b9\u306f\u6570\u9031\u9593\u6301\u3061\u307e\u3059\u3002<\/p>\n<p><strong>\u30d0\u30f3\u30b0 \u30d4\u30c3\u30af \u30d4\u30c3\u30af\u30a2\u30c3\u30d7 \u30d4\u30c3\u30af\u30a2\u30c3\u30d7 \u30d4\u30c3\u30af\u30a2\u30c3\u30d7 \u30d4\u30c3\u30af\u30a2\u30c3\u30d7 \u30d4\u30c3\u30af\u30a2\u30c3\u30d7 \u30d4\u30c3\u30af<\/strong><br \/>\n\u3044\u3044\u3048\u3001Bang PI10000 \u306f\u4f7f\u3044\u6368\u3066\u306e\u96fb\u5b50\u30bf\u30d0\u30b3\u3067\u3001\u8a70\u3081\u66ff\u3048\u306f\u3067\u304d\u307e\u305b\u3093\u3002 \u4f7f\u3044\u6368\u3066\u7528\u306b\u8a2d\u8a08\u3055\u308c\u3066\u304a\u308a\u3001\u96fb\u5b50\u6db2\u4f53\u3092\u4f7f\u7528\u3057\u305f\u5f8c\u306b\u5ec3\u68c4\u3059\u308b\u5fc5\u8981\u304c\u3042\u308a\u307e\u3059\u3002<\/p>\n<p><strong>\u30d0\u30f3 PI10000 \u30d0\u30c3\u30c6\u30ea\u30fc\u3092\u5145\u96fb\u3059\u308b\u306b\u306f\u3069\u3046\u3059\u308c\u3070\u3088\u3044\u3067\u3059\u304b?<\/strong><br \/>\nUSB Type-C \u30b1\u30fc\u30d6\u30eb\u3092\u4f7f\u7528\u3057\u3066\u3001500mAh \u306e\u30d0\u30c3\u30c6\u30ea\u30fc\u3092\u5145\u96fb\u3057\u307e\u3059\u3002 \u30b1\u30fc\u30d6\u30eb\u3092\u30c7\u30d0\u30a4\u30b9\u306e Type-C \u30dd\u30fc\u30c8\u306b\u63a5\u7d9a\u3057\u3001\u96fb\u6e90\u306b\u63a5\u7d9a\u3057\u307e\u3059\u3002 \u30d5\u30eb\u5145\u96fb\u306b\u306f\u901a\u5e38 1 \uff5e 2 \u6642\u9593\u304b\u304b\u308a\u307e\u3059\u3002<\/p>\n<p><strong>Bang Pi10000 \u306f\u65e5\u5e38\u4f7f\u3044\u306b\u9069\u3057\u3066\u3044\u307e\u3059\u304b?<\/strong><br \/>\n\u306f\u3044\u3001\u30b3\u30f3\u30d1\u30af\u30c8\u306a\u30b5\u30a4\u30ba\u3067\u3001\u9ad8\u3044\u5f15\u3063\u5f35\u308a\u80fd\u529b\u3068\u6271\u3044\u3084\u3059\u3044\u305f\u3081\u3001Bang Pi10000 \u306f\u65e5\u5e38\u306e\u4f7f\u7528\u306b\u6700\u9069\u3067\u3059\u3002<\/p>\n<p><strong>\u4f7f\u7528\u5f8c\u306b Bang Pi10000 \u3092\u51e6\u5206\u3059\u308b\u306b\u306f\u3069\u3046\u3059\u308c\u3070\u3088\u3044\u3067\u3059\u304b?<\/strong><br \/>\nBang Pi10000 \u306f\u3001\u5730\u5143\u306e\u96fb\u5b50\u5ec3\u68c4\u7269\u306e\u898f\u5236\u306b\u5f93\u3063\u3066\u51e6\u5206\u3059\u308b\u5fc5\u8981\u304c\u3042\u308a\u307e\u3059\u3002 \u5bb6\u5ead\u3054\u307f\u306b\u6368\u3066\u305a\u3001\u96fb\u5316\u88fd\u54c1\u306e\u53ce\u96c6\u5834\u6240\u306b\u6301\u3061\u8fbc\u3093\u3067\u304f\u3060\u3055\u3044\u3002<\/p>\n<p><strong>\u306a\u305c\u79c1\u306e\u5f37\u98a8\u30d1\u30a4\u306f\u5f37\u70c8\u3067\u306f\u306a\u3044\u306e?<\/strong><br \/>\n\u5473\u306e\u4f4e\u4e0b\u306f\u3001\u30ea\u30ad\u30c3\u30c9\u304c\u307b\u3068\u3093\u3069\u4f7f\u3044\u679c\u305f\u3055\u308c\u3066\u3044\u308b\u304b\u3001\u30d0\u30c3\u30c6\u30ea\u30fc\u304c\u5f31\u3044\u3053\u3068\u3092\u793a\u3057\u3066\u3044\u308b\u53ef\u80fd\u6027\u304c\u3042\u308a\u307e\u3059\u3002 \u5217\u8eca\u306e\u5b9a\u54e1\u306b\u9054\u3057\u305f\u3089\u3001\u30c7\u30d0\u30a4\u30b9\u3092\u5145\u96fb\u307e\u305f\u306f\u4ea4\u63db\u3057\u3066\u304f\u3060\u3055\u3044\u3002<\/p>\n<p><strong>\u3059\u3079\u3066\u306e\u30d5\u30ec\u30fc\u30d0\u30fc\u306f\u30cb\u30b3\u30c1\u30f3\u306e\u5f37\u3055\u3067\u5229\u7528\u3067\u304d\u307e\u3059\u304b?<\/strong><br \/>\n\u539f\u5247\u3068\u3057\u3066\u3001\u3059\u3079\u3066\u306e\u30d5\u30ec\u30fc\u30d0\u30fc\u306f\u30cb\u30b3\u30c1\u30f3\u5f37\u5ea6 0 %\u30012 %\u30013 %\u30015 % \u3067\u5229\u7528\u3067\u304d\u307e\u3059\u304c\u3001\u8ca9\u58f2\u5e97\u306b\u3088\u3063\u3066\u5165\u624b\u53ef\u80fd\u6027\u304c\u7570\u306a\u308b\u5834\u5408\u304c\u3042\u308a\u307e\u3059\u3002<\/p>","protected":false},"excerpt":{"rendered":"<p dir=\"auto\">Bang Pi10000 Puffs \u4f7f\u3044\u6368\u3066\u96fb\u5b50\u30bf\u30d0\u30b3: \u6700\u5927 10,000 \u5217\u306e\u5217\u8eca\u300115 ml \u306e\u96fb\u5b50\u6db2\u4f53\u3001500 mAh \u306e\u5145\u96fb\u5f0f\u30d0\u30c3\u30c6\u30ea\u30fc\u3001\u5f37\u70c8\u306a\u5473\u306e\u305f\u3081\u306e\u30e1\u30c3\u30b7\u30e5 \u30b3\u30a4\u30eb\u6280\u8853\u3002 \u30cb\u30b3\u30c1\u30f3\u306e\u5f37\u307f 0-5 % \u3067\u3001\u9577\u304f\u697d\u3057\u3080\u306e\u306b\u6700\u9069\u3067\u3059\u3002<\/p>","protected":false},"featured_media":8214,"comment_status":"open","ping_status":"closed","template":"","meta":[],"product_brand":[1180],"product_cat":[1153],"product_tag":[959],"class_list":{"0":"post-8198","1":"product","2":"type-product","3":"status-publish","4":"has-post-thumbnail","6":"product_brand-bang","7":"product_cat-10000-puffs","8":"product_tag-more-than-10kpuffs","10":"first","11":"instock","12":"sale","13":"shipping-taxable","14":"purchasable","15":"product-type-variable"},"yoast_head":"<!-- This site is optimized with the Yoast SEO plugin v25.8 - https:\/\/yoast.com\/wordpress\/plugins\/seo\/ -->\n<title>Bang PI10000 10K Puffs Einweg-E-Zigarette Original - ShopVapor<\/title>\n<meta name=\"description\" content=\"Bang PI10000 Puffs Einweg-E-Zigarette: Bis zu 10.000 Z\u00fcge, 15 ml E-Liquid, 500 mAh wiederaufladbarer Akku, Mesh-Coil-Technologie f\u00fcr intensiven Geschmack. Nikotinst\u00e4rken 0\u20135 %, ideal f\u00fcr langanhaltenden Genuss.\" \/>\n<meta name=\"robots\" content=\"index, follow, max-snippet:-1, max-image-preview:large, max-video-preview:-1\" \/>\n<link rel=\"canonical\" href=\"https:\/\/shopvapor.de\/ja\/product\/bang-pi10000-10k-\u30d1\u30d5-\u4f7f\u3044\u6368\u3066-e-\u30bf\u30d0\u30b3-\u30aa\u30ea\u30b8\u30ca\u30eb\/\" \/>\n<meta property=\"og:locale\" content=\"ja_JP\" \/>\n<meta property=\"og:type\" content=\"article\" \/>\n<meta property=\"og:title\" content=\"Bang PI10000 10K Puffs Einweg-E-Zigarette Original - ShopVapor\" \/>\n<meta property=\"og:description\" content=\"Bang PI10000 Puffs Einweg-E-Zigarette: Bis zu 10.000 Z\u00fcge, 15 ml E-Liquid, 500 mAh wiederaufladbarer Akku, Mesh-Coil-Technologie f\u00fcr intensiven Geschmack. Nikotinst\u00e4rken 0\u20135 %, ideal f\u00fcr langanhaltenden Genuss.\" \/>\n<meta property=\"og:url\" content=\"https:\/\/shopvapor.de\/ja\/product\/bang-pi10000-10k-\u30d1\u30d5-\u4f7f\u3044\u6368\u3066-e-\u30bf\u30d0\u30b3-\u30aa\u30ea\u30b8\u30ca\u30eb\/\" \/>\n<meta property=\"og:site_name\" content=\"ShopVapor\" \/>\n<meta property=\"article:modified_time\" content=\"2025-07-15T09:04:09+00:00\" \/>\n<meta property=\"og:image\" content=\"https:\/\/shopvapor.de\/wp-content\/uploads\/2025\/07\/bang-pi10000-10k-puffs-einweg-e-zigarette-original-5.webp\" \/>\n\t<meta property=\"og:image:width\" content=\"800\" \/>\n\t<meta property=\"og:image:height\" content=\"800\" \/>\n\t<meta property=\"og:image:type\" content=\"image\/webp\" \/>\n<meta name=\"twitter:card\" content=\"summary_large_image\" \/>\n<meta name=\"twitter:label1\" content=\"\u63a8\u5b9a\u8aad\u307f\u53d6\u308a\u6642\u9593\" \/>\n\t<meta name=\"twitter:data1\" content=\"5\u5206\" \/>\n<!-- \/ Yoast SEO plugin. -->","yoast_head_json":{"title":"Bang Pi10000 10K \u30d1\u30d5 \u4f7f\u3044\u6368\u3066\u96fb\u5b50\u30bf\u30d0\u30b3 \u30aa\u30ea\u30b8\u30ca\u30eb - ShopVapor","description":"Bang Pi10000 Puffs \u4f7f\u3044\u6368\u3066\u96fb\u5b50\u30bf\u30d0\u30b3: \u6700\u5927 10,000 \u5217\u306e\u5217\u8eca\u300115 ml \u306e\u96fb\u5b50\u6db2\u4f53\u3001500 mAh \u306e\u5145\u96fb\u5f0f\u30d0\u30c3\u30c6\u30ea\u30fc\u3001\u5f37\u70c8\u306a\u5473\u306e\u305f\u3081\u306e\u30e1\u30c3\u30b7\u30e5 \u30b3\u30a4\u30eb\u6280\u8853\u3002 \u30cb\u30b3\u30c1\u30f3\u306e\u5f37\u307f 0-5 % \u3067\u3001\u9577\u304f\u697d\u3057\u3080\u306e\u306b\u6700\u9069\u3067\u3059\u3002","robots":{"index":"index","follow":"follow","max-snippet":"max-snippet:-1","max-image-preview":"max-image-preview:large","max-video-preview":"max-video-preview:-1"},"canonical":"https:\/\/shopvapor.de\/ja\/product\/bang-pi10000-10k-\u30d1\u30d5-\u4f7f\u3044\u6368\u3066-e-\u30bf\u30d0\u30b3-\u30aa\u30ea\u30b8\u30ca\u30eb\/","og_locale":"ja_JP","og_type":"article","og_title":"Bang PI10000 10K Puffs Einweg-E-Zigarette Original - ShopVapor","og_description":"Bang PI10000 Puffs Einweg-E-Zigarette: Bis zu 10.000 Z\u00fcge, 15 ml E-Liquid, 500 mAh wiederaufladbarer Akku, Mesh-Coil-Technologie f\u00fcr intensiven Geschmack. Nikotinst\u00e4rken 0\u20135 %, ideal f\u00fcr langanhaltenden Genuss.","og_url":"https:\/\/shopvapor.de\/ja\/product\/bang-pi10000-10k-\u30d1\u30d5-\u4f7f\u3044\u6368\u3066-e-\u30bf\u30d0\u30b3-\u30aa\u30ea\u30b8\u30ca\u30eb\/","og_site_name":"ShopVapor","article_modified_time":"2025-07-15T09:04:09+00:00","og_image":[{"width":800,"height":800,"url":"https:\/\/shopvapor.de\/wp-content\/uploads\/2025\/07\/bang-pi10000-10k-puffs-einweg-e-zigarette-original-5.webp","type":"image\/webp"}],"twitter_card":"summary_large_image","twitter_misc":{"\u63a8\u5b9a\u8aad\u307f\u53d6\u308a\u6642\u9593":"5\u5206"},"schema":{"@context":"https:\/\/schema.org","@graph":[{"@type":"WebPage","@id":"https:\/\/shopvapor.de\/produkt\/bang-pi10000-10k-puffs-einweg-e-zigarette-original\/","url":"https:\/\/shopvapor.de\/produkt\/bang-pi10000-10k-puffs-einweg-e-zigarette-original\/","name":"Bang Pi10000 10K \u30d1\u30d5 \u4f7f\u3044\u6368\u3066\u96fb\u5b50\u30bf\u30d0\u30b3 \u30aa\u30ea\u30b8\u30ca\u30eb - ShopVapor","isPartOf":{"@id":"https:\/\/shopvapor.de\/#website"},"primaryImageOfPage":{"@id":"https:\/\/shopvapor.de\/produkt\/bang-pi10000-10k-puffs-einweg-e-zigarette-original\/#primaryimage"},"image":{"@id":"https:\/\/shopvapor.de\/produkt\/bang-pi10000-10k-puffs-einweg-e-zigarette-original\/#primaryimage"},"thumbnailUrl":"https:\/\/shopvapor.de\/wp-content\/uploads\/2025\/07\/bang-pi10000-10k-puffs-einweg-e-zigarette-original-5.webp","datePublished":"2025-07-02T04:13:45+00:00","dateModified":"2025-07-15T09:04:09+00:00","description":"Bang Pi10000 Puffs \u4f7f\u3044\u6368\u3066\u96fb\u5b50\u30bf\u30d0\u30b3: \u6700\u5927 10,000 \u5217\u306e\u5217\u8eca\u300115 ml \u306e\u96fb\u5b50\u6db2\u4f53\u3001500 mAh \u306e\u5145\u96fb\u5f0f\u30d0\u30c3\u30c6\u30ea\u30fc\u3001\u5f37\u70c8\u306a\u5473\u306e\u305f\u3081\u306e\u30e1\u30c3\u30b7\u30e5 \u30b3\u30a4\u30eb\u6280\u8853\u3002 \u30cb\u30b3\u30c1\u30f3\u306e\u5f37\u307f 0-5 % \u3067\u3001\u9577\u304f\u697d\u3057\u3080\u306e\u306b\u6700\u9069\u3067\u3059\u3002","breadcrumb":{"@id":"https:\/\/shopvapor.de\/produkt\/bang-pi10000-10k-puffs-einweg-e-zigarette-original\/#breadcrumb"},"inLanguage":"ja","potentialAction":[{"@type":"ReadAction","target":["https:\/\/shopvapor.de\/produkt\/bang-pi10000-10k-puffs-einweg-e-zigarette-original\/"]}]},{"@type":"ImageObject","inLanguage":"ja","@id":"https:\/\/shopvapor.de\/produkt\/bang-pi10000-10k-puffs-einweg-e-zigarette-original\/#primaryimage","url":"https:\/\/shopvapor.de\/wp-content\/uploads\/2025\/07\/bang-pi10000-10k-puffs-einweg-e-zigarette-original-5.webp","contentUrl":"https:\/\/shopvapor.de\/wp-content\/uploads\/2025\/07\/bang-pi10000-10k-puffs-einweg-e-zigarette-original-5.webp","width":800,"height":800},{"@type":"BreadcrumbList","@id":"https:\/\/shopvapor.de\/produkt\/bang-pi10000-10k-puffs-einweg-e-zigarette-original\/#breadcrumb","itemListElement":[{"@type":"ListItem","position":1,"name":"Startseite","item":"https:\/\/shopvapor.de\/"},{"@type":"ListItem","position":2,"name":"Shop","item":"https:\/\/shopvapor.de\/shop\/"},{"@type":"ListItem","position":3,"name":"Bang PI10000 10K Puffs Einweg-E-Zigarette Original"}]},{"@type":"WebSite","@id":"https:\/\/shopvapor.de\/#website","url":"https:\/\/shopvapor.de\/","name":"\u30b7\u30e7\u30c3\u30d7\u30d9\u30fc\u30d1\u30fc","description":"","potentialAction":[{"@type":"SearchAction","target":{"@type":"EntryPoint","urlTemplate":"https:\/\/shopvapor.de\/?s={search_term_string}"},"query-input":{"@type":"PropertyValueSpecification","valueRequired":true,"valueName":"search_term_string"}}],"inLanguage":"ja"}]}},"_links":{"self":[{"href":"https:\/\/shopvapor.de\/ja\/wp-json\/wp\/v2\/product\/8198","targetHints":{"allow":["GET"]}}],"collection":[{"href":"https:\/\/shopvapor.de\/ja\/wp-json\/wp\/v2\/product"}],"about":[{"href":"https:\/\/shopvapor.de\/ja\/wp-json\/wp\/v2\/types\/product"}],"replies":[{"embeddable":true,"href":"https:\/\/shopvapor.de\/ja\/wp-json\/wp\/v2\/comments?post=8198"}],"version-history":[{"count":1,"href":"https:\/\/shopvapor.de\/ja\/wp-json\/wp\/v2\/product\/8198\/revisions"}],"predecessor-version":[{"id":11409,"href":"https:\/\/shopvapor.de\/ja\/wp-json\/wp\/v2\/product\/8198\/revisions\/11409"}],"wp:featuredmedia":[{"embeddable":true,"href":"https:\/\/shopvapor.de\/ja\/wp-json\/wp\/v2\/media\/8214"}],"wp:attachment":[{"href":"https:\/\/shopvapor.de\/ja\/wp-json\/wp\/v2\/media?parent=8198"}],"wp:term":[{"taxonomy":"product_brand","embeddable":true,"href":"https:\/\/shopvapor.de\/ja\/wp-json\/wp\/v2\/product_brand?post=8198"},{"taxonomy":"product_cat","embeddable":true,"href":"https:\/\/shopvapor.de\/ja\/wp-json\/wp\/v2\/product_cat?post=8198"},{"taxonomy":"product_tag","embeddable":true,"href":"https:\/\/shopvapor.de\/ja\/wp-json\/wp\/v2\/product_tag?post=8198"}],"curies":[{"name":"wp","href":"https:\/\/api.w.org\/{rel}","templated":true}]}}