{"id":8312,"date":"2025-07-02T04:14:18","date_gmt":"2025-07-02T04:14:18","guid":{"rendered":"https:\/\/shopvapor.de\/?post_type=product&#038;p=8312"},"modified":"2025-07-15T09:01:52","modified_gmt":"2025-07-15T09:01:52","slug":"25000-25k-%e3%83%91%e3%83%95-30ml-%e4%bd%bf%e3%81%84%e6%8d%a8%e3%81%a6-e-%e3%82%bf%e3%83%90%e3%82%b3-%e3%82%aa%e3%83%aa%e3%82%b8%e3%83%8a%e3%83%ab","status":"publish","type":"product","link":"https:\/\/shopvapor.de\/ja\/product\/25000-25k-%e3%83%91%e3%83%95-30ml-%e4%bd%bf%e3%81%84%e6%8d%a8%e3%81%a6-e-%e3%82%bf%e3%83%90%e3%82%b3-%e3%82%aa%e3%83%aa%e3%82%b8%e3%83%8a%e3%83%ab\/","title":{"rendered":"\u30d0\u30f3\u30b025000 25k\u30d1\u30d530ml\u4f7f\u3044\u6368\u3066\u96fb\u5b50\u30bf\u30d0\u30b3\u30aa\u30ea\u30b8\u30ca\u30eb"},"content":{"rendered":"<h2>\u30b6\u30fb\u30d0\u30f3\u30b0 25000 25K \u30d1\u30d5\u306e\u7d39\u4ecb<\/h2>\n<p>Bang 25000 25K \u30d1\u30d5\u306f\u3001\u9577\u6301\u3061\u3059\u308b\u697d\u3057\u307f\u3068\u4f7f\u3044\u3084\u3059\u3055\u306e\u305f\u3081\u306b\u8a2d\u8a08\u3055\u308c\u305f\u9ad8\u54c1\u8cea\u306e\u4f7f\u3044\u6368\u3066\u96fb\u5b50\u30bf\u30d0\u30b3\u88fd\u54c1\u3067\u3059\u3002 \u6700\u5927 25,000 \u5217\u306e\u5217\u8eca\u306e\u5370\u8c61\u7684\u306a\u5bb9\u91cf\u3092\u5099\u3048\u305f\u3053\u306e\u30c7\u30d0\u30a4\u30b9\u306f\u3001\u5f37\u70c8\u3067\u7528\u9014\u306e\u5e83\u3044\u96fb\u5b50\u30bf\u30d0\u30b3\u4f53\u9a13\u3092\u6c42\u3081\u308b\u3059\u3079\u3066\u306e\u4eba\u306b\u3001\u4fe1\u983c\u3067\u304d\u308b\u5b9f\u7528\u7684\u306a\u30bd\u30ea\u30e5\u30fc\u30b7\u30e7\u30f3\u3092\u63d0\u4f9b\u3057\u307e\u3059\u3002 Bang \u30d6\u30e9\u30f3\u30c9\u306f\u54c1\u8cea\u3068\u9769\u65b0\u6027\u3092\u8868\u3057\u3066\u304a\u308a\u3001\u3053\u306e\u30e2\u30c7\u30eb\u306f\u3001\u6700\u65b0\u306e\u30c6\u30af\u30ce\u30ed\u30b8\u30fc\u3068\u5e45\u5e83\u3044\u30d5\u30ec\u30fc\u30d0\u30fc\u3092\u7d44\u307f\u5408\u308f\u305b\u3066\u3001\u500b\u3005\u306e\u597d\u307f\u306b\u5408\u308f\u305b\u307e\u3059\u3002<\/p>\n<h2>\u88fd\u54c1\u4ed5\u69d8\u306e\u8a73\u7d30<\/h2>\n<p>Bang 25000 25K \u30d1\u30d5\u306f\u3001\u9ad8\u5ea6\u306a\u6280\u8853\u7684\u7279\u6027\u304c\u7279\u5fb4\u3067\u3042\u308a\u3001\u4e00\u8cab\u3057\u305f\u6e80\u8db3\u306e\u3044\u304f\u4f53\u9a13\u3092\u4fdd\u8a3c\u3057\u307e\u3059\u3002 \u3053\u306e\u88fd\u54c1\u306e\u5229\u70b9\u3068\u7cbe\u5ea6\u3092\u8aac\u660e\u3059\u308b\u305f\u3081\u306b\u3001\u6b21\u306e\u8a73\u7d30\u306b\u3064\u3044\u3066\u8a73\u3057\u304f\u8aac\u660e\u3057\u307e\u3059\u3002<\/p>\n<h3>\u5217\u8eca\u306e\u5b9a\u54e1: 25,000 \u5217\u306e\u5217\u8eca<\/h3>\n<p>\u6700\u5927 25,000 \u5217\u306e\u5217\u8eca\u306e\u53ce\u5bb9\u80fd\u529b\u3092\u6301\u3064 Bang 25000 \u306f\u3001\u975e\u5e38\u306b\u9577\u3044\u8010\u7528\u5e74\u6570\u3092\u63d0\u4f9b\u3057\u307e\u3059\u3002 \u3053\u306e\u6570\u304c\u591a\u3044\u305f\u3081\u3001\u3053\u306e\u30c7\u30d0\u30a4\u30b9\u306f\u3001\u983b\u7e41\u306b\u4ea4\u63db\u3059\u308b\u3053\u3068\u306a\u304f\u3001\u9577\u6301\u3061\u3059\u308b\u88fd\u54c1\u3092\u63a2\u3057\u3066\u3044\u308b\u30e6\u30fc\u30b6\u30fc\u306b\u3068\u3063\u3066\u7406\u60f3\u7684\u3067\u3059\u3002 \u4f7f\u7528\u983b\u5ea6\u304c\u9ad8\u304f\u3066\u3082\u5747\u4e00\u306a\u6027\u80fd\u3092\u7dad\u6301\u3057\u307e\u3059\u3002<\/p>\n<h3>\u6db2\u4f53\u91cf: 30ml<\/h3>\n<p>\u3053\u306e\u30c7\u30d0\u30a4\u30b9\u306b\u306f\u3001\u9577\u671f\u9593\u4f7f\u7528\u3059\u308b\u306e\u306b\u5341\u5206\u306a\u91cf\u306e\u9ad8\u54c1\u8cea\u306e\u30ea\u30ad\u30c3\u30c9\u304c 30 ml \u542b\u307e\u308c\u3066\u3044\u307e\u3059\u3002 \u3053\u306e\u30dc\u30ea\u30e5\u30fc\u30e0\u306f\u3001\u88fd\u54c1\u306e\u751f\u6daf\u3092\u901a\u3058\u3066\u5473\u304c\u5f37\u56fa\u3067\u4e00\u8cab\u3057\u3066\u3044\u308b\u3053\u3068\u3092\u4fdd\u8a3c\u3057\u307e\u3059\u3002<\/p>\n<h3>\u30cb\u30b3\u30c1\u30f3\u6fc3\u5ea6: 0 %\u30012 %\u30013 %\u30015 %<\/h3>\n<p>Bang 25000 \u306f\u3001\u3055\u307e\u3056\u307e\u306a\u30cb\u30b3\u30c1\u30f3\u5f37\u5ea6 (0 %\u30012 %\u30013 % \u304a\u3088\u3073 5 %) \u3067\u5229\u7528\u3067\u304d\u3001\u30e6\u30fc\u30b6\u30fc\u306e\u3055\u307e\u3056\u307e\u306a\u30cb\u30fc\u30ba\u306b\u5bfe\u5fdc\u3057\u307e\u3059\u3002 \u3053\u306e\u67d4\u8edf\u6027\u306b\u3088\u308a\u3001\u30cb\u30b3\u30c1\u30f3\u3092\u542b\u307e\u306a\u3044\u697d\u3057\u307f\u3084\u3088\u308a\u5f37\u529b\u306a\u52b9\u679c\u306a\u3069\u3001\u5f37\u5ea6\u3092\u500b\u5225\u306b\u8abf\u6574\u3067\u304d\u307e\u3059\u3002<\/p>\n<h3>\u30d0\u30c3\u30c6\u30ea\u30fc: 650 mAh USB-C \u5145\u96fb<\/h3>\n<p>\u5185\u8535\u306e 650 mAh \u30d0\u30c3\u30c6\u30ea\u30fc\u306f\u3001USB-C \u30dd\u30fc\u30c8\u3092\u4ecb\u3057\u3066\u5f37\u529b\u3067\u518d\u5145\u96fb\u53ef\u80fd\u3067\u3059\u3002 \u3053\u306e\u6700\u65b0\u306e\u5145\u96fb\u30bd\u30ea\u30e5\u30fc\u30b7\u30e7\u30f3\u306f\u3001\u8fc5\u901f\u304b\u3064\u52b9\u7387\u7684\u306a\u5145\u96fb\u3092\u4fdd\u8a3c\u3059\u308b\u305f\u3081\u3001\u30c7\u30d0\u30a4\u30b9\u306f\u3044\u3064\u3067\u3082\u4f7f\u7528\u3067\u304d\u307e\u3059\u3002 \u30d0\u30c3\u30c6\u30ea\u30fc\u5bb9\u91cf\u306f\u3001\u591a\u6570\u306e\u5217\u8eca\u306b\u6700\u9069\u306b\u4e00\u81f4\u3057\u307e\u3059\u3002<\/p>\n<h3>\u30d0\u30c3\u30c6\u30ea\u30fc\u3068\u96fb\u5b50\u6db2\u4f53\u30a4\u30f3\u30b8\u30b1\u30fc\u30bf\u30fc<\/h3>\n<p>\u9769\u65b0\u7684\u306a\u30c7\u30a3\u30b9\u30d7\u30ec\u30a4\u306f\u3001\u73fe\u5728\u306e\u30d0\u30c3\u30c6\u30ea\u30fc \u30ec\u30d9\u30eb\u3068\u96fb\u5b50\u6db2\u4f53\u306e\u30ec\u30d9\u30eb\u306b\u95a2\u3059\u308b\u60c5\u5831\u3092\u63d0\u4f9b\u3057\u307e\u3059\u3002 \u3053\u306e\u6a5f\u80fd\u306b\u3088\u308a\u3001\u30e6\u30fc\u30b6\u30fc\u306f\u3044\u3064\u3067\u3082\u30c7\u30d0\u30a4\u30b9\u306e\u30b9\u30c6\u30fc\u30bf\u30b9\u3092\u30c1\u30a7\u30c3\u30af\u3057\u3066\u3001\u4e2d\u65ad\u3055\u308c\u306a\u3044\u4f7f\u7528\u3092\u78ba\u8a8d\u3067\u304d\u308b\u305f\u3081\u3001\u4f7f\u3044\u3084\u3059\u3055\u304c\u5411\u4e0a\u3057\u307e\u3059\u3002<\/p>\n<h3>\u52a0\u71b1\u30b3\u30a4\u30eb\u62b5\u6297: 1.0 \u03a9 \u30e1\u30c3\u30b7\u30e5\u30b3\u30a4\u30eb<\/h3>\n<p>1.0 \u03a9 \u30e1\u30c3\u30b7\u30e5 \u30b3\u30a4\u30eb\u3092\u4f7f\u7528\u3059\u308b\u3068\u3001\u5747\u4e00\u306a\u52a0\u71b1\u3068\u6700\u9069\u306a\u30d5\u30ec\u30fc\u30d0\u30fc\u306e\u958b\u767a\u304c\u4fdd\u8a3c\u3055\u308c\u307e\u3059\u3002 \u3053\u306e\u6280\u8853\u306b\u3088\u308a\u3001\u3059\u3079\u3066\u306e\u5217\u8eca\u3067\u9ad8\u5bc6\u5ea6\u306e\u84b8\u6c17\u3068\u5f37\u70c8\u306a\u98a8\u5473\u304c\u4fdd\u8a3c\u3055\u308c\u3001Bang 25000 \u306f\u4ed6\u306e\u4f7f\u3044\u6368\u3066\u30c7\u30d0\u30a4\u30b9\u3068\u4e00\u7dda\u3092\u753b\u3057\u3066\u3044\u307e\u3059\u3002<\/p>\n<h2>\u5473<\/h2>\n<p>Bang 25000 25K \u30d1\u30d5\u306f\u3001\u591a\u69d8\u6027\u3068\u697d\u3057\u307f\u3092\u63d0\u4f9b\u3059\u308b\u3055\u307e\u3056\u307e\u306a\u30d5\u30ec\u30fc\u30d0\u30fc\u3092\u63d0\u4f9b\u3057\u307e\u3059\u3002 \u5404\u682a\u306f\u3001\u672c\u7269\u306e\u5f37\u70c8\u306a\u9999\u308a\u3092\u5c4a\u3051\u308b\u305f\u3081\u306b\u614e\u91cd\u306b\u8a2d\u8a08\u3055\u308c\u3066\u3044\u307e\u3059\u3002 \u5229\u7528\u53ef\u80fd\u306a\u30d5\u30ec\u30fc\u30d0\u30fc\u306f\u6b21\u306e\u3068\u304a\u308a\u3067\u3059\u3002<\/p>\n<ul>\n<li>\u30d6\u30eb\u30fc\u30d9\u30ea\u30fc\u30a2\u30a4\u30b9<\/li>\n<li>\u30b9\u30c8\u30ed\u30d9\u30ea\u30fc\u30fb\u30ad\u30a6\u30a4<\/li>\n<li>\u30b9\u30c8\u30ed\u30d9\u30ea\u30fc\u30fb\u30b9\u30a4\u30ab<\/li>\n<li>\u30df\u30c3\u30af\u30b9\u30d5\u30eb\u30fc\u30c4<\/li>\n<li>\u30d6\u30eb\u30fc\u30d9\u30ea\u30fc\u30df\u30f3\u30c8<\/li>\n<li>\u864e\u8840<\/li>\n<li>\u30de\u30f3\u30b4\u30fc\u30d4\u30fc\u30c1<\/li>\n<li>\u30b0\u30ec\u30fc\u30d7\u30a2\u30a4\u30b9<\/li>\n<li>\u30d6\u30eb\u30fc\u30d9\u30ea\u30fc\u30fb\u30e9\u30ba\u30d9\u30ea\u30fc<\/li>\n<li>\u30b9\u30a4\u30ab\u306e\u6c37<\/li>\n<li>\u30b9\u30a4\u30ab\u30d0\u30d6\u30eb\u30ac\u30e0<\/li>\n<li>\u30b9\u30c8\u30ed\u30d9\u30ea\u30fc\u30fb\u30a2\u30a4\u30b9<\/li>\n<\/ul>\n<h2>\u3088\u304f\u3042\u308b\u8cea\u554f (FAQ)<\/h2>\n<p>\u4ee5\u4e0b\u306b\u3001\u4e0d\u78ba\u5b9f\u6027\u306e\u53ef\u80fd\u6027\u3092\u660e\u78ba\u306b\u3059\u308b\u305f\u3081\u306b\u3001\u7279\u306b Bang 25000 25k Puffs \u306b\u95a2\u3059\u308b\u6700\u3082\u4e00\u822c\u7684\u306a\u8cea\u554f\u306b\u7b54\u3048\u307e\u3059\u3002<\/p>\n<p><strong>25000 25k \u30d1\u30d5\u306e\u30d0\u30f3\u30b0\u306f\u3069\u306e\u304f\u3089\u3044\u6301\u7d9a\u3057\u307e\u3059\u304b?<\/strong><br \/>\n\u5bff\u547d\u306f\u4f7f\u7528\u983b\u5ea6\u306b\u3088\u3063\u3066\u7570\u306a\u308a\u307e\u3059\u304c\u3001\u5e73\u5747\u7684\u306a\u4f7f\u7528\u3067\u306f\u300125,000 \u5217\u306e\u5217\u8eca\u3068 30 ml \u306e\u96fb\u5b50\u6db2\u4f53\u30bf\u30f3\u30af\u306e\u304a\u304b\u3052\u3067\u3001\u30c7\u30d0\u30a4\u30b9\u306f\u6570\u9031\u9593\u6301\u7d9a\u3057\u307e\u3059\u3002<\/p>\n<p><strong>Bang 25000 \u306e\u5145\u96fb\u5f0f\u30d0\u30c3\u30c6\u30ea\u30fc\u306f?<\/strong><br \/>\n\u306f\u3044\u3001650mAh \u306e\u30d0\u30c3\u30c6\u30ea\u30fc\u306f USB-C \u7d4c\u7531\u3067\u5145\u96fb\u3067\u304d\u307e\u3059\u3002\u5145\u96fb\u30b1\u30fc\u30d6\u30eb\u306f\u4ed8\u5c5e\u3057\u3066\u3044\u307e\u305b\u3093\u304c\u3001\u6a19\u6e96\u306e USB-C \u30b1\u30fc\u30d6\u30eb\u306f\u4e92\u63db\u6027\u304c\u3042\u308a\u307e\u3059\u3002<\/p>\n<p><strong>\u8cfc\u5165\u5f8c\u306b\u30cb\u30b3\u30c1\u30f3\u30c7\u30f3\u30d7\u30f3\u3092\u4ea4\u63db\u3067\u304d\u307e\u3059\u304b?<\/strong><br \/>\n\u3044\u3044\u3048\u3001\u30cb\u30b3\u30c1\u30f3\u5f37\u5ea6\u306f\u30c7\u30d0\u30a4\u30b9\u306b\u3057\u3063\u304b\u308a\u3068\u7d71\u5408\u3055\u308c\u3066\u3044\u307e\u3059\u3002 \u8cfc\u5165\u3059\u308b\u5834\u5408\u306f\u3001\u76ee\u7684\u306e\u6fc3\u5ea6 (0 %\u30012 %\u30013 % \u307e\u305f\u306f 5 %) \u3092\u9078\u629e\u3057\u307e\u3059\u3002<\/p>\n<p><strong>\u96fb\u5b50\u6db2\u4f53\u307e\u305f\u306f\u30d0\u30c3\u30c6\u30ea\u30fc\u304c\u7a7a\u306b\u306a\u3063\u305f\u3089\u3069\u3046\u306a\u308a\u307e\u3059\u304b?<\/strong><br \/>\n\u30c7\u30a3\u30b9\u30d7\u30ec\u30a4\u306f\u3001\u96fb\u5b50\u6db2\u4f53\u3068\u30d0\u30c3\u30c6\u30ea\u30fc\u306e\u72b6\u614b\u3092\u77e5\u3089\u305b\u307e\u3059\u3002 \u30d0\u30c3\u30c6\u30ea\u30fc\u304c\u7a7a\u306e\u5834\u5408\u306f\u3001\u5145\u96fb\u3067\u304d\u307e\u3059\u3002 \u96fb\u5b50\u6db2\u4f53\u3092\u4f7f\u3044\u5207\u308b\u3068\u3001\u88c5\u7f6e\u306f\u4f7f\u3044\u679c\u305f\u3055\u308c\u3001\u5ec3\u68c4\u3059\u308b\u5fc5\u8981\u304c\u3042\u308a\u307e\u3059\u3002<\/p>\n<p><strong>Bang 25000 \u306f\u6bce\u65e5\u306e\u4f7f\u7528\u306b\u9069\u3057\u3066\u3044\u307e\u3059\u304b?<\/strong><br \/>\n\u306f\u3044\u3001\u30c7\u30d0\u30a4\u30b9\u306f\u30b3\u30f3\u30d1\u30af\u30c8\u3067\u30e6\u30fc\u30b6\u30fc\u30d5\u30ec\u30f3\u30c9\u30ea\u30fc\u3067\u3001\u6bce\u65e5\u306e\u4f7f\u7528\u306e\u305f\u3081\u306b\u8a2d\u8a08\u3055\u308c\u3066\u3044\u307e\u3059\u3002 \u9ad8\u3044\u5f15\u5f35\u80fd\u529b\u3068\u5145\u96fb\u5f0f\u30d0\u30c3\u30c6\u30ea\u30fc\u306b\u3088\u308a\u3001\u7279\u306b\u5b9f\u7528\u7684\u3067\u3059\u3002<\/p>\n<p><strong>\u4f7f\u7528\u5f8c\u3001Bang 25000 \u3092\u51e6\u5206\u3059\u308b\u306b\u306f\u3069\u3046\u3059\u308c\u3070\u3088\u3044\u3067\u3059\u304b?<\/strong><br \/>\n\u30d0\u30c3\u30c6\u30ea\u30fc\u304c\u542b\u307e\u308c\u3066\u3044\u308b\u305f\u3081\u3001\u73fe\u5730\u306e\u96fb\u5b50\u5ec3\u68c4\u7269\u306e\u898f\u5236\u306b\u5f93\u3063\u3066\u30c7\u30d0\u30a4\u30b9\u3092\u51e6\u5206\u3057\u3066\u304f\u3060\u3055\u3044\u3002 \u5bb6\u5ead\u3054\u307f\u306b\u6368\u3066\u306a\u3044\u3067\u304f\u3060\u3055\u3044\u3002<\/p>","protected":false},"excerpt":{"rendered":"<p dir=\"auto\">25000 \u30d1\u30d5 25,000 \u30d1\u30d5\u307e\u3067\u306e\u4f7f\u3044\u6368\u3066\u96fb\u5b50\u30bf\u30d0\u30b3\u300130 ml \u96fb\u5b50\u6db2\u4f53\u3001650 mAh \u30d0\u30c3\u30c6\u30ea\u30fc (\u30bf\u30a4\u30d7 C)\u3001\u30cb\u30b3\u30c1\u30f3\u5f37\u5ea6 0-5 %\u3001\u30e1\u30c3\u30b7\u30e5 \u30b3\u30a4\u30eb\u3001LED \u30c7\u30a3\u30b9\u30d7\u30ec\u30a4\u3001\u9577\u6301\u3061\u3059\u308b\u3001\u5f37\u70c8\u306a\u5473\u306e\u81ea\u52d5\u5438\u5165\u3002<\/p>","protected":false},"featured_media":8332,"comment_status":"open","ping_status":"closed","template":"","meta":[],"product_brand":[1180],"product_cat":[1154],"product_tag":[956,959],"class_list":{"0":"post-8312","1":"product","2":"type-product","3":"status-publish","4":"has-post-thumbnail","6":"product_brand-bang","7":"product_cat-25000-puffs","8":"product_tag-25k-puffs","9":"product_tag-more-than-10kpuffs","11":"first","12":"instock","13":"sale","14":"shipping-taxable","15":"purchasable","16":"product-type-variable"},"yoast_head":"<!-- This site is optimized with the Yoast SEO plugin v25.8 - https:\/\/yoast.com\/wordpress\/plugins\/seo\/ -->\n<title>Bang 25000 25k Puffs 30ml Einweg-E-Zigarette Original - ShopVapor<\/title>\n<meta name=\"description\" content=\"Bang 25000 Puffs Einweg-E-Zigarette mit bis zu 25.000 Z\u00fcgen, 30 ml E-Liquid, 650-mAh-Akku (Typ-C), Nikotinst\u00e4rken 0-5 %, Mesh-Spule, LED-Anzeige und automatischer Inhalationsaktivierung f\u00fcr langanhaltenden, intensiven Geschmack.\" \/>\n<meta name=\"robots\" content=\"index, follow, max-snippet:-1, max-image-preview:large, max-video-preview:-1\" \/>\n<link rel=\"canonical\" href=\"https:\/\/shopvapor.de\/ja\/product\/25000-25k-\u30d1\u30d5-30ml-\u4f7f\u3044\u6368\u3066-e-\u30bf\u30d0\u30b3-\u30aa\u30ea\u30b8\u30ca\u30eb\/\" \/>\n<meta property=\"og:locale\" content=\"ja_JP\" \/>\n<meta property=\"og:type\" content=\"article\" \/>\n<meta property=\"og:title\" content=\"Bang 25000 25k Puffs 30ml Einweg-E-Zigarette Original - ShopVapor\" \/>\n<meta property=\"og:description\" content=\"Bang 25000 Puffs Einweg-E-Zigarette mit bis zu 25.000 Z\u00fcgen, 30 ml E-Liquid, 650-mAh-Akku (Typ-C), Nikotinst\u00e4rken 0-5 %, Mesh-Spule, LED-Anzeige und automatischer Inhalationsaktivierung f\u00fcr langanhaltenden, intensiven Geschmack.\" \/>\n<meta property=\"og:url\" content=\"https:\/\/shopvapor.de\/ja\/product\/25000-25k-\u30d1\u30d5-30ml-\u4f7f\u3044\u6368\u3066-e-\u30bf\u30d0\u30b3-\u30aa\u30ea\u30b8\u30ca\u30eb\/\" \/>\n<meta property=\"og:site_name\" content=\"ShopVapor\" \/>\n<meta property=\"article:modified_time\" content=\"2025-07-15T09:01:52+00:00\" \/>\n<meta property=\"og:image\" content=\"https:\/\/shopvapor.de\/wp-content\/uploads\/2025\/07\/bang-25000-25k-puffs-30ml-einweg-e-zigarette-original-9.png\" \/>\n\t<meta property=\"og:image:width\" content=\"1000\" \/>\n\t<meta property=\"og:image:height\" content=\"1000\" \/>\n\t<meta property=\"og:image:type\" content=\"image\/png\" \/>\n<meta name=\"twitter:card\" content=\"summary_large_image\" \/>\n<meta name=\"twitter:label1\" content=\"\u63a8\u5b9a\u8aad\u307f\u53d6\u308a\u6642\u9593\" \/>\n\t<meta name=\"twitter:data1\" content=\"3\u5206\" \/>\n<!-- \/ Yoast SEO plugin. -->","yoast_head_json":{"title":"Bang 25000 25K \u30d1\u30d5 30ml \u4f7f\u3044\u6368\u3066\u96fb\u5b50\u30bf\u30d0\u30b3 \u30aa\u30ea\u30b8\u30ca\u30eb - ShopVapor","description":"25000 \u30d1\u30d5 25,000 \u30d1\u30d5\u307e\u3067\u306e\u4f7f\u3044\u6368\u3066\u96fb\u5b50\u30bf\u30d0\u30b3\u300130 ml \u96fb\u5b50\u6db2\u4f53\u3001650 mAh \u30d0\u30c3\u30c6\u30ea\u30fc (\u30bf\u30a4\u30d7 C)\u3001\u30cb\u30b3\u30c1\u30f3\u5f37\u5ea6 0-5 %\u3001\u30e1\u30c3\u30b7\u30e5 \u30b3\u30a4\u30eb\u3001LED \u30c7\u30a3\u30b9\u30d7\u30ec\u30a4\u3001\u9577\u6301\u3061\u3059\u308b\u3001\u5f37\u70c8\u306a\u5473\u306e\u81ea\u52d5\u5438\u5165\u3002","robots":{"index":"index","follow":"follow","max-snippet":"max-snippet:-1","max-image-preview":"max-image-preview:large","max-video-preview":"max-video-preview:-1"},"canonical":"https:\/\/shopvapor.de\/ja\/product\/25000-25k-\u30d1\u30d5-30ml-\u4f7f\u3044\u6368\u3066-e-\u30bf\u30d0\u30b3-\u30aa\u30ea\u30b8\u30ca\u30eb\/","og_locale":"ja_JP","og_type":"article","og_title":"Bang 25000 25k Puffs 30ml Einweg-E-Zigarette Original - ShopVapor","og_description":"Bang 25000 Puffs Einweg-E-Zigarette mit bis zu 25.000 Z\u00fcgen, 30 ml E-Liquid, 650-mAh-Akku (Typ-C), Nikotinst\u00e4rken 0-5 %, Mesh-Spule, LED-Anzeige und automatischer Inhalationsaktivierung f\u00fcr langanhaltenden, intensiven Geschmack.","og_url":"https:\/\/shopvapor.de\/ja\/product\/25000-25k-\u30d1\u30d5-30ml-\u4f7f\u3044\u6368\u3066-e-\u30bf\u30d0\u30b3-\u30aa\u30ea\u30b8\u30ca\u30eb\/","og_site_name":"ShopVapor","article_modified_time":"2025-07-15T09:01:52+00:00","og_image":[{"width":1000,"height":1000,"url":"https:\/\/shopvapor.de\/wp-content\/uploads\/2025\/07\/bang-25000-25k-puffs-30ml-einweg-e-zigarette-original-9.png","type":"image\/png"}],"twitter_card":"summary_large_image","twitter_misc":{"\u63a8\u5b9a\u8aad\u307f\u53d6\u308a\u6642\u9593":"3\u5206"},"schema":{"@context":"https:\/\/schema.org","@graph":[{"@type":"WebPage","@id":"https:\/\/shopvapor.de\/produkt\/bang-25000-25k-puffs-30ml-einweg-e-zigarette-original\/","url":"https:\/\/shopvapor.de\/produkt\/bang-25000-25k-puffs-30ml-einweg-e-zigarette-original\/","name":"Bang 25000 25K \u30d1\u30d5 30ml \u4f7f\u3044\u6368\u3066\u96fb\u5b50\u30bf\u30d0\u30b3 \u30aa\u30ea\u30b8\u30ca\u30eb - ShopVapor","isPartOf":{"@id":"https:\/\/shopvapor.de\/#website"},"primaryImageOfPage":{"@id":"https:\/\/shopvapor.de\/produkt\/bang-25000-25k-puffs-30ml-einweg-e-zigarette-original\/#primaryimage"},"image":{"@id":"https:\/\/shopvapor.de\/produkt\/bang-25000-25k-puffs-30ml-einweg-e-zigarette-original\/#primaryimage"},"thumbnailUrl":"https:\/\/shopvapor.de\/wp-content\/uploads\/2025\/07\/bang-25000-25k-puffs-30ml-einweg-e-zigarette-original-9.png","datePublished":"2025-07-02T04:14:18+00:00","dateModified":"2025-07-15T09:01:52+00:00","description":"25000 \u30d1\u30d5 25,000 \u30d1\u30d5\u307e\u3067\u306e\u4f7f\u3044\u6368\u3066\u96fb\u5b50\u30bf\u30d0\u30b3\u300130 ml \u96fb\u5b50\u6db2\u4f53\u3001650 mAh \u30d0\u30c3\u30c6\u30ea\u30fc (\u30bf\u30a4\u30d7 C)\u3001\u30cb\u30b3\u30c1\u30f3\u5f37\u5ea6 0-5 %\u3001\u30e1\u30c3\u30b7\u30e5 \u30b3\u30a4\u30eb\u3001LED \u30c7\u30a3\u30b9\u30d7\u30ec\u30a4\u3001\u9577\u6301\u3061\u3059\u308b\u3001\u5f37\u70c8\u306a\u5473\u306e\u81ea\u52d5\u5438\u5165\u3002","breadcrumb":{"@id":"https:\/\/shopvapor.de\/produkt\/bang-25000-25k-puffs-30ml-einweg-e-zigarette-original\/#breadcrumb"},"inLanguage":"ja","potentialAction":[{"@type":"ReadAction","target":["https:\/\/shopvapor.de\/produkt\/bang-25000-25k-puffs-30ml-einweg-e-zigarette-original\/"]}]},{"@type":"ImageObject","inLanguage":"ja","@id":"https:\/\/shopvapor.de\/produkt\/bang-25000-25k-puffs-30ml-einweg-e-zigarette-original\/#primaryimage","url":"https:\/\/shopvapor.de\/wp-content\/uploads\/2025\/07\/bang-25000-25k-puffs-30ml-einweg-e-zigarette-original-9.png","contentUrl":"https:\/\/shopvapor.de\/wp-content\/uploads\/2025\/07\/bang-25000-25k-puffs-30ml-einweg-e-zigarette-original-9.png","width":1000,"height":1000},{"@type":"BreadcrumbList","@id":"https:\/\/shopvapor.de\/produkt\/bang-25000-25k-puffs-30ml-einweg-e-zigarette-original\/#breadcrumb","itemListElement":[{"@type":"ListItem","position":1,"name":"Startseite","item":"https:\/\/shopvapor.de\/"},{"@type":"ListItem","position":2,"name":"Shop","item":"https:\/\/shopvapor.de\/shop\/"},{"@type":"ListItem","position":3,"name":"Bang 25000 25k Puffs 30ml Einweg-E-Zigarette Original"}]},{"@type":"WebSite","@id":"https:\/\/shopvapor.de\/#website","url":"https:\/\/shopvapor.de\/","name":"\u30b7\u30e7\u30c3\u30d7\u30d9\u30fc\u30d1\u30fc","description":"","potentialAction":[{"@type":"SearchAction","target":{"@type":"EntryPoint","urlTemplate":"https:\/\/shopvapor.de\/?s={search_term_string}"},"query-input":{"@type":"PropertyValueSpecification","valueRequired":true,"valueName":"search_term_string"}}],"inLanguage":"ja"}]}},"_links":{"self":[{"href":"https:\/\/shopvapor.de\/ja\/wp-json\/wp\/v2\/product\/8312","targetHints":{"allow":["GET"]}}],"collection":[{"href":"https:\/\/shopvapor.de\/ja\/wp-json\/wp\/v2\/product"}],"about":[{"href":"https:\/\/shopvapor.de\/ja\/wp-json\/wp\/v2\/types\/product"}],"replies":[{"embeddable":true,"href":"https:\/\/shopvapor.de\/ja\/wp-json\/wp\/v2\/comments?post=8312"}],"version-history":[{"count":2,"href":"https:\/\/shopvapor.de\/ja\/wp-json\/wp\/v2\/product\/8312\/revisions"}],"predecessor-version":[{"id":11983,"href":"https:\/\/shopvapor.de\/ja\/wp-json\/wp\/v2\/product\/8312\/revisions\/11983"}],"wp:featuredmedia":[{"embeddable":true,"href":"https:\/\/shopvapor.de\/ja\/wp-json\/wp\/v2\/media\/8332"}],"wp:attachment":[{"href":"https:\/\/shopvapor.de\/ja\/wp-json\/wp\/v2\/media?parent=8312"}],"wp:term":[{"taxonomy":"product_brand","embeddable":true,"href":"https:\/\/shopvapor.de\/ja\/wp-json\/wp\/v2\/product_brand?post=8312"},{"taxonomy":"product_cat","embeddable":true,"href":"https:\/\/shopvapor.de\/ja\/wp-json\/wp\/v2\/product_cat?post=8312"},{"taxonomy":"product_tag","embeddable":true,"href":"https:\/\/shopvapor.de\/ja\/wp-json\/wp\/v2\/product_tag?post=8312"}],"curies":[{"name":"wp","href":"https:\/\/api.w.org\/{rel}","templated":true}]}}