{"id":8374,"date":"2025-07-02T04:15:14","date_gmt":"2025-07-02T04:15:14","guid":{"rendered":"https:\/\/shopvapor.de\/?post_type=product&#038;p=8374"},"modified":"2025-07-15T09:00:47","modified_gmt":"2025-07-15T09:00:47","slug":"bang-king-25000-25k-%e3%83%91%e3%83%95-%e3%83%80%e3%83%96%e3%83%ab-%e3%82%a6%e3%82%a7%e3%82%a2%e3%83%8f%e3%82%a6%e3%82%b9-46ml-%e4%bd%bf%e3%81%84%e6%8d%a8%e3%81%a6-e-%e3%82%bf%e3%83%90%e3%82%b3","status":"publish","type":"product","link":"https:\/\/shopvapor.de\/ja\/product\/bang-king-25000-25k-%e3%83%91%e3%83%95-%e3%83%80%e3%83%96%e3%83%ab-%e3%82%a6%e3%82%a7%e3%82%a2%e3%83%8f%e3%82%a6%e3%82%b9-46ml-%e4%bd%bf%e3%81%84%e6%8d%a8%e3%81%a6-e-%e3%82%bf%e3%83%90%e3%82%b3\/","title":{"rendered":"\u30d0\u30f3\u30b0\u738b25000 25K\u30d1\u30d5\u4e8c\u91cd\u5009\u5eab46\u30df\u30ea\u30ea\u30c3\u30c8\u30eb\u4f7f\u3044\u6368\u3066\u96fb\u5b50\u30bf\u30d0\u30b3\u30aa\u30ea\u30b8\u30ca\u30eb"},"content":{"rendered":"<h2>Bang King 25000 \u30d1\u30d5\u306e\u9769\u65b0\u3068\u54c1\u8cea<\/h2>\n<p>Bang King 25000 Puffs \u306f\u3001\u4f7f\u3044\u6368\u3066\u96fb\u5b50\u30bf\u30d0\u30b3\u306e\u65b0\u3057\u3044\u57fa\u6e96\u3092\u8a2d\u5b9a\u3057\u307e\u3059\u3002 \u6709\u540d\u306a Bang King \u30d6\u30e9\u30f3\u30c9\u306b\u3088\u3063\u3066\u958b\u767a\u3055\u308c\u305f\u3053\u306e\u30c7\u30d0\u30a4\u30b9\u306f\u3001\u6700\u5927 25,000 \u5217\u306e\u5217\u8eca\u3068 46 ml \u306e\u5bdb\u5927\u306a\u96fb\u5b50\u6db2\u4f53\u5bb9\u91cf\u3067\u5370\u8c61\u7684\u306a\u30d1\u30d5\u30a9\u30fc\u30de\u30f3\u30b9\u3092\u63d0\u4f9b\u3057\u307e\u3059\u3002 \u518d\u5145\u96fb\u53ef\u80fd\u306a 650 mAh \u30d0\u30c3\u30c6\u30ea\u30fc\u3068\u9ad8\u5ea6\u306a\u30e1\u30c3\u30b7\u30e5 \u30b3\u30a4\u30eb\u3092\u5099\u3048\u305f Bang King 25000 \u30d1\u30d5\u306f\u3001\u4e00\u8cab\u3057\u305f\u30d5\u30ec\u30fc\u30d0\u30fc\u54c1\u8cea\u3068\u4f7f\u3044\u3084\u3059\u3055\u3092\u4fdd\u8a3c\u3057\u307e\u3059\u3002 Bang King \u30d6\u30e9\u30f3\u30c9\u306f\u4fe1\u983c\u6027\u3068\u9769\u65b0\u6027\u3092\u8868\u3057\u3066\u304a\u308a\u3001\u3053\u306e\u88fd\u54c1\u306f\u9867\u5ba2\u306b\u4e00\u6d41\u306e\u4f53\u9a13\u3092\u63d0\u4f9b\u3059\u308b\u3068\u3044\u3046\u5f7c\u3089\u306e\u30b3\u30df\u30c3\u30c8\u30e1\u30f3\u30c8\u306e\u8a3c\u62e0\u3067\u3059\u3002<\/p>\n<h2>\u88fd\u54c1\u30d1\u30e9\u30e1\u30fc\u30bf\u30fc\u8a73\u7d30<\/h2>\n<p>Bang King 25000 Puffs \u306f\u3001\u6700\u65b0\u306e\u30c6\u30af\u30ce\u30ed\u30b8\u30fc\u3068\u5b9f\u7528\u7684\u306a\u30c7\u30b6\u30a4\u30f3\u3092\u7d44\u307f\u5408\u308f\u305b\u3066\u3044\u307e\u3059\u3002 \u4ee5\u4e0b\u306f\u3001\u3053\u306e\u30c7\u30d0\u30a4\u30b9\u3092\u4ed6\u306e\u4f7f\u3044\u6368\u3066\u96fb\u5b50\u30bf\u30d0\u30b3\u3088\u308a\u969b\u7acb\u305f\u305b\u308b\u6280\u8853\u4ed5\u69d8\u3068\u305d\u306e\u5229\u70b9\u306e\u8a73\u7d30\u306a\u6982\u8981\u3067\u3059\u3002<\/p>\n<h3>\u5217\u8eca\u306e\u5b9a\u54e1: 25,000 \u5217\u306e\u5217\u8eca<\/h3>\n<p>\u6700\u5927 25,000 \u5217\u306e\u5217\u8eca\u306e\u5bb9\u91cf\u3092\u5099\u3048\u305f Bang King 25000 \u30d1\u30d5\u306f\u3001\u4e26\u5916\u308c\u305f\u8010\u4e45\u6027\u3092\u63d0\u4f9b\u3057\u307e\u3059\u3002 \u3053\u306e\u6570\u306e\u5217\u8eca\u306b\u3088\u308a\u3001\u983b\u7e41\u306a\u30c7\u30d0\u30a4\u30b9\u306e\u4ea4\u63db\u3092\u884c\u308f\u306a\u304f\u3066\u3082\u3001\u9577\u671f\u7684\u306b\u4f7f\u7528\u3067\u304d\u307e\u3059\u3002\u3053\u308c\u306f\u3001\u5b9f\u7528\u7684\u3067\u8cbb\u7528\u5bfe\u52b9\u679c\u3082\u9ad8\u304f\u306a\u308a\u307e\u3059\u3002 \u5927\u5bb9\u91cf\u306b\u3088\u308a\u3001\u30e6\u30fc\u30b6\u30fc\u306f\u54c1\u8cea\u306b\u59a5\u5354\u3059\u308b\u3053\u3068\u306a\u304f\u3001\u6570\u9031\u9593\u306b\u308f\u305f\u3063\u3066\u4e00\u5b9a\u306e\u30d1\u30d5\u30a9\u30fc\u30de\u30f3\u30b9\u3092\u697d\u3057\u3080\u3053\u3068\u304c\u3067\u304d\u307e\u3059\u3002<\/p>\n<h3>\u96fb\u5b50\u6db2\u4f53\u5bb9\u91cf: 46ml (23ml \u306e\u3055\u3084 23ml)<\/h3>\n<p>\u3053\u306e\u30c7\u30d0\u30a4\u30b9\u306b\u306f\u30012 \u3064\u306e\u5225\u3005\u306e 23 mL \u30dd\u30c3\u30c9\u304c\u88c5\u5099\u3055\u308c\u3066\u304a\u308a\u3001\u5408\u8a08\u3067 46 mL \u306e\u5bb9\u91cf\u3092\u63d0\u4f9b\u3057\u307e\u3059\u3002 \u3053\u306e\u30c7\u30e5\u30a2\u30eb \u30dd\u30c3\u30c9 \u30b7\u30b9\u30c6\u30e0\u306f\u3001\u70ad\u7d20\u306e\u5806\u7a4d\u3092\u6e1b\u3089\u3057\u3001\u4e00\u8cab\u3057\u305f\u30d5\u30ec\u30fc\u30d0\u30fc\u54c1\u8cea\u3092\u4fdd\u8a3c\u3057\u307e\u3059\u3002 \u5927\u91cf\u306e\u96fb\u5b50\u6db2\u4f53\u306f\u3001\u88dc\u5145\u306e\u5fc5\u8981\u6027\u3092\u6700\u5c0f\u9650\u306b\u6291\u3048\u3001\u65e5\u5e38\u7684\u306a\u4f7f\u7528\u306b\u7406\u60f3\u7684\u306a\u4e2d\u65ad\u306e\u306a\u3044\u4f53\u9a13\u3092\u63d0\u4f9b\u3057\u307e\u3059\u3002<\/p>\n<h3>\u30d0\u30c3\u30c6\u30ea\u30fc: \u518d\u5145\u96fb\u53ef\u80fd\u306a 650mAh \u30d0\u30c3\u30c6\u30ea\u30fc<\/h3>\n<p>\u5185\u8535\u306e 650 mAh \u30d0\u30c3\u30c6\u30ea\u30fc\u306f\u5145\u96fb\u5f0f\u3067\u3001\u30c7\u30d0\u30a4\u30b9\u306e\u5168\u5bff\u547d\u3092\u30b5\u30dd\u30fc\u30c8\u3057\u307e\u3059\u3002 \u6700\u65b0\u306e Type-C \u5145\u96fb\u30dd\u30fc\u30c8\u306e\u304a\u304b\u3052\u3067\u3001\u30d0\u30c3\u30c6\u30ea\u30fc\u306f\u8fc5\u901f\u304b\u3064\u52b9\u7387\u7684\u306b\u5145\u96fb\u3067\u304d\u3001\u5bff\u547d\u3092\u5ef6\u3070\u3057\u3001\u30c0\u30a6\u30f3\u30bf\u30a4\u30e0\u3092\u6700\u5c0f\u9650\u306b\u6291\u3048\u307e\u3059\u3002 \u30d0\u30c3\u30c6\u30ea\u30fc\u306e\u6027\u80fd\u306f\u3001\u9ad8\u96fb\u8eca\u306e\u5bb9\u91cf\u306b\u6700\u9069\u306b\u30de\u30c3\u30c1\u3057\u3001\u4fe1\u983c\u6027\u306e\u9ad8\u3044\u30a8\u30cd\u30eb\u30ae\u30fc\u4f9b\u7d66\u3092\u4fdd\u8a3c\u3057\u307e\u3059\u3002<\/p>\n<h3>\u30cb\u30b3\u30c1\u30f3\u306e\u5f37\u3055: 0%\u30012%\u30013%\u30015%<\/h3>\n<p>Bang King 25000 Puffs \u306f\u3001\u30cb\u30b3\u30c1\u30f3\u306e\u5f37\u3055\u306e 4 \u3064\u3067\u5229\u7528\u3067\u304d\u307e\u3059\u3002\u30cb\u30b3\u30c1\u30f3\u3092\u542b\u307e\u306a\u3044\u697d\u3057\u307f\u306f 0%\u3001\u7a4f\u3084\u304b\u306a\u52b9\u679c\u306f 2%\u3001\u30d0\u30e9\u30f3\u30b9\u306e\u53d6\u308c\u305f\u30aa\u30d7\u30b7\u30e7\u30f3\u306e\u5834\u5408\u306f 3%\u3001\u3088\u308a\u5f37\u529b\u306a\u30cb\u30b3\u30c1\u30f3 \u30ad\u30c3\u30af\u306e\u5834\u5408\u306f 5% \u3067\u3059\u3002 \u3053\u306e\u591a\u69d8\u6027\u306b\u3088\u308a\u3001\u3059\u3079\u3066\u306e\u30e6\u30fc\u30b6\u30fc\u304c\u9069\u5207\u306a\u5f37\u307f\u3092\u9078\u629e\u3057\u3066\u3001\u30aa\u30fc\u30c0\u30fc\u30e1\u30a4\u30c9\u306e\u4f53\u9a13\u3092\u751f\u307f\u51fa\u3059\u3053\u3068\u304c\u3067\u304d\u307e\u3059\u3002<\/p>\n<h3>\u30b3\u30a4\u30eb: 1.0ohm \u30e1\u30c3\u30b7\u30e5 \u30b3\u30a4\u30eb<\/h3>\n<p>\u9ad8\u5ea6\u306a 1.0 \u30aa\u30fc\u30e0 \u30e1\u30c3\u30b7\u30e5 \u30b3\u30a4\u30eb\u306f\u3001\u6700\u9069\u306a\u30d5\u30ec\u30fc\u30d0\u30fc\u306e\u958b\u767a\u3068\u84b8\u6c17\u306e\u751f\u6210\u3092\u4fdd\u8a3c\u3057\u307e\u3059\u3002 \u3053\u306e\u30c6\u30af\u30ce\u30ed\u30b8\u30fc\u306b\u3088\u308a\u3001\u30c7\u30d0\u30a4\u30b9\u306e\u5bff\u547d\u3092\u5ef6\u3070\u3057\u306a\u304c\u3089\u3001\u5f15\u304f\u305f\u3073\u306b\u5f37\u70c8\u3067\u7d14\u7c8b\u306a\u30d5\u30ec\u30fc\u30d0\u30fc\u304c\u4fdd\u8a3c\u3055\u308c\u307e\u3059\u3002 \u30e1\u30c3\u30b7\u30e5 \u30b3\u30a4\u30eb\u306f\u3001Bang King 25000 \u30d1\u30d5\u306e\u54c1\u8cea\u3092\u5f37\u8abf\u3059\u308b\u91cd\u8981\u306a\u6a5f\u80fd\u3067\u3059\u3002<\/p>\n<h3>\u30a2\u30af\u30c6\u30a3\u30d9\u30fc\u30b7\u30e7\u30f3: \u81ea\u52d5\u5438\u5165\u30a2\u30af\u30c6\u30a3\u30d9\u30fc\u30b7\u30e7\u30f3<\/h3>\n<p>\u30c7\u30d0\u30a4\u30b9\u306b\u306f\u81ea\u52d5\u5438\u5165\u6a5f\u80fd\u304c\u3042\u308a\u3001\u64cd\u4f5c\u304c\u975e\u5e38\u306b\u7c21\u5358\u3067\u3059\u3002 \u30dc\u30bf\u30f3\u3084\u8907\u96d1\u306a\u8a2d\u5b9a\u306f\u5fc5\u8981\u3042\u308a\u307e\u305b\u3093\u3002\u30c7\u30d0\u30a4\u30b9\u3092\u8d77\u52d5\u3059\u308b\u305f\u3081\u306b\u5438\u5165\u3059\u308b\u3060\u3051\u3067\u3059\u3002 \u3053\u306e\u6a5f\u80fd\u306b\u3088\u308a\u3001\u5feb\u9069\u6027\u304c\u5411\u4e0a\u3057\u3001Bang King 25000 Puffs \u306f\u7279\u306b\u30e6\u30fc\u30b6\u30fc\u30d5\u30ec\u30f3\u30c9\u30ea\u30fc\u306b\u306a\u308a\u307e\u3059\u3002<\/p>\n<h3>\u5145\u96fb\u30dd\u30fc\u30c8: Type-C<\/h3>\n<p>Type-C \u5145\u96fb\u30dd\u30fc\u30c8\u306f\u3001\u6700\u65b0\u306e\u5145\u96fb\u30b1\u30fc\u30d6\u30eb\u3068\u4e92\u63db\u6027\u306e\u3042\u308b\u3001\u8fc5\u901f\u304b\u3064\u5b89\u5168\u306a\u5145\u96fb\u3092\u53ef\u80fd\u306b\u3057\u307e\u3059\u3002 \u3053\u306e\u30c6\u30af\u30ce\u30ed\u30b8\u30fc\u306b\u3088\u308a\u3001\u8aad\u307f\u8fbc\u307f\u6642\u9593\u304c\u77ed\u7e2e\u3055\u308c\u3001\u52b9\u7387\u304c\u5411\u4e0a\u3059\u308b\u305f\u3081\u3001\u30e6\u30fc\u30b6\u30fc\u306f\u30c7\u30d0\u30a4\u30b9\u3092\u3059\u3070\u3084\u304f\u518d\u5229\u7528\u3067\u304d\u307e\u3059\u3002 Type-C \u30dd\u30fc\u30c8\u306f\u3001\u53d6\u308a\u6271\u3044\u3092\u5bb9\u6613\u306b\u3057\u3001\u30c7\u30d0\u30a4\u30b9\u306e\u5bff\u547d\u3092\u30b5\u30dd\u30fc\u30c8\u3059\u308b\u6a19\u6e96\u3067\u3059\u3002<\/p>\n<h2>\u591a\u5f69\u306a\u30d5\u30ec\u30fc\u30d0\u30fc<\/h2>\n<p>Bang King 25000 Puffs \u306f\u300112 \u7a2e\u985e\u306e\u5e45\u5e83\u3044\u30d5\u30ec\u30fc\u30d0\u30fc\u3092\u63d0\u4f9b\u3057\u3001\u3042\u3089\u3086\u308b\u5473\u306b\u5408\u3046\u3082\u306e\u3092\u63d0\u4f9b\u3057\u307e\u3059\u3002 \u5404\u30d5\u30ec\u30fc\u30d0\u30fc\u306f\u3001\u5f37\u70c8\u3067\u672c\u683c\u7684\u306a\u30d5\u30ec\u30fc\u30d0\u30fc\u3092\u63d0\u4f9b\u3059\u308b\u3088\u3046\u306b\u8a2d\u8a08\u3055\u308c\u3066\u3044\u307e\u3059\u3002<\/p>\n<ul>\n<li><strong>\u30d6\u30eb\u30fc\u30e9\u30ba\u30a2\u30a4\u30b9:<\/strong> \u7518\u9178\u3063\u3071\u3044\u30d6\u30eb\u30fc\u306e\u30e9\u30ba\u30d9\u30ea\u30fc\u306b\u3001\u51b7\u3084\u3084\u304b\u306a\u4ed5\u4e0a\u304c\u308a\u3002<\/li>\n<li><strong>\u30b8\u30e5\u30fc\u30b7\u30fc\u30d4\u30fc\u30c1\u30a2\u30a4\u30b9\uff1a<\/strong> \u30b8\u30e5\u30fc\u30b7\u30fc\u306a\u6843\u306b\u30af\u30fc\u30eb\u306a\u30e1\u30f3\u30c8\u30fc\u30eb\u3092\u6dfb\u3048\u3066\u3002<\/li>\n<li><strong>\u3044\u3061\u3054\u30b9\u30a4\u30ab:<\/strong> \u3044\u3061\u3054\u3068\u30b9\u30a4\u30ab\u3067\u723d\u3084\u304b\u306a\u30d6\u30ec\u30f3\u30c9\u306b\u3002<\/li>\n<li><strong>\u30b9\u30a4\u30ab\u306e\u6c37:<\/strong> \u65b0\u9bae\u306a\u30b9\u30a4\u30ab\u3067\u3001\u6c37\u306e\u3088\u3046\u306a\u4ed5\u4e0a\u304c\u308a\u3067\u3059\u3002<\/li>\n<li><strong>\u30b9\u30c8\u30ed\u30d9\u30ea\u30fc\u30d0\u30ca\u30ca:<\/strong> \u30af\u30ea\u30fc\u30df\u30fc\u306a\u30d0\u30ca\u30ca\u3068\u7518\u3044\u30a4\u30c1\u30b4\u3002<\/li>\n<li><strong>\u9178\u3063\u3071\u3044\u308a\u3093\u3054\u306e\u6c37:<\/strong> \u304d\u3089\u3081\u304f\u30b0\u30ea\u30fc\u30f3 \u30a2\u30c3\u30d7\u30eb\u3068\u51b7\u305f\u3044\u30e1\u30f3\u30bd\u30fc\u30eb\u3002<\/li>\n<li><strong>\u30c8\u30ea\u30d7\u30eb\u30d9\u30ea\u30fc\u30a2\u30a4\u30b9:<\/strong> 3 \u3064\u306e\u30d9\u30ea\u30fc\u3068\u6c37\u306e\u3088\u3046\u306a\u30ce\u30fc\u30c8\u3092\u6df7\u305c\u5408\u308f\u305b\u307e\u3059\u3002<\/li>\n<li><strong>\u30c8\u30ed\u30d4\u30ab\u30eb\u30d5\u30eb\u30fc\u30c4:<\/strong> \u591a\u7a2e\u591a\u69d8\u306a\u30c8\u30ed\u30d4\u30ab\u30eb \u30d5\u30eb\u30fc\u30c4\u304c\u5f37\u70c8\u306a\u5473\u308f<\/li>\n<li><strong>\u30c1\u30a7\u30ea\u30fc\u30dc\u30e0:<\/strong> \u5f37\u70c8\u306a\u98a8\u5473\u306e\u5f37\u3044\u30c1\u30a7\u30ea\u30fc\u3002<\/li>\n<li><strong>\u30b0\u30ec\u30fc\u30d7\u30a2\u30a4\u30b9:<\/strong> \u7518\u3055\u306e\u3042\u308b\u3076\u3069\u3046\u306e\u6dbc\u3057\u3052\u306a\u4ed5\u4e0a\u304c\u308a\u3002<\/li>\n<li><strong>\u30d4\u30fc\u30c1\u30de\u30f3\u30b4\u30fc:<\/strong> \u30b8\u30e5\u30fc\u30b7\u30fc\u306a\u6843\u3068\u71b1\u5e2f\u30de\u30f3\u30b4\u30fc\u306e\u7d44\u307f\u5408\u308f\u305b\u3002<\/li>\n<li><strong>\u30b9\u30c8\u30ed\u30d9\u30ea\u30fc\u30de\u30f3\u30b4\u30fc:<\/strong> \u30c8\u30ed\u30d4\u30ab\u30eb\u30de\u30f3\u30b4\u30fc\u306e\u30a4\u30c1\u30b4\u3002<\/li>\n<\/ul>\n<h2>\u3088\u304f\u3042\u308b\u8cea\u554f (FAQ)<\/h2>\n<p>Bang King 25000 \u30d1\u30d5\u3067\u6700\u9ad8\u306e\u4f53\u9a13\u3092\u63d0\u4f9b\u3059\u308b\u305f\u3081\u306b\u3001\u3053\u306e\u88fd\u54c1\u306b\u95a2\u3059\u308b\u6700\u3082\u4e00\u822c\u7684\u306a\u8cea\u554f\u3092\u307e\u3068\u3081\u307e\u3057\u305f\u3002<\/p>\n<p><strong>Bang King 25000 \u30d1\u30d5\u306e\u30d0\u30c3\u30c6\u30ea\u30fc\u306f\u3069\u306e\u304f\u3089\u3044\u6301\u3061\u307e\u3059\u304b?<\/strong><br \/>\n650 mAh \u306e\u30d0\u30c3\u30c6\u30ea\u30fc\u306f\u3001\u6700\u5927 25,000 \u5217\u306e\u5217\u8eca\u306e\u7dcf\u5217\u8eca\u5bb9\u91cf\u3092\u30b5\u30dd\u30fc\u30c8\u3059\u308b\u3088\u3046\u306b\u8a2d\u8a08\u3055\u308c\u3066\u3044\u307e\u3059\u3002 \u5b9f\u969b\u306e\u30d0\u30c3\u30c6\u30ea\u30fc\u5bff\u547d\u306f\u4f7f\u7528\u983b\u5ea6\u306b\u3088\u3063\u3066\u7570\u306a\u308b\u5834\u5408\u304c\u3042\u308a\u307e\u3059\u304c\u3001\u30bf\u30a4\u30d7 C \u30dd\u30fc\u30c8\u3092\u4ecb\u3057\u3066\u30c7\u30d0\u30a4\u30b9\u3092\u3059\u3070\u3084\u304f\u518d\u5145\u96fb\u3067\u304d\u307e\u3059\u3002<\/p>\n<p><strong>\u4f7f\u7528\u4e2d\u306b\u5473\u3092\u5909\u3048\u308b\u3053\u3068\u306f\u3067\u304d\u307e\u3059\u304b?<\/strong><br \/>\n\u3044\u3044\u3048\u3001Bang King 25000 Puffs \u306f\u3001\u540c\u3058\u5473\u3092\u542b\u3080 2 \u3064\u306e\u5c02\u7528\u306e 23 mL \u30dd\u30c3\u30c9\u3092\u5099\u3048\u305f\u4f7f\u3044\u6368\u3066\u30c7\u30d0\u30a4\u30b9\u3067\u3059\u3002 \u30d5\u30ec\u30fc\u30d0\u30fc\u3092\u5909\u66f4\u3059\u308b\u3053\u3068\u306f\u3067\u304d\u307e\u305b\u3093\u304c\u300112 \u7a2e\u985e\u306e\u30d5\u30ec\u30fc\u30d0\u30fc\u306f\u5e45\u5e83\u3044\u9078\u629e\u80a2\u3092\u63d0\u4f9b\u3057\u307e\u3059\u3002<\/p>\n<p><strong>\u30c7\u30d0\u30a4\u30b9\u306f\u65e5\u5e38\u4f7f\u7528\u306b\u9069\u3057\u3066\u3044\u307e\u3059\u304b?<\/strong><br \/>\n\u306f\u3044\u3001\u96fb\u8eca\u306e\u5bb9\u91cf\u304c\u591a\u304f\u3001\u5927\u91cf\u306e\u96fb\u5b50\u6db2\u4f53\u3068\u5145\u96fb\u5f0f\u30d0\u30c3\u30c6\u30ea\u30fc\u306e\u304a\u304b\u3052\u3067\u3001Bang King 25000 Puffs \u306f\u65e5\u5e38\u306e\u4f7f\u7528\u306b\u6700\u9069\u3067\u3059\u3002 \u30b3\u30f3\u30d1\u30af\u30c8\u306a\u30c7\u30b6\u30a4\u30f3\u3067\u3001\u7740\u3084\u3059\u304f\u306a\u3063\u3066\u3044\u307e\u3059\u3002<\/p>\n<p><strong>\u96fb\u5b50\u6db2\u4f53\u3092\u4f7f\u3044\u5207\u308b\u3068\u3069\u3046\u306a\u308b\u306e?<\/strong><br \/>\n\u96fb\u5b50\u6db2\u4f53\u304c\u6d88\u8cbb\u3055\u308c\u308b\u3068\u3001\u30c7\u30d0\u30a4\u30b9\u306f\u4f7f\u3044\u6368\u3066\u88fd\u54c1\u3067\u3042\u308b\u305f\u3081\u3001\u518d\u5145\u586b\u3067\u304d\u307e\u305b\u3093\u3002 \u73fe\u5730\u306e\u898f\u5236\u306b\u5f93\u3063\u3066\u3001\u5ec3\u68c4\u3057\u3001\u65b0\u3057\u3044\u30c7\u30d0\u30a4\u30b9\u3068\u4ea4\u63db\u3059\u308b\u5fc5\u8981\u304c\u3042\u308a\u307e\u3059\u3002<\/p>\n<p><strong>\u30d0\u30c3\u30c6\u30ea\u30fc\u306e\u5145\u96fb\u304c\u5fc5\u8981\u306a\u6642\u671f\u3092\u77e5\u308b\u306b\u306f\u3069\u3046\u3059\u308c\u3070\u3088\u3044\u3067\u3059\u304b?<\/strong><br \/>\n\u30c7\u30d0\u30a4\u30b9\u306b\u306f\u3001\u30d0\u30c3\u30c6\u30ea\u30fc\u6b8b\u91cf\u3092\u793a\u3059\u30a4\u30f3\u30b8\u30b1\u30fc\u30bf\u304c\u3042\u308a\u307e\u3059\u3002 \u96fb\u6e90\u304c\u5207\u308c\u3066\u3044\u308b\u304b\u3001\u30c7\u30d0\u30a4\u30b9\u304c\u6a5f\u80fd\u3057\u3066\u3044\u306a\u3044\u5834\u5408\u306f\u3001Type-C \u30dd\u30fc\u30c8\u304b\u3089\u30d0\u30c3\u30c6\u30ea\u30fc\u3092\u5145\u96fb\u3057\u307e\u3059\u3002<\/p>\n<p><strong>\u30cb\u30b3\u30c1\u30f3\u306e\u5f37\u307f\u306f\u3059\u3079\u3066\u306e\u30e6\u30fc\u30b6\u30fc\u306b\u9069\u3057\u3066\u3044\u307e\u3059\u304b?<\/strong><br \/>\n\u30cb\u30b3\u30c1\u30f3\u5f37\u5ea6 (0%\u30012%\u30013%\u30015%) \u306f\u3001\u5e45\u5e83\u3044\u597d\u307f\u3092\u30ab\u30d0\u30fc\u3057\u3066\u3044\u307e\u3059\u3002 \u30e6\u30fc\u30b6\u30fc\u306f\u3001\u7d4c\u9a13\u3068\u597d\u307f\u306b\u57fa\u3065\u3044\u3066\u3001\u81ea\u5206\u306b\u5408\u3063\u305f\u5f37\u307f\u3092\u9078\u629e\u3059\u308b\u5fc5\u8981\u304c\u3042\u308a\u307e\u3059\u3002 \u30cb\u30b3\u30c1\u30f3\u306e\u5f37\u3055\u306b\u3064\u3044\u3066\u3054\u4e0d\u660e\u306a\u70b9\u304c\u3054\u3056\u3044\u307e\u3057\u305f\u3089\u3001\u5c02\u9580\u306e\u8ca9\u58f2\u5e97\u306b\u304a\u554f\u3044\u5408\u308f\u305b\u304f\u3060\u3055\u3044\u3002<\/p>","protected":false},"excerpt":{"rendered":"<p dir=\"auto\">Bang King 25000 \u30d1\u30d5 \u4f7f\u3044\u6368\u3066\u96fb\u5b50\u30bf\u30d0\u30b3\u306f\u3001\u6700\u5927 25,000 \u30d1\u30d5\u300146 ml \u96fb\u5b50\u6db2\u4f53 (23 ml \u30dd\u30c3\u30c9 x 2)\u3001\u5145\u96fb\u5f0f 650 mAh \u30d0\u30c3\u30c6\u30ea\u30fc\u30011.0 \u30aa\u30fc\u30e0 \u30e1\u30c3\u30b7\u30e5 \u30b3\u30a4\u30eb\u3001Type-C \u5145\u96fb\u30dd\u30fc\u30c8\u3092\u5099\u3048\u3066\u3044\u307e\u3059\u3002 12 \u7a2e\u985e\u306e\u30d5\u30ec\u30fc\u30d0\u30fc\u3068\u30cb\u30b3\u30c1\u30f3\u5f37\u5ea6 (0%\u30012%\u30013%\u30015%) \u304c\u3042\u308a\u307e\u3059\u3002<\/p>","protected":false},"featured_media":8397,"comment_status":"open","ping_status":"closed","template":"","meta":[],"product_brand":[1180],"product_cat":[1154],"product_tag":[956,959],"class_list":{"0":"post-8374","1":"product","2":"type-product","3":"status-publish","4":"has-post-thumbnail","6":"product_brand-bang","7":"product_cat-25000-puffs","8":"product_tag-25k-puffs","9":"product_tag-more-than-10kpuffs","11":"first","12":"instock","13":"sale","14":"shipping-taxable","15":"purchasable","16":"product-type-variable"},"yoast_head":"<!-- This site is optimized with the Yoast SEO plugin v25.8 - https:\/\/yoast.com\/wordpress\/plugins\/seo\/ -->\n<title>Bang King 25000 25K Puffs Double Warehous 46ml Einweg-E-Zigarette Original - ShopVapor<\/title>\n<meta name=\"description\" content=\"Bang King 25000 Puffs Einweg-E-Zigarette mit bis zu 25.000 Z\u00fcgen, 46 ml E-Liquid (2 x 23 ml Pods), wiederaufladbarem 650-mAh-Akku, 1,0-Ohm-Mesh-Spule und Type-C-Ladeanschluss. Erh\u00e4ltlich in 12 Geschmacksrichtungen und Nikotinst\u00e4rken (0%, 2%, 3%, 5%).\" \/>\n<meta name=\"robots\" content=\"index, follow, max-snippet:-1, max-image-preview:large, max-video-preview:-1\" \/>\n<link rel=\"canonical\" href=\"https:\/\/shopvapor.de\/ja\/product\/bang-king-25000-25k-\u30d1\u30d5-\u30c0\u30d6\u30eb-\u30a6\u30a7\u30a2\u30cf\u30a6\u30b9-46ml-\u4f7f\u3044\u6368\u3066-e-\u30bf\u30d0\u30b3\/\" \/>\n<meta property=\"og:locale\" content=\"ja_JP\" \/>\n<meta property=\"og:type\" content=\"article\" \/>\n<meta property=\"og:title\" content=\"Bang King 25000 25K Puffs Double Warehous 46ml Einweg-E-Zigarette Original - ShopVapor\" \/>\n<meta property=\"og:description\" content=\"Bang King 25000 Puffs Einweg-E-Zigarette mit bis zu 25.000 Z\u00fcgen, 46 ml E-Liquid (2 x 23 ml Pods), wiederaufladbarem 650-mAh-Akku, 1,0-Ohm-Mesh-Spule und Type-C-Ladeanschluss. Erh\u00e4ltlich in 12 Geschmacksrichtungen und Nikotinst\u00e4rken (0%, 2%, 3%, 5%).\" \/>\n<meta property=\"og:url\" content=\"https:\/\/shopvapor.de\/ja\/product\/bang-king-25000-25k-\u30d1\u30d5-\u30c0\u30d6\u30eb-\u30a6\u30a7\u30a2\u30cf\u30a6\u30b9-46ml-\u4f7f\u3044\u6368\u3066-e-\u30bf\u30d0\u30b3\/\" \/>\n<meta property=\"og:site_name\" content=\"ShopVapor\" \/>\n<meta property=\"article:modified_time\" content=\"2025-07-15T09:00:47+00:00\" \/>\n<meta property=\"og:image\" content=\"https:\/\/shopvapor.de\/wp-content\/uploads\/2025\/07\/bang-king-25000-25k-puffs-double-warehous-46ml-einweg-e-zigarette-original-6.png\" \/>\n\t<meta property=\"og:image:width\" content=\"1000\" \/>\n\t<meta property=\"og:image:height\" content=\"1000\" \/>\n\t<meta property=\"og:image:type\" content=\"image\/png\" \/>\n<meta name=\"twitter:card\" content=\"summary_large_image\" \/>\n<meta name=\"twitter:label1\" content=\"\u63a8\u5b9a\u8aad\u307f\u53d6\u308a\u6642\u9593\" \/>\n\t<meta name=\"twitter:data1\" content=\"5\u5206\" \/>\n<!-- \/ Yoast SEO plugin. -->","yoast_head_json":{"title":"Bang King 25000 25K \u30d1\u30d5 \u30c0\u30d6\u30eb\u30a6\u30a7\u30a2\u30cf\u30a6\u30b9 46ml \u4f7f\u3044\u6368\u3066\u96fb\u5b50\u30bf\u30d0\u30b3 \u30aa\u30ea\u30b8\u30ca\u30eb - ShopVapor","description":"Bang King 25000 \u30d1\u30d5 \u4f7f\u3044\u6368\u3066\u96fb\u5b50\u30bf\u30d0\u30b3\u306f\u3001\u6700\u5927 25,000 \u30d1\u30d5\u300146 ml \u96fb\u5b50\u6db2\u4f53 (23 ml \u30dd\u30c3\u30c9 x 2)\u3001\u5145\u96fb\u5f0f 650 mAh \u30d0\u30c3\u30c6\u30ea\u30fc\u30011.0 \u30aa\u30fc\u30e0 \u30e1\u30c3\u30b7\u30e5 \u30b3\u30a4\u30eb\u3001Type-C \u5145\u96fb\u30dd\u30fc\u30c8\u3092\u5099\u3048\u3066\u3044\u307e\u3059\u3002 12 \u7a2e\u985e\u306e\u30d5\u30ec\u30fc\u30d0\u30fc\u3068\u30cb\u30b3\u30c1\u30f3\u5f37\u5ea6 (0%\u30012%\u30013%\u30015%) \u304c\u3042\u308a\u307e\u3059\u3002","robots":{"index":"index","follow":"follow","max-snippet":"max-snippet:-1","max-image-preview":"max-image-preview:large","max-video-preview":"max-video-preview:-1"},"canonical":"https:\/\/shopvapor.de\/ja\/product\/bang-king-25000-25k-\u30d1\u30d5-\u30c0\u30d6\u30eb-\u30a6\u30a7\u30a2\u30cf\u30a6\u30b9-46ml-\u4f7f\u3044\u6368\u3066-e-\u30bf\u30d0\u30b3\/","og_locale":"ja_JP","og_type":"article","og_title":"Bang King 25000 25K Puffs Double Warehous 46ml Einweg-E-Zigarette Original - ShopVapor","og_description":"Bang King 25000 Puffs Einweg-E-Zigarette mit bis zu 25.000 Z\u00fcgen, 46 ml E-Liquid (2 x 23 ml Pods), wiederaufladbarem 650-mAh-Akku, 1,0-Ohm-Mesh-Spule und Type-C-Ladeanschluss. Erh\u00e4ltlich in 12 Geschmacksrichtungen und Nikotinst\u00e4rken (0%, 2%, 3%, 5%).","og_url":"https:\/\/shopvapor.de\/ja\/product\/bang-king-25000-25k-\u30d1\u30d5-\u30c0\u30d6\u30eb-\u30a6\u30a7\u30a2\u30cf\u30a6\u30b9-46ml-\u4f7f\u3044\u6368\u3066-e-\u30bf\u30d0\u30b3\/","og_site_name":"ShopVapor","article_modified_time":"2025-07-15T09:00:47+00:00","og_image":[{"width":1000,"height":1000,"url":"https:\/\/shopvapor.de\/wp-content\/uploads\/2025\/07\/bang-king-25000-25k-puffs-double-warehous-46ml-einweg-e-zigarette-original-6.png","type":"image\/png"}],"twitter_card":"summary_large_image","twitter_misc":{"\u63a8\u5b9a\u8aad\u307f\u53d6\u308a\u6642\u9593":"5\u5206"},"schema":{"@context":"https:\/\/schema.org","@graph":[{"@type":"WebPage","@id":"https:\/\/shopvapor.de\/produkt\/bang-king-25000-25k-puffs-double-warehous-46ml-einweg-e-zigarette-original\/","url":"https:\/\/shopvapor.de\/produkt\/bang-king-25000-25k-puffs-double-warehous-46ml-einweg-e-zigarette-original\/","name":"Bang King 25000 25K \u30d1\u30d5 \u30c0\u30d6\u30eb\u30a6\u30a7\u30a2\u30cf\u30a6\u30b9 46ml \u4f7f\u3044\u6368\u3066\u96fb\u5b50\u30bf\u30d0\u30b3 \u30aa\u30ea\u30b8\u30ca\u30eb - ShopVapor","isPartOf":{"@id":"https:\/\/shopvapor.de\/#website"},"primaryImageOfPage":{"@id":"https:\/\/shopvapor.de\/produkt\/bang-king-25000-25k-puffs-double-warehous-46ml-einweg-e-zigarette-original\/#primaryimage"},"image":{"@id":"https:\/\/shopvapor.de\/produkt\/bang-king-25000-25k-puffs-double-warehous-46ml-einweg-e-zigarette-original\/#primaryimage"},"thumbnailUrl":"https:\/\/shopvapor.de\/wp-content\/uploads\/2025\/07\/bang-king-25000-25k-puffs-double-warehous-46ml-einweg-e-zigarette-original-6.png","datePublished":"2025-07-02T04:15:14+00:00","dateModified":"2025-07-15T09:00:47+00:00","description":"Bang King 25000 \u30d1\u30d5 \u4f7f\u3044\u6368\u3066\u96fb\u5b50\u30bf\u30d0\u30b3\u306f\u3001\u6700\u5927 25,000 \u30d1\u30d5\u300146 ml \u96fb\u5b50\u6db2\u4f53 (23 ml \u30dd\u30c3\u30c9 x 2)\u3001\u5145\u96fb\u5f0f 650 mAh \u30d0\u30c3\u30c6\u30ea\u30fc\u30011.0 \u30aa\u30fc\u30e0 \u30e1\u30c3\u30b7\u30e5 \u30b3\u30a4\u30eb\u3001Type-C \u5145\u96fb\u30dd\u30fc\u30c8\u3092\u5099\u3048\u3066\u3044\u307e\u3059\u3002 12 \u7a2e\u985e\u306e\u30d5\u30ec\u30fc\u30d0\u30fc\u3068\u30cb\u30b3\u30c1\u30f3\u5f37\u5ea6 (0%\u30012%\u30013%\u30015%) \u304c\u3042\u308a\u307e\u3059\u3002","breadcrumb":{"@id":"https:\/\/shopvapor.de\/produkt\/bang-king-25000-25k-puffs-double-warehous-46ml-einweg-e-zigarette-original\/#breadcrumb"},"inLanguage":"ja","potentialAction":[{"@type":"ReadAction","target":["https:\/\/shopvapor.de\/produkt\/bang-king-25000-25k-puffs-double-warehous-46ml-einweg-e-zigarette-original\/"]}]},{"@type":"ImageObject","inLanguage":"ja","@id":"https:\/\/shopvapor.de\/produkt\/bang-king-25000-25k-puffs-double-warehous-46ml-einweg-e-zigarette-original\/#primaryimage","url":"https:\/\/shopvapor.de\/wp-content\/uploads\/2025\/07\/bang-king-25000-25k-puffs-double-warehous-46ml-einweg-e-zigarette-original-6.png","contentUrl":"https:\/\/shopvapor.de\/wp-content\/uploads\/2025\/07\/bang-king-25000-25k-puffs-double-warehous-46ml-einweg-e-zigarette-original-6.png","width":1000,"height":1000},{"@type":"BreadcrumbList","@id":"https:\/\/shopvapor.de\/produkt\/bang-king-25000-25k-puffs-double-warehous-46ml-einweg-e-zigarette-original\/#breadcrumb","itemListElement":[{"@type":"ListItem","position":1,"name":"Startseite","item":"https:\/\/shopvapor.de\/"},{"@type":"ListItem","position":2,"name":"Shop","item":"https:\/\/shopvapor.de\/shop\/"},{"@type":"ListItem","position":3,"name":"Bang King 25000 25K Puffs Double Warehous 46ml Einweg-E-Zigarette Original"}]},{"@type":"WebSite","@id":"https:\/\/shopvapor.de\/#website","url":"https:\/\/shopvapor.de\/","name":"\u30b7\u30e7\u30c3\u30d7\u30d9\u30fc\u30d1\u30fc","description":"","potentialAction":[{"@type":"SearchAction","target":{"@type":"EntryPoint","urlTemplate":"https:\/\/shopvapor.de\/?s={search_term_string}"},"query-input":{"@type":"PropertyValueSpecification","valueRequired":true,"valueName":"search_term_string"}}],"inLanguage":"ja"}]}},"_links":{"self":[{"href":"https:\/\/shopvapor.de\/ja\/wp-json\/wp\/v2\/product\/8374","targetHints":{"allow":["GET"]}}],"collection":[{"href":"https:\/\/shopvapor.de\/ja\/wp-json\/wp\/v2\/product"}],"about":[{"href":"https:\/\/shopvapor.de\/ja\/wp-json\/wp\/v2\/types\/product"}],"replies":[{"embeddable":true,"href":"https:\/\/shopvapor.de\/ja\/wp-json\/wp\/v2\/comments?post=8374"}],"version-history":[{"count":2,"href":"https:\/\/shopvapor.de\/ja\/wp-json\/wp\/v2\/product\/8374\/revisions"}],"predecessor-version":[{"id":11982,"href":"https:\/\/shopvapor.de\/ja\/wp-json\/wp\/v2\/product\/8374\/revisions\/11982"}],"wp:featuredmedia":[{"embeddable":true,"href":"https:\/\/shopvapor.de\/ja\/wp-json\/wp\/v2\/media\/8397"}],"wp:attachment":[{"href":"https:\/\/shopvapor.de\/ja\/wp-json\/wp\/v2\/media?parent=8374"}],"wp:term":[{"taxonomy":"product_brand","embeddable":true,"href":"https:\/\/shopvapor.de\/ja\/wp-json\/wp\/v2\/product_brand?post=8374"},{"taxonomy":"product_cat","embeddable":true,"href":"https:\/\/shopvapor.de\/ja\/wp-json\/wp\/v2\/product_cat?post=8374"},{"taxonomy":"product_tag","embeddable":true,"href":"https:\/\/shopvapor.de\/ja\/wp-json\/wp\/v2\/product_tag?post=8374"}],"curies":[{"name":"wp","href":"https:\/\/api.w.org\/{rel}","templated":true}]}}