{"id":8516,"date":"2025-07-02T04:16:50","date_gmt":"2025-07-02T04:16:50","guid":{"rendered":"https:\/\/shopvapor.de\/?post_type=product&#038;p=8516"},"modified":"2025-07-15T08:57:53","modified_gmt":"2025-07-15T08:57:53","slug":"%e3%83%ad%e3%82%b1%e3%83%83%e3%83%88-18000-18k-%e3%83%91%e3%83%95-%e4%bd%bf%e3%81%84%e6%8d%a8%e3%81%a6-e-%e3%82%bf%e3%83%90%e3%82%b3-%e3%82%aa%e3%83%aa%e3%82%b8%e3%83%8a%e3%83%ab","status":"publish","type":"product","link":"https:\/\/shopvapor.de\/ja\/product\/%e3%83%ad%e3%82%b1%e3%83%83%e3%83%88-18000-18k-%e3%83%91%e3%83%95-%e4%bd%bf%e3%81%84%e6%8d%a8%e3%81%a6-e-%e3%82%bf%e3%83%90%e3%82%b3-%e3%82%aa%e3%83%aa%e3%82%b8%e3%83%8a%e3%83%ab\/","title":{"rendered":"\u30d0\u30f3\u30ed\u30b1\u30c3\u30c818000 18K\u30d1\u30d5 20ml\u4f7f\u3044\u6368\u3066\u96fb\u5b50\u30bf\u30d0\u30b3 \u30aa\u30ea\u30b8\u30ca\u30eb"},"content":{"rendered":"<h2>Bang Rocket 18000 Puffs - \u9ad8\u54c1\u8cea\u306e\u4f7f\u3044\u6368\u3066\u96fb\u5b50\u30bf\u30d0\u30b3\u3092\u697d\u3057\u3080\u305f\u3081\u306e<\/h2>\n<p>Bang Rocket 18000 Puffs \u306f\u3001\u5f37\u529b\u306a\u4f7f\u3044\u6368\u3066\u96fb\u5b50\u30bf\u30d0\u30b3\u3067\u3001\u305d\u306e\u5370\u8c61\u7684\u306a\u5bb9\u91cf\u3068\u9ad8\u5ea6\u306a\u6280\u8853\u306b\u3088\u308a\u3001\u9577\u6301\u3061\u3059\u308b\u4e0a\u54c1\u306a\u4f53\u9a13\u3092\u63d0\u4f9b\u3057\u307e\u3059\u3002 \u6709\u540d\u306a Bang \u30d6\u30e9\u30f3\u30c9\u306b\u3088\u3063\u3066\u958b\u767a\u3055\u308c\u305f\u3053\u306e\u88fd\u54c1\u306f\u3001\u54c1\u8cea\u3068\u4fe1\u983c\u6027\u3092\u8868\u3057\u3066\u3044\u307e\u3059\u3002 \u6700\u5927 18,000 \u5217\u306e\u5217\u8eca\u3001\u3055\u307e\u3056\u307e\u306a\u30d5\u30ec\u30fc\u30d0\u30fc\u3001\u6700\u65b0\u306e\u30c7\u30e5\u30a2\u30eb \u30e1\u30c3\u30b7\u30e5 \u30c6\u30af\u30ce\u30ed\u30b8\u30fc\u3092\u5099\u3048\u305f Bang Rocket 18000 Puffs \u306f\u3001\u5f37\u70c8\u306a\u30d5\u30ec\u30fc\u30d0\u30fc\u3068\u9577\u6301\u3061\u3059\u308b\u4f7f\u7528\u3092\u91cd\u8996\u3059\u308b\u4eba\u306b\u6700\u9069\u3067\u3059\u3002 \u30b3\u30f3\u30d1\u30af\u30c8\u306a\u30c7\u30b6\u30a4\u30f3\u3068\u53d6\u308a\u6271\u3044\u304c\u7c21\u5358\u306a\u305f\u3081\u3001\u65e5\u5e38\u306e\u4f7f\u7528\u306b\u6700\u9069\u3067\u3059\u3002<\/p>\n<h2>\u88fd\u54c1\u30d1\u30e9\u30e1\u30fc\u30bf\u30fc\u8a73\u7d30<\/h2>\n<p>Bang Rocket 18000 Puffs \u306f\u3001\u9769\u65b0\u7684\u306a\u30c6\u30af\u30ce\u30ed\u30b8\u30fc\u3068\u30e6\u30fc\u30b6\u30fc\u30d5\u30ec\u30f3\u30c9\u30ea\u30fc\u306a\u30c7\u30b6\u30a4\u30f3\u3092\u7d44\u307f\u5408\u308f\u305b\u3066\u3044\u307e\u3059\u3002 \u3053\u306e\u88fd\u54c1\u306e\u5f37\u307f\u3092\u8aac\u660e\u3059\u308b\u305f\u3081\u306b\u3001\u91cd\u8981\u306a\u30d1\u30e9\u30e1\u30fc\u30bf\u30fc\u3092\u4ee5\u4e0b\u306b\u8a73\u3057\u304f\u8aac\u660e\u3057\u307e\u3059\u3002<\/p>\n<h3>\u5217\u8eca\u306e\u5b9a\u54e1: \u6700\u5927 18,000 \u5217\u306e\u5217\u8eca<\/h3>\n<p>\u6700\u5927 18,000 \u5217\u306e\u5217\u8eca\u306e\u53ce\u5bb9\u80fd\u529b\u3092\u6301\u3064 Bang Rocket 18000 \u306f\u3001\u975e\u5e38\u306b\u9577\u3044\u8010\u7528\u5e74\u6570\u3092\u63d0\u4f9b\u3057\u307e\u3059\u3002 \u3053\u306e\u6570\u306e\u5217\u8eca\u306b\u3088\u308a\u3001\u4ea4\u63db\u3092\u5fc5\u8981\u3068\u305b\u305a\u306b\u3001\u30c7\u30d0\u30a4\u30b9\u3092\u304b\u306a\u308a\u306e\u671f\u9593\u306b\u308f\u305f\u3063\u3066\u4f7f\u7528\u3067\u304d\u308b\u3053\u3068\u304c\u4fdd\u8a3c\u3055\u308c\u307e\u3059\u3002 \u5bdb\u5927\u306a\u96fb\u5b50\u6db2\u4f53\u30bf\u30f3\u30af\u3068\u52b9\u7387\u7684\u306a\u6280\u8853\u306e\u7d44\u307f\u5408\u308f\u305b\u306b\u3088\u308a\u3001\u88fd\u54c1\u306e\u5bff\u547d\u304c\u6700\u5927\u306b\u306a\u308a\u307e\u3059\u3002<\/p>\n<h3>\u96fb\u5b50\u6db2\u4f53\u5bb9\u91cf: 20ml<\/h3>\n<p>\u30c7\u30d0\u30a4\u30b9\u306b\u306f 20 ml \u306e\u9ad8\u54c1\u8cea\u306e\u30ea\u30ad\u30c3\u30c9\u304c\u3042\u3089\u304b\u3058\u3081\u5145\u586b\u3055\u308c\u3066\u304a\u308a\u3001\u5bff\u547d\u5168\u4f53\u306b\u308f\u305f\u3063\u3066\u4e00\u8cab\u3057\u305f\u5473\u306e\u54c1\u8cea\u3092\u4fdd\u8a3c\u3057\u307e\u3059\u3002 \u5145\u586b\u91cf\u304c\u591a\u3044\u305f\u3081\u3001\u983b\u7e41\u306a\u88dc\u5145\u306e\u5fc5\u8981\u6027\u304c\u6e1b\u308a\u3001\u96c6\u4e2d\u7684\u306b\u4f7f\u7528\u3057\u3066\u3082\u306e\u3093\u304d\u306a\u4f53\u9a13\u304c\u53ef\u80fd\u306b\u306a\u308a\u307e\u3059\u3002<\/p>\n<h3>\u30d0\u30c3\u30c6\u30ea\u30fc: Type-C \u5145\u96fb\u30dd\u30fc\u30c8\u4ed8\u304d 650 mAh<\/h3>\n<p>Bang Rocket 18000 \u306b\u306f\u3001\u5f37\u529b\u306a 650mAh \u30d0\u30c3\u30c6\u30ea\u30fc\u304c\u88c5\u5099\u3055\u308c\u3066\u304a\u308a\u3001\u4f55\u5343\u3082\u306e\u5217\u8eca\u306b\u4fe1\u983c\u3067\u304d\u308b\u96fb\u6e90\u3092\u4f9b\u7d66\u3057\u307e\u3059\u3002 \u5185\u8535\u306e Type-C \u5145\u96fb\u30dd\u30fc\u30c8\u306b\u3088\u308a\u3001\u9ad8\u901f\u3067\u4fbf\u5229\u306a\u5145\u96fb\u304c\u53ef\u80fd\u306b\u306a\u308a\u3001\u30c0\u30a6\u30f3\u30bf\u30a4\u30e0\u304c\u6700\u5c0f\u9650\u306b\u6291\u3048\u3089\u308c\u307e\u3059\u3002 \u3053\u306e\u6700\u65b0\u306e\u5145\u96fb\u30bd\u30ea\u30e5\u30fc\u30b7\u30e7\u30f3\u306f\u3001\u30c7\u30d0\u30a4\u30b9\u306e\u9ad8\u54c1\u8cea\u306a\u6280\u91cf\u3092\u5f37\u8abf\u3057\u3066\u3044\u307e\u3059\u3002<\/p>\n<h3>\u30c7\u30e5\u30a2\u30eb\u30e1\u30c3\u30b7\u30e5\u6280\u8853<\/h3>\n<p>\u9769\u65b0\u7684\u306a\u30c7\u30e5\u30a2\u30eb \u30e1\u30c3\u30b7\u30e5 \u30c6\u30af\u30ce\u30ed\u30b8\u30fc\u306b\u3088\u308a\u3001\u96fb\u5b50\u6db2\u4f53\u306e\u6700\u9069\u306a\u52a0\u71b1\u304c\u4fdd\u8a3c\u3055\u308c\u3001\u5f37\u70c8\u306a\u30d5\u30ec\u30fc\u30d0\u30fc\u304c\u767a\u751f\u3057\u3001\u84b8\u6c17\u304c\u5747\u4e00\u306b\u751f\u6210\u3055\u308c\u307e\u3059\u3002 \u5f93\u6765\u306e\u30b7\u30f3\u30b0\u30eb \u30b3\u30a4\u30eb\u3068\u6bd4\u8f03\u3057\u3066\u3001\u3053\u306e\u6280\u8853\u306f\u3001\u5f15\u3063\u5f35\u308b\u305f\u3073\u306b\u52b9\u7387\u304c\u5411\u4e0a\u3057\u3001\u30d5\u30ec\u30fc\u30d0\u30fc\u304c\u3088\u308a\u8c4a\u304b\u306b\u306a\u308a\u307e\u3059\u3002<\/p>\n<h3>\u30cb\u30b3\u30c1\u30f3\u5f37\u5ea6: 0 % \u304b\u3089 5 % \u307e\u3067\u67d4\u8edf<\/h3>\n<p>Bang Rocket 18000 \u306f\u3001\u3055\u307e\u3056\u307e\u306a\u30cb\u30b3\u30c1\u30f3\u5f37\u5ea6 (0 %\u30012 %\u30013 %\u30015 %) \u3067\u5229\u7528\u3067\u304d\u3001\u30e6\u30fc\u30b6\u30fc\u306e\u500b\u3005\u306e\u597d\u307f\u306b\u5408\u308f\u305b\u3066\u5229\u7528\u3067\u304d\u307e\u3059\u3002 \u3053\u306e\u67d4\u8edf\u6027\u306b\u3088\u308a\u3001\u30cb\u30b3\u30c1\u30f3\u3092\u542b\u307e\u306a\u3044\u5834\u5408\u3067\u3082\u3001\u30cb\u30b3\u30c1\u30f3\u542b\u6709\u91cf\u304c\u5f37\u3044\u5834\u5408\u3067\u3082\u3001\u30a8\u30af\u30b9\u30da\u30ea\u30a8\u30f3\u30b9\u3092\u500b\u4eba\u7684\u306a\u30cb\u30fc\u30ba\u306b\u9069\u5fdc\u3055\u305b\u308b\u3053\u3068\u304c\u3067\u304d\u307e\u3059\u3002<\/p>\n<h3>\u6c17\u6d41\u5236\u5fa1\u3068\u30e2\u30fc\u30c9<\/h3>\n<p>\u30c7\u30d0\u30a4\u30b9\u306b\u306f\u3001\u30ab\u30b9\u30bf\u30de\u30a4\u30ba\u53ef\u80fd\u306a\u6c17\u6d41\u5236\u5fa1\u3068\u3001\u901a\u5e38\u30e2\u30fc\u30c9 (\u6700\u5927 18,000 \u79fb\u52d5) \u3068\u30d1\u30eb\u30b9 \u30e2\u30fc\u30c9 (\u6700\u5927 9,000 \u79fb\u52d5) \u306e 2 \u3064\u306e\u52d5\u4f5c\u30e2\u30fc\u30c9\u304c\u3042\u308a\u307e\u3059\u3002 \u901a\u5e38\u30e2\u30fc\u30c9\u306f\u30d0\u30e9\u30f3\u30b9\u306e\u53d6\u308c\u305f\u4f53\u9a13\u3092\u63d0\u4f9b\u3057\u3001\u30d1\u30eb\u30b9 \u30e2\u30fc\u30c9\u3067\u306f\u3088\u308a\u5f37\u529b\u306a\u84b8\u6c17\u751f\u6210\u3068\u3088\u308a\u5f37\u529b\u306a\u30d5\u30ec\u30fc\u30d0\u30fc \u30ea\u30ea\u30fc\u30b9\u304c\u53ef\u80fd\u306b\u306a\u308a\u307e\u3059\u3002 \u3053\u306e\u591a\u69d8\u6027\u306b\u3088\u308a\u3001Bang Rocket 18000 \u306f\u67d4\u8edf\u306a\u30b3\u30f3\u30d1\u30cb\u30aa\u30f3\u306b\u306a\u308a\u307e\u3059\u3002<\/p>\n<h3>LED\u30c7\u30a3\u30b9\u30d7\u30ec\u30a4<\/h3>\n<p>\u30d5\u30eb\u30ab\u30e9\u30fc\u306e LED \u30c7\u30a3\u30b9\u30d7\u30ec\u30a4\u306f\u3001\u30d0\u30c3\u30c6\u30ea\u30fc\u6b8b\u91cf\u3068\u6b8b\u308a\u306e\u96fb\u5b50\u6db2\u4f53\u91cf\u3092\u30ea\u30a2\u30eb\u30bf\u30a4\u30e0\u3067\u8868\u793a\u3057\u307e\u3059\u3002 \u3053\u306e\u6a5f\u80fd\u306b\u3088\u308a\u3001\u30c7\u30d0\u30a4\u30b9\u306e\u76e3\u8996\u304c\u5bb9\u6613\u306b\u306a\u308a\u3001\u30e6\u30fc\u30b6\u30fc\u306b\u5e38\u306b\u60c5\u5831\u304c\u63d0\u4f9b\u3055\u308c\u308b\u3088\u3046\u306b\u306a\u308a\u307e\u3059\u3002 \u30c7\u30a3\u30b9\u30d7\u30ec\u30a4\u306e\u660e\u78ba\u3067\u76f4\u611f\u7684\u306a\u30c7\u30b6\u30a4\u30f3\u306f\u3001Bang Rocket 18000 \u306e\u4f7f\u3044\u3084\u3059\u3055\u3092\u5f37\u8abf\u3057\u3066\u3044\u307e\u3059\u3002<\/p>\n<h2>\u3042\u3089\u3086\u308b\u5473\u306b\u5408\u308f\u305b\u3066\u3001\u3055\u307e\u3056\u307e\u306a\u5473\u308f\u3044<\/h2>\n<p>Bang Rocket 18000 Puffs \u306f\u3001\u3055\u307e\u3056\u307e\u306a\u5f37\u70c8\u306a\u30d5\u30ec\u30fc\u30d0\u30fc\u4f53\u9a13\u3092\u63d0\u4f9b\u3059\u308b\u3088\u3046\u306b\u614e\u91cd\u306b\u8a2d\u8a08\u3055\u308c\u305f\u5e45\u5e83\u3044\u30d5\u30ec\u30fc\u30d0\u30fc\u3092\u63d0\u4f9b\u3057\u307e\u3059\u3002 \u305d\u308c\u305e\u308c\u306e\u30d5\u30ec\u30fc\u30d0\u30fc\u306f\u3001\u611f\u899a\u306b\u8a34\u3048\u308b\u3088\u3046\u306b\u69cb\u6210\u3055\u308c\u3001\u9577\u7d9a\u304d\u3059\u308b\u559c\u3073\u3092\u4fdd\u8a3c\u3057\u307e\u3059\u3002<\/p>\n<ul>\n<li><strong>\u9752\u306e\u51cd\u7d50:<\/strong> \u65b0\u9bae\u306a\u30d6\u30eb\u30fc\u306e\u679c\u5b9f\u306b\u6c37\u306e\u3088\u3046\u306a\u4ed5\u4e0a\u304c\u308a\u3002<\/li>\n<li><strong>\u30d9\u30ea\u30fc\u30d6\u30e9\u30b9\u30c8:<\/strong> \u3055\u307e\u3056\u307e\u306a\u30d9\u30ea\u30fc\u306e\u7206\u767a\u7684\u306a\u30d6\u30ec\u30f3\u30c9\u3002<\/li>\n<li><strong>\u30d6\u30eb\u30fc\u30c1\u30a7\u30ea\u30fc\u30ec\u30e2\u30f3\uff1a<\/strong> \u30af\u30ea\u30b9\u30d4\u30fc \u30ec\u30e2\u30f3\u306e\u30d6\u30eb\u30fc \u30c1\u30a7\u30ea\u30fc\u3002<\/li>\n<li><strong>\u6843\u306e\u51cd\u7d50:<\/strong> \u30b8\u30e5\u30fc\u30b7\u30fc\u306a\u6843\u306b\u30af\u30fc\u30eb\u306a\u30e1\u30f3\u30c8\u30fc\u30eb\u3092\u6dfb\u3048\u3066\u3002<\/li>\n<li><strong>\u30b0\u30ec\u30fc\u30d7\u30d5\u30ea\u30fc\u30ba:<\/strong> \u7518\u5473\u306e\u3042\u308b\u3076\u3069\u3046\u306e\u51b7\u3084\u3084\u304b\u306a\u4ed5\u4e0a\u304c\u308a\u3002<\/li>\n<li><strong>\u30d4\u30fc\u30c1\u30d9\u30ea\u30fc\uff1a<\/strong> \u6843\u3068\u30b8\u30e5\u30fc\u30b7\u30fc\u306a\u30d9\u30ea\u30fc\u3092\u7d44\u307f\u5408\u308f\u305b\u305f\u3082\u306e\u3002<\/li>\n<li><strong>\u9178\u3063\u3071\u3044\u308a\u3093\u3054\u306e\u30e9\u30ba\u30d9\u30ea\u30fc:<\/strong> \u7518\u3044\u30e9\u30dc\u3092\u6dfb\u3048\u305f\u304d\u3089\u3081\u304f\u30ea\u30f3\u30b4\u3002<\/li>\n<li><strong>\u30c8\u30ed\u30a4\u30d7\u30eb\u30d5\u30eb\u30fc\u30c4:<\/strong> \u30c8\u30ed\u30d4\u30ab\u30eb \u30d5\u30eb\u30fc\u30c4\u3092 3 \u3064\u6df7\u305c\u3066\u3001\u5f37\u70c8\u306a\u98a8\u5473\u3092\u5b9f\u73fe<\/li>\n<li><strong>\u30b9\u30a4\u30ab\u306e\u6c37:<\/strong> \u65b0\u9bae\u306a\u30b9\u30a4\u30ab\u3067\u3001\u6c37\u306e\u3088\u3046\u306a\u4ed5\u4e0a\u304c\u308a\u3067\u3059\u3002<\/li>\n<li><strong>\u3044\u3061\u3054\u30b9\u30a4\u30ab:<\/strong> \u30d5\u30eb\u30fc\u30c6\u30a3\u30fc\u306a\u6df7\u5408\u7269\u306e\u30a4\u30c1\u30b4\u3068\u30b9\u30a4\u30ab\u3002<\/li>\n<\/ul>\n<h2>\u3088\u304f\u3042\u308b\u8cea\u554f (FAQ)<\/h2>\n<p>\u4ee5\u4e0b\u306b\u3001Bang Rocket 18000 \u30d1\u30d5\u306b\u95a2\u3059\u308b\u6700\u3082\u3088\u304f\u5bc4\u305b\u3089\u308c\u308b\u8cea\u554f\u306b\u7b54\u3048\u3066\u3001\u3053\u306e\u9ad8\u54c1\u8cea\u306a\u88fd\u54c1\u306b\u5bfe\u3059\u308b\u4e0d\u78ba\u5b9f\u6027\u306e\u53ef\u80fd\u6027\u3092\u660e\u78ba\u306b\u3057\u3001\u4fe1\u983c\u3092\u5f37\u5316\u3057\u307e\u3059\u3002<\/p>\n<p><strong>\u30d0\u30f3 \u30ed\u30b1\u30c3\u30c8\u306f 18000 \u30d1\u30d5\u3067\u3069\u308c\u304f\u3089\u3044\u6301\u7d9a\u3057\u307e\u3059\u304b?<\/strong><br \/>\n\u8010\u7528\u5e74\u6570\u306f\u3001\u4f7f\u7528\u983b\u5ea6\u3068\u5f37\u5ea6\u306b\u4f9d\u5b58\u3057\u307e\u3059\u3002 \u901a\u5e38\u30e2\u30fc\u30c9 (18,000 \u79fb\u52d5) \u3067\u306e\u5e73\u5747\u4f7f\u7528\u91cf\u3067\u3001\u30c7\u30d0\u30a4\u30b9\u306f\u6570\u9031\u9593\u6301\u7d9a\u3057\u307e\u3059\u3002 \u30d1\u30eb\u30b9 \u30e2\u30fc\u30c9 (9,000 \u79fb\u52d5) \u3067\u306f\u3001\u8010\u7528\u5e74\u6570\u306f\u77ed\u304f\u306a\u308a\u307e\u3059\u304c\u3001\u3088\u308a\u6fc0\u3057\u304f\u306a\u308a\u307e\u3059\u3002<\/p>\n<p><strong>\u30d0\u30f3 \u30ed\u30b1\u30c3\u30c8 18000 \u306f\u5145\u96fb\u5f0f\u3067\u3059\u304b?<\/strong><br \/>\n\u306f\u3044\u3001\u30c7\u30d0\u30a4\u30b9\u306b\u306f 650mAh \u306e\u30d0\u30c3\u30c6\u30ea\u30fc\u3068\u3001\u8fc5\u901f\u304b\u3064\u52b9\u7387\u7684\u306a\u5145\u96fb\u3092\u53ef\u80fd\u306b\u3059\u308b\u30bf\u30a4\u30d7 C \u5145\u96fb\u30dd\u30fc\u30c8\u304c\u3042\u308a\u307e\u3059\u3002 \u30d5\u30eb\u5145\u96fb\u306f\u901a\u5e38 1 \u6642\u9593\u672a\u6e80\u3067\u3059\u3002<\/p>\n<p><strong>\u5473\u3092\u5909\u3048\u3066\u3082\u3044\u3044\u3067\u3059\u304b\uff1f<\/strong><br \/>\n\u4f7f\u3044\u6368\u3066\u96fb\u5b50\u30bf\u30d0\u30b3\u306a\u306e\u3067\u3001\u5473\u306e\u5909\u66f4\u306f\u3067\u304d\u307e\u305b\u3093\u3002 \u8cfc\u5165\u6642\u306b\u306f\u3001\u597d\u307f\u306e\u30d5\u30ec\u30fc\u30d0\u30fc\u3092\u9078\u629e\u3059\u308b\u3053\u3068\u3092\u304a\u52e7\u3081\u3057\u307e\u3059\u3002 \u305f\u3060\u3057\u300110 \u7a2e\u985e\u306e\u30d5\u30ec\u30fc\u30d0\u30fc\u304c\u3042\u308b\u305f\u3081\u3001Bang Rocket \u306f\u5e45\u5e83\u3044\u9078\u629e\u80a2\u3092\u63d0\u4f9b\u3057\u307e\u3059\u3002<\/p>\n<p><strong>\u96fb\u5b50\u6db2\u4f53\u307e\u305f\u306f\u30d0\u30c3\u30c6\u30ea\u30fc\u304c\u7a7a\u306b\u306a\u3063\u305f\u3089\u3069\u3046\u306a\u308a\u307e\u3059\u304b?<\/strong><br \/>\nLED \u30c7\u30a3\u30b9\u30d7\u30ec\u30a4\u306b\u306f\u96fb\u5b50\u6db2\u4f53\u3068\u30d0\u30c3\u30c6\u30ea\u30fc \u30ec\u30d9\u30eb\u304c\u8868\u793a\u3055\u308c\u308b\u305f\u3081\u3001\u30e6\u30fc\u30b6\u30fc\u306f\u9069\u5207\u306a\u30bf\u30a4\u30df\u30f3\u30b0\u3067\u60c5\u5831\u3092\u5f97\u308b\u3053\u3068\u304c\u3067\u304d\u307e\u3059\u3002 \u96fb\u5b50\u6db2\u4f53\u304c\u4f7f\u3044\u5207\u3089\u308c\u305f\u5834\u5408\u3001\u307e\u305f\u306f\u30d0\u30c3\u30c6\u30ea\u30fc\u304c\u5341\u5206\u3067\u306a\u3044\u5834\u5408\u3001\u30c7\u30d0\u30a4\u30b9\u306f\u4f7f\u3044\u6368\u3066\u7528\u306b\u8a2d\u8a08\u3055\u308c\u3066\u304a\u308a\u3001\u9069\u5207\u306b\u5ec3\u68c4\u3059\u308b\u5fc5\u8981\u304c\u3042\u308a\u307e\u3059\u3002<\/p>\n<p><strong>Bang Rocket 18000 \u306f\u5b89\u5168\u306b\u4f7f\u7528\u3067\u304d\u307e\u3059\u304b?<\/strong><br \/>\n\u306f\u3044\u3001Bang Rocket 18000 \u306f\u9069\u7528\u3055\u308c\u308b\u5b89\u5168\u57fa\u6e96\u306b\u6e96\u62e0\u3057\u3066\u304a\u308a\u3001\u610f\u56f3\u3057\u305f\u7528\u9014\u306b\u5b89\u5168\u3067\u3059\u3002 \u30c7\u30d0\u30a4\u30b9\u3092\u6e7f\u5ea6\u3084\u6975\u7aef\u306a\u6e29\u5ea6\u304b\u3089\u4fdd\u8b77\u3057\u3001\u53d6\u6271\u8aac\u660e\u66f8\u3092\u9075\u5b88\u3059\u308b\u3053\u3068\u3092\u304a\u52e7\u3081\u3057\u307e\u3059\u3002<\/p>\n<p><strong>\u79c1\u306b\u9069\u3057\u305f\u30cb\u30b3\u30c1\u30f3\u5f37\u5ea6\u306f\u4f55\u3067\u3059\u304b?<\/strong><br \/>\n\u30cb\u30b3\u30c1\u30f3\u306e\u5f37\u3055\u306e\u9078\u629e\u306f\u3001\u500b\u4eba\u306e\u597d\u307f\u306b\u4f9d\u5b58\u3057\u307e\u3059\u3002 \u30cb\u30b3\u30c1\u30f3\u5f37\u5ea6 0 % \u306f\u30cb\u30b3\u30c1\u30f3\u30d5\u30ea\u30fc\u306e\u697d\u3057\u307f\u306b\u9069\u3057\u3066\u3044\u307e\u3059\u304c\u30012 %\u30013 %\u3001\u307e\u305f\u306f 5 % \u306f\u3001\u8efd\u3044\u30cb\u30b3\u30c1\u30f3\u6442\u53d6\u91cf\u3088\u308a\u3082\u8efd\u3044\u30e6\u30fc\u30b6\u30fc\u306b\u9069\u3057\u3066\u3044\u307e\u3059\u3002<\/p>","protected":false},"excerpt":{"rendered":"<p dir=\"auto\">Bang Rocket 18000 Puffs \u4f7f\u3044\u6368\u3066\u96fb\u5b50\u30bf\u30d0\u30b3\u306f\u3001\u6700\u5927 18,000 \u5217\u306e\u5217\u8eca\u300120 ml \u306e\u96fb\u5b50\u6db2\u4f53\u3001650 mAh \u30d0\u30c3\u30c6\u30ea\u30fc\u3001\u30bf\u30a4\u30d7 C \u5145\u96fb\u3001\u30c7\u30e5\u30a2\u30eb \u30e1\u30c3\u30b7\u30e5 \u30c6\u30af\u30ce\u30ed\u30b8\u3001\u30ab\u30b9\u30bf\u30de\u30a4\u30ba\u53ef\u80fd\u306a\u30a8\u30a2\u30d5\u30ed\u30fc\u3001LED \u30c7\u30a3\u30b9\u30d7\u30ec\u30a4\u3002 0 % \u304b\u3089 5 % \u307e\u3067\u300110 \u7a2e\u985e\u306e\u30d5\u30eb\u30fc\u30c4\u30d5\u30ec\u30fc\u30d0\u30fc\u3068\u30cb\u30b3\u30c1\u30f3\u5f37\u5ea6\u304c\u3042\u308a\u307e\u3059\u3002<\/p>","protected":false},"featured_media":8526,"comment_status":"open","ping_status":"closed","template":"","meta":[],"product_brand":[1180],"product_cat":[1157],"product_tag":[959],"class_list":{"0":"post-8516","1":"product","2":"type-product","3":"status-publish","4":"has-post-thumbnail","6":"product_brand-bang","7":"product_cat-15000-puffs","8":"product_tag-more-than-10kpuffs","10":"first","11":"instock","12":"sale","13":"shipping-taxable","14":"purchasable","15":"product-type-variable"},"yoast_head":"<!-- This site is optimized with the Yoast SEO plugin v25.8 - https:\/\/yoast.com\/wordpress\/plugins\/seo\/ -->\n<title>Bang Rocket 18000 18K Puffs 20ml Einweg-E-Zigarette Original - ShopVapor<\/title>\n<meta name=\"description\" content=\"Bang Rocket 18000 Puffs Einweg-E-Zigarette mit bis zu 18.000 Z\u00fcgen, 20 ml E-Liquid, 650 mAh Akku mit Typ-C-Ladung, Dual-Mesh-Technologie, anpassbarer Luftstrom und LED-Display. Erh\u00e4ltlich in 10 fruchtigen Geschmacksrichtungen und Nikotinst\u00e4rken von 0 % bis 5 %.\" \/>\n<meta name=\"robots\" content=\"index, follow, max-snippet:-1, max-image-preview:large, max-video-preview:-1\" \/>\n<link rel=\"canonical\" href=\"https:\/\/shopvapor.de\/ja\/product\/\u30ed\u30b1\u30c3\u30c8-18000-18k-\u30d1\u30d5-\u4f7f\u3044\u6368\u3066-e-\u30bf\u30d0\u30b3-\u30aa\u30ea\u30b8\u30ca\u30eb\/\" \/>\n<meta property=\"og:locale\" content=\"ja_JP\" \/>\n<meta property=\"og:type\" content=\"article\" \/>\n<meta property=\"og:title\" content=\"Bang Rocket 18000 18K Puffs 20ml Einweg-E-Zigarette Original - ShopVapor\" \/>\n<meta property=\"og:description\" content=\"Bang Rocket 18000 Puffs Einweg-E-Zigarette mit bis zu 18.000 Z\u00fcgen, 20 ml E-Liquid, 650 mAh Akku mit Typ-C-Ladung, Dual-Mesh-Technologie, anpassbarer Luftstrom und LED-Display. Erh\u00e4ltlich in 10 fruchtigen Geschmacksrichtungen und Nikotinst\u00e4rken von 0 % bis 5 %.\" \/>\n<meta property=\"og:url\" content=\"https:\/\/shopvapor.de\/ja\/product\/\u30ed\u30b1\u30c3\u30c8-18000-18k-\u30d1\u30d5-\u4f7f\u3044\u6368\u3066-e-\u30bf\u30d0\u30b3-\u30aa\u30ea\u30b8\u30ca\u30eb\/\" \/>\n<meta property=\"og:site_name\" content=\"ShopVapor\" \/>\n<meta property=\"article:modified_time\" content=\"2025-07-15T08:57:53+00:00\" \/>\n<meta property=\"og:image\" content=\"https:\/\/shopvapor.de\/wp-content\/uploads\/2025\/07\/bang-rocket-18000-18k-puffs-20ml-einweg-e-zigarette-original-10.png\" \/>\n\t<meta property=\"og:image:width\" content=\"1000\" \/>\n\t<meta property=\"og:image:height\" content=\"1000\" \/>\n\t<meta property=\"og:image:type\" content=\"image\/png\" \/>\n<meta name=\"twitter:card\" content=\"summary_large_image\" \/>\n<meta name=\"twitter:label1\" content=\"\u63a8\u5b9a\u8aad\u307f\u53d6\u308a\u6642\u9593\" \/>\n\t<meta name=\"twitter:data1\" content=\"5\u5206\" \/>\n<!-- \/ Yoast SEO plugin. -->","yoast_head_json":{"title":"Bang Rocket 18000 18K \u30d1\u30d5 20ml \u4f7f\u3044\u6368\u3066\u96fb\u5b50\u30bf\u30d0\u30b3 \u30aa\u30ea\u30b8\u30ca\u30eb - ShopVapor","description":"Bang Rocket 18000 Puffs \u4f7f\u3044\u6368\u3066\u96fb\u5b50\u30bf\u30d0\u30b3\u306f\u3001\u6700\u5927 18,000 \u5217\u306e\u5217\u8eca\u300120 ml \u306e\u96fb\u5b50\u6db2\u4f53\u3001650 mAh \u30d0\u30c3\u30c6\u30ea\u30fc\u3001\u30bf\u30a4\u30d7 C \u5145\u96fb\u3001\u30c7\u30e5\u30a2\u30eb \u30e1\u30c3\u30b7\u30e5 \u30c6\u30af\u30ce\u30ed\u30b8\u3001\u30ab\u30b9\u30bf\u30de\u30a4\u30ba\u53ef\u80fd\u306a\u30a8\u30a2\u30d5\u30ed\u30fc\u3001LED \u30c7\u30a3\u30b9\u30d7\u30ec\u30a4\u3002 0 % \u304b\u3089 5 % \u307e\u3067\u300110 \u7a2e\u985e\u306e\u30d5\u30eb\u30fc\u30c4\u30d5\u30ec\u30fc\u30d0\u30fc\u3068\u30cb\u30b3\u30c1\u30f3\u5f37\u5ea6\u304c\u3042\u308a\u307e\u3059\u3002","robots":{"index":"index","follow":"follow","max-snippet":"max-snippet:-1","max-image-preview":"max-image-preview:large","max-video-preview":"max-video-preview:-1"},"canonical":"https:\/\/shopvapor.de\/ja\/product\/\u30ed\u30b1\u30c3\u30c8-18000-18k-\u30d1\u30d5-\u4f7f\u3044\u6368\u3066-e-\u30bf\u30d0\u30b3-\u30aa\u30ea\u30b8\u30ca\u30eb\/","og_locale":"ja_JP","og_type":"article","og_title":"Bang Rocket 18000 18K Puffs 20ml Einweg-E-Zigarette Original - ShopVapor","og_description":"Bang Rocket 18000 Puffs Einweg-E-Zigarette mit bis zu 18.000 Z\u00fcgen, 20 ml E-Liquid, 650 mAh Akku mit Typ-C-Ladung, Dual-Mesh-Technologie, anpassbarer Luftstrom und LED-Display. Erh\u00e4ltlich in 10 fruchtigen Geschmacksrichtungen und Nikotinst\u00e4rken von 0 % bis 5 %.","og_url":"https:\/\/shopvapor.de\/ja\/product\/\u30ed\u30b1\u30c3\u30c8-18000-18k-\u30d1\u30d5-\u4f7f\u3044\u6368\u3066-e-\u30bf\u30d0\u30b3-\u30aa\u30ea\u30b8\u30ca\u30eb\/","og_site_name":"ShopVapor","article_modified_time":"2025-07-15T08:57:53+00:00","og_image":[{"width":1000,"height":1000,"url":"https:\/\/shopvapor.de\/wp-content\/uploads\/2025\/07\/bang-rocket-18000-18k-puffs-20ml-einweg-e-zigarette-original-10.png","type":"image\/png"}],"twitter_card":"summary_large_image","twitter_misc":{"\u63a8\u5b9a\u8aad\u307f\u53d6\u308a\u6642\u9593":"5\u5206"},"schema":{"@context":"https:\/\/schema.org","@graph":[{"@type":"WebPage","@id":"https:\/\/shopvapor.de\/produkt\/bang-rocket-18000-18k-puffs-einweg-e-zigarette-original\/","url":"https:\/\/shopvapor.de\/produkt\/bang-rocket-18000-18k-puffs-einweg-e-zigarette-original\/","name":"Bang Rocket 18000 18K \u30d1\u30d5 20ml \u4f7f\u3044\u6368\u3066\u96fb\u5b50\u30bf\u30d0\u30b3 \u30aa\u30ea\u30b8\u30ca\u30eb - ShopVapor","isPartOf":{"@id":"https:\/\/shopvapor.de\/#website"},"primaryImageOfPage":{"@id":"https:\/\/shopvapor.de\/produkt\/bang-rocket-18000-18k-puffs-einweg-e-zigarette-original\/#primaryimage"},"image":{"@id":"https:\/\/shopvapor.de\/produkt\/bang-rocket-18000-18k-puffs-einweg-e-zigarette-original\/#primaryimage"},"thumbnailUrl":"https:\/\/shopvapor.de\/wp-content\/uploads\/2025\/07\/bang-rocket-18000-18k-puffs-20ml-einweg-e-zigarette-original-10.png","datePublished":"2025-07-02T04:16:50+00:00","dateModified":"2025-07-15T08:57:53+00:00","description":"Bang Rocket 18000 Puffs \u4f7f\u3044\u6368\u3066\u96fb\u5b50\u30bf\u30d0\u30b3\u306f\u3001\u6700\u5927 18,000 \u5217\u306e\u5217\u8eca\u300120 ml \u306e\u96fb\u5b50\u6db2\u4f53\u3001650 mAh \u30d0\u30c3\u30c6\u30ea\u30fc\u3001\u30bf\u30a4\u30d7 C \u5145\u96fb\u3001\u30c7\u30e5\u30a2\u30eb \u30e1\u30c3\u30b7\u30e5 \u30c6\u30af\u30ce\u30ed\u30b8\u3001\u30ab\u30b9\u30bf\u30de\u30a4\u30ba\u53ef\u80fd\u306a\u30a8\u30a2\u30d5\u30ed\u30fc\u3001LED \u30c7\u30a3\u30b9\u30d7\u30ec\u30a4\u3002 0 % \u304b\u3089 5 % \u307e\u3067\u300110 \u7a2e\u985e\u306e\u30d5\u30eb\u30fc\u30c4\u30d5\u30ec\u30fc\u30d0\u30fc\u3068\u30cb\u30b3\u30c1\u30f3\u5f37\u5ea6\u304c\u3042\u308a\u307e\u3059\u3002","breadcrumb":{"@id":"https:\/\/shopvapor.de\/produkt\/bang-rocket-18000-18k-puffs-einweg-e-zigarette-original\/#breadcrumb"},"inLanguage":"ja","potentialAction":[{"@type":"ReadAction","target":["https:\/\/shopvapor.de\/produkt\/bang-rocket-18000-18k-puffs-einweg-e-zigarette-original\/"]}]},{"@type":"ImageObject","inLanguage":"ja","@id":"https:\/\/shopvapor.de\/produkt\/bang-rocket-18000-18k-puffs-einweg-e-zigarette-original\/#primaryimage","url":"https:\/\/shopvapor.de\/wp-content\/uploads\/2025\/07\/bang-rocket-18000-18k-puffs-20ml-einweg-e-zigarette-original-10.png","contentUrl":"https:\/\/shopvapor.de\/wp-content\/uploads\/2025\/07\/bang-rocket-18000-18k-puffs-20ml-einweg-e-zigarette-original-10.png","width":1000,"height":1000},{"@type":"BreadcrumbList","@id":"https:\/\/shopvapor.de\/produkt\/bang-rocket-18000-18k-puffs-einweg-e-zigarette-original\/#breadcrumb","itemListElement":[{"@type":"ListItem","position":1,"name":"Startseite","item":"https:\/\/shopvapor.de\/"},{"@type":"ListItem","position":2,"name":"Shop","item":"https:\/\/shopvapor.de\/shop\/"},{"@type":"ListItem","position":3,"name":"Bang Rocket 18000 18K Puffs 20ml Einweg-E-Zigarette Original"}]},{"@type":"WebSite","@id":"https:\/\/shopvapor.de\/#website","url":"https:\/\/shopvapor.de\/","name":"\u30b7\u30e7\u30c3\u30d7\u30d9\u30fc\u30d1\u30fc","description":"","potentialAction":[{"@type":"SearchAction","target":{"@type":"EntryPoint","urlTemplate":"https:\/\/shopvapor.de\/?s={search_term_string}"},"query-input":{"@type":"PropertyValueSpecification","valueRequired":true,"valueName":"search_term_string"}}],"inLanguage":"ja"}]}},"_links":{"self":[{"href":"https:\/\/shopvapor.de\/ja\/wp-json\/wp\/v2\/product\/8516","targetHints":{"allow":["GET"]}}],"collection":[{"href":"https:\/\/shopvapor.de\/ja\/wp-json\/wp\/v2\/product"}],"about":[{"href":"https:\/\/shopvapor.de\/ja\/wp-json\/wp\/v2\/types\/product"}],"replies":[{"embeddable":true,"href":"https:\/\/shopvapor.de\/ja\/wp-json\/wp\/v2\/comments?post=8516"}],"version-history":[{"count":2,"href":"https:\/\/shopvapor.de\/ja\/wp-json\/wp\/v2\/product\/8516\/revisions"}],"predecessor-version":[{"id":11973,"href":"https:\/\/shopvapor.de\/ja\/wp-json\/wp\/v2\/product\/8516\/revisions\/11973"}],"wp:featuredmedia":[{"embeddable":true,"href":"https:\/\/shopvapor.de\/ja\/wp-json\/wp\/v2\/media\/8526"}],"wp:attachment":[{"href":"https:\/\/shopvapor.de\/ja\/wp-json\/wp\/v2\/media?parent=8516"}],"wp:term":[{"taxonomy":"product_brand","embeddable":true,"href":"https:\/\/shopvapor.de\/ja\/wp-json\/wp\/v2\/product_brand?post=8516"},{"taxonomy":"product_cat","embeddable":true,"href":"https:\/\/shopvapor.de\/ja\/wp-json\/wp\/v2\/product_cat?post=8516"},{"taxonomy":"product_tag","embeddable":true,"href":"https:\/\/shopvapor.de\/ja\/wp-json\/wp\/v2\/product_tag?post=8516"}],"curies":[{"name":"wp","href":"https:\/\/api.w.org\/{rel}","templated":true}]}}