{"id":8590,"date":"2025-07-02T04:17:50","date_gmt":"2025-07-02T04:17:50","guid":{"rendered":"https:\/\/shopvapor.de\/?post_type=product&#038;p=8590"},"modified":"2025-07-15T08:56:54","modified_gmt":"2025-07-15T08:56:54","slug":"bang-king-smart-screen-15000-15k-%e3%83%91%e3%83%95-%e4%bd%bf%e3%81%84%e6%8d%a8%e3%81%a6-e-%e3%82%bf%e3%83%90%e3%82%b3-%e3%82%aa%e3%83%aa%e3%82%b8%e3%83%8a%e3%83%ab","status":"publish","type":"product","link":"https:\/\/shopvapor.de\/ja\/product\/bang-king-smart-screen-15000-15k-%e3%83%91%e3%83%95-%e4%bd%bf%e3%81%84%e6%8d%a8%e3%81%a6-e-%e3%82%bf%e3%83%90%e3%82%b3-%e3%82%aa%e3%83%aa%e3%82%b8%e3%83%8a%e3%83%ab\/","title":{"rendered":"Bang King Smart Screen 15000 15K \u30d1\u30d5 \u4f7f\u3044\u6368\u3066\u96fb\u5b50\u30bf\u30d0\u30b3 \u30aa\u30ea\u30b8\u30ca\u30eb"},"content":{"rendered":"<h2>Bang King Smart Screen 15000 \u30d1\u30d5: \u30a4\u30ce\u30d9\u30fc\u30b7\u30e7\u30f3\u3068\u54c1\u8cea\u306e\u51fa\u4f1a\u3044<\/h2>\n<p>Bang King Smart Screen 15000 Puffs \u306f\u3001\u305d\u306e\u5370\u8c61\u7684\u306a\u30d1\u30d5\u30a9\u30fc\u30de\u30f3\u30b9\u3068\u4f7f\u3044\u3084\u3059\u3044\u30c6\u30af\u30ce\u30ed\u30b8\u30fc\u3067\u5370\u8c61\u7684\u306a\u6700\u65b0\u306e\u4f7f\u3044\u6368\u3066\u96fb\u5b50\u30bf\u30d0\u30b3 \u30c7\u30d0\u30a4\u30b9\u3067\u3059\u3002 \u6700\u5927 15,000 \u5217\u306e\u5217\u8eca\u306e\u5bb9\u91cf\u3092\u5099\u3048\u305f\u3053\u306e\u30c7\u30d0\u30a4\u30b9\u306f\u3001\u8981\u6c42\u306e\u53b3\u3057\u3044\u30e6\u30fc\u30b6\u30fc\u3067\u3055\u3048\u3082\u523a\u6fc0\u3059\u308b\u3001\u9577\u6642\u9593\u306e\u4f7f\u7528\u3092\u63d0\u4f9b\u3057\u307e\u3059\u3002 \u30a4\u30f3\u30c6\u30ea\u30b8\u30a7\u30f3\u30c8\u306a LED \u30c7\u30a3\u30b9\u30d7\u30ec\u30a4\u3001\u5f37\u529b\u306a 650 mAh \u30d0\u30c3\u30c6\u30ea\u30fc\u3001\u9ad8\u5ea6\u306a 1.0 \u30aa\u30fc\u30e0\u306e\u30e1\u30c3\u30b7\u30e5 \u30b3\u30a4\u30eb\u6280\u8853\u3092\u5099\u3048\u305f Bang King Smart Screen 15000 Puffs \u306f\u3001\u4e00\u8cab\u3057\u305f\u98a8\u5473\u8c4a\u304b\u306a\u4f53\u9a13\u3092\u63d0\u4f9b\u3057\u307e\u3059\u3002 Bang King \u30d6\u30e9\u30f3\u30c9\u306f\u4fe1\u983c\u6027\u3068\u9769\u65b0\u6027\u3092\u8868\u3057\u3066\u304a\u308a\u3001\u3053\u306e\u30c7\u30d0\u30a4\u30b9\u306f\u3001\u30d6\u30e9\u30f3\u30c9\u304c\u4e16\u754c\u4e2d\u3067\u78ba\u7acb\u3057\u305f\u9ad8\u54c1\u8cea\u306e\u8a3c\u62e0\u3067\u3059\u3002<\/p>\n<h2>\u88fd\u54c1\u30d1\u30e9\u30e1\u30fc\u30bf\u30fc\u8a73\u7d30<\/h2>\n<p>Bang King Smart Screen 15000 \u30d1\u30d5\u306e\u6280\u8853\u4ed5\u69d8\u306f\u3001\u6700\u9069\u306a\u30d1\u30d5\u30a9\u30fc\u30de\u30f3\u30b9\u3092\u4fdd\u8a3c\u3059\u308b\u3088\u3046\u306b\u8a2d\u8a08\u3055\u308c\u3066\u3044\u307e\u3059\u3002 \u3053\u306e\u30c7\u30d0\u30a4\u30b9\u306e\u512a\u308c\u305f\u7279\u6027\u3092\u8aac\u660e\u3059\u308b\u305f\u3081\u306b\u3001\u6b21\u306e\u8a73\u7d30\u306b\u3064\u3044\u3066\u8a73\u3057\u304f\u8aac\u660e\u3057\u307e\u3059\u3002<\/p>\n<h3>\u96fb\u5b50\u6db2\u4f53\u5bb9\u91cf: 25ml<\/h3>\n<p>\u3053\u306e\u30c7\u30d0\u30a4\u30b9\u306f\u300125 mL \u306e\u5927\u91cf\u306e\u96fb\u5b50\u6db2\u4f53\u5bb9\u91cf\u3092\u5099\u3048\u3066\u3044\u308b\u305f\u3081\u3001\u88dc\u5145\u3057\u306a\u304f\u3066\u3082\u9577\u6301\u3061\u3057\u307e\u3059\u3002 \u3053\u306e\u5927\u5bb9\u91cf\u306b\u3088\u308a\u3001\u30c7\u30d0\u30a4\u30b9\u306e\u4ea4\u63db\u983b\u5ea6\u304c\u6e1b\u308a\u3001\u4f7f\u7528\u983b\u5ea6\u304c\u9ad8\u304f\u3066\u3082\u4e00\u8cab\u3057\u3066\u4fe1\u983c\u6027\u306e\u9ad8\u3044\u30d1\u30d5\u30a9\u30fc\u30de\u30f3\u30b9\u304c\u4fdd\u8a3c\u3055\u308c\u307e\u3059\u3002<\/p>\n<h3>\u5217\u8eca\u306e\u5b9a\u54e1: \u6700\u5927 15,000 \u5217\u306e\u5217\u8eca<\/h3>\n<p>\u6700\u5927 15,000 \u5217\u306e\u5217\u8eca\u306e\u5370\u8c61\u7684\u306a\u5bb9\u91cf\u3092\u6301\u3064 Bang King Smart Screen 15000 Puffs \u306f\u3001\u5e02\u5834\u3067\u6700\u3082\u8010\u4e45\u6027\u306e\u3042\u308b\u4f7f\u3044\u6368\u3066\u96fb\u5b50\u30bf\u30d0\u30b3\u306e 1 \u3064\u3067\u3059\u3002 \u3053\u306e\u6570\u306e\u5217\u8eca\u306b\u3088\u308a\u3001\u9577\u671f\u9593\u306e\u4f7f\u7528\u304c\u53ef\u80fd\u306b\u306a\u308a\u3001\u983b\u7e41\u306b\u4f7f\u7528\u3059\u308b\u30e6\u30fc\u30b6\u30fc\u306b\u3068\u3063\u3066\u3053\u306e\u30c7\u30d0\u30a4\u30b9\u304c\u9b45\u529b\u7684\u306b\u306a\u308a\u307e\u3059\u3002<\/p>\n<h3>\u30d0\u30c3\u30c6\u30ea\u30fc: Type-C \u5145\u96fb\u30dd\u30fc\u30c8\u4ed8\u304d 650 mAh<\/h3>\n<p>\u5185\u8535\u306e 650 mAh \u30d0\u30c3\u30c6\u30ea\u30fc\u306f\u3001\u5805\u7262\u306a\u96fb\u6e90\u3092\u63d0\u4f9b\u3057\u3001\u5168\u5bff\u547d\u306b\u308f\u305f\u3063\u3066\u4e00\u8cab\u3057\u305f\u6027\u80fd\u3092\u4fdd\u8a3c\u3057\u307e\u3059\u3002 Type-C \u306e\u5145\u96fb\u30dd\u30fc\u30c8\u306b\u3088\u308a\u3001\u8fc5\u901f\u304b\u3064\u52b9\u7387\u7684\u306a\u5145\u96fb\u304c\u53ef\u80fd\u306b\u306a\u308b\u306e\u3067\u3001\u30c7\u30d0\u30a4\u30b9\u306f\u3059\u3050\u306b\u4f7f\u7528\u3067\u304d\u308b\u3088\u3046\u306b\u306a\u308a\u307e\u3059\u3002<\/p>\n<h3>\u30e1\u30c3\u30b7\u30e5\u30b3\u30a4\u30eb\u6280\u8853: 1.0 \u30aa\u30fc\u30e0<\/h3>\n<p>\u9ad8\u5ea6\u306a 1.0 \u30aa\u30fc\u30e0 \u30e1\u30c3\u30b7\u30e5 \u30b3\u30a4\u30eb \u30c6\u30af\u30ce\u30ed\u30b8\u30fc\u306b\u3088\u308a\u3001\u5747\u4e00\u306a\u52a0\u71b1\u3068\u6700\u9069\u306a\u30d5\u30ec\u30fc\u30d0\u30fc\u306e\u958b\u767a\u304c\u4fdd\u8a3c\u3055\u308c\u307e\u3059\u3002 \u3053\u306e\u6280\u8853\u306f\u3001\u84b8\u6c17\u306e\u751f\u6210\u3092\u6700\u5927\u5316\u3057\u3001\u5f15\u3063\u5f35\u308b\u305f\u3073\u306b\u5f37\u70c8\u3067\u7d14\u7c8b\u306a\u98a8\u5473\u3092\u3082\u305f\u3089\u3057\u307e\u3059\u3002<\/p>\n<h3>LED\u30c7\u30a3\u30b9\u30d7\u30ec\u30a4<\/h3>\n<p>LED \u30c7\u30a3\u30b9\u30d7\u30ec\u30a4\u306f\u3001\u30d0\u30c3\u30c6\u30ea\u30fc \u30ec\u30d9\u30eb\u3068\u30ea\u30ad\u30c3\u30c9 \u30ec\u30d9\u30eb\u3092\u30ea\u30a2\u30eb\u30bf\u30a4\u30e0\u3067\u8868\u793a\u3057\u307e\u3059\u3002 \u3053\u306e\u6a5f\u80fd\u306b\u3088\u308a\u3001\u30e6\u30fc\u30b6\u30fc\u306f\u3044\u3064\u3067\u3082\u30c7\u30d0\u30a4\u30b9\u306e\u30b9\u30c6\u30fc\u30bf\u30b9\u3092\u76e3\u8996\u3067\u304d\u308b\u305f\u3081\u3001\u4f7f\u3044\u3084\u3059\u3055\u304c\u5411\u4e0a\u3057\u3001\u6b63\u78ba\u306a\u5236\u5fa1\u3068\u4f7f\u7528\u8a08\u753b\u304c\u53ef\u80fd\u306b\u306a\u308a\u307e\u3059\u3002<\/p>\n<h3>\u30cb\u30b3\u30c1\u30f3\u306e\u5f37\u3055\uff1a0 %\u30012 %\u30013 %\u30015 %<\/h3>\n<p>Bang King Smart Screen 15000 Puffs \u306f\u3001\u30e6\u30fc\u30b6\u30fc\u306e\u500b\u3005\u306e\u597d\u307f\u306b\u5408\u308f\u305b\u3066\u30014 \u3064\u306e\u30cb\u30b3\u30c1\u30f3\u5f37\u5ea6 (0 %\u30012 %\u30013 %\u30015 %) \u3067\u5229\u7528\u3067\u304d\u307e\u3059\u3002 \u3053\u306e\u6c4e\u7528\u6027\u306b\u3088\u308a\u3001\u30cb\u30b3\u30c1\u30f3\u3092\u597d\u3080\u30e6\u30fc\u30b6\u30fc\u3084\u30cb\u30b3\u30c1\u30f3\u3092\u542b\u307e\u306a\u3044\u30aa\u30d7\u30b7\u30e7\u30f3\u3092\u63a2\u3057\u3066\u3044\u308b\u30e6\u30fc\u30b6\u30fc\u306b\u9069\u3057\u3066\u3044\u307e\u3059\u3002<\/p>\n<h2>\u591a\u69d8\u306a\u5473<\/h2>\n<p>Bang King Smart Screen 15000 Puffs \u306f\u3001\u3042\u3089\u3086\u308b\u597d\u307f\u306b\u5408\u3046\u3055\u307e\u3056\u307e\u306a\u30d5\u30ec\u30fc\u30d0\u30fc\u3092\u63d0\u4f9b\u3057\u307e\u3059\u3002 \u5404\u682a\u306f\u3001\u5f37\u70c8\u3067\u672c\u683c\u7684\u306a\u5473\u899a\u4f53\u9a13\u3092\u63d0\u4f9b\u3059\u308b\u3088\u3046\u306b\u614e\u91cd\u306b\u8a2d\u8a08\u3055\u308c\u3066\u3044\u307e\u3059\u3002<\/p>\n<ul>\n<li><strong>\u9752\u306e\u51cd\u7d50<\/strong>: \u65b0\u9bae\u306a\u30d6\u30eb\u30fc\u306e\u679c\u5b9f\u306b\u6c37\u306e\u3088\u3046\u306a\u4ed5\u4e0a\u304c\u308a\u3002<\/li>\n<li><strong>\u30d9\u30ea\u30fc\u30d6\u30e9\u30b9\u30c8<\/strong>: \u3055\u307e\u3056\u307e\u306a\u30d9\u30ea\u30fc\u306e\u7206\u767a\u7684\u306a\u30d6\u30ec\u30f3\u30c9\u3002<\/li>\n<li><strong>\u30d6\u30eb\u30fc\u30c1\u30a7\u30ea\u30fc\u30ec\u30e2\u30f3<\/strong>: \u30af\u30ea\u30b9\u30d4\u30fc \u30ec\u30e2\u30f3\u306e\u30d6\u30eb\u30fc \u30c1\u30a7\u30ea\u30fc\u3002<\/li>\n<li><strong>\u6843\u306e\u51cd\u7d50<\/strong>\u30b8\u30e5\u30fc\u30b7\u30fc\u306a\u30d4\u30fc\u30c1\u306b\u30af\u30fc\u30eb\u306a\u30e1\u30f3\u30c8\u30fc\u30eb\u306e\u9999\u308a\u3002<\/li>\n<li><strong>\u30b0\u30ec\u30fc\u30d7\u30d5\u30ea\u30fc\u30ba<\/strong>: \u51b7\u3084\u3084\u304b\u306a\u4ed5\u4e0a\u304c\u308a\u306e\u7518\u3044\u30d6\u30c9\u30a6\u3002<\/li>\n<li><strong>\u30d4\u30fc\u30c1\u30d9\u30ea\u30fc<\/strong>: \u6843\u3068\u30b8\u30e5\u30fc\u30b7\u30fc\u306a\u30d9\u30ea\u30fc\u3092\u7d44\u307f\u5408\u308f\u305b\u305f\u3082\u306e\u3002<\/li>\n<li><strong>\u79c1\u305f\u3061\u306e\u30a2\u30c3\u30d7\u30eb \u30e9\u30ba\u30d9\u30ea\u30fc<\/strong>: \u304d\u3089\u3081\u304f\u30ea\u30f3\u30b4\u3001\u7518\u3044\u30e9\u30b8\u30b3\u30f3\u3002<\/li>\n<li><strong>\u30c8\u30ea\u30d7\u30eb\u30d5\u30eb\u30fc\u30c4<\/strong>: \u30c8\u30ed\u30d4\u30ab\u30eb \u30d5\u30eb\u30fc\u30c4\u3092 3 \u3064\u6df7\u305c\u3066\u3001\u5f37\u70c8\u306a\u98a8\u5473\u3092\u5b9f\u73fe<\/li>\n<li><strong>\u9752\u3005\u3068\u3057\u305f\u6c37<\/strong>: \u30e1\u30f3\u30bd\u30fc\u30eb\u3067\u3055\u308f\u3084\u304b\u306a\u30b9\u30a4\u30ab\u3002<\/li>\n<li><strong>\u30b9\u30c8\u30ed\u30d9\u30ea\u30fc\u30fb\u30b9\u30a4\u30ab<\/strong>: \u30a4\u30c1\u30b4\u3068\u30b9\u30a4\u30ab\u3067\u30d5\u30eb\u30fc\u30c6\u30a3\u30fc\u306a\u6df7\u5408\u7269\u3002<\/li>\n<\/ul>\n<h2>\u3088\u304f\u3042\u308b\u8cea\u554f (FAQ)<\/h2>\n<p>\u3053\u3053\u3067\u306f\u3001\u6f5c\u5728\u7684\u306a\u30e6\u30fc\u30b6\u30fc\u306b\u660e\u78ba\u3055\u3092\u63d0\u4f9b\u3059\u308b\u305f\u3081\u306b\u3001Bang King Smart Screen 15000 Puffs \u306b\u3064\u3044\u3066\u5177\u4f53\u7684\u306b\u5c0b\u306d\u3089\u308c\u308b\u6700\u3082\u4e00\u822c\u7684\u306a\u8cea\u554f\u306b\u7b54\u3048\u307e\u3059\u3002<\/p>\n<p><strong>Bang King Smart Screen 15000 Puffs \u30d0\u30c3\u30c6\u30ea\u30fc\u306e\u5bff\u547d\u306f\u3069\u306e\u304f\u3089\u3044\u3067\u3059\u304b?<\/strong><br \/>\n650 mAh \u306e\u30d0\u30c3\u30c6\u30ea\u30fc\u306f\u3001\u6700\u5927 15,000 \u5217\u306e\u5217\u8eca\u306b\u76f8\u5f53\u3059\u308b 25 mL \u306e\u7dcf\u96fb\u5b50\u6db2\u4f53\u5bb9\u91cf\u3092\u30b5\u30dd\u30fc\u30c8\u3059\u308b\u3088\u3046\u306b\u8a2d\u8a08\u3055\u308c\u3066\u3044\u307e\u3059\u3002 \u5b9f\u969b\u306e\u30d0\u30c3\u30c6\u30ea\u30fc\u5bff\u547d\u306f\u4f7f\u7528\u983b\u5ea6\u306b\u3088\u3063\u3066\u7570\u306a\u308b\u5834\u5408\u304c\u3042\u308a\u307e\u3059\u304c\u3001Type-C \u306e\u5145\u96fb\u30dd\u30fc\u30c8\u306b\u3088\u308a\u3001\u4e2d\u65ad\u306a\u304f\u4f7f\u7528\u3067\u304d\u308b\u3088\u3046\u306b\u3059\u3070\u3084\u304f\u5145\u96fb\u3067\u304d\u307e\u3059\u3002<\/p>\n<p><strong>\u8cfc\u5165\u5f8c\u306b\u30cb\u30b3\u30c1\u30f3\u30c7\u30f3\u30d7\u30f3\u3092\u4ea4\u63db\u3067\u304d\u307e\u3059\u304b?<\/strong><br \/>\n\u3044\u3044\u3048\u3001\u30cb\u30b3\u30c1\u30f3\u5f37\u5ea6\u306f\u30c7\u30d0\u30a4\u30b9\u3067\u6307\u5b9a\u3055\u308c\u3066\u304a\u308a\u3001\u5909\u66f4\u3067\u304d\u307e\u305b\u3093\u3002 \u8cfc\u5165\u3059\u308b\u3068\u304d\u306f\u3001\u5fc5\u8981\u306a\u30cb\u30b3\u30c1\u30f3\u5f37\u5ea6 (0 %\u30012 %\u30013 % \u307e\u305f\u306f 5 %) \u3092\u9078\u629e\u3057\u3066\u304f\u3060\u3055\u3044\u3002<\/p>\n<p><strong>LED \u30c7\u30a3\u30b9\u30d7\u30ec\u30a4\u306f\u3069\u306e\u3088\u3046\u306b\u6a5f\u80fd\u3057\u307e\u3059\u304b?<\/strong><br \/>\nLED \u30c7\u30a3\u30b9\u30d7\u30ec\u30a4\u306b\u306f\u3001\u73fe\u5728\u306e\u30d0\u30c3\u30c6\u30ea\u30fc \u30ec\u30d9\u30eb\u3068\u30ea\u30ad\u30c3\u30c9 \u30ec\u30d9\u30eb\u304c\u30ea\u30a2\u30eb\u30bf\u30a4\u30e0\u3067\u8868\u793a\u3055\u308c\u307e\u3059\u3002 \u4f7f\u7528\u4e2d\u306b\u81ea\u52d5\u7684\u306b\u30a2\u30af\u30c6\u30a3\u30d6\u306b\u306a\u308a\u3001\u30c7\u30d0\u30a4\u30b9\u306e\u30b9\u30c6\u30fc\u30bf\u30b9\u3092\u7c21\u5358\u306b\u76e3\u8996\u3067\u304d\u307e\u3059\u3002<\/p>\n<p><strong>\u96fb\u5b50\u6db2\u4f53\u3092\u4f7f\u3044\u5207\u308b\u3068\u3069\u3046\u306a\u308b\u306e?<\/strong><br \/>\n\u4f7f\u3044\u6368\u3066\u96fb\u5b50\u30bf\u30d0\u30b3\u306a\u306e\u3067\u3001\u30ea\u30ad\u30c3\u30c9\u306f\u518d\u5145\u586b\u3067\u304d\u307e\u305b\u3093\u3002 \u96fb\u5b50\u6db2\u4f53\u304c\u4f7f\u3044\u5207\u3089\u308c\u305f\u3089\u3001\u73fe\u5730\u306e\u898f\u5236\u306b\u5f93\u3063\u3066\u88c5\u7f6e\u3092\u5ec3\u68c4\u3059\u308b\u5fc5\u8981\u304c\u3042\u308a\u307e\u3059\u3002<\/p>\n<p><strong>\u5473\u306f\u4e00\u751f\u4e00\u8cab\u3057\u3066\u3044\u307e\u3059\u304b\uff1f<\/strong><br \/>\n\u306f\u3044\u30011.0 \u30aa\u30fc\u30e0\u306e\u30e1\u30c3\u30b7\u30e5 \u30b3\u30a4\u30eb\u6280\u8853\u306b\u3088\u308a\u3001\u6700\u521d\u304b\u3089\u6700\u5f8c\u306b\u4f7f\u7528\u3059\u308b\u307e\u3067\u306e\u52a0\u71b1\u3068\u4e00\u8cab\u3057\u305f\u30d5\u30ec\u30fc\u30d0\u30fc\u54c1\u8cea\u304c\u4fdd\u8a3c\u3055\u308c\u307e\u3059\u3002<\/p>\n<p><strong>\u5145\u96fb\u4e2d\u306b\u30c7\u30d0\u30a4\u30b9\u3092\u4f7f\u7528\u3067\u304d\u307e\u3059\u304b?<\/strong><br \/>\n\u5b89\u5168\u4e0a\u306e\u7406\u7531\u304b\u3089\u3001\u5145\u96fb\u4e2d\u306f\u30c7\u30d0\u30a4\u30b9\u3092\u4f7f\u7528\u3057\u306a\u3044\u3053\u3068\u3092\u304a\u52e7\u3081\u3057\u307e\u3059\u3002 Type-C \u306e\u5145\u96fb\u30dd\u30fc\u30c8\u3067\u6025\u901f\u5145\u96fb\u304c\u53ef\u80fd\u3067\u3001\u77ed\u6642\u9593\u3067\u518d\u5229\u7528\u3067\u304d\u307e\u3059\u3002<\/p>","protected":false},"excerpt":{"rendered":"<p dir=\"auto\">Bang King Smart Screen 15000 Puffs: 25 ml \u306e\u96fb\u5b50\u6db2\u4f53\u3001\u6700\u5927 15,000 \u5217\u8eca\u3001650 mAh \u30d0\u30c3\u30c6\u30ea\u30fc\u3001\u30bf\u30a4\u30d7 C \u5145\u96fb\u30011.0 \u30aa\u30fc\u30e0 \u30e1\u30c3\u30b7\u30e5 \u30b3\u30a4\u30eb\u3001\u304a\u3088\u3073 LED \u30c7\u30a3\u30b9\u30d7\u30ec\u30a4\u3092\u5099\u3048\u305f\u4f7f\u3044\u6368\u3066\u96fb\u5b50\u30bf\u30d0\u30b3\u3002 0 %\u30012 %\u30013 %\u30015 % \u30cb\u30b3\u30c1\u30f3\u5f37\u5ea6\u3067\u5229\u7528\u3067\u304d\u307e\u3059\u3002<\/p>","protected":false},"featured_media":8592,"comment_status":"open","ping_status":"closed","template":"","meta":[],"product_brand":[1180],"product_cat":[1157],"product_tag":[963,959],"class_list":{"0":"post-8590","1":"product","2":"type-product","3":"status-publish","4":"has-post-thumbnail","6":"product_brand-bang","7":"product_cat-15000-puffs","8":"product_tag-15k-puffs","9":"product_tag-more-than-10kpuffs","11":"first","12":"instock","13":"sale","14":"shipping-taxable","15":"purchasable","16":"product-type-variable"},"yoast_head":"<!-- This site is optimized with the Yoast SEO plugin v25.8 - https:\/\/yoast.com\/wordpress\/plugins\/seo\/ -->\n<title>Bang King Smart Screen 15000 15K Puffs Einweg-E-Zigarette Original - ShopVapor<\/title>\n<meta name=\"description\" content=\"Bang King Smart Screen 15000 Puffs: Einweg-E-Zigarette mit 25 ml E-Liquid, bis zu 15.000 Z\u00fcgen, 650-mAh-Akku mit Type-C-Ladung, 1,0-Ohm-Mesh-Coil und LED-Display f\u00fcr Akkustand und F\u00fcllstand. Erh\u00e4ltlich in 0 %, 2 %, 3 %, 5 % Nikotinst\u00e4rken.\" \/>\n<meta name=\"robots\" content=\"index, follow, max-snippet:-1, max-image-preview:large, max-video-preview:-1\" \/>\n<link rel=\"canonical\" href=\"https:\/\/shopvapor.de\/ja\/product\/bang-king-smart-screen-15000-15k-\u30d1\u30d5-\u4f7f\u3044\u6368\u3066-e-\u30bf\u30d0\u30b3-\u30aa\u30ea\u30b8\u30ca\u30eb\/\" \/>\n<meta property=\"og:locale\" content=\"ja_JP\" \/>\n<meta property=\"og:type\" content=\"article\" \/>\n<meta property=\"og:title\" content=\"Bang King Smart Screen 15000 15K Puffs Einweg-E-Zigarette Original - ShopVapor\" \/>\n<meta property=\"og:description\" content=\"Bang King Smart Screen 15000 Puffs: Einweg-E-Zigarette mit 25 ml E-Liquid, bis zu 15.000 Z\u00fcgen, 650-mAh-Akku mit Type-C-Ladung, 1,0-Ohm-Mesh-Coil und LED-Display f\u00fcr Akkustand und F\u00fcllstand. Erh\u00e4ltlich in 0 %, 2 %, 3 %, 5 % Nikotinst\u00e4rken.\" \/>\n<meta property=\"og:url\" content=\"https:\/\/shopvapor.de\/ja\/product\/bang-king-smart-screen-15000-15k-\u30d1\u30d5-\u4f7f\u3044\u6368\u3066-e-\u30bf\u30d0\u30b3-\u30aa\u30ea\u30b8\u30ca\u30eb\/\" \/>\n<meta property=\"og:site_name\" content=\"ShopVapor\" \/>\n<meta property=\"article:modified_time\" content=\"2025-07-15T08:56:54+00:00\" \/>\n<meta property=\"og:image\" content=\"https:\/\/shopvapor.de\/wp-content\/uploads\/2025\/07\/bang-king-smart-screen-15000-15k-puffs-einweg-e-zigarette-original-9.webp\" \/>\n\t<meta property=\"og:image:width\" content=\"1000\" \/>\n\t<meta property=\"og:image:height\" content=\"1000\" \/>\n\t<meta property=\"og:image:type\" content=\"image\/webp\" \/>\n<meta name=\"twitter:card\" content=\"summary_large_image\" \/>\n<meta name=\"twitter:label1\" content=\"\u63a8\u5b9a\u8aad\u307f\u53d6\u308a\u6642\u9593\" \/>\n\t<meta name=\"twitter:data1\" content=\"4\u5206\" \/>\n<!-- \/ Yoast SEO plugin. -->","yoast_head_json":{"title":"Bang King Smart Screen 15000 15K \u30d1\u30d5 \u4f7f\u3044\u6368\u3066\u96fb\u5b50\u30bf\u30d0\u30b3 \u30aa\u30ea\u30b8\u30ca\u30eb - ShopVapor","description":"Bang King Smart Screen 15000 Puffs: 25 ml \u306e\u96fb\u5b50\u6db2\u4f53\u3001\u6700\u5927 15,000 \u5217\u8eca\u3001650 mAh \u30d0\u30c3\u30c6\u30ea\u30fc\u3001\u30bf\u30a4\u30d7 C \u5145\u96fb\u30011.0 \u30aa\u30fc\u30e0 \u30e1\u30c3\u30b7\u30e5 \u30b3\u30a4\u30eb\u3001\u304a\u3088\u3073 LED \u30c7\u30a3\u30b9\u30d7\u30ec\u30a4\u3092\u5099\u3048\u305f\u4f7f\u3044\u6368\u3066\u96fb\u5b50\u30bf\u30d0\u30b3\u3002 0 %\u30012 %\u30013 %\u30015 % \u30cb\u30b3\u30c1\u30f3\u5f37\u5ea6\u3067\u5229\u7528\u3067\u304d\u307e\u3059\u3002","robots":{"index":"index","follow":"follow","max-snippet":"max-snippet:-1","max-image-preview":"max-image-preview:large","max-video-preview":"max-video-preview:-1"},"canonical":"https:\/\/shopvapor.de\/ja\/product\/bang-king-smart-screen-15000-15k-\u30d1\u30d5-\u4f7f\u3044\u6368\u3066-e-\u30bf\u30d0\u30b3-\u30aa\u30ea\u30b8\u30ca\u30eb\/","og_locale":"ja_JP","og_type":"article","og_title":"Bang King Smart Screen 15000 15K Puffs Einweg-E-Zigarette Original - ShopVapor","og_description":"Bang King Smart Screen 15000 Puffs: Einweg-E-Zigarette mit 25 ml E-Liquid, bis zu 15.000 Z\u00fcgen, 650-mAh-Akku mit Type-C-Ladung, 1,0-Ohm-Mesh-Coil und LED-Display f\u00fcr Akkustand und F\u00fcllstand. Erh\u00e4ltlich in 0 %, 2 %, 3 %, 5 % Nikotinst\u00e4rken.","og_url":"https:\/\/shopvapor.de\/ja\/product\/bang-king-smart-screen-15000-15k-\u30d1\u30d5-\u4f7f\u3044\u6368\u3066-e-\u30bf\u30d0\u30b3-\u30aa\u30ea\u30b8\u30ca\u30eb\/","og_site_name":"ShopVapor","article_modified_time":"2025-07-15T08:56:54+00:00","og_image":[{"width":1000,"height":1000,"url":"https:\/\/shopvapor.de\/wp-content\/uploads\/2025\/07\/bang-king-smart-screen-15000-15k-puffs-einweg-e-zigarette-original-9.webp","type":"image\/webp"}],"twitter_card":"summary_large_image","twitter_misc":{"\u63a8\u5b9a\u8aad\u307f\u53d6\u308a\u6642\u9593":"4\u5206"},"schema":{"@context":"https:\/\/schema.org","@graph":[{"@type":"WebPage","@id":"https:\/\/shopvapor.de\/produkt\/bang-king-smart-screen-15000-15k-puffs-einweg-e-zigarette-original\/","url":"https:\/\/shopvapor.de\/produkt\/bang-king-smart-screen-15000-15k-puffs-einweg-e-zigarette-original\/","name":"Bang King Smart Screen 15000 15K \u30d1\u30d5 \u4f7f\u3044\u6368\u3066\u96fb\u5b50\u30bf\u30d0\u30b3 \u30aa\u30ea\u30b8\u30ca\u30eb - ShopVapor","isPartOf":{"@id":"https:\/\/shopvapor.de\/#website"},"primaryImageOfPage":{"@id":"https:\/\/shopvapor.de\/produkt\/bang-king-smart-screen-15000-15k-puffs-einweg-e-zigarette-original\/#primaryimage"},"image":{"@id":"https:\/\/shopvapor.de\/produkt\/bang-king-smart-screen-15000-15k-puffs-einweg-e-zigarette-original\/#primaryimage"},"thumbnailUrl":"https:\/\/shopvapor.de\/wp-content\/uploads\/2025\/07\/bang-king-smart-screen-15000-15k-puffs-einweg-e-zigarette-original-9.webp","datePublished":"2025-07-02T04:17:50+00:00","dateModified":"2025-07-15T08:56:54+00:00","description":"Bang King Smart Screen 15000 Puffs: 25 ml \u306e\u96fb\u5b50\u6db2\u4f53\u3001\u6700\u5927 15,000 \u5217\u8eca\u3001650 mAh \u30d0\u30c3\u30c6\u30ea\u30fc\u3001\u30bf\u30a4\u30d7 C \u5145\u96fb\u30011.0 \u30aa\u30fc\u30e0 \u30e1\u30c3\u30b7\u30e5 \u30b3\u30a4\u30eb\u3001\u304a\u3088\u3073 LED \u30c7\u30a3\u30b9\u30d7\u30ec\u30a4\u3092\u5099\u3048\u305f\u4f7f\u3044\u6368\u3066\u96fb\u5b50\u30bf\u30d0\u30b3\u3002 0 %\u30012 %\u30013 %\u30015 % \u30cb\u30b3\u30c1\u30f3\u5f37\u5ea6\u3067\u5229\u7528\u3067\u304d\u307e\u3059\u3002","breadcrumb":{"@id":"https:\/\/shopvapor.de\/produkt\/bang-king-smart-screen-15000-15k-puffs-einweg-e-zigarette-original\/#breadcrumb"},"inLanguage":"ja","potentialAction":[{"@type":"ReadAction","target":["https:\/\/shopvapor.de\/produkt\/bang-king-smart-screen-15000-15k-puffs-einweg-e-zigarette-original\/"]}]},{"@type":"ImageObject","inLanguage":"ja","@id":"https:\/\/shopvapor.de\/produkt\/bang-king-smart-screen-15000-15k-puffs-einweg-e-zigarette-original\/#primaryimage","url":"https:\/\/shopvapor.de\/wp-content\/uploads\/2025\/07\/bang-king-smart-screen-15000-15k-puffs-einweg-e-zigarette-original-9.webp","contentUrl":"https:\/\/shopvapor.de\/wp-content\/uploads\/2025\/07\/bang-king-smart-screen-15000-15k-puffs-einweg-e-zigarette-original-9.webp","width":1000,"height":1000},{"@type":"BreadcrumbList","@id":"https:\/\/shopvapor.de\/produkt\/bang-king-smart-screen-15000-15k-puffs-einweg-e-zigarette-original\/#breadcrumb","itemListElement":[{"@type":"ListItem","position":1,"name":"Startseite","item":"https:\/\/shopvapor.de\/"},{"@type":"ListItem","position":2,"name":"Shop","item":"https:\/\/shopvapor.de\/shop\/"},{"@type":"ListItem","position":3,"name":"Bang King Smart Screen 15000 15K Puffs Einweg-E-Zigarette Original"}]},{"@type":"WebSite","@id":"https:\/\/shopvapor.de\/#website","url":"https:\/\/shopvapor.de\/","name":"\u30b7\u30e7\u30c3\u30d7\u30d9\u30fc\u30d1\u30fc","description":"","potentialAction":[{"@type":"SearchAction","target":{"@type":"EntryPoint","urlTemplate":"https:\/\/shopvapor.de\/?s={search_term_string}"},"query-input":{"@type":"PropertyValueSpecification","valueRequired":true,"valueName":"search_term_string"}}],"inLanguage":"ja"}]}},"_links":{"self":[{"href":"https:\/\/shopvapor.de\/ja\/wp-json\/wp\/v2\/product\/8590","targetHints":{"allow":["GET"]}}],"collection":[{"href":"https:\/\/shopvapor.de\/ja\/wp-json\/wp\/v2\/product"}],"about":[{"href":"https:\/\/shopvapor.de\/ja\/wp-json\/wp\/v2\/types\/product"}],"replies":[{"embeddable":true,"href":"https:\/\/shopvapor.de\/ja\/wp-json\/wp\/v2\/comments?post=8590"}],"version-history":[{"count":1,"href":"https:\/\/shopvapor.de\/ja\/wp-json\/wp\/v2\/product\/8590\/revisions"}],"predecessor-version":[{"id":11401,"href":"https:\/\/shopvapor.de\/ja\/wp-json\/wp\/v2\/product\/8590\/revisions\/11401"}],"wp:featuredmedia":[{"embeddable":true,"href":"https:\/\/shopvapor.de\/ja\/wp-json\/wp\/v2\/media\/8592"}],"wp:attachment":[{"href":"https:\/\/shopvapor.de\/ja\/wp-json\/wp\/v2\/media?parent=8590"}],"wp:term":[{"taxonomy":"product_brand","embeddable":true,"href":"https:\/\/shopvapor.de\/ja\/wp-json\/wp\/v2\/product_brand?post=8590"},{"taxonomy":"product_cat","embeddable":true,"href":"https:\/\/shopvapor.de\/ja\/wp-json\/wp\/v2\/product_cat?post=8590"},{"taxonomy":"product_tag","embeddable":true,"href":"https:\/\/shopvapor.de\/ja\/wp-json\/wp\/v2\/product_tag?post=8590"}],"curies":[{"name":"wp","href":"https:\/\/api.w.org\/{rel}","templated":true}]}}