{"id":8700,"date":"2025-07-02T04:18:52","date_gmt":"2025-07-02T04:18:52","guid":{"rendered":"https:\/\/shopvapor.de\/?post_type=product&#038;p=8700"},"modified":"2025-07-15T08:53:32","modified_gmt":"2025-07-15T08:53:32","slug":"%e3%83%90%e3%83%b3-%e3%82%af%e3%83%a9%e3%82%a6%e3%83%b3-%e3%83%90%e3%83%bc-18000-%e3%83%91%e3%83%95-%e3%83%ac%e3%82%b6%e3%83%bc-20ml-%e4%bd%bf%e3%81%84%e6%8d%a8%e3%81%a6-e-%e3%82%bf%e3%83%90%e3%82%b3","status":"publish","type":"product","link":"https:\/\/shopvapor.de\/ja\/product\/%e3%83%90%e3%83%b3-%e3%82%af%e3%83%a9%e3%82%a6%e3%83%b3-%e3%83%90%e3%83%bc-18000-%e3%83%91%e3%83%95-%e3%83%ac%e3%82%b6%e3%83%bc-20ml-%e4%bd%bf%e3%81%84%e6%8d%a8%e3%81%a6-e-%e3%82%bf%e3%83%90%e3%82%b3\/","title":{"rendered":"\u30d0\u30f3 \u30af\u30e9\u30a6\u30f3 \u30d0\u30fc 18000 \u30d1\u30d5 \u30ec\u30b6\u30fc 20ml \u4f7f\u3044\u6368\u3066\u96fb\u5b50\u30bf\u30d0\u30b3 \u30aa\u30ea\u30b8\u30ca\u30eb"},"content":{"rendered":"<h2>\u30d0\u30f3 \u30af\u30e9\u30a6\u30f3 \u30d0\u30fc 18000 \u306e\u7d39\u4ecb<\/h2>\n<p>Bang Crown Bar 18000 \u306f\u3001\u5f37\u70c8\u306a\u98a8\u5473\u3068\u9577\u6301\u3061\u3059\u308b\u4f7f\u7528\u3092\u91cd\u8996\u3059\u308b\u8981\u6c42\u306e\u9ad8\u3044\u30e6\u30fc\u30b6\u30fc\u5411\u3051\u306b\u8a2d\u8a08\u3055\u308c\u305f\u3001\u9ad8\u54c1\u8cea\u3067\u4f7f\u3044\u6368\u3066\u306e E \u30c7\u30d0\u30a4\u30b9\u3067\u3059\u3002 \u6700\u5927 18000 \u5217\u306e\u5217\u8eca\u306e\u9a5a\u7570\u7684\u306a\u5bb9\u91cf\u3092\u5099\u3048\u305f\u3053\u306e\u88fd\u54c1\u306f\u3001\u6bce\u65e5\u306e\u4f7f\u7528\u306b\u4fe1\u983c\u3067\u304d\u308b\u5b9f\u7528\u7684\u306a\u30bd\u30ea\u30e5\u30fc\u30b7\u30e7\u30f3\u3092\u63d0\u4f9b\u3057\u307e\u3059\u3002 Bang \u30d6\u30e9\u30f3\u30c9\u306f\u54c1\u8cea\u3068\u9769\u65b0\u6027\u3092\u8868\u3057\u3066\u304a\u308a\u3001\u30af\u30e9\u30a6\u30f3 \u30d0\u30fc 18000 \u306f\u3001\u6700\u65b0\u306e\u30c6\u30af\u30ce\u30ed\u30b8\u30fc\u3068\u3055\u307e\u3056\u307e\u306a\u30d5\u30ec\u30fc\u30d0\u30fc\u3092\u7d44\u307f\u5408\u308f\u305b\u3066\u3001\u500b\u3005\u306e\u4f53\u9a13\u3092\u751f\u307f\u51fa\u3057\u307e\u3059\u3002 \u30b3\u30f3\u30d1\u30af\u30c8\u306a\u30c7\u30b6\u30a4\u30f3\u3068\u53d6\u308a\u6271\u3044\u304c\u7c21\u5358\u306a\u3053\u306e\u30c7\u30d0\u30a4\u30b9\u306f\u3001\u8907\u96d1\u3067\u4e0a\u54c1\u306a\u4f53\u9a13\u3092\u6c42\u3081\u308b\u30e6\u30fc\u30b6\u30fc\u306b\u6700\u9069\u3067\u3059\u3002<\/p>\n<h2>\u88fd\u54c1\u30d1\u30e9\u30e1\u30fc\u30bf\u30fc\u8a73\u7d30<\/h2>\n<p>Bang Crown Bar 18000 \u306f\u3001\u4ed6\u306e\u4f7f\u3044\u6368\u3066\u30c7\u30d0\u30a4\u30b9\u3068\u306f\u4e00\u7dda\u3092\u753b\u3059\u591a\u304f\u306e\u6280\u8853\u7684\u6a5f\u80fd\u306b\u3088\u3063\u3066\u7279\u5fb4\u4ed8\u3051\u3089\u308c\u307e\u3059\u3002 \u88fd\u54c1\u306e\u5229\u70b9\u3068\u9ad8\u54c1\u8cea\u3092\u8aac\u660e\u3059\u308b\u305f\u3081\u306b\u3001\u4e3b\u8981\u306a\u30d1\u30e9\u30e1\u30fc\u30bf\u30fc\u3092\u4ee5\u4e0b\u306b\u8a73\u3057\u304f\u8aac\u660e\u3057\u307e\u3059\u3002<\/p>\n<h3>\u5217\u8eca\u306e\u6570: \u6700\u5927 18000 \u5217\u8eca<\/h3>\n<p>\u6700\u5927 18000 \u5217\u306e\u5217\u8eca\u306e\u53ce\u5bb9\u80fd\u529b\u3092\u6301\u3064 Bang Crown Bar 18000 \u306f\u3001\u975e\u5e38\u306b\u9577\u3044\u8010\u7528\u5e74\u6570\u3092\u63d0\u4f9b\u3057\u307e\u3059\u3002 \u3053\u306e\u6570\u306e\u5217\u8eca\u306b\u3088\u308a\u3001\u983b\u7e41\u306b\u4ea4\u63db\u3059\u308b\u5fc5\u8981\u306a\u304f\u3001\u30c7\u30d0\u30a4\u30b9\u3092\u9577\u671f\u9593\u306b\u308f\u305f\u3063\u3066\u4f7f\u7528\u3067\u304d\u308b\u3088\u3046\u306b\u306a\u308a\u307e\u3059\u3002 \u3053\u308c\u306b\u3088\u308a\u3001\u88fd\u54c1\u306f\u3001\u5e38\u9023\u306e\u30e6\u30fc\u30b6\u30fc\u306b\u3068\u3063\u3066\u7279\u306b\u5b9f\u7528\u7684\u3067\u8cbb\u7528\u5bfe\u52b9\u679c\u306e\u9ad8\u3044\u3082\u306e\u306b\u306a\u308a\u307e\u3059\u3002<\/p>\n<h3>\u6db2\u4f53\u91cf: 20 mL<\/h3>\n<p>\u3053\u306e\u30c7\u30d0\u30a4\u30b9\u306b\u306f 20 ml \u306e\u9ad8\u54c1\u8cea\u306e\u6db2\u4f53\u304c\u542b\u307e\u308c\u3066\u3044\u308b\u305f\u3081\u3001\u5f15\u3063\u5f35\u308b\u305f\u3073\u306b\u5747\u4e00\u3067\u5f37\u70c8\u306a\u5473\u304c\u4fdd\u8a3c\u3055\u308c\u307e\u3059\u3002 \u5927\u91cf\u306e\u6db2\u4f53\u304c\u591a\u6570\u306e\u5217\u8eca\u3092\u652f\u3048\u3001\u6700\u7d42\u5217\u8eca\u307e\u3067\u306e\u4e00\u8cab\u3057\u305f\u4f53\u9a13\u3092\u4fdd\u8a3c\u3057\u307e\u3059\u3002<\/p>\n<h3>\u30cb\u30b3\u30c1\u30f3\u5f37\u5ea6: 0 %\u30012 %\u30013 %\u30015 % \u30cb\u30b3\u30c1\u30f3\u5869<\/h3>\n<p>Bang Crown Bar 18000 \u306f\u3001\u30e6\u30fc\u30b6\u30fc\u306e\u500b\u3005\u306e\u30cb\u30fc\u30ba\u3092\u6e80\u305f\u3059\u305f\u3081\u306b\u3001\u30cb\u30b3\u30c1\u30f3\u5f37\u5ea6 (0 %\u30012 %\u30013 % \u304a\u3088\u3073 5 % \u30cb\u30b3\u30c1\u30f3\u5869) \u3092\u63d0\u4f9b\u3057\u307e\u3059\u3002 \u30cb\u30b3\u30c1\u30f3\u5869\u3092\u4f7f\u7528\u3059\u308b\u3068\u3001\u7a4f\u3084\u304b\u306a\u5438\u5165\u3068\u7d20\u65e9\u3044\u5438\u53ce\u304c\u4fdd\u8a3c\u3055\u308c\u307e\u3059\u3002\u3053\u308c\u306f\u3001\u5fc3\u5730\u3088\u3044\u611f\u899a\u3092\u6c42\u3081\u3066\u3044\u308b\u30e6\u30fc\u30b6\u30fc\u306b\u3068\u3063\u3066\u7279\u306b\u91cd\u8981\u3067\u3059\u3002 \u30cb\u30b3\u30c1\u30f3\u3092\u542b\u307e\u306a\u3044\u5473\u3092\u697d\u3057\u307f\u305f\u3044\u65b9\u306b\u6700\u9069\u306a\u30cb\u30b3\u30c1\u30f3\u30d5\u30ea\u30fc\u30aa\u30d7\u30b7\u30e7\u30f3\u3067\u3059\u3002<\/p>\n<h3>\u4f7f\u3044\u6368\u3066\u30c7\u30b6\u30a4\u30f3<\/h3>\n<p>\u30ef\u30f3\u30a6\u30a7\u30a4 \u30c7\u30d0\u30a4\u30b9\u3068\u3057\u3066\u3001Bang Crown Bar 18000 \u306f\u3001\u6700\u5927\u9650\u306e\u4f7f\u3044\u3084\u3059\u3055\u3092\u91cd\u8996\u3059\u308b\u3088\u3046\u306b\u8a2d\u8a08\u3055\u308c\u3066\u3044\u307e\u3059\u3002 \u30e1\u30f3\u30c6\u30ca\u30f3\u30b9\u3001\u88dc\u5145\u3001\u307e\u305f\u306f\u8907\u96d1\u306a\u30bb\u30c3\u30c8\u30a2\u30c3\u30d7\u306f\u5fc5\u8981\u3042\u308a\u307e\u305b\u3093\u3002 \u4f7f\u7528\u5f8c\u306f\u3001\u88c5\u7f6e\u3092\u7c21\u5358\u306b\u51e6\u5206\u3067\u304d\u308b\u305f\u3081\u3001\u65e5\u5e38\u306e\u4f7f\u7528\u306b\u7279\u306b\u5b9f\u7528\u7684\u3067\u3059\u3002<\/p>\n<h3>\u30d0\u30c3\u30c6\u30ea\u30fc: 650 mAh<\/h3>\n<p>\u5185\u8535\u306e 650 mAh \u30d0\u30c3\u30c6\u30ea\u30fc\u306f\u3001\u5168\u91cf\u306e\u6db2\u4f53\u3092\u4f7f\u7528\u3059\u308b\u306e\u306b\u5341\u5206\u306a\u96fb\u529b\u3092\u63d0\u4f9b\u3057\u307e\u3059\u3002 \u30d0\u30c3\u30c6\u30ea\u30fc\u306f\u4e00\u8cab\u3057\u305f\u6027\u80fd\u3092\u767a\u63ee\u3059\u308b\u3088\u3046\u306b\u8a2d\u8a08\u3055\u308c\u3066\u3044\u308b\u305f\u3081\u3001\u30c7\u30d0\u30a4\u30b9\u306b\u3069\u308c\u3060\u3051\u306e\u6db2\u4f53\u304c\u6b8b\u3063\u3066\u3044\u308b\u304b\u306b\u95a2\u4fc2\u306a\u304f\u3001\u3059\u3079\u3066\u306e\u5217\u8eca\u304c\u540c\u3058\u54c1\u8cea\u3092\u63d0\u4f9b\u3057\u307e\u3059\u3002<\/p>\n<h3>0.6 \u30aa\u30fc\u30e0\u306e\u30e1\u30c3\u30b7\u30e5\u30b3\u30a4\u30eb<\/h3>\n<p>Bang Crown Bar 18000 \u306f\u30010.6 \u30aa\u30fc\u30e0\u306e\u30e1\u30c3\u30b7\u30e5 \u30b3\u30a4\u30eb\u3092\u4f7f\u7528\u3057\u3066\u3001\u6db2\u4f53\u306e\u6700\u9069\u306a\u98a8\u5473\u306e\u767a\u9054\u3068\u52a0\u71b1\u3092\u4fdd\u8a3c\u3057\u307e\u3059\u3002 \u3053\u306e\u6280\u8853\u306f\u3001\u5f15\u3063\u5f35\u308b\u305f\u3073\u306b\u5f37\u70c8\u3067\u7d14\u7c8b\u306a\u5473\u3092\u4fdd\u8a3c\u3057\u3001\u30c7\u30d0\u30a4\u30b9\u306e\u5bff\u547d\u306b\u8ca2\u732e\u3057\u307e\u3059\u3002<\/p>\n<h3>\u8abf\u6574\u53ef\u80fd\u306a\u30a8\u30a2\u30d5\u30ed\u30fc<\/h3>\n<p>\u30c7\u30d0\u30a4\u30b9\u306b\u306f\u3001\u30e6\u30fc\u30b6\u30fc\u304c\u5438\u5165\u611f\u3092\u30ab\u30b9\u30bf\u30de\u30a4\u30ba\u3067\u304d\u308b\u3088\u3046\u306b\u3059\u308b\u305f\u3081\u306e\u8abf\u6574\u53ef\u80fd\u306a\u30a8\u30a2\u30d5\u30ed\u30fc\u304c\u3042\u308a\u307e\u3059\u3002 \u3088\u308a\u72ed\u3044\u5217\u8eca\u307e\u305f\u306f\u3088\u308a\u98a8\u901a\u3057\u306e\u826f\u3044\u5217\u8eca\u306e\u3069\u3061\u3089\u304c\u597d\u307e\u308c\u3066\u3082\u3001Bang Crown Bar 18000 \u306f\u3001\u500b\u4eba\u306e\u597d\u307f\u306b\u5fdc\u3058\u3066\u67d4\u8edf\u306b\u4f53\u9a13\u3092\u5f62\u4f5c\u308b\u3053\u3068\u304c\u3067\u304d\u307e\u3059\u3002<\/p>\n<h3>\u30bf\u30a4\u30d7C\u306e\u5145\u96fb<\/h3>\n<p>Type-C \u306e\u5145\u96fb\u6a5f\u80fd\u306b\u3088\u308a\u3001\u30d0\u30c3\u30c6\u30ea\u30fc\u3092\u8fc5\u901f\u304b\u3064\u52b9\u7387\u7684\u306b\u5145\u96fb\u3067\u304d\u307e\u3059\u3002 \u3053\u306e\u6700\u65b0\u6280\u8853\u306b\u3088\u308a\u3001\u4fe1\u983c\u6027\u306e\u9ad8\u3044\u96fb\u6e90\u304c\u63d0\u4f9b\u3055\u308c\u3001\u5fc5\u8981\u306a\u3068\u304d\u306b\u30c7\u30d0\u30a4\u30b9\u3092\u7c21\u5358\u306b\u518d\u5145\u96fb\u3057\u3066\u3001\u30d5\u30eb\u5bb9\u91cf\u3092\u4f7f\u7528\u3067\u304d\u307e\u3059\u3002<\/p>\n<h2>\u30d0\u30f3 \u30af\u30e9\u30a6\u30f3 \u30d0\u30fc 18000 \u306e\u30d5\u30ec\u30fc\u30d0\u30fc<\/h2>\n<p>Bang Crown Bar 18000 \u306b\u306f\u3001\u3042\u3089\u3086\u308b\u597d\u307f\u306b\u5408\u3046 16 \u7a2e\u985e\u306e\u30d5\u30ec\u30fc\u30d0\u30fc\u304c\u7528\u610f\u3055\u308c\u3066\u3044\u307e\u3059\u3002 \u30d5\u30eb\u30fc\u30c6\u30a3\u30fc\u306a\u3082\u306e\u304b\u3089\u723d\u3084\u304b\u306a\u30ce\u30fc\u30c8\u307e\u3067\u3001\u305d\u308c\u305e\u308c\u306e\u30d5\u30ec\u30fc\u30d0\u30fc\u306f\u3001\u5f37\u70c8\u3067\u672c\u683c\u7684\u306a\u4f53\u9a13\u3092\u63d0\u4f9b\u3059\u308b\u3088\u3046\u306b\u614e\u91cd\u306b\u8a2d\u8a08\u3055\u308c\u3066\u3044\u307e\u3059\u3002 \u5229\u7528\u53ef\u80fd\u306a\u30d5\u30ec\u30fc\u30d0\u30fc\u306f\u6b21\u306e\u3068\u304a\u308a\u3067\u3059\u3002<\/p>\n<ul>\n<li>\u30d4\u30fc\u30c1\u30fb\u30de\u30f3\u30b4\u30fc<\/li>\n<li>\u30b5\u30ef\u30fc\u30a2\u30c3\u30d7\u30eb<\/li>\n<li>\u3076\u3069\u3046<\/li>\n<li>\u864e\u8840<\/li>\n<li>\u30d6\u30eb\u30fc\u30d9\u30ea\u30fc\u30fb\u30e9\u30ba\u30d9\u30ea\u30fc<\/li>\n<li>\u30d6\u30eb\u30fc\u30d9\u30ea\u30fc\u30d6\u30c9\u30a6<\/li>\n<li>\u30df\u30c3\u30af\u30b9\u30d5\u30eb\u30fc\u30c4<\/li>\n<li>\u30b9\u30c8\u30ed\u30d9\u30ea\u30fc\u30fb\u30b9\u30a4\u30ab<\/li>\n<li>\u30b9\u30c8\u30ed\u30d9\u30ea\u30fc\u30fb\u30ad\u30a6\u30a4<\/li>\n<li>\u30b9\u30c8\u30ed\u30d9\u30ea\u30fc\u30de\u30f3\u30b4\u30fc<\/li>\n<li>\u30d1\u30a4\u30ca\u30c3\u30d7\u30eb\u30b3\u30b3\u30ca\u30c3\u30c4<\/li>\n<li>\u30df\u30f3\u30c8\u30a2\u30a4\u30b9<\/li>\n<li>\u30b9\u30a4\u30ab<\/li>\n<li>\u30d6\u30eb\u30fc\u30d9\u30ea\u30fc\u30a2\u30a4\u30b9<\/li>\n<li>\u30d4\u30fc\u30c1\u30fb\u30a2\u30a4\u30b9<\/li>\n<li>\u30b9\u30a4\u30ab\u30d0\u30d6\u30eb\u30ac\u30e0<\/li>\n<\/ul>\n<h2>\u3088\u304f\u3042\u308b\u8cea\u554f (FAQ)<\/h2>\n<p>\u4ee5\u4e0b\u306b\u3001\u304a\u5ba2\u69d8\u304c Bang Crown Bar 18000 \u306b\u3064\u3044\u3066\u3088\u304f\u3042\u308b\u8cea\u554f\u306e\u3044\u304f\u3064\u304b\u306b\u3064\u3044\u3066\u3001\u4e0d\u78ba\u5b9f\u6027\u306e\u53ef\u80fd\u6027\u3092\u660e\u78ba\u306b\u3059\u308b\u305f\u3081\u306b\u3044\u304f\u3064\u304b\u304a\u7b54\u3048\u3057\u307e\u3059\u3002<\/p>\n<p><strong>\u30d0\u30f3\u30b0 \u30af\u30e9\u30a6\u30f3 \u30d0\u30fc 18000 \u306f\u3069\u306e\u304f\u3089\u3044\u6301\u3061\u307e\u3059\u304b?<\/strong><br \/>\n\u5b9f\u969b\u306e\u8010\u7528\u5e74\u6570\u306f\u3001\u4f7f\u7528\u983b\u5ea6\u3068\u5f37\u5ea6\u306b\u4f9d\u5b58\u3057\u307e\u3059\u3002 \u5e73\u5747\u7684\u306a\u4f7f\u7528\u3067\u3001\u30c7\u30d0\u30a4\u30b9\u306f\u6700\u5927 18000 \u56de\u306e\u79fb\u52d5\u3067\u6570\u9031\u9593\u6301\u7d9a\u3057\u307e\u3059\u3002<\/p>\n<p><strong>\u6c17\u6d41\u3092\u8abf\u6574\u3067\u304d\u307e\u3059\u304b?<\/strong><br \/>\n\u306f\u3044\u3001Bang Crown Bar 18000 \u306b\u306f\u3001\u6c17\u6d41\u304c\u8abf\u6574\u53ef\u80fd\u3067\u3001\u597d\u307f\u306b\u5fdc\u3058\u3066\u5438\u5165\u611f\u3092\u8abf\u6574\u3067\u304d\u307e\u3059\u3002<\/p>\n<p><strong>\u30c7\u30d0\u30a4\u30b9\u306f\u5145\u96fb\u53ef\u80fd\u3067\u3059\u304b?<\/strong><br \/>\n\u306f\u3044\u3001\u30c7\u30d0\u30a4\u30b9\u306b\u306f 650 mAh \u306e\u30d0\u30c3\u30c6\u30ea\u30fc\u3092\u3059\u3070\u3084\u304f\u7c21\u5358\u306b\u5145\u96fb\u3067\u304d\u308b Type-C \u30dd\u30fc\u30c8\u304c\u88c5\u5099\u3055\u308c\u3066\u3044\u307e\u3059\u3002<\/p>\n<p><strong>\u6db2\u4f53\u3092\u4f7f\u3044\u5207\u308b\u3068\u3069\u3046\u306a\u308b\u306e?<\/strong><br \/>\n\u3053\u308c\u306f\u4f7f\u3044\u6368\u3066\u88c5\u7f6e\u3067\u3042\u308b\u305f\u3081\u3001\u30d0\u30f3\u30b0 \u30af\u30e9\u30a6\u30f3 \u30d0\u30fc 18000 \u306f\u3001\u6db2\u4f53\u3092\u4f7f\u3044\u5207\u3063\u305f\u5f8c\u306b\u5ec3\u68c4\u3059\u308b\u5fc5\u8981\u304c\u3042\u308a\u307e\u3059\u3002 \u88dc\u5145\u306f\u3067\u304d\u307e\u305b\u3093\u3002<\/p>\n<p><strong>\u30d5\u30ec\u30fc\u30d0\u30fc\u306f\u3068\u3066\u3082\u6fc3\u3044\u3067\u3059\u304b\uff1f<\/strong><br \/>\n\u306f\u3044\u30010.6 \u30aa\u30fc\u30e0\u306e\u30e1\u30c3\u30b7\u30e5 \u30b3\u30a4\u30eb\u3068\u9ad8\u54c1\u8cea\u306e\u6db2\u4f53\u306e\u304a\u304b\u3052\u3067\u3001\u3059\u3079\u3066\u306e\u30d5\u30ec\u30fc\u30d0\u30fc\u304c\u5f37\u70c8\u3067\u672c\u7269\u306e\u4f53\u9a13\u3092\u63d0\u4f9b\u3057\u307e\u3059\u3002<\/p>\n<p><strong>\u30cb\u30b3\u30c1\u30f3\u306a\u3057\u3067\u30c7\u30d0\u30a4\u30b9\u3092\u4f7f\u7528\u3067\u304d\u307e\u3059\u304b?<\/strong><br \/>\n\u306f\u3044\u3001Bang Crown Bar 18000 \u306f\u3001\u30cb\u30b3\u30c1\u30f3\u3092\u542b\u307e\u306a\u3044\u30d0\u30fc\u30b8\u30e7\u30f3 (0 % \u30cb\u30b3\u30c1\u30f3) \u3067\u5229\u7528\u3067\u304d\u307e\u3059\u3002\u30cb\u30b3\u30c1\u30f3\u306a\u3057\u3067\u5473\u3092\u697d\u3057\u307f\u305f\u3044\u30e6\u30fc\u30b6\u30fc\u306b\u6700\u9069\u3067\u3059\u3002<\/p>","protected":false},"excerpt":{"rendered":"<p dir=\"auto\">Bang Crown Bar 18000 Puffs: \u6700\u5927 18000 \u5217\u306e\u5217\u8eca\u300124 ml \u306e\u96fb\u5b50\u6db2\u4f53\u30015 \u3064\u306e % \u30cb\u30b3\u30c1\u30f3\u5f37\u5ea6\u3001650 mAh \u306e\u5145\u96fb\u5f0f\u30d0\u30c3\u30c6\u30ea\u30fc\u3068\u5f37\u70c8\u306a\u5473\u3092\u5b9f\u73fe\u3059\u308b\u30e1\u30c3\u30b7\u30e5 \u30b3\u30a4\u30eb\u3092\u5099\u3048\u305f\u4f7f\u3044\u6368\u3066\u30c7\u30d0\u30a4\u30b9\u3002 \u30b3\u30f3\u30d1\u30af\u30c8\u3067\u30e6\u30fc\u30b6\u30fc\u30d5\u30ec\u30f3\u30c9\u30ea\u30fc\u3067\u3001\u3055\u307e\u3056\u307e\u306a\u30d5\u30ec\u30fc\u30d0\u30fc\u3067\u5229\u7528\u3067\u304d\u307e\u3059\u3002<\/p>","protected":false},"featured_media":8708,"comment_status":"open","ping_status":"closed","template":"","meta":[],"product_brand":[1180],"product_cat":[1174],"product_tag":[989,959],"class_list":{"0":"post-8700","1":"product","2":"type-product","3":"status-publish","4":"has-post-thumbnail","6":"product_brand-bang","7":"product_cat-18000-puffs","8":"product_tag-18k-puffs","9":"product_tag-more-than-10kpuffs","11":"first","12":"instock","13":"sale","14":"shipping-taxable","15":"purchasable","16":"product-type-variable"},"yoast_head":"<!-- This site is optimized with the Yoast SEO plugin v25.8 - https:\/\/yoast.com\/wordpress\/plugins\/seo\/ -->\n<title>Bang Crown Bar 18000 Puffs Leather 20ml Einweg-E-Zigarette Original - ShopVapor<\/title>\n<meta name=\"description\" content=\"Bang Crown Bar 18000 Puffs: Einwegger\u00e4t mit bis zu 18000 Z\u00fcgen, 24 ml E-Liquid, 5 % Nikotinst\u00e4rke, 650 mAh wiederaufladbarem Akku und Mesh-Coil-Technologie f\u00fcr intensiven Geschmack. Kompakt, benutzerfreundlich und in vielf\u00e4ltigen Aromen erh\u00e4ltlich.\" \/>\n<meta name=\"robots\" content=\"index, follow, max-snippet:-1, max-image-preview:large, max-video-preview:-1\" \/>\n<link rel=\"canonical\" href=\"https:\/\/shopvapor.de\/ja\/product\/\u30d0\u30f3-\u30af\u30e9\u30a6\u30f3-\u30d0\u30fc-18000-\u30d1\u30d5-\u30ec\u30b6\u30fc-20ml-\u4f7f\u3044\u6368\u3066-e-\u30bf\u30d0\u30b3\/\" \/>\n<meta property=\"og:locale\" content=\"ja_JP\" \/>\n<meta property=\"og:type\" content=\"article\" \/>\n<meta property=\"og:title\" content=\"Bang Crown Bar 18000 Puffs Leather 20ml Einweg-E-Zigarette Original - ShopVapor\" \/>\n<meta property=\"og:description\" content=\"Bang Crown Bar 18000 Puffs: Einwegger\u00e4t mit bis zu 18000 Z\u00fcgen, 24 ml E-Liquid, 5 % Nikotinst\u00e4rke, 650 mAh wiederaufladbarem Akku und Mesh-Coil-Technologie f\u00fcr intensiven Geschmack. Kompakt, benutzerfreundlich und in vielf\u00e4ltigen Aromen erh\u00e4ltlich.\" \/>\n<meta property=\"og:url\" content=\"https:\/\/shopvapor.de\/ja\/product\/\u30d0\u30f3-\u30af\u30e9\u30a6\u30f3-\u30d0\u30fc-18000-\u30d1\u30d5-\u30ec\u30b6\u30fc-20ml-\u4f7f\u3044\u6368\u3066-e-\u30bf\u30d0\u30b3\/\" \/>\n<meta property=\"og:site_name\" content=\"ShopVapor\" \/>\n<meta property=\"article:modified_time\" content=\"2025-07-15T08:53:32+00:00\" \/>\n<meta property=\"og:image\" content=\"https:\/\/shopvapor.de\/wp-content\/uploads\/2025\/07\/bang-crown-bar-18000-puffs-leather-20ml-einweg-e-zigarette-original-14.png\" \/>\n\t<meta property=\"og:image:width\" content=\"1000\" \/>\n\t<meta property=\"og:image:height\" content=\"1000\" \/>\n\t<meta property=\"og:image:type\" content=\"image\/png\" \/>\n<meta name=\"twitter:card\" content=\"summary_large_image\" \/>\n<meta name=\"twitter:label1\" content=\"\u63a8\u5b9a\u8aad\u307f\u53d6\u308a\u6642\u9593\" \/>\n\t<meta name=\"twitter:data1\" content=\"4\u5206\" \/>\n<!-- \/ Yoast SEO plugin. -->","yoast_head_json":{"title":"\u30d0\u30f3 \u30af\u30e9\u30a6\u30f3 \u30d0\u30fc 18000 \u30d1\u30d5 \u30ec\u30b6\u30fc 20ml \u4f7f\u3044\u6368\u3066\u96fb\u5b50\u30bf\u30d0\u30b3 \u30aa\u30ea\u30b8\u30ca\u30eb - ShopVapor","description":"Bang Crown Bar 18000 Puffs: \u6700\u5927 18000 \u5217\u306e\u5217\u8eca\u300124 ml \u306e\u96fb\u5b50\u6db2\u4f53\u30015 \u3064\u306e % \u30cb\u30b3\u30c1\u30f3\u5f37\u5ea6\u3001650 mAh \u306e\u5145\u96fb\u5f0f\u30d0\u30c3\u30c6\u30ea\u30fc\u3068\u5f37\u70c8\u306a\u5473\u3092\u5b9f\u73fe\u3059\u308b\u30e1\u30c3\u30b7\u30e5 \u30b3\u30a4\u30eb\u3092\u5099\u3048\u305f\u4f7f\u3044\u6368\u3066\u30c7\u30d0\u30a4\u30b9\u3002 \u30b3\u30f3\u30d1\u30af\u30c8\u3067\u30e6\u30fc\u30b6\u30fc\u30d5\u30ec\u30f3\u30c9\u30ea\u30fc\u3067\u3001\u3055\u307e\u3056\u307e\u306a\u30d5\u30ec\u30fc\u30d0\u30fc\u3067\u5229\u7528\u3067\u304d\u307e\u3059\u3002","robots":{"index":"index","follow":"follow","max-snippet":"max-snippet:-1","max-image-preview":"max-image-preview:large","max-video-preview":"max-video-preview:-1"},"canonical":"https:\/\/shopvapor.de\/ja\/product\/\u30d0\u30f3-\u30af\u30e9\u30a6\u30f3-\u30d0\u30fc-18000-\u30d1\u30d5-\u30ec\u30b6\u30fc-20ml-\u4f7f\u3044\u6368\u3066-e-\u30bf\u30d0\u30b3\/","og_locale":"ja_JP","og_type":"article","og_title":"Bang Crown Bar 18000 Puffs Leather 20ml Einweg-E-Zigarette Original - ShopVapor","og_description":"Bang Crown Bar 18000 Puffs: Einwegger\u00e4t mit bis zu 18000 Z\u00fcgen, 24 ml E-Liquid, 5 % Nikotinst\u00e4rke, 650 mAh wiederaufladbarem Akku und Mesh-Coil-Technologie f\u00fcr intensiven Geschmack. Kompakt, benutzerfreundlich und in vielf\u00e4ltigen Aromen erh\u00e4ltlich.","og_url":"https:\/\/shopvapor.de\/ja\/product\/\u30d0\u30f3-\u30af\u30e9\u30a6\u30f3-\u30d0\u30fc-18000-\u30d1\u30d5-\u30ec\u30b6\u30fc-20ml-\u4f7f\u3044\u6368\u3066-e-\u30bf\u30d0\u30b3\/","og_site_name":"ShopVapor","article_modified_time":"2025-07-15T08:53:32+00:00","og_image":[{"width":1000,"height":1000,"url":"https:\/\/shopvapor.de\/wp-content\/uploads\/2025\/07\/bang-crown-bar-18000-puffs-leather-20ml-einweg-e-zigarette-original-14.png","type":"image\/png"}],"twitter_card":"summary_large_image","twitter_misc":{"\u63a8\u5b9a\u8aad\u307f\u53d6\u308a\u6642\u9593":"4\u5206"},"schema":{"@context":"https:\/\/schema.org","@graph":[{"@type":"WebPage","@id":"https:\/\/shopvapor.de\/produkt\/bang-crown-bar-18000-puffs-leather-20ml-einweg-e-zigarette-original\/","url":"https:\/\/shopvapor.de\/produkt\/bang-crown-bar-18000-puffs-leather-20ml-einweg-e-zigarette-original\/","name":"\u30d0\u30f3 \u30af\u30e9\u30a6\u30f3 \u30d0\u30fc 18000 \u30d1\u30d5 \u30ec\u30b6\u30fc 20ml \u4f7f\u3044\u6368\u3066\u96fb\u5b50\u30bf\u30d0\u30b3 \u30aa\u30ea\u30b8\u30ca\u30eb - ShopVapor","isPartOf":{"@id":"https:\/\/shopvapor.de\/#website"},"primaryImageOfPage":{"@id":"https:\/\/shopvapor.de\/produkt\/bang-crown-bar-18000-puffs-leather-20ml-einweg-e-zigarette-original\/#primaryimage"},"image":{"@id":"https:\/\/shopvapor.de\/produkt\/bang-crown-bar-18000-puffs-leather-20ml-einweg-e-zigarette-original\/#primaryimage"},"thumbnailUrl":"https:\/\/shopvapor.de\/wp-content\/uploads\/2025\/07\/bang-crown-bar-18000-puffs-leather-20ml-einweg-e-zigarette-original-14.png","datePublished":"2025-07-02T04:18:52+00:00","dateModified":"2025-07-15T08:53:32+00:00","description":"Bang Crown Bar 18000 Puffs: \u6700\u5927 18000 \u5217\u306e\u5217\u8eca\u300124 ml \u306e\u96fb\u5b50\u6db2\u4f53\u30015 \u3064\u306e % \u30cb\u30b3\u30c1\u30f3\u5f37\u5ea6\u3001650 mAh \u306e\u5145\u96fb\u5f0f\u30d0\u30c3\u30c6\u30ea\u30fc\u3068\u5f37\u70c8\u306a\u5473\u3092\u5b9f\u73fe\u3059\u308b\u30e1\u30c3\u30b7\u30e5 \u30b3\u30a4\u30eb\u3092\u5099\u3048\u305f\u4f7f\u3044\u6368\u3066\u30c7\u30d0\u30a4\u30b9\u3002 \u30b3\u30f3\u30d1\u30af\u30c8\u3067\u30e6\u30fc\u30b6\u30fc\u30d5\u30ec\u30f3\u30c9\u30ea\u30fc\u3067\u3001\u3055\u307e\u3056\u307e\u306a\u30d5\u30ec\u30fc\u30d0\u30fc\u3067\u5229\u7528\u3067\u304d\u307e\u3059\u3002","breadcrumb":{"@id":"https:\/\/shopvapor.de\/produkt\/bang-crown-bar-18000-puffs-leather-20ml-einweg-e-zigarette-original\/#breadcrumb"},"inLanguage":"ja","potentialAction":[{"@type":"ReadAction","target":["https:\/\/shopvapor.de\/produkt\/bang-crown-bar-18000-puffs-leather-20ml-einweg-e-zigarette-original\/"]}]},{"@type":"ImageObject","inLanguage":"ja","@id":"https:\/\/shopvapor.de\/produkt\/bang-crown-bar-18000-puffs-leather-20ml-einweg-e-zigarette-original\/#primaryimage","url":"https:\/\/shopvapor.de\/wp-content\/uploads\/2025\/07\/bang-crown-bar-18000-puffs-leather-20ml-einweg-e-zigarette-original-14.png","contentUrl":"https:\/\/shopvapor.de\/wp-content\/uploads\/2025\/07\/bang-crown-bar-18000-puffs-leather-20ml-einweg-e-zigarette-original-14.png","width":1000,"height":1000},{"@type":"BreadcrumbList","@id":"https:\/\/shopvapor.de\/produkt\/bang-crown-bar-18000-puffs-leather-20ml-einweg-e-zigarette-original\/#breadcrumb","itemListElement":[{"@type":"ListItem","position":1,"name":"Startseite","item":"https:\/\/shopvapor.de\/"},{"@type":"ListItem","position":2,"name":"Shop","item":"https:\/\/shopvapor.de\/shop\/"},{"@type":"ListItem","position":3,"name":"Bang Crown Bar 18000 Puffs Leather 20ml Einweg-E-Zigarette Original"}]},{"@type":"WebSite","@id":"https:\/\/shopvapor.de\/#website","url":"https:\/\/shopvapor.de\/","name":"\u30b7\u30e7\u30c3\u30d7\u30d9\u30fc\u30d1\u30fc","description":"","potentialAction":[{"@type":"SearchAction","target":{"@type":"EntryPoint","urlTemplate":"https:\/\/shopvapor.de\/?s={search_term_string}"},"query-input":{"@type":"PropertyValueSpecification","valueRequired":true,"valueName":"search_term_string"}}],"inLanguage":"ja"}]}},"_links":{"self":[{"href":"https:\/\/shopvapor.de\/ja\/wp-json\/wp\/v2\/product\/8700","targetHints":{"allow":["GET"]}}],"collection":[{"href":"https:\/\/shopvapor.de\/ja\/wp-json\/wp\/v2\/product"}],"about":[{"href":"https:\/\/shopvapor.de\/ja\/wp-json\/wp\/v2\/types\/product"}],"replies":[{"embeddable":true,"href":"https:\/\/shopvapor.de\/ja\/wp-json\/wp\/v2\/comments?post=8700"}],"version-history":[{"count":1,"href":"https:\/\/shopvapor.de\/ja\/wp-json\/wp\/v2\/product\/8700\/revisions"}],"predecessor-version":[{"id":11398,"href":"https:\/\/shopvapor.de\/ja\/wp-json\/wp\/v2\/product\/8700\/revisions\/11398"}],"wp:featuredmedia":[{"embeddable":true,"href":"https:\/\/shopvapor.de\/ja\/wp-json\/wp\/v2\/media\/8708"}],"wp:attachment":[{"href":"https:\/\/shopvapor.de\/ja\/wp-json\/wp\/v2\/media?parent=8700"}],"wp:term":[{"taxonomy":"product_brand","embeddable":true,"href":"https:\/\/shopvapor.de\/ja\/wp-json\/wp\/v2\/product_brand?post=8700"},{"taxonomy":"product_cat","embeddable":true,"href":"https:\/\/shopvapor.de\/ja\/wp-json\/wp\/v2\/product_cat?post=8700"},{"taxonomy":"product_tag","embeddable":true,"href":"https:\/\/shopvapor.de\/ja\/wp-json\/wp\/v2\/product_tag?post=8700"}],"curies":[{"name":"wp","href":"https:\/\/api.w.org\/{rel}","templated":true}]}}