{"id":8783,"date":"2025-07-02T04:19:51","date_gmt":"2025-07-02T04:19:51","guid":{"rendered":"https:\/\/shopvapor.de\/?post_type=product&#038;p=8783"},"modified":"2025-07-15T08:52:09","modified_gmt":"2025-07-15T08:52:09","slug":"bang-20000-20k-%e3%83%91%e3%83%95-%e3%82%b9%e3%83%9e%e3%83%bc%e3%83%88-%e3%82%b9%e3%82%af%e3%83%aa%e3%83%bc%e3%83%b3-29ml-%e4%bd%bf%e3%81%84%e6%8d%a8%e3%81%a6-e-%e3%82%bf%e3%83%90%e3%82%b3-%e3%82%aa","status":"publish","type":"product","link":"https:\/\/shopvapor.de\/ja\/product\/bang-20000-20k-%e3%83%91%e3%83%95-%e3%82%b9%e3%83%9e%e3%83%bc%e3%83%88-%e3%82%b9%e3%82%af%e3%83%aa%e3%83%bc%e3%83%b3-29ml-%e4%bd%bf%e3%81%84%e6%8d%a8%e3%81%a6-e-%e3%82%bf%e3%83%90%e3%82%b3-%e3%82%aa\/","title":{"rendered":"\u30d0\u30f3\u30b020000 20K\u30d1\u30d5\u30b9\u30de\u30fc\u30c8\u30b9\u30af\u30ea\u30fc\u30f329\u30df\u30ea\u30ea\u30c3\u30c8\u30eb\u4f7f\u3044\u6368\u3066\u96fb\u5b50\u30bf\u30d0\u30b3\u30aa\u30ea\u30b8\u30ca\u30eb"},"content":{"rendered":"<h2>\u30b6\u30fb\u30d0\u30f3\u30b0 20000 \u306e\u7d39\u4ecb<\/h2>\n<p>Bang 20000 \u306f\u3001\u9ad8\u54c1\u8cea\u3067\u4f7f\u3044\u6368\u3066\u96fb\u5b50\u30bf\u30d0\u30b3\u88fd\u54c1\u3067\u3001\u5f37\u70c8\u306a\u697d\u3057\u307f\u3068\u9577\u6301\u3061\u3059\u308b\u3088\u3046\u306b\u8a2d\u8a08\u3055\u308c\u3066\u3044\u307e\u3059\u3002 \u512a\u308c\u305f\u5bb9\u91cf\u3068\u6700\u5148\u7aef\u306e\u30c6\u30af\u30ce\u30ed\u30b8\u30fc\u306b\u3088\u308a\u3001\u3053\u306e\u30c7\u30d0\u30a4\u30b9\u306f\u8981\u6c42\u306e\u53b3\u3057\u3044\u30e6\u30fc\u30b6\u30fc\u306b\u4fe1\u983c\u3067\u304d\u308b\u30d1\u30d5\u30a9\u30fc\u30de\u30f3\u30b9\u3092\u63d0\u4f9b\u3057\u307e\u3059\u3002 Bang \u30d6\u30e9\u30f3\u30c9\u306f\u54c1\u8cea\u3068\u9769\u65b0\u6027\u3092\u8868\u3057\u3066\u304a\u308a\u3001Bang 20000 \u306f\u3053\u308c\u3089\u306e\u4fa1\u5024\u3092\u30b3\u30f3\u30d1\u30af\u30c8\u3067\u4f7f\u3044\u3084\u3059\u3044\u30c7\u30b6\u30a4\u30f3\u306b\u307e\u3068\u3081\u3066\u3044\u307e\u3059\u3002 \u5e45\u5e83\u3044\u30d5\u30ec\u30fc\u30d0\u30fc\u304b\u3089\u5805\u7262\u306a\u69cb\u9020\u307e\u3067\u3001\u3053\u306e\u88fd\u54c1\u306f\u6bd4\u985e\u306e\u306a\u3044\u4f53\u9a13\u3092\u63d0\u4f9b\u3059\u308b\u3088\u3046\u306b\u8a2d\u8a08\u3055\u308c\u3066\u3044\u307e\u3059\u3002<\/p>\n<h2>\u88fd\u54c1\u30d1\u30e9\u30e1\u30fc\u30bf\u30fc\u8a73\u7d30<\/h2>\n<p>Bang 20000 \u306f\u3001\u8010\u4e45\u6027\u3068\u30e6\u30fc\u30b6\u30fc\u306e\u5feb\u9069\u3055\u3092\u8003\u616e\u3057\u3066\u8a2d\u8a08\u3055\u308c\u305f\u6280\u8853\u4ed5\u69d8\u3092\u5b9f\u73fe\u3057\u307e\u3059\u3002 \u4ee5\u4e0b\u306f\u3001\u500b\u3005\u306e\u30d1\u30e9\u30e1\u30fc\u30bf\u3068\u305d\u306e\u5229\u70b9\u306e\u8a73\u7d30\u306a\u5185\u8a33\u3067\u3059\u3002<\/p>\n<h3>\u30d0\u30c3\u30c6\u30ea\u30fc\u5bb9\u91cf: 550 mAh<\/h3>\n<p>\u5185\u8535\u306e 550mAh \u30d0\u30c3\u30c6\u30ea\u30fc\u306f\u3001\u6700\u5927 20,000 \u5217\u306e\u5217\u8eca\u306b\u4fe1\u983c\u3067\u304d\u308b\u96fb\u6e90\u3092\u63d0\u4f9b\u3057\u307e\u3059\u3002 \u3053\u306e\u5927\u5bb9\u91cf\u306b\u3088\u308a\u3001\u30c7\u30d0\u30a4\u30b9\u304c\u983b\u7e41\u306b\u5145\u96fb\u3055\u308c\u308b\u3053\u3068\u306a\u304f\u9577\u6642\u9593\u52d5\u4f5c\u3059\u308b\u3053\u3068\u304c\u4fdd\u8a3c\u3055\u308c\u307e\u3059\u3002 \u52b9\u7387\u7684\u306a\u30a8\u30cd\u30eb\u30ae\u30fc\u7ba1\u7406\u306e\u304a\u304b\u3052\u3067\u3001\u96c6\u4e2d\u7684\u306b\u4f7f\u7528\u3057\u3066\u3082\u3001\u30d1\u30d5\u30a9\u30fc\u30de\u30f3\u30b9\u306f\u4e00\u5b9a\u306b\u4fdd\u305f\u308c\u307e\u3059\u3002<\/p>\n<h3>\u96fb\u8eca: 20,000 \u307e\u3067<\/h3>\n<p>\u6700\u5927 20,000 \u5217\u306e\u5217\u8eca\u306e\u5bb9\u91cf\u3092\u6301\u3064 Bang 20000 \u306f\u3001\u4f7f\u3044\u6368\u3066\u96fb\u5b50\u30bf\u30d0\u30b3\u306e\u30ab\u30c6\u30b4\u30ea\u30fc\u306b\u65b0\u3057\u3044\u57fa\u6e96\u3092\u8a2d\u5b9a\u3057\u307e\u3059\u3002 \u3053\u306e\u81a8\u5927\u306a\u6570\u306e\u5217\u8eca\u306b\u3088\u308a\u3001\u3053\u306e\u30c7\u30d0\u30a4\u30b9\u306f\u3001\u5e38\u306b\u4ea4\u63db\u3059\u308b\u5fc5\u8981\u306e\u306a\u3044\u8010\u4e45\u6027\u306e\u3042\u308b\u88fd\u54c1\u3092\u63a2\u3057\u3066\u3044\u308b\u30e6\u30fc\u30b6\u30fc\u306b\u3068\u3063\u3066\u7406\u60f3\u7684\u3067\u3059\u3002<\/p>\n<h3>\u6db2\u5bb9\u91cf: 29 ml<\/h3>\n<p>29 ml \u306e\u96fb\u5b50\u6db2\u4f53\u306e\u5bb9\u91cf\u306f\u3001\u518d\u5145\u586b\u306a\u3057\u3067\u9577\u6301\u3061\u3057\u307e\u3059\u3002 \u3053\u306e\u91cf\u306f\u300120,000 \u5217\u306e\u5217\u8eca\u3092\u30b5\u30dd\u30fc\u30c8\u3059\u308b\u3088\u3046\u306b\u5b8c\u5168\u306b\u8abf\u6574\u3055\u308c\u3066\u304a\u308a\u3001\u6700\u521d\u304b\u3089\u6700\u5f8c\u307e\u3067\u4e00\u8cab\u3057\u305f\u5473\u306e\u54c1\u8cea\u3092\u4fdd\u8a3c\u3057\u307e\u3059\u3002<\/p>\n<h3>\u62b5\u6297: 1.0 \u30aa\u30fc\u30e0<\/h3>\n<p>Bang 20000 \u306f\u3001\u30d5\u30ec\u30fc\u30d0\u30fc\u3068\u84b8\u6c17\u306e\u751f\u6210\u306e\u30d0\u30e9\u30f3\u30b9\u3092\u6700\u9069\u5316\u3059\u308b 1.0 \u30aa\u30fc\u30e0\u306e\u30b3\u30a4\u30eb\u3092\u4f7f\u7528\u3057\u3066\u3044\u307e\u3059\u3002 \u3053\u306e\u62b5\u6297\u306b\u3088\u308a\u3001\u96fb\u5b50\u6db2\u4f53\u306e\u5747\u4e00\u306a\u52a0\u71b1\u304c\u4fdd\u8a3c\u3055\u308c\u3001\u5f37\u70c8\u3067\u4e00\u8cab\u3057\u305f\u5473\u306e\u4f53\u9a13\u304c\u5f97\u3089\u308c\u307e\u3059\u3002<\/p>\n<h3>\u30e1\u30c3\u30b7\u30e5\u30b3\u30a4\u30eb\u6280\u8853<\/h3>\n<p>\u9ad8\u5ea6\u306a\u30e1\u30c3\u30b7\u30e5 \u30b3\u30a4\u30eb\u6280\u8853\u306b\u3088\u308a\u3001\u30d5\u30ec\u30fc\u30d0\u30fc\u306e\u8ee2\u5199\u3068\u84b8\u767a\u306e\u52b9\u7387\u304c\u5411\u4e0a\u3057\u307e\u3059\u3002 \u30b3\u30a4\u30eb\u306e\u8868\u9762\u304c\u5927\u304d\u3044\u307b\u3069\u3001\u96fb\u5b50\u6db2\u4f53\u304c\u3088\u308a\u5747\u7b49\u306b\u52a0\u71b1\u3055\u308c\u3001\u5473\u306e\u5f37\u3055\u3068\u7d14\u5ea6\u304c\u9ad8\u307e\u308a\u307e\u3059\u3002<\/p>\n<h3>\u5145\u96fb: Type-C \u5145\u96fb\u5f0f<\/h3>\n<p>Bang 20000 \u306b\u306f\u3001\u8fc5\u901f\u304b\u3064\u5b89\u5168\u306a\u5145\u96fb\u3092\u53ef\u80fd\u306b\u3059\u308b\u6700\u65b0\u306e Type-C \u30dd\u30fc\u30c8\u304c\u88c5\u5099\u3055\u308c\u3066\u3044\u307e\u3059\u3002 \u3053\u306e\u6280\u8853\u306f\u3001\u4f7f\u3044\u3084\u3059\u3044\u3060\u3051\u3067\u306a\u304f\u3001\u5e83\u304f\u4f7f\u7528\u3055\u308c\u3066\u3044\u308b\u305f\u3081\u3001\u4e92\u63db\u6027\u306e\u3042\u308b\u30b1\u30fc\u30d6\u30eb\u3092\u3059\u3050\u306b\u5229\u7528\u3067\u304d\u307e\u3059\u3002<\/p>\n<h3>LED \u30ab\u30e9\u30fc\u30e9\u30a4\u30c8<\/h3>\n<p>\u7d71\u5408\u3055\u308c\u305f LED \u30ab\u30e9\u30fc \u30e9\u30a4\u30c8\u306f\u3001Bang 20000 \u306b\u30e2\u30c0\u30f3\u3067\u9b45\u529b\u7684\u306a\u30c7\u30b6\u30a4\u30f3\u3092\u63d0\u4f9b\u3057\u307e\u3059\u3002 \u52d5\u4f5c\u72b6\u614b\u3092\u77e5\u3089\u305b\u3001\u30c7\u30d0\u30a4\u30b9\u306b\u7f8e\u7684\u30bf\u30c3\u30c1\u3092\u52a0\u3048\u307e\u3059\u3002\u3053\u308c\u306f\u3001\u30b9\u30bf\u30a4\u30eb\u3092\u91cd\u8996\u3059\u308b\u30e6\u30fc\u30b6\u30fc\u306b\u7279\u306b\u4eba\u6c17\u304c\u3042\u308a\u307e\u3059\u3002<\/p>\n<h2>\u5473<\/h2>\n<p>Bang 20000 \u306f\u3001\u3042\u3089\u3086\u308b\u5473\u306b\u5408\u3046\u5e45\u5e83\u3044\u30d5\u30ec\u30fc\u30d0\u30fc\u3092\u63d0\u4f9b\u3057\u307e\u3059\u3002 \u30d5\u30eb\u30fc\u30c6\u30a3\u30fc\u306a\u3082\u306e\u304b\u3089\u723d\u3084\u304b\u306a\u30ce\u30fc\u30c8\u307e\u3067\u3001\u305d\u308c\u305e\u308c\u306e\u30d0\u30ea\u30a8\u30fc\u30b7\u30e7\u30f3\u306f\u3001\u5f37\u70c8\u3067\u672c\u683c\u7684\u306a\u4f53\u9a13\u3092\u63d0\u4f9b\u3059\u308b\u3088\u3046\u306b\u614e\u91cd\u306b\u8a2d\u8a08\u3055\u308c\u3066\u3044\u307e\u3059\u3002 \u5229\u7528\u53ef\u80fd\u306a\u30d5\u30ec\u30fc\u30d0\u30fc\u306f\u6b21\u306e\u3068\u304a\u308a\u3067\u3059\u3002<\/p>\n<ul>\n<li>\u30df\u30f3\u30c8<\/li>\n<li>\u30b9\u30c8\u30ed\u30d9\u30ea\u30fc\u30e9\u30a4\u30c1<\/li>\n<li>\u30b9\u30c8\u30ed\u30d9\u30ea\u30fc\u30fb\u30ad\u30a6\u30a4<\/li>\n<li>\u30b9\u30c8\u30ed\u30d9\u30ea\u30fc\u30fb\u30b9\u30a4\u30ab<\/li>\n<li>\u30ec\u30c3\u30c9\u30d6\u30eb<\/li>\n<li>\u30df\u30c3\u30af\u30b9\u30d5\u30eb\u30fc\u30c4<\/li>\n<li>\u30d6\u30eb\u30fc\u30d9\u30ea\u30fc\u30a2\u30a4\u30b9<\/li>\n<li>\u30d6\u30eb\u30fc\u30d9\u30ea\u30fc\u30fb\u30e9\u30ba\u30d9\u30ea\u30fc<\/li>\n<li>\u30d6\u30eb\u30fc\u30d9\u30ea\u30fc \u30b9\u30a4\u30ab<\/li>\n<li>\u30b0\u30ec\u30fc\u30d7\u30a2\u30a4\u30b9<\/li>\n<li>\u30d4\u30fc\u30c1\u30fb\u30a2\u30a4\u30b9<\/li>\n<li>\u30b9\u30a4\u30ab<\/li>\n<li>\u30e9\u30ba\u30d9\u30ea\u30fc\u30b9\u30a4\u30ab<\/li>\n<li>\u30b9\u30c8\u30ed\u30d9\u30ea\u30fc\u30de\u30f3\u30b4\u30fc<\/li>\n<li>\u30c0\u30d6\u30eb\u30a2\u30c3\u30d7\u30eb<\/li>\n<li>\u30de\u30f3\u30b4\u30fc\u30d4\u30fc\u30c1\u30b9\u30a4\u30ab<\/li>\n<\/ul>\n<h2>\u3088\u304f\u3042\u308b\u8cea\u554f (FAQ)<\/h2>\n<p>\u3053\u3053\u3067\u306f\u3001\u304a\u5ba2\u69d8\u304c Bang 20000 \u306b\u3064\u3044\u3066\u3088\u304f\u3042\u308b\u8cea\u554f\u306b\u7b54\u3048\u307e\u3059\u3002<\/p>\n<p><strong>\u30d0\u30f3\u30b0 20000 \u30d0\u30c3\u30c6\u30ea\u30fc\u306f\u3069\u306e\u304f\u3089\u3044\u6301\u3061\u307e\u3059\u304b?<\/strong><br \/>\n550 mAh \u30d0\u30c3\u30c6\u30ea\u30fc\u306f\u3001\u6700\u5927 20,000 \u5217\u306e\u5217\u8eca\u3092\u30b5\u30dd\u30fc\u30c8\u3059\u308b\u3088\u3046\u306b\u8a2d\u8a08\u3055\u308c\u3066\u3044\u307e\u3059\u3002 \u5b9f\u969b\u306e\u5bff\u547d\u306f\u4f7f\u7528\u983b\u5ea6\u306b\u3088\u3063\u3066\u7570\u306a\u308a\u307e\u3059\u304c\u3001Type-C \u30dd\u30fc\u30c8\u3092\u4ecb\u3057\u3066\u5fc5\u8981\u306b\u5fdc\u3058\u3066\u30c7\u30d0\u30a4\u30b9\u3092\u3059\u3070\u3084\u304f\u518d\u5145\u96fb\u3067\u304d\u307e\u3059\u3002<\/p>\n<p><strong>Bang 20000 \u306f\u65e5\u5e38\u4f7f\u7528\u306b\u9069\u3057\u3066\u3044\u307e\u3059\u304b?<\/strong><br \/>\n\u306f\u3044\u3001Bang 20000 \u306f\u6bce\u65e5\u306e\u4f7f\u7528\u306b\u6700\u9069\u3067\u3059\u3002 29 ml \u306e\u30ea\u30ad\u30c3\u30c9\u3068\u6700\u5927 20,000 \u5217\u306e\u5217\u8eca\u306e\u5bb9\u91cf\u3092\u5099\u3048\u305f\u3053\u306e\u88fd\u54c1\u306f\u3001\u983b\u7e41\u306b\u4f7f\u7528\u3057\u3066\u3082\u4fe1\u983c\u6027\u306e\u9ad8\u3044\u9577\u6301\u3061\u3059\u308b\u4f7f\u7528\u3092\u63d0\u4f9b\u3057\u307e\u3059\u3002<\/p>\n<p><strong>\u5473\u3092\u5909\u3048\u3066\u3082\u3044\u3044\u3067\u3059\u304b\uff1f<\/strong><br \/>\nBang 20000 \u306f\u4f7f\u3044\u6368\u3066\u88fd\u54c1\u306a\u306e\u3067\u3001\u30d5\u30ec\u30fc\u30d0\u30fc\u306f\u56fa\u5b9a\u3055\u308c\u3066\u3044\u307e\u3059\u3002 \u305f\u3060\u3057\u3001\u3055\u307e\u3056\u307e\u306a\u30d5\u30ec\u30fc\u30d0\u30fc\u3092\u63d0\u4f9b\u3057\u3066\u3044\u308b\u305f\u3081\u3001\u597d\u307f\u306b\u5408\u3063\u305f\u30d0\u30ea\u30a8\u30fc\u30b7\u30e7\u30f3\u3092\u898b\u3064\u3051\u308b\u3053\u3068\u304c\u3067\u304d\u307e\u3059\u3002<\/p>\n<p><strong>\u96fb\u5b50\u6db2\u4f53\u3092\u4f7f\u3044\u5207\u308b\u3068\u3069\u3046\u306a\u308b\u306e?<\/strong><br \/>\n\u96fb\u5b50\u6db2\u4f53\u3092\u4f7f\u3044\u5207\u308b\u3068\u3001\u30c7\u30d0\u30a4\u30b9\u306f\u4f7f\u3044\u6368\u3066\u88fd\u54c1\u3067\u3042\u308b\u305f\u3081\u3001\u518d\u5145\u586b\u3067\u304d\u307e\u305b\u3093\u3002 \u5730\u57df\u306e\u96fb\u5b50\u5ec3\u68c4\u7269\u306e\u898f\u5236\u306b\u5f93\u3063\u3066\u3001\u30c7\u30d0\u30a4\u30b9\u3092\u51e6\u5206\u3057\u3066\u304f\u3060\u3055\u3044\u3002<\/p>\n<p><strong>LED \u30e9\u30a4\u30c8\u306f\u30ab\u30b9\u30bf\u30de\u30a4\u30ba\u53ef\u80fd\u3067\u3059\u304b?<\/strong><br \/>\nLED \u30e9\u30a4\u30c8\u306f\u4e3b\u306b\u30b9\u30c6\u30fc\u30bf\u30b9\u8868\u793a\u306b\u4f7f\u7528\u3055\u308c\u3001\u30ab\u30b9\u30bf\u30de\u30a4\u30ba\u306f\u3067\u304d\u307e\u305b\u3093\u3002 \u305f\u3060\u3057\u3001\u30c7\u30d0\u30a4\u30b9\u306b\u30e2\u30c0\u30f3\u306a\u5916\u89b3\u3092\u4e0e\u3048\u307e\u3059\u3002<\/p>\n<p><strong>Bang 20000 \u3092\u6b63\u3057\u304f\u51e6\u5206\u3059\u308b\u306b\u306f\u3069\u3046\u3059\u308c\u3070\u3088\u3044\u3067\u3059\u304b?<\/strong><br \/>\nBang 20000 \u306f\u96fb\u5b50\u5ec3\u68c4\u7269\u3068\u3057\u3066\u51e6\u5206\u3059\u308b\u5fc5\u8981\u304c\u3042\u308a\u307e\u3059\u3002 \u30c7\u30d0\u30a4\u30b9\u3092\u96fb\u5316\u88fd\u54c1\u306e\u53ce\u96c6\u5834\u6240\u306b\u6301\u3063\u3066\u3044\u304f\u304b\u3001\u96fb\u6c60\u3084\u96fb\u5b50\u6a5f\u5668\u306e\u5ec3\u68c4\u306b\u95a2\u3059\u308b\u73fe\u5730\u306e\u30ac\u30a4\u30c9\u30e9\u30a4\u30f3\u306b\u5f93\u3063\u3066\u304f\u3060\u3055\u3044\u3002<\/p>","protected":false},"excerpt":{"rendered":"<p dir=\"auto\">20000 \u30d1\u30d5 20,000 \u30d1\u30d5\u307e\u3067\u306e\u4f7f\u3044\u6368\u3066\u96fb\u5b50\u30bf\u30d0\u30b3\u300120 ml \u96fb\u5b50\u6db2\u4f53\u30015 % \u30cb\u30b3\u30c1\u30f3\u5f37\u5ea6\u3001650 mAh \u306e\u5145\u96fb\u5f0f\u30d0\u30c3\u30c6\u30ea\u30fc\u3001\u30e1\u30c3\u30b7\u30e5 \u30b3\u30a4\u30eb\u6280\u8853\u3001\u8abf\u6574\u53ef\u80fd\u306a\u30a8\u30a2\u30d5\u30ed\u30fc\u3002 16 \u7a2e\u985e\u306e\u5f37\u70c8\u306a\u30d5\u30ec\u30fc\u30d0\u30fc\u3067\u3001\u9577\u6301\u3061\u3059\u308b\u9ad8\u54c1\u8cea\u306a\u4f53\u9a13\u3092\u304a\u697d\u3057\u307f\u3044\u305f\u3060\u3051\u307e\u3059\u3002<\/p>","protected":false},"featured_media":8800,"comment_status":"open","ping_status":"closed","template":"","meta":[],"product_brand":[1180],"product_cat":[1164],"product_tag":[957,959],"class_list":{"0":"post-8783","1":"product","2":"type-product","3":"status-publish","4":"has-post-thumbnail","6":"product_brand-bang","7":"product_cat-20000-puffs","8":"product_tag-20k-puffs","9":"product_tag-more-than-10kpuffs","11":"first","12":"instock","13":"sale","14":"shipping-taxable","15":"purchasable","16":"product-type-variable"},"yoast_head":"<!-- This site is optimized with the Yoast SEO plugin v25.8 - https:\/\/yoast.com\/wordpress\/plugins\/seo\/ -->\n<title>BANG 20000 20K Puffs Smart Screen 29ml Einweg-E-Zigarette Original - ShopVapor<\/title>\n<meta name=\"description\" content=\"BANG 20000 Puffs Einweg-E-Zigarette mit bis zu 20.000 Z\u00fcgen, 20 ml E-Liquid, 5 % Nikotinst\u00e4rke, 650 mAh wiederaufladbarer Batterie, Mesh-Coil-Technologie und einstellbarem Luftstrom. Erh\u00e4ltlich in 16 intensiven Geschmacksrichtungen f\u00fcr ein langanhaltendes, hochwertiges Erlebnis.\" \/>\n<meta name=\"robots\" content=\"index, follow, max-snippet:-1, max-image-preview:large, max-video-preview:-1\" \/>\n<link rel=\"canonical\" href=\"https:\/\/shopvapor.de\/ja\/product\/bang-20000-20k-\u30d1\u30d5-\u30b9\u30de\u30fc\u30c8-\u30b9\u30af\u30ea\u30fc\u30f3-29ml-\u4f7f\u3044\u6368\u3066-e-\u30bf\u30d0\u30b3-\u30aa\/\" \/>\n<meta property=\"og:locale\" content=\"ja_JP\" \/>\n<meta property=\"og:type\" content=\"article\" \/>\n<meta property=\"og:title\" content=\"BANG 20000 20K Puffs Smart Screen 29ml Einweg-E-Zigarette Original - ShopVapor\" \/>\n<meta property=\"og:description\" content=\"BANG 20000 Puffs Einweg-E-Zigarette mit bis zu 20.000 Z\u00fcgen, 20 ml E-Liquid, 5 % Nikotinst\u00e4rke, 650 mAh wiederaufladbarer Batterie, Mesh-Coil-Technologie und einstellbarem Luftstrom. Erh\u00e4ltlich in 16 intensiven Geschmacksrichtungen f\u00fcr ein langanhaltendes, hochwertiges Erlebnis.\" \/>\n<meta property=\"og:url\" content=\"https:\/\/shopvapor.de\/ja\/product\/bang-20000-20k-\u30d1\u30d5-\u30b9\u30de\u30fc\u30c8-\u30b9\u30af\u30ea\u30fc\u30f3-29ml-\u4f7f\u3044\u6368\u3066-e-\u30bf\u30d0\u30b3-\u30aa\/\" \/>\n<meta property=\"og:site_name\" content=\"ShopVapor\" \/>\n<meta property=\"article:modified_time\" content=\"2025-07-15T08:52:09+00:00\" \/>\n<meta property=\"og:image\" content=\"https:\/\/shopvapor.de\/wp-content\/uploads\/2025\/07\/bang-20000-20k-puffs-smart-screen-29ml-einweg-e-zigarette-original-7.jpg\" \/>\n\t<meta property=\"og:image:width\" content=\"1251\" \/>\n\t<meta property=\"og:image:height\" content=\"1554\" \/>\n\t<meta property=\"og:image:type\" content=\"image\/jpeg\" \/>\n<meta name=\"twitter:card\" content=\"summary_large_image\" \/>\n<meta name=\"twitter:label1\" content=\"\u63a8\u5b9a\u8aad\u307f\u53d6\u308a\u6642\u9593\" \/>\n\t<meta name=\"twitter:data1\" content=\"4\u5206\" \/>\n<!-- \/ Yoast SEO plugin. -->","yoast_head_json":{"title":"Bang 20000 20K \u30d1\u30d5 \u30b9\u30de\u30fc\u30c8 \u30b9\u30af\u30ea\u30fc\u30f3 29ml \u4f7f\u3044\u6368\u3066\u96fb\u5b50\u30bf\u30d0\u30b3 \u30aa\u30ea\u30b8\u30ca\u30eb - ShopVapor","description":"20000 \u30d1\u30d5 20,000 \u30d1\u30d5\u307e\u3067\u306e\u4f7f\u3044\u6368\u3066\u96fb\u5b50\u30bf\u30d0\u30b3\u300120 ml \u96fb\u5b50\u6db2\u4f53\u30015 % \u30cb\u30b3\u30c1\u30f3\u5f37\u5ea6\u3001650 mAh \u306e\u5145\u96fb\u5f0f\u30d0\u30c3\u30c6\u30ea\u30fc\u3001\u30e1\u30c3\u30b7\u30e5 \u30b3\u30a4\u30eb\u6280\u8853\u3001\u8abf\u6574\u53ef\u80fd\u306a\u30a8\u30a2\u30d5\u30ed\u30fc\u3002 16 \u7a2e\u985e\u306e\u5f37\u70c8\u306a\u30d5\u30ec\u30fc\u30d0\u30fc\u3067\u3001\u9577\u6301\u3061\u3059\u308b\u9ad8\u54c1\u8cea\u306a\u4f53\u9a13\u3092\u304a\u697d\u3057\u307f\u3044\u305f\u3060\u3051\u307e\u3059\u3002","robots":{"index":"index","follow":"follow","max-snippet":"max-snippet:-1","max-image-preview":"max-image-preview:large","max-video-preview":"max-video-preview:-1"},"canonical":"https:\/\/shopvapor.de\/ja\/product\/bang-20000-20k-\u30d1\u30d5-\u30b9\u30de\u30fc\u30c8-\u30b9\u30af\u30ea\u30fc\u30f3-29ml-\u4f7f\u3044\u6368\u3066-e-\u30bf\u30d0\u30b3-\u30aa\/","og_locale":"ja_JP","og_type":"article","og_title":"BANG 20000 20K Puffs Smart Screen 29ml Einweg-E-Zigarette Original - ShopVapor","og_description":"BANG 20000 Puffs Einweg-E-Zigarette mit bis zu 20.000 Z\u00fcgen, 20 ml E-Liquid, 5 % Nikotinst\u00e4rke, 650 mAh wiederaufladbarer Batterie, Mesh-Coil-Technologie und einstellbarem Luftstrom. Erh\u00e4ltlich in 16 intensiven Geschmacksrichtungen f\u00fcr ein langanhaltendes, hochwertiges Erlebnis.","og_url":"https:\/\/shopvapor.de\/ja\/product\/bang-20000-20k-\u30d1\u30d5-\u30b9\u30de\u30fc\u30c8-\u30b9\u30af\u30ea\u30fc\u30f3-29ml-\u4f7f\u3044\u6368\u3066-e-\u30bf\u30d0\u30b3-\u30aa\/","og_site_name":"ShopVapor","article_modified_time":"2025-07-15T08:52:09+00:00","og_image":[{"width":1251,"height":1554,"url":"https:\/\/shopvapor.de\/wp-content\/uploads\/2025\/07\/bang-20000-20k-puffs-smart-screen-29ml-einweg-e-zigarette-original-7.jpg","type":"image\/jpeg"}],"twitter_card":"summary_large_image","twitter_misc":{"\u63a8\u5b9a\u8aad\u307f\u53d6\u308a\u6642\u9593":"4\u5206"},"schema":{"@context":"https:\/\/schema.org","@graph":[{"@type":"WebPage","@id":"https:\/\/shopvapor.de\/produkt\/bang-20000-20k-puffs-smart-screen-29ml-einweg-e-zigarette-original\/","url":"https:\/\/shopvapor.de\/produkt\/bang-20000-20k-puffs-smart-screen-29ml-einweg-e-zigarette-original\/","name":"Bang 20000 20K \u30d1\u30d5 \u30b9\u30de\u30fc\u30c8 \u30b9\u30af\u30ea\u30fc\u30f3 29ml \u4f7f\u3044\u6368\u3066\u96fb\u5b50\u30bf\u30d0\u30b3 \u30aa\u30ea\u30b8\u30ca\u30eb - ShopVapor","isPartOf":{"@id":"https:\/\/shopvapor.de\/#website"},"primaryImageOfPage":{"@id":"https:\/\/shopvapor.de\/produkt\/bang-20000-20k-puffs-smart-screen-29ml-einweg-e-zigarette-original\/#primaryimage"},"image":{"@id":"https:\/\/shopvapor.de\/produkt\/bang-20000-20k-puffs-smart-screen-29ml-einweg-e-zigarette-original\/#primaryimage"},"thumbnailUrl":"https:\/\/shopvapor.de\/wp-content\/uploads\/2025\/07\/bang-20000-20k-puffs-smart-screen-29ml-einweg-e-zigarette-original-7.jpg","datePublished":"2025-07-02T04:19:51+00:00","dateModified":"2025-07-15T08:52:09+00:00","description":"20000 \u30d1\u30d5 20,000 \u30d1\u30d5\u307e\u3067\u306e\u4f7f\u3044\u6368\u3066\u96fb\u5b50\u30bf\u30d0\u30b3\u300120 ml \u96fb\u5b50\u6db2\u4f53\u30015 % \u30cb\u30b3\u30c1\u30f3\u5f37\u5ea6\u3001650 mAh \u306e\u5145\u96fb\u5f0f\u30d0\u30c3\u30c6\u30ea\u30fc\u3001\u30e1\u30c3\u30b7\u30e5 \u30b3\u30a4\u30eb\u6280\u8853\u3001\u8abf\u6574\u53ef\u80fd\u306a\u30a8\u30a2\u30d5\u30ed\u30fc\u3002 16 \u7a2e\u985e\u306e\u5f37\u70c8\u306a\u30d5\u30ec\u30fc\u30d0\u30fc\u3067\u3001\u9577\u6301\u3061\u3059\u308b\u9ad8\u54c1\u8cea\u306a\u4f53\u9a13\u3092\u304a\u697d\u3057\u307f\u3044\u305f\u3060\u3051\u307e\u3059\u3002","breadcrumb":{"@id":"https:\/\/shopvapor.de\/produkt\/bang-20000-20k-puffs-smart-screen-29ml-einweg-e-zigarette-original\/#breadcrumb"},"inLanguage":"ja","potentialAction":[{"@type":"ReadAction","target":["https:\/\/shopvapor.de\/produkt\/bang-20000-20k-puffs-smart-screen-29ml-einweg-e-zigarette-original\/"]}]},{"@type":"ImageObject","inLanguage":"ja","@id":"https:\/\/shopvapor.de\/produkt\/bang-20000-20k-puffs-smart-screen-29ml-einweg-e-zigarette-original\/#primaryimage","url":"https:\/\/shopvapor.de\/wp-content\/uploads\/2025\/07\/bang-20000-20k-puffs-smart-screen-29ml-einweg-e-zigarette-original-7.jpg","contentUrl":"https:\/\/shopvapor.de\/wp-content\/uploads\/2025\/07\/bang-20000-20k-puffs-smart-screen-29ml-einweg-e-zigarette-original-7.jpg","width":1251,"height":1554},{"@type":"BreadcrumbList","@id":"https:\/\/shopvapor.de\/produkt\/bang-20000-20k-puffs-smart-screen-29ml-einweg-e-zigarette-original\/#breadcrumb","itemListElement":[{"@type":"ListItem","position":1,"name":"Startseite","item":"https:\/\/shopvapor.de\/"},{"@type":"ListItem","position":2,"name":"Shop","item":"https:\/\/shopvapor.de\/shop\/"},{"@type":"ListItem","position":3,"name":"BANG 20000 20K Puffs Smart Screen 29ml Einweg-E-Zigarette Original"}]},{"@type":"WebSite","@id":"https:\/\/shopvapor.de\/#website","url":"https:\/\/shopvapor.de\/","name":"\u30b7\u30e7\u30c3\u30d7\u30d9\u30fc\u30d1\u30fc","description":"","potentialAction":[{"@type":"SearchAction","target":{"@type":"EntryPoint","urlTemplate":"https:\/\/shopvapor.de\/?s={search_term_string}"},"query-input":{"@type":"PropertyValueSpecification","valueRequired":true,"valueName":"search_term_string"}}],"inLanguage":"ja"}]}},"_links":{"self":[{"href":"https:\/\/shopvapor.de\/ja\/wp-json\/wp\/v2\/product\/8783","targetHints":{"allow":["GET"]}}],"collection":[{"href":"https:\/\/shopvapor.de\/ja\/wp-json\/wp\/v2\/product"}],"about":[{"href":"https:\/\/shopvapor.de\/ja\/wp-json\/wp\/v2\/types\/product"}],"replies":[{"embeddable":true,"href":"https:\/\/shopvapor.de\/ja\/wp-json\/wp\/v2\/comments?post=8783"}],"version-history":[{"count":1,"href":"https:\/\/shopvapor.de\/ja\/wp-json\/wp\/v2\/product\/8783\/revisions"}],"predecessor-version":[{"id":11397,"href":"https:\/\/shopvapor.de\/ja\/wp-json\/wp\/v2\/product\/8783\/revisions\/11397"}],"wp:featuredmedia":[{"embeddable":true,"href":"https:\/\/shopvapor.de\/ja\/wp-json\/wp\/v2\/media\/8800"}],"wp:attachment":[{"href":"https:\/\/shopvapor.de\/ja\/wp-json\/wp\/v2\/media?parent=8783"}],"wp:term":[{"taxonomy":"product_brand","embeddable":true,"href":"https:\/\/shopvapor.de\/ja\/wp-json\/wp\/v2\/product_brand?post=8783"},{"taxonomy":"product_cat","embeddable":true,"href":"https:\/\/shopvapor.de\/ja\/wp-json\/wp\/v2\/product_cat?post=8783"},{"taxonomy":"product_tag","embeddable":true,"href":"https:\/\/shopvapor.de\/ja\/wp-json\/wp\/v2\/product_tag?post=8783"}],"curies":[{"name":"wp","href":"https:\/\/api.w.org\/{rel}","templated":true}]}}