{"id":8872,"date":"2025-07-02T04:20:22","date_gmt":"2025-07-02T04:20:22","guid":{"rendered":"https:\/\/shopvapor.de\/?post_type=product&#038;p=8872"},"modified":"2025-07-15T08:51:01","modified_gmt":"2025-07-15T08:51:01","slug":"bang-tornado-12000-12k-%e3%83%91%e3%83%95-%e4%bd%bf%e3%81%84%e6%8d%a8%e3%81%a6-e-%e3%82%bf%e3%83%90%e3%82%b3-%e3%82%aa%e3%83%aa%e3%82%b8%e3%83%8a%e3%83%ab","status":"publish","type":"product","link":"https:\/\/shopvapor.de\/ja\/product\/bang-tornado-12000-12k-%e3%83%91%e3%83%95-%e4%bd%bf%e3%81%84%e6%8d%a8%e3%81%a6-e-%e3%82%bf%e3%83%90%e3%82%b3-%e3%82%aa%e3%83%aa%e3%82%b8%e3%83%8a%e3%83%ab\/","title":{"rendered":"Bang Tornado 12000 12K \u30d1\u30d5 \u4f7f\u3044\u6368\u3066\u96fb\u5b50\u30bf\u30d0\u30b3 \u30aa\u30ea\u30b8\u30ca\u30eb"},"content":{"rendered":"<h2>\u30d0\u30f3 \u30c8\u30eb\u30cd\u30fc\u30c9 12000 \u30d1\u30d5\u306e\u7d39\u4ecb<\/h2>\n<p>Bang Tornado 12000 Puffs \u306f\u3001\u9ad8\u54c1\u8cea\u3067\u9577\u6301\u3061\u3059\u308b\u96fb\u5b50\u30bf\u30d0\u30b3\u3092\u5438\u3044\u4e0a\u3052\u308b\u305f\u3081\u306b\u8a2d\u8a08\u3055\u308c\u305f\u9ad8\u54c1\u8cea\u306e\u4f7f\u3044\u6368\u3066\u96fb\u5b50\u30bf\u30d0\u30b3\u88fd\u54c1\u3067\u3059\u3002 \u6700\u5927 12000 \u5217\u306e\u5217\u8eca\u306e\u5370\u8c61\u7684\u306a\u5bb9\u91cf\u3092\u6301\u3064\u3053\u306e\u30c7\u30d0\u30a4\u30b9\u306f\u3001\u6700\u5148\u7aef\u306e\u30c6\u30af\u30ce\u30ed\u30b8\u30fc\u3001\u9b45\u529b\u7684\u306a\u30c7\u30b6\u30a4\u30f3\u3001\u3055\u307e\u3056\u307e\u306a\u30d5\u30ec\u30fc\u30d0\u30fc\u306e\u5b8c\u74a7\u306a\u7d44\u307f\u5408\u308f\u305b\u3092\u63d0\u4f9b\u3057\u307e\u3059\u3002 Bang \u30d6\u30e9\u30f3\u30c9\u306f\u54c1\u8cea\u3068\u4fe1\u983c\u6027\u3092\u8868\u3057\u3001\u5feb\u9069\u3055\u3068\u5473\u3092\u91cd\u8996\u3059\u308b\u8981\u6c42\u306e\u9ad8\u3044\u30e6\u30fc\u30b6\u30fc\u306b\u6700\u9069\u306a\u88fd\u54c1\u3067\u3059\u3002<\/p>\n<h2>\u88fd\u54c1\u30d1\u30e9\u30e1\u30fc\u30bf\u30fc\u8a73\u7d30<\/h2>\n<p>Bang Tornado 12000 Puffs \u306e\u6280\u8853\u4ed5\u69d8\u306f\u3001\u4e00\u8cab\u3057\u305f\u6027\u80fd\u3068\u4f7f\u3044\u3084\u3059\u3055\u3092\u78ba\u4fdd\u3059\u308b\u305f\u3081\u306b\u614e\u91cd\u306b\u8a2d\u8a08\u3055\u308c\u3066\u3044\u307e\u3059\u3002 \u4ee5\u4e0b\u306b\u3001\u500b\u3005\u306e\u30d1\u30e9\u30e1\u30fc\u30bf\u3068\u305d\u306e\u5229\u70b9\u306e\u8a73\u7d30\u306a\u6982\u8981\u3092\u793a\u3057\u307e\u3059\u3002<\/p>\n<h3>\u6db2\u91cf: 20 mL<\/h3>\n<p>Bang Tornado 12000 Puffs \u306b\u306f\u300120 ml \u306e\u30ea\u30ad\u30c3\u30c9\u3092\u5099\u3048\u305f\u5bdb\u5927\u306a\u30bf\u30f3\u30af\u304c\u3042\u308a\u307e\u3059\u3002 \u3053\u306e\u5927\u5bb9\u91cf\u306b\u3088\u308a\u3001\u30ea\u30d5\u30a3\u30eb\u306a\u3057\u3067\u9577\u671f\u4f7f\u7528\u304c\u53ef\u80fd\u306b\u306a\u308a\u3001\u30e6\u30fc\u30b6\u30fc\u306e\u5feb\u9069\u6027\u304c\u5927\u5e45\u306b\u5411\u4e0a\u3057\u307e\u3059\u3002 \u5927\u91cf\u306e\u6db2\u4f53\u306b\u3088\u308a\u3001\u30d5\u30ec\u30fc\u30d0\u30fc\u306e\u5f37\u5ea6\u304c\u30c7\u30d0\u30a4\u30b9\u306e\u5168\u5bff\u547d\u306b\u308f\u305f\u3063\u3066\u7dad\u6301\u3055\u308c\u307e\u3059\u3002<\/p>\n<h3>\u30d0\u30c3\u30c6\u30ea\u30fc\u5bb9\u91cf: 650 mAh<\/h3>\n<p>650 mAh \u306e\u30d0\u30c3\u30c6\u30ea\u30fc\u3092\u642d\u8f09\u3057\u305f Bang Tornado \u306f\u3001\u6700\u5927 12000 \u5217\u306e\u5217\u8eca\u306b\u5341\u5206\u306a\u96fb\u529b\u3092\u4f9b\u7d66\u3057\u307e\u3059\u3002 \u30d0\u30c3\u30c6\u30ea\u30fc\u306f\u3001\u4e00\u5b9a\u306e\u30a8\u30cd\u30eb\u30ae\u30fc\u51fa\u529b\u3092\u78ba\u4fdd\u3059\u308b\u3088\u3046\u306b\u6700\u9069\u5316\u3055\u308c\u3066\u304a\u308a\u3001\u30b9\u30e0\u30fc\u30ba\u306a\u84b8\u6c17\u751f\u6210\u3092\u5b9f\u73fe\u3057\u307e\u3059\u3002 \u5927\u5bb9\u91cf\u306f\u3001\u983b\u7e41\u306a\u5145\u96fb\u306e\u5fc5\u8981\u6027\u3092\u6e1b\u3089\u3057\u3001\u3088\u308a\u9577\u3044\u5bff\u547d\u3092\u30b5\u30dd\u30fc\u30c8\u3057\u307e\u3059\u3002<\/p>\n<h3>USB \u30dd\u30fc\u30c8: Type-C<\/h3>\n<p>\u5185\u8535\u30bf\u30a4\u30d7 C \u30dd\u30fc\u30c8\u306f\u3001\u5165\u529b\u96fb\u5727 5V \u3068 1A \u3067\u3001\u9ad8\u901f\u304b\u3064\u52b9\u7387\u7684\u306a\u5145\u96fb\u3092\u53ef\u80fd\u306b\u3057\u307e\u3059\u3002\u3053\u306e\u6700\u65b0\u306e\u30a4\u30f3\u30bf\u30fc\u30d5\u30a7\u30fc\u30b9\u306f\u4fe1\u983c\u6027\u306e\u9ad8\u3044\u63a5\u7d9a\u3092\u63d0\u4f9b\u3057\u3001\u307b\u3068\u3093\u3069\u306e\u4e00\u822c\u7684\u306a\u5145\u96fb\u5668\u3068\u4e92\u63db\u6027\u304c\u3042\u308a\u3001\u5916\u51fa\u5148\u3067\u3082\u7c21\u5358\u306b\u4f7f\u7528\u3067\u304d\u307e\u3059\u3002<\/p>\n<h3>\u7d20\u6750: PC<\/h3>\n<p>Bang Tornado \u30b1\u30fc\u30b9\u306f\u3001\u9577\u5bff\u547d\u3068\u8efd\u91cf\u6027\u3067\u77e5\u3089\u308c\u308b\u9ad8\u54c1\u8cea\u306e\u30dd\u30ea\u30ab\u30fc\u30dc\u30cd\u30fc\u30c8 (PC) \u3067\u4f5c\u3089\u308c\u3066\u3044\u307e\u3059\u3002 \u3053\u306e\u7d20\u6750\u306f\u9811\u4e08\u3067\u3001\u6d17\u7df4\u3055\u308c\u305f\u30e2\u30c0\u30f3\u306a\u30c7\u30b6\u30a4\u30f3\u3092\u7dad\u6301\u3057\u306a\u304c\u3089\u3001\u65e5\u5e38\u306e\u4f7f\u7528\u306b\u5f37\u3044\u3067\u3059\u3002<\/p>\n<h3>\u30d1\u30c3\u30ad\u30f3\u30b0: 10 \u500b\u5165\u308a\u306e\u7bb1<\/h3>\n<p>\u5404\u68b1\u5305\u30e6\u30cb\u30c3\u30c8\u306b\u306f\u300110 \u306e Bang Tornado \u30c7\u30d0\u30a4\u30b9\u304c\u542b\u307e\u308c\u3066\u304a\u308a\u3001\u5c0f\u58f2\u308a\u3068\u5927\u91cf\u8cfc\u5165\u306e\u4e21\u65b9\u306b\u4fbf\u5229\u3067\u3059\u3002 \u3053\u306e\u30d1\u30c3\u30b1\u30fc\u30b8 \u30b5\u30a4\u30ba\u306f\u3001\u88fd\u54c1\u306e\u54c1\u8cea\u3092\u640d\u306a\u3046\u3053\u3068\u306a\u304f\u3001\u52b9\u7387\u7684\u306a\u4fdd\u7ba1\u3068\u914d\u5e03\u3092\u4fdd\u8a3c\u3057\u307e\u3059\u3002<\/p>\n<h3>\u5869\u30cb\u30b3\u30c1\u30f3: 0%-2%-3%-5% (\u30aa\u30d7\u30b7\u30e7\u30f3)<\/h3>\n<p>Bang Tornado \u306f\u30010% \u304b\u3089 5% \u307e\u3067\u306e\u67d4\u8edf\u306a\u30cb\u30b3\u30c1\u30f3\u5f37\u5ea6\u3092\u63d0\u4f9b\u3057\u3001\u30e6\u30fc\u30b6\u30fc\u306e\u500b\u3005\u306e\u30cb\u30fc\u30ba\u306b\u5bfe\u5fdc\u3057\u307e\u3059\u3002 \u3053\u306e\u9078\u629e\u306b\u3088\u308a\u3001\u30cb\u30b3\u30c1\u30f3\u3092\u542b\u307e\u306a\u3044\u5834\u5408\u3067\u3082\u3001\u96c6\u4e2d\u529b\u3092\u9ad8\u3081\u3066\u3088\u308a\u96c6\u4e2d\u7684\u306b\u697d\u3057\u3080\u305f\u3081\u306b\u3001Vaping \u4f53\u9a13\u3092\u500b\u4eba\u306e\u597d\u307f\u306b\u5408\u308f\u305b\u308b\u3053\u3068\u304c\u3067\u304d\u307e\u3059\u3002<\/p>\n<h3>\u30e1\u30c3\u30b7\u30e5\u30b3\u30a4\u30eb\u6280\u8853<\/h3>\n<p>1.0 \u30aa\u30fc\u30e0\u306e\u62b5\u6297\u30e1\u30c3\u30b7\u30e5 \u30b3\u30a4\u30eb\u3092\u4f7f\u7528\u3059\u308b\u3068\u3001\u5747\u4e00\u306a\u52a0\u71b1\u3068\u6700\u9069\u306a\u30d5\u30ec\u30fc\u30d0\u30fc\u306e\u958b\u767a\u304c\u4fdd\u8a3c\u3055\u308c\u307e\u3059\u3002 \u3053\u306e\u9ad8\u5ea6\u306a\u6280\u8853\u306b\u3088\u308a\u3001\u84b8\u6c17\u306e\u751f\u6210\u304c\u6700\u5927\u5316\u3055\u308c\u3001\u30d5\u30ec\u30fc\u30d0\u30fc\u306e\u7d14\u5ea6\u304c\u7dad\u6301\u3055\u308c\u3001\u4e00\u8cab\u3057\u305f\u697d\u3057\u3044\u4f53\u9a13\u304c\u5f97\u3089\u308c\u307e\u3059\u3002<\/p>\n<h3>LED \u30ab\u30e9\u30fc\u30e9\u30a4\u30c8<\/h3>\n<p>\u7d71\u5408\u3055\u308c\u305f LED \u30ab\u30e9\u30fc \u30e9\u30a4\u30c8\u306f\u3001Bang Tornado \u306b\u30e2\u30c0\u30f3\u3067\u9b45\u529b\u7684\u306a\u5916\u89b3\u3092\u4e0e\u3048\u307e\u3059\u3002 \u30c7\u30d0\u30a4\u30b9\u306e\u52d5\u4f5c\u72b6\u614b\u3092\u77e5\u3089\u305b\u3001\u4ed6\u306e\u4f7f\u3044\u6368\u3066\u96fb\u5b50\u30bf\u30d0\u30b3\u3068\u306f\u4e00\u7dda\u3092\u753b\u3059\u7f8e\u7684\u30b3\u30f3\u30dd\u30fc\u30cd\u30f3\u30c8\u3092\u8ffd\u52a0\u3057\u307e\u3059\u3002<\/p>\n<h2>\u30d0\u30f3\u30c8\u30eb\u30cd\u30fc\u30c9 12000 \u30d1\u30d5 \u30d5\u30ec\u30fc\u30d0\u30fc<\/h2>\n<p>Bang Tornado 12000 \u30d1\u30d5\u306f\u3001\u3042\u3089\u3086\u308b\u5473\u306b\u5408\u3046\u5e45\u5e83\u3044\u30d5\u30ec\u30fc\u30d0\u30fc\u3092\u63d0\u4f9b\u3057\u307e\u3059\u3002 \u30d5\u30eb\u30fc\u30c6\u30a3\u30fc\u306a\u7d44\u307f\u5408\u308f\u305b\u304b\u3089\u3055\u308f\u3084\u304b\u306a\u30e1\u30f3\u30c8\u30fc\u30eb \u30ce\u30fc\u30c8\u307e\u3067\u3001\u5404\u83cc\u682a\u306f\u72ec\u81ea\u306e\u9999\u308a\u3092\u5c4a\u3051\u308b\u305f\u3081\u306b\u614e\u91cd\u306b\u8a2d\u8a08\u3055\u308c\u3066\u3044\u307e\u3059\u3002 \u5229\u7528\u53ef\u80fd\u306a\u30d5\u30ec\u30fc\u30d0\u30fc\u306f\u6b21\u306e\u3068\u304a\u308a\u3067\u3059\u3002<\/p>\n<ul>\n<li>\u30b9\u30c8\u30ed\u30d9\u30ea\u30fc\u30fb\u30d0\u30ca\u30ca<\/li>\n<li>\u30ad\u30a6\u30a4 \u30d1\u30c3\u30b7\u30e7\u30f3 \u30d5\u30eb\u30fc\u30c4 \u30b0\u30a2\u30d0<\/li>\n<li>\u30b9\u30c8\u30ed\u30d9\u30ea\u30fc\u30fb\u30ad\u30a6\u30a4<\/li>\n<li>\u30d6\u30eb\u30fc\u30e9\u30ba\u30a2\u30a4\u30b9<\/li>\n<li>\u9178\u3063\u3071\u3044\u308a\u3093\u3054\u30e9\u30ba\u30d9\u30ea\u30fc<\/li>\n<li>\u30b9\u30a4\u30ab\u30d0\u30d6\u30eb\u30ac\u30e0<\/li>\n<li>\u30b9\u30c8\u30ed\u30d9\u30ea\u30fc\u30fb\u30b9\u30a4\u30ab<\/li>\n<li>\u3044\u3061\u3054\u30b8\u30e5\u30fc\u30b9<\/li>\n<li>\u9ed2\u30c9\u30e9\u30b4\u30f3\u30a2\u30a4\u30b9<\/li>\n<li>\u30b9\u30a4\u30ab\u306e\u6c37<\/li>\n<li>\u30d6\u30eb\u30fc\u30d9\u30ea\u30fc\u30a2\u30a4\u30b9<\/li>\n<li>\u30d4\u30fc\u30c1\u30de\u30f3\u30b4\u30fc\u30b9\u30a4\u30ab<\/li>\n<li>\u30b0\u30ec\u30fc\u30d7\u30a2\u30a4\u30b9<\/li>\n<li>\u30df\u30c3\u30af\u30b9\u30d5\u30eb\u30fc\u30c4<\/li>\n<li>\u30b9\u30c8\u30ed\u30d9\u30ea\u30fc\u30e9\u30a4\u30c1<\/li>\n<li>\u30df\u30f3\u30c8\u30a2\u30a4\u30b9<\/li>\n<li>\u30e9\u30ba\u30d9\u30ea\u30fc\u30b9\u30a4\u30ab<\/li>\n<li>\u30b9\u30c8\u30ed\u30d9\u30ea\u30fc\u30fb\u30a2\u30a4\u30b9<\/li>\n<li>\u30d4\u30fc\u30c1\u30fb\u30a2\u30a4\u30b9<\/li>\n<li>\u30b9\u30c8\u30ed\u30d9\u30ea\u30fc\u30de\u30f3\u30b4\u30fc<\/li>\n<\/ul>\n<h2>\u3088\u304f\u3042\u308b\u8cea\u554f (FAQ)<\/h2>\n<p>\u3053\u3053\u3067\u306f\u3001\u304a\u5ba2\u69d8\u304c\u88fd\u54c1\u3092\u3088\u308a\u3088\u304f\u7406\u89e3\u3067\u304d\u308b\u3088\u3046\u306b\u3059\u308b\u305f\u3081\u306b\u3001Bang Tornado 12000 \u30d1\u30d5\u306b\u3064\u3044\u3066\u3088\u304f\u5bc4\u305b\u3089\u308c\u308b\u8cea\u554f\u306b\u7b54\u3048\u307e\u3059\u3002<\/p>\n<h3>Bang Tornado 12000 \u30d1\u30d5\u306f\u3069\u306e\u304f\u3089\u3044\u6301\u3061\u307e\u3059\u304b?<\/h3>\n<p>\u5bff\u547d\u306f\u4f7f\u7528\u983b\u5ea6\u306b\u3088\u3063\u3066\u7570\u306a\u308a\u307e\u3059\u304c\u3001\u5e73\u5747\u4f7f\u7528\u91cf\u3067\u3001\u30c7\u30d0\u30a4\u30b9\u306f\u6700\u5927 12000 \u5217\u306e\u5217\u8eca\u3092\u914d\u9001\u3067\u304d\u307e\u3059\u3002 \u3053\u308c\u306f\u3001\u4ed6\u306e\u4e00\u65b9\u5411\u88fd\u54c1\u3068\u6bd4\u8f03\u3057\u3066\u9577\u5bff\u547d\u306b\u5bfe\u5fdc\u3057\u307e\u3059\u3002<\/p>\n<h3>\u5f37\u7adc\u5dfb\u306f\u5145\u96fb\u5f0f\u3067\u3059\u304b\uff1f<\/h3>\n<p>\u306f\u3044\u3001Bang Tornado \u306b\u306f Type-C \u30dd\u30fc\u30c8\u304c\u88c5\u5099\u3055\u308c\u3066\u304a\u308a\u3001e-Liquid \u304c\u4f7f\u3044\u679c\u305f\u3055\u308c\u308b\u307e\u3067\u5145\u96fb\u3067\u304d\u307e\u3059\u3002 \u3053\u308c\u306b\u3088\u308a\u3001\u975e\u5145\u96fb\u5f0f\u306e\u4f7f\u3044\u6368\u3066\u30c7\u30d0\u30a4\u30b9\u3068\u6bd4\u8f03\u3057\u3066\u8010\u7528\u5e74\u6570\u304c\u9577\u304f\u306a\u308a\u307e\u3059\u3002<\/p>\n<h3>\u3059\u3079\u3066\u306e\u30d5\u30ec\u30fc\u30d0\u30fc\u306f\u30cb\u30b3\u30c1\u30f3\u306e\u5f37\u3055\u3067\u5229\u7528\u3067\u304d\u307e\u3059\u304b?<\/h3>\n<p>\u306f\u3044\u3001\u3059\u3079\u3066\u306e\u30d5\u30ec\u30fc\u30d0\u30fc\u306f\u30cb\u30b3\u30c1\u30f3\u5f37\u5ea6 0%\u30012%\u30013%\u30015% \u3067\u5229\u7528\u3067\u304d\u308b\u306e\u3067\u3001\u597d\u307f\u306e\u7d44\u307f\u5408\u308f\u305b\u3092\u9078\u629e\u3067\u304d\u307e\u3059\u3002<\/p>\n<h3>\u96fb\u5b50\u6db2\u4f53\u304c\u7a7a\u306b\u306a\u308b\u3068\u3069\u3046\u306a\u308a\u307e\u3059\u304b?<\/h3>\n<p>Bang Tornado \u306f\u4f7f\u3044\u6368\u3066\u88fd\u54c1\u3067\u3059\u3002 \u96fb\u5b50\u6db2\u4f53\u3092\u4f7f\u3044\u5207\u3063\u305f\u3089\u3001\u88c5\u7f6e\u3092\u5ec3\u68c4\u3057\u3066\u65b0\u3057\u3044\u3082\u306e\u306b\u7f6e\u304d\u63db\u3048\u308b\u5fc5\u8981\u304c\u3042\u308a\u307e\u3059\u3002 \u8a70\u3081\u66ff\u3048\u306f\u3067\u304d\u307e\u305b\u3093\u3002<\/p>\n<h3>LED \u30e9\u30a4\u30c8\u306f\u30ab\u30b9\u30bf\u30de\u30a4\u30ba\u53ef\u80fd\u3067\u3059\u304b?<\/h3>\n<p>LED \u30e9\u30a4\u30c8\u306f\u30ab\u30b9\u30bf\u30de\u30a4\u30ba\u3067\u304d\u307e\u305b\u3093\u304c\u3001\u9b45\u529b\u7684\u306a\u30c7\u30b6\u30a4\u30f3\u3092\u63d0\u4f9b\u3057\u306a\u304c\u3089\u3001\u30c7\u30d0\u30a4\u30b9\u306e\u52d5\u4f5c\u72b6\u614b\u3092\u793a\u3059\u3088\u3046\u306b\u8a2d\u8a08\u3055\u308c\u3066\u3044\u307e\u3059\u3002<\/p>\n<h3>\u30d0\u30f3\u30c8\u30eb\u30cd\u30fc\u30c9\u3092\u51e6\u5206\u3059\u308b\u306b\u306f\u3069\u3046\u3059\u308c\u3070\u3088\u3044\u3067\u3059\u304b?<\/h3>\n<p>\u30c7\u30d0\u30a4\u30b9\u306f\u3001\u5730\u5143\u306e\u96fb\u5b50\u5ec3\u68c4\u7269\u306e\u898f\u5236\u306b\u5f93\u3063\u3066\u51e6\u5206\u3059\u308b\u5fc5\u8981\u304c\u3042\u308a\u307e\u3059\u3002 \u5bb6\u5ead\u3054\u307f\u306b\u6368\u3066\u306a\u3044\u3067\u304f\u3060\u3055\u3044\u3002\u3053\u306e\u76ee\u7684\u306e\u305f\u3081\u306b\u63d0\u4f9b\u3055\u308c\u305f\u53ce\u96c6\u30dd\u30a4\u30f3\u30c8\u3092\u4f7f\u7528\u3057\u3066\u304f\u3060\u3055\u3044\u3002<\/p>","protected":false},"excerpt":{"rendered":"<p dir=\"auto\">Bang Tornado 12000 Puffs: \u6700\u5927 12000 \u5217\u306e\u5217\u8eca\u3001850 mAh \u306e\u30d0\u30c3\u30c6\u30ea\u30fc\u300120 mL \u306e\u96fb\u5b50\u6db2\u4f53\u30015 \u3064\u306e % \u30cb\u30b3\u30c1\u30f3\u5f37\u5ea6\u3001\u30e1\u30c3\u30b7\u30e5 \u30b3\u30a4\u30eb\u6280\u8853\u3001\u304a\u3088\u3073\u8abf\u6574\u53ef\u80fd\u306a\u7a7a\u6c17\u6d41\u3092\u5099\u3048\u305f\u4f7f\u3044\u6368\u3066\u30c7\u30d0\u30a4\u30b9\u3002 \u5473\u308f\u3044\u6df1\u3044\u3001\u30b3\u30f3\u30d1\u30af\u30c8\u306a\u30c7\u30b6\u30a4\u30f3\u3067\u3001\u9577\u304f\u697d\u3057\u3081\u307e\u3059\u3002<\/p>","protected":false},"featured_media":8881,"comment_status":"open","ping_status":"closed","template":"","meta":[],"product_brand":[1180],"product_cat":[1179],"product_tag":[962,959],"class_list":{"0":"post-8872","1":"product","2":"type-product","3":"status-publish","4":"has-post-thumbnail","6":"product_brand-bang","7":"product_cat-12000-puffs","8":"product_tag-12k-puffs","9":"product_tag-more-than-10kpuffs","11":"first","12":"instock","13":"sale","14":"shipping-taxable","15":"purchasable","16":"product-type-variable"},"yoast_head":"<!-- This site is optimized with the Yoast SEO plugin v25.8 - https:\/\/yoast.com\/wordpress\/plugins\/seo\/ -->\n<title>Bang Tornado 12000 12K Puffs Einweg-E-Zigarette Original - ShopVapor<\/title>\n<meta name=\"description\" content=\"Bang Tornado 12000 Puffs: Einwegger\u00e4t mit bis zu 12000 Z\u00fcgen, 850 mAh Akku, 20 ml E-Liquid, 5 % Nikotinst\u00e4rke, Mesh-Coil-Technologie und einstellbarem Luftstrom. Intensiver Geschmack und kompaktes Design f\u00fcr langanhaltenden Genuss.\" \/>\n<meta name=\"robots\" content=\"index, follow, max-snippet:-1, max-image-preview:large, max-video-preview:-1\" \/>\n<link rel=\"canonical\" href=\"https:\/\/shopvapor.de\/ja\/product\/bang-tornado-12000-12k-\u30d1\u30d5-\u4f7f\u3044\u6368\u3066-e-\u30bf\u30d0\u30b3-\u30aa\u30ea\u30b8\u30ca\u30eb\/\" \/>\n<meta property=\"og:locale\" content=\"ja_JP\" \/>\n<meta property=\"og:type\" content=\"article\" \/>\n<meta property=\"og:title\" content=\"Bang Tornado 12000 12K Puffs Einweg-E-Zigarette Original - ShopVapor\" \/>\n<meta property=\"og:description\" content=\"Bang Tornado 12000 Puffs: Einwegger\u00e4t mit bis zu 12000 Z\u00fcgen, 850 mAh Akku, 20 ml E-Liquid, 5 % Nikotinst\u00e4rke, Mesh-Coil-Technologie und einstellbarem Luftstrom. Intensiver Geschmack und kompaktes Design f\u00fcr langanhaltenden Genuss.\" \/>\n<meta property=\"og:url\" content=\"https:\/\/shopvapor.de\/ja\/product\/bang-tornado-12000-12k-\u30d1\u30d5-\u4f7f\u3044\u6368\u3066-e-\u30bf\u30d0\u30b3-\u30aa\u30ea\u30b8\u30ca\u30eb\/\" \/>\n<meta property=\"og:site_name\" content=\"ShopVapor\" \/>\n<meta property=\"article:modified_time\" content=\"2025-07-15T08:51:01+00:00\" \/>\n<meta property=\"og:image\" content=\"https:\/\/shopvapor.de\/wp-content\/uploads\/2025\/07\/bang-tornado-12000-12k-puffs-einweg-e-zigarette-original-11.webp\" \/>\n\t<meta property=\"og:image:width\" content=\"1200\" \/>\n\t<meta property=\"og:image:height\" content=\"1434\" \/>\n\t<meta property=\"og:image:type\" content=\"image\/webp\" \/>\n<meta name=\"twitter:card\" content=\"summary_large_image\" \/>\n<meta name=\"twitter:label1\" content=\"\u63a8\u5b9a\u8aad\u307f\u53d6\u308a\u6642\u9593\" \/>\n\t<meta name=\"twitter:data1\" content=\"4\u5206\" \/>\n<!-- \/ Yoast SEO plugin. -->","yoast_head_json":{"title":"Bang Tornado 12000 12K \u30d1\u30d5 \u4f7f\u3044\u6368\u3066\u96fb\u5b50\u30bf\u30d0\u30b3 \u30aa\u30ea\u30b8\u30ca\u30eb - ShopVapor","description":"Bang Tornado 12000 Puffs: \u6700\u5927 12000 \u5217\u306e\u5217\u8eca\u3001850 mAh \u306e\u30d0\u30c3\u30c6\u30ea\u30fc\u300120 mL \u306e\u96fb\u5b50\u6db2\u4f53\u30015 \u3064\u306e % \u30cb\u30b3\u30c1\u30f3\u5f37\u5ea6\u3001\u30e1\u30c3\u30b7\u30e5 \u30b3\u30a4\u30eb\u6280\u8853\u3001\u304a\u3088\u3073\u8abf\u6574\u53ef\u80fd\u306a\u7a7a\u6c17\u6d41\u3092\u5099\u3048\u305f\u4f7f\u3044\u6368\u3066\u30c7\u30d0\u30a4\u30b9\u3002 \u5473\u308f\u3044\u6df1\u3044\u3001\u30b3\u30f3\u30d1\u30af\u30c8\u306a\u30c7\u30b6\u30a4\u30f3\u3067\u3001\u9577\u304f\u697d\u3057\u3081\u307e\u3059\u3002","robots":{"index":"index","follow":"follow","max-snippet":"max-snippet:-1","max-image-preview":"max-image-preview:large","max-video-preview":"max-video-preview:-1"},"canonical":"https:\/\/shopvapor.de\/ja\/product\/bang-tornado-12000-12k-\u30d1\u30d5-\u4f7f\u3044\u6368\u3066-e-\u30bf\u30d0\u30b3-\u30aa\u30ea\u30b8\u30ca\u30eb\/","og_locale":"ja_JP","og_type":"article","og_title":"Bang Tornado 12000 12K Puffs Einweg-E-Zigarette Original - ShopVapor","og_description":"Bang Tornado 12000 Puffs: Einwegger\u00e4t mit bis zu 12000 Z\u00fcgen, 850 mAh Akku, 20 ml E-Liquid, 5 % Nikotinst\u00e4rke, Mesh-Coil-Technologie und einstellbarem Luftstrom. Intensiver Geschmack und kompaktes Design f\u00fcr langanhaltenden Genuss.","og_url":"https:\/\/shopvapor.de\/ja\/product\/bang-tornado-12000-12k-\u30d1\u30d5-\u4f7f\u3044\u6368\u3066-e-\u30bf\u30d0\u30b3-\u30aa\u30ea\u30b8\u30ca\u30eb\/","og_site_name":"ShopVapor","article_modified_time":"2025-07-15T08:51:01+00:00","og_image":[{"width":1200,"height":1434,"url":"https:\/\/shopvapor.de\/wp-content\/uploads\/2025\/07\/bang-tornado-12000-12k-puffs-einweg-e-zigarette-original-11.webp","type":"image\/webp"}],"twitter_card":"summary_large_image","twitter_misc":{"\u63a8\u5b9a\u8aad\u307f\u53d6\u308a\u6642\u9593":"4\u5206"},"schema":{"@context":"https:\/\/schema.org","@graph":[{"@type":"WebPage","@id":"https:\/\/shopvapor.de\/produkt\/bang-tornado-12000-12k-puffs-einweg-e-zigarette-original\/","url":"https:\/\/shopvapor.de\/produkt\/bang-tornado-12000-12k-puffs-einweg-e-zigarette-original\/","name":"Bang Tornado 12000 12K \u30d1\u30d5 \u4f7f\u3044\u6368\u3066\u96fb\u5b50\u30bf\u30d0\u30b3 \u30aa\u30ea\u30b8\u30ca\u30eb - ShopVapor","isPartOf":{"@id":"https:\/\/shopvapor.de\/#website"},"primaryImageOfPage":{"@id":"https:\/\/shopvapor.de\/produkt\/bang-tornado-12000-12k-puffs-einweg-e-zigarette-original\/#primaryimage"},"image":{"@id":"https:\/\/shopvapor.de\/produkt\/bang-tornado-12000-12k-puffs-einweg-e-zigarette-original\/#primaryimage"},"thumbnailUrl":"https:\/\/shopvapor.de\/wp-content\/uploads\/2025\/07\/bang-tornado-12000-12k-puffs-einweg-e-zigarette-original-11.webp","datePublished":"2025-07-02T04:20:22+00:00","dateModified":"2025-07-15T08:51:01+00:00","description":"Bang Tornado 12000 Puffs: \u6700\u5927 12000 \u5217\u306e\u5217\u8eca\u3001850 mAh \u306e\u30d0\u30c3\u30c6\u30ea\u30fc\u300120 mL \u306e\u96fb\u5b50\u6db2\u4f53\u30015 \u3064\u306e % \u30cb\u30b3\u30c1\u30f3\u5f37\u5ea6\u3001\u30e1\u30c3\u30b7\u30e5 \u30b3\u30a4\u30eb\u6280\u8853\u3001\u304a\u3088\u3073\u8abf\u6574\u53ef\u80fd\u306a\u7a7a\u6c17\u6d41\u3092\u5099\u3048\u305f\u4f7f\u3044\u6368\u3066\u30c7\u30d0\u30a4\u30b9\u3002 \u5473\u308f\u3044\u6df1\u3044\u3001\u30b3\u30f3\u30d1\u30af\u30c8\u306a\u30c7\u30b6\u30a4\u30f3\u3067\u3001\u9577\u304f\u697d\u3057\u3081\u307e\u3059\u3002","breadcrumb":{"@id":"https:\/\/shopvapor.de\/produkt\/bang-tornado-12000-12k-puffs-einweg-e-zigarette-original\/#breadcrumb"},"inLanguage":"ja","potentialAction":[{"@type":"ReadAction","target":["https:\/\/shopvapor.de\/produkt\/bang-tornado-12000-12k-puffs-einweg-e-zigarette-original\/"]}]},{"@type":"ImageObject","inLanguage":"ja","@id":"https:\/\/shopvapor.de\/produkt\/bang-tornado-12000-12k-puffs-einweg-e-zigarette-original\/#primaryimage","url":"https:\/\/shopvapor.de\/wp-content\/uploads\/2025\/07\/bang-tornado-12000-12k-puffs-einweg-e-zigarette-original-11.webp","contentUrl":"https:\/\/shopvapor.de\/wp-content\/uploads\/2025\/07\/bang-tornado-12000-12k-puffs-einweg-e-zigarette-original-11.webp","width":1200,"height":1434},{"@type":"BreadcrumbList","@id":"https:\/\/shopvapor.de\/produkt\/bang-tornado-12000-12k-puffs-einweg-e-zigarette-original\/#breadcrumb","itemListElement":[{"@type":"ListItem","position":1,"name":"Startseite","item":"https:\/\/shopvapor.de\/"},{"@type":"ListItem","position":2,"name":"Shop","item":"https:\/\/shopvapor.de\/shop\/"},{"@type":"ListItem","position":3,"name":"Bang Tornado 12000 12K Puffs Einweg-E-Zigarette Original"}]},{"@type":"WebSite","@id":"https:\/\/shopvapor.de\/#website","url":"https:\/\/shopvapor.de\/","name":"\u30b7\u30e7\u30c3\u30d7\u30d9\u30fc\u30d1\u30fc","description":"","potentialAction":[{"@type":"SearchAction","target":{"@type":"EntryPoint","urlTemplate":"https:\/\/shopvapor.de\/?s={search_term_string}"},"query-input":{"@type":"PropertyValueSpecification","valueRequired":true,"valueName":"search_term_string"}}],"inLanguage":"ja"}]}},"_links":{"self":[{"href":"https:\/\/shopvapor.de\/ja\/wp-json\/wp\/v2\/product\/8872","targetHints":{"allow":["GET"]}}],"collection":[{"href":"https:\/\/shopvapor.de\/ja\/wp-json\/wp\/v2\/product"}],"about":[{"href":"https:\/\/shopvapor.de\/ja\/wp-json\/wp\/v2\/types\/product"}],"replies":[{"embeddable":true,"href":"https:\/\/shopvapor.de\/ja\/wp-json\/wp\/v2\/comments?post=8872"}],"version-history":[{"count":1,"href":"https:\/\/shopvapor.de\/ja\/wp-json\/wp\/v2\/product\/8872\/revisions"}],"predecessor-version":[{"id":11396,"href":"https:\/\/shopvapor.de\/ja\/wp-json\/wp\/v2\/product\/8872\/revisions\/11396"}],"wp:featuredmedia":[{"embeddable":true,"href":"https:\/\/shopvapor.de\/ja\/wp-json\/wp\/v2\/media\/8881"}],"wp:attachment":[{"href":"https:\/\/shopvapor.de\/ja\/wp-json\/wp\/v2\/media?parent=8872"}],"wp:term":[{"taxonomy":"product_brand","embeddable":true,"href":"https:\/\/shopvapor.de\/ja\/wp-json\/wp\/v2\/product_brand?post=8872"},{"taxonomy":"product_cat","embeddable":true,"href":"https:\/\/shopvapor.de\/ja\/wp-json\/wp\/v2\/product_cat?post=8872"},{"taxonomy":"product_tag","embeddable":true,"href":"https:\/\/shopvapor.de\/ja\/wp-json\/wp\/v2\/product_tag?post=8872"}],"curies":[{"name":"wp","href":"https:\/\/api.w.org\/{rel}","templated":true}]}}