{"id":9028,"date":"2025-07-02T06:43:40","date_gmt":"2025-07-02T06:43:40","guid":{"rendered":"https:\/\/shopvapor.de\/?post_type=product&#038;p=9028"},"modified":"2025-07-15T08:40:42","modified_gmt":"2025-07-15T08:40:42","slug":"iqte-45000-45k-%e3%83%91%e3%83%95-20ml-%e8%aa%bf%e6%95%b4%e5%8f%af%e8%83%bd%e3%81%aa%e4%bd%bf%e3%81%84%e6%8d%a8%e3%81%a6-e-%e3%82%bf%e3%83%90%e3%82%b3-%e3%82%aa%e3%83%aa%e3%82%b8%e3%83%8a%e3%83%ab","status":"publish","type":"product","link":"https:\/\/shopvapor.de\/ja\/product\/iqte-45000-45k-%e3%83%91%e3%83%95-20ml-%e8%aa%bf%e6%95%b4%e5%8f%af%e8%83%bd%e3%81%aa%e4%bd%bf%e3%81%84%e6%8d%a8%e3%81%a6-e-%e3%82%bf%e3%83%90%e3%82%b3-%e3%82%aa%e3%83%aa%e3%82%b8%e3%83%8a%e3%83%ab\/","title":{"rendered":"IQTE 45000 45K \u30d1\u30d5 20ml \u8abf\u6574\u53ef\u80fd\u306a\u4f7f\u3044\u6368\u3066\u96fb\u5b50\u30bf\u30d0\u30b3 \u30aa\u30ea\u30b8\u30ca\u30eb"},"content":{"rendered":"<h2>IQTE 45000 \u306e\u7d39\u4ecb<\/h2>\n<p>IQTE 45000 \u306f\u3001\u9ad8\u54c1\u8cea\u3067\u5feb\u9069\u3055\u3068\u5f37\u70c8\u306a\u5473\u3092\u5927\u5207\u306b\u3059\u308b\u8981\u6c42\u306e\u9ad8\u3044\u30e6\u30fc\u30b6\u30fc\u5411\u3051\u306b\u8a2d\u8a08\u3055\u308c\u305f\u3001\u9ad8\u54c1\u8cea\u3067\u4f7f\u3044\u6368\u3066\u306e\u96fb\u5b50\u6db2\u4f53\u30c7\u30d0\u30a4\u30b9\u3067\u3059\u3002 \u6700\u5927 45000 \u5217\u306e\u5217\u8eca\u306e\u5370\u8c61\u7684\u306a\u5bb9\u91cf\u3092\u5099\u3048\u305f\u3053\u306e\u30c7\u30d0\u30a4\u30b9\u306f\u3001\u9577\u6642\u9593\u306e\u4f7f\u7528\u3068\u4e00\u5b9a\u306e\u5473\u899a\u4f53\u9a13\u3092\u63d0\u4f9b\u3057\u307e\u3059\u3002 IQTE \u30d6\u30e9\u30f3\u30c9\u306f Precision and Trust \u306e\u7565\u3067\u3001IQTE 45000 \u306f\u6700\u9ad8\u306e\u57fa\u6e96\u3092\u6e80\u305f\u3059\u6700\u65b0\u306e\u30c6\u30af\u30ce\u30ed\u30b8\u30fc\u3067\u88fd\u9020\u3055\u308c\u3066\u3044\u307e\u3059\u3002 \u3053\u306e\u88fd\u54c1\u306f\u3001\u4f7f\u3044\u3084\u3059\u304f\u3001\u30e1\u30f3\u30c6\u30ca\u30f3\u30b9\u306e\u5fc5\u8981\u306e\u306a\u3044\u3001\u4fe1\u983c\u6027\u306e\u9ad8\u3044\u98a8\u5473\u8c4a\u304b\u306a\u30c7\u30d0\u30a4\u30b9\u3092\u63a2\u3057\u3066\u3044\u308b\u30e6\u30fc\u30b6\u30fc\u306b\u6700\u9069\u3067\u3059\u3002<\/p>\n<h2>\u88fd\u54c1\u306e\u30d1\u30e9\u30e1\u30fc\u30bf\u3092\u4e00\u76ee\u3067\u628a\u63e1<\/h2>\n<p>IQTE 45000 \u306f\u3001\u9ad8\u5ea6\u306a\u6280\u8853\u3068\u30b3\u30f3\u30d1\u30af\u30c8\u306a\u30c7\u30b6\u30a4\u30f3\u3092\u7d44\u307f\u5408\u308f\u305b\u3066\u3044\u307e\u3059\u3002 \u4ee5\u4e0b\u306f\u3001\u3053\u306e\u30c7\u30d0\u30a4\u30b9\u3092\u512a\u308c\u305f\u9078\u629e\u80a2\u306b\u3059\u308b\u6280\u8853\u4ed5\u69d8\u306e\u8a73\u7d30\u306a\u6982\u8981\u3067\u3059\u3002 \u9ad8\u6027\u80fd\u3068\u4f7f\u3044\u3084\u3059\u3055\u3092\u78ba\u4fdd\u3059\u308b\u305f\u3081\u306b\u3001\u5404\u30d1\u30e9\u30e1\u30fc\u30bf\u304c\u614e\u91cd\u306b\u6700\u9069\u5316\u3055\u308c\u3066\u3044\u307e\u3059\u3002<\/p>\n<h3>\u5217\u8eca\u306e\u5b9a\u54e1: \u6700\u5927 45000 \u5217\u306e\u5217\u8eca<\/h3>\n<p>IQTE 45000 \u306f\u3001\u6700\u5927 45000 \u5217\u306e\u5217\u8eca\u306e\u4e26\u5916\u308c\u305f\u5217\u8eca\u5bb9\u91cf\u3092\u63d0\u4f9b\u3057\u3001\u5e02\u5834\u3067\u6700\u3082\u8010\u4e45\u6027\u306e\u3042\u308b\u4f7f\u3044\u6368\u3066\u30c7\u30d0\u30a4\u30b9\u306e 1 \u3064\u3068\u306a\u3063\u3066\u3044\u307e\u3059\u3002 \u3053\u306e\u5927\u5bb9\u91cf\u306b\u3088\u308a\u3001\u30e6\u30fc\u30b6\u30fc\u306f\u30c7\u30d0\u30a4\u30b9\u3092\u4ea4\u63db\u3059\u308b\u3053\u3068\u306a\u304f\u9577\u6642\u9593\u4f7f\u7528\u3067\u304d\u307e\u3059\u3002 \u4e00\u8cab\u3057\u305f\u5473\u306e\u54c1\u8cea\u306f\u3001\u6700\u5f8c\u306e\u52d5\u304d\u307e\u3067\u7dad\u6301\u3055\u308c\u307e\u3059\u3002<\/p>\n<h3>\u30d0\u30c3\u30c6\u30ea\u30fc\u5bb9\u91cf: 650 mAh<\/h3>\n<p>650 mAh \u306e\u30d0\u30c3\u30c6\u30ea\u30fc\u3092\u5185\u8535\u3057\u305f IQTE 45000 \u306f\u3001\u30c7\u30d0\u30a4\u30b9\u306e\u5168\u5bff\u547d\u306b\u308f\u305f\u3063\u3066\u4fe1\u983c\u3067\u304d\u308b\u30d1\u30d5\u30a9\u30fc\u30de\u30f3\u30b9\u3092\u63d0\u4f9b\u3057\u307e\u3059\u3002 \u30d0\u30c3\u30c6\u30ea\u30fc\u306f\u3001\u5145\u96fb\u3092\u5fc5\u8981\u3068\u305b\u305a\u306b\u4e00\u5b9a\u306e\u96fb\u6e90\u3092\u78ba\u4fdd\u3059\u308b\u305f\u3081\u306b\u3001\u9ad8\u3044\u5f15\u529b\u306b\u5b8c\u5168\u306b\u8abf\u6574\u3055\u308c\u3066\u3044\u307e\u3059\u3002<\/p>\n<h3>\u30cb\u30b3\u30c1\u30f3\u5f37\u5ea6: 20 mg\/ml<\/h3>\n<p>IQTE 45000 \u306b\u306f\u3001\u4e2d\u7a0b\u5ea6\u306e\u30cb\u30b3\u30c1\u30f3\u6442\u53d6\u3092\u597d\u3080\u30e6\u30fc\u30b6\u30fc\u306b\u30d0\u30e9\u30f3\u30b9\u306e\u53d6\u308c\u305f\u4f53\u9a13\u3092\u63d0\u4f9b\u3059\u308b 20 mg\/ml \u30cb\u30b3\u30c1\u30f3\u5f37\u5ea6\u304c\u542b\u307e\u308c\u3066\u3044\u307e\u3059\u3002 \u3053\u306e\u5f37\u3055\u306b\u3088\u308a\u3001\u591a\u304f\u306e\u30e6\u30fc\u30b6\u30fc\u306e\u30cb\u30fc\u30ba\u3092\u6e80\u305f\u3059\u5feb\u9069\u306a\u5589\u982d\u52b9\u679c\u304c\u4fdd\u8a3c\u3055\u308c\u307e\u3059\u3002<\/p>\n<h3>\u96fb\u5b50\u6db2\u4f53\u91cf: 18 ml<\/h3>\n<p>18 mL \u306e\u5927\u91cf\u306e\u96fb\u5b50\u6db2\u4f53\u5bb9\u91cf\u3067\u3001IQTE 45000 \u306f\u3001\u88dc\u5145\u3059\u308b\u3053\u3068\u306a\u304f\u9577\u6642\u9593\u4f7f\u7528\u3067\u304d\u308b\u3053\u3068\u3092\u4fdd\u8a3c\u3057\u307e\u3059\u3002 \u9ad8\u54c1\u8cea\u306e\u30ea\u30ad\u30c3\u30c9\u306f\u3001\u3042\u3089\u3086\u308b\u52d5\u304d\u3067\u4fdd\u5b58\u3055\u308c\u308b\u5f37\u70c8\u3067\u7d14\u7c8b\u306a\u98a8\u5473\u3092\u63d0\u4f9b\u3059\u308b\u305f\u3081\u306b\u7279\u5225\u306b\u914d\u5408\u3055\u308c\u3066\u3044\u307e\u3059\u3002<\/p>\n<h3>\u30e1\u30c3\u30b7\u30e5\u30b3\u30a4\u30eb\u6280\u8853<\/h3>\n<p>\u9769\u65b0\u7684\u306a\u30e1\u30c3\u30b7\u30e5 \u30b3\u30a4\u30eb\u6280\u8853\u306b\u3088\u308a\u3001\u96fb\u5b50\u6db2\u4f53\u304c\u5747\u7b49\u306b\u52a0\u71b1\u3055\u308c\u3001\u30d5\u30ec\u30fc\u30d0\u30fc\u304c\u6539\u5584\u3055\u308c\u3001\u84b8\u6c17\u304c\u3088\u308a\u591a\u304f\u751f\u6210\u3055\u308c\u307e\u3059\u3002 \u3053\u306e\u30c6\u30af\u30ce\u30ed\u30b8\u30fc\u306f\u52b9\u7387\u3092\u6700\u5927\u5316\u3057\u3001\u3059\u3079\u3066\u306e\u52d5\u304d\u3067\u4e00\u8cab\u3057\u305f\u4f53\u9a13\u3092\u4fdd\u8a3c\u3057\u307e\u3059\u3002<\/p>\n<h3>\u30b3\u30f3\u30d1\u30af\u30c8\u306a\u30c7\u30b6\u30a4\u30f3: 90 x 40 x 20 mm<\/h3>\n<p>\u30c7\u30d0\u30a4\u30b9\u306e\u30b5\u30a4\u30ba\u306f 90 x 40 x 20 mm \u3067\u3001\u624b\u306b\u306f\u5feb\u9069\u3067\u3059\u3002 \u8efd\u91cf\u3067\u30b3\u30f3\u30d1\u30af\u30c8\u306a\u30c7\u30b6\u30a4\u30f3\u3067\u3001\u6027\u80fd\u3092\u640d\u306a\u3046\u3053\u3068\u306a\u304f\u3001\u5916\u51fa\u5148\u3067\u306e\u4f7f\u7528\u306b\u6700\u9069\u3067\u3059\u3002 \u9ad8\u54c1\u8cea\u306e\u6280\u91cf\u306f\u3001IQTE \u30d6\u30e9\u30f3\u30c9\u306e\u54c1\u8cea\u3092\u5f37\u8abf\u3057\u3066\u3044\u307e\u3059\u3002<\/p>\n<h2>IQTE 45000 \u306e\u30d5\u30ec\u30fc\u30d0\u30fc<\/h2>\n<p>IQTE 45000 \u306f\u3001\u3055\u307e\u3056\u307e\u306a\u597d\u307f\u306b\u5408\u308f\u305b\u3066\u53b3\u9078\u3055\u308c\u305f\u3055\u307e\u3056\u307e\u306a\u30d5\u30ec\u30fc\u30d0\u30fc\u3067\u5229\u7528\u3067\u304d\u307e\u3059\u3002 \u5404\u30d5\u30ec\u30fc\u30d0\u30fc\u306f\u3001\u5f37\u70c8\u3067\u672c\u683c\u7684\u306a\u30d5\u30ec\u30fc\u30d0\u30fc\u3092\u63d0\u4f9b\u3059\u308b\u3088\u3046\u306b\u8a2d\u8a08\u3055\u308c\u3066\u3044\u307e\u3059\u3002<\/p>\n<ul>\n<li>\u30b9\u30c8\u30ed\u30d9\u30ea\u30fc\u30de\u30f3\u30b4\u30fc<\/li>\n<li>\u30b8\u30e5\u30fc\u30b7\u30fc\u30d4\u30fc\u30c1\u30a2\u30a4\u30b9<\/li>\n<li>\u611b 66<\/li>\n<li>\u30c0\u30d6\u30eb\u30a2\u30c3\u30d7\u30eb<\/li>\n<li>\u30d6\u30eb\u30fc\u30e9\u30ba\u30c1\u30a7\u30ea\u30fc<\/li>\n<li>\u30d6\u30e9\u30c3\u30af\u30d9\u30ea\u30fc\u30ec\u30c3\u30c9\u30e9\u30ba\u30d9\u30ea\u30fc<\/li>\n<li>\u30b9\u30a4\u30ab\u306e\u6c37<\/li>\n<li>\u30c1\u30a7\u30ea\u30fc\u30b3\u30fc\u30af<\/li>\n<li>\u30b9\u30ad\u30c3\u30c8\u30eb\u30ba<\/li>\n<li>\u30e9\u30ba\u30d9\u30ea\u30fc\u30b9\u30a4\u30ab<\/li>\n<\/ul>\n<div id=\"attachment_11948\" style=\"width: 810px\" class=\"wp-caption alignnone\"><img fetchpriority=\"high\" decoding=\"async\" aria-describedby=\"caption-attachment-11948\" class=\"wp-image-11948 size-large\" title=\"IQTE 45000 45K \u30d1\u30d5\" src=\"https:\/\/shopvapor.de\/wp-content\/uploads\/2025\/07\/IQTE-45000-45K-Puffs-800x800.webp\" alt=\"IQTE 45000 45K \u30d1\u30d5\" width=\"800\" height=\"800\" srcset=\"https:\/\/shopvapor.de\/wp-content\/uploads\/2025\/07\/IQTE-45000-45K-Puffs-800x800.webp 800w, https:\/\/shopvapor.de\/wp-content\/uploads\/2025\/07\/IQTE-45000-45K-Puffs-300x300.webp 300w, https:\/\/shopvapor.de\/wp-content\/uploads\/2025\/07\/IQTE-45000-45K-Puffs-150x150.webp 150w, https:\/\/shopvapor.de\/wp-content\/uploads\/2025\/07\/IQTE-45000-45K-Puffs-768x768.webp 768w, https:\/\/shopvapor.de\/wp-content\/uploads\/2025\/07\/IQTE-45000-45K-Puffs-430x430.webp 430w, https:\/\/shopvapor.de\/wp-content\/uploads\/2025\/07\/IQTE-45000-45K-Puffs-700x700.webp 700w, https:\/\/shopvapor.de\/wp-content\/uploads\/2025\/07\/IQTE-45000-45K-Puffs-180x180.webp 180w, https:\/\/shopvapor.de\/wp-content\/uploads\/2025\/07\/IQTE-45000-45K-Puffs.webp 1500w\" sizes=\"(max-width: 800px) 100vw, 800px\" \/><p id=\"caption-attachment-11948\" class=\"wp-caption-text\">\u00a0<\/p><\/div>\n<h2>\u3088\u304f\u3042\u308b\u8cea\u554f (FAQ)<\/h2>\n<p>\u3053\u3053\u3067\u306f\u3001IQTE 45000 \u306b\u95a2\u3059\u308b\u6700\u3082\u3088\u304f\u5bc4\u305b\u3089\u308c\u308b\u8cea\u554f\u306b\u7b54\u3048\u3066\u3001\u88fd\u54c1\u3092\u3088\u308a\u3088\u304f\u7406\u89e3\u3067\u304d\u308b\u3088\u3046\u306b\u3057\u307e\u3059\u3002<\/p>\n<p><strong>IQTE 45000 \u306f\u3069\u306e\u304f\u3089\u3044\u6301\u3061\u307e\u3059\u304b?<\/strong><br \/>\n\u5bff\u547d\u306f\u4f7f\u7528\u983b\u5ea6\u306b\u3088\u3063\u3066\u7570\u306a\u308a\u307e\u3059\u304c\u3001\u6700\u5927 45000 \u5217\u306e\u5217\u8eca\u3092\u4f7f\u7528\u3059\u308b\u3068\u3001\u30c7\u30d0\u30a4\u30b9\u306f\u5e73\u5747\u4f7f\u7528\u91cf\u3067\u6570\u9031\u9593\u6301\u7d9a\u3057\u307e\u3059\u3002<\/p>\n<p><strong>iqte 45000 \u3092\u88dc\u5145\u307e\u305f\u306f\u5145\u96fb\u3067\u304d\u307e\u3059\u304b?<\/strong><br \/>\n\u3044\u3044\u3048\u3001IQTE 45000 \u306f\u4f7f\u3044\u6368\u3066\u30c7\u30d0\u30a4\u30b9\u3067\u30011 \u56de\u9650\u308a\u306e\u4f7f\u7528\u306e\u305f\u3081\u306b\u8a2d\u8a08\u3055\u308c\u3066\u3044\u307e\u3059\u3002 \u88dc\u5145\u3082\u5145\u96fb\u3082\u3067\u304d\u307e\u305b\u3093\u3002<\/p>\n<p><strong>IQTE 45000 \u306f\u65e5\u5e38\u4f7f\u7528\u306b\u9069\u3057\u3066\u3044\u307e\u3059\u304b?<\/strong><br \/>\n\u306f\u3044\u3001\u30b3\u30f3\u30d1\u30af\u30c8\u306a\u30c7\u30b6\u30a4\u30f3\u3068\u9ad8\u5bb9\u91cf\u306e\u5217\u8eca\u306b\u3088\u308a\u3001\u7279\u306b\u30e1\u30f3\u30c6\u30ca\u30f3\u30b9\u306e\u5fc5\u8981\u306e\u306a\u3044\u30c7\u30d0\u30a4\u30b9\u3092\u63a2\u3057\u3066\u3044\u308b\u30e6\u30fc\u30b6\u30fc\u306b\u3068\u3063\u3066\u3001\u65e5\u5e38\u306e\u4f7f\u7528\u306b\u6700\u9069\u3067\u3059\u3002<\/p>\n<p><strong>\u96fb\u5b50\u6db2\u4f53\u307e\u305f\u306f\u30d0\u30c3\u30c6\u30ea\u30fc\u304c\u7a7a\u306b\u306a\u3063\u305f\u3089\u3069\u3046\u306a\u308a\u307e\u3059\u304b?<\/strong><br \/>\n\u96fb\u5b50\u6db2\u4f53\u307e\u305f\u306f\u30d0\u30c3\u30c6\u30ea\u30fc\u304c\u4f7f\u3044\u5207\u3089\u308c\u305f\u3089\u3001\u73fe\u5730\u306e\u898f\u5236\u306b\u5f93\u3063\u3066\u88c5\u7f6e\u3092\u5ec3\u68c4\u3059\u308b\u5fc5\u8981\u304c\u3042\u308a\u307e\u3059\u3002 \u70b9\u6ec5\u3057\u3066\u7a7a\u3067\u3042\u308b\u3053\u3068\u3092\u793a\u3057\u307e\u3059\u3002<\/p>\n<p><strong>\u30d5\u30ec\u30fc\u30d0\u30fc\u306f\u3068\u3066\u3082\u6fc3\u3044\u3067\u3059\u304b\uff1f<\/strong><br \/>\n\u306f\u3044\u3001IQTE 45000 \u306e\u30d5\u30ec\u30fc\u30d0\u30fc\u306f\u3001\u751f\u6daf\u3092\u901a\u3058\u3066\u7dad\u6301\u3055\u308c\u308b\u3001\u5f37\u70c8\u3067\u672c\u683c\u7684\u306a\u9999\u308a\u3092\u63d0\u4f9b\u3059\u308b\u3088\u3046\u306b\u914d\u5408\u3055\u308c\u3066\u3044\u307e\u3059\u3002<\/p>\n<p><strong>iqte 45000 \u306f\u3069\u3053\u3067\u8cb7\u3048\u307e\u3059\u304b?<\/strong><br \/>\nIQTE 45000 \u306f\u3001\u6b63\u898f\u8ca9\u58f2\u5e97\u304a\u3088\u3073\u516c\u5f0f\u306e IQTE Web \u30b5\u30a4\u30c8\u304b\u3089\u5165\u624b\u3067\u304d\u307e\u3059\u3002 \u6700\u9ad8\u306e\u54c1\u8cea\u3092\u78ba\u4fdd\u3059\u308b\u305f\u3081\u306b\u3001\u30aa\u30ea\u30b8\u30ca\u30eb\u88fd\u54c1\u306b\u6ce8\u610f\u3057\u3066\u304f\u3060\u3055\u3044\u3002<\/p>","protected":false},"excerpt":{"rendered":"<p dir=\"auto\">IQTE 45000 45K \u30d1\u30d5\u306f\u3001\u6700\u5927 45,000 \u5217\u306e\u5217\u8eca\u300120 ml \u306e\u96fb\u5b50\u30ea\u30ad\u30c3\u30c9\u3001650 mAh \u306e\u5145\u96fb\u5f0f\u30d0\u30c3\u30c6\u30ea\u30fc\u30015 \u3064\u306e % \u30cb\u30b3\u30c1\u30f3\u5f37\u5ea6\u3092\u63d0\u4f9b\u3057\u307e\u3059\u3002 \u30e1\u30c3\u30b7\u30e5 \u30b3\u30a4\u30eb\u6280\u8853\u3068\u3001\u5f37\u70c8\u306a\u5473\u3068\u500b\u4eba\u306e\u4f7f\u7528\u306e\u305f\u3081\u306e\u8abf\u6574\u53ef\u80fd\u306a\u6c17\u6d41\u8abf\u6574\u6a5f\u80fd\u3092\u5099\u3048\u3066\u3044\u307e\u3059\u3002<\/p>","protected":false},"featured_media":9033,"comment_status":"open","ping_status":"closed","template":"","meta":[],"product_brand":[1175],"product_cat":[1150],"product_tag":[971,996,955,952,951],"class_list":{"0":"post-9028","1":"product","2":"type-product","3":"status-publish","4":"has-post-thumbnail","6":"product_brand-iqte","7":"product_cat-45000-puffs","8":"product_tag-45k-puffs","9":"product_tag-ice-adjustable","10":"product_tag-touch-control","11":"product_tag-type-c","12":"product_tag-with-display","14":"first","15":"instock","16":"sale","17":"shipping-taxable","18":"purchasable","19":"product-type-variable"},"yoast_head":"<!-- This site is optimized with the Yoast SEO plugin v25.8 - https:\/\/yoast.com\/wordpress\/plugins\/seo\/ -->\n<title>IQTE 45000 45K Puffs 20ml Ajustable Einweg-E-Zigarette Original - ShopVapor<\/title>\n<meta name=\"description\" content=\"Der IQTE 45000 45K Puffs bietet bis zu 45.000 Z\u00fcge, 20 ml E-Liquid, 650 mAh wiederaufladbaren Akku und 5 % Nikotinst\u00e4rke. Mit Mesh-Coil-Technologie und einstellbarer Luftstromregulierung f\u00fcr intensiven Geschmack und individuelle Nutzung.\" \/>\n<meta name=\"robots\" content=\"index, follow, max-snippet:-1, max-image-preview:large, max-video-preview:-1\" \/>\n<link rel=\"canonical\" href=\"https:\/\/shopvapor.de\/ja\/product\/iqte-45000-45k-\u30d1\u30d5-20ml-\u8abf\u6574\u53ef\u80fd\u306a\u4f7f\u3044\u6368\u3066-e-\u30bf\u30d0\u30b3-\u30aa\u30ea\u30b8\u30ca\u30eb\/\" \/>\n<meta property=\"og:locale\" content=\"ja_JP\" \/>\n<meta property=\"og:type\" content=\"article\" \/>\n<meta property=\"og:title\" content=\"IQTE 45000 45K Puffs 20ml Ajustable Einweg-E-Zigarette Original - ShopVapor\" \/>\n<meta property=\"og:description\" content=\"Der IQTE 45000 45K Puffs bietet bis zu 45.000 Z\u00fcge, 20 ml E-Liquid, 650 mAh wiederaufladbaren Akku und 5 % Nikotinst\u00e4rke. Mit Mesh-Coil-Technologie und einstellbarer Luftstromregulierung f\u00fcr intensiven Geschmack und individuelle Nutzung.\" \/>\n<meta property=\"og:url\" content=\"https:\/\/shopvapor.de\/ja\/product\/iqte-45000-45k-\u30d1\u30d5-20ml-\u8abf\u6574\u53ef\u80fd\u306a\u4f7f\u3044\u6368\u3066-e-\u30bf\u30d0\u30b3-\u30aa\u30ea\u30b8\u30ca\u30eb\/\" \/>\n<meta property=\"og:site_name\" content=\"ShopVapor\" \/>\n<meta property=\"article:modified_time\" content=\"2025-07-15T08:40:42+00:00\" \/>\n<meta property=\"og:image\" content=\"https:\/\/shopvapor.de\/wp-content\/uploads\/2025\/07\/iqte-45000-45k-puffs-20ml-ajustable-einweg-e-zigarette-original-1.webp\" \/>\n\t<meta property=\"og:image:width\" content=\"1500\" \/>\n\t<meta property=\"og:image:height\" content=\"1500\" \/>\n\t<meta property=\"og:image:type\" content=\"image\/webp\" \/>\n<meta name=\"twitter:card\" content=\"summary_large_image\" \/>\n<meta name=\"twitter:label1\" content=\"\u63a8\u5b9a\u8aad\u307f\u53d6\u308a\u6642\u9593\" \/>\n\t<meta name=\"twitter:data1\" content=\"4\u5206\" \/>\n<!-- \/ Yoast SEO plugin. -->","yoast_head_json":{"title":"IQTE 45000 45K \u30d1\u30d5 20ml \u8abf\u6574\u53ef\u80fd\u306a\u4f7f\u3044\u6368\u3066\u96fb\u5b50\u30bf\u30d0\u30b3 \u30aa\u30ea\u30b8\u30ca\u30eb - ShopVapor","description":"IQTE 45000 45K \u30d1\u30d5\u306f\u3001\u6700\u5927 45,000 \u5217\u306e\u5217\u8eca\u300120 ml \u306e\u96fb\u5b50\u30ea\u30ad\u30c3\u30c9\u3001650 mAh \u306e\u5145\u96fb\u5f0f\u30d0\u30c3\u30c6\u30ea\u30fc\u30015 \u3064\u306e % \u30cb\u30b3\u30c1\u30f3\u5f37\u5ea6\u3092\u63d0\u4f9b\u3057\u307e\u3059\u3002 \u30e1\u30c3\u30b7\u30e5 \u30b3\u30a4\u30eb\u6280\u8853\u3068\u3001\u5f37\u70c8\u306a\u5473\u3068\u500b\u4eba\u306e\u4f7f\u7528\u306e\u305f\u3081\u306e\u8abf\u6574\u53ef\u80fd\u306a\u6c17\u6d41\u8abf\u6574\u6a5f\u80fd\u3092\u5099\u3048\u3066\u3044\u307e\u3059\u3002","robots":{"index":"index","follow":"follow","max-snippet":"max-snippet:-1","max-image-preview":"max-image-preview:large","max-video-preview":"max-video-preview:-1"},"canonical":"https:\/\/shopvapor.de\/ja\/product\/iqte-45000-45k-\u30d1\u30d5-20ml-\u8abf\u6574\u53ef\u80fd\u306a\u4f7f\u3044\u6368\u3066-e-\u30bf\u30d0\u30b3-\u30aa\u30ea\u30b8\u30ca\u30eb\/","og_locale":"ja_JP","og_type":"article","og_title":"IQTE 45000 45K Puffs 20ml Ajustable Einweg-E-Zigarette Original - ShopVapor","og_description":"Der IQTE 45000 45K Puffs bietet bis zu 45.000 Z\u00fcge, 20 ml E-Liquid, 650 mAh wiederaufladbaren Akku und 5 % Nikotinst\u00e4rke. Mit Mesh-Coil-Technologie und einstellbarer Luftstromregulierung f\u00fcr intensiven Geschmack und individuelle Nutzung.","og_url":"https:\/\/shopvapor.de\/ja\/product\/iqte-45000-45k-\u30d1\u30d5-20ml-\u8abf\u6574\u53ef\u80fd\u306a\u4f7f\u3044\u6368\u3066-e-\u30bf\u30d0\u30b3-\u30aa\u30ea\u30b8\u30ca\u30eb\/","og_site_name":"ShopVapor","article_modified_time":"2025-07-15T08:40:42+00:00","og_image":[{"width":1500,"height":1500,"url":"https:\/\/shopvapor.de\/wp-content\/uploads\/2025\/07\/iqte-45000-45k-puffs-20ml-ajustable-einweg-e-zigarette-original-1.webp","type":"image\/webp"}],"twitter_card":"summary_large_image","twitter_misc":{"\u63a8\u5b9a\u8aad\u307f\u53d6\u308a\u6642\u9593":"4\u5206"},"schema":{"@context":"https:\/\/schema.org","@graph":[{"@type":"WebPage","@id":"https:\/\/shopvapor.de\/produkt\/iqte-45000-45k-puffs-20ml-ajustable-einweg-e-zigarette-original\/","url":"https:\/\/shopvapor.de\/produkt\/iqte-45000-45k-puffs-20ml-ajustable-einweg-e-zigarette-original\/","name":"IQTE 45000 45K \u30d1\u30d5 20ml \u8abf\u6574\u53ef\u80fd\u306a\u4f7f\u3044\u6368\u3066\u96fb\u5b50\u30bf\u30d0\u30b3 \u30aa\u30ea\u30b8\u30ca\u30eb - ShopVapor","isPartOf":{"@id":"https:\/\/shopvapor.de\/#website"},"primaryImageOfPage":{"@id":"https:\/\/shopvapor.de\/produkt\/iqte-45000-45k-puffs-20ml-ajustable-einweg-e-zigarette-original\/#primaryimage"},"image":{"@id":"https:\/\/shopvapor.de\/produkt\/iqte-45000-45k-puffs-20ml-ajustable-einweg-e-zigarette-original\/#primaryimage"},"thumbnailUrl":"https:\/\/shopvapor.de\/wp-content\/uploads\/2025\/07\/iqte-45000-45k-puffs-20ml-ajustable-einweg-e-zigarette-original-1.webp","datePublished":"2025-07-02T06:43:40+00:00","dateModified":"2025-07-15T08:40:42+00:00","description":"IQTE 45000 45K \u30d1\u30d5\u306f\u3001\u6700\u5927 45,000 \u5217\u306e\u5217\u8eca\u300120 ml \u306e\u96fb\u5b50\u30ea\u30ad\u30c3\u30c9\u3001650 mAh \u306e\u5145\u96fb\u5f0f\u30d0\u30c3\u30c6\u30ea\u30fc\u30015 \u3064\u306e % \u30cb\u30b3\u30c1\u30f3\u5f37\u5ea6\u3092\u63d0\u4f9b\u3057\u307e\u3059\u3002 \u30e1\u30c3\u30b7\u30e5 \u30b3\u30a4\u30eb\u6280\u8853\u3068\u3001\u5f37\u70c8\u306a\u5473\u3068\u500b\u4eba\u306e\u4f7f\u7528\u306e\u305f\u3081\u306e\u8abf\u6574\u53ef\u80fd\u306a\u6c17\u6d41\u8abf\u6574\u6a5f\u80fd\u3092\u5099\u3048\u3066\u3044\u307e\u3059\u3002","breadcrumb":{"@id":"https:\/\/shopvapor.de\/produkt\/iqte-45000-45k-puffs-20ml-ajustable-einweg-e-zigarette-original\/#breadcrumb"},"inLanguage":"ja","potentialAction":[{"@type":"ReadAction","target":["https:\/\/shopvapor.de\/produkt\/iqte-45000-45k-puffs-20ml-ajustable-einweg-e-zigarette-original\/"]}]},{"@type":"ImageObject","inLanguage":"ja","@id":"https:\/\/shopvapor.de\/produkt\/iqte-45000-45k-puffs-20ml-ajustable-einweg-e-zigarette-original\/#primaryimage","url":"https:\/\/shopvapor.de\/wp-content\/uploads\/2025\/07\/iqte-45000-45k-puffs-20ml-ajustable-einweg-e-zigarette-original-1.webp","contentUrl":"https:\/\/shopvapor.de\/wp-content\/uploads\/2025\/07\/iqte-45000-45k-puffs-20ml-ajustable-einweg-e-zigarette-original-1.webp","width":1500,"height":1500},{"@type":"BreadcrumbList","@id":"https:\/\/shopvapor.de\/produkt\/iqte-45000-45k-puffs-20ml-ajustable-einweg-e-zigarette-original\/#breadcrumb","itemListElement":[{"@type":"ListItem","position":1,"name":"Startseite","item":"https:\/\/shopvapor.de\/"},{"@type":"ListItem","position":2,"name":"Shop","item":"https:\/\/shopvapor.de\/shop\/"},{"@type":"ListItem","position":3,"name":"IQTE 45000 45K Puffs 20ml Ajustable Einweg-E-Zigarette Original"}]},{"@type":"WebSite","@id":"https:\/\/shopvapor.de\/#website","url":"https:\/\/shopvapor.de\/","name":"\u30b7\u30e7\u30c3\u30d7\u30d9\u30fc\u30d1\u30fc","description":"","potentialAction":[{"@type":"SearchAction","target":{"@type":"EntryPoint","urlTemplate":"https:\/\/shopvapor.de\/?s={search_term_string}"},"query-input":{"@type":"PropertyValueSpecification","valueRequired":true,"valueName":"search_term_string"}}],"inLanguage":"ja"}]}},"_links":{"self":[{"href":"https:\/\/shopvapor.de\/ja\/wp-json\/wp\/v2\/product\/9028","targetHints":{"allow":["GET"]}}],"collection":[{"href":"https:\/\/shopvapor.de\/ja\/wp-json\/wp\/v2\/product"}],"about":[{"href":"https:\/\/shopvapor.de\/ja\/wp-json\/wp\/v2\/types\/product"}],"replies":[{"embeddable":true,"href":"https:\/\/shopvapor.de\/ja\/wp-json\/wp\/v2\/comments?post=9028"}],"version-history":[{"count":3,"href":"https:\/\/shopvapor.de\/ja\/wp-json\/wp\/v2\/product\/9028\/revisions"}],"predecessor-version":[{"id":11951,"href":"https:\/\/shopvapor.de\/ja\/wp-json\/wp\/v2\/product\/9028\/revisions\/11951"}],"wp:featuredmedia":[{"embeddable":true,"href":"https:\/\/shopvapor.de\/ja\/wp-json\/wp\/v2\/media\/9033"}],"wp:attachment":[{"href":"https:\/\/shopvapor.de\/ja\/wp-json\/wp\/v2\/media?parent=9028"}],"wp:term":[{"taxonomy":"product_brand","embeddable":true,"href":"https:\/\/shopvapor.de\/ja\/wp-json\/wp\/v2\/product_brand?post=9028"},{"taxonomy":"product_cat","embeddable":true,"href":"https:\/\/shopvapor.de\/ja\/wp-json\/wp\/v2\/product_cat?post=9028"},{"taxonomy":"product_tag","embeddable":true,"href":"https:\/\/shopvapor.de\/ja\/wp-json\/wp\/v2\/product_tag?post=9028"}],"curies":[{"name":"wp","href":"https:\/\/api.w.org\/{rel}","templated":true}]}}