{"id":9082,"date":"2025-07-02T06:46:11","date_gmt":"2025-07-02T06:46:11","guid":{"rendered":"https:\/\/shopvapor.de\/?post_type=product&#038;p=9082"},"modified":"2025-07-15T08:37:42","modified_gmt":"2025-07-15T08:37:42","slug":"jnr-alien-10000-10k-%e3%83%91%e3%83%95-20ml-%e4%bd%bf%e3%81%84%e6%8d%a8%e3%81%a6-e-%e3%82%bf%e3%83%90%e3%82%b3-rgb-%e3%82%aa%e3%83%aa%e3%82%b8%e3%83%8a%e3%83%ab","status":"publish","type":"product","link":"https:\/\/shopvapor.de\/ja\/product\/jnr-alien-10000-10k-%e3%83%91%e3%83%95-20ml-%e4%bd%bf%e3%81%84%e6%8d%a8%e3%81%a6-e-%e3%82%bf%e3%83%90%e3%82%b3-rgb-%e3%82%aa%e3%83%aa%e3%82%b8%e3%83%8a%e3%83%ab\/","title":{"rendered":"JNR Alien 10000 10K \u30d1\u30d5 20ml \u4f7f\u3044\u6368\u3066\u96fb\u5b50\u30bf\u30d0\u30b3 RGB \u30aa\u30ea\u30b8\u30ca\u30eb"},"content":{"rendered":"<h2 dir=\"auto\">JNR Alien 10000 - \u5f37\u529b\u306a\u4f7f\u3044\u6368\u3066\u96fb\u5b50\u30bf\u30d0\u30b3<\/h2>\n<p dir=\"auto\">JNR Alien 10000 \u306f\u3001\u696d\u754c\u3067\u306e\u4fe1\u983c\u6027\u3068\u9769\u65b0\u7684\u306a\u30bd\u30ea\u30e5\u30fc\u30b7\u30e7\u30f3\u3092\u8868\u3057\u3066\u3044\u308b JNR \u30d6\u30e9\u30f3\u30c9\u306e\u9ad8\u54c1\u8cea\u306a\u88fd\u54c1\u3067\u3059\u3002 \u3053\u306e\u4f7f\u3044\u6368\u3066\u96fb\u5b50\u30bf\u30d0\u30b3\u306f\u3001\u8010\u4e45\u6027\u3001\u98a8\u5473\u3001\u305d\u3057\u3066\u4f7f\u3044\u52dd\u624b\u306e\u826f\u3044\u30c7\u30b6\u30a4\u30f3\u3092\u7d44\u307f\u5408\u308f\u305b\u305f\u3082\u306e\u3067\u3059\u3002 \u6700\u5927 10,000 \u5217\u306e\u5217\u8eca\u306e\u5bb9\u91cf\u3092\u5099\u3048\u305f\u3053\u306e\u88fd\u54c1\u306f\u3001\u6bce\u65e5\u306e\u4f7f\u7528\u306b\u9069\u3057\u3066\u304a\u308a\u3001\u5805\u7262\u306a\u69cb\u9020\u3067\u5370\u8c61\u7684\u3067\u3059\u3002 JNR \u30d6\u30e9\u30f3\u30c9\u306f\u3001\u54c1\u8cea\u3068\u7cbe\u5ea6\u3092\u91cd\u8996\u3057\u3066\u304a\u308a\u3001\u3053\u306e\u30c7\u30d0\u30a4\u30b9\u306e\u7d30\u90e8\u306b\u307e\u3067\u6c17\u3092\u914d\u308a\u307e\u3059\u3002 \u6750\u6599\u306e\u614e\u91cd\u306a\u9078\u629e\u307e\u305f\u306f\u6700\u9069\u5316\u3055\u308c\u305f\u6280\u8853\u306b\u3088\u308b - JNR \u306f\u3001\u4e00\u8cab\u3057\u305f\u4f53\u9a13\u3092\u4fdd\u8a3c\u3057\u307e\u3059\u3002<\/p>\n<h2 dir=\"auto\">\u88fd\u54c1\u4ed5\u69d8<\/h2>\n<p dir=\"auto\">JNR Alien 10000 \u306f\u3001\u9577\u5bff\u547d\u3068\u5b89\u5b9a\u3057\u305f\u6027\u80fd\u3092\u4fdd\u8a3c\u3059\u308b\u6280\u8853\u7684\u7279\u5fb4\u304c\u7279\u5fb4\u3067\u3059\u3002 \u4ee5\u4e0b\u306f\u3001\u305d\u306e\u5229\u70b9\u3092\u542b\u3081\u305f\u91cd\u8981\u306a\u30d1\u30e9\u30e1\u30fc\u30bf\u3067\u3059\u3002<\/p>\n<h3 dir=\"auto\">\u5217\u8eca\u306e\u6570: 10,000<\/h3>\n<p dir=\"auto\">\u6700\u5927 10,000 \u5217\u306e\u5217\u8eca\u306e\u5bb9\u91cf\u3092\u6301\u3064 JNR Alien 10000 \u306f\u3001\u4ed6\u306e\u591a\u304f\u306e\u4f7f\u3044\u6368\u3066\u30c7\u30d0\u30a4\u30b9\u306b\u6bd4\u3079\u3066\u975e\u5e38\u306b\u9577\u5bff\u547d\u3067\u3059\u3002 \u3053\u306e\u5229\u70b9\u306b\u3088\u308a\u3001\u983b\u7e41\u306a\u5909\u66f4\u3092\u52a0\u3048\u305a\u306b\u88fd\u54c1\u3092\u9577\u671f\u9593\u306b\u308f\u305f\u3063\u3066\u4f7f\u7528\u3067\u304d\u308b\u3088\u3046\u306b\u306a\u308a\u3001JNR \u6280\u8853\u306e\u52b9\u7387\u6027\u304c\u5f37\u8abf\u3055\u308c\u307e\u3059\u3002<\/p>\n<h3 dir=\"auto\">\u30d0\u30c3\u30c6\u30ea\u30fc: 850 mAh \u306e\u5145\u96fb\u5f0f<\/h3>\n<p dir=\"auto\">850 mAh \u306e\u5185\u8535\u30d0\u30c3\u30c6\u30ea\u30fc\u306f\u5145\u96fb\u5f0f\u3067\u3001\u4f7f\u7528\u4e2d\u3082\u5b89\u5b9a\u3057\u305f\u96fb\u6e90\u3092\u63d0\u4f9b\u3057\u307e\u3059\u3002 Type-C \u306e\u5145\u96fb\u6a5f\u80fd\u306b\u3088\u308a\u3001\u7d20\u65e9\u304f\u7c21\u5358\u306b\u5145\u96fb\u3067\u304d\u307e\u3059\u3002 \u3053\u306e\u5074\u9762\u306f\u4fe1\u983c\u6027\u3092\u5411\u4e0a\u3055\u305b\u3001\u4e2d\u65ad\u3092\u6e1b\u3089\u3057\u307e\u3059\u3002\u3053\u308c\u306f\u3001JNR \u30d6\u30e9\u30f3\u30c9\u304c\u8010\u4e45\u6027\u306e\u3042\u308b\u30b3\u30f3\u30dd\u30fc\u30cd\u30f3\u30c8\u306b\u91cd\u70b9\u3092\u7f6e\u3044\u3066\u5b9f\u8a3c\u3059\u308b\u3053\u3068\u3092\u793a\u3057\u3066\u3044\u307e\u3059\u3002<\/p>\n<h3 dir=\"auto\">\u96fb\u5b50\u6db2\u4f53\u5bb9\u91cf: 20ml<\/h3>\n<p dir=\"auto\">20 ml \u306e\u96fb\u5b50\u6db2\u4f53\u306e\u305f\u3063\u3077\u308a\u306e\u5145\u586b\u91cf\u306f\u3001\u96c6\u4e2d\u7684\u3067\u6301\u7d9a\u7684\u306a\u5473\u899a\u306e\u767a\u9054\u3092\u53ef\u80fd\u306b\u3057\u307e\u3059\u3002 \u3053\u306e\u5229\u70b9\u306b\u3088\u308a\u3001\u88dc\u5145\u306e\u5fc5\u8981\u6027\u304c\u6700\u5c0f\u9650\u306b\u6291\u3048\u3089\u308c\u3001\u9ad8\u54c1\u8cea\u306e JNR \u30d6\u30e9\u30f3\u30c9\u88fd\u54c1\u306e\u5178\u578b\u3067\u3042\u308b\u5229\u4fbf\u6027\u304c\u6700\u5927\u5316\u3055\u308c\u307e\u3059\u3002<\/p>\n<h3 dir=\"auto\">\u30b3\u30a4\u30eb: 1.2\u03a9 \u62b5\u6297\u30e1\u30c3\u30b7\u30e5\u30b3\u30a4\u30eb<\/h3>\n<p dir=\"auto\">1.2 \u03a9 \u306e\u62b5\u6297\u5024\u3092\u6301\u3064\u30e1\u30c3\u30b7\u30e5 \u30b3\u30a4\u30eb\u306f\u3001\u5747\u4e00\u306a\u52a0\u71b1\u3068\u6700\u9069\u306a\u5473\u899a\u89e3\u653e\u3092\u4fdd\u8a3c\u3057\u307e\u3059\u3002 \u3053\u306e\u6280\u8853\u7684\u306a\u5229\u70b9\u306b\u3088\u308a\u3001\u5404\u5217\u8eca\u3067\u4e00\u8cab\u3057\u305f\u30d1\u30d5\u30a9\u30fc\u30de\u30f3\u30b9\u304c\u5f97\u3089\u308c\u3001JNR \u30d6\u30e9\u30f3\u30c9\u306e\u54c1\u8cea\u57fa\u6e96\u304c\u5f37\u8abf\u3055\u308c\u307e\u3059\u3002<\/p>\n<h3 dir=\"auto\">\u30cb\u30b3\u30c1\u30f3\u5f37\u5ea6: 0 %\u30012 % \u307e\u305f\u306f 5 %<\/h3>\n<p dir=\"auto\">\u3055\u307e\u3056\u307e\u306a\u30cb\u30b3\u30c1\u30f3\u5f37\u5ea6 (0 %\u30012 % \u307e\u305f\u306f 5 %) \u3067\u5229\u7528\u53ef\u80fd\u3067\u3001JNR Alien 10000 \u306f\u3001\u500b\u3005\u306e\u597d\u307f\u306b\u9069\u5fdc\u3057\u307e\u3059\u3002 \u3053\u306e\u67d4\u8edf\u306a\u30a2\u30d7\u30ed\u30fc\u30c1\u306f\u3001\u5f37\u5ea6\u5236\u5fa1\u3092\u63d0\u4f9b\u3057\u3001JNR \u304c\u77e5\u3089\u308c\u3066\u3044\u308b\u9069\u5fdc\u6027\u3092\u5f37\u8abf\u3057\u307e\u3059\u3002<\/p>\n<h3 dir=\"auto\">\u305d\u306e\u4ed6\u306e\u6a5f\u80fd: \u8abf\u6574\u53ef\u80fd\u306a\u30a8\u30a2\u30d5\u30ed\u30fc\u3068 RGB \u7167\u660e<\/h3>\n<p dir=\"auto\">\u8abf\u6574\u53ef\u80fd\u306a\u30a8\u30a2\u30d5\u30ed\u30fc\u306b\u3088\u308a\u3001\u30d1\u30fc\u30bd\u30ca\u30e9\u30a4\u30ba\u3055\u308c\u305f\u30d7\u30eb\u5f37\u5ea6\u304c\u53ef\u80fd\u306b\u306a\u308a\u3001RGB \u7167\u660e\u306f\u30e2\u30c0\u30f3\u306a\u30c7\u30b6\u30a4\u30f3\u8981\u7d20\u3067\u3059\u3002 \u3053\u308c\u3089\u306e\u6a5f\u80fd\u306b\u3088\u308a\u3001JNR \u30d6\u30e9\u30f3\u30c9\u306e\u9769\u65b0\u7684\u306a\u65b9\u5411\u6027\u3092\u5f37\u8abf\u3057\u3001\u30cf\u30f3\u30c9\u30ea\u30f3\u30b0\u3068\u5916\u89b3\u304c\u5411\u4e0a\u3057\u307e\u3059\u3002<\/p>\n<h2 dir=\"auto\">\u5229\u7528\u53ef\u80fd\u306a\u30d5\u30ec\u30fc\u30d0\u30fc<\/h2>\n<ul dir=\"auto\">\n<li>\u30d6\u30e9\u30c3\u30af \u30c9\u30e9\u30b4\u30f3 \u30a2\u30a4\u30b9: \u30af\u30fc\u30eb\u306a\u30e1\u30f3\u30bd\u30fc\u30eb\u4ed5\u4e0a\u3052\u306e\u30a8\u30ad\u30be\u30c1\u30c3\u30af \u30c9\u30e9\u30b4\u30f3 \u30d5\u30eb\u30fc\u30c4\u3002<\/li>\n<li>\u30d6\u30eb\u30fc \u30e9\u30ba \u30c1\u30a7\u30ea\u30fc: \u30b8\u30e5\u30fc\u30b7\u30fc \u30c1\u30a7\u30ea\u30fc\u3068\u7d44\u307f\u5408\u308f\u305b\u305f\u3001\u7518\u9178\u3063\u3071\u3044\u30d6\u30eb\u30fc\u306e\u30e9\u30ba\u30d9\u30ea\u30fc\u3002<\/li>\n<li>Blue Razz Ice: \u51b7\u3084\u3084\u304b\u306a\u30ad\u30c3\u30af\u306e\u3042\u308b\u30d6\u30eb\u30fc \u30e9\u30ba\u30d9\u30ea\u30fc\u3002<\/li>\n<li>\u30d6\u30eb\u30fc\u30d9\u30ea\u30fc \u30d0\u30d6\u30eb \u30ac\u30e0: \u30c1\u30e5\u30fc\u30a4\u30f3\u30ac\u30e0\u306e\u98a8\u5473\u306e\u7518\u3044\u30d6\u30eb\u30fc\u30d9\u30ea\u30fc\u3002<\/li>\n<li>\u30d6\u30eb\u30fc\u30d9\u30ea\u30fc \u30c1\u30a7\u30ea\u30fc \u30af\u30e9\u30f3\u30d9\u30ea\u30fc: \u30d6\u30eb\u30fc\u30d9\u30ea\u30fc\u3001\u30c1\u30a7\u30ea\u30fc\u3001\u30af\u30e9\u30f3\u30d9\u30ea\u30fc\u306e\u30d6\u30ec\u30f3\u30c9\u3002<\/li>\n<li>\u30d6\u30eb\u30fc\u30d9\u30ea\u30fc \u30aa\u30f3 \u30a2\u30a4\u30b9: \u30e1\u30f3\u30bd\u30fc\u30eb\u3092\u6dfb\u3048\u305f\u30d5\u30ec\u30c3\u30b7\u30e5 \u30d6\u30eb\u30fc\u30d9\u30ea\u30fc\u3002<\/li>\n<li>\u30d6\u30eb\u30fc\u30d9\u30ea\u30fc \u30b5\u30ef\u30fc \u30e9\u30ba\u30d9\u30ea\u30fc: \u30d6\u30eb\u30fc\u30d9\u30ea\u30fc \u30b5\u30ef\u30fc \u30e9\u30ba\u30d9\u30ea\u30fc\u306e\u5165\u3063\u305f\u30d6\u30eb\u30fc\u30d9\u30ea\u30fc\u3002<\/li>\n<li>\u70ad\u9178\u30c1\u30a7\u30ea\u30fc \u30b3\u30fc\u30e9: \u6ce1\u7acb\u3064\u30c1\u30a7\u30ea\u30fc\u98a8\u5473\u306e\u30b3\u30fc\u30e9\u3002<\/li>\n<li>\u30b0\u30ec\u30fc\u30d7 \u30a2\u30a4\u30b9: \u7518\u3044\u30d6\u30c9\u30a6\u306e\u51b7\u305f\u3044\u4ed5\u4e0a\u304c\u308a\u3002<\/li>\n<li>\u30ad\u30a6\u30a4 \u30d1\u30c3\u30b7\u30e7\u30f3 \u30d5\u30eb\u30fc\u30c4 \u30b0\u30a2\u30d0: \u30ad\u30a6\u30a4\u3001\u30d1\u30c3\u30b7\u30e7\u30f3 \u30d5\u30eb\u30fc\u30c4\u3001\u30b0\u30a2\u30d0\u306e\u30a8\u30ad\u30be\u30c1\u30c3\u30af\u306a\u30d6\u30ec\u30f3\u30c9\u3002<\/li>\n<li>\u30ad\u30a6\u30a4 \u30b9\u30c8\u30ed\u30d9\u30ea\u30fc: \u30b8\u30e5\u30fc\u30b7\u30fc\u306a\u30a4\u30c1\u30b4\u3068\u30ad\u30a6\u30a4\u306e\u65b0\u9bae\u306a\u30ad\u30a6\u30a4\u3002<\/li>\n<li>\u30ec\u30e2\u30f3\u3068\u30e9\u30a4\u30e0: \u30ec\u30e2\u30f3\u3068\u30e9\u30a4\u30e0\u306e\u30af\u30ea\u30b9\u30d4\u30fc\u306a\u67d1\u6a58\u985e\u306e\u7d44\u307f\u5408\u308f\u305b\u3002<\/li>\n<li>\u30df\u30c3\u30af\u30b9 \u30d9\u30ea\u30fc: \u3055\u307e\u3056\u307e\u306a\u30d9\u30ea\u30fc \u30d6\u30ec\u30f3\u30c9\u3067\u3001\u5f37\u70c8\u306a\u98a8\u5473\u3092\u5b9f\u73fe\u3057\u3066\u3044\u307e\u3059\u3002<\/li>\n<li>Mr.Blue: \u30af\u30fc\u30eb\u306a\u3072\u306d\u308a\u3092\u52a0\u3048\u305f\u30e6\u30cb\u30fc\u30af\u306a\u30d6\u30eb\u30fc\u30d9\u30ea\u30fc \u30d6\u30ec\u30f3\u30c9\u3002<\/li>\n<li>\u30d1\u30c3\u30b7\u30e7\u30f3 \u30d5\u30eb\u30fc\u30c4: \u71b1\u5e2f\u306e\u30d1\u30c3\u30b7\u30e7\u30f3 \u30d5\u30eb\u30fc\u30c4\u3002<\/li>\n<li>\u30d4\u30fc\u30c1\u30d9\u30ea\u30fc\uff1a\u30d4\u30fc\u30c1\u3068\u30d9\u30ea\u30fc\u306e\u6df7\u5408\u7269\u3002<\/li>\n<li>\u30d4\u30fc\u30c1 \u30d6\u30eb\u30fc\u30d9\u30ea\u30fc \u30ad\u30e3\u30f3\u30c7\u30a3\u30fc: \u30d4\u30fc\u30c1\u3068\u30d6\u30eb\u30fc\u30d9\u30ea\u30fc\u306b\u7518\u3044\u30ad\u30e3\u30f3\u30c7\u30a3\u30fc\u306e\u98a8\u5473\u304c\u3042\u308a\u307e\u3059\u3002<\/li>\n<li>\u6843\u306e\u6c37: \u30e1\u30f3\u30bd\u30fc\u30eb\u5165\u308a\u30b8\u30e5\u30fc\u30b7\u30fc \u30d4\u30fc\u30c1\u3002<\/li>\n<li>\u30d4\u30fc\u30c1 \u30de\u30f3\u30b4\u30fc \u30d1\u30a4\u30ca\u30c3\u30d7\u30eb: \u30d4\u30fc\u30c1\u3001\u30de\u30f3\u30b4\u30fc\u3001\u30d1\u30a4\u30ca\u30c3\u30d7\u30eb\u306e\u30c8\u30ed\u30d4\u30ab\u30eb \u30d6\u30ec\u30f3\u30c9\u3002<\/li>\n<li>\u30d1\u30a4\u30ca\u30c3\u30d7\u30eb \u30a2\u30a4\u30b9: \u65b0\u9bae\u306a\u30d1\u30a4\u30ca\u30c3\u30d7\u30eb\u306b\u6c37\u306e\u3088\u3046\u306a\u4ed5\u4e0a\u304c\u308a\u3002<\/li>\n<li>\u30b5\u30ef\u30fc \u30a2\u30c3\u30d7\u30eb: \u304d\u3089\u3081\u304f\u30b0\u30ea\u30fc\u30f3 \u30a2\u30c3\u30d7\u30eb\u3068\u3001\u3055\u308f\u3084\u304b\u306a\u5473\u308f\u3044\u3002<\/li>\n<li>\u30b9\u30c8\u30ed\u30d9\u30ea\u30fc \u30d0\u30ca\u30ca: \u30af\u30ea\u30fc\u30df\u30fc\u306a\u30d0\u30ca\u30ca\u3001\u7518\u3044\u30a4\u30c1\u30b4\u3002<\/li>\n<li>\u30b9\u30c8\u30ed\u30d9\u30ea\u30fc \u30a2\u30a4\u30b9: \u30b8\u30e5\u30fc\u30b7\u30fc\u306a\u30a4\u30c1\u30b4\u3068\u30e1\u30f3\u30c8\u30fc\u30eb\u3002<\/li>\n<li>\u30b9\u30c8\u30ed\u30d9\u30ea\u30fc \u30e9\u30ba\u30d9\u30ea\u30fc \u30c1\u30a7\u30ea\u30fc \u30a2\u30a4\u30b9: \u30a4\u30c1\u30b4\u3001\u30e9\u30ba\u30d9\u30ea\u30fc\u3001\u30c1\u30a7\u30ea\u30fc\u3068\u30a2\u30a4\u30b9\u30af\u30ea\u30fc\u30e0\u3002<\/li>\n<li>\u30a4\u30c1\u30b4\u306e\u30b9\u30a4\u30ab\u30a2\u30a4\u30b9: \u30a4\u30c1\u30b4\u3068\u30b9\u30a4\u30ab\u3068\u30e1\u30f3\u30c8\u30fc\u30eb\u3002<\/li>\n<li>\u30b9\u30c8\u30ed\u30d9\u30ea\u30fc \u30b9\u30a4\u30ab \u30ec\u30e2\u30cd\u30fc\u30c9: \u30a4\u30c1\u30b4\u3068\u30b9\u30a4\u30ab\u3068\u30ec\u30e2\u30cd\u30fc\u30c9\u3002<\/li>\n<li>\u30b9\u30a4\u30ab \u30d0\u30d6\u30eb\u30ac\u30e0: \u30c1\u30e5\u30fc\u30a4\u30f3\u30ac\u30e0\u306e\u30ce\u30fc\u30c8\u306e\u30b9\u30a4\u30ab\u3002<\/li>\n<li>\u30b9\u30a4\u30ab \u30a2\u30a4\u30b9: \u6c37\u306e\u3088\u3046\u306a\u30ad\u30c3\u30af\u306e\u3042\u308b\u65b0\u9bae\u306a\u30b9\u30a4\u30ab\u3002<\/li>\n<li>\u9244\u306e\u91b8\u9020: \u304d\u3089\u3081\u304f\u3001\u7518\u304f\u30d5\u30eb\u30fc\u30c6\u30a3\u30fc\u306a\u5473\u3002<\/li>\n<li>\u30d6\u30e9\u30c3\u30af \u30a2\u30a4\u30b9: \u30af\u30fc\u30eb\u306a\u30e1\u30f3\u30c8\u30fc\u30eb\u3092\u6dfb\u3048\u305f\u30c0\u30fc\u30af \u30d9\u30ea\u30fc\u3002<\/li>\n<li>Guava Ice: \u30a8\u30ad\u30be\u30c1\u30c3\u30af\u306a\u30b0\u30a2\u30d0\u3067\u3001\u30af\u30fc\u30eb\u306a\u4ed5\u4e0a\u304c\u308a\u3002<\/li>\n<li>\u30e1\u30bf\u30e0\u30fc\u30f3: \u30d5\u30eb\u30fc\u30c6\u30a3\u30fc\u3067\u7518\u3044\u30d7\u30ed\u30d5\u30a1\u30a4\u30eb\u3092\u6301\u3064\u30e6\u30cb\u30fc\u30af\u306a\u30d6\u30ec\u30f3\u30c9\u3002<\/li>\n<li>\u30c8\u30ea\u30d7\u30eb \u30de\u30f3\u30b4\u30fc: \u7518\u304f\u3066\u30b8\u30e5\u30fc\u30b7\u30fc\u306a\u30de\u30f3\u30b4\u30fc\u306e\u30c8\u30ea\u30d7\u30eb \u30c9\u30fc\u30ba\u3002<\/li>\n<\/ul>\n<p><img fetchpriority=\"high\" decoding=\"async\" class=\"wp-image-11941 size-full\" title=\"JNR Alien 10000 10K \u30d1\u30d5\" src=\"https:\/\/shopvapor.de\/wp-content\/uploads\/2025\/07\/JNR-Alien-10000-10K-Puffs.webp\" alt=\"JNR Alien 10000 10K \u30d1\u30d5\" width=\"1080\" height=\"1080\" srcset=\"https:\/\/shopvapor.de\/wp-content\/uploads\/2025\/07\/JNR-Alien-10000-10K-Puffs.webp 1080w, https:\/\/shopvapor.de\/wp-content\/uploads\/2025\/07\/JNR-Alien-10000-10K-Puffs-300x300.webp 300w, https:\/\/shopvapor.de\/wp-content\/uploads\/2025\/07\/JNR-Alien-10000-10K-Puffs-800x800.webp 800w, https:\/\/shopvapor.de\/wp-content\/uploads\/2025\/07\/JNR-Alien-10000-10K-Puffs-150x150.webp 150w, https:\/\/shopvapor.de\/wp-content\/uploads\/2025\/07\/JNR-Alien-10000-10K-Puffs-768x768.webp 768w, https:\/\/shopvapor.de\/wp-content\/uploads\/2025\/07\/JNR-Alien-10000-10K-Puffs-430x430.webp 430w, https:\/\/shopvapor.de\/wp-content\/uploads\/2025\/07\/JNR-Alien-10000-10K-Puffs-700x700.webp 700w, https:\/\/shopvapor.de\/wp-content\/uploads\/2025\/07\/JNR-Alien-10000-10K-Puffs-180x180.webp 180w\" sizes=\"(max-width: 1080px) 100vw, 1080px\" \/><\/p>\n<h2 dir=\"auto\">\u3088\u304f\u3042\u308b\u8cea\u554f (FAQ)<\/h2>\n<h3 dir=\"auto\">JRNR \u30a8\u30a4\u30ea\u30a2\u30f3 10000 \u306f\u3069\u306e\u304f\u3089\u3044\u6301\u3061\u307e\u3059\u304b?<\/h3>\n<p dir=\"auto\">JNR Alien 10000 \u306f\u3001\u500b\u3005\u306e\u4f7f\u7528\u5f37\u5ea6\u306b\u5fdc\u3058\u3066\u3001\u6700\u5927 10,000 \u5217\u306e\u5217\u8eca\u5411\u3051\u306b\u8a2d\u8a08\u3055\u308c\u3066\u3044\u307e\u3059\u3002 \u3053\u308c\u306b\u3088\u308a\u3001\u4e2d\u7a0b\u5ea6\u306e\u4f7f\u7528\u304c\u6570\u9031\u9593\u53ef\u80fd\u306b\u306a\u308a\u307e\u3059\u3002<\/p>\n<h3 dir=\"auto\">JNR \u30a8\u30a4\u30ea\u30a2\u30f3 10000 \u306f\u5145\u96fb\u5f0f\u3067\u3059\u304b?<\/h3>\n<p dir=\"auto\">\u306f\u3044\u3001850 mAh \u306e\u30d0\u30c3\u30c6\u30ea\u30fc\u306f Type-C \u30dd\u30fc\u30c8\u3092\u4ecb\u3057\u3066\u518d\u5145\u96fb\u3067\u304d\u307e\u3059\u3002\u3053\u308c\u306b\u3088\u308a\u3001\u8fc5\u901f\u304b\u3064\u7c21\u5358\u306b\u5145\u96fb\u3067\u304d\u3001\u30c7\u30d0\u30a4\u30b9\u306e\u5bff\u547d\u3092\u5ef6\u3070\u3057\u307e\u3059\u3002<\/p>\n<h3 dir=\"auto\">\u3069\u306e\u3088\u3046\u306a\u30cb\u30b3\u30c1\u30f3\u306e\u5f37\u307f\u304c\u5229\u7528\u3067\u304d\u307e\u3059\u304b?<\/h3>\n<p dir=\"auto\">\u3053\u306e\u88fd\u54c1\u306f\u30010 %\u30012 %\u3001\u307e\u305f\u306f 5 % \u306e\u30cb\u30b3\u30c1\u30f3\u5f37\u5ea6\u3067\u5229\u7528\u3067\u304d\u308b\u305f\u3081\u3001\u9069\u5207\u306a\u30aa\u30d7\u30b7\u30e7\u30f3\u3092\u9078\u629e\u3067\u304d\u307e\u3059\u3002<\/p>\n<h3 dir=\"auto\">\u8abf\u6574\u53ef\u80fd\u306a\u6c17\u6d41\u306f\u3069\u306e\u3088\u3046\u306b\u6a5f\u80fd\u3057\u307e\u3059\u304b?<\/h3>\n<p dir=\"auto\">\u7a7a\u6c17\u306e\u6d41\u308c\u306f\u3001\u30c7\u30d0\u30a4\u30b9\u306e\u4e0b\u90e8\u3092\u56de\u3057\u3066\u3001\u30d7\u30eb\u62b5\u6297\u3092\u500b\u5225\u306b\u8abf\u6574\u3057\u3001\u30a8\u30af\u30b9\u30da\u30ea\u30a8\u30f3\u30b9\u3092\u6700\u9069\u5316\u3059\u308b\u3053\u3068\u3067\u8abf\u6574\u3067\u304d\u307e\u3059\u3002<\/p>\n<h3 dir=\"auto\">\u30c7\u30d0\u30a4\u30b9\u304c\u5f15\u3063\u5f35\u3089\u308c\u306a\u304f\u306a\u3063\u305f\u3089\u3069\u3046\u3059\u308b?<\/h3>\n<p dir=\"auto\">\u307e\u305a\u3001\u30d0\u30c3\u30c6\u30ea\u30fc\u304c\u5145\u96fb\u3055\u308c\u3066\u3044\u308b\u304b\u3069\u3046\u304b\u3092\u78ba\u8a8d\u3057\u307e\u3059\u3002 \u554f\u984c\u304c\u89e3\u6c7a\u3057\u306a\u3044\u5834\u5408\u3001\u96fb\u5b50\u6db2\u4f53\u3092\u4f7f\u3044\u5207\u308b\u3053\u3068\u304c\u3067\u304d\u307e\u3059\u3002\u3053\u306e\u5834\u5408\u3001\u30c7\u30d0\u30a4\u30b9\u306f\u5ec3\u68c4\u306e\u6e96\u5099\u304c\u6574\u3044\u307e\u3059\u3002<\/p>","protected":false},"excerpt":{"rendered":"<p dir=\"auto\">JNR Alien 10000 Puffs \u4f7f\u3044\u6368\u3066\u96fb\u5b50\u30bf\u30d0\u30b3\u306f\u3001\u6700\u5927 10,000 \u5217\u306e\u5217\u8eca\u300120 ml \u306e\u96fb\u5b50\u6db2\u4f53\u3001650 mAh \u306e\u30d0\u30c3\u30c6\u30ea\u30fc\u3001\u30e1\u30c3\u30b7\u30e5 \u30b3\u30a4\u30eb\u6280\u8853\u3092\u5099\u3048\u3066\u3044\u307e\u3059\u3002 \u591a\u5f69\u306a\u5473\u308f\u3044\u3067\u3001\u5f37\u70c8\u306a\u697d\u3057\u307f\u3092\u6e80\u55ab\u3067\u304d\u307e\u3059<\/p>","protected":false},"featured_media":9099,"comment_status":"open","ping_status":"closed","template":"","meta":[],"product_brand":[1170],"product_cat":[1153],"product_tag":[961,999],"class_list":{"0":"post-9082","1":"product","2":"type-product","3":"status-publish","4":"has-post-thumbnail","6":"product_brand-jnr","7":"product_cat-10000-puffs","8":"product_tag-1020kpuffs","9":"product_tag-10k-puffs","11":"first","12":"instock","13":"sale","14":"shipping-taxable","15":"purchasable","16":"product-type-variable"},"yoast_head":"<!-- This site is optimized with the Yoast SEO plugin v25.8 - https:\/\/yoast.com\/wordpress\/plugins\/seo\/ -->\n<title>JNR Alien 10000 10K Puffs 20ml Einweg-E-Zigarette RGB Original - ShopVapor<\/title>\n<meta name=\"description\" content=\"JNR Alien 10000 Puffs Einweg-E-Zigarette mit bis zu 10.000 Z\u00fcgen, 20 ml E-Liquid, 650 mAh Batterie und Mesh-Coil-Technologie. Vielf\u00e4ltige Geschmacksrichtungen f\u00fcr intensiven Genuss.\" \/>\n<meta name=\"robots\" content=\"index, follow, max-snippet:-1, max-image-preview:large, max-video-preview:-1\" \/>\n<link rel=\"canonical\" href=\"https:\/\/shopvapor.de\/ja\/product\/jnr-alien-10000-10k-\u30d1\u30d5-20ml-\u4f7f\u3044\u6368\u3066-e-\u30bf\u30d0\u30b3-rgb-\u30aa\u30ea\u30b8\u30ca\u30eb\/\" \/>\n<meta property=\"og:locale\" content=\"ja_JP\" \/>\n<meta property=\"og:type\" content=\"article\" \/>\n<meta property=\"og:title\" content=\"JNR Alien 10000 10K Puffs 20ml Einweg-E-Zigarette RGB Original - ShopVapor\" \/>\n<meta property=\"og:description\" content=\"JNR Alien 10000 Puffs Einweg-E-Zigarette mit bis zu 10.000 Z\u00fcgen, 20 ml E-Liquid, 650 mAh Batterie und Mesh-Coil-Technologie. Vielf\u00e4ltige Geschmacksrichtungen f\u00fcr intensiven Genuss.\" \/>\n<meta property=\"og:url\" content=\"https:\/\/shopvapor.de\/ja\/product\/jnr-alien-10000-10k-\u30d1\u30d5-20ml-\u4f7f\u3044\u6368\u3066-e-\u30bf\u30d0\u30b3-rgb-\u30aa\u30ea\u30b8\u30ca\u30eb\/\" \/>\n<meta property=\"og:site_name\" content=\"ShopVapor\" \/>\n<meta property=\"article:modified_time\" content=\"2025-07-15T08:37:42+00:00\" \/>\n<meta property=\"og:image\" content=\"https:\/\/shopvapor.de\/wp-content\/uploads\/2025\/07\/jnr-alien-10000-10k-puffs-20ml-einweg-e-zigarette-rgb-original-6.webp\" \/>\n\t<meta property=\"og:image:width\" content=\"1080\" \/>\n\t<meta property=\"og:image:height\" content=\"1080\" \/>\n\t<meta property=\"og:image:type\" content=\"image\/webp\" \/>\n<meta name=\"twitter:card\" content=\"summary_large_image\" \/>\n<meta name=\"twitter:label1\" content=\"\u63a8\u5b9a\u8aad\u307f\u53d6\u308a\u6642\u9593\" \/>\n\t<meta name=\"twitter:data1\" content=\"4\u5206\" \/>\n<!-- \/ Yoast SEO plugin. -->","yoast_head_json":{"title":"JNR Alien 10000 10K \u30d1\u30d5 20ml \u4f7f\u3044\u6368\u3066\u96fb\u5b50\u30bf\u30d0\u30b3 RGB \u30aa\u30ea\u30b8\u30ca\u30eb - ShopVapor","description":"JNR Alien 10000 Puffs \u4f7f\u3044\u6368\u3066\u96fb\u5b50\u30bf\u30d0\u30b3\u306f\u3001\u6700\u5927 10,000 \u5217\u306e\u5217\u8eca\u300120 ml \u306e\u96fb\u5b50\u6db2\u4f53\u3001650 mAh \u306e\u30d0\u30c3\u30c6\u30ea\u30fc\u3001\u30e1\u30c3\u30b7\u30e5 \u30b3\u30a4\u30eb\u6280\u8853\u3092\u5099\u3048\u3066\u3044\u307e\u3059\u3002 \u591a\u5f69\u306a\u5473\u308f\u3044\u3067\u3001\u5f37\u70c8\u306a\u697d\u3057\u307f\u3092\u6e80\u55ab\u3067\u304d\u307e\u3059","robots":{"index":"index","follow":"follow","max-snippet":"max-snippet:-1","max-image-preview":"max-image-preview:large","max-video-preview":"max-video-preview:-1"},"canonical":"https:\/\/shopvapor.de\/ja\/product\/jnr-alien-10000-10k-\u30d1\u30d5-20ml-\u4f7f\u3044\u6368\u3066-e-\u30bf\u30d0\u30b3-rgb-\u30aa\u30ea\u30b8\u30ca\u30eb\/","og_locale":"ja_JP","og_type":"article","og_title":"JNR Alien 10000 10K Puffs 20ml Einweg-E-Zigarette RGB Original - ShopVapor","og_description":"JNR Alien 10000 Puffs Einweg-E-Zigarette mit bis zu 10.000 Z\u00fcgen, 20 ml E-Liquid, 650 mAh Batterie und Mesh-Coil-Technologie. Vielf\u00e4ltige Geschmacksrichtungen f\u00fcr intensiven Genuss.","og_url":"https:\/\/shopvapor.de\/ja\/product\/jnr-alien-10000-10k-\u30d1\u30d5-20ml-\u4f7f\u3044\u6368\u3066-e-\u30bf\u30d0\u30b3-rgb-\u30aa\u30ea\u30b8\u30ca\u30eb\/","og_site_name":"ShopVapor","article_modified_time":"2025-07-15T08:37:42+00:00","og_image":[{"width":1080,"height":1080,"url":"https:\/\/shopvapor.de\/wp-content\/uploads\/2025\/07\/jnr-alien-10000-10k-puffs-20ml-einweg-e-zigarette-rgb-original-6.webp","type":"image\/webp"}],"twitter_card":"summary_large_image","twitter_misc":{"\u63a8\u5b9a\u8aad\u307f\u53d6\u308a\u6642\u9593":"4\u5206"},"schema":{"@context":"https:\/\/schema.org","@graph":[{"@type":"WebPage","@id":"https:\/\/shopvapor.de\/produkt\/jnr-alien-10000-10k-puffs-20ml-einweg-e-zigarette-rgb-original\/","url":"https:\/\/shopvapor.de\/produkt\/jnr-alien-10000-10k-puffs-20ml-einweg-e-zigarette-rgb-original\/","name":"JNR Alien 10000 10K \u30d1\u30d5 20ml \u4f7f\u3044\u6368\u3066\u96fb\u5b50\u30bf\u30d0\u30b3 RGB \u30aa\u30ea\u30b8\u30ca\u30eb - ShopVapor","isPartOf":{"@id":"https:\/\/shopvapor.de\/#website"},"primaryImageOfPage":{"@id":"https:\/\/shopvapor.de\/produkt\/jnr-alien-10000-10k-puffs-20ml-einweg-e-zigarette-rgb-original\/#primaryimage"},"image":{"@id":"https:\/\/shopvapor.de\/produkt\/jnr-alien-10000-10k-puffs-20ml-einweg-e-zigarette-rgb-original\/#primaryimage"},"thumbnailUrl":"https:\/\/shopvapor.de\/wp-content\/uploads\/2025\/07\/jnr-alien-10000-10k-puffs-20ml-einweg-e-zigarette-rgb-original-6.webp","datePublished":"2025-07-02T06:46:11+00:00","dateModified":"2025-07-15T08:37:42+00:00","description":"JNR Alien 10000 Puffs \u4f7f\u3044\u6368\u3066\u96fb\u5b50\u30bf\u30d0\u30b3\u306f\u3001\u6700\u5927 10,000 \u5217\u306e\u5217\u8eca\u300120 ml \u306e\u96fb\u5b50\u6db2\u4f53\u3001650 mAh \u306e\u30d0\u30c3\u30c6\u30ea\u30fc\u3001\u30e1\u30c3\u30b7\u30e5 \u30b3\u30a4\u30eb\u6280\u8853\u3092\u5099\u3048\u3066\u3044\u307e\u3059\u3002 \u591a\u5f69\u306a\u5473\u308f\u3044\u3067\u3001\u5f37\u70c8\u306a\u697d\u3057\u307f\u3092\u6e80\u55ab\u3067\u304d\u307e\u3059","breadcrumb":{"@id":"https:\/\/shopvapor.de\/produkt\/jnr-alien-10000-10k-puffs-20ml-einweg-e-zigarette-rgb-original\/#breadcrumb"},"inLanguage":"ja","potentialAction":[{"@type":"ReadAction","target":["https:\/\/shopvapor.de\/produkt\/jnr-alien-10000-10k-puffs-20ml-einweg-e-zigarette-rgb-original\/"]}]},{"@type":"ImageObject","inLanguage":"ja","@id":"https:\/\/shopvapor.de\/produkt\/jnr-alien-10000-10k-puffs-20ml-einweg-e-zigarette-rgb-original\/#primaryimage","url":"https:\/\/shopvapor.de\/wp-content\/uploads\/2025\/07\/jnr-alien-10000-10k-puffs-20ml-einweg-e-zigarette-rgb-original-6.webp","contentUrl":"https:\/\/shopvapor.de\/wp-content\/uploads\/2025\/07\/jnr-alien-10000-10k-puffs-20ml-einweg-e-zigarette-rgb-original-6.webp","width":1080,"height":1080},{"@type":"BreadcrumbList","@id":"https:\/\/shopvapor.de\/produkt\/jnr-alien-10000-10k-puffs-20ml-einweg-e-zigarette-rgb-original\/#breadcrumb","itemListElement":[{"@type":"ListItem","position":1,"name":"Startseite","item":"https:\/\/shopvapor.de\/"},{"@type":"ListItem","position":2,"name":"Shop","item":"https:\/\/shopvapor.de\/shop\/"},{"@type":"ListItem","position":3,"name":"JNR Alien 10000 10K Puffs 20ml Einweg-E-Zigarette RGB Original"}]},{"@type":"WebSite","@id":"https:\/\/shopvapor.de\/#website","url":"https:\/\/shopvapor.de\/","name":"\u30b7\u30e7\u30c3\u30d7\u30d9\u30fc\u30d1\u30fc","description":"","potentialAction":[{"@type":"SearchAction","target":{"@type":"EntryPoint","urlTemplate":"https:\/\/shopvapor.de\/?s={search_term_string}"},"query-input":{"@type":"PropertyValueSpecification","valueRequired":true,"valueName":"search_term_string"}}],"inLanguage":"ja"}]}},"_links":{"self":[{"href":"https:\/\/shopvapor.de\/ja\/wp-json\/wp\/v2\/product\/9082","targetHints":{"allow":["GET"]}}],"collection":[{"href":"https:\/\/shopvapor.de\/ja\/wp-json\/wp\/v2\/product"}],"about":[{"href":"https:\/\/shopvapor.de\/ja\/wp-json\/wp\/v2\/types\/product"}],"replies":[{"embeddable":true,"href":"https:\/\/shopvapor.de\/ja\/wp-json\/wp\/v2\/comments?post=9082"}],"version-history":[{"count":1,"href":"https:\/\/shopvapor.de\/ja\/wp-json\/wp\/v2\/product\/9082\/revisions"}],"predecessor-version":[{"id":11946,"href":"https:\/\/shopvapor.de\/ja\/wp-json\/wp\/v2\/product\/9082\/revisions\/11946"}],"wp:featuredmedia":[{"embeddable":true,"href":"https:\/\/shopvapor.de\/ja\/wp-json\/wp\/v2\/media\/9099"}],"wp:attachment":[{"href":"https:\/\/shopvapor.de\/ja\/wp-json\/wp\/v2\/media?parent=9082"}],"wp:term":[{"taxonomy":"product_brand","embeddable":true,"href":"https:\/\/shopvapor.de\/ja\/wp-json\/wp\/v2\/product_brand?post=9082"},{"taxonomy":"product_cat","embeddable":true,"href":"https:\/\/shopvapor.de\/ja\/wp-json\/wp\/v2\/product_cat?post=9082"},{"taxonomy":"product_tag","embeddable":true,"href":"https:\/\/shopvapor.de\/ja\/wp-json\/wp\/v2\/product_tag?post=9082"}],"curies":[{"name":"wp","href":"https:\/\/api.w.org\/{rel}","templated":true}]}}