{"id":9431,"date":"2025-07-02T06:56:59","date_gmt":"2025-07-02T06:56:59","guid":{"rendered":"https:\/\/shopvapor.de\/?post_type=product&#038;p=9431"},"modified":"2025-07-15T07:58:01","modified_gmt":"2025-07-15T07:58:01","slug":"mr-goodie-20000-20k-%e3%83%91%e3%83%95%e3%82%b9-%e3%83%80%e3%83%96%e3%83%ab-%e3%82%a6%e3%82%a7%e3%82%a2%e3%83%8f%e3%82%a6%e3%82%b9-%e4%bd%bf%e3%81%84%e6%8d%a8%e3%81%a6-e-%e3%82%bf%e3%83%90%e3%82%b3","status":"publish","type":"product","link":"https:\/\/shopvapor.de\/ja\/product\/mr-goodie-20000-20k-%e3%83%91%e3%83%95%e3%82%b9-%e3%83%80%e3%83%96%e3%83%ab-%e3%82%a6%e3%82%a7%e3%82%a2%e3%83%8f%e3%82%a6%e3%82%b9-%e4%bd%bf%e3%81%84%e6%8d%a8%e3%81%a6-e-%e3%82%bf%e3%83%90%e3%82%b3\/","title":{"rendered":"Mr.Goodie 20000 20K \u30d1\u30d5\u30b9 \u30c0\u30d6\u30eb \u30a6\u30a7\u30a2\u30cf\u30a6\u30b9 \u4f7f\u3044\u6368\u3066\u96fb\u5b50\u30bf\u30d0\u30b3 \u30aa\u30ea\u30b8\u30ca\u30eb"},"content":{"rendered":"<h2>Mr.Goodie 20000 \u30d1\u30d5 \u4f7f\u3044\u6368\u3066\u96fb\u5b50\u30bf\u30d0\u30b3\u306e\u54c1\u8cea\u3068\u5bff\u547d<\/h2>\n<p>Mr.Goodie 20000 Puffs \u4f7f\u3044\u6368\u3066\u96fb\u5b50\u30bf\u30d0\u30b3\u306f\u3001\u5473\u3068\u4fe1\u983c\u6027\u3092\u91cd\u8996\u3059\u308b\u4eba\u306b\u3001\u5f37\u70c8\u3067\u9577\u6301\u3061\u3059\u308b\u4f53\u9a13\u3092\u63d0\u4f9b\u3057\u307e\u3059\u3002 \u6700\u5927 20,000 \u5217\u306e\u5217\u8eca\u3068\u9ad8\u5ea6\u306a\u6280\u8853\u306e\u9a5a\u7570\u7684\u306a\u5bb9\u91cf\u3092\u5099\u3048\u305f\u3053\u306e\u30c7\u30d0\u30a4\u30b9\u306f\u3001\u4f7f\u3044\u6368\u3066\u96fb\u5b50\u30bf\u30d0\u30b3\u306e\u5206\u91ce\u3067\u65b0\u3057\u3044\u57fa\u6e96\u3092\u8a2d\u5b9a\u3057\u307e\u3059\u3002 \u9ad8\u54c1\u8cea\u306e\u6280\u91cf\u3068\u53b3\u9078\u3055\u308c\u305f\u7d20\u6750\u306e\u304a\u304b\u3052\u3067\u3001Mr.Goodie \u306f\u4e00\u8cab\u3057\u305f\u4e0a\u54c1\u306a\u4f53\u9a13\u3092\u4fdd\u8a3c\u3057\u307e\u3059\u3002 Mr.Goodie \u30d6\u30e9\u30f3\u30c9\u306f\u3001\u7cbe\u5ea6\u3068\u54c1\u8cea\u3092\u8868\u3057\u3066\u3044\u308b\u305f\u3081\u3001\u3053\u306e\u88fd\u54c1\u306f\u8981\u6c42\u306e\u53b3\u3057\u3044\u30e6\u30fc\u30b6\u30fc\u306b\u3068\u3063\u3066\u4fe1\u983c\u3067\u304d\u308b\u9078\u629e\u80a2\u3068\u306a\u308a\u307e\u3059\u3002<\/p>\n<h2>\u88fd\u54c1\u30d1\u30e9\u30e1\u30fc\u30bf\u30fc\u8a73\u7d30<\/h2>\n<p>Mr.Goodie 20000 Puffs \u4f7f\u3044\u6368\u3066\u96fb\u5b50\u30bf\u30d0\u30b3\u306f\u3001\u9769\u65b0\u7684\u306a\u30c6\u30af\u30ce\u30ed\u30b8\u30fc\u3068\u3088\u304f\u8003\u3048\u629c\u304b\u308c\u305f\u30c7\u30b6\u30a4\u30f3\u3092\u7d44\u307f\u5408\u308f\u305b\u3066\u3044\u307e\u3059\u3002 \u3053\u306e\u88fd\u54c1\u306e\u512a\u308c\u305f\u7279\u6027\u3092\u8aac\u660e\u3059\u308b\u305f\u3081\u306b\u3001\u4e3b\u8981\u306a\u30d1\u30e9\u30e1\u30fc\u30bf\u30fc\u3092\u4ee5\u4e0b\u306b\u8a73\u3057\u304f\u8aac\u660e\u3057\u307e\u3059\u3002<\/p>\n<h3>\u5217\u8eca\u306e\u6570: 20,000 \u5217\u306e\u5217\u8eca<\/h3>\n<p>Mr.Goodie 20000 \u306f\u3001\u6700\u5927 20,000 \u5217\u306e\u5217\u8eca\u306e\u5bb9\u91cf\u3092\u5099\u3048\u3001\u4e26\u5916\u308c\u305f\u8010\u4e45\u6027\u3092\u5099\u3048\u3066\u3044\u307e\u3059\u3002 \u3053\u306e\u6570\u306e\u5217\u8eca\u306b\u3088\u308a\u3001\u983b\u7e41\u306b\u4ea4\u63db\u3059\u308b\u3053\u3068\u306a\u304f\u9577\u671f\u4f7f\u7528\u304c\u53ef\u80fd\u306b\u306a\u308a\u3001\u5b9f\u7528\u7684\u3067\u8cbb\u7528\u5bfe\u52b9\u679c\u3082\u9ad8\u304f\u306a\u308a\u307e\u3059\u3002 \u5747\u4e00\u306a\u30d1\u30d5\u30a9\u30fc\u30de\u30f3\u30b9\u306b\u3088\u308a\u3001\u3059\u3079\u3066\u306e\u30d7\u30eb\u304c\u4e00\u8cab\u3057\u305f\u9999\u308a\u3092\u5b9f\u73fe\u3057\u307e\u3059\u3002<\/p>\n<h3>\u96fb\u5b50\u6db2\u4f53\u5bb9\u91cf: 40ml (20ml \u306e\u3055\u3084 2 \u500b)<\/h3>\n<p>\u30c7\u30d0\u30a4\u30b9\u306b\u306f 2 \u3064\u306e\u72ec\u7acb\u3057\u305f\u3055\u3084\u304c\u3042\u308a\u3001\u305d\u308c\u305e\u308c\u306b 20 mL \u306e\u30d7\u30ec\u30d5\u30a3\u30eb\u30c9\u96fb\u5b50\u6db2\u4f53\u3001\u5408\u8a08 40 mL \u304c\u542b\u307e\u308c\u3066\u3044\u307e\u3059\u3002 \u3053\u306e\u4e8c\u91cd\u30d9\u30a2\u30ea\u30f3\u30b0\u8a2d\u8a08\u306b\u3088\u308a\u3001\u30dd\u30c3\u30c9\u304c\u72ec\u7acb\u3057\u3066\u52d5\u4f5c\u3059\u308b\u305f\u3081\u3001\u4f7f\u7528\u6642\u9593\u3092\u6700\u5927\u5316\u3057\u3001\u30b7\u30fc\u30e0\u30ec\u30b9\u306b\u4f7f\u7528\u3067\u304d\u307e\u3059\u3002 \u5927\u5bb9\u91cf\u306f\u3001\u983b\u7e41\u306a\u88dc\u5145\u306e\u5fc5\u8981\u6027\u3092\u6e1b\u3089\u3057\u3001\u4e00\u8cab\u3057\u3066\u5f37\u70c8\u306a\u5473\u3092\u4f53\u9a13\u3067\u304d\u307e\u3059\u3002<\/p>\n<h3>\u30cb\u30b3\u30c1\u30f3\u5f37\u5ea6\uff1a2 %\u307e\u305f\u306f5 %<\/h3>\n<p>Mr.Goodie 20000 \u306f\u30012 \u3064\u306e\u30cb\u30b3\u30c1\u30f3\u5f37\u5ea6\u3067\u5229\u7528\u3067\u304d\u307e\u3059: 2 % \u3068 5 % \u3067\u3001\u30e6\u30fc\u30b6\u30fc\u306f\u597d\u307f\u306b\u5408\u308f\u305b\u3066\u5f37\u5ea6\u3092\u30ab\u30b9\u30bf\u30de\u30a4\u30ba\u3067\u304d\u307e\u3059\u3002 \u3069\u3061\u3089\u306e\u30aa\u30d7\u30b7\u30e7\u30f3\u3082\u3001\u30cb\u30b3\u30c1\u30f3\u306e\u653e\u51fa\u3092\u5747\u4e00\u306b\u3057\u3001\u5727\u5012\u3055\u308c\u308b\u3053\u3068\u306a\u304f\u6e80\u8db3\u306e\u3044\u304f\u4f53\u9a13\u3092\u4fdd\u8a3c\u3057\u307e\u3059\u3002<\/p>\n<h3>\u30d0\u30c3\u30c6\u30ea\u30fc\u5bb9\u91cf: Type-C \u5145\u96fb\u30dd\u30fc\u30c8\u4ed8\u304d 650 mAh<\/h3>\n<p>\u5f37\u529b\u306a 650 mAh \u30d0\u30c3\u30c6\u30ea\u30fc\u306f\u3001\u30c7\u30d0\u30a4\u30b9\u306b\u4fe1\u983c\u6027\u306e\u9ad8\u3044\u30a8\u30cd\u30eb\u30ae\u30fc\u3092\u63d0\u4f9b\u3057\u307e\u3059\u3002 \u5185\u8535\u306e Type-C \u5145\u96fb\u30dd\u30fc\u30c8\u306b\u3088\u308a\u3001\u9ad8\u901f\u304b\u3064\u52b9\u7387\u7684\u306a\u5145\u96fb\u304c\u53ef\u80fd\u306b\u306a\u308a\u3001\u30c0\u30a6\u30f3\u30bf\u30a4\u30e0\u304c\u6700\u5c0f\u9650\u306b\u6291\u3048\u3089\u308c\u307e\u3059\u3002 \u3053\u306e\u6700\u65b0\u306e\u5145\u96fb\u6280\u8853\u306f\u3001\u4f7f\u3044\u3084\u3059\u3055\u3092\u5f37\u8abf\u3057\u3001\u30c7\u30d0\u30a4\u30b9\u304c\u3044\u3064\u3067\u3082\u4f7f\u7528\u3067\u304d\u308b\u72b6\u614b\u306b\u3057\u307e\u3059\u3002<\/p>\n<h3>\u30b3\u30a4\u30eb\u6280\u8853: 1.0 \u30aa\u30fc\u30e0\u306e\u30c7\u30e5\u30a2\u30eb \u30e1\u30c3\u30b7\u30e5 \u30b3\u30a4\u30eb<\/h3>\n<p>\u9ad8\u5ea6\u306a 1.0 \u30aa\u30fc\u30e0\u306e\u30c7\u30e5\u30a2\u30eb \u30e1\u30c3\u30b7\u30e5 \u30b3\u30a4\u30eb\u306b\u3088\u308a\u3001\u5747\u4e00\u306a\u52a0\u71b1\u3068\u6700\u9069\u306a\u30d5\u30ec\u30fc\u30d0\u30fc\u306e\u958b\u767a\u304c\u4fdd\u8a3c\u3055\u308c\u307e\u3059\u3002 \u3053\u306e\u6280\u8853\u306f\u3001\u96fb\u5b50\u6db2\u4f53\u306e\u4f7f\u7528\u52b9\u7387\u3092\u6700\u5927\u5316\u3057\u3001\u5f15\u3063\u5f35\u308b\u305f\u3073\u306b\u9ad8\u5bc6\u5ea6\u306e\u82b3\u9999\u65cf\u84b8\u6c17\u3092\u63d0\u4f9b\u3057\u307e\u3059\u3002 \u30c7\u30e5\u30a2\u30eb \u30e1\u30c3\u30b7\u30e5 \u30b3\u30a4\u30eb\u306f\u54c1\u8cea\u3068\u8010\u4e45\u6027\u3092\u8868\u3057\u3066\u304a\u308a\u3001Mr.Goodie \u30d6\u30e9\u30f3\u30c9\u306b\u3088\u3063\u3066\u5f37\u8abf\u3055\u308c\u3066\u3044\u307e\u3059\u3002<\/p>\n<h3>\u5bf8\u6cd5: 52.6 x 22.6 x 92 mm<\/h3>\n<p>52.6 x 22.6 x 92 mm \u306e\u30b3\u30f3\u30d1\u30af\u30c8\u306a\u5bf8\u6cd5\u306b\u3088\u308a\u3001Mr.Goodie 20000 \u306f\u4fbf\u5229\u3067\u6301\u3061\u904b\u3073\u306b\u4fbf\u5229\u3067\u3059\u3002 \u4eba\u9593\u5de5\u5b66\u306b\u57fa\u3065\u3044\u305f\u30c7\u30b6\u30a4\u30f3\u306f\u624b\u306b\u30d5\u30a3\u30c3\u30c8\u3057\u3001\u6027\u80fd\u3092\u640d\u306a\u3046\u3053\u3068\u306a\u304f\u3001\u3069\u3093\u306a\u30dd\u30b1\u30c3\u30c8\u306b\u3082\u7c21\u5358\u306b\u53ce\u307e\u308a\u307e\u3059\u3002<\/p>\n<h2>\u3042\u3089\u3086\u308b\u5473\u306b\u5408\u308f\u305b\u3066\u3001\u3055\u307e\u3056\u307e\u306a\u5473\u308f\u3044<\/h2>\n<p>Mr.Goodie 20000 Puffs \u4f7f\u3044\u6368\u3066\u96fb\u5b50\u30bf\u30d0\u30b3\u306f\u3001\u3055\u307e\u3056\u307e\u306a\u597d\u307f\u306b\u5408\u308f\u305b\u3066\u614e\u91cd\u306b\u8a2d\u8a08\u3055\u308c\u305f\u5e45\u5e83\u3044\u30d5\u30ec\u30fc\u30d0\u30fc\u3092\u63d0\u4f9b\u3057\u307e\u3059\u3002 \u30d5\u30eb\u30fc\u30c6\u30a3\u30fc\u306a\u3082\u306e\u304b\u3089\u723d\u3084\u304b\u306a\u30ce\u30fc\u30c8\u307e\u3067\u3001\u8ab0\u306b\u3067\u3082\u697d\u3057\u3081\u308b\u3082\u306e\u304c\u3042\u308a\u307e\u3059\u3002<\/p>\n<ul>\n<li>\u30b9\u30d4\u30a2\u30df\u30f3\u30c8<\/li>\n<li>\u30ec\u30e2\u30f3\u30ec\u30a4\u30f3\u30dc\u30fc<\/li>\n<li>\u30af\u30de\u306e\u30ad\u30e3\u30f3\u30c7\u30a3\u30fc<\/li>\n<li>\u51b7\u51cd\u30b9\u30a4\u30ab<\/li>\n<li>\u30b8\u30e5\u30fc\u30b7\u30fc\u306a\u6843<\/li>\n<li>\u7d2b\u306e\u3076\u3069\u3046<\/li>\n<li>\u30df\u30f3\u30c8\u30cf\u30cb\u30fc\u30c7\u30e5\u30fc<\/li>\n<li>\u30b9\u30c8\u30ed\u30d9\u30ea\u30fc\u30fb\u30ad\u30a6\u30a4<\/li>\n<li>\u30d5\u30b8\u30a2\u30c3\u30d7\u30eb<\/li>\n<li>\u30b9\u30c8\u30ed\u30d9\u30ea\u30fc\u30fb\u30d0\u30ca\u30ca<\/li>\n<li>\u30d6\u30eb\u30fc\u30e9\u30ba<\/li>\n<li>\u30b9\u30c8\u30ed\u30d9\u30ea\u30fc\u30a2\u30a4\u30b9\u30af\u30ea\u30fc\u30e0<\/li>\n<\/ul>\n<div id=\"attachment_11888\" style=\"width: 1010px\" class=\"wp-caption alignnone\"><img fetchpriority=\"high\" decoding=\"async\" aria-describedby=\"caption-attachment-11888\" class=\"wp-image-11888 size-full\" title=\"Mr.Goodie 20000 20k \u30d1\u30d5\" src=\"https:\/\/shopvapor.de\/wp-content\/uploads\/2025\/07\/Mr.Goodie-20000-20K-Puffs.webp\" alt=\"Mr.Goodie 20000 20k \u30d1\u30d5\" width=\"1000\" height=\"1000\" srcset=\"https:\/\/shopvapor.de\/wp-content\/uploads\/2025\/07\/Mr.Goodie-20000-20K-Puffs.webp 1000w, https:\/\/shopvapor.de\/wp-content\/uploads\/2025\/07\/Mr.Goodie-20000-20K-Puffs-300x300.webp 300w, https:\/\/shopvapor.de\/wp-content\/uploads\/2025\/07\/Mr.Goodie-20000-20K-Puffs-800x800.webp 800w, https:\/\/shopvapor.de\/wp-content\/uploads\/2025\/07\/Mr.Goodie-20000-20K-Puffs-150x150.webp 150w, https:\/\/shopvapor.de\/wp-content\/uploads\/2025\/07\/Mr.Goodie-20000-20K-Puffs-768x768.webp 768w, https:\/\/shopvapor.de\/wp-content\/uploads\/2025\/07\/Mr.Goodie-20000-20K-Puffs-430x430.webp 430w, https:\/\/shopvapor.de\/wp-content\/uploads\/2025\/07\/Mr.Goodie-20000-20K-Puffs-700x700.webp 700w, https:\/\/shopvapor.de\/wp-content\/uploads\/2025\/07\/Mr.Goodie-20000-20K-Puffs-180x180.webp 180w\" sizes=\"(max-width: 1000px) 100vw, 1000px\" \/><p id=\"caption-attachment-11888\" class=\"wp-caption-text\">\u00a0<\/p><\/div>\n<div class=\"mceTemp\"><\/div>\n<h2>\u3088\u304f\u3042\u308b\u8cea\u554f (FAQ)<\/h2>\n<p>\u4ee5\u4e0b\u306b\u3001Mr.Goodie 20000 \u30d1\u30d5\u306e\u4f7f\u3044\u6368\u3066\u96fb\u5b50\u30bf\u30d0\u30b3\u306b\u95a2\u3059\u308b\u6700\u3082\u4e00\u822c\u7684\u306a\u8cea\u554f\u306b\u7b54\u3048\u307e\u3059\u3002\u3053\u308c\u306b\u3088\u308a\u3001\u6700\u5927\u9650\u306e\u900f\u660e\u6027\u3068\u30bb\u30ad\u30e5\u30ea\u30c6\u30a3\u3092\u63d0\u4f9b\u3057\u307e\u3059\u3002<\/p>\n<p><strong>\u300c\u30e9\u30f3\u30c0\u30e0\u306a\u30d5\u30ec\u30fc\u30d0\u30fc\u300d\u3067\u6ce8\u6587\u3059\u308b\u3068\u304d\u306b\u30d5\u30ec\u30fc\u30d0\u30fc\u3092\u9078\u629e\u3067\u304d\u307e\u3059\u304b?<\/strong><br \/>\n\u300c\u30e9\u30f3\u30c0\u30e0\u306a\u30d5\u30ec\u30fc\u30d0\u30fc\u300d\uff082 \u30d4\u30fc\u30b9\u304b\u3089\uff09\u306e\u6ce8\u6587\u306e\u5834\u5408\u3001\u30d5\u30ec\u30fc\u30d0\u30fc\u306f\u30e9\u30f3\u30c0\u30e0\u306b\u9078\u629e\u3055\u308c\u307e\u3059\u3002 \u305f\u3060\u3057\u3001\u8a2d\u5b9a\u3092\u6307\u5b9a\u3059\u308b\u3068\u304d\u306b\u30e1\u30e2\u3092\u6b8b\u3059\u3053\u3068\u304c\u3067\u304d\u307e\u3059\u3002 \u53ef\u80fd\u306a\u9650\u308a\u8003\u616e\u306b\u5165\u308c\u3088\u3046\u3068\u3057\u3066\u3044\u307e\u3059\u304c\u3001\u4fdd\u8a3c\u3059\u308b\u3053\u3068\u306f\u3067\u304d\u307e\u305b\u3093\u3002<\/p>\n<p><strong>Mr.Goodie 20000 \u30d0\u30c3\u30c6\u30ea\u30fc\u306e\u5bff\u547d\u306f?<\/strong><br \/>\n650 mAh \u306e\u30d0\u30c3\u30c6\u30ea\u30fc\u306f\u300140 mL \u306e\u7dcf\u96fb\u5b50\u6db2\u4f53\u5bb9\u91cf\u3092\u30b5\u30dd\u30fc\u30c8\u3059\u308b\u3088\u3046\u306b\u8a2d\u8a08\u3055\u308c\u3066\u3044\u307e\u3059\u3002 \u5b9f\u969b\u306e\u30d0\u30c3\u30c6\u30ea\u30fc\u5bff\u547d\u306f\u4f7f\u7528\u983b\u5ea6\u306b\u3088\u3063\u3066\u7570\u306a\u308a\u307e\u3059\u304c\u3001Type-C \u306e\u5145\u96fb\u30dd\u30fc\u30c8\u306b\u3088\u308a\u3001\u6025\u901f\u306a\u518d\u5145\u96fb\u304c\u53ef\u80fd\u3067\u3001\u4e2d\u65ad\u3092\u6700\u5c0f\u9650\u306b\u6291\u3048\u308b\u3053\u3068\u304c\u3067\u304d\u307e\u3059\u3002<\/p>\n<p><strong>\u30dd\u30c3\u30c9\u306e 1 \u3064\u306b\u3042\u308b\u96fb\u5b50\u6db2\u4f53\u304c\u7a7a\u306b\u306a\u3063\u305f\u3089\u3069\u3046\u306a\u308a\u307e\u3059\u304b?<\/strong><br \/>\nMr.Goodie 20000 \u306b\u306f\u30012 \u3064\u306e\u72ec\u7acb\u3057\u305f 20 mL \u30dd\u30c3\u30c9\u304c\u3042\u308a\u307e\u3059\u3002 \u30dd\u30c3\u30c9\u304c\u7a7a\u306e\u5834\u5408\u306f\u30012 \u756a\u76ee\u306e\u30dd\u30c3\u30c9\u3092\u5f15\u304d\u7d9a\u304d\u4f7f\u7528\u3067\u304d\u307e\u3059\u3002 \u3053\u306e\u8a2d\u8a08\u306b\u3088\u308a\u3001\u30b7\u30fc\u30e0\u30ec\u30b9\u306a\u4f7f\u7528\u304c\u4fdd\u8a3c\u3055\u308c\u3001\u30c7\u30d0\u30a4\u30b9\u306e\u5bff\u547d\u304c\u6700\u5927\u306b\u306a\u308a\u307e\u3059\u3002<\/p>\n<p><strong>Mr.Goodie 20000 \u3092\u4f7f\u7528\u3057\u305f\u5f8c\u3001\u3069\u306e\u3088\u3046\u306b\u51e6\u5206\u3059\u308c\u3070\u3088\u3044\u3067\u3059\u304b?<\/strong><br \/>\n\u4f7f\u3044\u6368\u3066\u96fb\u5b50\u30bf\u30d0\u30b3\u3068\u3057\u3066\u3001Mr.Goodie 20000 \u306f\u3001\u5730\u5143\u306e\u96fb\u5b50\u5ec3\u68c4\u7269\u306e\u898f\u5236\u306b\u5f93\u3063\u3066\u51e6\u5206\u3059\u308b\u5fc5\u8981\u304c\u3042\u308a\u307e\u3059\u3002 \u74b0\u5883\u306b\u3084\u3055\u3057\u3044\u5ec3\u68c4\u7269\u3092\u78ba\u4fdd\u3059\u308b\u305f\u3081\u306b\u3001\u96fb\u6c17\u6a5f\u5668\u306e\u53ce\u96c6\u5834\u6240\u306b\u88c5\u7f6e\u3092\u63d0\u51fa\u3057\u3066\u304f\u3060\u3055\u3044\u3002<\/p>\n<p><strong>\u30cb\u30b3\u30c1\u30f3\u306e\u5f37\u3055\u306f\u3059\u3079\u3066\u306e\u30d5\u30ec\u30fc\u30d0\u30fc\u3067\u540c\u3058\u3067\u3059\u304b?<\/strong><br \/>\n\u306f\u3044\u3001\u30cb\u30b3\u30c1\u30f3\u5f37\u5ea6 (2 % \u307e\u305f\u306f 5 %) \u306f\u3059\u3079\u3066\u306e\u30d5\u30ec\u30fc\u30d0\u30fc\u306b\u5bfe\u3057\u3066\u5747\u4e00\u3067\u3059\u3002 \u6ce8\u6587\u6642\u306b\u5e0c\u671b\u306e\u5f37\u5ea6\u3092\u9078\u629e\u3067\u304d\u307e\u3059\u3002\u3053\u308c\u306f\u3001\u30c7\u30d0\u30a4\u30b9\u5168\u4f53\u306b\u9069\u7528\u3055\u308c\u307e\u3059\u3002<\/p>\n<p><strong>\u30c7\u30d0\u30a4\u30b9\u304c\u52d5\u4f5c\u3057\u3066\u3044\u306a\u3044\u304b\u3001\u307e\u305f\u306f\u4e0d\u5177\u5408\u304c\u767a\u751f\u3057\u305f\u5834\u5408\u306f\u3069\u3046\u3059\u308c\u3070\u3088\u3044\u3067\u3059\u304b?<\/strong><br \/>\n\u30c7\u30d0\u30a4\u30b9\u306b\u6b20\u9665\u304c\u3042\u308b\u5834\u5408\u306f\u3001\u8ca9\u58f2\u30da\u30fc\u30b8\u306b\u793a\u3055\u308c\u3066\u3044\u308b\u9023\u7d61\u5148\u30aa\u30d7\u30b7\u30e7\u30f3 (\u4f8b: WhatsApp \u3084\u96fb\u5b50\u30e1\u30fc\u30eb) \u3092\u4f7f\u7528\u3057\u3066\u30ab\u30b9\u30bf\u30de\u30fc \u30b5\u30fc\u30d3\u30b9\u306b\u9023\u7d61\u3057\u3066\u304f\u3060\u3055\u3044\u3002 \u88fd\u54c1\u304c\u5143\u306e\u72b6\u614b\u306e\u5834\u5408\u3001\u6b20\u9665\u54c1\u307e\u305f\u306f\u7834\u640d\u3057\u305f\u88fd\u54c1\u306b\u5bfe\u3057\u3066 30 \u65e5\u9593\u306e\u8fd4\u54c1\u4fdd\u8a3c\u3092\u63d0\u4f9b\u3057\u307e\u3059\u3002<\/p>","protected":false},"excerpt":{"rendered":"<p dir=\"auto\">Mr.Goodie 20000 \u30d1\u30d5 \u4f7f\u3044\u6368\u3066\u96fb\u5b50\u30bf\u30d0\u30b3\u306f\u3001\u6700\u5927 20,000 \u30d1\u30d5\u300140 ml \u306e\u96fb\u5b50\u6db2\u4f53\u30012 % \u307e\u305f\u306f 5 % \u30cb\u30b3\u30c1\u30f3\u5f37\u5ea6\u3001\u30bf\u30a4\u30d7 C \u5145\u96fb\u30dd\u30fc\u30c8\u4ed8\u304d 650 mAh \u30d0\u30c3\u30c6\u30ea\u30fc\u3001\u5f37\u70c8\u306a\u5473\u306e\u305f\u3081\u30c7\u30e5\u30a2\u30eb \u30e1\u30c3\u30b7\u30e5 \u30b3\u30a4\u30eb\u3002<\/p>","protected":false},"featured_media":9452,"comment_status":"open","ping_status":"closed","template":"","meta":[],"product_brand":[1168],"product_cat":[1164],"product_tag":[957,959],"class_list":{"0":"post-9431","1":"product","2":"type-product","3":"status-publish","4":"has-post-thumbnail","6":"product_brand-mr-goodie","7":"product_cat-20000-puffs","8":"product_tag-20k-puffs","9":"product_tag-more-than-10kpuffs","11":"first","12":"instock","13":"sale","14":"shipping-taxable","15":"purchasable","16":"product-type-variable"},"yoast_head":"<!-- This site is optimized with the Yoast SEO plugin v25.8 - https:\/\/yoast.com\/wordpress\/plugins\/seo\/ -->\n<title>Mr.Goodie 20000 20K Puffs Double Warehouse Einweg-E-Zigarette Original - ShopVapor<\/title>\n<meta name=\"description\" content=\"Mr.Goodie 20000 Puffs Einweg-E-Zigarette mit bis zu 20.000 Z\u00fcgen, 40 ml E-Liquid, 2 % oder 5 % Nikotinst\u00e4rke, 650 mAh Akku mit Typ-C-Ladeanschluss und Dual Mesh Coil f\u00fcr intensiven Geschmack.\" \/>\n<meta name=\"robots\" content=\"index, follow, max-snippet:-1, max-image-preview:large, max-video-preview:-1\" \/>\n<link rel=\"canonical\" href=\"https:\/\/shopvapor.de\/ja\/product\/mr-goodie-20000-20k-\u30d1\u30d5\u30b9-\u30c0\u30d6\u30eb-\u30a6\u30a7\u30a2\u30cf\u30a6\u30b9-\u4f7f\u3044\u6368\u3066-e-\u30bf\u30d0\u30b3\/\" \/>\n<meta property=\"og:locale\" content=\"ja_JP\" \/>\n<meta property=\"og:type\" content=\"article\" \/>\n<meta property=\"og:title\" content=\"Mr.Goodie 20000 20K Puffs Double Warehouse Einweg-E-Zigarette Original - ShopVapor\" \/>\n<meta property=\"og:description\" content=\"Mr.Goodie 20000 Puffs Einweg-E-Zigarette mit bis zu 20.000 Z\u00fcgen, 40 ml E-Liquid, 2 % oder 5 % Nikotinst\u00e4rke, 650 mAh Akku mit Typ-C-Ladeanschluss und Dual Mesh Coil f\u00fcr intensiven Geschmack.\" \/>\n<meta property=\"og:url\" content=\"https:\/\/shopvapor.de\/ja\/product\/mr-goodie-20000-20k-\u30d1\u30d5\u30b9-\u30c0\u30d6\u30eb-\u30a6\u30a7\u30a2\u30cf\u30a6\u30b9-\u4f7f\u3044\u6368\u3066-e-\u30bf\u30d0\u30b3\/\" \/>\n<meta property=\"og:site_name\" content=\"ShopVapor\" \/>\n<meta property=\"article:modified_time\" content=\"2025-07-15T07:58:01+00:00\" \/>\n<meta property=\"og:image\" content=\"https:\/\/shopvapor.de\/wp-content\/uploads\/2025\/07\/mr-goodie-20000-20k-puffs-double-warehouse-einweg-e-zigarette-original-11.png\" \/>\n\t<meta property=\"og:image:width\" content=\"1000\" \/>\n\t<meta property=\"og:image:height\" content=\"1000\" \/>\n\t<meta property=\"og:image:type\" content=\"image\/png\" \/>\n<meta name=\"twitter:card\" content=\"summary_large_image\" \/>\n<meta name=\"twitter:label1\" content=\"\u63a8\u5b9a\u8aad\u307f\u53d6\u308a\u6642\u9593\" \/>\n\t<meta name=\"twitter:data1\" content=\"4\u5206\" \/>\n<!-- \/ Yoast SEO plugin. -->","yoast_head_json":{"title":"Mr.Goodie 20000 20K \u30d1\u30d5\u30b9 \u30c0\u30d6\u30eb \u30a6\u30a7\u30a2\u30cf\u30a6\u30b9 \u4f7f\u3044\u6368\u3066\u96fb\u5b50\u30bf\u30d0\u30b3 \u30aa\u30ea\u30b8\u30ca\u30eb - ShopVapor","description":"Mr.Goodie 20000 \u30d1\u30d5 \u4f7f\u3044\u6368\u3066\u96fb\u5b50\u30bf\u30d0\u30b3\u306f\u3001\u6700\u5927 20,000 \u30d1\u30d5\u300140 ml \u306e\u96fb\u5b50\u6db2\u4f53\u30012 % \u307e\u305f\u306f 5 % \u30cb\u30b3\u30c1\u30f3\u5f37\u5ea6\u3001\u30bf\u30a4\u30d7 C \u5145\u96fb\u30dd\u30fc\u30c8\u4ed8\u304d 650 mAh \u30d0\u30c3\u30c6\u30ea\u30fc\u3001\u5f37\u70c8\u306a\u5473\u306e\u305f\u3081\u30c7\u30e5\u30a2\u30eb \u30e1\u30c3\u30b7\u30e5 \u30b3\u30a4\u30eb\u3002","robots":{"index":"index","follow":"follow","max-snippet":"max-snippet:-1","max-image-preview":"max-image-preview:large","max-video-preview":"max-video-preview:-1"},"canonical":"https:\/\/shopvapor.de\/ja\/product\/mr-goodie-20000-20k-\u30d1\u30d5\u30b9-\u30c0\u30d6\u30eb-\u30a6\u30a7\u30a2\u30cf\u30a6\u30b9-\u4f7f\u3044\u6368\u3066-e-\u30bf\u30d0\u30b3\/","og_locale":"ja_JP","og_type":"article","og_title":"Mr.Goodie 20000 20K Puffs Double Warehouse Einweg-E-Zigarette Original - ShopVapor","og_description":"Mr.Goodie 20000 Puffs Einweg-E-Zigarette mit bis zu 20.000 Z\u00fcgen, 40 ml E-Liquid, 2 % oder 5 % Nikotinst\u00e4rke, 650 mAh Akku mit Typ-C-Ladeanschluss und Dual Mesh Coil f\u00fcr intensiven Geschmack.","og_url":"https:\/\/shopvapor.de\/ja\/product\/mr-goodie-20000-20k-\u30d1\u30d5\u30b9-\u30c0\u30d6\u30eb-\u30a6\u30a7\u30a2\u30cf\u30a6\u30b9-\u4f7f\u3044\u6368\u3066-e-\u30bf\u30d0\u30b3\/","og_site_name":"ShopVapor","article_modified_time":"2025-07-15T07:58:01+00:00","og_image":[{"width":1000,"height":1000,"url":"https:\/\/shopvapor.de\/wp-content\/uploads\/2025\/07\/mr-goodie-20000-20k-puffs-double-warehouse-einweg-e-zigarette-original-11.png","type":"image\/png"}],"twitter_card":"summary_large_image","twitter_misc":{"\u63a8\u5b9a\u8aad\u307f\u53d6\u308a\u6642\u9593":"4\u5206"},"schema":{"@context":"https:\/\/schema.org","@graph":[{"@type":"WebPage","@id":"https:\/\/shopvapor.de\/produkt\/mr-goodie-20000-20k-puffs-double-warehouse-einweg-e-zigarette-original\/","url":"https:\/\/shopvapor.de\/produkt\/mr-goodie-20000-20k-puffs-double-warehouse-einweg-e-zigarette-original\/","name":"Mr.Goodie 20000 20K \u30d1\u30d5\u30b9 \u30c0\u30d6\u30eb \u30a6\u30a7\u30a2\u30cf\u30a6\u30b9 \u4f7f\u3044\u6368\u3066\u96fb\u5b50\u30bf\u30d0\u30b3 \u30aa\u30ea\u30b8\u30ca\u30eb - ShopVapor","isPartOf":{"@id":"https:\/\/shopvapor.de\/#website"},"primaryImageOfPage":{"@id":"https:\/\/shopvapor.de\/produkt\/mr-goodie-20000-20k-puffs-double-warehouse-einweg-e-zigarette-original\/#primaryimage"},"image":{"@id":"https:\/\/shopvapor.de\/produkt\/mr-goodie-20000-20k-puffs-double-warehouse-einweg-e-zigarette-original\/#primaryimage"},"thumbnailUrl":"https:\/\/shopvapor.de\/wp-content\/uploads\/2025\/07\/mr-goodie-20000-20k-puffs-double-warehouse-einweg-e-zigarette-original-11.png","datePublished":"2025-07-02T06:56:59+00:00","dateModified":"2025-07-15T07:58:01+00:00","description":"Mr.Goodie 20000 \u30d1\u30d5 \u4f7f\u3044\u6368\u3066\u96fb\u5b50\u30bf\u30d0\u30b3\u306f\u3001\u6700\u5927 20,000 \u30d1\u30d5\u300140 ml \u306e\u96fb\u5b50\u6db2\u4f53\u30012 % \u307e\u305f\u306f 5 % \u30cb\u30b3\u30c1\u30f3\u5f37\u5ea6\u3001\u30bf\u30a4\u30d7 C \u5145\u96fb\u30dd\u30fc\u30c8\u4ed8\u304d 650 mAh \u30d0\u30c3\u30c6\u30ea\u30fc\u3001\u5f37\u70c8\u306a\u5473\u306e\u305f\u3081\u30c7\u30e5\u30a2\u30eb \u30e1\u30c3\u30b7\u30e5 \u30b3\u30a4\u30eb\u3002","breadcrumb":{"@id":"https:\/\/shopvapor.de\/produkt\/mr-goodie-20000-20k-puffs-double-warehouse-einweg-e-zigarette-original\/#breadcrumb"},"inLanguage":"ja","potentialAction":[{"@type":"ReadAction","target":["https:\/\/shopvapor.de\/produkt\/mr-goodie-20000-20k-puffs-double-warehouse-einweg-e-zigarette-original\/"]}]},{"@type":"ImageObject","inLanguage":"ja","@id":"https:\/\/shopvapor.de\/produkt\/mr-goodie-20000-20k-puffs-double-warehouse-einweg-e-zigarette-original\/#primaryimage","url":"https:\/\/shopvapor.de\/wp-content\/uploads\/2025\/07\/mr-goodie-20000-20k-puffs-double-warehouse-einweg-e-zigarette-original-11.png","contentUrl":"https:\/\/shopvapor.de\/wp-content\/uploads\/2025\/07\/mr-goodie-20000-20k-puffs-double-warehouse-einweg-e-zigarette-original-11.png","width":1000,"height":1000},{"@type":"BreadcrumbList","@id":"https:\/\/shopvapor.de\/produkt\/mr-goodie-20000-20k-puffs-double-warehouse-einweg-e-zigarette-original\/#breadcrumb","itemListElement":[{"@type":"ListItem","position":1,"name":"Startseite","item":"https:\/\/shopvapor.de\/"},{"@type":"ListItem","position":2,"name":"Shop","item":"https:\/\/shopvapor.de\/shop\/"},{"@type":"ListItem","position":3,"name":"Mr.Goodie 20000 20K Puffs Double Warehouse Einweg-E-Zigarette Original"}]},{"@type":"WebSite","@id":"https:\/\/shopvapor.de\/#website","url":"https:\/\/shopvapor.de\/","name":"\u30b7\u30e7\u30c3\u30d7\u30d9\u30fc\u30d1\u30fc","description":"","potentialAction":[{"@type":"SearchAction","target":{"@type":"EntryPoint","urlTemplate":"https:\/\/shopvapor.de\/?s={search_term_string}"},"query-input":{"@type":"PropertyValueSpecification","valueRequired":true,"valueName":"search_term_string"}}],"inLanguage":"ja"}]}},"_links":{"self":[{"href":"https:\/\/shopvapor.de\/ja\/wp-json\/wp\/v2\/product\/9431","targetHints":{"allow":["GET"]}}],"collection":[{"href":"https:\/\/shopvapor.de\/ja\/wp-json\/wp\/v2\/product"}],"about":[{"href":"https:\/\/shopvapor.de\/ja\/wp-json\/wp\/v2\/types\/product"}],"replies":[{"embeddable":true,"href":"https:\/\/shopvapor.de\/ja\/wp-json\/wp\/v2\/comments?post=9431"}],"version-history":[{"count":3,"href":"https:\/\/shopvapor.de\/ja\/wp-json\/wp\/v2\/product\/9431\/revisions"}],"predecessor-version":[{"id":11892,"href":"https:\/\/shopvapor.de\/ja\/wp-json\/wp\/v2\/product\/9431\/revisions\/11892"}],"wp:featuredmedia":[{"embeddable":true,"href":"https:\/\/shopvapor.de\/ja\/wp-json\/wp\/v2\/media\/9452"}],"wp:attachment":[{"href":"https:\/\/shopvapor.de\/ja\/wp-json\/wp\/v2\/media?parent=9431"}],"wp:term":[{"taxonomy":"product_brand","embeddable":true,"href":"https:\/\/shopvapor.de\/ja\/wp-json\/wp\/v2\/product_brand?post=9431"},{"taxonomy":"product_cat","embeddable":true,"href":"https:\/\/shopvapor.de\/ja\/wp-json\/wp\/v2\/product_cat?post=9431"},{"taxonomy":"product_tag","embeddable":true,"href":"https:\/\/shopvapor.de\/ja\/wp-json\/wp\/v2\/product_tag?post=9431"}],"curies":[{"name":"wp","href":"https:\/\/api.w.org\/{rel}","templated":true}]}}