{"id":9796,"date":"2025-07-02T07:04:55","date_gmt":"2025-07-02T07:04:55","guid":{"rendered":"https:\/\/shopvapor.de\/?post_type=product&#038;p=9796"},"modified":"2025-07-15T07:27:54","modified_gmt":"2025-07-15T07:27:54","slug":"uzy-bang-digital-15000-%e3%83%91%e3%83%95-led-%e3%83%87%e3%82%a3%e3%82%b9%e3%83%97%e3%83%ac%e3%82%a4-20ml-%e4%bd%bf%e3%81%84%e6%8d%a8%e3%81%a6-e-%e3%82%bf%e3%83%90%e3%82%b3-%e3%82%aa%e3%83%aa%e3%82%b8","status":"publish","type":"product","link":"https:\/\/shopvapor.de\/ja\/product\/uzy-bang-digital-15000-%e3%83%91%e3%83%95-led-%e3%83%87%e3%82%a3%e3%82%b9%e3%83%97%e3%83%ac%e3%82%a4-20ml-%e4%bd%bf%e3%81%84%e6%8d%a8%e3%81%a6-e-%e3%82%bf%e3%83%90%e3%82%b3-%e3%82%aa%e3%83%aa%e3%82%b8\/","title":{"rendered":"Uzy Bang Digital 15000 \u30d1\u30d5 LED \u30c7\u30a3\u30b9\u30d7\u30ec\u30a4 20ml \u4f7f\u3044\u6368\u3066\u96fb\u5b50\u30bf\u30d0\u30b3 \u30aa\u30ea\u30b8\u30ca\u30eb"},"content":{"rendered":"<h2>UZY Bang Digital 15000 \u306e\u7d39\u4ecb<\/h2>\n<p>Uzy Bang Digital 15000 \u306f\u3001\u6700\u5148\u7aef\u306e\u4f7f\u3044\u6368\u3066\u96fb\u5b50\u30bf\u30d0\u30b3\u3067\u3001\u6700\u5927 15,000 \u5217\u306e\u5217\u8eca\u3068\u9ad8\u5ea6\u306a\u6280\u8853\u306e\u5370\u8c61\u7684\u306a\u5bb9\u91cf\u3067\u5370\u8c61\u7684\u3067\u3059\u3002 \u6709\u540d\u306a Uzy \u30d6\u30e9\u30f3\u30c9\u306b\u3088\u3063\u3066\u958b\u767a\u3055\u308c\u305f\u3053\u306e\u30c7\u30d0\u30a4\u30b9\u306f\u3001\u30d1\u30d5\u30a9\u30fc\u30de\u30f3\u30b9\u3001\u5feb\u9069\u3055\u3001\u30b9\u30bf\u30a4\u30eb\u306e\u30b7\u30fc\u30e0\u30ec\u30b9\u306a\u7d44\u307f\u5408\u308f\u305b\u3092\u63d0\u4f9b\u3057\u307e\u3059\u3002 \u76f4\u611f\u7684\u306a LED \u30c7\u30a3\u30b9\u30d7\u30ec\u30a4\u3068\u3055\u307e\u3056\u307e\u306a\u30cb\u30b3\u30c1\u30f3 \u30aa\u30d7\u30b7\u30e7\u30f3\u3092\u5099\u3048\u305f Uzy Bang Digital 15000 \u306f\u3001\u9577\u6301\u3061\u3059\u308b\u4e0a\u54c1\u306a\u4f53\u9a13\u3092\u6c42\u3081\u308b\u4eba\u306b\u3068\u3063\u3066\u7406\u60f3\u7684\u306a\u9078\u629e\u80a2\u3067\u3059\u3002 UZY \u30d6\u30e9\u30f3\u30c9\u306f\u54c1\u8cea\u3068\u9769\u65b0\u6027\u3092\u8868\u3057\u3001\u8981\u6c42\u306e\u53b3\u3057\u3044\u30e6\u30fc\u30b6\u30fc\u306b\u3068\u3063\u3066\u4fe1\u983c\u3067\u304d\u308b\u30aa\u30d7\u30b7\u30e7\u30f3\u3067\u3059\u3002<\/p>\n<h2>\u88fd\u54c1\u30d1\u30e9\u30e1\u30fc\u30bf\u30fc\u8a73\u7d30<\/h2>\n<p>Uzy Bang Digital 15000 \u306f\u3001\u305d\u306e\u6280\u8853\u4ed5\u69d8\u304c\u7279\u5fb4\u3067\u3001\u4fe1\u983c\u6027\u304c\u9ad8\u304f\u30e6\u30fc\u30b6\u30fc\u30d5\u30ec\u30f3\u30c9\u30ea\u30fc\u306a\u30a8\u30af\u30b9\u30da\u30ea\u30a8\u30f3\u30b9\u3092\u4fdd\u8a3c\u3057\u307e\u3059\u3002 \u4ee5\u4e0b\u306b\u3001\u6700\u3082\u91cd\u8981\u306a\u30d1\u30e9\u30e1\u30fc\u30bf\u3068\u305d\u306e\u5229\u70b9\u306e\u8a73\u7d30\u306a\u6982\u8981\u3092\u793a\u3057\u307e\u3059\u3002<\/p>\n<h3>\u5217\u8eca\u306e\u5b9a\u54e1: \u6700\u5927 15,000 \u5217\u306e\u5217\u8eca<\/h3>\n<p>Uzy Bang Digital 15000 \u306f\u3001\u6700\u5927 15,000 \u5217\u306e\u5217\u8eca\u306e\u4e26\u5916\u308c\u305f\u5bb9\u91cf\u3092\u63d0\u4f9b\u3057\u3001\u983b\u7e41\u306b\u4ea4\u63db\u3059\u308b\u3053\u3068\u306a\u304f\u9577\u671f\u7684\u306b\u4f7f\u7528\u3067\u304d\u307e\u3059\u3002 \u3053\u306e\u6570\u306e\u5217\u8eca\u306f\u3001\u6c38\u7d9a\u7684\u306a\u4f53\u9a13\u3092\u4fdd\u8a3c\u3057\u3001\u5b9f\u7528\u7684\u3067\u8cbb\u7528\u5bfe\u52b9\u679c\u306e\u9ad8\u3044\u65b0\u3057\u3044\u30c7\u30d0\u30a4\u30b9\u3092\u5e38\u306b\u8cfc\u5165\u3059\u308b\u5fc5\u8981\u6027\u3092\u6e1b\u3089\u3057\u307e\u3059\u3002<\/p>\n<h3>\u30d0\u30c3\u30c6\u30ea\u30fc\uff1a850 mAh\u3001\u5145\u96fb\u5f0f<\/h3>\n<p>USB Type-C \u30dd\u30fc\u30c8\u3092\u4ecb\u3057\u3066\u5145\u96fb\u53ef\u80fd\u306a\u5f37\u529b\u306a 850mAh \u30d0\u30c3\u30c6\u30ea\u30fc\u3092\u642d\u8f09\u3057\u305f Uzy Bang Digital 15000 \u306f\u3001\u30c7\u30d0\u30a4\u30b9\u5168\u4f53\u306e\u5bff\u547d\u3092\u4fdd\u8a3c\u3057\u307e\u3059\u3002 \u518d\u5145\u96fb\u6027\u306f\u8010\u7528\u5e74\u6570\u3092\u6700\u5927\u5316\u3057\u3001\u30a8\u30cd\u30eb\u30ae\u30fc\u3092\u7121\u99c4\u306b\u3057\u306a\u3044\u3088\u3046\u306b\u3057\u307e\u3059\u3002<\/p>\n<h3>\u96fb\u5b50\u6db2\u4f53\u5bb9\u91cf: 20ml<\/h3>\n<p>20 ml \u306e\u96fb\u5b50\u6db2\u4f53\u5bb9\u91cf\u3092\u3042\u3089\u304b\u3058\u3081\u6e80\u305f\u3057\u305f Uzy Bang Digital 15000 \u306f\u3001\u6570\u5343\u306e\u5217\u8eca\u306b\u5341\u5206\u306a\u6db2\u4f53\u3092\u63d0\u4f9b\u3057\u307e\u3059\u3002 \u3053\u306e\u305f\u3063\u3077\u308a\u306e\u91cf\u3067\u3001\u8a70\u3081\u66ff\u3048\u306e\u5fc5\u8981\u304c\u306a\u304f\u306a\u308a\u3001\u6700\u521d\u304b\u3089\u6700\u5f8c\u307e\u3067\u4e00\u8cab\u3057\u3066\u4e0a\u54c1\u306a\u4f53\u9a13\u304c\u3067\u304d\u307e\u3059\u3002<\/p>\n<h3>\u30cb\u30b3\u30c1\u30f3\u306e\u5f37\u3055\uff1a0 %\u30012 %\u30013 %\u30015 %<\/h3>\n<p>Uzy Bang Digital 15000 \u306f\u3001\u30e6\u30fc\u30b6\u30fc\u306e\u500b\u3005\u306e\u597d\u307f\u306b\u5408\u308f\u305b\u3066\u30010 %\u30012 %\u30013 %\u30015 % - \u306e 4 \u3064\u306e\u30cb\u30b3\u30c1\u30f3\u5f37\u5ea6\u3067\u5229\u7528\u3067\u304d\u307e\u3059\u3002 \u3053\u306e\u67d4\u8edf\u6027\u306b\u3088\u308a\u3001\u30cb\u30b3\u30c1\u30f3\u3092\u542b\u307e\u306a\u3044\u5834\u5408\u3067\u3082\u3001\u30cb\u30b3\u30c1\u30f3\u542b\u6709\u91cf\u304c\u9ad8\u3044\u5834\u5408\u3067\u3082\u3001\u4f53\u9a13\u306e\u5f37\u5ea6\u3092\u81ea\u5206\u306e\u597d\u307f\u306b\u5408\u308f\u305b\u3066\u8abf\u6574\u3059\u308b\u3053\u3068\u304c\u3067\u304d\u307e\u3059\u3002<\/p>\n<h3>LED\u30c7\u30a3\u30b9\u30d7\u30ec\u30a4<\/h3>\n<p>LED \u30c7\u30a3\u30b9\u30d7\u30ec\u30a4\u306b\u3001\u30d0\u30c3\u30c6\u30ea\u30fc\u306e\u72b6\u614b\u3068\u6b8b\u91cf\u306e\u96fb\u5b50\u6db2\u4f53\u304c\u30ea\u30a2\u30eb\u30bf\u30a4\u30e0\u3067\u8868\u793a\u3055\u308c\u307e\u3059\u3002 \u3053\u306e\u6a5f\u80fd\u306b\u3088\u308a\u3001\u6b63\u78ba\u306a\u76e3\u8996\u304c\u53ef\u80fd\u306b\u306a\u308a\u3001\u4e88\u671f\u3057\u306a\u3044\u4e2d\u65ad\u3092\u9632\u3050\u3053\u3068\u304c\u3067\u304d\u308b\u305f\u3081\u3001\u4f7f\u3044\u3084\u3059\u3055\u304c\u5411\u4e0a\u3057\u307e\u3059\u3002<\/p>\n<h3>\u30e1\u30c3\u30b7\u30e5\u30b3\u30a4\u30eb\u6280\u8853<\/h3>\n<p>Uzy Bang Digital 15000 \u306f\u3001\u9ad8\u5ea6\u306a\u30e1\u30c3\u30b7\u30e5 \u30b3\u30a4\u30eb\u6280\u8853\u3092\u4f7f\u7528\u3057\u3066\u3001\u3055\u3089\u306b\u6e29\u304b\u304f\u3001\u5f37\u70c8\u306a\u30d5\u30ec\u30fc\u30d0\u30fc\u306e\u958b\u767a\u3092\u4fdd\u8a3c\u3057\u307e\u3059\u3002 \u3053\u306e\u6280\u8853\u306b\u3088\u308a\u3001\u3059\u3079\u3066\u306e\u5217\u8eca\u304c\u8c4a\u304b\u3067\u4e00\u8cab\u3057\u305f\u9999\u308a\u3092\u5b9f\u73fe\u3057\u307e\u3059\u3002<\/p>\n<h2>\u591a\u69d8\u306a\u5473<\/h2>\n<p>Uzy Bang Digital 15000 \u306f\u3001\u3042\u3089\u3086\u308b\u5473\u306b\u5408\u3046\u5e45\u5e83\u3044\u30d5\u30ec\u30fc\u30d0\u30fc\u3092\u63d0\u4f9b\u3057\u307e\u3059\u3002 \u5229\u7528\u53ef\u80fd\u306a\u30d5\u30ec\u30fc\u30d0\u30fc\u306f\u6b21\u306e\u3068\u304a\u308a\u3067\u3059\u3002<\/p>\n<ul>\n<li>\u30b9\u30c8\u30ed\u30d9\u30ea\u30fc\u30fb\u30b9\u30a4\u30ab<\/li>\n<li>\u30d6\u30eb\u30fc\u30d9\u30ea\u30fc\u306e\u6c37<\/li>\n<li>\u30d4\u30fc\u30c1\u30de\u30f3\u30b4\u30fc\u30d1\u30a4\u30ca\u30c3\u30d7\u30eb<\/li>\n<li>\u30b0\u30ec\u30fc\u30d7\u30a2\u30a4\u30b9<\/li>\n<li>\u30b9\u30a4\u30ab\u306e\u6c37<\/li>\n<li>\u30d4\u30fc\u30c1\u30fb\u30a2\u30a4\u30b9<\/li>\n<li>\u30b9\u30c8\u30ed\u30d9\u30ea\u30fc\u30fb\u30ad\u30a6\u30a4<\/li>\n<li>\u30d6\u30eb\u30fc\u30d9\u30ea\u30fc\u30fb\u30e9\u30ba\u30d9\u30ea\u30fc<\/li>\n<li>\u30ad\u30a6\u30a4\u306e\u30d1\u30c3\u30b7\u30e7\u30f3\u30d5\u30eb\u30fc<\/li>\n<li>\u30d6\u30eb\u30fc\u3055\u3093<\/li>\n<li>\u30c8\u30ea\u30d7\u30eb\u30de\u30f3\u30b4\u30fc\u30a2\u30a4\u30b9<\/li>\n<li>\u8d64\u30a8\u30cd\u30eb\u30ae\u30fc\u6c37<\/li>\n<\/ul>\n<p>\u305d\u308c\u305e\u308c\u306e\u30d5\u30ec\u30fc\u30d0\u30fc\u306f\u3001Uzy \u306e\u9ad8\u3044\u57fa\u6e96\u3092\u6e80\u305f\u3059\u30e6\u30cb\u30fc\u30af\u3067\u3055\u308f\u3084\u304b\u306a\u4f53\u9a13\u3092\u63d0\u4f9b\u3059\u308b\u3088\u3046\u306b\u614e\u91cd\u306b\u8a2d\u8a08\u3055\u308c\u3066\u3044\u307e\u3059\u3002<\/p>\n<p><img fetchpriority=\"high\" decoding=\"async\" class=\"alignnone wp-image-11852 size-full\" title=\"\u30a6\u30b8\u30fc\u30fb\u30d0\u30f3\u30c7\u30b8\u30bf\u30eb 15000 \u30d1\u30d5\" src=\"https:\/\/shopvapor.de\/wp-content\/uploads\/2025\/07\/UZY-Bang-Digital-15000-Puffs.avif\" alt=\"\u30a6\u30b8\u30fc\u30fb\u30d0\u30f3\u30c7\u30b8\u30bf\u30eb 15000 \u30d1\u30d5\" width=\"1000\" height=\"1000\" \/><\/p>\n<h2>\u3088\u304f\u3042\u308b\u8cea\u554f (FAQ)<\/h2>\n<p>\u3053\u3053\u3067\u306f\u3001\u88fd\u54c1\u306e\u4f7f\u7528\u306b\u5f79\u7acb\u3064 Uzy Bang Digital 15000 \u306b\u95a2\u3059\u308b\u6700\u3082\u4e00\u822c\u7684\u306a\u8cea\u554f\u306b\u7b54\u3048\u307e\u3059\u3002<\/p>\n<p><strong>Uzy Bang Digital 15000 \u306f\u3069\u306e\u304f\u3089\u3044\u6301\u3061\u307e\u3059\u304b?<\/strong><br \/>\n\u5bff\u547d\u306f\u4f7f\u7528\u983b\u5ea6\u306b\u3088\u3063\u3066\u7570\u306a\u308a\u307e\u3059\u304c\u3001\u6700\u5927 15,000 \u5217\u306e\u5217\u8eca\u3068 850 mAh \u306e\u30d0\u30c3\u30c6\u30ea\u30fc\u3092\u5099\u3048\u3066\u3044\u308b\u305f\u3081\u3001\u3053\u306e\u30c7\u30d0\u30a4\u30b9\u306f\u9577\u6642\u9593\u306e\u4f7f\u7528\u3092\u63d0\u4f9b\u3057\u307e\u3059\u3002 \u5e73\u5747\u7684\u306a\u4f7f\u7528\u3067\u3001\u6570\u9031\u9593\u6301\u7d9a\u3059\u308b\u3053\u3068\u304c\u3042\u308a\u307e\u3059\u3002<\/p>\n<p><strong>\u8cfc\u5165\u5f8c\u306b\u30cb\u30b3\u30c1\u30f3\u30c7\u30f3\u30d7\u30f3\u3092\u4ea4\u63db\u3067\u304d\u307e\u3059\u304b?<\/strong><br \/>\n\u3044\u3044\u3048\u3001\u30cb\u30b3\u30c1\u30f3\u5f37\u5ea6\u306f\u30c7\u30d0\u30a4\u30b9\u3067\u6307\u5b9a\u3055\u308c\u3066\u3044\u307e\u3059 (0 %\u30012 %\u30013 %\u3001\u307e\u305f\u306f 5 %)\u3002 \u8cfc\u5165\u3059\u308b\u3068\u304d\u306f\u3001\u81ea\u5206\u306b\u5408\u3063\u305f\u5f37\u3055\u3092\u9078\u3073\u307e\u3057\u3087\u3046\u3002<\/p>\n<p><strong>Uzy Bang Digital 15000 \u30d0\u30c3\u30c6\u30ea\u30fc\u3092\u5145\u96fb\u3059\u308b\u306b\u306f\u3069\u3046\u3059\u308c\u3070\u3088\u3044\u3067\u3059\u304b?<\/strong><br \/>\nUSB Type-C \u30b1\u30fc\u30d6\u30eb\u3092\u4f7f\u7528\u3057\u3066\u3001850mAh \u306e\u30d0\u30c3\u30c6\u30ea\u30fc\u3092\u5145\u96fb\u3057\u307e\u3059\u3002 LED \u30c7\u30a3\u30b9\u30d7\u30ec\u30a4\u306b\u306f\u5145\u96fb\u30ec\u30d9\u30eb\u304c\u8868\u793a\u3055\u308c\u3066\u3044\u308b\u305f\u3081\u3001\u9032\u6357\u72b6\u6cc1\u3092\u76e3\u8996\u3067\u304d\u307e\u3059\u3002<\/p>\n<p><strong>\u96fb\u5b50\u6db2\u4f53\u3092\u4f7f\u3044\u5207\u308b\u3068\u3069\u3046\u306a\u308b\u306e?<\/strong><br \/>\nUzy Bang Digital 15000 \u306f\u4f7f\u3044\u6368\u3066\u30c7\u30d0\u30a4\u30b9\u3067\u3059\u3002 \u96fb\u5b50\u6db2\u4f53\u307e\u305f\u306f\u5217\u8eca\u304c\u4f7f\u3044\u5207\u3089\u308c\u305f\u3089\u3001\u73fe\u5730\u306e\u898f\u5236\u306b\u5f93\u3063\u3066\u88c5\u7f6e\u3092\u5ec3\u68c4\u3059\u308b\u5fc5\u8981\u304c\u3042\u308a\u307e\u3059\u3002<\/p>\n<p><strong>LED \u30c7\u30a3\u30b9\u30d7\u30ec\u30a4\u306f\u5e38\u306b\u30a2\u30af\u30c6\u30a3\u30d6\u3067\u3059\u304b?<\/strong><br \/>\nLED \u30c7\u30a3\u30b9\u30d7\u30ec\u30a4\u306f\u3001\u4f7f\u7528\u4e2d\u306b\u30a2\u30af\u30c6\u30a3\u30d6\u306b\u306a\u308a\u3001\u30d0\u30c3\u30c6\u30ea\u30fc\u306e\u72b6\u614b\u3068\u30ea\u30ad\u30c3\u30c9\u306e\u91cf\u3092\u8868\u793a\u3057\u307e\u3059\u3002 \u975e\u30a2\u30af\u30c6\u30a3\u30d6\u306a\u3068\u304d\u306b\u30aa\u30d5\u306b\u3057\u3066\u30d0\u30c3\u30c6\u30ea\u30fc\u3092\u4fdd\u8b77\u3057\u307e\u3059\u3002<\/p>\n<p><strong>\u30c7\u30d0\u30a4\u30b9\u306e\u5473\u304c\u4e88\u60f3\u3068\u7570\u306a\u308b\u306e\u306f\u306a\u305c\u3067\u3059\u304b?<\/strong><br \/>\n\u5473\u899a\u306f\u7570\u306a\u308b\u5834\u5408\u304c\u3042\u308a\u307e\u3059\u3002 \u5fc5\u8981\u306a\u30d5\u30ec\u30fc\u30d0\u30fc\u3092\u8cfc\u5165\u3057\u305f\u3053\u3068\u3092\u78ba\u8a8d\u3057\u3066\u304f\u3060\u3055\u3044\u3002 \u4f55\u304b\u554f\u984c\u304c\u3042\u308c\u3070\u3001\u30c7\u30a3\u30fc\u30e9\u30fc\u306e\u30ab\u30b9\u30bf\u30de\u30fc \u30b5\u30fc\u30d3\u30b9\u306b\u9023\u7d61\u3057\u3066\u304f\u3060\u3055\u3044\u3002<\/p>\n<p><strong>\u4f4e\u6e29\u3067\u30c7\u30d0\u30a4\u30b9\u3092\u4f7f\u7528\u3067\u304d\u307e\u3059\u304b?<\/strong><br \/>\nUzy Bang Digital 15000 \u306f\u3001\u5ba4\u6e29\u3067\u6700\u3082\u3088\u304f\u6a5f\u80fd\u3057\u307e\u3059\u3002 \u6975\u7aef\u306a\u5bd2\u3055\u306f\u3001\u30d0\u30c3\u30c6\u30ea\u30fc\u3084\u96fb\u5b50\u6db2\u4f53\u306e\u6027\u80fd\u306b\u5f71\u97ff\u3092\u4e0e\u3048\u308b\u53ef\u80fd\u6027\u304c\u3042\u308a\u307e\u3059\u3002 \u30c7\u30d0\u30a4\u30b9\u3092\u5e38\u6e29\u3067\u4fdd\u7ba1\u3057\u3066\u304f\u3060\u3055\u3044\u3002<\/p>","protected":false},"excerpt":{"rendered":"<p>Uzy Bang Digital 15000 \u4f7f\u3044\u6368\u3066\u96fb\u5b50\u30bf\u30d0\u30b3\u306f\u3001\u6700\u5927 15,000 \u5217\u306e\u5217\u8eca\u300120 ml \u306e\u96fb\u5b50\u6db2\u4f53\u3001850 mAh \u306e\u5145\u96fb\u5f0f\u30d0\u30c3\u30c6\u30ea\u30fc\u3001LED \u30c7\u30a3\u30b9\u30d7\u30ec\u30a4\u3001\u30e1\u30c3\u30b7\u30e5 \u30b3\u30a4\u30eb\u6280\u8853\u3092\u5099\u3048\u3066\u3044\u307e\u3059\u3002 0 %\u30012 %\u30013 %\u30015 % \u30cb\u30b3\u30c1\u30f3\u5f37\u5ea6\u3068 12 \u7a2e\u985e\u306e\u30d5\u30ec\u30fc\u30d0\u30fc\u304c\u3042\u308a\u307e\u3059\u3002<\/p>","protected":false},"featured_media":9810,"comment_status":"open","ping_status":"closed","template":"","meta":[],"product_brand":[1161],"product_cat":[1157],"product_tag":[963,959],"class_list":{"0":"post-9796","1":"product","2":"type-product","3":"status-publish","4":"has-post-thumbnail","6":"product_brand-uzy","7":"product_cat-15000-puffs","8":"product_tag-15k-puffs","9":"product_tag-more-than-10kpuffs","11":"first","12":"instock","13":"sale","14":"shipping-taxable","15":"purchasable","16":"product-type-variable"},"yoast_head":"<!-- This site is optimized with the Yoast SEO plugin v25.8 - https:\/\/yoast.com\/wordpress\/plugins\/seo\/ -->\n<title>UZY Bang Digital 15000 Puffs LED Display 20ml Einweg-E-Zigarette Original - ShopVapor<\/title>\n<meta name=\"description\" content=\"UZY Bang Digital 15000 Einweg-E-Zigarette mit bis zu 15.000 Z\u00fcgen, 20 ml E-Liquid, 850 mAh wiederaufladbarem Akku, LED-Display und Mesh-Coil-Technologie. Erh\u00e4ltlich in 0 %, 2 %, 3 %, 5 % Nikotinst\u00e4rken und 12 Geschmacksrichtungen.\" \/>\n<meta name=\"robots\" content=\"index, follow, max-snippet:-1, max-image-preview:large, max-video-preview:-1\" \/>\n<link rel=\"canonical\" href=\"https:\/\/shopvapor.de\/ja\/product\/uzy-bang-digital-15000-\u30d1\u30d5-led-\u30c7\u30a3\u30b9\u30d7\u30ec\u30a4-20ml-\u4f7f\u3044\u6368\u3066-e-\u30bf\u30d0\u30b3-\u30aa\u30ea\u30b8\/\" \/>\n<meta property=\"og:locale\" content=\"ja_JP\" \/>\n<meta property=\"og:type\" content=\"article\" \/>\n<meta property=\"og:title\" content=\"UZY Bang Digital 15000 Puffs LED Display 20ml Einweg-E-Zigarette Original - ShopVapor\" \/>\n<meta property=\"og:description\" content=\"UZY Bang Digital 15000 Einweg-E-Zigarette mit bis zu 15.000 Z\u00fcgen, 20 ml E-Liquid, 850 mAh wiederaufladbarem Akku, LED-Display und Mesh-Coil-Technologie. Erh\u00e4ltlich in 0 %, 2 %, 3 %, 5 % Nikotinst\u00e4rken und 12 Geschmacksrichtungen.\" \/>\n<meta property=\"og:url\" content=\"https:\/\/shopvapor.de\/ja\/product\/uzy-bang-digital-15000-\u30d1\u30d5-led-\u30c7\u30a3\u30b9\u30d7\u30ec\u30a4-20ml-\u4f7f\u3044\u6368\u3066-e-\u30bf\u30d0\u30b3-\u30aa\u30ea\u30b8\/\" \/>\n<meta property=\"og:site_name\" content=\"ShopVapor\" \/>\n<meta property=\"article:modified_time\" content=\"2025-07-15T07:27:54+00:00\" \/>\n<meta property=\"og:image\" content=\"https:\/\/shopvapor.de\/wp-content\/uploads\/2025\/07\/uzy-bang-digital-15000-puffs-led-display-20ml-einweg-e-zigarette-original.webp\" \/>\n\t<meta property=\"og:image:width\" content=\"1280\" \/>\n\t<meta property=\"og:image:height\" content=\"1279\" \/>\n\t<meta property=\"og:image:type\" content=\"image\/webp\" \/>\n<meta name=\"twitter:card\" content=\"summary_large_image\" \/>\n<meta name=\"twitter:label1\" content=\"\u63a8\u5b9a\u8aad\u307f\u53d6\u308a\u6642\u9593\" \/>\n\t<meta name=\"twitter:data1\" content=\"4\u5206\" \/>\n<!-- \/ Yoast SEO plugin. -->","yoast_head_json":{"title":"Uzy Bang Digital 15000 \u30d1\u30d5 LED \u30c7\u30a3\u30b9\u30d7\u30ec\u30a4 20ml \u4f7f\u3044\u6368\u3066\u96fb\u5b50\u30bf\u30d0\u30b3 \u30aa\u30ea\u30b8\u30ca\u30eb - ShopVapor","description":"Uzy Bang Digital 15000 \u4f7f\u3044\u6368\u3066\u96fb\u5b50\u30bf\u30d0\u30b3\u306f\u3001\u6700\u5927 15,000 \u5217\u306e\u5217\u8eca\u300120 ml \u306e\u96fb\u5b50\u6db2\u4f53\u3001850 mAh \u306e\u5145\u96fb\u5f0f\u30d0\u30c3\u30c6\u30ea\u30fc\u3001LED \u30c7\u30a3\u30b9\u30d7\u30ec\u30a4\u3001\u30e1\u30c3\u30b7\u30e5 \u30b3\u30a4\u30eb\u6280\u8853\u3092\u5099\u3048\u3066\u3044\u307e\u3059\u3002 0 %\u30012 %\u30013 %\u30015 % \u30cb\u30b3\u30c1\u30f3\u5f37\u5ea6\u3068 12 \u7a2e\u985e\u306e\u30d5\u30ec\u30fc\u30d0\u30fc\u304c\u3042\u308a\u307e\u3059\u3002","robots":{"index":"index","follow":"follow","max-snippet":"max-snippet:-1","max-image-preview":"max-image-preview:large","max-video-preview":"max-video-preview:-1"},"canonical":"https:\/\/shopvapor.de\/ja\/product\/uzy-bang-digital-15000-\u30d1\u30d5-led-\u30c7\u30a3\u30b9\u30d7\u30ec\u30a4-20ml-\u4f7f\u3044\u6368\u3066-e-\u30bf\u30d0\u30b3-\u30aa\u30ea\u30b8\/","og_locale":"ja_JP","og_type":"article","og_title":"UZY Bang Digital 15000 Puffs LED Display 20ml Einweg-E-Zigarette Original - ShopVapor","og_description":"UZY Bang Digital 15000 Einweg-E-Zigarette mit bis zu 15.000 Z\u00fcgen, 20 ml E-Liquid, 850 mAh wiederaufladbarem Akku, LED-Display und Mesh-Coil-Technologie. Erh\u00e4ltlich in 0 %, 2 %, 3 %, 5 % Nikotinst\u00e4rken und 12 Geschmacksrichtungen.","og_url":"https:\/\/shopvapor.de\/ja\/product\/uzy-bang-digital-15000-\u30d1\u30d5-led-\u30c7\u30a3\u30b9\u30d7\u30ec\u30a4-20ml-\u4f7f\u3044\u6368\u3066-e-\u30bf\u30d0\u30b3-\u30aa\u30ea\u30b8\/","og_site_name":"ShopVapor","article_modified_time":"2025-07-15T07:27:54+00:00","og_image":[{"width":1280,"height":1279,"url":"https:\/\/shopvapor.de\/wp-content\/uploads\/2025\/07\/uzy-bang-digital-15000-puffs-led-display-20ml-einweg-e-zigarette-original.webp","type":"image\/webp"}],"twitter_card":"summary_large_image","twitter_misc":{"\u63a8\u5b9a\u8aad\u307f\u53d6\u308a\u6642\u9593":"4\u5206"},"schema":{"@context":"https:\/\/schema.org","@graph":[{"@type":"WebPage","@id":"https:\/\/shopvapor.de\/produkt\/uzy-bang-digital-15000-puffs-led-display-20ml-einweg-e-zigarette-original\/","url":"https:\/\/shopvapor.de\/produkt\/uzy-bang-digital-15000-puffs-led-display-20ml-einweg-e-zigarette-original\/","name":"Uzy Bang Digital 15000 \u30d1\u30d5 LED \u30c7\u30a3\u30b9\u30d7\u30ec\u30a4 20ml \u4f7f\u3044\u6368\u3066\u96fb\u5b50\u30bf\u30d0\u30b3 \u30aa\u30ea\u30b8\u30ca\u30eb - ShopVapor","isPartOf":{"@id":"https:\/\/shopvapor.de\/#website"},"primaryImageOfPage":{"@id":"https:\/\/shopvapor.de\/produkt\/uzy-bang-digital-15000-puffs-led-display-20ml-einweg-e-zigarette-original\/#primaryimage"},"image":{"@id":"https:\/\/shopvapor.de\/produkt\/uzy-bang-digital-15000-puffs-led-display-20ml-einweg-e-zigarette-original\/#primaryimage"},"thumbnailUrl":"https:\/\/shopvapor.de\/wp-content\/uploads\/2025\/07\/uzy-bang-digital-15000-puffs-led-display-20ml-einweg-e-zigarette-original.webp","datePublished":"2025-07-02T07:04:55+00:00","dateModified":"2025-07-15T07:27:54+00:00","description":"Uzy Bang Digital 15000 \u4f7f\u3044\u6368\u3066\u96fb\u5b50\u30bf\u30d0\u30b3\u306f\u3001\u6700\u5927 15,000 \u5217\u306e\u5217\u8eca\u300120 ml \u306e\u96fb\u5b50\u6db2\u4f53\u3001850 mAh \u306e\u5145\u96fb\u5f0f\u30d0\u30c3\u30c6\u30ea\u30fc\u3001LED \u30c7\u30a3\u30b9\u30d7\u30ec\u30a4\u3001\u30e1\u30c3\u30b7\u30e5 \u30b3\u30a4\u30eb\u6280\u8853\u3092\u5099\u3048\u3066\u3044\u307e\u3059\u3002 0 %\u30012 %\u30013 %\u30015 % \u30cb\u30b3\u30c1\u30f3\u5f37\u5ea6\u3068 12 \u7a2e\u985e\u306e\u30d5\u30ec\u30fc\u30d0\u30fc\u304c\u3042\u308a\u307e\u3059\u3002","breadcrumb":{"@id":"https:\/\/shopvapor.de\/produkt\/uzy-bang-digital-15000-puffs-led-display-20ml-einweg-e-zigarette-original\/#breadcrumb"},"inLanguage":"ja","potentialAction":[{"@type":"ReadAction","target":["https:\/\/shopvapor.de\/produkt\/uzy-bang-digital-15000-puffs-led-display-20ml-einweg-e-zigarette-original\/"]}]},{"@type":"ImageObject","inLanguage":"ja","@id":"https:\/\/shopvapor.de\/produkt\/uzy-bang-digital-15000-puffs-led-display-20ml-einweg-e-zigarette-original\/#primaryimage","url":"https:\/\/shopvapor.de\/wp-content\/uploads\/2025\/07\/uzy-bang-digital-15000-puffs-led-display-20ml-einweg-e-zigarette-original.webp","contentUrl":"https:\/\/shopvapor.de\/wp-content\/uploads\/2025\/07\/uzy-bang-digital-15000-puffs-led-display-20ml-einweg-e-zigarette-original.webp","width":1280,"height":1279},{"@type":"BreadcrumbList","@id":"https:\/\/shopvapor.de\/produkt\/uzy-bang-digital-15000-puffs-led-display-20ml-einweg-e-zigarette-original\/#breadcrumb","itemListElement":[{"@type":"ListItem","position":1,"name":"Startseite","item":"https:\/\/shopvapor.de\/"},{"@type":"ListItem","position":2,"name":"Shop","item":"https:\/\/shopvapor.de\/shop\/"},{"@type":"ListItem","position":3,"name":"UZY Bang Digital 15000 Puffs LED Display 20ml Einweg-E-Zigarette Original"}]},{"@type":"WebSite","@id":"https:\/\/shopvapor.de\/#website","url":"https:\/\/shopvapor.de\/","name":"\u30b7\u30e7\u30c3\u30d7\u30d9\u30fc\u30d1\u30fc","description":"","potentialAction":[{"@type":"SearchAction","target":{"@type":"EntryPoint","urlTemplate":"https:\/\/shopvapor.de\/?s={search_term_string}"},"query-input":{"@type":"PropertyValueSpecification","valueRequired":true,"valueName":"search_term_string"}}],"inLanguage":"ja"}]}},"_links":{"self":[{"href":"https:\/\/shopvapor.de\/ja\/wp-json\/wp\/v2\/product\/9796","targetHints":{"allow":["GET"]}}],"collection":[{"href":"https:\/\/shopvapor.de\/ja\/wp-json\/wp\/v2\/product"}],"about":[{"href":"https:\/\/shopvapor.de\/ja\/wp-json\/wp\/v2\/types\/product"}],"replies":[{"embeddable":true,"href":"https:\/\/shopvapor.de\/ja\/wp-json\/wp\/v2\/comments?post=9796"}],"version-history":[{"count":3,"href":"https:\/\/shopvapor.de\/ja\/wp-json\/wp\/v2\/product\/9796\/revisions"}],"predecessor-version":[{"id":11855,"href":"https:\/\/shopvapor.de\/ja\/wp-json\/wp\/v2\/product\/9796\/revisions\/11855"}],"wp:featuredmedia":[{"embeddable":true,"href":"https:\/\/shopvapor.de\/ja\/wp-json\/wp\/v2\/media\/9810"}],"wp:attachment":[{"href":"https:\/\/shopvapor.de\/ja\/wp-json\/wp\/v2\/media?parent=9796"}],"wp:term":[{"taxonomy":"product_brand","embeddable":true,"href":"https:\/\/shopvapor.de\/ja\/wp-json\/wp\/v2\/product_brand?post=9796"},{"taxonomy":"product_cat","embeddable":true,"href":"https:\/\/shopvapor.de\/ja\/wp-json\/wp\/v2\/product_cat?post=9796"},{"taxonomy":"product_tag","embeddable":true,"href":"https:\/\/shopvapor.de\/ja\/wp-json\/wp\/v2\/product_tag?post=9796"}],"curies":[{"name":"wp","href":"https:\/\/api.w.org\/{rel}","templated":true}]}}