{"id":9854,"date":"2025-07-02T07:05:44","date_gmt":"2025-07-02T07:05:44","guid":{"rendered":"https:\/\/shopvapor.de\/?post_type=product&#038;p=9854"},"modified":"2025-07-15T07:30:41","modified_gmt":"2025-07-15T07:30:41","slug":"uzy-bar-8000-%e3%83%91%e3%83%95-%e3%82%a2%e3%83%bc%e3%82%af-%e3%82%aa%e3%83%aa%e3%82%b8%e3%83%8a%e3%83%ab-e-%e3%82%bf%e3%83%90%e3%82%b3","status":"publish","type":"product","link":"https:\/\/shopvapor.de\/ja\/product\/uzy-bar-8000-%e3%83%91%e3%83%95-%e3%82%a2%e3%83%bc%e3%82%af-%e3%82%aa%e3%83%aa%e3%82%b8%e3%83%8a%e3%83%ab-e-%e3%82%bf%e3%83%90%e3%82%b3\/","title":{"rendered":"UZY BAR 8000 8K \u30d1\u30d5 14ml \u4f7f\u3044\u6368\u3066\u96fb\u5b50\u30bf\u30d0\u30b3 \u30aa\u30ea\u30b8\u30ca\u30eb"},"content":{"rendered":"<h2>Uzy Bar 8000 \u30d1\u30d5\u306e\u7d39\u4ecb<\/h2>\n<p>Uzy Bar 8000 Puffs \u306f\u3001\u9577\u6301\u3061\u3059\u308b\u5f37\u70c8\u306a\u5473\u899a\u3092\u4f53\u9a13\u3067\u304d\u308b\u3088\u3046\u306b\u8a2d\u8a08\u3055\u308c\u305f\u3001\u9ad8\u54c1\u8cea\u3067\u4f7f\u3044\u6368\u3066\u306e\u96fb\u5b50\u30bf\u30d0\u30b3\u3067\u3059\u3002 \u6700\u5927 8000 \u5217\u306e\u5217\u8eca\u306e\u5bb9\u91cf\u3092\u5099\u3048\u305f\u3053\u306e\u88fd\u54c1\u306f\u3001\u54c1\u8cea\u3068\u5229\u4fbf\u6027\u3092\u91cd\u8996\u3059\u308b\u3059\u3079\u3066\u306e\u4eba\u306b\u5b9f\u7528\u7684\u3067\u30e6\u30fc\u30b6\u30fc \u30d5\u30ec\u30f3\u30c9\u30ea\u30fc\u306a\u30bd\u30ea\u30e5\u30fc\u30b7\u30e7\u30f3\u3092\u63d0\u4f9b\u3057\u307e\u3059\u3002 Uzy Bar \u306f\u3001\u6700\u65b0\u306e\u30c6\u30af\u30ce\u30ed\u30b8\u30fc\u3068\u30b3\u30f3\u30d1\u30af\u30c8\u306a\u30c7\u30b6\u30a4\u30f3\u3068\u3055\u307e\u3056\u307e\u306a\u30d5\u30ec\u30fc\u30d0\u30fc\u3092\u7d44\u307f\u5408\u308f\u305b\u3066\u3001\u500b\u3005\u306e\u597d\u307f\u306b\u5408\u308f\u305b\u307e\u3059\u3002 \u78ba\u7acb\u3055\u308c\u305f\u30d6\u30e9\u30f3\u30c9\u3068\u3057\u3066\u3001Uzy \u306f\u4fe1\u983c\u6027\u3068\u4e00\u6d41\u306e\u8077\u4eba\u6280\u3092\u8868\u3057\u3001\u8981\u6c42\u306e\u53b3\u3057\u3044\u30e6\u30fc\u30b6\u30fc\u306b\u3053\u306e\u88fd\u54c1\u3092\u597d\u3080\u3082\u306e\u306b\u3057\u3066\u3044\u307e\u3059\u3002<\/p>\n<h2>\u88fd\u54c1\u30d1\u30e9\u30e1\u30fc\u30bf\u30fc\u8a73\u7d30<\/h2>\n<p>Uzy Bar 8000 Puffs \u306f\u3001\u3088\u304f\u8003\u3048\u629c\u304b\u308c\u305f\u6280\u8853\u4ed5\u69d8\u304c\u7279\u5fb4\u3067\u3001\u4e00\u8cab\u3057\u305f\u6e80\u8db3\u306e\u3044\u304f\u4f53\u9a13\u3092\u4fdd\u8a3c\u3057\u307e\u3059\u3002 \u4ee5\u4e0b\u306f\u3001\u88fd\u54c1\u306e\u5f37\u307f\u3092\u793a\u3059\u91cd\u8981\u306a\u30d1\u30e9\u30e1\u30fc\u30bf\u3067\u3059\u3002<\/p>\n<h3>\u30d0\u30c3\u30c6\u30ea\u30fc\u5bb9\u91cf: 1100 mAh<\/h3>\n<p>Uzy Bar 8000 Puffs \u306b\u306f\u30011100 mAh \u306e\u30d0\u30c3\u30c6\u30ea\u30fc\u304c\u5185\u8535\u3055\u308c\u3066\u304a\u308a\u3001\u9ad8\u6027\u80fd\u3067\u9577\u6301\u3061\u3059\u308b\u3053\u3068\u304c\u3067\u304d\u307e\u3059\u3002 \u3053\u306e\u5bb9\u91cf\u306b\u3088\u308a\u3001\u5145\u96fb\u3092\u5fc5\u8981\u3068\u305b\u305a\u306b\u96c6\u4e2d\u7684\u306b\u4f7f\u7528\u3057\u3066\u3082\u3001\u30c7\u30d0\u30a4\u30b9\u306e\u4fe1\u983c\u6027\u3092\u7dad\u6301\u3067\u304d\u307e\u3059\u3002 \u30d0\u30c3\u30c6\u30ea\u30fc\u306f\u30d1\u30d5\u5bb9\u91cf\u3068\u5b8c\u5168\u306b\u4e00\u81f4\u3057\u3001\u6700\u5f8c\u306e\u5f15\u3063\u5f35\u308a\u307e\u3067\u30b9\u30e0\u30fc\u30ba\u306a\u30d1\u30d5\u30a9\u30fc\u30de\u30f3\u30b9\u3092\u5b9f\u73fe\u3057\u307e\u3059\u3002<\/p>\n<h3>\u96fb\u5b50\u6db2\u4f53\u5bb9\u91cf: 14ml<\/h3>\n<p>14 mL \u306e\u30cb\u30b3\u30c1\u30f3\u5869\u306e\u96fb\u5b50\u6db2\u4f53\u3092 14 mL \u3067\u5145\u586b\u3057\u305f Uzy Bar \u306f\u3001\u6700\u5927 8000 \u5217\u306e\u5217\u8eca\u306b\u5341\u5206\u306a\u91cf\u306e\u6db2\u4f53\u3092\u63d0\u4f9b\u3057\u307e\u3059\u3002 \u3053\u306e\u30dc\u30ea\u30e5\u30fc\u30e0\u306b\u3088\u308a\u3001\u983b\u7e41\u306a\u30c7\u30d0\u30a4\u30b9\u4ea4\u63db\u306e\u5fc5\u8981\u6027\u304c\u6e1b\u308a\u3001\u3088\u308a\u9577\u3044\u5bff\u547d\u304c\u53ef\u80fd\u306b\u306a\u308a\u307e\u3059\u3002 \u30cb\u30b3\u30c1\u30f3\u5869\u306f\u3001\u30e6\u30fc\u30b6\u30fc\u306e\u30cb\u30fc\u30ba\u306b\u5fdc\u3048\u308b\u30cb\u30b3\u30c1\u30f3\u306e\u7a4f\u3084\u304b\u3067\u7d20\u65e9\u3044\u5438\u53ce\u3092\u4fdd\u8a3c\u3057\u307e\u3059\u3002<\/p>\n<h3>\u30cb\u30b3\u30c1\u30f3\u5f37\u5ea6: 0 %\u30012 %\u30013 %\u30015 %<\/h3>\n<p>Uzy Bar 8000 Puff \u306f\u3001\u3055\u307e\u3056\u307e\u306a\u30cb\u30b3\u30c1\u30f3\u5f37\u5ea6 (0 %\u30012 %\u30013 %\u30015 %) \u3067\u30e6\u30fc\u30b6\u30fc\u306e\u597d\u307f\u306b\u5408\u308f\u305b\u3066\u5229\u7528\u3067\u304d\u307e\u3059\u3002 \u3053\u306e\u67d4\u8edf\u6027\u306b\u3088\u308a\u3001\u30cb\u30b3\u30c1\u30f3\u3092\u542b\u307e\u306a\u3044\u30aa\u30d7\u30b7\u30e7\u30f3\u3084\u3088\u308a\u5f37\u529b\u306a\u30d0\u30ea\u30a8\u30fc\u30b7\u30e7\u30f3\u306e\u5834\u5408\u3001\u30a8\u30af\u30b9\u30da\u30ea\u30a8\u30f3\u30b9\u306e\u5f37\u5ea6\u3092\u8abf\u6574\u3067\u304d\u307e\u3059\u3002 \u6b63\u78ba\u306a\u6295\u4e0e\u91cf\u306b\u3088\u308a\u3001\u5f15\u3063\u5f35\u308b\u305f\u3073\u306b\u4e00\u8cab\u3057\u305f\u54c1\u8cea\u304c\u4fdd\u8a3c\u3055\u308c\u307e\u3059\u3002<\/p>\n<h3>\u5217\u8eca\u306e\u6570: \u6700\u5927 8000 \u5217\u306e\u5217\u8eca<\/h3>\n<p>\u6700\u5927 8000 \u306e\u5217\u8eca\u306e\u5370\u8c61\u7684\u306a\u5bb9\u91cf\u3092\u6301\u3064 Uzy Bar \u306f\u3001\u975e\u5e38\u306b\u9577\u3044\u8010\u7528\u5e74\u6570\u3092\u63d0\u4f9b\u3057\u307e\u3059\u3002 \u3053\u306e\u6570\u306e\u30c9\u30ed\u30fc\u30d0\u30fc\u306f\u3001\u4ea4\u63db\u3092\u5fc5\u8981\u3068\u305b\u305a\u306b\u9577\u671f\u9593\u4f7f\u7528\u3067\u304d\u308b\u305f\u3081\u3001\u3053\u306e\u30c7\u30d0\u30a4\u30b9\u3092\u7279\u306b\u5b9f\u7528\u7684\u306a\u3082\u306e\u306b\u3057\u307e\u3059\u3002 \u4e00\u5b9a\u306e\u30d1\u30d5\u30a9\u30fc\u30de\u30f3\u30b9\u306b\u3088\u308a\u3001\u6700\u521d\u304b\u3089\u6700\u7d42\u5217\u8eca\u307e\u3067\u306e\u5747\u4e00\u306a\u4f53\u9a13\u304c\u4fdd\u8a3c\u3055\u308c\u307e\u3059\u3002<\/p>\n<h3>\u30b3\u30a4\u30eb\u6280\u8853: 1.2 \u30aa\u30fc\u30e0\u306e\u30e1\u30c3\u30b7\u30e5\u30b3\u30a4\u30eb<\/h3>\n<p>Uzy Bar \u306b\u306f\u3001\u7d14\u7c8b\u3067\u5f37\u70c8\u306a\u98a8\u5473\u3092\u63d0\u4f9b\u3059\u308b\u9ad8\u5ea6\u306a 1.2 \u30aa\u30fc\u30e0\u306e\u30e1\u30c3\u30b7\u30e5 \u30b3\u30a4\u30eb \u30c6\u30af\u30ce\u30ed\u30b8\u30fc\u304c\u88c5\u5099\u3055\u308c\u3066\u3044\u307e\u3059\u3002 \u30e1\u30c3\u30b7\u30e5 \u30b3\u30a4\u30eb\u306f\u71b1\u3092\u5747\u7b49\u306b\u5206\u6563\u3055\u305b\u308b\u305f\u3081\u3001\u5473\u306e\u8cea\u304c\u5411\u4e0a\u3057\u3001\u5bc6\u96c6\u3057\u305f\u96f2\u306e\u751f\u6210\u304c\u53ef\u80fd\u306b\u306a\u308a\u307e\u3059\u3002 \u3053\u306e\u30c6\u30af\u30ce\u30ed\u30b8\u30fc\u306f\u3001\u3059\u3079\u3066\u306e\u5217\u8eca\u304c\u4e00\u8cab\u3057\u3066\u9ad8\u54c1\u8cea\u306e\u4f53\u9a13\u3092\u63d0\u4f9b\u3059\u308b\u306e\u306b\u5f79\u7acb\u3061\u307e\u3059\u3002<\/p>\n<h2>\u3055\u307e\u3056\u307e\u306a\u5473<\/h2>\n<p>Uzy Bar 8000 Puffs \u306f\u3001\u3055\u307e\u3056\u307e\u306a\u30d5\u30ec\u30fc\u30d0\u30fc\u3092\u614e\u91cd\u306b\u8a2d\u8a08\u3057\u3001\u591a\u69d8\u3067\u5f37\u70c8\u306a\u4f53\u9a13\u3092\u63d0\u4f9b\u3057\u307e\u3059\u3002 \u5404\u30d0\u30ea\u30a2\u30f3\u30c8\u306f\u3001\u611f\u899a\u306b\u8a34\u3048\u3001\u672c\u7269\u306e\u30d5\u30ec\u30fc\u30d0\u30fc \u30d7\u30ed\u30d5\u30a1\u30a4\u30eb\u3092\u63d0\u4f9b\u3059\u308b\u3088\u3046\u306b\u8a2d\u8a08\u3055\u308c\u3066\u3044\u307e\u3059\u3002 \u5229\u7528\u53ef\u80fd\u306a\u30d5\u30ec\u30fc\u30d0\u30fc\u306f\u6b21\u306e\u3068\u304a\u308a\u3067\u3059\u3002<\/p>\n<ul>\n<li>\u30b9\u30c8\u30ed\u30d9\u30ea\u30fc\u30fb\u30a2\u30a4\u30b9<\/li>\n<li>\u30ad\u30a6\u30a4 \u30d1\u30c3\u30b7\u30e7\u30f3 \u30d5\u30eb\u30fc\u30c4 \u30b0\u30a2\u30d0<\/li>\n<li>\u30b0\u30ec\u30fc\u30d7\u30a2\u30a4\u30b9<\/li>\n<li>\u30b3\u30fc\u30e9\u30a2\u30a4\u30b9<\/li>\n<li>\u30d6\u30eb\u30fc\u30d9\u30ea\u30fc \u30e9\u30ba\u30d9\u30ea\u30fc \u30a2\u30a4\u30b9<\/li>\n<li>\u30b9\u30c8\u30ed\u30d9\u30ea\u30fc\u30fb\u30b9\u30a4\u30ab<\/li>\n<li>\u30d4\u30fc\u30c1\u30de\u30f3\u30b4\u30fc\u30d1\u30a4\u30ca\u30c3\u30d7\u30eb<\/li>\n<li>\u30df\u30c3\u30af\u30b9\u30d9\u30ea\u30fc<\/li>\n<li>\u30b9\u30a4\u30ab\u306e\u6c37<\/li>\n<li>\u30d6\u30eb\u30fc\u30d9\u30ea\u30fc\u306e\u6c37<\/li>\n<\/ul>\n<p>\u305d\u308c\u305e\u308c\u306e\u30d5\u30ec\u30fc\u30d0\u30fc\u306f\u3001\u9577\u6301\u3061\u3059\u308b\u672c\u683c\u7684\u306a\u697d\u3057\u307f\u3092\u4fdd\u8a3c\u3059\u308b\u305f\u3081\u306b\u3001\u9ad8\u54c1\u8cea\u306e\u539f\u6599\u3092\u914d\u5408\u3057\u3066\u3044\u307e\u3059\u3002<\/p>\n<div id=\"attachment_11858\" style=\"width: 1010px\" class=\"wp-caption alignnone\"><img fetchpriority=\"high\" decoding=\"async\" aria-describedby=\"caption-attachment-11858\" class=\"wp-image-11858 size-full\" title=\"UZY BAR 8000 8K \u30d1\u30d5\" src=\"https:\/\/shopvapor.de\/wp-content\/uploads\/2025\/07\/UZY-BAR-8000-8K-Puffs.jpg\" alt=\"UZY BAR 8000 8K \u30d1\u30d5\" width=\"1000\" height=\"1000\" srcset=\"https:\/\/shopvapor.de\/wp-content\/uploads\/2025\/07\/UZY-BAR-8000-8K-Puffs.jpg 1000w, https:\/\/shopvapor.de\/wp-content\/uploads\/2025\/07\/UZY-BAR-8000-8K-Puffs-300x300.jpg 300w, https:\/\/shopvapor.de\/wp-content\/uploads\/2025\/07\/UZY-BAR-8000-8K-Puffs-800x800.jpg 800w, https:\/\/shopvapor.de\/wp-content\/uploads\/2025\/07\/UZY-BAR-8000-8K-Puffs-150x150.jpg 150w, https:\/\/shopvapor.de\/wp-content\/uploads\/2025\/07\/UZY-BAR-8000-8K-Puffs-768x768.jpg 768w, https:\/\/shopvapor.de\/wp-content\/uploads\/2025\/07\/UZY-BAR-8000-8K-Puffs-430x430.jpg 430w, https:\/\/shopvapor.de\/wp-content\/uploads\/2025\/07\/UZY-BAR-8000-8K-Puffs-700x700.jpg 700w, https:\/\/shopvapor.de\/wp-content\/uploads\/2025\/07\/UZY-BAR-8000-8K-Puffs-180x180.jpg 180w\" sizes=\"(max-width: 1000px) 100vw, 1000px\" \/><p id=\"caption-attachment-11858\" class=\"wp-caption-text\">\u00a0<\/p><\/div>\n<h2>\u3088\u304f\u3042\u308b\u8cea\u554f (FAQ)<\/h2>\n<p>\u4e0d\u78ba\u5b9f\u6027\u306e\u53ef\u80fd\u6027\u3092\u660e\u78ba\u306b\u3059\u308b\u305f\u3081\u306b\u3001\u3053\u306e\u88fd\u54c1\u306b\u5408\u308f\u305b\u3066\u7279\u5225\u306b\u8abf\u6574\u3055\u308c\u305f Uzy Bar 8000 \u30d1\u30d5\u306b\u95a2\u3059\u308b\u6700\u3082\u4e00\u822c\u7684\u306a\u8cea\u554f\u3092\u307e\u3068\u3081\u307e\u3057\u305f\u3002<\/p>\n<p><strong>Uzy Bar 8000 Puffs \u306f\u3069\u306e\u304f\u3089\u3044\u6301\u3061\u307e\u3059\u304b?<\/strong><br \/>\n\u8010\u7528\u5e74\u6570\u306f\u4f7f\u7528\u983b\u5ea6\u306b\u3088\u3063\u3066\u7570\u306a\u308a\u307e\u3059\u3002 \u5e73\u5747\u7684\u306a\u4f7f\u7528\u3067\u3001Uzy Bar \u306f\u6700\u5927 8000 \u5217\u306e\u5217\u8eca\u3067\u6570\u65e5\u304b\u3089\u6570\u9031\u9593\u6301\u7d9a\u3057\u307e\u3059\u3002 14 mL \u306e\u96fb\u5b50\u6db2\u4f53\u3068 1100 mAh \u306e\u30d0\u30c3\u30c6\u30ea\u30fc\u306e\u5927\u5bb9\u91cf\u306b\u3088\u308a\u3001\u9577\u6301\u3061\u3057\u307e\u3059\u3002<\/p>\n<p><strong>Uzy Bar 8000 \u30d1\u30d5\u3092\u88dc\u5145\u307e\u305f\u306f\u88dc\u5145\u3067\u304d\u307e\u3059\u304b?<\/strong><br \/>\n\u3044\u3044\u3048\u3001Uzy Bar \u306f\u3001\u5145\u96fb\u3082\u88dc\u5145\u3082\u3067\u304d\u306a\u3044\u4f7f\u3044\u6368\u3066\u306e\u30bf\u30d0\u30b3\u3067\u3059\u3002 \u96fb\u5b50\u6db2\u4f53\u3084\u96fb\u8eca\u304c\u4f7f\u7528\u3055\u308c\u305f\u5f8c\u306b\u51e6\u5206\u3059\u308b\u3088\u3046\u306b\u8a2d\u8a08\u3055\u308c\u3066\u3044\u308b\u305f\u3081\u3001\u7279\u306b\u5b9f\u7528\u7684\u3067\u3059\u3002<\/p>\n<p><strong>\u3059\u3079\u3066\u306e\u30d5\u30ec\u30fc\u30d0\u30fc\u306f\u3001\u3059\u3079\u3066\u306e\u30cb\u30b3\u30c1\u30f3\u5f37\u5ea6\u3067\u5229\u7528\u3067\u304d\u307e\u3059\u304b?<\/strong><br \/>\n\u306f\u3044\u3001\u30cb\u30b3\u30c1\u30f3\u5f37\u5ea6 0 %\u30012 %\u30013 %\u30015 % \u3067\u30d5\u30ec\u30fc\u30d0\u30fc\u3092\u4f7f\u7528\u3067\u304d\u307e\u3059\u3002\u3053\u308c\u306b\u3088\u308a\u3001\u30d5\u30ec\u30fc\u30d0\u30fc\u3068\u30cb\u30b3\u30c1\u30f3\u306e\u5f37\u3055\u306e\u7d44\u307f\u5408\u308f\u305b\u3092\u9078\u629e\u3067\u304d\u307e\u3059\u3002<\/p>\n<p><strong>Uzy Bar 8000 \u30d1\u30d5\u3092\u51e6\u5206\u3059\u308b\u306b\u306f\u3069\u3046\u3059\u308c\u3070\u3088\u3044\u3067\u3059\u304b?<\/strong><br \/>\nUZY \u30d0\u30fc\u306f\u3001\u5730\u5143\u306e\u96fb\u5b50\u6a5f\u5668\u306e\u898f\u5236\u306b\u5f93\u3063\u3066\u51e6\u5206\u3059\u308b\u5fc5\u8981\u304c\u3042\u308a\u307e\u3059\u3002 \u74b0\u5883\u306b\u3084\u3055\u3057\u3044\u5ec3\u68c4\u7269\u3092\u78ba\u4fdd\u3059\u308b\u305f\u3081\u306b\u3001\u96fb\u5316\u88fd\u54c1\u306e\u7279\u5225\u306a\u53ce\u96c6\u5834\u6240\u306b\u305d\u308c\u3089\u3092\u63d0\u51fa\u3059\u308b\u3053\u3068\u3092\u304a\u52e7\u3081\u3057\u307e\u3059\u3002<\/p>\n<p><strong>\u5217\u8eca\u306e\u6570\u304c\u6642\u3005\u7570\u306a\u308b\u306e\u306f\u306a\u305c\u3067\u3059\u304b?<\/strong><br \/>\n\u5217\u8eca\u306e\u5b9f\u969b\u306e\u6570\u306f\u3001\u4f7f\u7528\u72b6\u6cc1\u306b\u3088\u3063\u3066\u3001\u305f\u3068\u3048\u3070\u5217\u8eca\u306e\u6301\u7d9a\u6642\u9593\u3084\u5f37\u5ea6\u306b\u3088\u3063\u3066\u7570\u306a\u308b\u5834\u5408\u304c\u3042\u308a\u307e\u3059\u3002 \u4e0e\u3048\u3089\u308c\u305f 8000 \u306e\u52d5\u304d\u306f\u3001\u6a19\u6e96\u5316\u3055\u308c\u305f\u30c6\u30b9\u30c8\u306b\u57fa\u3065\u304f\u63a8\u5b9a\u5024\u3067\u3059\u3002<\/p>\n<p><strong>UZ Bar 8000 Puffs \u306f\u6bce\u65e5\u306e\u4f7f\u7528\u306b\u9069\u3057\u3066\u3044\u307e\u3059\u304b?<\/strong><br \/>\n\u306f\u3044\u3001\u305d\u306e\u9ad8\u5bb9\u91cf\u3001\u5805\u7262\u306a\u4ed5\u4e0a\u304c\u308a\u3001\u305d\u3057\u3066\u3055\u307e\u3056\u307e\u306a\u5473\u308f\u3044\u306e\u304a\u304b\u3052\u3067\u3001Uzy Bar \u306f\u3001\u7279\u306b\u4fe1\u983c\u6027\u304c\u9ad8\u304f\u3001\u30e1\u30f3\u30c6\u30ca\u30f3\u30b9\u306e\u5fc5\u8981\u306e\u306a\u3044\u88fd\u54c1\u3092\u63a2\u3057\u3066\u3044\u308b\u30e6\u30fc\u30b6\u30fc\u306b\u3068\u3063\u3066\u3001\u65e5\u5e38\u306e\u4f7f\u7528\u306b\u6700\u9069\u3067\u3059\u3002<\/p>","protected":false},"excerpt":{"rendered":"<p dir=\"auto\">Uzy Bar 8000 Puffs \u4f7f\u3044\u6368\u3066\u96fb\u5b50\u30bf\u30d0\u30b3 1100 mAh \u30d0\u30c3\u30c6\u30ea\u30fc\u300114 ml \u96fb\u5b50\u6db2\u4f53\u30018000 \u30d1\u30d5\u307e\u3067\u30011.2 \u30aa\u30fc\u30e0\u306e\u30e1\u30c3\u30b7\u30e5 \u30b3\u30a4\u30eb\u3068\u30cb\u30b3\u30c1\u30f3\u306e\u5f37\u5ea6 0 % \u304b\u3089 5 % \u307e\u3067\u3001\u3055\u307e\u3056\u307e\u306a\u30d5\u30ec\u30fc\u30d0\u30fc\u3092\u304a\u697d\u3057\u307f\u3044\u305f\u3060\u3051\u307e\u3059\u3002<\/p>","protected":false},"featured_media":9877,"comment_status":"open","ping_status":"closed","template":"","meta":[],"product_brand":[1161],"product_cat":[1163],"product_tag":[964],"class_list":{"0":"post-9854","1":"product","2":"type-product","3":"status-publish","4":"has-post-thumbnail","6":"product_brand-uzy","7":"product_cat-8000-puffs","8":"product_tag-5k9kpuffs","10":"first","11":"instock","12":"sale","13":"shipping-taxable","14":"purchasable","15":"product-type-variable"},"yoast_head":"<!-- This site is optimized with the Yoast SEO plugin v25.8 - https:\/\/yoast.com\/wordpress\/plugins\/seo\/ -->\n<title>UZY BAR 8000 8K Puffs 14ml Einweg-E-Zigarette Original - ShopVapor<\/title>\n<meta name=\"description\" content=\"UZY BAR 8000 Puffs Einweg-E-Zigarette mit 1100 mAh Akku, 14 ml E-Liquid, bis zu 8000 Z\u00fcgen, 1,2-Ohm-Mesh-Coil und Nikotinst\u00e4rken von 0 % bis 5 %. Vielf\u00e4ltige Geschmacksrichtungen f\u00fcr langanhaltenden Genuss.\" \/>\n<meta name=\"robots\" content=\"index, follow, max-snippet:-1, max-image-preview:large, max-video-preview:-1\" \/>\n<link rel=\"canonical\" href=\"https:\/\/shopvapor.de\/ja\/product\/uzy-bar-8000-\u30d1\u30d5-\u30a2\u30fc\u30af-\u30aa\u30ea\u30b8\u30ca\u30eb-e-\u30bf\u30d0\u30b3\/\" \/>\n<meta property=\"og:locale\" content=\"ja_JP\" \/>\n<meta property=\"og:type\" content=\"article\" \/>\n<meta property=\"og:title\" content=\"UZY BAR 8000 8K Puffs 14ml Einweg-E-Zigarette Original - ShopVapor\" \/>\n<meta property=\"og:description\" content=\"UZY BAR 8000 Puffs Einweg-E-Zigarette mit 1100 mAh Akku, 14 ml E-Liquid, bis zu 8000 Z\u00fcgen, 1,2-Ohm-Mesh-Coil und Nikotinst\u00e4rken von 0 % bis 5 %. Vielf\u00e4ltige Geschmacksrichtungen f\u00fcr langanhaltenden Genuss.\" \/>\n<meta property=\"og:url\" content=\"https:\/\/shopvapor.de\/ja\/product\/uzy-bar-8000-\u30d1\u30d5-\u30a2\u30fc\u30af-\u30aa\u30ea\u30b8\u30ca\u30eb-e-\u30bf\u30d0\u30b3\/\" \/>\n<meta property=\"og:site_name\" content=\"ShopVapor\" \/>\n<meta property=\"article:modified_time\" content=\"2025-07-15T07:30:41+00:00\" \/>\n<meta property=\"og:image\" content=\"https:\/\/shopvapor.de\/wp-content\/uploads\/2025\/07\/uzy-bar-8000-8k-puffs-14ml-einweg-e-zigarette-original-8.jpg\" \/>\n\t<meta property=\"og:image:width\" content=\"1600\" \/>\n\t<meta property=\"og:image:height\" content=\"1600\" \/>\n\t<meta property=\"og:image:type\" content=\"image\/jpeg\" \/>\n<meta name=\"twitter:card\" content=\"summary_large_image\" \/>\n<meta name=\"twitter:label1\" content=\"\u63a8\u5b9a\u8aad\u307f\u53d6\u308a\u6642\u9593\" \/>\n\t<meta name=\"twitter:data1\" content=\"4\u5206\" \/>\n<!-- \/ Yoast SEO plugin. -->","yoast_head_json":{"title":"UZY BAR 8000 8K \u30d1\u30d5 14ml \u4f7f\u3044\u6368\u3066\u96fb\u5b50\u30bf\u30d0\u30b3 \u30aa\u30ea\u30b8\u30ca\u30eb - ShopVapor","description":"Uzy Bar 8000 Puffs \u4f7f\u3044\u6368\u3066\u96fb\u5b50\u30bf\u30d0\u30b3 1100 mAh \u30d0\u30c3\u30c6\u30ea\u30fc\u300114 ml \u96fb\u5b50\u6db2\u4f53\u30018000 \u30d1\u30d5\u307e\u3067\u30011.2 \u30aa\u30fc\u30e0\u306e\u30e1\u30c3\u30b7\u30e5 \u30b3\u30a4\u30eb\u3068\u30cb\u30b3\u30c1\u30f3\u306e\u5f37\u5ea6 0 % \u304b\u3089 5 % \u307e\u3067\u3001\u3055\u307e\u3056\u307e\u306a\u30d5\u30ec\u30fc\u30d0\u30fc\u3092\u304a\u697d\u3057\u307f\u3044\u305f\u3060\u3051\u307e\u3059\u3002","robots":{"index":"index","follow":"follow","max-snippet":"max-snippet:-1","max-image-preview":"max-image-preview:large","max-video-preview":"max-video-preview:-1"},"canonical":"https:\/\/shopvapor.de\/ja\/product\/uzy-bar-8000-\u30d1\u30d5-\u30a2\u30fc\u30af-\u30aa\u30ea\u30b8\u30ca\u30eb-e-\u30bf\u30d0\u30b3\/","og_locale":"ja_JP","og_type":"article","og_title":"UZY BAR 8000 8K Puffs 14ml Einweg-E-Zigarette Original - ShopVapor","og_description":"UZY BAR 8000 Puffs Einweg-E-Zigarette mit 1100 mAh Akku, 14 ml E-Liquid, bis zu 8000 Z\u00fcgen, 1,2-Ohm-Mesh-Coil und Nikotinst\u00e4rken von 0 % bis 5 %. Vielf\u00e4ltige Geschmacksrichtungen f\u00fcr langanhaltenden Genuss.","og_url":"https:\/\/shopvapor.de\/ja\/product\/uzy-bar-8000-\u30d1\u30d5-\u30a2\u30fc\u30af-\u30aa\u30ea\u30b8\u30ca\u30eb-e-\u30bf\u30d0\u30b3\/","og_site_name":"ShopVapor","article_modified_time":"2025-07-15T07:30:41+00:00","og_image":[{"width":1600,"height":1600,"url":"https:\/\/shopvapor.de\/wp-content\/uploads\/2025\/07\/uzy-bar-8000-8k-puffs-14ml-einweg-e-zigarette-original-8.jpg","type":"image\/jpeg"}],"twitter_card":"summary_large_image","twitter_misc":{"\u63a8\u5b9a\u8aad\u307f\u53d6\u308a\u6642\u9593":"4\u5206"},"schema":{"@context":"https:\/\/schema.org","@graph":[{"@type":"WebPage","@id":"https:\/\/shopvapor.de\/produkt\/uzy-bar-8000-puffs-vape-original-e-cigarette\/","url":"https:\/\/shopvapor.de\/produkt\/uzy-bar-8000-puffs-vape-original-e-cigarette\/","name":"UZY BAR 8000 8K \u30d1\u30d5 14ml \u4f7f\u3044\u6368\u3066\u96fb\u5b50\u30bf\u30d0\u30b3 \u30aa\u30ea\u30b8\u30ca\u30eb - ShopVapor","isPartOf":{"@id":"https:\/\/shopvapor.de\/#website"},"primaryImageOfPage":{"@id":"https:\/\/shopvapor.de\/produkt\/uzy-bar-8000-puffs-vape-original-e-cigarette\/#primaryimage"},"image":{"@id":"https:\/\/shopvapor.de\/produkt\/uzy-bar-8000-puffs-vape-original-e-cigarette\/#primaryimage"},"thumbnailUrl":"https:\/\/shopvapor.de\/wp-content\/uploads\/2025\/07\/uzy-bar-8000-8k-puffs-14ml-einweg-e-zigarette-original-8.jpg","datePublished":"2025-07-02T07:05:44+00:00","dateModified":"2025-07-15T07:30:41+00:00","description":"Uzy Bar 8000 Puffs \u4f7f\u3044\u6368\u3066\u96fb\u5b50\u30bf\u30d0\u30b3 1100 mAh \u30d0\u30c3\u30c6\u30ea\u30fc\u300114 ml \u96fb\u5b50\u6db2\u4f53\u30018000 \u30d1\u30d5\u307e\u3067\u30011.2 \u30aa\u30fc\u30e0\u306e\u30e1\u30c3\u30b7\u30e5 \u30b3\u30a4\u30eb\u3068\u30cb\u30b3\u30c1\u30f3\u306e\u5f37\u5ea6 0 % \u304b\u3089 5 % \u307e\u3067\u3001\u3055\u307e\u3056\u307e\u306a\u30d5\u30ec\u30fc\u30d0\u30fc\u3092\u304a\u697d\u3057\u307f\u3044\u305f\u3060\u3051\u307e\u3059\u3002","breadcrumb":{"@id":"https:\/\/shopvapor.de\/produkt\/uzy-bar-8000-puffs-vape-original-e-cigarette\/#breadcrumb"},"inLanguage":"ja","potentialAction":[{"@type":"ReadAction","target":["https:\/\/shopvapor.de\/produkt\/uzy-bar-8000-puffs-vape-original-e-cigarette\/"]}]},{"@type":"ImageObject","inLanguage":"ja","@id":"https:\/\/shopvapor.de\/produkt\/uzy-bar-8000-puffs-vape-original-e-cigarette\/#primaryimage","url":"https:\/\/shopvapor.de\/wp-content\/uploads\/2025\/07\/uzy-bar-8000-8k-puffs-14ml-einweg-e-zigarette-original-8.jpg","contentUrl":"https:\/\/shopvapor.de\/wp-content\/uploads\/2025\/07\/uzy-bar-8000-8k-puffs-14ml-einweg-e-zigarette-original-8.jpg","width":1600,"height":1600},{"@type":"BreadcrumbList","@id":"https:\/\/shopvapor.de\/produkt\/uzy-bar-8000-puffs-vape-original-e-cigarette\/#breadcrumb","itemListElement":[{"@type":"ListItem","position":1,"name":"Startseite","item":"https:\/\/shopvapor.de\/"},{"@type":"ListItem","position":2,"name":"Shop","item":"https:\/\/shopvapor.de\/shop\/"},{"@type":"ListItem","position":3,"name":"UZY BAR 8000 8K Puffs 14ml Einweg-E-Zigarette Original"}]},{"@type":"WebSite","@id":"https:\/\/shopvapor.de\/#website","url":"https:\/\/shopvapor.de\/","name":"\u30b7\u30e7\u30c3\u30d7\u30d9\u30fc\u30d1\u30fc","description":"","potentialAction":[{"@type":"SearchAction","target":{"@type":"EntryPoint","urlTemplate":"https:\/\/shopvapor.de\/?s={search_term_string}"},"query-input":{"@type":"PropertyValueSpecification","valueRequired":true,"valueName":"search_term_string"}}],"inLanguage":"ja"}]}},"_links":{"self":[{"href":"https:\/\/shopvapor.de\/ja\/wp-json\/wp\/v2\/product\/9854","targetHints":{"allow":["GET"]}}],"collection":[{"href":"https:\/\/shopvapor.de\/ja\/wp-json\/wp\/v2\/product"}],"about":[{"href":"https:\/\/shopvapor.de\/ja\/wp-json\/wp\/v2\/types\/product"}],"replies":[{"embeddable":true,"href":"https:\/\/shopvapor.de\/ja\/wp-json\/wp\/v2\/comments?post=9854"}],"version-history":[{"count":3,"href":"https:\/\/shopvapor.de\/ja\/wp-json\/wp\/v2\/product\/9854\/revisions"}],"predecessor-version":[{"id":11859,"href":"https:\/\/shopvapor.de\/ja\/wp-json\/wp\/v2\/product\/9854\/revisions\/11859"}],"wp:featuredmedia":[{"embeddable":true,"href":"https:\/\/shopvapor.de\/ja\/wp-json\/wp\/v2\/media\/9877"}],"wp:attachment":[{"href":"https:\/\/shopvapor.de\/ja\/wp-json\/wp\/v2\/media?parent=9854"}],"wp:term":[{"taxonomy":"product_brand","embeddable":true,"href":"https:\/\/shopvapor.de\/ja\/wp-json\/wp\/v2\/product_brand?post=9854"},{"taxonomy":"product_cat","embeddable":true,"href":"https:\/\/shopvapor.de\/ja\/wp-json\/wp\/v2\/product_cat?post=9854"},{"taxonomy":"product_tag","embeddable":true,"href":"https:\/\/shopvapor.de\/ja\/wp-json\/wp\/v2\/product_tag?post=9854"}],"curies":[{"name":"wp","href":"https:\/\/api.w.org\/{rel}","templated":true}]}}