{"id":9918,"date":"2025-07-02T07:06:12","date_gmt":"2025-07-02T07:06:12","guid":{"rendered":"https:\/\/shopvapor.de\/?post_type=product&#038;p=9918"},"modified":"2025-07-15T07:12:16","modified_gmt":"2025-07-15T07:12:16","slug":"uzy-bang-bc5000-5k-%e3%83%91%e3%83%95-13ml-%e4%bd%bf%e3%81%84%e6%8d%a8%e3%81%a6-e-%e3%82%bf%e3%83%90%e3%82%b3-%e3%82%aa%e3%83%aa%e3%82%b8%e3%83%8a%e3%83%ab","status":"publish","type":"product","link":"https:\/\/shopvapor.de\/ja\/product\/uzy-bang-bc5000-5k-%e3%83%91%e3%83%95-13ml-%e4%bd%bf%e3%81%84%e6%8d%a8%e3%81%a6-e-%e3%82%bf%e3%83%90%e3%82%b3-%e3%82%aa%e3%83%aa%e3%82%b8%e3%83%8a%e3%83%ab\/","title":{"rendered":"Uzy Bang BC5000 5K \u30d1\u30d5 13ml \u4f7f\u3044\u6368\u3066\u96fb\u5b50\u30bf\u30d0\u30b3 \u30aa\u30ea\u30b8\u30ca\u30eb"},"content":{"rendered":"<h2>Uzy Bang BC5000 \u4f7f\u3044\u6368\u3066\u96fb\u5b50\u30bf\u30d0\u30b3\u306e\u7d39\u4ecb<\/h2>\n<p>Uzy Bang BC5000 \u306f\u3001\u305d\u306e\u5370\u8c61\u7684\u306a\u30d1\u30d5\u30a9\u30fc\u30de\u30f3\u30b9\u3068\u4f7f\u3044\u3084\u3059\u3044\u30cf\u30f3\u30c9\u30ea\u30f3\u30b0\u306b\u611f\u9298\u3092\u53d7\u3051\u308b\u3001\u9ad8\u54c1\u8cea\u3067\u4f7f\u3044\u6368\u3066\u306e\u96fb\u5b50\u30bf\u30d0\u30b3\u3067\u3059\u3002 \u6700\u5927 5000 \u5217\u306e\u5217\u8eca\u306e\u5bb9\u91cf\u3092\u5099\u3048\u305f\u3053\u306e\u30c7\u30d0\u30a4\u30b9\u306f\u3001\u9577\u6301\u3061\u3059\u308b\u4e0a\u54c1\u306a\u4f53\u9a13\u3092\u63d0\u4f9b\u3057\u307e\u3059\u3002 Uzy \u30d6\u30e9\u30f3\u30c9\u306f\u3001\u3059\u3079\u3066\u306e\u52d5\u304d\u3092\u697d\u3057\u304f\u3059\u308b\u54c1\u8cea\u3001\u4fe1\u983c\u6027\u3001\u304a\u3088\u3073\u5f37\u70c8\u306a\u30d5\u30ec\u30fc\u30d0\u30fc \u30d7\u30ed\u30d5\u30a1\u30a4\u30eb\u306b\u91cd\u70b9\u3092\u7f6e\u3044\u3066\u3044\u307e\u3059\u3002 \u30b3\u30f3\u30d1\u30af\u30c8\u306a\u30c7\u30b6\u30a4\u30f3\u3068\u9811\u4e08\u306a\u4ed5\u4e0a\u304c\u308a\u306b\u3088\u308a\u3001Uzy Bang BC5000 \u306f\u65e5\u5e38\u306e\u4f7f\u7528\u306b\u6700\u9069\u3067\u3059\u3002<\/p>\n<h2>\u88fd\u54c1\u30d1\u30e9\u30e1\u30fc\u30bf\u30fc\u8a73\u7d30<\/h2>\n<p>Uzy Bang BC5000 \u306f\u3001\u8010\u4e45\u6027\u3068\u4f7f\u3044\u3084\u3059\u3055\u3092\u8003\u616e\u3057\u305f\u6280\u8853\u4ed5\u69d8\u304c\u7279\u5fb4\u3067\u3059\u3002 \u3053\u306e\u88fd\u54c1\u306e\u5f37\u307f\u3092\u8aac\u660e\u3059\u308b\u305f\u3081\u306e\u91cd\u8981\u306a\u30d1\u30e9\u30e1\u30fc\u30bf\u306f\u6b21\u306e\u3068\u304a\u308a\u3067\u3059\u3002<\/p>\n<h3>650 mAh \u306e\u5bb9\u91cf\u306e\u30d0\u30c3\u30c6\u30ea\u30fc<\/h3>\n<p>Uzy Bang BC5000 \u306b\u306f\u3001\u5168\u5bff\u547d\u306b\u308f\u305f\u3063\u3066\u4e00\u5b9a\u306e\u6027\u80fd\u3092\u4fdd\u8a3c\u3059\u308b 650 mAh \u306e\u5185\u8535\u30d0\u30c3\u30c6\u30ea\u30fc\u304c\u88c5\u5099\u3055\u308c\u3066\u3044\u307e\u3059\u3002 \u3053\u306e\u30d0\u30c3\u30c6\u30ea\u30fc\u306f\u3001\u518d\u5145\u96fb\u306a\u3057\u3067\u6700\u5927 5000 \u5217\u306e\u5217\u8eca\u3092\u4f7f\u7528\u3067\u304d\u308b\u305f\u3081\u3001\u7279\u306b\u5b9f\u7528\u7684\u306a\u64cd\u4f5c\u3092\u5b9f\u73fe\u3057\u307e\u3059\u3002 \u5927\u5bb9\u91cf\u306b\u3088\u308a\u3001\u30c7\u30d0\u30a4\u30b9\u306e\u4f7f\u7528\u91cf\u304c\u591a\u3051\u308c\u3070\u4fe1\u983c\u6027\u304c\u7dad\u6301\u3055\u308c\u307e\u3059\u3002<\/p>\n<h3>13ml\u306e\u96fb\u5b50\u6db2\u4f53\u5bb9\u91cf<\/h3>\n<p>13 mL \u306e\u5927\u91cf\u306e\u96fb\u5b50\u6db2\u4f53\u5bb9\u91cf\u3067\u3001Uzy Bang BC5000 \u306f\u8a70\u3081\u66ff\u3048\u306a\u3057\u3067\u591a\u7528\u3057\u307e\u3059\u3002 \u3053\u306e\u91cf\u306f\u3001\u4e00\u8cab\u3057\u3066\u5f37\u70c8\u306a\u5473\u3067 5000 \u5217\u8eca\u3092\u30b5\u30dd\u30fc\u30c8\u3059\u308b\u3088\u3046\u306b\u6700\u9069\u306b\u8abf\u6574\u3055\u308c\u3066\u3044\u307e\u3059\u3002 \u9ad8\u54c1\u8cea\u306e\u30cb\u30b3\u30c1\u30f3\u5869\u5f0f\u306f\u3001\u5fc3\u5730\u3088\u3044\u3057\u306a\u3084\u304b\u306a\u5438\u5165\u4f53\u9a13\u3092\u4fdd\u8a3c\u3057\u307e\u3059\u3002<\/p>\n<h3>0% \u304b\u3089 5% \u307e\u3067\u306e\u30cb\u30b3\u30c1\u30f3\u5f37\u5ea6<\/h3>\n<p>Uzy Bang BC5000 \u306f\u3001\u500b\u3005\u306e\u597d\u307f\u306b\u5408\u308f\u305b\u3066\u3001\u3055\u307e\u3056\u307e\u306a\u30cb\u30b3\u30c1\u30f3\u5f37\u5ea6 (0%\u30012%\u30013%\u30015%) \u3067\u5229\u7528\u3067\u304d\u307e\u3059\u3002 \u3053\u306e\u67d4\u8edf\u6027\u306b\u3088\u308a\u3001\u30cb\u30b3\u30c1\u30f3\u306e\u5f37\u5ea6\u3092\u500b\u4eba\u306e\u30cb\u30fc\u30ba\u306b\u5408\u308f\u305b\u3066\u8abf\u6574\u3059\u308b\u3053\u3068\u304c\u3067\u304d\u307e\u3059\u3002 \u6b63\u78ba\u306a\u6295\u4e0e\u91cf\u306f\u3001\u3059\u3079\u3066\u306e\u5217\u8eca\u3067\u4e00\u8cab\u3057\u305f\u4f53\u9a13\u3092\u4fdd\u8a3c\u3057\u307e\u3059\u3002<\/p>\n<h3>1.2 \u30aa\u30fc\u30e0\u306e\u30e1\u30c3\u30b7\u30e5\u30b3\u30a4\u30eb\u6280\u8853<\/h3>\n<p>\u3053\u306e\u30c7\u30d0\u30a4\u30b9\u306f\u3001\u9ad8\u5ea6\u306a 1.2 \u30aa\u30fc\u30e0 \u30e1\u30c3\u30b7\u30e5 \u30b3\u30a4\u30eb\u6280\u8853\u3092\u5099\u3048\u3066\u304a\u308a\u3001\u96fb\u5b50\u6db2\u4f53\u306e\u5747\u4e00\u306a\u52a0\u71b1\u3092\u4fdd\u8a3c\u3057\u307e\u3059\u3002 \u3053\u308c\u306b\u3088\u308a\u3001\u30d5\u30ec\u30fc\u30d0\u30fc\u306e\u958b\u767a\u304c\u6539\u5584\u3055\u308c\u3001\u30af\u30e9\u30a6\u30c9\u306e\u9ad8\u5bc6\u5ea6\u751f\u6210\u304c\u5b9f\u73fe\u3057\u307e\u3059\u3002 \u30e1\u30c3\u30b7\u30e5 \u30b3\u30a4\u30eb\u306f\u3001\u3042\u3089\u3086\u308b\u5f15\u304d\u624b\u304c\u30d5\u30eb\u30dc\u30c7\u30a3\u3067\u7d14\u7c8b\u306a\u9999\u308a\u3092\u5c4a\u3051\u308b\u306e\u306b\u5f79\u7acb\u3061\u307e\u3059\u3002<\/p>\n<h3>Type-C \u63a5\u7d9a\u306b\u3088\u308b\u5145\u96fb\u5f0f\u6a5f\u80fd<\/h3>\n<p>Uzy Bang BC5000 \u306b\u306f\u3001\u8fc5\u901f\u304b\u3064\u52b9\u7387\u7684\u306a\u5145\u96fb\u3092\u53ef\u80fd\u306b\u3059\u308b\u30bf\u30a4\u30d7 C \u5145\u96fb\u30dd\u30fc\u30c8\u304c\u88c5\u5099\u3055\u308c\u3066\u3044\u307e\u3059\u3002 \u30d5\u30eb\u5145\u96fb\u306b\u306f\u901a\u5e38 20 \uff5e 30 \u5206\u304b\u304b\u308a\u3001\u8010\u7528\u5e74\u6570\u304c\u3055\u3089\u306b\u5ef6\u9577\u3055\u308c\u307e\u3059\u3002 \u3053\u306e\u6a5f\u80fd\u306b\u3088\u308a\u3001Uzy Bang BC5000 \u306f\u3001\u9577\u5bff\u547d\u3092\u63d0\u4f9b\u3059\u308b\u305f\u3081\u3001\u4ed6\u306e\u4f7f\u3044\u6368\u3066\u96fb\u5b50\u30bf\u30d0\u30b3\u3068\u306f\u4e00\u7dda\u3092\u753b\u3057\u3066\u3044\u307e\u3059\u3002<\/p>\n<h3>RGB\u30e9\u30a4\u30c8\u52b9\u679c<\/h3>\n<p>Uzy Bang BC5000 \u306e\u7279\u5fb4\u306f\u3001\u7d71\u5408 RGB \u30e9\u30a4\u30c8\u3067\u3001\u30d7\u30eb\u3054\u3068\u306b\u30c7\u30d0\u30a4\u30b9\u306e\u4e0b\u90e8\u304b\u3089\u8272\u4ed8\u304d\u306e\u5149\u306e\u52b9\u679c\u3092\u653e\u51fa\u3057\u307e\u3059\u3002 \u3053\u308c\u306b\u3088\u308a\u3001\u30c7\u30d0\u30a4\u30b9\u306f\u3001Uzy \u30d6\u30e9\u30f3\u30c9\u3092\u4ed6\u306e\u30d6\u30e9\u30f3\u30c9\u3068\u4e00\u7dda\u3092\u753b\u3057\u3001\u8996\u899a\u7684\u306a\u4f53\u9a13\u306b\u3059\u308b\u30e2\u30c0\u30f3\u3067\u9b45\u529b\u7684\u306a\u30c7\u30b6\u30a4\u30f3\u3092\u5b9f\u73fe\u3057\u307e\u3059\u3002<\/p>\n<h2>\u591a\u69d8\u306a\u5473<\/h2>\n<p>Uzy Bang BC5000 \u306f\u3001\u3055\u307e\u3056\u307e\u306a\u597d\u307f\u306b\u5408\u308f\u305b\u3066\u614e\u91cd\u306b\u8a2d\u8a08\u3055\u308c\u305f\u5e45\u5e83\u3044\u30d5\u30ec\u30fc\u30d0\u30fc\u3092\u63d0\u4f9b\u3057\u307e\u3059\u3002 \u305d\u308c\u305e\u308c\u306e\u30d5\u30ec\u30fc\u30d0\u30fc\u306f\u3001\u5f37\u70c8\u3067\u672c\u683c\u7684\u306a\u9999\u308a\u3092\u63d0\u4f9b\u3059\u308b\u3088\u3046\u306b\u69cb\u6210\u3055\u308c\u3066\u3044\u307e\u3059\u3002 \u5229\u7528\u53ef\u80fd\u306a\u30d5\u30ec\u30fc\u30d0\u30fc\u306f\u6b21\u306e\u3068\u304a\u308a\u3067\u3059\u3002<\/p>\n<ul>\n<li>\u30b9\u30c8\u30ed\u30d9\u30ea\u30fc\u30fb\u30ad\u30a6\u30a4<\/li>\n<li>\u30b9\u30a4\u30ab\u306e\u6c37<\/li>\n<li>\u30d6\u30eb\u30fc\u30e9\u30ba\u30a2\u30a4\u30b9<\/li>\n<li>\u30ad\u30a6\u30a4 \u30d1\u30c3\u30b7\u30e7\u30f3 \u30d5\u30eb\u30fc\u30c4 \u30b0\u30a2\u30d0<\/li>\n<li>\u30de\u30f3\u30b4\u30fc\u30d4\u30fc\u30c1<\/li>\n<li>\u590f\u306e\u6843\u306e\u6c37<\/li>\n<li>\u30c8\u30ea\u30d7\u30eb\u30de\u30f3\u30b4\u30fc<\/li>\n<li>\u30b9\u30a4\u30ab\u30d0\u30d6\u30eb\u30ac\u30e0<\/li>\n<li>\u30d6\u30eb\u30fc\u30d9\u30ea\u30fc\u306e\u6c37<\/li>\n<li>\u30b9\u30c8\u30ed\u30d9\u30ea\u30fc<\/li>\n<li>\u30b9\u30a4\u30ab\u30af\u30e9\u30f3\u30d9\u30ea\u30fc\u30b0\u30ec\u30fc\u30d7<\/li>\n<li>\u30e2\u30f3\u30b9\u30bf\u30fc\u30a8\u30cd\u30eb\u30ae\u30fc<\/li>\n<\/ul>\n<div id=\"attachment_11849\" style=\"width: 1034px\" class=\"wp-caption alignnone\"><img fetchpriority=\"high\" decoding=\"async\" aria-describedby=\"caption-attachment-11849\" class=\"wp-image-11849 size-full\" title=\"\u30a6\u30b8\u30fc\u30fb\u30d0\u30f3 BC5000 5K \u30d1\u30d5\" src=\"https:\/\/shopvapor.de\/wp-content\/uploads\/2025\/07\/UZY-BANG-BC5000-5K-Puffs.png\" alt=\"\u30a6\u30b8\u30fc\u30fb\u30d0\u30f3 BC5000 5K \u30d1\u30d5\" width=\"1024\" height=\"1024\" srcset=\"https:\/\/shopvapor.de\/wp-content\/uploads\/2025\/07\/UZY-BANG-BC5000-5K-Puffs.png 1024w, https:\/\/shopvapor.de\/wp-content\/uploads\/2025\/07\/UZY-BANG-BC5000-5K-Puffs-300x300.png 300w, https:\/\/shopvapor.de\/wp-content\/uploads\/2025\/07\/UZY-BANG-BC5000-5K-Puffs-800x800.png 800w, https:\/\/shopvapor.de\/wp-content\/uploads\/2025\/07\/UZY-BANG-BC5000-5K-Puffs-150x150.png 150w, https:\/\/shopvapor.de\/wp-content\/uploads\/2025\/07\/UZY-BANG-BC5000-5K-Puffs-768x768.png 768w, https:\/\/shopvapor.de\/wp-content\/uploads\/2025\/07\/UZY-BANG-BC5000-5K-Puffs-430x430.png 430w, https:\/\/shopvapor.de\/wp-content\/uploads\/2025\/07\/UZY-BANG-BC5000-5K-Puffs-700x700.png 700w, https:\/\/shopvapor.de\/wp-content\/uploads\/2025\/07\/UZY-BANG-BC5000-5K-Puffs-180x180.png 180w\" sizes=\"(max-width: 1024px) 100vw, 1024px\" \/><p id=\"caption-attachment-11849\" class=\"wp-caption-text\">\u00a0<\/p><\/div>\n<h2>\u3088\u304f\u3042\u308b\u8cea\u554f (FAQ)<\/h2>\n<p>\u4ee5\u4e0b\u306b\u3001Uzy Bang BC5000 \u306b\u95a2\u3059\u308b\u6700\u3082\u4e00\u822c\u7684\u306a\u8cea\u554f\u306b\u7b54\u3048\u3066\u3001\u88fd\u54c1\u3092\u3088\u308a\u3088\u304f\u7406\u89e3\u3059\u308b\u3053\u3068\u304c\u3067\u304d\u307e\u3059\u3002<\/p>\n<p><strong>Uzy Bang BC5000 \u306f\u3069\u306e\u304f\u3089\u3044\u6301\u3061\u307e\u3059\u304b?<\/strong><br \/>\nUzy Bang BC5000 \u306f\u3001\u4f7f\u7528\u5f37\u5ea6\u306b\u5fdc\u3058\u3066\u3001\u6700\u5927 5000 \u5217\u306e\u5217\u8eca\u5411\u3051\u306b\u8a2d\u8a08\u3055\u308c\u3066\u3044\u307e\u3059\u3002 13 mL \u306e\u96fb\u5b50\u6db2\u4f53\u5bb9\u91cf\u3068 650 mAh \u306e\u30d0\u30c3\u30c6\u30ea\u30fc\u306e\u304a\u304b\u3052\u3067\u3001\u9577\u6642\u9593\u306e\u4f7f\u7528\u304c\u53ef\u80fd\u3067\u3059\u3002<\/p>\n<p><strong>Uzy Bang BC5000 \u306f\u672c\u5f53\u306b\u5145\u96fb\u5f0f\u3067\u3059\u304b?<\/strong><br \/>\n\u306f\u3044\u3001Uzy Bang BC5000 \u306b\u306f Type-C \u306e\u5145\u96fb\u30dd\u30fc\u30c8\u304c\u3042\u308a\u3001\u30d0\u30c3\u30c6\u30ea\u30fc\u3092 20 \uff5e 30 \u5206\u3067\u5145\u96fb\u3067\u304d\u307e\u3059\u3002 \u3053\u308c\u306b\u3088\u308a\u3001\u975e\u518d\u5145\u96fb\u53ef\u80fd\u306a\u4f7f\u3044\u6368\u3066\u96fb\u5b50\u30bf\u30d0\u30b3\u3068\u6bd4\u8f03\u3057\u3066\u8010\u7528\u5e74\u6570\u304c\u5ef6\u9577\u3055\u308c\u307e\u3059\u3002<\/p>\n<p><strong>\u3059\u3079\u3066\u306e\u30d5\u30ec\u30fc\u30d0\u30fc\u306f\u3001\u3059\u3079\u3066\u306e\u30cb\u30b3\u30c1\u30f3\u5f37\u5ea6\u3067\u5229\u7528\u3067\u304d\u307e\u3059\u304b?<\/strong><br \/>\n\u539f\u5247\u3068\u3057\u3066\u3001\u3059\u3079\u3066\u306e\u30d5\u30ec\u30fc\u30d0\u30fc\u306f\u30cb\u30b3\u30c1\u30f3\u5f37\u5ea6 0%\u30012%\u30013%\u30015% \u3067\u5229\u7528\u3067\u304d\u307e\u3059\u304c\u3001\u30c7\u30a3\u30fc\u30e9\u30fc\u306b\u3088\u3063\u3066\u306f\u504f\u5dee\u304c\u751f\u3058\u308b\u5834\u5408\u304c\u3042\u308a\u307e\u3059\u3002 \u8cfc\u5165\u6642\u306b\u5728\u5eab\u3092\u78ba\u8a8d\u3057\u3066\u304f\u3060\u3055\u3044\u3002<\/p>\n<p><strong>RGB \u30e9\u30a4\u30c8\u304c\u6a5f\u80fd\u3057\u306a\u3044\u3068\u3069\u3046\u306a\u308a\u307e\u3059\u304b?<\/strong><br \/>\nRGB \u30e9\u30a4\u30c8\u304c\u6d88\u706f\u3057\u3066\u3044\u308b\u5834\u5408\u306f\u3001\u307e\u305a\u30d0\u30c3\u30c6\u30ea\u30fc\u304c\u5145\u96fb\u3055\u308c\u3066\u3044\u308b\u304b\u3069\u3046\u304b\u3092\u78ba\u8a8d\u3057\u3066\u304f\u3060\u3055\u3044\u3002 \u554f\u984c\u304c\u89e3\u6c7a\u3057\u306a\u3044\u5834\u5408\u306f\u3001\u30c7\u30a3\u30fc\u30e9\u30fc\u306e\u30ab\u30b9\u30bf\u30de\u30fc \u30b5\u30fc\u30d3\u30b9\u306b\u9023\u7d61\u3057\u3066\u89e3\u6c7a\u7b56\u3092\u898b\u3064\u3051\u3066\u304f\u3060\u3055\u3044\u3002<\/p>\n<p><strong>uzy bang BC5000 \u3092\u51e6\u5206\u3059\u308b\u306b\u306f\u3069\u3046\u3059\u308c\u3070\u3088\u3044\u3067\u3059\u304b?<\/strong><br \/>\nUzy Bang BC5000 \u306f\u3001\u5730\u5143\u306e\u96fb\u5b50\u5ec3\u68c4\u7269\u306e\u898f\u5236\u306b\u5f93\u3063\u3066\u51e6\u5206\u3059\u308b\u5fc5\u8981\u304c\u3042\u308a\u307e\u3059\u3002 \u6a5f\u5668\u3092\u5bb6\u5ead\u3054\u307f\u306b\u6368\u3066\u308b\u306e\u3067\u306f\u306a\u304f\u3001\u96fb\u6c17\u6a5f\u5668\u306e\u53ce\u96c6\u5834\u6240\u306b\u5f15\u304d\u6e21\u3057\u3066\u304f\u3060\u3055\u3044\u3002<\/p>\n<p><strong>\u96fb\u5b50\u6db2\u4f53\u304c\u6f0f\u308c\u308b\u53ef\u80fd\u6027\u306f\u3042\u308a\u307e\u3059\u304b?<\/strong><br \/>\nUzy Bang BC5000 \u306f\u3001\u6f0f\u308c\u3092\u6700\u5c0f\u9650\u306b\u6291\u3048\u308b\u3088\u3046\u306b\u8a2d\u8a08\u3055\u308c\u3066\u3044\u307e\u3059\u3002 \u305f\u3060\u3057\u3001\uff08\u76f4\u5c04\u65e5\u5149\u3084\u6975\u7aef\u306a\u71b1\u3067\uff09\u4e0d\u9069\u5207\u306b\u4fdd\u7ba1\u3059\u308b\u3068\u3001\u308f\u305a\u304b\u306a\u6f0f\u308c\u304c\u767a\u751f\u3059\u308b\u53ef\u80fd\u6027\u304c\u3042\u308a\u307e\u3059\u3002 \u30c7\u30d0\u30a4\u30b9\u3092\u76f4\u7acb\u3055\u305b\u3001\u5ba4\u6e29\u3067\u4fdd\u7ba1\u3057\u3066\u304f\u3060\u3055\u3044\u3002<\/p>","protected":false},"excerpt":{"rendered":"<p dir=\"auto\">Uzy Bang BC5000 \u4f7f\u3044\u6368\u3066\u96fb\u5b50\u30bf\u30d0\u30b3\u306f\u3001\u6700\u5927 5000 \u5217\u306e\u5217\u8eca\u300113 ml \u306e\u96fb\u5b50\u30ea\u30ad\u30c3\u30c9\u3001650 mAh \u30d0\u30c3\u30c6\u30ea\u30fc\u3001\u30bf\u30a4\u30d7 C \u5145\u96fb\u30011.2 \u30aa\u30fc\u30e0\u306e\u30e1\u30c3\u30b7\u30e5 \u30b3\u30a4\u30eb\u3001RGB \u30e9\u30a4\u30c8\u52b9\u679c\u3092\u63d0\u4f9b\u3057\u307e\u3059\u3002 0% \u304b\u3089 5% \u307e\u3067\u306e\u30cb\u30b3\u30c1\u30f3\u5f37\u5ea6\u3068\u591a\u69d8\u306a\u30d5\u30ec\u30fc\u30d0\u30fc\u304c\u3042\u308a\u307e\u3059\u3002<\/p>","protected":false},"featured_media":9933,"comment_status":"open","ping_status":"closed","template":"","meta":[],"product_brand":[1161],"product_cat":[1162],"product_tag":[964],"class_list":{"0":"post-9918","1":"product","2":"type-product","3":"status-publish","4":"has-post-thumbnail","6":"product_brand-uzy","7":"product_cat-5000-puffs","8":"product_tag-5k9kpuffs","10":"first","11":"instock","12":"sale","13":"shipping-taxable","14":"purchasable","15":"product-type-variable"},"yoast_head":"<!-- This site is optimized with the Yoast SEO plugin v25.8 - https:\/\/yoast.com\/wordpress\/plugins\/seo\/ -->\n<title>UZY BANG BC5000 5K Puffs 13ml Einweg-E-Zigarette Original - ShopVapor<\/title>\n<meta name=\"description\" content=\"Die UZY BANG BC5000 Einweg-E-Zigarette bietet bis zu 5000 Z\u00fcge, 13 ml E-Liquid, 650-mAh-Akku, Typ-C-Ladung, 1,2 Ohm Mesh-Coil und RGB-Lichteffekt. Erh\u00e4ltlich in Nikotinst\u00e4rken von 0% bis 5% und vielf\u00e4ltigen Geschmacksrichtungen.\" \/>\n<meta name=\"robots\" content=\"index, follow, max-snippet:-1, max-image-preview:large, max-video-preview:-1\" \/>\n<link rel=\"canonical\" href=\"https:\/\/shopvapor.de\/ja\/product\/uzy-bang-bc5000-5k-\u30d1\u30d5-13ml-\u4f7f\u3044\u6368\u3066-e-\u30bf\u30d0\u30b3-\u30aa\u30ea\u30b8\u30ca\u30eb\/\" \/>\n<meta property=\"og:locale\" content=\"ja_JP\" \/>\n<meta property=\"og:type\" content=\"article\" \/>\n<meta property=\"og:title\" content=\"UZY BANG BC5000 5K Puffs 13ml Einweg-E-Zigarette Original - ShopVapor\" \/>\n<meta property=\"og:description\" content=\"Die UZY BANG BC5000 Einweg-E-Zigarette bietet bis zu 5000 Z\u00fcge, 13 ml E-Liquid, 650-mAh-Akku, Typ-C-Ladung, 1,2 Ohm Mesh-Coil und RGB-Lichteffekt. Erh\u00e4ltlich in Nikotinst\u00e4rken von 0% bis 5% und vielf\u00e4ltigen Geschmacksrichtungen.\" \/>\n<meta property=\"og:url\" content=\"https:\/\/shopvapor.de\/ja\/product\/uzy-bang-bc5000-5k-\u30d1\u30d5-13ml-\u4f7f\u3044\u6368\u3066-e-\u30bf\u30d0\u30b3-\u30aa\u30ea\u30b8\u30ca\u30eb\/\" \/>\n<meta property=\"og:site_name\" content=\"ShopVapor\" \/>\n<meta property=\"article:modified_time\" content=\"2025-07-15T07:12:16+00:00\" \/>\n<meta property=\"og:image\" content=\"https:\/\/shopvapor.de\/wp-content\/uploads\/2025\/07\/uzy-bang-bc5000-5k-puffs-13ml-einweg-e-zigarette-original-10.jpg\" \/>\n\t<meta property=\"og:image:width\" content=\"1600\" \/>\n\t<meta property=\"og:image:height\" content=\"1600\" \/>\n\t<meta property=\"og:image:type\" content=\"image\/jpeg\" \/>\n<meta name=\"twitter:card\" content=\"summary_large_image\" \/>\n<meta name=\"twitter:label1\" content=\"\u63a8\u5b9a\u8aad\u307f\u53d6\u308a\u6642\u9593\" \/>\n\t<meta name=\"twitter:data1\" content=\"4\u5206\" \/>\n<!-- \/ Yoast SEO plugin. -->","yoast_head_json":{"title":"Uzy Bang BC5000 5K \u30d1\u30d5 13ml \u4f7f\u3044\u6368\u3066\u96fb\u5b50\u30bf\u30d0\u30b3 \u30aa\u30ea\u30b8\u30ca\u30eb - ShopVapor","description":"Uzy Bang BC5000 \u4f7f\u3044\u6368\u3066\u96fb\u5b50\u30bf\u30d0\u30b3\u306f\u3001\u6700\u5927 5000 \u5217\u306e\u5217\u8eca\u300113 ml \u306e\u96fb\u5b50\u30ea\u30ad\u30c3\u30c9\u3001650 mAh \u30d0\u30c3\u30c6\u30ea\u30fc\u3001\u30bf\u30a4\u30d7 C \u5145\u96fb\u30011.2 \u30aa\u30fc\u30e0\u306e\u30e1\u30c3\u30b7\u30e5 \u30b3\u30a4\u30eb\u3001RGB \u30e9\u30a4\u30c8\u52b9\u679c\u3092\u63d0\u4f9b\u3057\u307e\u3059\u3002 0% \u304b\u3089 5% \u307e\u3067\u306e\u30cb\u30b3\u30c1\u30f3\u5f37\u5ea6\u3068\u591a\u69d8\u306a\u30d5\u30ec\u30fc\u30d0\u30fc\u304c\u3042\u308a\u307e\u3059\u3002","robots":{"index":"index","follow":"follow","max-snippet":"max-snippet:-1","max-image-preview":"max-image-preview:large","max-video-preview":"max-video-preview:-1"},"canonical":"https:\/\/shopvapor.de\/ja\/product\/uzy-bang-bc5000-5k-\u30d1\u30d5-13ml-\u4f7f\u3044\u6368\u3066-e-\u30bf\u30d0\u30b3-\u30aa\u30ea\u30b8\u30ca\u30eb\/","og_locale":"ja_JP","og_type":"article","og_title":"UZY BANG BC5000 5K Puffs 13ml Einweg-E-Zigarette Original - ShopVapor","og_description":"Die UZY BANG BC5000 Einweg-E-Zigarette bietet bis zu 5000 Z\u00fcge, 13 ml E-Liquid, 650-mAh-Akku, Typ-C-Ladung, 1,2 Ohm Mesh-Coil und RGB-Lichteffekt. Erh\u00e4ltlich in Nikotinst\u00e4rken von 0% bis 5% und vielf\u00e4ltigen Geschmacksrichtungen.","og_url":"https:\/\/shopvapor.de\/ja\/product\/uzy-bang-bc5000-5k-\u30d1\u30d5-13ml-\u4f7f\u3044\u6368\u3066-e-\u30bf\u30d0\u30b3-\u30aa\u30ea\u30b8\u30ca\u30eb\/","og_site_name":"ShopVapor","article_modified_time":"2025-07-15T07:12:16+00:00","og_image":[{"width":1600,"height":1600,"url":"https:\/\/shopvapor.de\/wp-content\/uploads\/2025\/07\/uzy-bang-bc5000-5k-puffs-13ml-einweg-e-zigarette-original-10.jpg","type":"image\/jpeg"}],"twitter_card":"summary_large_image","twitter_misc":{"\u63a8\u5b9a\u8aad\u307f\u53d6\u308a\u6642\u9593":"4\u5206"},"schema":{"@context":"https:\/\/schema.org","@graph":[{"@type":"WebPage","@id":"https:\/\/shopvapor.de\/produkt\/uzy-bang-bc5000-5k-puffs-13ml-einweg-e-zigarette-original\/","url":"https:\/\/shopvapor.de\/produkt\/uzy-bang-bc5000-5k-puffs-13ml-einweg-e-zigarette-original\/","name":"Uzy Bang BC5000 5K \u30d1\u30d5 13ml \u4f7f\u3044\u6368\u3066\u96fb\u5b50\u30bf\u30d0\u30b3 \u30aa\u30ea\u30b8\u30ca\u30eb - ShopVapor","isPartOf":{"@id":"https:\/\/shopvapor.de\/#website"},"primaryImageOfPage":{"@id":"https:\/\/shopvapor.de\/produkt\/uzy-bang-bc5000-5k-puffs-13ml-einweg-e-zigarette-original\/#primaryimage"},"image":{"@id":"https:\/\/shopvapor.de\/produkt\/uzy-bang-bc5000-5k-puffs-13ml-einweg-e-zigarette-original\/#primaryimage"},"thumbnailUrl":"https:\/\/shopvapor.de\/wp-content\/uploads\/2025\/07\/uzy-bang-bc5000-5k-puffs-13ml-einweg-e-zigarette-original-10.jpg","datePublished":"2025-07-02T07:06:12+00:00","dateModified":"2025-07-15T07:12:16+00:00","description":"Uzy Bang BC5000 \u4f7f\u3044\u6368\u3066\u96fb\u5b50\u30bf\u30d0\u30b3\u306f\u3001\u6700\u5927 5000 \u5217\u306e\u5217\u8eca\u300113 ml \u306e\u96fb\u5b50\u30ea\u30ad\u30c3\u30c9\u3001650 mAh \u30d0\u30c3\u30c6\u30ea\u30fc\u3001\u30bf\u30a4\u30d7 C \u5145\u96fb\u30011.2 \u30aa\u30fc\u30e0\u306e\u30e1\u30c3\u30b7\u30e5 \u30b3\u30a4\u30eb\u3001RGB \u30e9\u30a4\u30c8\u52b9\u679c\u3092\u63d0\u4f9b\u3057\u307e\u3059\u3002 0% \u304b\u3089 5% \u307e\u3067\u306e\u30cb\u30b3\u30c1\u30f3\u5f37\u5ea6\u3068\u591a\u69d8\u306a\u30d5\u30ec\u30fc\u30d0\u30fc\u304c\u3042\u308a\u307e\u3059\u3002","breadcrumb":{"@id":"https:\/\/shopvapor.de\/produkt\/uzy-bang-bc5000-5k-puffs-13ml-einweg-e-zigarette-original\/#breadcrumb"},"inLanguage":"ja","potentialAction":[{"@type":"ReadAction","target":["https:\/\/shopvapor.de\/produkt\/uzy-bang-bc5000-5k-puffs-13ml-einweg-e-zigarette-original\/"]}]},{"@type":"ImageObject","inLanguage":"ja","@id":"https:\/\/shopvapor.de\/produkt\/uzy-bang-bc5000-5k-puffs-13ml-einweg-e-zigarette-original\/#primaryimage","url":"https:\/\/shopvapor.de\/wp-content\/uploads\/2025\/07\/uzy-bang-bc5000-5k-puffs-13ml-einweg-e-zigarette-original-10.jpg","contentUrl":"https:\/\/shopvapor.de\/wp-content\/uploads\/2025\/07\/uzy-bang-bc5000-5k-puffs-13ml-einweg-e-zigarette-original-10.jpg","width":1600,"height":1600},{"@type":"BreadcrumbList","@id":"https:\/\/shopvapor.de\/produkt\/uzy-bang-bc5000-5k-puffs-13ml-einweg-e-zigarette-original\/#breadcrumb","itemListElement":[{"@type":"ListItem","position":1,"name":"Startseite","item":"https:\/\/shopvapor.de\/"},{"@type":"ListItem","position":2,"name":"Shop","item":"https:\/\/shopvapor.de\/shop\/"},{"@type":"ListItem","position":3,"name":"UZY BANG BC5000 5K Puffs 13ml Einweg-E-Zigarette Original"}]},{"@type":"WebSite","@id":"https:\/\/shopvapor.de\/#website","url":"https:\/\/shopvapor.de\/","name":"\u30b7\u30e7\u30c3\u30d7\u30d9\u30fc\u30d1\u30fc","description":"","potentialAction":[{"@type":"SearchAction","target":{"@type":"EntryPoint","urlTemplate":"https:\/\/shopvapor.de\/?s={search_term_string}"},"query-input":{"@type":"PropertyValueSpecification","valueRequired":true,"valueName":"search_term_string"}}],"inLanguage":"ja"}]}},"_links":{"self":[{"href":"https:\/\/shopvapor.de\/ja\/wp-json\/wp\/v2\/product\/9918","targetHints":{"allow":["GET"]}}],"collection":[{"href":"https:\/\/shopvapor.de\/ja\/wp-json\/wp\/v2\/product"}],"about":[{"href":"https:\/\/shopvapor.de\/ja\/wp-json\/wp\/v2\/types\/product"}],"replies":[{"embeddable":true,"href":"https:\/\/shopvapor.de\/ja\/wp-json\/wp\/v2\/comments?post=9918"}],"version-history":[{"count":3,"href":"https:\/\/shopvapor.de\/ja\/wp-json\/wp\/v2\/product\/9918\/revisions"}],"predecessor-version":[{"id":11850,"href":"https:\/\/shopvapor.de\/ja\/wp-json\/wp\/v2\/product\/9918\/revisions\/11850"}],"wp:featuredmedia":[{"embeddable":true,"href":"https:\/\/shopvapor.de\/ja\/wp-json\/wp\/v2\/media\/9933"}],"wp:attachment":[{"href":"https:\/\/shopvapor.de\/ja\/wp-json\/wp\/v2\/media?parent=9918"}],"wp:term":[{"taxonomy":"product_brand","embeddable":true,"href":"https:\/\/shopvapor.de\/ja\/wp-json\/wp\/v2\/product_brand?post=9918"},{"taxonomy":"product_cat","embeddable":true,"href":"https:\/\/shopvapor.de\/ja\/wp-json\/wp\/v2\/product_cat?post=9918"},{"taxonomy":"product_tag","embeddable":true,"href":"https:\/\/shopvapor.de\/ja\/wp-json\/wp\/v2\/product_tag?post=9918"}],"curies":[{"name":"wp","href":"https:\/\/api.w.org\/{rel}","templated":true}]}}