{"id":9976,"date":"2025-07-02T07:06:40","date_gmt":"2025-07-02T07:06:40","guid":{"rendered":"https:\/\/shopvapor.de\/?post_type=product&#038;p=9976"},"modified":"2025-07-15T07:00:48","modified_gmt":"2025-07-15T07:00:48","slug":"uzy-bang-king-12000-12k-%e3%83%91%e3%83%95-23ml-%e4%bd%bf%e3%81%84%e6%8d%a8%e3%81%a6-e-%e3%82%bf%e3%83%90%e3%82%b3-%e3%82%aa%e3%83%aa%e3%82%b8%e3%83%8a%e3%83%ab","status":"publish","type":"product","link":"https:\/\/shopvapor.de\/ja\/product\/uzy-bang-king-12000-12k-%e3%83%91%e3%83%95-23ml-%e4%bd%bf%e3%81%84%e6%8d%a8%e3%81%a6-e-%e3%82%bf%e3%83%90%e3%82%b3-%e3%82%aa%e3%83%aa%e3%82%b8%e3%83%8a%e3%83%ab\/","title":{"rendered":"Uzy Bang King 12000 12K \u30d1\u30d5 23ml \u4f7f\u3044\u6368\u3066\u96fb\u5b50\u30bf\u30d0\u30b3 \u30aa\u30ea\u30b8\u30ca\u30eb"},"content":{"rendered":"<h2>Uzy Bang King 12000 \u30d1\u30d5\u306e\u7d39\u4ecb<\/h2>\n<p>Uzy Bang King 12000 Puffs \u306f\u3001\u9577\u6301\u3061\u3059\u308b\u4e0a\u54c1\u306a\u4f53\u9a13\u306e\u305f\u3081\u306b\u8a2d\u8a08\u3055\u308c\u305f\u9ad8\u54c1\u8cea\u306e\u4f7f\u3044\u6368\u3066\u96fb\u5b50\u30bf\u30d0\u30b3\u88fd\u54c1\u3067\u3059\u3002 \u6700\u5927 12,000 \u5217\u306e\u5217\u8eca\u306e\u9a5a\u7570\u7684\u306a\u5bb9\u91cf\u3092\u6301\u3064\u3053\u306e\u30c7\u30d0\u30a4\u30b9\u306f\u3001\u5feb\u9069\u3055\u3001\u54c1\u8cea\u3001\u305d\u3057\u3066\u5f37\u70c8\u306a\u98a8\u5473\u3092\u91cd\u8996\u3059\u308b\u3059\u3079\u3066\u306e\u4eba\u306b\u4fe1\u983c\u3067\u304d\u308b\u30bd\u30ea\u30e5\u30fc\u30b7\u30e7\u30f3\u3092\u63d0\u4f9b\u3057\u307e\u3059\u3002 Uzy \u30d6\u30e9\u30f3\u30c9\u306f\u3001Precision and Innovation \u3092\u8868\u3057\u3066\u304a\u308a\u3001Bang King 12000 \u306f\u3001\u9ad8\u5ea6\u306a\u30c6\u30af\u30ce\u30ed\u30b8\u30fc\u3068\u30e6\u30fc\u30b6\u30fc\u30d5\u30ec\u30f3\u30c9\u30ea\u30fc\u306a\u30c7\u30b6\u30a4\u30f3\u3092\u901a\u3058\u3066\u3001\u3053\u308c\u3089\u306e\u4fa1\u5024\u3092\u4f53\u73fe\u3057\u3066\u3044\u307e\u3059\u3002 \u3053\u306e\u88fd\u54c1\u306f\u3001\u88dc\u5145\u3084\u8907\u96d1\u306a\u30e1\u30f3\u30c6\u30ca\u30f3\u30b9\u3092\u5fc5\u8981\u3068\u3057\u306a\u3044\u5805\u7262\u3067\u5f37\u529b\u306a\u30c7\u30d0\u30a4\u30b9\u3092\u304a\u63a2\u3057\u306e\u65b9\u306b\u6700\u9069\u3067\u3059\u3002<\/p>\n<h2>\u88fd\u54c1\u30d1\u30e9\u30e1\u30fc\u30bf\u30fc\u8a73\u7d30<\/h2>\n<p>Uzy Bang King 12000 Puffs \u306f\u3001\u6700\u65b0\u306e\u30c6\u30af\u30ce\u30ed\u30b8\u30fc\u3068\u5b9f\u7528\u7684\u306a\u7279\u6027\u3092\u7d44\u307f\u5408\u308f\u305b\u3066\u3001\u4e00\u6d41\u306e\u4f53\u9a13\u3092\u4fdd\u8a3c\u3057\u307e\u3059\u3002 \u4ee5\u4e0b\u306f\u3001\u3053\u306e\u30c7\u30d0\u30a4\u30b9\u306e\u7279\u5fb4\u3067\u3042\u308b\u6280\u8853\u4ed5\u69d8\u306e\u8a73\u7d30\u306a\u6982\u8981\u3067\u3059\u3002<\/p>\n<h3>\u96fb\u5b50\u6db2\u4f53\u5bb9\u91cf: 23 ml<\/h3>\n<p>Bang King 12000 \u306b\u306f\u300123 mL \u306e\u3086\u3063\u305f\u308a\u3068\u3057\u305f\u96fb\u5b50\u6db2\u4f53\u30bf\u30f3\u30af\u304c\u88c5\u5099\u3055\u308c\u3066\u3044\u308b\u305f\u3081\u3001\u88dc\u5145\u3059\u308b\u3053\u3068\u306a\u304f\u9577\u5bff\u547d\u306b\u306a\u308a\u307e\u3059\u3002 \u3053\u306e\u5927\u5bb9\u91cf\u306b\u3088\u308a\u3001\u6700\u5927 12,000 \u5217\u306e\u5217\u8eca\u304c\u4f7f\u7528\u3067\u304d\u308b\u305f\u3081\u3001\u3053\u306e\u30c7\u30d0\u30a4\u30b9\u306f\u65e5\u5e38\u306e\u4f7f\u7528\u306b\u7279\u306b\u4fbf\u5229\u3067\u3059\u3002 \u30d7\u30ec\u30d5\u30a3\u30eb\u30c9\u6db2\u4f53\u306f\u3001\u6700\u521d\u304b\u3089\u6700\u5f8c\u307e\u3067\u306e\u4f7f\u7528\u304b\u3089\u3001\u7d14\u7c8b\u3067\u4e00\u8cab\u3057\u305f\u5473\u3092\u4fdd\u8a3c\u3059\u308b\u9ad8\u54c1\u8cea\u306e\u539f\u6599\u3067\u69cb\u6210\u3055\u308c\u3066\u3044\u307e\u3059\u3002<\/p>\n<h3>\u5217\u8eca\u306e\u5b9a\u54e1: \u6700\u5927 12,000 \u5217\u306e\u5217\u8eca<\/h3>\n<p>\u6700\u5927 12,000 \u5217\u306e\u5217\u8eca\u306e\u5bb9\u91cf\u3092\u6301\u3064 Uzy Bang King 12000 \u306f\u3001\u4f7f\u3044\u6368\u3066\u96fb\u5b50\u30bf\u30d0\u30b3\u306e\u30ab\u30c6\u30b4\u30ea\u30fc\u306b\u65b0\u3057\u3044\u57fa\u6e96\u3092\u8a2d\u5b9a\u3057\u307e\u3059\u3002 \u3053\u306e\u4e26\u5916\u308c\u305f\u5bff\u547d\u306f\u3001\u4ea4\u63db\u3092\u5fc5\u8981\u3068\u305b\u305a\u306b\u3001\u30c7\u30d0\u30a4\u30b9\u3092\u6570\u9031\u9593\u4f7f\u7528\u3067\u304d\u308b\u3053\u3068\u3092\u610f\u5473\u3057\u307e\u3059\u3002 \u5217\u8eca\u306e\u6570\u304c\u591a\u3044\u305f\u3081\u3001\u8010\u4e45\u6027\u306e\u3042\u308b\u88fd\u54c1\u3092\u63a2\u3057\u3066\u3044\u308b\u30e6\u30fc\u30b6\u30fc\u306b\u3068\u3063\u3066\u306f\u8cbb\u7528\u5bfe\u52b9\u679c\u306e\u9ad8\u3044\u9078\u629e\u80a2\u306b\u306a\u308a\u307e\u3059\u3002<\/p>\n<h3>\u30d0\u30c3\u30c6\u30ea\u30fc: 650 mAh\u3001\u5145\u96fb\u5f0f (Type-C)<\/h3>\n<p>\u3053\u306e\u30c7\u30d0\u30a4\u30b9\u306b\u306f\u3001\u6700\u65b0\u306e Type-C \u30dd\u30fc\u30c8\u3092\u4ecb\u3057\u3066\u5145\u96fb\u3067\u304d\u308b 650mAh \u306e\u5145\u96fb\u5f0f\u30d0\u30c3\u30c6\u30ea\u30fc\u304c\u5185\u8535\u3055\u308c\u3066\u3044\u307e\u3059\u3002 \u3053\u306e\u30d0\u30c3\u30c6\u30ea\u30fc\u306f\u3001\u30c7\u30d0\u30a4\u30b9\u306e\u5168\u5bff\u547d\u306b\u308f\u305f\u3063\u3066\u4e00\u8cab\u3057\u305f\u30d1\u30d5\u30a9\u30fc\u30de\u30f3\u30b9\u3092\u4fdd\u8a3c\u3059\u308b\u4fe1\u983c\u3067\u304d\u308b\u96fb\u6e90\u3092\u63d0\u4f9b\u3057\u307e\u3059\u3002 Type-C \u30dd\u30fc\u30c8\u3092\u4f7f\u7528\u3059\u308b\u3068\u3001\u3059\u3070\u3084\u304f\u4fbf\u5229\u306a\u5145\u96fb\u304c\u53ef\u80fd\u306b\u306a\u308b\u305f\u3081\u3001\u30c7\u30d0\u30a4\u30b9\u306f\u3059\u3050\u306b\u4f7f\u7528\u3067\u304d\u308b\u3088\u3046\u306b\u306a\u308a\u307e\u3059\u3002<\/p>\n<h3>\u30cb\u30b3\u30c1\u30f3\u306e\u5f37\u3055\uff1a0 %\u30012 %\u30013 %\u30015 %<\/h3>\n<p>Uzy Bang King 12000 \u306f\u3001\u3055\u307e\u3056\u307e\u306a\u30cb\u30b3\u30c1\u30f3\u5f37\u5ea6 (0 %\u30012 %\u30013 % \u304a\u3088\u3073 5 %) \u3067\u3001\u30e6\u30fc\u30b6\u30fc\u306e\u500b\u3005\u306e\u597d\u307f\u306b\u5408\u308f\u305b\u3066\u5229\u7528\u3067\u304d\u307e\u3059\u3002 \u3053\u306e\u67d4\u8edf\u6027\u306b\u3088\u308a\u3001\u30cb\u30b3\u30c1\u30f3\u3092\u542b\u307e\u306a\u3044\u30aa\u30d7\u30b7\u30e7\u30f3\u307e\u305f\u306f\u3088\u308a\u5f37\u529b\u306a\u30d0\u30ea\u30a2\u30f3\u30c8\u306e\u5834\u5408\u3001\u30cb\u30b3\u30c1\u30f3\u306e\u91cf\u3092\u6b63\u78ba\u306b\u8abf\u6574\u3067\u304d\u307e\u3059\u3002 \u5869\u30cb\u30b3\u30c1\u30f3\u3092\u4f7f\u7528\u3059\u308b\u3068\u3001\u7a4f\u3084\u304b\u3067\u5fc3\u5730\u3088\u3044\u5438\u5165\u304c\u4fdd\u8a3c\u3055\u308c\u307e\u3059\u3002<\/p>\n<h3>\u30e1\u30c3\u30b7\u30e5\u30b3\u30a4\u30eb\u6280\u8853<\/h3>\n<p>\u30e1\u30c3\u30b7\u30e5 \u30b3\u30a4\u30eb\u306e\u7d71\u5408\u6280\u8853\u306b\u3088\u308a\u3001\u96fb\u5b50\u6db2\u4f53\u306e\u6700\u9069\u306a\u84b8\u767a\u304c\u4fdd\u8a3c\u3055\u308c\u3001\u5f37\u70c8\u3067\u7d14\u7c8b\u306a\u5473\u899a\u4f53\u9a13\u306b\u3064\u306a\u304c\u308a\u307e\u3059\u3002 \u3053\u306e\u9ad8\u5ea6\u306a\u30b3\u30a4\u30eb\u306f\u3001\u5747\u4e00\u306a\u52a0\u71b1\u3068\u9ad8\u84b8\u6c17\u306e\u751f\u6210\u3092\u4fdd\u8a3c\u3057\u3001\u5473\u306e\u5f15\u304d\u5bc4\u305b\u3092\u3059\u3079\u3066\u5f15\u304d\u3064\u3051\u307e\u3059\u3002 \u30e1\u30c3\u30b7\u30e5 \u30b3\u30a4\u30eb\u6280\u8853\u306f\u3001\u4e00\u8cab\u3057\u305f\u30d1\u30d5\u30a9\u30fc\u30de\u30f3\u30b9\u3092\u63d0\u4f9b\u3059\u308b\u3053\u3068\u3067\u3001\u30c7\u30d0\u30a4\u30b9\u306e\u5bff\u547d\u306b\u3082\u8ca2\u732e\u3057\u307e\u3059\u3002<\/p>\n<h3>\u4eba\u9593\u5de5\u5b66\u306b\u57fa\u3065\u3044\u305f\u30c7\u30b6\u30a4\u30f3<\/h3>\n<p>Uzy Bang King 12000 \u306e\u30dc\u30c8\u30eb\u578b\u306e\u30c7\u30b6\u30a4\u30f3\u306f\u6301\u3061\u904b\u3073\u304c\u7c21\u5358\u3067\u3001\u6301\u3061\u904b\u3073\u3082\u7c21\u5358\u3067\u3059\u3002 \u30b3\u30f3\u30d1\u30af\u30c8\u3067\u30a8\u30ec\u30ac\u30f3\u30c8\u306a\u30c7\u30b6\u30a4\u30f3\u306f\u3001\u6a5f\u80fd\u6027\u3068\u7f8e\u5b66\u3092\u517c\u306d\u5099\u3048\u3001\u5805\u7262\u306a\u69cb\u9020\u306b\u3088\u308a\u9577\u5bff\u547d\u3092\u4fdd\u8a3c\u3057\u307e\u3059\u3002 \u30c7\u30d0\u30a4\u30b9\u306f\u3059\u3050\u306b\u4f7f\u7528\u3067\u304d\u3001\u8ffd\u52a0\u8a2d\u5b9a\u306f\u5fc5\u8981\u306a\u3044\u305f\u3081\u3001\u7279\u306b\u30e6\u30fc\u30b6\u30fc\u30d5\u30ec\u30f3\u30c9\u30ea\u30fc\u306b\u306a\u308a\u307e\u3059\u3002<\/p>\n<h2>\u30a6\u30b8\u30fc \u30d0\u30f3 \u30ad\u30f3\u30b0 12000 \u306e\u3055\u307e\u3056\u307e\u306a\u5473<\/h2>\n<p>Uzy Bang King 12000 \u306f\u3001\u3042\u3089\u3086\u308b\u5473\u306b\u5408\u3046\u5e45\u5e83\u3044\u30d5\u30ec\u30fc\u30d0\u30fc\u3092\u63d0\u4f9b\u3057\u307e\u3059\u3002 \u305d\u308c\u305e\u308c\u306e\u30d5\u30ec\u30fc\u30d0\u30fc\u306f\u3001\u672c\u7269\u306e\u5f37\u70c8\u306a\u4f53\u9a13\u3092\u63d0\u4f9b\u3059\u308b\u3088\u3046\u306b\u614e\u91cd\u306b\u8a2d\u8a08\u3055\u308c\u3066\u3044\u307e\u3059\u3002 \u5229\u7528\u53ef\u80fd\u306a\u30d5\u30ec\u30fc\u30d0\u30fc\u306f\u6b21\u306e\u3068\u304a\u308a\u3067\u3059\u3002<\/p>\n<ul>\n<li>\u30d6\u30eb\u30fc\u30d9\u30ea\u30fc\u30fb\u30e9\u30ba\u30d9\u30ea\u30fc<\/li>\n<li>\u30d6\u30eb\u30fc\u3055\u3093<\/li>\n<li>\u30ad\u30a6\u30a4\u306e\u30d1\u30c3\u30b7\u30e7\u30f3\u30d5\u30eb\u30fc<\/li>\n<li>\u30d4\u30fc\u30c1\u30fb\u30a2\u30a4\u30b9<\/li>\n<li>\u30c1\u30a7\u30ea\u30fc\u30a2\u30a4\u30b9<\/li>\n<li>\u30b0\u30ec\u30fc\u30d7\u30a2\u30a4\u30b9<\/li>\n<li>\u30d4\u30fc\u30c1\u30de\u30f3\u30b4\u30fc\u30d1\u30a4\u30ca\u30c3\u30d7\u30eb<\/li>\n<li>\u30b9\u30c8\u30ed\u30d9\u30ea\u30fc\u30fb\u30a2\u30a4\u30b9<\/li>\n<li>\u8d64\u30a8\u30cd\u30eb\u30ae\u30fc<\/li>\n<li>\u30df\u30c3\u30af\u30b9\u30d9\u30ea\u30fc<\/li>\n<li>\u30c0\u30d6\u30eb\u30a2\u30c3\u30d7\u30eb<\/li>\n<li>\u30b0\u30df\u30fb\u30d9\u30a2<\/li>\n<li>\u30d4\u30f3\u30af\u30fb\u30ec\u30e2\u30cd\u30fc\u30c9<\/li>\n<li>\u30d4\u30fc\u30c1\u30d9\u30ea\u30fc<\/li>\n<\/ul>\n<p>\u3053\u306e\u591a\u69d8\u6027\u306b\u3088\u308a\u3001\u30e6\u30fc\u30b6\u30fc\u306f\u65b0\u3057\u3044\u30d5\u30ec\u30fc\u30d0\u30fc\u3092\u767a\u898b\u3057\u3001\u500b\u4eba\u7684\u306a\u304a\u6c17\u306b\u5165\u308a\u3092\u898b\u3064\u3051\u3066\u3001Uzy Bang King 12000 \u3067\u306e\u4f53\u9a13\u3092\u3055\u3089\u306b\u591a\u69d8\u306a\u3082\u306e\u306b\u3059\u308b\u3053\u3068\u304c\u3067\u304d\u307e\u3059\u3002<\/p>\n<p><img fetchpriority=\"high\" decoding=\"async\" class=\"alignnone wp-image-11830 size-full\" title=\"\u30a6\u30b8\u30fc \u30d0\u30f3 \u30ad\u30f3\u30b0 12000 12K \u30d1\u30d5\" src=\"https:\/\/shopvapor.de\/wp-content\/uploads\/2025\/07\/UZY-Bang-King-12000-12K-Puffs.avif\" alt=\"\u30a6\u30b8\u30fc \u30d0\u30f3 \u30ad\u30f3\u30b0 12000 12K \u30d1\u30d5\" width=\"700\" height=\"700\" \/><\/p>\n<h2>\u3088\u304f\u3042\u308b\u8cea\u554f (FAQ)<\/h2>\n<p>\u4ee5\u4e0b\u306b\u3001\u304a\u5ba2\u69d8\u304c Uzy Bang King 12000 Puffs \u306b\u3064\u3044\u3066\u3088\u304f\u3042\u308b\u8cea\u554f\u306b\u3064\u3044\u3066\u3001\u4e0d\u78ba\u5b9f\u6027\u306e\u53ef\u80fd\u6027\u3092\u660e\u78ba\u306b\u3059\u308b\u305f\u3081\u306b\u3088\u304f\u5bc4\u305b\u3089\u308c\u308b\u8cea\u554f\u306b\u7b54\u3048\u307e\u3059\u3002<\/p>\n<h3>Uzy Bang King 12000 \u30d0\u30c3\u30c6\u30ea\u30fc\u306e\u5bff\u547d\u306f?<\/h3>\n<p>650 mAh \u306e\u30d0\u30c3\u30c6\u30ea\u30fc\u306f\u300123 mL \u306e\u7dcf\u96fb\u5b50\u6db2\u4f53\u5bb9\u91cf\u3092\u30b5\u30dd\u30fc\u30c8\u3059\u308b\u3088\u3046\u306b\u8a2d\u8a08\u3055\u308c\u3066\u304a\u308a\u3001\u6700\u5927 12,000 \u5217\u306e\u5217\u8eca\u3092\u53ef\u80fd\u306b\u3057\u307e\u3059\u3002 \u5b9f\u969b\u306e\u30d0\u30c3\u30c6\u30ea\u30fc\u5bff\u547d\u306f\u4f7f\u7528\u983b\u5ea6\u306b\u3088\u3063\u3066\u7570\u306a\u308b\u5834\u5408\u304c\u3042\u308a\u307e\u3059\u304c\u3001\u30bf\u30a4\u30d7 C \u30dd\u30fc\u30c8\u3092\u4ecb\u3057\u3066\u30c7\u30d0\u30a4\u30b9\u3092\u3059\u3070\u3084\u304f\u518d\u5145\u96fb\u3067\u304d\u307e\u3059\u3002<\/p>\n<h3>\u30c7\u30d0\u30a4\u30b9\u306f\u518d\u5145\u586b\u53ef\u80fd\u3067\u3059\u304b?<\/h3>\n<p>\u3044\u3044\u3048\u3001Uzy Bang King 12000 \u306f\u4f7f\u3044\u6368\u3066\u88fd\u54c1\u3067\u3042\u308a\u3001\u8a70\u3081\u66ff\u3048\u306f\u3067\u304d\u307e\u305b\u3093\u3002 23 mL \u306e\u30bf\u30f3\u30af\u306f\u4e8b\u524d\u306b\u5145\u586b\u3055\u308c\u3001\u30c7\u30d0\u30a4\u30b9\u306f\u96fb\u5b50\u6db2\u4f53\u306e\u4f7f\u3044\u5207\u5f8c\u306b\u5ec3\u68c4\u3059\u308b\u3088\u3046\u306b\u8a2d\u8a08\u3055\u308c\u3066\u3044\u307e\u3059\u3002<\/p>\n<h3>\u8cfc\u5165\u5f8c\u306b\u30cb\u30b3\u30c1\u30f3\u30c7\u30f3\u30d7\u30f3\u3092\u4ea4\u63db\u3067\u304d\u307e\u3059\u304b?<\/h3>\n<p>\u30cb\u30b3\u30c1\u30f3\u306e\u5f37\u5ea6\u306f\u56fa\u5b9a\u3055\u308c\u3066\u304a\u308a\u3001\u8cfc\u5165\u5f8c\u306f\u5909\u66f4\u3067\u304d\u307e\u305b\u3093\u3002 \u8cfc\u5165\u3059\u308b\u3068\u304d\u306f\u3001\u597d\u307f\u306b\u5408\u3063\u305f\u30cb\u30b3\u30c1\u30f3\u5f37\u5ea6 (0 %\u30012 %\u30013 % \u307e\u305f\u306f 5 %) \u3092\u9078\u629e\u3057\u307e\u3059\u3002<\/p>\n<h3>\u30a6\u30b8\u30fc \u30d0\u30f3 \u30ad\u30f3\u30b0 12000 \u3092\u51e6\u5206\u3059\u308b\u306b\u306f\u3069\u3046\u3059\u308c\u3070\u3088\u3044\u3067\u3059\u304b?<\/h3>\n<p>\u30c7\u30d0\u30a4\u30b9\u306f\u3001\u5730\u5143\u306e\u96fb\u5b50\u5ec3\u68c4\u7269\u306e\u898f\u5236\u306b\u5f93\u3063\u3066\u51e6\u5206\u3059\u308b\u5fc5\u8981\u304c\u3042\u308a\u307e\u3059\u3002 \u30d0\u30c3\u30c6\u30ea\u30fc\u304c\u5185\u8535\u3055\u308c\u3066\u3044\u308b\u305f\u3081\u3001\u5bb6\u5ead\u306e\u5ec3\u68c4\u7269\u306b\u5ec3\u68c4\u3057\u306a\u3044\u3067\u304f\u3060\u3055\u3044\u3002 \u8ca9\u58f2\u306e\u591a\u304f\u306e\u30dd\u30a4\u30f3\u30c8\u306f\u3001\u4f7f\u3044\u6368\u3066\u96fb\u5b50\u30bf\u30d0\u30b3\u7528\u306e\u96e2\u9678\u30b7\u30b9\u30c6\u30e0\u3092\u63d0\u4f9b\u3057\u3066\u3044\u307e\u3059\u3002<\/p>\n<h3>\u6570\u65e5\u7d4c\u3063\u3066\u3082\u3001\u30c7\u30d0\u30a4\u30b9\u306e\u5473\u304c\u920d\u304f\u306a\u308b\u306e\u306f\u306a\u305c\u3067\u3059\u304b?<\/h3>\n<p>\u5473\u306e\u4f4e\u4e0b\u306f\u3001\u30d0\u30c3\u30c6\u30ea\u30fc\u6b8b\u91cf\u304c\u5c11\u306a\u3044\u304b\u3001\u307b\u3068\u3093\u3069\u7a7a\u306e\u30ea\u30ad\u30c3\u30c9 \u30bf\u30f3\u30af\u3092\u793a\u3057\u3066\u3044\u308b\u53ef\u80fd\u6027\u304c\u3042\u308a\u307e\u3059\u3002 \u30e1\u30c3\u30b7\u30e5 \u30b3\u30a4\u30eb\u306e\u6700\u9ad8\u306e\u6027\u80fd\u3092\u78ba\u4fdd\u3059\u308b\u305f\u3081\u306b\u3001\u30c7\u30d0\u30a4\u30b9\u3092\u5145\u96fb\u3057\u307e\u3059\u3002 \u30bf\u30f3\u30af\u304c\u7a7a\u306e\u5834\u5408\u306f\u3001\u30c7\u30d0\u30a4\u30b9\u3092\u4ea4\u63db\u3059\u308b\u6642\u304c\u6765\u307e\u3057\u305f\u3002<\/p>\n<h3>Uzy Bang King 12000 \u306f\u9632\u6c34\u3067\u3059\u304b?<\/h3>\n<p>\u3044\u3044\u3048\u3001\u30c7\u30d0\u30a4\u30b9\u306f\u9632\u6c34\u3067\u306f\u3042\u308a\u307e\u305b\u3093\u3002 \u640d\u50b7\u3092\u9632\u304e\u3001\u6a5f\u80fd\u3092\u7dad\u6301\u3059\u308b\u305f\u3081\u306b\u3001\u6c34\u3084\u4ed6\u306e\u6db2\u4f53\u3068\u306e\u63a5\u89e6\u3092\u907f\u3051\u3066\u304f\u3060\u3055\u3044\u3002<\/p>","protected":false},"excerpt":{"rendered":"<p dir=\"auto\">Uzy Bang King 12000 Puffs \u4f7f\u3044\u6368\u3066\u96fb\u5b50\u30bf\u30d0\u30b3\u300123 ml \u96fb\u5b50\u6db2\u4f53\u3001\u6700\u5927 12,000 \u5217\u8eca\u3001650 mAh \u306e\u5145\u96fb\u5f0f\u30d0\u30c3\u30c6\u30ea\u30fc (\u30bf\u30a4\u30d7 C)\u3001\u30e1\u30c3\u30b7\u30e5 \u30b3\u30a4\u30eb\u6280\u8853\u3001\u304a\u3088\u3073\u30cb\u30b3\u30c1\u30f3\u5f37\u5ea6 0 % \u304b\u3089 5 % \u307e\u3067\u3001\u3055\u307e\u3056\u307e\u306a\u30d5\u30ec\u30fc\u30d0\u30fc\u3067\u3001\u5f37\u529b\u3067\u9577\u6301\u3061\u3057\u307e\u3059\u3002<\/p>","protected":false},"featured_media":9999,"comment_status":"open","ping_status":"closed","template":"","meta":[],"product_brand":[1161],"product_cat":[1179],"product_tag":[959],"class_list":{"0":"post-9976","1":"product","2":"type-product","3":"status-publish","4":"has-post-thumbnail","6":"product_brand-uzy","7":"product_cat-12000-puffs","8":"product_tag-more-than-10kpuffs","10":"first","11":"instock","12":"sale","13":"shipping-taxable","14":"purchasable","15":"product-type-variable"},"yoast_head":"<!-- This site is optimized with the Yoast SEO plugin v25.8 - https:\/\/yoast.com\/wordpress\/plugins\/seo\/ -->\n<title>UZY Bang King 12000 12K Puffs 23ml Einweg-E-Zigaretten Original - ShopVapor<\/title>\n<meta name=\"description\" content=\"UZY Bang King 12000 Puffs Einweg-E-Zigarette mit 23 ml E-Liquid, bis zu 12.000 Z\u00fcgen, 650 mAh wiederaufladbarem Akku (Typ-C), Mesh-Coil-Technologie und Nikotinst\u00e4rken von 0 % bis 5 %. Erh\u00e4ltlich in vielf\u00e4ltigen Geschmacksrichtungen f\u00fcr ein intensives und langlebiges Erlebnis.\" \/>\n<meta name=\"robots\" content=\"index, follow, max-snippet:-1, max-image-preview:large, max-video-preview:-1\" \/>\n<link rel=\"canonical\" href=\"https:\/\/shopvapor.de\/ja\/product\/uzy-bang-king-12000-12k-\u30d1\u30d5-23ml-\u4f7f\u3044\u6368\u3066-e-\u30bf\u30d0\u30b3-\u30aa\u30ea\u30b8\u30ca\u30eb\/\" \/>\n<meta property=\"og:locale\" content=\"ja_JP\" \/>\n<meta property=\"og:type\" content=\"article\" \/>\n<meta property=\"og:title\" content=\"UZY Bang King 12000 12K Puffs 23ml Einweg-E-Zigaretten Original - ShopVapor\" \/>\n<meta property=\"og:description\" content=\"UZY Bang King 12000 Puffs Einweg-E-Zigarette mit 23 ml E-Liquid, bis zu 12.000 Z\u00fcgen, 650 mAh wiederaufladbarem Akku (Typ-C), Mesh-Coil-Technologie und Nikotinst\u00e4rken von 0 % bis 5 %. Erh\u00e4ltlich in vielf\u00e4ltigen Geschmacksrichtungen f\u00fcr ein intensives und langlebiges Erlebnis.\" \/>\n<meta property=\"og:url\" content=\"https:\/\/shopvapor.de\/ja\/product\/uzy-bang-king-12000-12k-\u30d1\u30d5-23ml-\u4f7f\u3044\u6368\u3066-e-\u30bf\u30d0\u30b3-\u30aa\u30ea\u30b8\u30ca\u30eb\/\" \/>\n<meta property=\"og:site_name\" content=\"ShopVapor\" \/>\n<meta property=\"article:modified_time\" content=\"2025-07-15T07:00:48+00:00\" \/>\n<meta property=\"og:image\" content=\"https:\/\/shopvapor.de\/wp-content\/uploads\/2025\/07\/uzy-bang-king-12000-12k-puffs-23ml-einweg-e-zigaretten-original.webp\" \/>\n\t<meta property=\"og:image:width\" content=\"1000\" \/>\n\t<meta property=\"og:image:height\" content=\"1000\" \/>\n\t<meta property=\"og:image:type\" content=\"image\/webp\" \/>\n<meta name=\"twitter:card\" content=\"summary_large_image\" \/>\n<meta name=\"twitter:label1\" content=\"\u63a8\u5b9a\u8aad\u307f\u53d6\u308a\u6642\u9593\" \/>\n\t<meta name=\"twitter:data1\" content=\"5\u5206\" \/>\n<!-- \/ Yoast SEO plugin. -->","yoast_head_json":{"title":"Uzy Bang King 12000 12K \u30d1\u30d5 23ml \u4f7f\u3044\u6368\u3066\u96fb\u5b50\u30bf\u30d0\u30b3 \u30aa\u30ea\u30b8\u30ca\u30eb - ShopVapor","description":"Uzy Bang King 12000 Puffs \u4f7f\u3044\u6368\u3066\u96fb\u5b50\u30bf\u30d0\u30b3\u300123 ml \u96fb\u5b50\u6db2\u4f53\u3001\u6700\u5927 12,000 \u5217\u8eca\u3001650 mAh \u306e\u5145\u96fb\u5f0f\u30d0\u30c3\u30c6\u30ea\u30fc (\u30bf\u30a4\u30d7 C)\u3001\u30e1\u30c3\u30b7\u30e5 \u30b3\u30a4\u30eb\u6280\u8853\u3001\u304a\u3088\u3073\u30cb\u30b3\u30c1\u30f3\u5f37\u5ea6 0 % \u304b\u3089 5 % \u307e\u3067\u3001\u3055\u307e\u3056\u307e\u306a\u30d5\u30ec\u30fc\u30d0\u30fc\u3067\u3001\u5f37\u529b\u3067\u9577\u6301\u3061\u3057\u307e\u3059\u3002","robots":{"index":"index","follow":"follow","max-snippet":"max-snippet:-1","max-image-preview":"max-image-preview:large","max-video-preview":"max-video-preview:-1"},"canonical":"https:\/\/shopvapor.de\/ja\/product\/uzy-bang-king-12000-12k-\u30d1\u30d5-23ml-\u4f7f\u3044\u6368\u3066-e-\u30bf\u30d0\u30b3-\u30aa\u30ea\u30b8\u30ca\u30eb\/","og_locale":"ja_JP","og_type":"article","og_title":"UZY Bang King 12000 12K Puffs 23ml Einweg-E-Zigaretten Original - ShopVapor","og_description":"UZY Bang King 12000 Puffs Einweg-E-Zigarette mit 23 ml E-Liquid, bis zu 12.000 Z\u00fcgen, 650 mAh wiederaufladbarem Akku (Typ-C), Mesh-Coil-Technologie und Nikotinst\u00e4rken von 0 % bis 5 %. Erh\u00e4ltlich in vielf\u00e4ltigen Geschmacksrichtungen f\u00fcr ein intensives und langlebiges Erlebnis.","og_url":"https:\/\/shopvapor.de\/ja\/product\/uzy-bang-king-12000-12k-\u30d1\u30d5-23ml-\u4f7f\u3044\u6368\u3066-e-\u30bf\u30d0\u30b3-\u30aa\u30ea\u30b8\u30ca\u30eb\/","og_site_name":"ShopVapor","article_modified_time":"2025-07-15T07:00:48+00:00","og_image":[{"width":1000,"height":1000,"url":"https:\/\/shopvapor.de\/wp-content\/uploads\/2025\/07\/uzy-bang-king-12000-12k-puffs-23ml-einweg-e-zigaretten-original.webp","type":"image\/webp"}],"twitter_card":"summary_large_image","twitter_misc":{"\u63a8\u5b9a\u8aad\u307f\u53d6\u308a\u6642\u9593":"5\u5206"},"schema":{"@context":"https:\/\/schema.org","@graph":[{"@type":"WebPage","@id":"https:\/\/shopvapor.de\/produkt\/uzy-bang-king-12000-12k-puffs-23ml-einweg-e-zigaretten-original\/","url":"https:\/\/shopvapor.de\/produkt\/uzy-bang-king-12000-12k-puffs-23ml-einweg-e-zigaretten-original\/","name":"Uzy Bang King 12000 12K \u30d1\u30d5 23ml \u4f7f\u3044\u6368\u3066\u96fb\u5b50\u30bf\u30d0\u30b3 \u30aa\u30ea\u30b8\u30ca\u30eb - ShopVapor","isPartOf":{"@id":"https:\/\/shopvapor.de\/#website"},"primaryImageOfPage":{"@id":"https:\/\/shopvapor.de\/produkt\/uzy-bang-king-12000-12k-puffs-23ml-einweg-e-zigaretten-original\/#primaryimage"},"image":{"@id":"https:\/\/shopvapor.de\/produkt\/uzy-bang-king-12000-12k-puffs-23ml-einweg-e-zigaretten-original\/#primaryimage"},"thumbnailUrl":"https:\/\/shopvapor.de\/wp-content\/uploads\/2025\/07\/uzy-bang-king-12000-12k-puffs-23ml-einweg-e-zigaretten-original.webp","datePublished":"2025-07-02T07:06:40+00:00","dateModified":"2025-07-15T07:00:48+00:00","description":"Uzy Bang King 12000 Puffs \u4f7f\u3044\u6368\u3066\u96fb\u5b50\u30bf\u30d0\u30b3\u300123 ml \u96fb\u5b50\u6db2\u4f53\u3001\u6700\u5927 12,000 \u5217\u8eca\u3001650 mAh \u306e\u5145\u96fb\u5f0f\u30d0\u30c3\u30c6\u30ea\u30fc (\u30bf\u30a4\u30d7 C)\u3001\u30e1\u30c3\u30b7\u30e5 \u30b3\u30a4\u30eb\u6280\u8853\u3001\u304a\u3088\u3073\u30cb\u30b3\u30c1\u30f3\u5f37\u5ea6 0 % \u304b\u3089 5 % \u307e\u3067\u3001\u3055\u307e\u3056\u307e\u306a\u30d5\u30ec\u30fc\u30d0\u30fc\u3067\u3001\u5f37\u529b\u3067\u9577\u6301\u3061\u3057\u307e\u3059\u3002","breadcrumb":{"@id":"https:\/\/shopvapor.de\/produkt\/uzy-bang-king-12000-12k-puffs-23ml-einweg-e-zigaretten-original\/#breadcrumb"},"inLanguage":"ja","potentialAction":[{"@type":"ReadAction","target":["https:\/\/shopvapor.de\/produkt\/uzy-bang-king-12000-12k-puffs-23ml-einweg-e-zigaretten-original\/"]}]},{"@type":"ImageObject","inLanguage":"ja","@id":"https:\/\/shopvapor.de\/produkt\/uzy-bang-king-12000-12k-puffs-23ml-einweg-e-zigaretten-original\/#primaryimage","url":"https:\/\/shopvapor.de\/wp-content\/uploads\/2025\/07\/uzy-bang-king-12000-12k-puffs-23ml-einweg-e-zigaretten-original.webp","contentUrl":"https:\/\/shopvapor.de\/wp-content\/uploads\/2025\/07\/uzy-bang-king-12000-12k-puffs-23ml-einweg-e-zigaretten-original.webp","width":1000,"height":1000},{"@type":"BreadcrumbList","@id":"https:\/\/shopvapor.de\/produkt\/uzy-bang-king-12000-12k-puffs-23ml-einweg-e-zigaretten-original\/#breadcrumb","itemListElement":[{"@type":"ListItem","position":1,"name":"Startseite","item":"https:\/\/shopvapor.de\/"},{"@type":"ListItem","position":2,"name":"Shop","item":"https:\/\/shopvapor.de\/shop\/"},{"@type":"ListItem","position":3,"name":"UZY Bang King 12000 12K Puffs 23ml Einweg-E-Zigaretten Original"}]},{"@type":"WebSite","@id":"https:\/\/shopvapor.de\/#website","url":"https:\/\/shopvapor.de\/","name":"\u30b7\u30e7\u30c3\u30d7\u30d9\u30fc\u30d1\u30fc","description":"","potentialAction":[{"@type":"SearchAction","target":{"@type":"EntryPoint","urlTemplate":"https:\/\/shopvapor.de\/?s={search_term_string}"},"query-input":{"@type":"PropertyValueSpecification","valueRequired":true,"valueName":"search_term_string"}}],"inLanguage":"ja"}]}},"_links":{"self":[{"href":"https:\/\/shopvapor.de\/ja\/wp-json\/wp\/v2\/product\/9976","targetHints":{"allow":["GET"]}}],"collection":[{"href":"https:\/\/shopvapor.de\/ja\/wp-json\/wp\/v2\/product"}],"about":[{"href":"https:\/\/shopvapor.de\/ja\/wp-json\/wp\/v2\/types\/product"}],"replies":[{"embeddable":true,"href":"https:\/\/shopvapor.de\/ja\/wp-json\/wp\/v2\/comments?post=9976"}],"version-history":[{"count":3,"href":"https:\/\/shopvapor.de\/ja\/wp-json\/wp\/v2\/product\/9976\/revisions"}],"predecessor-version":[{"id":11847,"href":"https:\/\/shopvapor.de\/ja\/wp-json\/wp\/v2\/product\/9976\/revisions\/11847"}],"wp:featuredmedia":[{"embeddable":true,"href":"https:\/\/shopvapor.de\/ja\/wp-json\/wp\/v2\/media\/9999"}],"wp:attachment":[{"href":"https:\/\/shopvapor.de\/ja\/wp-json\/wp\/v2\/media?parent=9976"}],"wp:term":[{"taxonomy":"product_brand","embeddable":true,"href":"https:\/\/shopvapor.de\/ja\/wp-json\/wp\/v2\/product_brand?post=9976"},{"taxonomy":"product_cat","embeddable":true,"href":"https:\/\/shopvapor.de\/ja\/wp-json\/wp\/v2\/product_cat?post=9976"},{"taxonomy":"product_tag","embeddable":true,"href":"https:\/\/shopvapor.de\/ja\/wp-json\/wp\/v2\/product_tag?post=9976"}],"curies":[{"name":"wp","href":"https:\/\/api.w.org\/{rel}","templated":true}]}}